{"id":64750,"date":"2026-03-10T12:25:13","date_gmt":"2026-03-10T12:25:13","guid":{"rendered":"https:\/\/strange-jennings.213-136-85-46.plesk.page\/product\/turron-jijona-pack-blanda-51\/"},"modified":"2026-04-01T23:20:51","modified_gmt":"2026-04-01T23:20:51","slug":"turron-jijona-pack-blanda-51","status":"publish","type":"product","link":"https:\/\/relaisgourmet.com\/es\/producto\/turron-jijona-pack-blanda-51\/","title":{"rendered":"Turron Jijona Pack (blanda) (5+1)"},"content":{"rendered":"<h2><strong>El turr\u00f3n blando de Jijona de Mar\u00eda Simona se elabora seg\u00fan la receta tradicional:<\/strong><\/h2>\n<p>Este pack contiene un total de 6 barras Turron Mou de Jijona Maria Simona, por un precio de solo 5.<\/p>\n<p>Peso neto: 900 g<\/p>\n<h3><strong>Periodo de retenci\u00f3n  <\/strong><\/h3>\n<p>M\u00ednimo 9 meses. Gu\u00e1rdalos en un lugar fresco y seco, alejado de la luz y la humedad. Una vez abierto, debe almacenarse en la nevera porque empieza a perder sus cualidades organol\u00e9pticas; despu\u00e9s de meterlo en la nevera, el turr\u00f3n de Jijona estar\u00e1 un poco m\u00e1s seco.  <\/p>\n<h3><strong>Ingredientes del Jijona Turron Pack  <\/strong><\/h3>\n<p>64% almendras tostadas, 12% miel, az\u00facar, jarabe de glucosa, clara de huevo y emulsionante: (E-471). Puede contener trazas de cacahuetes, s\u00e9samo y avellanas. <\/p>\n<p>Este producto es sin gluten, por lo que es adecuado para celiaqu\u00edas.<\/p>\n<p>El turri\u00f3n blando Mar\u00eda Simona Jijona tiene <a href=\"https:\/\/www.mapa.gob.es\/es\/alimentacion\/temas\/calidad-diferenciada\/dop-igp\/pana_paste\/IGP_TurronJiJona.aspx\">una denominaci\u00f3n de origen y est\u00e1 protegido por el Consejo Regulador de Jijona<\/a>.<\/p>\n<h3>El origen del turr\u00f3n de Jijona<\/h3>\n<p>Aunque nadie puede negar la estrecha relaci\u00f3n entre la ciudad de Alicante y esta delicatessen, originalmente fue la propia ciudad de Alicante la que produjo la mayor parte del turr\u00f3n espa\u00f1ol. La raz\u00f3n por la que este peque\u00f1o pueblo se ha convertido en una referencia mundial en la producci\u00f3n de turr\u00f3n es nada menos que una disputa legal. <\/p>\n<p>En la Espa\u00f1a del siglo XVII, el comercio estaba dominado por gremios, poderosas organizaciones con derechos exclusivos para otorgar t\u00edtulos y fabricar ciertos productos. Un zapatero solo pod\u00eda producir zapatos bajo la supervisi\u00f3n del gremio de zapateros, y un panadero no exist\u00eda sin la licencia del gremio de panaderos. <\/p>\n<p>En este extra\u00f1o ecosistema encontramos a los amos del turr\u00f3n. Los turroniers no eran especialistas en un gremio, sino agricultores que ganaban dinero extra vendiendo este manjar. Esto no agradaba al gremio de confiteros de Valencia, que consideraba que la miel y los productos azucarados eran su dominio. As\u00ed que presentaron una demanda contra los turroniers de Alicante.   <\/p>\n<p>El juicio comenz\u00f3 en 1665 y el litigio continu\u00f3 durante 6 a\u00f1os. En 1671, una decisi\u00f3n judicial permiti\u00f3 al Gremio Valenciano tomar el control de los turrones de Alicante, lo que provoc\u00f3 r\u00e1pidamente la desaparici\u00f3n de la industria de la ciudad. <\/p>\n<p>As\u00ed fue como los habitantes del peque\u00f1o pueblo de Sexona, ahora Jijona, tomaron el relevo de la capital. Lejos de la mirada y la influencia del gremio, los artesanos locales han logrado eludir la prohibici\u00f3n del az\u00facar y la miel, consolid\u00e1ndose como la patria del aut\u00e9ntico turr\u00f3n espa\u00f1ol. <\/p>\n<h3>Para ir m\u00e1s all\u00e1<\/h3>\n<p>Encuentra todos nuestros consejos de preparaci\u00f3n sobre  <a href=\"https:\/\/mariasimona.com\/\">Sitio web de Maria Simona<\/a><\/p>\n<p>No dudes en visitar nuestro blog para descubrir <a href=\"https:\/\/mariasimona.com\/recetas\/\">nuestras deliciosas recetas<\/a><\/p>\n<p>Y para el entrante, \u00bfpor qu\u00e9 no dejarte tentar <a href=\"https:\/\/epic-varahamihira.207-180-195-93.plesk.page\/\">por el delicioso Relais Gourmet Foies Gras <\/a>?<\/p>\n","protected":false},"excerpt":{"rendered":"<p><strong>Este pack contiene un total de 6 barras Turron Mou de Jijona Maria Simona, por un precio de solo 5.<\/strong><\/p>\n<p>El turr\u00f3n de jijona es un turr\u00f3n espa\u00f1ol blando hecho de almendras molidas. Es de color marr\u00f3n claro, tiene una textura suave y se desmorona con mucha facilidad. Es una deliciosa mezcla de almendras tostadas, az\u00facar, clara de huevo y miel.  <\/p>\n<p>El turr\u00f3n blando de Maria Simona se elabora seg\u00fan<a href=\"https:\/\/mariasimona.com\/comment-faire-les-turrons\/\"> la receta tradicional.<\/a><\/p>\n<p>Usamos solo ingredientes espa\u00f1oles premium.<\/p>\n<p>Nuestro turr\u00f3n tiene <a href=\"https:\/\/www.mapa.gob.es\/es\/alimentacion\/temas\/calidad-diferenciada\/dop-igp\/pana_paste\/IGP_TurronJiJona.aspx\">una designaci\u00f3n de origen y est\u00e1 protegido por el Consejo Regulador de Jijona<\/a>.<\/p>\n","protected":false},"featured_media":64753,"comment_status":"closed","ping_status":"closed","template":"","meta":{"_iconic_wsb_product_page_order_bump_ids":[],"_sku":["3080000338362"],"_iconic_wsb_product_page_bump_modal_ids":[]},"product_brand":[],"product_cat":[1666],"product_tag":[],"giftcard-category":[],"class_list":{"0":"post-64750","1":"product","2":"type-product","3":"status-publish","4":"has-post-thumbnail","6":"product_cat-turrones-espanoles","7":"product_shipping_class-estandar","9":"first","10":"instock","11":"taxable","12":"shipping-taxable","13":"purchasable","14":"product-type-simple"},"yoast_head":"<!-- This site is optimized with the Yoast SEO Premium plugin v27.3 (Yoast SEO v27.3) - https:\/\/yoast.com\/product\/yoast-seo-premium-wordpress\/ -->\n<title>Jijona Turron Pack (5+1 libre) | Relais Gourmet<\/title>\n<meta name=\"description\" content=\"Turron Jijona 5+1 Pack: Ahorra dinero disfrutando de esta t\u00edpica especialidad de derretir.\" \/>\n<meta name=\"robots\" content=\"index, follow, max-snippet:-1, max-image-preview:large, max-video-preview:-1\" \/>\n<link rel=\"canonical\" href=\"https:\/\/relaisgourmet.com\/es\/producto\/turron-jijona-pack-blanda-51\/\" \/>\n<meta property=\"og:locale\" content=\"es_ES\" \/>\n<meta property=\"og:type\" content=\"article\" \/>\n<meta property=\"og:title\" content=\"Turron Jijona Pack (blanda) (5+1)\" \/>\n<meta property=\"og:description\" content=\"Este pack contiene un total de 6 barras Turron Mou de Jijona Maria Simona, por un precio de solo 5. El turr\u00f3n de jijona es un turr\u00f3n espa\u00f1ol blando hecho de almendras molidas. Es de color marr\u00f3n claro, tiene una textura suave y se desmorona con mucha facilidad. Es una deliciosa mezcla de almendras tostadas, az\u00facar, clara de huevo y miel.  El turr\u00f3n blando de Maria Simona se elabora seg\u00fan la receta tradicional. Usamos solo ingredientes espa\u00f1oles premium. Nuestro turr\u00f3n tiene una designaci\u00f3n de origen y est\u00e1 protegido por el Consejo Regulador de Jijona.\" \/>\n<meta property=\"og:url\" content=\"https:\/\/relaisgourmet.com\/es\/producto\/turron-jijona-pack-blanda-51\/\" \/>\n<meta property=\"og:site_name\" content=\"Relais Gourmet\" \/>\n<meta property=\"article:publisher\" content=\"https:\/\/www.facebook.com\/relaisgourmet\/\" \/>\n<meta property=\"article:modified_time\" content=\"2026-04-01T23:20:51+00:00\" \/>\n<meta property=\"og:image\" content=\"https:\/\/relaisgourmet.com\/wp-content\/uploads\/2026\/03\/Pack-de-6-Jijona-pyramide-min.png\" \/>\n\t<meta property=\"og:image:width\" content=\"1000\" \/>\n\t<meta property=\"og:image:height\" content=\"1000\" \/>\n\t<meta property=\"og:image:type\" content=\"image\/png\" \/>\n<meta name=\"twitter:card\" content=\"summary_large_image\" \/>\n<meta name=\"twitter:site\" content=\"@relaisgourmet64\" \/>\n<meta name=\"twitter:label1\" content=\"Tiempo de lectura\" \/>\n\t<meta name=\"twitter:data1\" content=\"2 minuto\" \/>\n<script type=\"application\/ld+json\" class=\"yoast-schema-graph\">{\"@context\":\"https:\\\/\\\/schema.org\",\"@graph\":[{\"@type\":\"WebPage\",\"@id\":\"https:\\\/\\\/relaisgourmet.com\\\/es\\\/producto\\\/turron-jijona-pack-blanda-51\\\/\",\"url\":\"https:\\\/\\\/relaisgourmet.com\\\/es\\\/producto\\\/turron-jijona-pack-blanda-51\\\/\",\"name\":\"Jijona Turron Pack (5+1 libre) | Relais Gourmet\",\"isPartOf\":{\"@id\":\"https:\\\/\\\/relaisgourmet.com\\\/es\\\/#website\"},\"primaryImageOfPage\":{\"@id\":\"https:\\\/\\\/relaisgourmet.com\\\/es\\\/producto\\\/turron-jijona-pack-blanda-51\\\/#primaryimage\"},\"image\":{\"@id\":\"https:\\\/\\\/relaisgourmet.com\\\/es\\\/producto\\\/turron-jijona-pack-blanda-51\\\/#primaryimage\"},\"thumbnailUrl\":\"https:\\\/\\\/relaisgourmet.com\\\/wp-content\\\/uploads\\\/2026\\\/03\\\/Pack-de-6-Jijona-pyramide-min.png\",\"datePublished\":\"2026-03-10T12:25:13+00:00\",\"dateModified\":\"2026-04-01T23:20:51+00:00\",\"description\":\"Turron Jijona 5+1 Pack: Ahorra dinero disfrutando de esta t\u00edpica especialidad de derretir.\",\"breadcrumb\":{\"@id\":\"https:\\\/\\\/relaisgourmet.com\\\/es\\\/producto\\\/turron-jijona-pack-blanda-51\\\/#breadcrumb\"},\"inLanguage\":\"es\",\"potentialAction\":[{\"@type\":\"ReadAction\",\"target\":[\"https:\\\/\\\/relaisgourmet.com\\\/es\\\/producto\\\/turron-jijona-pack-blanda-51\\\/\"]}]},{\"@type\":\"ImageObject\",\"inLanguage\":\"es\",\"@id\":\"https:\\\/\\\/relaisgourmet.com\\\/es\\\/producto\\\/turron-jijona-pack-blanda-51\\\/#primaryimage\",\"url\":\"https:\\\/\\\/relaisgourmet.com\\\/wp-content\\\/uploads\\\/2026\\\/03\\\/Pack-de-6-Jijona-pyramide-min.png\",\"contentUrl\":\"https:\\\/\\\/relaisgourmet.com\\\/wp-content\\\/uploads\\\/2026\\\/03\\\/Pack-de-6-Jijona-pyramide-min.png\",\"width\":1000,\"height\":1000},{\"@type\":\"BreadcrumbList\",\"@id\":\"https:\\\/\\\/relaisgourmet.com\\\/es\\\/producto\\\/turron-jijona-pack-blanda-51\\\/#breadcrumb\",\"itemListElement\":[{\"@type\":\"ListItem\",\"position\":1,\"name\":\"Inicio\",\"item\":\"https:\\\/\\\/relaisgourmet.com\\\/es\\\/inicio\\\/\"},{\"@type\":\"ListItem\",\"position\":2,\"name\":\"Todos nuestros productos\",\"item\":\"https:\\\/\\\/relaisgourmet.com\\\/es\\\/tienda\\\/\"},{\"@type\":\"ListItem\",\"position\":3,\"name\":\"Turron Jijona Pack (blanda) (5+1)\"}]},{\"@type\":\"WebSite\",\"@id\":\"https:\\\/\\\/relaisgourmet.com\\\/es\\\/#website\",\"url\":\"https:\\\/\\\/relaisgourmet.com\\\/es\\\/\",\"name\":\"Relais Gourmet\",\"description\":\"Foie Gras 100% Fran\u00e7ais\",\"publisher\":{\"@id\":\"https:\\\/\\\/relaisgourmet.com\\\/es\\\/#organization\"},\"potentialAction\":[{\"@type\":\"SearchAction\",\"target\":{\"@type\":\"EntryPoint\",\"urlTemplate\":\"https:\\\/\\\/relaisgourmet.com\\\/es\\\/?s={search_term_string}\"},\"query-input\":{\"@type\":\"PropertyValueSpecification\",\"valueRequired\":true,\"valueName\":\"search_term_string\"}}],\"inLanguage\":\"es\"},{\"@type\":\"Organization\",\"@id\":\"https:\\\/\\\/relaisgourmet.com\\\/es\\\/#organization\",\"name\":\"Relais Gourmet\",\"url\":\"https:\\\/\\\/relaisgourmet.com\\\/es\\\/\",\"logo\":{\"@type\":\"ImageObject\",\"inLanguage\":\"es\",\"@id\":\"https:\\\/\\\/relaisgourmet.com\\\/es\\\/#\\\/schema\\\/logo\\\/image\\\/\",\"url\":\"https:\\\/\\\/relaisgourmet.com\\\/wp-content\\\/uploads\\\/2026\\\/03\\\/yoast-logo-2-relais-gourmet-.png\",\"contentUrl\":\"https:\\\/\\\/relaisgourmet.com\\\/wp-content\\\/uploads\\\/2026\\\/03\\\/yoast-logo-2-relais-gourmet-.png\",\"width\":1200,\"height\":675,\"caption\":\"Relais Gourmet\"},\"image\":{\"@id\":\"https:\\\/\\\/relaisgourmet.com\\\/es\\\/#\\\/schema\\\/logo\\\/image\\\/\"},\"sameAs\":[\"https:\\\/\\\/www.facebook.com\\\/relaisgourmet\\\/\",\"https:\\\/\\\/x.com\\\/relaisgourmet64\",\"https:\\\/\\\/www.instagram.com\\\/relaisgourmetofficiel\",\"https:\\\/\\\/www.pinterest.fr\\\/relaisgourmet\\\/\"],\"email\":\"yaqueche@relaisgourmet.com\",\"telephone\":\"+33 0 5 40 07 07 65\",\"legalName\":\"Relais Gourmet\",\"vatID\":\"FR13482415015\",\"taxID\":\"482415015\"}]}<\/script>\n<!-- \/ Yoast SEO Premium plugin. -->","yoast_head_json":{"title":"Jijona Turron Pack (5+1 libre) | Relais Gourmet","description":"Turron Jijona 5+1 Pack: Ahorra dinero disfrutando de esta t\u00edpica especialidad de derretir.","robots":{"index":"index","follow":"follow","max-snippet":"max-snippet:-1","max-image-preview":"max-image-preview:large","max-video-preview":"max-video-preview:-1"},"canonical":"https:\/\/relaisgourmet.com\/es\/producto\/turron-jijona-pack-blanda-51\/","og_locale":"es_ES","og_type":"article","og_title":"Turron Jijona Pack (blanda) (5+1)","og_description":"Este pack contiene un total de 6 barras Turron Mou de Jijona Maria Simona, por un precio de solo 5. El turr\u00f3n de jijona es un turr\u00f3n espa\u00f1ol blando hecho de almendras molidas. Es de color marr\u00f3n claro, tiene una textura suave y se desmorona con mucha facilidad. Es una deliciosa mezcla de almendras tostadas, az\u00facar, clara de huevo y miel.  El turr\u00f3n blando de Maria Simona se elabora seg\u00fan la receta tradicional. Usamos solo ingredientes espa\u00f1oles premium. Nuestro turr\u00f3n tiene una designaci\u00f3n de origen y est\u00e1 protegido por el Consejo Regulador de Jijona.","og_url":"https:\/\/relaisgourmet.com\/es\/producto\/turron-jijona-pack-blanda-51\/","og_site_name":"Relais Gourmet","article_publisher":"https:\/\/www.facebook.com\/relaisgourmet\/","article_modified_time":"2026-04-01T23:20:51+00:00","og_image":[{"width":1000,"height":1000,"url":"https:\/\/relaisgourmet.com\/wp-content\/uploads\/2026\/03\/Pack-de-6-Jijona-pyramide-min.png","type":"image\/png"}],"twitter_card":"summary_large_image","twitter_site":"@relaisgourmet64","twitter_misc":{"Tiempo de lectura":"2 minuto"},"schema":{"@context":"https:\/\/schema.org","@graph":[{"@type":"WebPage","@id":"https:\/\/relaisgourmet.com\/es\/producto\/turron-jijona-pack-blanda-51\/","url":"https:\/\/relaisgourmet.com\/es\/producto\/turron-jijona-pack-blanda-51\/","name":"Jijona Turron Pack (5+1 libre) | Relais Gourmet","isPartOf":{"@id":"https:\/\/relaisgourmet.com\/es\/#website"},"primaryImageOfPage":{"@id":"https:\/\/relaisgourmet.com\/es\/producto\/turron-jijona-pack-blanda-51\/#primaryimage"},"image":{"@id":"https:\/\/relaisgourmet.com\/es\/producto\/turron-jijona-pack-blanda-51\/#primaryimage"},"thumbnailUrl":"https:\/\/relaisgourmet.com\/wp-content\/uploads\/2026\/03\/Pack-de-6-Jijona-pyramide-min.png","datePublished":"2026-03-10T12:25:13+00:00","dateModified":"2026-04-01T23:20:51+00:00","description":"Turron Jijona 5+1 Pack: Ahorra dinero disfrutando de esta t\u00edpica especialidad de derretir.","breadcrumb":{"@id":"https:\/\/relaisgourmet.com\/es\/producto\/turron-jijona-pack-blanda-51\/#breadcrumb"},"inLanguage":"es","potentialAction":[{"@type":"ReadAction","target":["https:\/\/relaisgourmet.com\/es\/producto\/turron-jijona-pack-blanda-51\/"]}]},{"@type":"ImageObject","inLanguage":"es","@id":"https:\/\/relaisgourmet.com\/es\/producto\/turron-jijona-pack-blanda-51\/#primaryimage","url":"https:\/\/relaisgourmet.com\/wp-content\/uploads\/2026\/03\/Pack-de-6-Jijona-pyramide-min.png","contentUrl":"https:\/\/relaisgourmet.com\/wp-content\/uploads\/2026\/03\/Pack-de-6-Jijona-pyramide-min.png","width":1000,"height":1000},{"@type":"BreadcrumbList","@id":"https:\/\/relaisgourmet.com\/es\/producto\/turron-jijona-pack-blanda-51\/#breadcrumb","itemListElement":[{"@type":"ListItem","position":1,"name":"Inicio","item":"https:\/\/relaisgourmet.com\/es\/inicio\/"},{"@type":"ListItem","position":2,"name":"Todos nuestros productos","item":"https:\/\/relaisgourmet.com\/es\/tienda\/"},{"@type":"ListItem","position":3,"name":"Turron Jijona Pack (blanda) (5+1)"}]},{"@type":"WebSite","@id":"https:\/\/relaisgourmet.com\/es\/#website","url":"https:\/\/relaisgourmet.com\/es\/","name":"Relais Gourmet","description":"Foie Gras 100% Fran\u00e7ais","publisher":{"@id":"https:\/\/relaisgourmet.com\/es\/#organization"},"potentialAction":[{"@type":"SearchAction","target":{"@type":"EntryPoint","urlTemplate":"https:\/\/relaisgourmet.com\/es\/?s={search_term_string}"},"query-input":{"@type":"PropertyValueSpecification","valueRequired":true,"valueName":"search_term_string"}}],"inLanguage":"es"},{"@type":"Organization","@id":"https:\/\/relaisgourmet.com\/es\/#organization","name":"Relais Gourmet","url":"https:\/\/relaisgourmet.com\/es\/","logo":{"@type":"ImageObject","inLanguage":"es","@id":"https:\/\/relaisgourmet.com\/es\/#\/schema\/logo\/image\/","url":"https:\/\/relaisgourmet.com\/wp-content\/uploads\/2026\/03\/yoast-logo-2-relais-gourmet-.png","contentUrl":"https:\/\/relaisgourmet.com\/wp-content\/uploads\/2026\/03\/yoast-logo-2-relais-gourmet-.png","width":1200,"height":675,"caption":"Relais Gourmet"},"image":{"@id":"https:\/\/relaisgourmet.com\/es\/#\/schema\/logo\/image\/"},"sameAs":["https:\/\/www.facebook.com\/relaisgourmet\/","https:\/\/x.com\/relaisgourmet64","https:\/\/www.instagram.com\/relaisgourmetofficiel","https:\/\/www.pinterest.fr\/relaisgourmet\/"],"email":"yaqueche@relaisgourmet.com","telephone":"+33 0 5 40 07 07 65","legalName":"Relais Gourmet","vatID":"FR13482415015","taxID":"482415015"}]}},"_links":{"self":[{"href":"https:\/\/relaisgourmet.com\/es\/wp-json\/wp\/v2\/product\/64750","targetHints":{"allow":["GET"]}}],"collection":[{"href":"https:\/\/relaisgourmet.com\/es\/wp-json\/wp\/v2\/product"}],"about":[{"href":"https:\/\/relaisgourmet.com\/es\/wp-json\/wp\/v2\/types\/product"}],"replies":[{"embeddable":true,"href":"https:\/\/relaisgourmet.com\/es\/wp-json\/wp\/v2\/comments?post=64750"}],"wp:featuredmedia":[{"embeddable":true,"href":"https:\/\/relaisgourmet.com\/es\/wp-json\/wp\/v2\/media\/64753"}],"wp:attachment":[{"href":"https:\/\/relaisgourmet.com\/es\/wp-json\/wp\/v2\/media?parent=64750"}],"wp:term":[{"taxonomy":"product_brand","embeddable":true,"href":"https:\/\/relaisgourmet.com\/es\/wp-json\/wp\/v2\/product_brand?post=64750"},{"taxonomy":"product_cat","embeddable":true,"href":"https:\/\/relaisgourmet.com\/es\/wp-json\/wp\/v2\/product_cat?post=64750"},{"taxonomy":"product_tag","embeddable":true,"href":"https:\/\/relaisgourmet.com\/es\/wp-json\/wp\/v2\/product_tag?post=64750"},{"taxonomy":"giftcard-category","embeddable":true,"href":"https:\/\/relaisgourmet.com\/es\/wp-json\/wp\/v2\/giftcard-category?post=64750"}],"curies":[{"name":"wp","href":"https:\/\/api.w.org\/{rel}","templated":true}]}}