{"id":64732,"date":"2026-03-10T12:25:13","date_gmt":"2026-03-10T12:25:13","guid":{"rendered":"https:\/\/strange-jennings.213-136-85-46.plesk.page\/product\/caja-de-foie-gras-quintessence-y-pechuga-de-pato\/"},"modified":"2026-04-01T23:20:39","modified_gmt":"2026-04-01T23:20:39","slug":"caja-de-foie-gras-quintessence-y-pechuga-de-pato","status":"publish","type":"product","link":"https:\/\/relaisgourmet.com\/es\/producto\/caja-de-foie-gras-quintessence-y-pechuga-de-pato\/","title":{"rendered":"Caja de foie gras Quintessence y pechuga de pato"},"content":{"rendered":"<p data-start=\"190\" data-end=\"261\"><strong data-start=\"190\" data-end=\"259\">Descubre la Quintessence Box: una experiencia de sabor \u00fanica<\/strong><\/p>\n<p data-start=\"263\" data-end=\"602\">La <strong data-start=\"266\" data-end=\"288\">Quintessence Box<\/strong> es mucho m\u00e1s que una simple colecci\u00f3n: encarna la excelencia y el refinamiento a trav\u00e9s de tres opciones excepcionales. Ya sea para realzar una cena de aperitivo, acompa\u00f1ar una comida festiva o ofrecer un regalo sofisticado, esta selecci\u00f3n deleitar\u00e1 a los amantes de sabores aut\u00e9nticos y refinados. <\/p>\n<h3 data-start=\"604\" data-end=\"631\">Una caja excepcional<\/h3>\n<p data-start=\"632\" data-end=\"917\">\u00bfBuscas un regalo original para un amante de la comida? La <strong data-start=\"704\" data-end=\"726\">Quintessence Box<\/strong> es la idea perfecta. Presentado con elegancia, seduce a los amantes de productos excepcionales y es una opci\u00f3n prestigiosa para fiestas, cumplea\u00f1os o cualquier ocasi\u00f3n especial.  <\/p>\n<h3 data-start=\"919\" data-end=\"964\">Una quintaesencia de compartir y convivencia<\/h3>\n<p data-start=\"965\" data-end=\"1215\">No hay nada como un momento gourmet para reunir a tus seres queridos. La <strong data-start=\"1028\" data-end=\"1050\">Quintessence Box<\/strong> te permite crear momentos \u00fanicos alrededor de productos deliciosos. Imagina un aperitivo caliente, donde cada bocado revela sabores delicados y armoniosos.  <\/p>\n<h3 data-start=\"1217\" data-end=\"1247\">La composici\u00f3n del caso por excelencia<\/h3>\n<p data-start=\"1248\" data-end=\"1485\">En la <strong data-start=\"1256\" data-end=\"1278\">caja Quintessence<\/strong> encontrar\u00e1s tres preparaciones deliciosas que combinan foie gra y pechuga de pato ahumado (180 g). Esta mezcla sutil ofrece un equilibrio perfecto entre el derretimiento y el car\u00e1cter, ideal para realzar tus degustaciones. <\/p>\n<p data-start=\"1487\" data-end=\"1506\"><strong data-start=\"1487\" data-end=\"1502\">Ingredientes<\/strong> :<\/p>\n<ul data-start=\"1507\" data-end=\"1617\">\n<li data-start=\"1507\" data-end=\"1536\">Foie Gras de pato (20%)<\/li>\n<li data-start=\"1537\" data-end=\"1568\">Grasa y magra de pato<\/li>\n<li data-start=\"1569\" data-end=\"1588\">Grasa de cerdo<\/li>\n<li data-start=\"1589\" data-end=\"1617\">Huevo, leche, sal y especias<\/li>\n<\/ul>\n<p data-start=\"1619\" data-end=\"1735\">Libre de conservantes, colorantes y aditivos, la <strong data-start=\"1675\" data-end=\"1697\">Quintessence Box<\/strong> garantiza una calidad impecable.<\/p>\n<h3 data-start=\"1737\" data-end=\"1767\">Almacenamiento y asesoramiento<\/h3>\n<p data-start=\"1768\" data-end=\"1984\">Gracias a su larga vida \u00fatil (3 a\u00f1os a temperatura ambiente), puedes disfrutar de la <strong data-start=\"1864\" data-end=\"1886\">Quintessence Box<\/strong> en cualquier momento. Una vez abierto, se puede disfrutar en un plazo de 15 d\u00edas y guardarse en la nevera. <\/p>\n<p data-start=\"1986\" data-end=\"2159\">Encuentra nuestros consejos e ideas de cata en nuestro <a href=\"https:\/\/epic-varahamihira.207-180-195-93.plesk.page\/blog-foies-gras-actualite\/\">blog <\/a>y <a href=\"https:\/\/www.instagram.com\/relaisgourmetofficiel\/\">en nuestra p\u00e1gina de Instagram<\/a>. \u00a1Date un capricho especial con la <strong data-start=\"2115\" data-end=\"2137\">Caja Quintessence<\/strong> <a href=\"https:\/\/epic-varahamihira.207-180-195-93.plesk.page\/\">Gourmet de Relais<\/a> ! <\/p>\n","protected":false},"excerpt":{"rendered":"<p>Una exquisita combinaci\u00f3n de foie gras y pechuga de pato ahumada, ideal para aperitivos con amigos o familia y picnics inolvidables.<\/p>\n<p><img decoding=\"async\" class=\"emoji\" role=\"img\" src=\"https:\/\/s.w.org\/images\/core\/emoji\/15.0.3\/svg\/1f1eb-1f1f7.svg\" alt=\"\ud83c\uddeb\ud83c\uddf7\"> Producci\u00f3n 100% francesa<br \/>\n\u2714 garantizada. Garantizada sin conservantes, aditivos ni colorantes.<br \/>\n\ud83c\udf43 Patos alimentados con ma\u00edz amarillo<br \/>\n\ud83d\ude9a Env\u00edo r\u00e1pido en todo el mundo\ud83d\udd53<br \/>\n mantiene un pago<\/p>\n<p>seguro durante 3 a\u00f1os\ud83d\udd10<br \/>\n Peso neto: 540g (3&#215;180)<\/p>\n","protected":false},"featured_media":64734,"comment_status":"closed","ping_status":"closed","template":"","meta":{"_iconic_wsb_product_page_order_bump_ids":[],"_sku":["3060000338739"],"_iconic_wsb_product_page_bump_modal_ids":[]},"product_brand":[],"product_cat":[1664,1678],"product_tag":[1940,1952,1931,1665,1939,1933,1957,1958,1944,1942,1948],"giftcard-category":[],"class_list":{"0":"post-64732","1":"product","2":"type-product","3":"status-publish","4":"has-post-thumbnail","6":"product_cat-foie-gras","7":"product_cat-sets-de-regalo","8":"product_tag-buen-foie-gras","9":"product_tag-clasico","10":"product_tag-compra-foie-gras","11":"product_tag-fabricado-en-francia","12":"product_tag-foie-gras-con-armagnac","13":"product_tag-foie-gras-con-pimiento-espelette","14":"product_tag-foie-gras-simple","15":"product_tag-grqs-hepatica","16":"product_tag-manada","17":"product_tag-oferta","18":"product_tag-surtido","19":"product_shipping_class-estandar","21":"first","22":"instock","23":"taxable","24":"shipping-taxable","25":"purchasable","26":"product-type-simple"},"yoast_head":"<!-- This site is optimized with the Yoast SEO Premium plugin v27.3 (Yoast SEO v27.3) - https:\/\/yoast.com\/product\/yoast-seo-premium-wordpress\/ -->\n<title>La caja Quintessence: Foie Gras y pechuga de pato ahumada | Relais Gourmet<\/title>\n<meta name=\"description\" content=\"La Quintessence Box re\u00fane lo mejor de Relais Gourmet para una cata inolvidable.\" \/>\n<meta name=\"robots\" content=\"index, follow, max-snippet:-1, max-image-preview:large, max-video-preview:-1\" \/>\n<link rel=\"canonical\" href=\"https:\/\/relaisgourmet.com\/es\/producto\/caja-de-foie-gras-quintessence-y-pechuga-de-pato\/\" \/>\n<meta property=\"og:locale\" content=\"es_ES\" \/>\n<meta property=\"og:type\" content=\"article\" \/>\n<meta property=\"og:title\" content=\"Caja de foie gras Quintessence y pechuga de pato\" \/>\n<meta property=\"og:description\" content=\"Una exquisita combinaci\u00f3n de foie gras y pechuga de pato ahumada, ideal para aperitivos con amigos o familia y picnics inolvidables.  Producci\u00f3n 100% francesa \u2714 garantizada. Garantizada sin conservantes, aditivos ni colorantes. \ud83c\udf43 Patos alimentados con ma\u00edz amarillo \ud83d\ude9a Env\u00edo r\u00e1pido en todo el mundo\ud83d\udd53 mantiene un pago seguro durante 3 a\u00f1os\ud83d\udd10 Peso neto: 540g (3x180)\" \/>\n<meta property=\"og:url\" content=\"https:\/\/relaisgourmet.com\/es\/producto\/caja-de-foie-gras-quintessence-y-pechuga-de-pato\/\" \/>\n<meta property=\"og:site_name\" content=\"Relais Gourmet\" \/>\n<meta property=\"article:publisher\" content=\"https:\/\/www.facebook.com\/relaisgourmet\/\" \/>\n<meta property=\"article:modified_time\" content=\"2026-04-01T23:20:39+00:00\" \/>\n<meta property=\"og:image\" content=\"https:\/\/relaisgourmet.com\/wp-content\/uploads\/2026\/03\/Quintessence-x3.jpg\" \/>\n\t<meta property=\"og:image:width\" content=\"1583\" \/>\n\t<meta property=\"og:image:height\" content=\"1583\" \/>\n\t<meta property=\"og:image:type\" content=\"image\/jpeg\" \/>\n<meta name=\"twitter:card\" content=\"summary_large_image\" \/>\n<meta name=\"twitter:site\" content=\"@relaisgourmet64\" \/>\n<meta name=\"twitter:label1\" content=\"Tiempo de lectura\" \/>\n\t<meta name=\"twitter:data1\" content=\"1 minuto\" \/>\n<script type=\"application\/ld+json\" class=\"yoast-schema-graph\">{\"@context\":\"https:\\\/\\\/schema.org\",\"@graph\":[{\"@type\":\"WebPage\",\"@id\":\"https:\\\/\\\/relaisgourmet.com\\\/es\\\/producto\\\/caja-de-foie-gras-quintessence-y-pechuga-de-pato\\\/\",\"url\":\"https:\\\/\\\/relaisgourmet.com\\\/es\\\/producto\\\/caja-de-foie-gras-quintessence-y-pechuga-de-pato\\\/\",\"name\":\"La caja Quintessence: Foie Gras y pechuga de pato ahumada | Relais Gourmet\",\"isPartOf\":{\"@id\":\"https:\\\/\\\/relaisgourmet.com\\\/es\\\/#website\"},\"primaryImageOfPage\":{\"@id\":\"https:\\\/\\\/relaisgourmet.com\\\/es\\\/producto\\\/caja-de-foie-gras-quintessence-y-pechuga-de-pato\\\/#primaryimage\"},\"image\":{\"@id\":\"https:\\\/\\\/relaisgourmet.com\\\/es\\\/producto\\\/caja-de-foie-gras-quintessence-y-pechuga-de-pato\\\/#primaryimage\"},\"thumbnailUrl\":\"https:\\\/\\\/relaisgourmet.com\\\/wp-content\\\/uploads\\\/2026\\\/03\\\/Quintessence-x3.jpg\",\"datePublished\":\"2026-03-10T12:25:13+00:00\",\"dateModified\":\"2026-04-01T23:20:39+00:00\",\"description\":\"La Quintessence Box re\u00fane lo mejor de Relais Gourmet para una cata inolvidable.\",\"breadcrumb\":{\"@id\":\"https:\\\/\\\/relaisgourmet.com\\\/es\\\/producto\\\/caja-de-foie-gras-quintessence-y-pechuga-de-pato\\\/#breadcrumb\"},\"inLanguage\":\"es\",\"potentialAction\":[{\"@type\":\"ReadAction\",\"target\":[\"https:\\\/\\\/relaisgourmet.com\\\/es\\\/producto\\\/caja-de-foie-gras-quintessence-y-pechuga-de-pato\\\/\"]}]},{\"@type\":\"ImageObject\",\"inLanguage\":\"es\",\"@id\":\"https:\\\/\\\/relaisgourmet.com\\\/es\\\/producto\\\/caja-de-foie-gras-quintessence-y-pechuga-de-pato\\\/#primaryimage\",\"url\":\"https:\\\/\\\/relaisgourmet.com\\\/wp-content\\\/uploads\\\/2026\\\/03\\\/Quintessence-x3.jpg\",\"contentUrl\":\"https:\\\/\\\/relaisgourmet.com\\\/wp-content\\\/uploads\\\/2026\\\/03\\\/Quintessence-x3.jpg\",\"width\":1583,\"height\":1583},{\"@type\":\"BreadcrumbList\",\"@id\":\"https:\\\/\\\/relaisgourmet.com\\\/es\\\/producto\\\/caja-de-foie-gras-quintessence-y-pechuga-de-pato\\\/#breadcrumb\",\"itemListElement\":[{\"@type\":\"ListItem\",\"position\":1,\"name\":\"Inicio\",\"item\":\"https:\\\/\\\/relaisgourmet.com\\\/es\\\/inicio\\\/\"},{\"@type\":\"ListItem\",\"position\":2,\"name\":\"Todos nuestros productos\",\"item\":\"https:\\\/\\\/relaisgourmet.com\\\/es\\\/tienda\\\/\"},{\"@type\":\"ListItem\",\"position\":3,\"name\":\"Caja de foie gras Quintessence y pechuga de pato\"}]},{\"@type\":\"WebSite\",\"@id\":\"https:\\\/\\\/relaisgourmet.com\\\/es\\\/#website\",\"url\":\"https:\\\/\\\/relaisgourmet.com\\\/es\\\/\",\"name\":\"Relais Gourmet\",\"description\":\"Foie Gras 100% Fran\u00e7ais\",\"publisher\":{\"@id\":\"https:\\\/\\\/relaisgourmet.com\\\/es\\\/#organization\"},\"potentialAction\":[{\"@type\":\"SearchAction\",\"target\":{\"@type\":\"EntryPoint\",\"urlTemplate\":\"https:\\\/\\\/relaisgourmet.com\\\/es\\\/?s={search_term_string}\"},\"query-input\":{\"@type\":\"PropertyValueSpecification\",\"valueRequired\":true,\"valueName\":\"search_term_string\"}}],\"inLanguage\":\"es\"},{\"@type\":\"Organization\",\"@id\":\"https:\\\/\\\/relaisgourmet.com\\\/es\\\/#organization\",\"name\":\"Relais Gourmet\",\"url\":\"https:\\\/\\\/relaisgourmet.com\\\/es\\\/\",\"logo\":{\"@type\":\"ImageObject\",\"inLanguage\":\"es\",\"@id\":\"https:\\\/\\\/relaisgourmet.com\\\/es\\\/#\\\/schema\\\/logo\\\/image\\\/\",\"url\":\"https:\\\/\\\/relaisgourmet.com\\\/wp-content\\\/uploads\\\/2026\\\/03\\\/yoast-logo-2-relais-gourmet-.png\",\"contentUrl\":\"https:\\\/\\\/relaisgourmet.com\\\/wp-content\\\/uploads\\\/2026\\\/03\\\/yoast-logo-2-relais-gourmet-.png\",\"width\":1200,\"height\":675,\"caption\":\"Relais Gourmet\"},\"image\":{\"@id\":\"https:\\\/\\\/relaisgourmet.com\\\/es\\\/#\\\/schema\\\/logo\\\/image\\\/\"},\"sameAs\":[\"https:\\\/\\\/www.facebook.com\\\/relaisgourmet\\\/\",\"https:\\\/\\\/x.com\\\/relaisgourmet64\",\"https:\\\/\\\/www.instagram.com\\\/relaisgourmetofficiel\",\"https:\\\/\\\/www.pinterest.fr\\\/relaisgourmet\\\/\"],\"email\":\"yaqueche@relaisgourmet.com\",\"telephone\":\"+33 0 5 40 07 07 65\",\"legalName\":\"Relais Gourmet\",\"vatID\":\"FR13482415015\",\"taxID\":\"482415015\"}]}<\/script>\n<!-- \/ Yoast SEO Premium plugin. -->","yoast_head_json":{"title":"La caja Quintessence: Foie Gras y pechuga de pato ahumada | Relais Gourmet","description":"La Quintessence Box re\u00fane lo mejor de Relais Gourmet para una cata inolvidable.","robots":{"index":"index","follow":"follow","max-snippet":"max-snippet:-1","max-image-preview":"max-image-preview:large","max-video-preview":"max-video-preview:-1"},"canonical":"https:\/\/relaisgourmet.com\/es\/producto\/caja-de-foie-gras-quintessence-y-pechuga-de-pato\/","og_locale":"es_ES","og_type":"article","og_title":"Caja de foie gras Quintessence y pechuga de pato","og_description":"Una exquisita combinaci\u00f3n de foie gras y pechuga de pato ahumada, ideal para aperitivos con amigos o familia y picnics inolvidables.  Producci\u00f3n 100% francesa \u2714 garantizada. Garantizada sin conservantes, aditivos ni colorantes. \ud83c\udf43 Patos alimentados con ma\u00edz amarillo \ud83d\ude9a Env\u00edo r\u00e1pido en todo el mundo\ud83d\udd53 mantiene un pago seguro durante 3 a\u00f1os\ud83d\udd10 Peso neto: 540g (3x180)","og_url":"https:\/\/relaisgourmet.com\/es\/producto\/caja-de-foie-gras-quintessence-y-pechuga-de-pato\/","og_site_name":"Relais Gourmet","article_publisher":"https:\/\/www.facebook.com\/relaisgourmet\/","article_modified_time":"2026-04-01T23:20:39+00:00","og_image":[{"width":1583,"height":1583,"url":"https:\/\/relaisgourmet.com\/wp-content\/uploads\/2026\/03\/Quintessence-x3.jpg","type":"image\/jpeg"}],"twitter_card":"summary_large_image","twitter_site":"@relaisgourmet64","twitter_misc":{"Tiempo de lectura":"1 minuto"},"schema":{"@context":"https:\/\/schema.org","@graph":[{"@type":"WebPage","@id":"https:\/\/relaisgourmet.com\/es\/producto\/caja-de-foie-gras-quintessence-y-pechuga-de-pato\/","url":"https:\/\/relaisgourmet.com\/es\/producto\/caja-de-foie-gras-quintessence-y-pechuga-de-pato\/","name":"La caja Quintessence: Foie Gras y pechuga de pato ahumada | Relais Gourmet","isPartOf":{"@id":"https:\/\/relaisgourmet.com\/es\/#website"},"primaryImageOfPage":{"@id":"https:\/\/relaisgourmet.com\/es\/producto\/caja-de-foie-gras-quintessence-y-pechuga-de-pato\/#primaryimage"},"image":{"@id":"https:\/\/relaisgourmet.com\/es\/producto\/caja-de-foie-gras-quintessence-y-pechuga-de-pato\/#primaryimage"},"thumbnailUrl":"https:\/\/relaisgourmet.com\/wp-content\/uploads\/2026\/03\/Quintessence-x3.jpg","datePublished":"2026-03-10T12:25:13+00:00","dateModified":"2026-04-01T23:20:39+00:00","description":"La Quintessence Box re\u00fane lo mejor de Relais Gourmet para una cata inolvidable.","breadcrumb":{"@id":"https:\/\/relaisgourmet.com\/es\/producto\/caja-de-foie-gras-quintessence-y-pechuga-de-pato\/#breadcrumb"},"inLanguage":"es","potentialAction":[{"@type":"ReadAction","target":["https:\/\/relaisgourmet.com\/es\/producto\/caja-de-foie-gras-quintessence-y-pechuga-de-pato\/"]}]},{"@type":"ImageObject","inLanguage":"es","@id":"https:\/\/relaisgourmet.com\/es\/producto\/caja-de-foie-gras-quintessence-y-pechuga-de-pato\/#primaryimage","url":"https:\/\/relaisgourmet.com\/wp-content\/uploads\/2026\/03\/Quintessence-x3.jpg","contentUrl":"https:\/\/relaisgourmet.com\/wp-content\/uploads\/2026\/03\/Quintessence-x3.jpg","width":1583,"height":1583},{"@type":"BreadcrumbList","@id":"https:\/\/relaisgourmet.com\/es\/producto\/caja-de-foie-gras-quintessence-y-pechuga-de-pato\/#breadcrumb","itemListElement":[{"@type":"ListItem","position":1,"name":"Inicio","item":"https:\/\/relaisgourmet.com\/es\/inicio\/"},{"@type":"ListItem","position":2,"name":"Todos nuestros productos","item":"https:\/\/relaisgourmet.com\/es\/tienda\/"},{"@type":"ListItem","position":3,"name":"Caja de foie gras Quintessence y pechuga de pato"}]},{"@type":"WebSite","@id":"https:\/\/relaisgourmet.com\/es\/#website","url":"https:\/\/relaisgourmet.com\/es\/","name":"Relais Gourmet","description":"Foie Gras 100% Fran\u00e7ais","publisher":{"@id":"https:\/\/relaisgourmet.com\/es\/#organization"},"potentialAction":[{"@type":"SearchAction","target":{"@type":"EntryPoint","urlTemplate":"https:\/\/relaisgourmet.com\/es\/?s={search_term_string}"},"query-input":{"@type":"PropertyValueSpecification","valueRequired":true,"valueName":"search_term_string"}}],"inLanguage":"es"},{"@type":"Organization","@id":"https:\/\/relaisgourmet.com\/es\/#organization","name":"Relais Gourmet","url":"https:\/\/relaisgourmet.com\/es\/","logo":{"@type":"ImageObject","inLanguage":"es","@id":"https:\/\/relaisgourmet.com\/es\/#\/schema\/logo\/image\/","url":"https:\/\/relaisgourmet.com\/wp-content\/uploads\/2026\/03\/yoast-logo-2-relais-gourmet-.png","contentUrl":"https:\/\/relaisgourmet.com\/wp-content\/uploads\/2026\/03\/yoast-logo-2-relais-gourmet-.png","width":1200,"height":675,"caption":"Relais Gourmet"},"image":{"@id":"https:\/\/relaisgourmet.com\/es\/#\/schema\/logo\/image\/"},"sameAs":["https:\/\/www.facebook.com\/relaisgourmet\/","https:\/\/x.com\/relaisgourmet64","https:\/\/www.instagram.com\/relaisgourmetofficiel","https:\/\/www.pinterest.fr\/relaisgourmet\/"],"email":"yaqueche@relaisgourmet.com","telephone":"+33 0 5 40 07 07 65","legalName":"Relais Gourmet","vatID":"FR13482415015","taxID":"482415015"}]}},"_links":{"self":[{"href":"https:\/\/relaisgourmet.com\/es\/wp-json\/wp\/v2\/product\/64732","targetHints":{"allow":["GET"]}}],"collection":[{"href":"https:\/\/relaisgourmet.com\/es\/wp-json\/wp\/v2\/product"}],"about":[{"href":"https:\/\/relaisgourmet.com\/es\/wp-json\/wp\/v2\/types\/product"}],"replies":[{"embeddable":true,"href":"https:\/\/relaisgourmet.com\/es\/wp-json\/wp\/v2\/comments?post=64732"}],"wp:featuredmedia":[{"embeddable":true,"href":"https:\/\/relaisgourmet.com\/es\/wp-json\/wp\/v2\/media\/64734"}],"wp:attachment":[{"href":"https:\/\/relaisgourmet.com\/es\/wp-json\/wp\/v2\/media?parent=64732"}],"wp:term":[{"taxonomy":"product_brand","embeddable":true,"href":"https:\/\/relaisgourmet.com\/es\/wp-json\/wp\/v2\/product_brand?post=64732"},{"taxonomy":"product_cat","embeddable":true,"href":"https:\/\/relaisgourmet.com\/es\/wp-json\/wp\/v2\/product_cat?post=64732"},{"taxonomy":"product_tag","embeddable":true,"href":"https:\/\/relaisgourmet.com\/es\/wp-json\/wp\/v2\/product_tag?post=64732"},{"taxonomy":"giftcard-category","embeddable":true,"href":"https:\/\/relaisgourmet.com\/es\/wp-json\/wp\/v2\/giftcard-category?post=64732"}],"curies":[{"name":"wp","href":"https:\/\/api.w.org\/{rel}","templated":true}]}}