{"id":64697,"date":"2026-03-10T12:25:12","date_gmt":"2026-03-10T12:25:12","guid":{"rendered":"https:\/\/strange-jennings.213-136-85-46.plesk.page\/product\/paquete-de-descubrimiento-turron-51\/"},"modified":"2026-04-01T23:20:25","modified_gmt":"2026-04-01T23:20:25","slug":"paquete-de-descubrimiento-turron-51","status":"publish","type":"product","link":"https:\/\/relaisgourmet.com\/es\/producto\/paquete-de-descubrimiento-turron-51\/","title":{"rendered":"Paquete de Descubrimiento Turron (5+1)"},"content":{"rendered":"<h3>Turr\u00f3n Discovery Pack (6+1): \u00a1Nuestros 6 turr\u00f3ns cl\u00e1sicos y 1 gratis!<\/h3>\n<p><strong>Todas las tabletas de turr\u00f3n de este paquete son sin gluten y adecuadas para cel\u00edacos.<\/strong><\/p>\n<ul>\n<li>\n<h4>El Turr\u00f3n de Jijona<\/h4>\n<ul>\n<li><strong>Peso neto:<\/strong> 150gr<\/li>\n<li><strong>Vida \u00fatil:<\/strong> m\u00ednimo 9 meses. Gu\u00e1rdalos en un lugar fresco y seco, alejado de la luz y la humedad. Una vez abierto, debe mantenerse en la nevera porque empieza a perder sus cualidades organol\u00e9pticas; El turr\u00f3n de Jijona se seca un poco.  <\/li>\n<li><strong>Ingredientes:<\/strong> Almendras tostadas 64%, miel 12%, az\u00facar, jarabe de glucosa, clara de huevo y emulsionante: (E-471).<\/li>\n<li>Puede contener trazas de cacahuetes, s\u00e9samo y avellanas.<\/li>\n<\/ul>\n<\/li>\n<\/ul>\n<ul>\n<li>\n<h4>El Turr\u00f3n de Alicante<\/h4>\n<ul>\n<li><strong>Peso neto:<\/strong> 150gr<\/li>\n<li><strong>Vida \u00fatil: <\/strong>m\u00ednimo 9 meses. Una vez abierto, debe almacenarse en un lugar seco. <\/li>\n<li><strong>Ingredientes: <\/strong>Almendras tostadas 60%, az\u00facar, jarabe de glucosa, miel 12%, recubrimiento de oblea (almid\u00f3n de patata y aceite de girasol) as\u00ed como clara de huevo.<\/li>\n<li>Puede contener trazas de cacahuetes, s\u00e9samo y avellanas.<\/li>\n<\/ul>\n<\/li>\n<\/ul>\n<ul>\n<li>\n<h4>Turr\u00f3n de Cacahuete<\/h4>\n<ul>\n<li><strong>Peso neto<\/strong> : 200gr<\/li>\n<li><strong>Vida \u00fatil<\/strong> : m\u00ednimo 9 meses. Adem\u00e1s, una vez abierto, debe almacenarse en un lugar seco. <\/li>\n<li><strong>Ingredientes<\/strong> : Cacahuetes tostados 38%, az\u00facar, jarabe de glucosa, miel, obleas (almid\u00f3n de patata y aceite de girasol) y clara de huevo.<\/li>\n<li>Puede contener trazas de almendras, avellanas y s\u00e9samo.<\/li>\n<\/ul>\n<\/li>\n<\/ul>\n<ul>\n<li>\n<h4>Turr\u00f3n con crema catalana<\/h4>\n<ul>\n<li><strong>Peso neto<\/strong>: 200gr<\/li>\n<li><strong>Vida \u00fatil<\/strong> : m\u00ednimo 9 meses. Una vez abierto, debe almacenarse en un lugar seco. <\/li>\n<li><strong>Ingredientes<\/strong> : Az\u00facar, almendra, yema de huevo (7%), jarabe de glucosa y un conservante (E-200).<\/li>\n<li>Puede contener trazas de frutos secos y leche.<\/li>\n<\/ul>\n<\/li>\n<\/ul>\n<ul>\n<li>\n<h4>Turr\u00f3n con crema y nueces<\/h4>\n<ul>\n<li><strong>Peso neto:<\/strong> 200gr<\/li>\n<li><strong>Vida \u00fatil: <\/strong>m\u00ednimo 9 meses. Gu\u00e1rdalos en un lugar fresco y seco, alejado de la luz y la humedad. Una vez abierto, mantenlo en la nevera cuando empiece a perder sus cualidades organol\u00e9pticas.  <\/li>\n<li><strong>Ingredientes: <\/strong>Az\u00facar, almendras, nueces (7%), leche entera en polvo 5%, conservante (\u00e1cido sorb\u00edbico E-200) y aromatizante de nata. Puede contener restos de huevo. <\/li>\n<\/ul>\n<\/li>\n<\/ul>\n<ul>\n<li>\n<h4>La Guirlache Turr\u00f3n (con caramelo):<\/h4>\n<ul>\n<li>\n<ul>\n<li><strong>Peso neto:<\/strong> 200gr<\/li>\n<li><strong>Vida \u00fatil: <\/strong>m\u00ednimo 9 meses. Una vez abierto, gu\u00e1rdalo en un lugar seco. <\/li>\n<li><strong>Ingredientes:<\/strong> 60% almendras tostadas, az\u00facar, jarabe de glucosa, miel y obleas (almid\u00f3n de patata y aceite de girasol).<\/li>\n<li>Puede contener trazas de huevo, cacahuete, s\u00e9samo y avellana.<\/li>\n<\/ul>\n<\/li>\n<\/ul>\n<\/li>\n<\/ul>\n<p>El turr\u00f3n de Mar\u00eda Simona se elabora seg\u00fan<a href=\"https:\/\/mariasimona.com\/secrets-fabrication-turron-jijona\/\"> la receta tradicional <\/a>y, por tanto, solo usamos ingredientes espa\u00f1oles de primera calidad.<\/p>\n<p>Finalmente, nuestro turr\u00f3n tiene <a href=\"https:\/\/www.mapa.gob.es\/es\/alimentacion\/temas\/calidad-diferenciada\/dop-igp\/pana_paste\/IGP_TurronJiJona.aspx\">una designaci\u00f3n de origen y est\u00e1 protegido por el Consejo Regulador de Jijona<\/a>.<\/p>\n","protected":false},"excerpt":{"rendered":"<p>El turr\u00f3n de Jijona es un turr\u00f3n blando hecho de almendras molidas. Es marr\u00f3n claro, tiene una textura suave y se desmorona muy f\u00e1cilmente. Es una deliciosa mezcla de almendras tostadas, az\u00facar, clara de huevo y miel.  <\/p>\n<p>El turr\u00f3n de Alicante es conocido como un turr\u00f3n duro debido a su textura crujiente, debido al tostado \u00fanico de las almendras y la mezcla de miel y clara de huevo. \u00a1Es un cl\u00e1sico! <\/p>\n<p>El Turron de Cacahuete y Miel es crujiente, con un sabor inimitable, muy apreciado por todos.<\/p>\n<p>El turr\u00f3n con yema de huevo a la parrilla se hace con almendras molidas y yema de huevo. Su color, aroma y sabor son los de la yema del huevo que participa en la elaboraci\u00f3n, cuidadosamente combinados con la almendra. <\/p>\n<p>El turr\u00f3n con nata y frutos secos es una de esas especialidades que todo el mundo adora. Con un sabor muy suave, es lo suficientemente dulce porque el amargor de los frutos secos contrasta con el az\u00facar y las almendras. Uno de los sabores m\u00e1s tradicionales que se han hecho durante d\u00e9cadas.  <\/p>\n<p>La guirlache es una delicatessen tradicional t\u00edpica de la gastronom\u00eda espa\u00f1ola preparada con almendras y caramelo solidificado. Una textura crujiente de almendras y caramelo que se derrite en la boca. Un verdadero \u00e9xito para los gourmets de la casa.  <\/p>\n<p>Receta tradicional.<\/p>\n<p>Calidad superior.<\/p>\n","protected":false},"featured_media":64707,"comment_status":"closed","ping_status":"closed","template":"","meta":{"_iconic_wsb_product_page_order_bump_ids":[],"_sku":["3250000337997"],"_iconic_wsb_product_page_bump_modal_ids":[]},"product_brand":[],"product_cat":[1666],"product_tag":[2137,2213,2214,2215,2139,2217,2209,1944,2210,2216,2218,2219,2220,2211,2882,2212,2136],"giftcard-category":[],"class_list":{"0":"post-64697","1":"product","2":"type-product","3":"status-publish","4":"has-post-thumbnail","6":"product_cat-turrones-espanoles","7":"product_tag-alicante","8":"product_tag-cacahuete","9":"product_tag-caramelo","10":"product_tag-crema","11":"product_tag-duro","12":"product_tag-guirlache","13":"product_tag-jijona","14":"product_tag-manada","15":"product_tag-maria-simona","16":"product_tag-nata-catalana","17":"product_tag-nuts","18":"product_tag-paquete-clasico","19":"product_tag-paquete-de-descubrimiento","20":"product_tag-suave","21":"product_tag-turron-3","22":"product_tag-turron-2","23":"product_tag-turron","24":"product_shipping_class-estandar","26":"first","27":"instock","28":"taxable","29":"shipping-taxable","30":"purchasable","31":"product-type-simple"},"yoast_head":"<!-- This site is optimized with the Yoast SEO Premium plugin v27.3 (Yoast SEO v27.3) - https:\/\/yoast.com\/product\/yoast-seo-premium-wordpress\/ -->\n<title>Paquete Gourmet Discovery Turron (6+1) | Relais Gourmet<\/title>\n<meta name=\"description\" content=\"Turron 6+1 Discovery Pack: ideal para explorar sabores espa\u00f1oles.\" \/>\n<meta name=\"robots\" content=\"index, follow, max-snippet:-1, max-image-preview:large, max-video-preview:-1\" \/>\n<link rel=\"canonical\" href=\"https:\/\/relaisgourmet.com\/es\/producto\/paquete-de-descubrimiento-turron-51\/\" \/>\n<meta property=\"og:locale\" content=\"es_ES\" \/>\n<meta property=\"og:type\" content=\"article\" \/>\n<meta property=\"og:title\" content=\"Paquete de Descubrimiento Turron (5+1)\" \/>\n<meta property=\"og:description\" content=\"El turr\u00f3n de Jijona es un turr\u00f3n blando hecho de almendras molidas. Es marr\u00f3n claro, tiene una textura suave y se desmorona muy f\u00e1cilmente. Es una deliciosa mezcla de almendras tostadas, az\u00facar, clara de huevo y miel.  El turr\u00f3n de Alicante es conocido como un turr\u00f3n duro debido a su textura crujiente, debido al tostado \u00fanico de las almendras y la mezcla de miel y clara de huevo. \u00a1Es un cl\u00e1sico!  El Turron de Cacahuete y Miel es crujiente, con un sabor inimitable, muy apreciado por todos. El turr\u00f3n con yema de huevo a la parrilla se hace con almendras molidas y yema de huevo. Su color, aroma y sabor son los de la yema del huevo que participa en la elaboraci\u00f3n, cuidadosamente combinados con la almendra.  El turr\u00f3n con nata y frutos secos es una de esas especialidades que todo el mundo adora. Con un sabor muy suave, es lo suficientemente dulce porque el amargor de los frutos secos contrasta con el az\u00facar y las almendras. Uno de los sabores m\u00e1s tradicionales que se han hecho durante d\u00e9cadas.  La guirlache es una delicatessen tradicional t\u00edpica de la gastronom\u00eda espa\u00f1ola preparada con almendras y caramelo solidificado. Una textura crujiente de almendras y caramelo que se derrite en la boca. Un verdadero \u00e9xito para los gourmets de la casa.  Receta tradicional. Calidad superior.\" \/>\n<meta property=\"og:url\" content=\"https:\/\/relaisgourmet.com\/es\/producto\/paquete-de-descubrimiento-turron-51\/\" \/>\n<meta property=\"og:site_name\" content=\"Relais Gourmet\" \/>\n<meta property=\"article:publisher\" content=\"https:\/\/www.facebook.com\/relaisgourmet\/\" \/>\n<meta property=\"article:modified_time\" content=\"2026-04-01T23:20:25+00:00\" \/>\n<meta property=\"og:image\" content=\"https:\/\/relaisgourmet.com\/wp-content\/uploads\/2026\/03\/Pack-de-6-pyramide-1.png\" \/>\n\t<meta property=\"og:image:width\" content=\"2000\" \/>\n\t<meta property=\"og:image:height\" content=\"2000\" \/>\n\t<meta property=\"og:image:type\" content=\"image\/png\" \/>\n<meta name=\"twitter:card\" content=\"summary_large_image\" \/>\n<meta name=\"twitter:site\" content=\"@relaisgourmet64\" \/>\n<meta name=\"twitter:label1\" content=\"Tiempo de lectura\" \/>\n\t<meta name=\"twitter:data1\" content=\"2 minuto\" \/>\n<script type=\"application\/ld+json\" class=\"yoast-schema-graph\">{\"@context\":\"https:\\\/\\\/schema.org\",\"@graph\":[{\"@type\":\"WebPage\",\"@id\":\"https:\\\/\\\/relaisgourmet.com\\\/es\\\/producto\\\/paquete-de-descubrimiento-turron-51\\\/\",\"url\":\"https:\\\/\\\/relaisgourmet.com\\\/es\\\/producto\\\/paquete-de-descubrimiento-turron-51\\\/\",\"name\":\"Paquete Gourmet Discovery Turron (6+1) | Relais Gourmet\",\"isPartOf\":{\"@id\":\"https:\\\/\\\/relaisgourmet.com\\\/es\\\/#website\"},\"primaryImageOfPage\":{\"@id\":\"https:\\\/\\\/relaisgourmet.com\\\/es\\\/producto\\\/paquete-de-descubrimiento-turron-51\\\/#primaryimage\"},\"image\":{\"@id\":\"https:\\\/\\\/relaisgourmet.com\\\/es\\\/producto\\\/paquete-de-descubrimiento-turron-51\\\/#primaryimage\"},\"thumbnailUrl\":\"https:\\\/\\\/relaisgourmet.com\\\/wp-content\\\/uploads\\\/2026\\\/03\\\/Pack-de-6-pyramide-1.png\",\"datePublished\":\"2026-03-10T12:25:12+00:00\",\"dateModified\":\"2026-04-01T23:20:25+00:00\",\"description\":\"Turron 6+1 Discovery Pack: ideal para explorar sabores espa\u00f1oles.\",\"breadcrumb\":{\"@id\":\"https:\\\/\\\/relaisgourmet.com\\\/es\\\/producto\\\/paquete-de-descubrimiento-turron-51\\\/#breadcrumb\"},\"inLanguage\":\"es\",\"potentialAction\":[{\"@type\":\"ReadAction\",\"target\":[\"https:\\\/\\\/relaisgourmet.com\\\/es\\\/producto\\\/paquete-de-descubrimiento-turron-51\\\/\"]}]},{\"@type\":\"ImageObject\",\"inLanguage\":\"es\",\"@id\":\"https:\\\/\\\/relaisgourmet.com\\\/es\\\/producto\\\/paquete-de-descubrimiento-turron-51\\\/#primaryimage\",\"url\":\"https:\\\/\\\/relaisgourmet.com\\\/wp-content\\\/uploads\\\/2026\\\/03\\\/Pack-de-6-pyramide-1.png\",\"contentUrl\":\"https:\\\/\\\/relaisgourmet.com\\\/wp-content\\\/uploads\\\/2026\\\/03\\\/Pack-de-6-pyramide-1.png\",\"width\":2000,\"height\":2000},{\"@type\":\"BreadcrumbList\",\"@id\":\"https:\\\/\\\/relaisgourmet.com\\\/es\\\/producto\\\/paquete-de-descubrimiento-turron-51\\\/#breadcrumb\",\"itemListElement\":[{\"@type\":\"ListItem\",\"position\":1,\"name\":\"Inicio\",\"item\":\"https:\\\/\\\/relaisgourmet.com\\\/es\\\/inicio\\\/\"},{\"@type\":\"ListItem\",\"position\":2,\"name\":\"Todos nuestros productos\",\"item\":\"https:\\\/\\\/relaisgourmet.com\\\/es\\\/tienda\\\/\"},{\"@type\":\"ListItem\",\"position\":3,\"name\":\"Paquete de Descubrimiento Turron (5+1)\"}]},{\"@type\":\"WebSite\",\"@id\":\"https:\\\/\\\/relaisgourmet.com\\\/es\\\/#website\",\"url\":\"https:\\\/\\\/relaisgourmet.com\\\/es\\\/\",\"name\":\"Relais Gourmet\",\"description\":\"Foie Gras 100% Fran\u00e7ais\",\"publisher\":{\"@id\":\"https:\\\/\\\/relaisgourmet.com\\\/es\\\/#organization\"},\"potentialAction\":[{\"@type\":\"SearchAction\",\"target\":{\"@type\":\"EntryPoint\",\"urlTemplate\":\"https:\\\/\\\/relaisgourmet.com\\\/es\\\/?s={search_term_string}\"},\"query-input\":{\"@type\":\"PropertyValueSpecification\",\"valueRequired\":true,\"valueName\":\"search_term_string\"}}],\"inLanguage\":\"es\"},{\"@type\":\"Organization\",\"@id\":\"https:\\\/\\\/relaisgourmet.com\\\/es\\\/#organization\",\"name\":\"Relais Gourmet\",\"url\":\"https:\\\/\\\/relaisgourmet.com\\\/es\\\/\",\"logo\":{\"@type\":\"ImageObject\",\"inLanguage\":\"es\",\"@id\":\"https:\\\/\\\/relaisgourmet.com\\\/es\\\/#\\\/schema\\\/logo\\\/image\\\/\",\"url\":\"https:\\\/\\\/relaisgourmet.com\\\/wp-content\\\/uploads\\\/2026\\\/03\\\/yoast-logo-2-relais-gourmet-.png\",\"contentUrl\":\"https:\\\/\\\/relaisgourmet.com\\\/wp-content\\\/uploads\\\/2026\\\/03\\\/yoast-logo-2-relais-gourmet-.png\",\"width\":1200,\"height\":675,\"caption\":\"Relais Gourmet\"},\"image\":{\"@id\":\"https:\\\/\\\/relaisgourmet.com\\\/es\\\/#\\\/schema\\\/logo\\\/image\\\/\"},\"sameAs\":[\"https:\\\/\\\/www.facebook.com\\\/relaisgourmet\\\/\",\"https:\\\/\\\/x.com\\\/relaisgourmet64\",\"https:\\\/\\\/www.instagram.com\\\/relaisgourmetofficiel\",\"https:\\\/\\\/www.pinterest.fr\\\/relaisgourmet\\\/\"],\"email\":\"yaqueche@relaisgourmet.com\",\"telephone\":\"+33 0 5 40 07 07 65\",\"legalName\":\"Relais Gourmet\",\"vatID\":\"FR13482415015\",\"taxID\":\"482415015\"}]}<\/script>\n<!-- \/ Yoast SEO Premium plugin. -->","yoast_head_json":{"title":"Paquete Gourmet Discovery Turron (6+1) | Relais Gourmet","description":"Turron 6+1 Discovery Pack: ideal para explorar sabores espa\u00f1oles.","robots":{"index":"index","follow":"follow","max-snippet":"max-snippet:-1","max-image-preview":"max-image-preview:large","max-video-preview":"max-video-preview:-1"},"canonical":"https:\/\/relaisgourmet.com\/es\/producto\/paquete-de-descubrimiento-turron-51\/","og_locale":"es_ES","og_type":"article","og_title":"Paquete de Descubrimiento Turron (5+1)","og_description":"El turr\u00f3n de Jijona es un turr\u00f3n blando hecho de almendras molidas. Es marr\u00f3n claro, tiene una textura suave y se desmorona muy f\u00e1cilmente. Es una deliciosa mezcla de almendras tostadas, az\u00facar, clara de huevo y miel.  El turr\u00f3n de Alicante es conocido como un turr\u00f3n duro debido a su textura crujiente, debido al tostado \u00fanico de las almendras y la mezcla de miel y clara de huevo. \u00a1Es un cl\u00e1sico!  El Turron de Cacahuete y Miel es crujiente, con un sabor inimitable, muy apreciado por todos. El turr\u00f3n con yema de huevo a la parrilla se hace con almendras molidas y yema de huevo. Su color, aroma y sabor son los de la yema del huevo que participa en la elaboraci\u00f3n, cuidadosamente combinados con la almendra.  El turr\u00f3n con nata y frutos secos es una de esas especialidades que todo el mundo adora. Con un sabor muy suave, es lo suficientemente dulce porque el amargor de los frutos secos contrasta con el az\u00facar y las almendras. Uno de los sabores m\u00e1s tradicionales que se han hecho durante d\u00e9cadas.  La guirlache es una delicatessen tradicional t\u00edpica de la gastronom\u00eda espa\u00f1ola preparada con almendras y caramelo solidificado. Una textura crujiente de almendras y caramelo que se derrite en la boca. Un verdadero \u00e9xito para los gourmets de la casa.  Receta tradicional. Calidad superior.","og_url":"https:\/\/relaisgourmet.com\/es\/producto\/paquete-de-descubrimiento-turron-51\/","og_site_name":"Relais Gourmet","article_publisher":"https:\/\/www.facebook.com\/relaisgourmet\/","article_modified_time":"2026-04-01T23:20:25+00:00","og_image":[{"width":2000,"height":2000,"url":"https:\/\/relaisgourmet.com\/wp-content\/uploads\/2026\/03\/Pack-de-6-pyramide-1.png","type":"image\/png"}],"twitter_card":"summary_large_image","twitter_site":"@relaisgourmet64","twitter_misc":{"Tiempo de lectura":"2 minuto"},"schema":{"@context":"https:\/\/schema.org","@graph":[{"@type":"WebPage","@id":"https:\/\/relaisgourmet.com\/es\/producto\/paquete-de-descubrimiento-turron-51\/","url":"https:\/\/relaisgourmet.com\/es\/producto\/paquete-de-descubrimiento-turron-51\/","name":"Paquete Gourmet Discovery Turron (6+1) | Relais Gourmet","isPartOf":{"@id":"https:\/\/relaisgourmet.com\/es\/#website"},"primaryImageOfPage":{"@id":"https:\/\/relaisgourmet.com\/es\/producto\/paquete-de-descubrimiento-turron-51\/#primaryimage"},"image":{"@id":"https:\/\/relaisgourmet.com\/es\/producto\/paquete-de-descubrimiento-turron-51\/#primaryimage"},"thumbnailUrl":"https:\/\/relaisgourmet.com\/wp-content\/uploads\/2026\/03\/Pack-de-6-pyramide-1.png","datePublished":"2026-03-10T12:25:12+00:00","dateModified":"2026-04-01T23:20:25+00:00","description":"Turron 6+1 Discovery Pack: ideal para explorar sabores espa\u00f1oles.","breadcrumb":{"@id":"https:\/\/relaisgourmet.com\/es\/producto\/paquete-de-descubrimiento-turron-51\/#breadcrumb"},"inLanguage":"es","potentialAction":[{"@type":"ReadAction","target":["https:\/\/relaisgourmet.com\/es\/producto\/paquete-de-descubrimiento-turron-51\/"]}]},{"@type":"ImageObject","inLanguage":"es","@id":"https:\/\/relaisgourmet.com\/es\/producto\/paquete-de-descubrimiento-turron-51\/#primaryimage","url":"https:\/\/relaisgourmet.com\/wp-content\/uploads\/2026\/03\/Pack-de-6-pyramide-1.png","contentUrl":"https:\/\/relaisgourmet.com\/wp-content\/uploads\/2026\/03\/Pack-de-6-pyramide-1.png","width":2000,"height":2000},{"@type":"BreadcrumbList","@id":"https:\/\/relaisgourmet.com\/es\/producto\/paquete-de-descubrimiento-turron-51\/#breadcrumb","itemListElement":[{"@type":"ListItem","position":1,"name":"Inicio","item":"https:\/\/relaisgourmet.com\/es\/inicio\/"},{"@type":"ListItem","position":2,"name":"Todos nuestros productos","item":"https:\/\/relaisgourmet.com\/es\/tienda\/"},{"@type":"ListItem","position":3,"name":"Paquete de Descubrimiento Turron (5+1)"}]},{"@type":"WebSite","@id":"https:\/\/relaisgourmet.com\/es\/#website","url":"https:\/\/relaisgourmet.com\/es\/","name":"Relais Gourmet","description":"Foie Gras 100% Fran\u00e7ais","publisher":{"@id":"https:\/\/relaisgourmet.com\/es\/#organization"},"potentialAction":[{"@type":"SearchAction","target":{"@type":"EntryPoint","urlTemplate":"https:\/\/relaisgourmet.com\/es\/?s={search_term_string}"},"query-input":{"@type":"PropertyValueSpecification","valueRequired":true,"valueName":"search_term_string"}}],"inLanguage":"es"},{"@type":"Organization","@id":"https:\/\/relaisgourmet.com\/es\/#organization","name":"Relais Gourmet","url":"https:\/\/relaisgourmet.com\/es\/","logo":{"@type":"ImageObject","inLanguage":"es","@id":"https:\/\/relaisgourmet.com\/es\/#\/schema\/logo\/image\/","url":"https:\/\/relaisgourmet.com\/wp-content\/uploads\/2026\/03\/yoast-logo-2-relais-gourmet-.png","contentUrl":"https:\/\/relaisgourmet.com\/wp-content\/uploads\/2026\/03\/yoast-logo-2-relais-gourmet-.png","width":1200,"height":675,"caption":"Relais Gourmet"},"image":{"@id":"https:\/\/relaisgourmet.com\/es\/#\/schema\/logo\/image\/"},"sameAs":["https:\/\/www.facebook.com\/relaisgourmet\/","https:\/\/x.com\/relaisgourmet64","https:\/\/www.instagram.com\/relaisgourmetofficiel","https:\/\/www.pinterest.fr\/relaisgourmet\/"],"email":"yaqueche@relaisgourmet.com","telephone":"+33 0 5 40 07 07 65","legalName":"Relais Gourmet","vatID":"FR13482415015","taxID":"482415015"}]}},"_links":{"self":[{"href":"https:\/\/relaisgourmet.com\/es\/wp-json\/wp\/v2\/product\/64697","targetHints":{"allow":["GET"]}}],"collection":[{"href":"https:\/\/relaisgourmet.com\/es\/wp-json\/wp\/v2\/product"}],"about":[{"href":"https:\/\/relaisgourmet.com\/es\/wp-json\/wp\/v2\/types\/product"}],"replies":[{"embeddable":true,"href":"https:\/\/relaisgourmet.com\/es\/wp-json\/wp\/v2\/comments?post=64697"}],"wp:featuredmedia":[{"embeddable":true,"href":"https:\/\/relaisgourmet.com\/es\/wp-json\/wp\/v2\/media\/64707"}],"wp:attachment":[{"href":"https:\/\/relaisgourmet.com\/es\/wp-json\/wp\/v2\/media?parent=64697"}],"wp:term":[{"taxonomy":"product_brand","embeddable":true,"href":"https:\/\/relaisgourmet.com\/es\/wp-json\/wp\/v2\/product_brand?post=64697"},{"taxonomy":"product_cat","embeddable":true,"href":"https:\/\/relaisgourmet.com\/es\/wp-json\/wp\/v2\/product_cat?post=64697"},{"taxonomy":"product_tag","embeddable":true,"href":"https:\/\/relaisgourmet.com\/es\/wp-json\/wp\/v2\/product_tag?post=64697"},{"taxonomy":"giftcard-category","embeddable":true,"href":"https:\/\/relaisgourmet.com\/es\/wp-json\/wp\/v2\/giftcard-category?post=64697"}],"curies":[{"name":"wp","href":"https:\/\/api.w.org\/{rel}","templated":true}]}}