{"id":64679,"date":"2026-03-10T12:25:11","date_gmt":"2026-03-10T12:25:11","guid":{"rendered":"https:\/\/strange-jennings.213-136-85-46.plesk.page\/product\/turron-de-cacahuete-duro-extra\/"},"modified":"2026-04-01T23:20:26","modified_gmt":"2026-04-01T23:20:26","slug":"turron-de-cacahuete-duro-extra","status":"publish","type":"product","link":"https:\/\/relaisgourmet.com\/es\/producto\/turron-de-cacahuete-duro-extra\/","title":{"rendered":"Turr\u00f3n de cacahuete (Duro) Extra"},"content":{"rendered":"<p><strong>El Turr\u00f3n de Cacahuete de Mar\u00eda Simona se prepara seg\u00fan <a href=\"https:\/\/mariasimona.com\/secrets-fabrication-turron-jijona\/\">la receta tradicional<\/a><\/strong><strong style=\"font-size: 16px; font-style: normal;\"> :<\/strong><\/p>\n<ul>\n<li><strong>Peso neto:<\/strong> 200 g<\/li>\n<li><strong>Ingredientes: <\/strong>Cacahuetes tostados 38%, az\u00facar, jarabe de glucosa, miel, obleas (almid\u00f3n de patata y aceite de girasol) y clara de huevo. Puede contener trazas de almendras, avellanas y s\u00e9samo. <\/li>\n<li><strong>Bodega: <\/strong>m\u00ednimo 9 meses. Una vez abierto, gu\u00e1rdalos en un lugar fresco, seco y oscuro, alejado de la luz y la humedad, ya sea en su embalaje original, o envueltos en papel de aluminio o film transparente, y luego en una caja herm\u00e9tica. A menudo cometemos el error de guardar el turr\u00f3n en la nevera, lo que solo altera sus propiedades organol\u00e9pticas, as\u00ed como su aroma y textura.  <\/li>\n<\/ul>\n<p><strong>Este producto es sin gluten, por lo que es adecuado para celiaqu\u00edas.<\/strong><\/p>\n<h2>La historia del \u00ab<em>Cacau<\/em>\u00bb de Valencia<\/h2>\n<p>Originaria de Am\u00e9rica, los registros hist\u00f3ricos parecen indicar que el cacahuete fue introducido en Europa en Valencia. El \u00ab<em>cacau<\/em>\u00ab, como se le llama en Valencia, apareci\u00f3 en la regi\u00f3n por Don Francisco Fabi\u00e1n y Tuero, arzobispo de la di\u00f3cesis de Valencia. Esta historia ocurri\u00f3 a mediados del siglo XVIII, pero no fue hasta principios del siglo siguiente cuando el cacahuete empez\u00f3 a usarse como ingrediente, m\u00e1s all\u00e1 de su consumo individual.  <\/p>\n<p>Las hect\u00e1reas de la regi\u00f3n dedicadas a este cultivo disminuyeron dr\u00e1sticamente durante el siglo XX. De hecho, esta fuerte ca\u00edda se explica por un aumento masivo en la importaci\u00f3n de nueces. Aunque Espa\u00f1a ahora produce menos de 200 toneladas de cacahuetes al a\u00f1o, lo cual dista mucho de los millones de toneladas producidas en pa\u00edses como China e India, los cacahuetes de Valencia se consideran de alta calidad.  <\/p>\n<p>Por tanto, no es de extra\u00f1ar que Valencia haya sido una de las l\u00edderes en la producci\u00f3n de turr\u00f3n de cacahuete.<\/p>\n<h3>Para ir m\u00e1s all\u00e1:<\/h3>\n<p>Encuentra todos nuestros consejos de preparaci\u00f3n en <a href=\"https:\/\/mariasimona.com\/\">la web de Maria Simona<\/a>.<\/p>\n<p>No dudes en visitar nuestro blog para descubrir <a href=\"https:\/\/mariasimona.com\/recetas\/\">nuestras deliciosas recetas<\/a> .<\/p>\n<p>Por \u00faltimo, para acompa\u00f1ar este Turr\u00f3n, \u00bfpor qu\u00e9 no dejarte tentar <a href=\"https:\/\/epic-varahamihira.207-180-195-93.plesk.page\/\">por el delicioso Foie Gras Gourmet de Relais <\/a>?<\/p>\n","protected":false},"excerpt":{"rendered":"<p>El turr\u00f3n de cacahuete y miel es crujiente, con un sabor inimitable, muy apreciado por todos.<\/p>\n<p>El turr\u00f3n de cacahuete de Mar\u00eda Simona se elabora seg\u00fan <a href=\"https:\/\/mariasimona.com\/comment-faire-les-turrons\/\">la receta tradicional<\/a>.<\/p>\n<p>Usamos solo ingredientes espa\u00f1oles de la m\u00e1s alta calidad.<\/p>\n","protected":false},"featured_media":64681,"comment_status":"closed","ping_status":"closed","template":"","meta":{"_iconic_wsb_product_page_order_bump_ids":[],"_sku":["3370000337909"],"_iconic_wsb_product_page_bump_modal_ids":[]},"product_brand":[],"product_cat":[1666],"product_tag":[],"giftcard-category":[],"class_list":{"0":"post-64679","1":"product","2":"type-product","3":"status-publish","4":"has-post-thumbnail","6":"product_cat-turrones-espanoles","7":"product_shipping_class-estandar","9":"first","10":"instock","11":"taxable","12":"shipping-taxable","13":"purchasable","14":"product-type-simple"},"yoast_head":"<!-- This site is optimized with the Yoast SEO Premium plugin v27.3 (Yoast SEO v27.3) - https:\/\/yoast.com\/product\/yoast-seo-premium-wordpress\/ -->\n<title>Turr\u00f3n Artesano de Cacahuete | Relais Gourmet<\/title>\n<meta name=\"description\" content=\"Turr\u00f3n de cacahuete: un placer crujiente, perfecto para acompa\u00f1ar caf\u00e9 o postre.\" \/>\n<meta name=\"robots\" content=\"index, follow, max-snippet:-1, max-image-preview:large, max-video-preview:-1\" \/>\n<link rel=\"canonical\" href=\"https:\/\/relaisgourmet.com\/es\/producto\/turron-de-cacahuete-duro-extra\/\" \/>\n<meta property=\"og:locale\" content=\"es_ES\" \/>\n<meta property=\"og:type\" content=\"article\" \/>\n<meta property=\"og:title\" content=\"Turr\u00f3n de cacahuete (Duro) Extra\" \/>\n<meta property=\"og:description\" content=\"El turr\u00f3n de cacahuete y miel es crujiente, con un sabor inimitable, muy apreciado por todos. El turr\u00f3n de cacahuete de Mar\u00eda Simona se elabora seg\u00fan la receta tradicional. Usamos solo ingredientes espa\u00f1oles de la m\u00e1s alta calidad.\" \/>\n<meta property=\"og:url\" content=\"https:\/\/relaisgourmet.com\/es\/producto\/turron-de-cacahuete-duro-extra\/\" \/>\n<meta property=\"og:site_name\" content=\"Relais Gourmet\" \/>\n<meta property=\"article:publisher\" content=\"https:\/\/www.facebook.com\/relaisgourmet\/\" \/>\n<meta property=\"article:modified_time\" content=\"2026-04-01T23:20:26+00:00\" \/>\n<meta property=\"og:image\" content=\"https:\/\/relaisgourmet.com\/wp-content\/uploads\/2026\/03\/Cacahuete-1.jpg\" \/>\n\t<meta property=\"og:image:width\" content=\"600\" \/>\n\t<meta property=\"og:image:height\" content=\"600\" \/>\n\t<meta property=\"og:image:type\" content=\"image\/jpeg\" \/>\n<meta name=\"twitter:card\" content=\"summary_large_image\" \/>\n<meta name=\"twitter:site\" content=\"@relaisgourmet64\" \/>\n<meta name=\"twitter:label1\" content=\"Tiempo de lectura\" \/>\n\t<meta name=\"twitter:data1\" content=\"2 minuto\" \/>\n<script type=\"application\/ld+json\" class=\"yoast-schema-graph\">{\"@context\":\"https:\\\/\\\/schema.org\",\"@graph\":[{\"@type\":\"WebPage\",\"@id\":\"https:\\\/\\\/relaisgourmet.com\\\/es\\\/producto\\\/turron-de-cacahuete-duro-extra\\\/\",\"url\":\"https:\\\/\\\/relaisgourmet.com\\\/es\\\/producto\\\/turron-de-cacahuete-duro-extra\\\/\",\"name\":\"Turr\u00f3n Artesano de Cacahuete | Relais Gourmet\",\"isPartOf\":{\"@id\":\"https:\\\/\\\/relaisgourmet.com\\\/es\\\/#website\"},\"primaryImageOfPage\":{\"@id\":\"https:\\\/\\\/relaisgourmet.com\\\/es\\\/producto\\\/turron-de-cacahuete-duro-extra\\\/#primaryimage\"},\"image\":{\"@id\":\"https:\\\/\\\/relaisgourmet.com\\\/es\\\/producto\\\/turron-de-cacahuete-duro-extra\\\/#primaryimage\"},\"thumbnailUrl\":\"https:\\\/\\\/relaisgourmet.com\\\/wp-content\\\/uploads\\\/2026\\\/03\\\/Cacahuete-1.jpg\",\"datePublished\":\"2026-03-10T12:25:11+00:00\",\"dateModified\":\"2026-04-01T23:20:26+00:00\",\"description\":\"Turr\u00f3n de cacahuete: un placer crujiente, perfecto para acompa\u00f1ar caf\u00e9 o postre.\",\"breadcrumb\":{\"@id\":\"https:\\\/\\\/relaisgourmet.com\\\/es\\\/producto\\\/turron-de-cacahuete-duro-extra\\\/#breadcrumb\"},\"inLanguage\":\"es\",\"potentialAction\":[{\"@type\":\"ReadAction\",\"target\":[\"https:\\\/\\\/relaisgourmet.com\\\/es\\\/producto\\\/turron-de-cacahuete-duro-extra\\\/\"]}]},{\"@type\":\"ImageObject\",\"inLanguage\":\"es\",\"@id\":\"https:\\\/\\\/relaisgourmet.com\\\/es\\\/producto\\\/turron-de-cacahuete-duro-extra\\\/#primaryimage\",\"url\":\"https:\\\/\\\/relaisgourmet.com\\\/wp-content\\\/uploads\\\/2026\\\/03\\\/Cacahuete-1.jpg\",\"contentUrl\":\"https:\\\/\\\/relaisgourmet.com\\\/wp-content\\\/uploads\\\/2026\\\/03\\\/Cacahuete-1.jpg\",\"width\":600,\"height\":600},{\"@type\":\"BreadcrumbList\",\"@id\":\"https:\\\/\\\/relaisgourmet.com\\\/es\\\/producto\\\/turron-de-cacahuete-duro-extra\\\/#breadcrumb\",\"itemListElement\":[{\"@type\":\"ListItem\",\"position\":1,\"name\":\"Inicio\",\"item\":\"https:\\\/\\\/relaisgourmet.com\\\/es\\\/inicio\\\/\"},{\"@type\":\"ListItem\",\"position\":2,\"name\":\"Todos nuestros productos\",\"item\":\"https:\\\/\\\/relaisgourmet.com\\\/es\\\/tienda\\\/\"},{\"@type\":\"ListItem\",\"position\":3,\"name\":\"Turr\u00f3n de cacahuete (Duro) Extra\"}]},{\"@type\":\"WebSite\",\"@id\":\"https:\\\/\\\/relaisgourmet.com\\\/es\\\/#website\",\"url\":\"https:\\\/\\\/relaisgourmet.com\\\/es\\\/\",\"name\":\"Relais Gourmet\",\"description\":\"Foie Gras 100% Fran\u00e7ais\",\"publisher\":{\"@id\":\"https:\\\/\\\/relaisgourmet.com\\\/es\\\/#organization\"},\"potentialAction\":[{\"@type\":\"SearchAction\",\"target\":{\"@type\":\"EntryPoint\",\"urlTemplate\":\"https:\\\/\\\/relaisgourmet.com\\\/es\\\/?s={search_term_string}\"},\"query-input\":{\"@type\":\"PropertyValueSpecification\",\"valueRequired\":true,\"valueName\":\"search_term_string\"}}],\"inLanguage\":\"es\"},{\"@type\":\"Organization\",\"@id\":\"https:\\\/\\\/relaisgourmet.com\\\/es\\\/#organization\",\"name\":\"Relais Gourmet\",\"url\":\"https:\\\/\\\/relaisgourmet.com\\\/es\\\/\",\"logo\":{\"@type\":\"ImageObject\",\"inLanguage\":\"es\",\"@id\":\"https:\\\/\\\/relaisgourmet.com\\\/es\\\/#\\\/schema\\\/logo\\\/image\\\/\",\"url\":\"https:\\\/\\\/relaisgourmet.com\\\/wp-content\\\/uploads\\\/2026\\\/03\\\/yoast-logo-2-relais-gourmet-.png\",\"contentUrl\":\"https:\\\/\\\/relaisgourmet.com\\\/wp-content\\\/uploads\\\/2026\\\/03\\\/yoast-logo-2-relais-gourmet-.png\",\"width\":1200,\"height\":675,\"caption\":\"Relais Gourmet\"},\"image\":{\"@id\":\"https:\\\/\\\/relaisgourmet.com\\\/es\\\/#\\\/schema\\\/logo\\\/image\\\/\"},\"sameAs\":[\"https:\\\/\\\/www.facebook.com\\\/relaisgourmet\\\/\",\"https:\\\/\\\/x.com\\\/relaisgourmet64\",\"https:\\\/\\\/www.instagram.com\\\/relaisgourmetofficiel\",\"https:\\\/\\\/www.pinterest.fr\\\/relaisgourmet\\\/\"],\"email\":\"yaqueche@relaisgourmet.com\",\"telephone\":\"+33 0 5 40 07 07 65\",\"legalName\":\"Relais Gourmet\",\"vatID\":\"FR13482415015\",\"taxID\":\"482415015\"}]}<\/script>\n<!-- \/ Yoast SEO Premium plugin. -->","yoast_head_json":{"title":"Turr\u00f3n Artesano de Cacahuete | Relais Gourmet","description":"Turr\u00f3n de cacahuete: un placer crujiente, perfecto para acompa\u00f1ar caf\u00e9 o postre.","robots":{"index":"index","follow":"follow","max-snippet":"max-snippet:-1","max-image-preview":"max-image-preview:large","max-video-preview":"max-video-preview:-1"},"canonical":"https:\/\/relaisgourmet.com\/es\/producto\/turron-de-cacahuete-duro-extra\/","og_locale":"es_ES","og_type":"article","og_title":"Turr\u00f3n de cacahuete (Duro) Extra","og_description":"El turr\u00f3n de cacahuete y miel es crujiente, con un sabor inimitable, muy apreciado por todos. El turr\u00f3n de cacahuete de Mar\u00eda Simona se elabora seg\u00fan la receta tradicional. Usamos solo ingredientes espa\u00f1oles de la m\u00e1s alta calidad.","og_url":"https:\/\/relaisgourmet.com\/es\/producto\/turron-de-cacahuete-duro-extra\/","og_site_name":"Relais Gourmet","article_publisher":"https:\/\/www.facebook.com\/relaisgourmet\/","article_modified_time":"2026-04-01T23:20:26+00:00","og_image":[{"width":600,"height":600,"url":"https:\/\/relaisgourmet.com\/wp-content\/uploads\/2026\/03\/Cacahuete-1.jpg","type":"image\/jpeg"}],"twitter_card":"summary_large_image","twitter_site":"@relaisgourmet64","twitter_misc":{"Tiempo de lectura":"2 minuto"},"schema":{"@context":"https:\/\/schema.org","@graph":[{"@type":"WebPage","@id":"https:\/\/relaisgourmet.com\/es\/producto\/turron-de-cacahuete-duro-extra\/","url":"https:\/\/relaisgourmet.com\/es\/producto\/turron-de-cacahuete-duro-extra\/","name":"Turr\u00f3n Artesano de Cacahuete | Relais Gourmet","isPartOf":{"@id":"https:\/\/relaisgourmet.com\/es\/#website"},"primaryImageOfPage":{"@id":"https:\/\/relaisgourmet.com\/es\/producto\/turron-de-cacahuete-duro-extra\/#primaryimage"},"image":{"@id":"https:\/\/relaisgourmet.com\/es\/producto\/turron-de-cacahuete-duro-extra\/#primaryimage"},"thumbnailUrl":"https:\/\/relaisgourmet.com\/wp-content\/uploads\/2026\/03\/Cacahuete-1.jpg","datePublished":"2026-03-10T12:25:11+00:00","dateModified":"2026-04-01T23:20:26+00:00","description":"Turr\u00f3n de cacahuete: un placer crujiente, perfecto para acompa\u00f1ar caf\u00e9 o postre.","breadcrumb":{"@id":"https:\/\/relaisgourmet.com\/es\/producto\/turron-de-cacahuete-duro-extra\/#breadcrumb"},"inLanguage":"es","potentialAction":[{"@type":"ReadAction","target":["https:\/\/relaisgourmet.com\/es\/producto\/turron-de-cacahuete-duro-extra\/"]}]},{"@type":"ImageObject","inLanguage":"es","@id":"https:\/\/relaisgourmet.com\/es\/producto\/turron-de-cacahuete-duro-extra\/#primaryimage","url":"https:\/\/relaisgourmet.com\/wp-content\/uploads\/2026\/03\/Cacahuete-1.jpg","contentUrl":"https:\/\/relaisgourmet.com\/wp-content\/uploads\/2026\/03\/Cacahuete-1.jpg","width":600,"height":600},{"@type":"BreadcrumbList","@id":"https:\/\/relaisgourmet.com\/es\/producto\/turron-de-cacahuete-duro-extra\/#breadcrumb","itemListElement":[{"@type":"ListItem","position":1,"name":"Inicio","item":"https:\/\/relaisgourmet.com\/es\/inicio\/"},{"@type":"ListItem","position":2,"name":"Todos nuestros productos","item":"https:\/\/relaisgourmet.com\/es\/tienda\/"},{"@type":"ListItem","position":3,"name":"Turr\u00f3n de cacahuete (Duro) Extra"}]},{"@type":"WebSite","@id":"https:\/\/relaisgourmet.com\/es\/#website","url":"https:\/\/relaisgourmet.com\/es\/","name":"Relais Gourmet","description":"Foie Gras 100% Fran\u00e7ais","publisher":{"@id":"https:\/\/relaisgourmet.com\/es\/#organization"},"potentialAction":[{"@type":"SearchAction","target":{"@type":"EntryPoint","urlTemplate":"https:\/\/relaisgourmet.com\/es\/?s={search_term_string}"},"query-input":{"@type":"PropertyValueSpecification","valueRequired":true,"valueName":"search_term_string"}}],"inLanguage":"es"},{"@type":"Organization","@id":"https:\/\/relaisgourmet.com\/es\/#organization","name":"Relais Gourmet","url":"https:\/\/relaisgourmet.com\/es\/","logo":{"@type":"ImageObject","inLanguage":"es","@id":"https:\/\/relaisgourmet.com\/es\/#\/schema\/logo\/image\/","url":"https:\/\/relaisgourmet.com\/wp-content\/uploads\/2026\/03\/yoast-logo-2-relais-gourmet-.png","contentUrl":"https:\/\/relaisgourmet.com\/wp-content\/uploads\/2026\/03\/yoast-logo-2-relais-gourmet-.png","width":1200,"height":675,"caption":"Relais Gourmet"},"image":{"@id":"https:\/\/relaisgourmet.com\/es\/#\/schema\/logo\/image\/"},"sameAs":["https:\/\/www.facebook.com\/relaisgourmet\/","https:\/\/x.com\/relaisgourmet64","https:\/\/www.instagram.com\/relaisgourmetofficiel","https:\/\/www.pinterest.fr\/relaisgourmet\/"],"email":"yaqueche@relaisgourmet.com","telephone":"+33 0 5 40 07 07 65","legalName":"Relais Gourmet","vatID":"FR13482415015","taxID":"482415015"}]}},"_links":{"self":[{"href":"https:\/\/relaisgourmet.com\/es\/wp-json\/wp\/v2\/product\/64679","targetHints":{"allow":["GET"]}}],"collection":[{"href":"https:\/\/relaisgourmet.com\/es\/wp-json\/wp\/v2\/product"}],"about":[{"href":"https:\/\/relaisgourmet.com\/es\/wp-json\/wp\/v2\/types\/product"}],"replies":[{"embeddable":true,"href":"https:\/\/relaisgourmet.com\/es\/wp-json\/wp\/v2\/comments?post=64679"}],"wp:featuredmedia":[{"embeddable":true,"href":"https:\/\/relaisgourmet.com\/es\/wp-json\/wp\/v2\/media\/64681"}],"wp:attachment":[{"href":"https:\/\/relaisgourmet.com\/es\/wp-json\/wp\/v2\/media?parent=64679"}],"wp:term":[{"taxonomy":"product_brand","embeddable":true,"href":"https:\/\/relaisgourmet.com\/es\/wp-json\/wp\/v2\/product_brand?post=64679"},{"taxonomy":"product_cat","embeddable":true,"href":"https:\/\/relaisgourmet.com\/es\/wp-json\/wp\/v2\/product_cat?post=64679"},{"taxonomy":"product_tag","embeddable":true,"href":"https:\/\/relaisgourmet.com\/es\/wp-json\/wp\/v2\/product_tag?post=64679"},{"taxonomy":"giftcard-category","embeddable":true,"href":"https:\/\/relaisgourmet.com\/es\/wp-json\/wp\/v2\/giftcard-category?post=64679"}],"curies":[{"name":"wp","href":"https:\/\/api.w.org\/{rel}","templated":true}]}}