{"id":64243,"date":"2026-03-10T12:27:00","date_gmt":"2026-03-10T12:27:00","guid":{"rendered":"https:\/\/strange-jennings.213-136-85-46.plesk.page\/product\/sal-fina-especiada-con-pimienta-espelette-pdo\/"},"modified":"2026-04-01T22:30:19","modified_gmt":"2026-04-01T22:30:19","slug":"sal-fina-especiada-con-pimienta-espelette-pdo","status":"publish","type":"product","link":"https:\/\/relaisgourmet.com\/es\/producto\/sal-fina-especiada-con-pimienta-espelette-pdo\/","title":{"rendered":"Sal fina especiada con pimienta Espelette PDO"},"content":{"rendered":"<p class=\"\" data-start=\"225\" data-end=\"429\">Sum\u00e9rgete en el coraz\u00f3n del Pa\u00eds Vasco con nuestra <strong data-start=\"267\" data-end=\"306\">Sal Fina Picante con Pimienta Espelette<\/strong>, una creaci\u00f3n sutil que combina la riqueza de la sal marina con el calor suave y fragante de la famosa POF de pimientos Espelette.<\/p>\n<p class=\"\" data-start=\"431\" data-end=\"669\">Este condimento \u00fanico aporta un <strong data-start=\"463\" data-end=\"487\">toque finamente especiado<\/strong> a todas tus preparaciones, para realzar los sabores sin ocultarlos. Ideal para los amantes de la cocina aut\u00e9ntica y generosa, pronto se convertir\u00e1 en un imprescindible en tu mesa. <\/p>\n<h3 data-start=\"671\" data-end=\"811\">Composici\u00f3n:<\/h3>\n<p class=\"\" data-start=\"671\" data-end=\"811\">En Relais Gourmet, honramos los <strong data-start=\"721\" data-end=\"750\">sabores del terroir vasco<\/strong> y seleccionamos ingredientes de calidad, sin concesiones. Nuestra Sal Picante consiste en: <\/p>\n<ul>\n<li data-start=\"671\" data-end=\"811\">Sal fina<\/li>\n<li data-start=\"671\" data-end=\"811\">PDO de pimiento espelette<\/li>\n<\/ul>\n<p><strong data-start=\"900\" data-end=\"913\">Peso neto<\/strong> : 80 g (2,82 oz)<\/p>\n<p class=\"\" data-start=\"935\" data-end=\"1005\"><strong data-start=\"935\" data-end=\"951\">Almacenamiento<\/strong> : 12 meses en un lugar seco, alejado de la luz.<\/p>\n<p data-start=\"1012\" data-end=\"1040\"><strong>Instrucciones de uso: <\/strong>Espolvorea al final de la cocci\u00f3n o justo antes de servirlo para <strong data-start=\"1109\" data-end=\"1171\">realzar la carne, pescado, verduras, ensaladas o salsas<\/strong>. Su fragancia delicada y su picante medida despiertan las papilas gustativas con delicadeza. <\/p>\n<p data-start=\"1012\" data-end=\"1040\">Esta sal picante es <strong data-start=\"1279\" data-end=\"1352\">el regalo ideal para los amantes de la cocina del suroeste<\/strong> o simplemente para a\u00f1adir un toque c\u00e1lido y t\u00edpico a tu cocina diaria.<br data-start=\"1448\" data-end=\"1451\">\u00a1Adoptala y deja que la tradici\u00f3n vasca llegue a tu mesa!<\/p>\n<p>Por \u00faltimo, para acompa\u00f1ar esta sal, \u00bfpor qu\u00e9 no dejarte tentar por  <a href=\"https:\/\/epic-varahamihira.207-180-195-93.plesk.page\/\">el delicioso Relais Gourmet Foies Gras  <\/a>?<\/p>\n<article class=\"text-token-text-primary w-full\" dir=\"auto\" data-testid=\"conversation-turn-14\" data-scroll-anchor=\"true\">\n<div class=\"text-base my-auto mx-auto py-5 [--thread-content-margin:--spacing(4)] @[37rem]:[--thread-content-margin:--spacing(6)] @[70rem]:[--thread-content-margin:--spacing(12)] px-(--thread-content-margin)\">\n<div class=\"[--thread-content-max-width:32rem] @[34rem]:[--thread-content-max-width:40rem] @[64rem]:[--thread-content-max-width:48rem] mx-auto flex max-w-(--thread-content-max-width) flex-1 text-base gap-4 md:gap-5 lg:gap-6 group\/turn-messages focus-visible:outline-hidden\" tabindex=\"-1\">\n<div class=\"group\/conversation-turn relative flex w-full min-w-0 flex-col agent-turn\">\n<div class=\"relative flex-col gap-1 md:gap-3\">\n<div class=\"flex max-w-full flex-col grow\">\n<div class=\"min-h-8 text-message relative flex w-full flex-col items-end gap-2 text-start break-words whitespace-normal [.text-message+&amp;]:mt-5\" dir=\"auto\" data-message-author-role=\"assistant\" data-message-id=\"42d71592-9458-4f44-9fd8-ff33539cedb8\" data-message-model-slug=\"gpt-4o-mini\">\n<div class=\"flex w-full flex-col gap-1 empty:hidden first:pt-[3px]\">\n<div class=\"markdown prose dark:prose-invert w-full break-words light\">\n<article class=\"text-token-text-primary w-full\" dir=\"auto\" data-testid=\"conversation-turn-16\" data-scroll-anchor=\"true\">\n<div class=\"text-base my-auto mx-auto py-5 [--thread-content-margin:--spacing(4)] @[37rem]:[--thread-content-margin:--spacing(6)] @[70rem]:[--thread-content-margin:--spacing(12)] px-(--thread-content-margin)\">\n<div class=\"[--thread-content-max-width:32rem] @[34rem]:[--thread-content-max-width:40rem] @[64rem]:[--thread-content-max-width:48rem] mx-auto flex max-w-(--thread-content-max-width) flex-1 text-base gap-4 md:gap-5 lg:gap-6 group\/turn-messages focus-visible:outline-hidden\" tabindex=\"-1\">\n<div class=\"group\/conversation-turn relative flex w-full min-w-0 flex-col agent-turn\">\n<div class=\"relative flex-col gap-1 md:gap-3\">\n<div class=\"flex max-w-full flex-col grow\">\n<div class=\"min-h-8 text-message relative flex w-full flex-col items-end gap-2 text-start break-words whitespace-normal [.text-message+&amp;]:mt-5\" dir=\"auto\" data-message-author-role=\"assistant\" data-message-id=\"22dc5875-b044-4d41-b5f3-8328c90b6691\" data-message-model-slug=\"gpt-4o-mini\">\n<div class=\"flex w-full flex-col gap-1 empty:hidden first:pt-[3px]\">\n<div class=\"markdown prose dark:prose-invert w-full break-words light\">\n<p class=\"\" data-start=\"0\" data-end=\"110\">Para el postre, sucumbe <a href=\"https:\/\/mariasimona.com\/categorie-produit\/turrons-classiques\/\"><strong data-start=\"26\" data-end=\"54\">a las Turrones de Maria Simona<\/strong><\/a>, un manjar perfecto para terminar esta comida con estilo.<\/p>\n<\/div>\n<\/div>\n<\/div>\n<\/div>\n<\/div>\n<\/div>\n<\/div>\n<\/div>\n<\/article>\n<\/div>\n<\/div>\n<\/div>\n<\/div>\n<\/div>\n<\/div>\n<\/div>\n<\/div>\n<\/article>\n","protected":false},"excerpt":{"rendered":"<article class=\"text-token-text-primary w-full\" dir=\"auto\" data-testid=\"conversation-turn-6\" data-scroll-anchor=\"false\">\n<div class=\"text-base my-auto mx-auto py-5 [--thread-content-margin:--spacing(4)] @[37rem]:[--thread-content-margin:--spacing(6)] @[70rem]:[--thread-content-margin:--spacing(12)] px-(--thread-content-margin)\">\n<div class=\"[--thread-content-max-width:32rem] @[34rem]:[--thread-content-max-width:40rem] @[64rem]:[--thread-content-max-width:48rem] mx-auto flex max-w-(--thread-content-max-width) flex-1 text-base gap-4 md:gap-5 lg:gap-6 group\/turn-messages focus-visible:outline-hidden\" tabindex=\"-1\">\n<div class=\"group\/conversation-turn relative flex w-full min-w-0 flex-col agent-turn\">\n<div class=\"relative flex-col gap-1 md:gap-3\">\n<div class=\"flex max-w-full flex-col grow\">\n<div class=\"min-h-8 text-message relative flex w-full flex-col items-end gap-2 text-start break-words whitespace-normal [.text-message+&amp;]:mt-5\" dir=\"auto\" data-message-author-role=\"assistant\" data-message-id=\"68c9b9d1-1bcf-4ae5-8d85-a3948faa3963\" data-message-model-slug=\"gpt-4o\">\n<div class=\"flex w-full flex-col gap-1 empty:hidden first:pt-[3px]\">\n<div class=\"markdown prose dark:prose-invert w-full break-words light\">\n<p data-start=\"132\" data-end=\"223\"><strong>Descubre la fina sal especiada con pimienta espelette: un toque vasco lleno de car\u00e1cter<\/strong><\/p>\n<\/div>\n<\/div>\n<\/div>\n<\/div>\n<\/div>\n<\/div>\n<\/div>\n<\/div>\n<\/article>\n<p>\ud83c\udf3f Sal cosechada en las salinas de Gu\u00e9rande<br \/>\n\ud83c\udf36 Pimiento de Espelette DOP<br data-start=\"665\" data-end=\"668\">\ud83d\ude9a Entrega r\u00e1pida en todo el mundo<br \/>\n\ud83d\udd10 Pago seguro<\/p>\n<div class=\"woocommerce-product-details__short-description\">\n<p>Peso neto: 80g<\/p>\n<\/div>\n","protected":false},"featured_media":64203,"comment_status":"closed","ping_status":"closed","template":"","meta":{"_iconic_wsb_product_page_order_bump_ids":[],"_sku":["3110000346804-7-1-1-1"],"_iconic_wsb_product_page_bump_modal_ids":[]},"product_brand":[],"product_cat":[2160],"product_tag":[1665],"giftcard-category":[],"class_list":{"0":"post-64243","1":"product","2":"type-product","3":"status-publish","4":"has-post-thumbnail","6":"product_cat-especias-vascas","7":"product_tag-fabricado-en-francia","9":"first","10":"instock","11":"taxable","12":"shipping-taxable","13":"purchasable","14":"product-type-simple"},"yoast_head":"<!-- This site is optimized with the Yoast SEO Premium plugin v27.3 (Yoast SEO v27.3) - https:\/\/yoast.com\/product\/yoast-seo-premium-wordpress\/ -->\n<title>Sal fina especiada con pimienta Espelette PDO<\/title>\n<meta name=\"description\" content=\"Sal fina con pimiento Espelette PDO: da un toque picante a la carne, el pescado y las verduras con un toque sutilmente picante vasco. Peso neto: 80 g.\" \/>\n<meta name=\"robots\" content=\"index, follow, max-snippet:-1, max-image-preview:large, max-video-preview:-1\" \/>\n<link rel=\"canonical\" href=\"https:\/\/relaisgourmet.com\/es\/producto\/sal-fina-especiada-con-pimienta-espelette-pdo\/\" \/>\n<meta property=\"og:locale\" content=\"es_ES\" \/>\n<meta property=\"og:type\" content=\"article\" \/>\n<meta property=\"og:title\" content=\"Sal fina especiada con pimienta Espelette PDO\" \/>\n<meta property=\"og:description\" content=\"Descubre la fina sal especiada con pimienta espelette: un toque vasco lleno de car\u00e1cter     \ud83c\udf3f Sal cosechada en las salinas de Gu\u00e9rande \ud83c\udf36 Pimiento de Espelette DOP\ud83d\ude9a Entrega r\u00e1pida en todo el mundo \ud83d\udd10 Pago seguro  Peso neto: 80g\" \/>\n<meta property=\"og:url\" content=\"https:\/\/relaisgourmet.com\/es\/producto\/sal-fina-especiada-con-pimienta-espelette-pdo\/\" \/>\n<meta property=\"og:site_name\" content=\"Relais Gourmet\" \/>\n<meta property=\"article:publisher\" content=\"https:\/\/www.facebook.com\/relaisgourmet\/\" \/>\n<meta property=\"article:modified_time\" content=\"2026-04-01T22:30:19+00:00\" \/>\n<meta property=\"og:image\" content=\"https:\/\/relaisgourmet.com\/wp-content\/uploads\/2026\/03\/relais-gourmet-sel-orange-detoure-scaled-1.webp\" \/>\n\t<meta property=\"og:image:width\" content=\"1920\" \/>\n\t<meta property=\"og:image:height\" content=\"1280\" \/>\n\t<meta property=\"og:image:type\" content=\"image\/webp\" \/>\n<meta name=\"twitter:card\" content=\"summary_large_image\" \/>\n<meta name=\"twitter:site\" content=\"@relaisgourmet64\" \/>\n<meta name=\"twitter:label1\" content=\"Tiempo de lectura\" \/>\n\t<meta name=\"twitter:data1\" content=\"1 minuto\" \/>\n<script type=\"application\/ld+json\" class=\"yoast-schema-graph\">{\"@context\":\"https:\\\/\\\/schema.org\",\"@graph\":[{\"@type\":\"WebPage\",\"@id\":\"https:\\\/\\\/relaisgourmet.com\\\/es\\\/producto\\\/sal-fina-especiada-con-pimienta-espelette-pdo\\\/\",\"url\":\"https:\\\/\\\/relaisgourmet.com\\\/es\\\/producto\\\/sal-fina-especiada-con-pimienta-espelette-pdo\\\/\",\"name\":\"Sal fina especiada con pimienta Espelette PDO\",\"isPartOf\":{\"@id\":\"https:\\\/\\\/relaisgourmet.com\\\/es\\\/#website\"},\"primaryImageOfPage\":{\"@id\":\"https:\\\/\\\/relaisgourmet.com\\\/es\\\/producto\\\/sal-fina-especiada-con-pimienta-espelette-pdo\\\/#primaryimage\"},\"image\":{\"@id\":\"https:\\\/\\\/relaisgourmet.com\\\/es\\\/producto\\\/sal-fina-especiada-con-pimienta-espelette-pdo\\\/#primaryimage\"},\"thumbnailUrl\":\"https:\\\/\\\/relaisgourmet.com\\\/wp-content\\\/uploads\\\/2026\\\/03\\\/relais-gourmet-sel-orange-detoure-scaled-1.webp\",\"datePublished\":\"2026-03-10T12:27:00+00:00\",\"dateModified\":\"2026-04-01T22:30:19+00:00\",\"description\":\"Sal fina con pimiento Espelette PDO: da un toque picante a la carne, el pescado y las verduras con un toque sutilmente picante vasco. Peso neto: 80 g.\",\"breadcrumb\":{\"@id\":\"https:\\\/\\\/relaisgourmet.com\\\/es\\\/producto\\\/sal-fina-especiada-con-pimienta-espelette-pdo\\\/#breadcrumb\"},\"inLanguage\":\"es\",\"potentialAction\":[{\"@type\":\"ReadAction\",\"target\":[\"https:\\\/\\\/relaisgourmet.com\\\/es\\\/producto\\\/sal-fina-especiada-con-pimienta-espelette-pdo\\\/\"]}]},{\"@type\":\"ImageObject\",\"inLanguage\":\"es\",\"@id\":\"https:\\\/\\\/relaisgourmet.com\\\/es\\\/producto\\\/sal-fina-especiada-con-pimienta-espelette-pdo\\\/#primaryimage\",\"url\":\"https:\\\/\\\/relaisgourmet.com\\\/wp-content\\\/uploads\\\/2026\\\/03\\\/relais-gourmet-sel-orange-detoure-scaled-1.webp\",\"contentUrl\":\"https:\\\/\\\/relaisgourmet.com\\\/wp-content\\\/uploads\\\/2026\\\/03\\\/relais-gourmet-sel-orange-detoure-scaled-1.webp\",\"width\":1920,\"height\":1280},{\"@type\":\"BreadcrumbList\",\"@id\":\"https:\\\/\\\/relaisgourmet.com\\\/es\\\/producto\\\/sal-fina-especiada-con-pimienta-espelette-pdo\\\/#breadcrumb\",\"itemListElement\":[{\"@type\":\"ListItem\",\"position\":1,\"name\":\"Inicio\",\"item\":\"https:\\\/\\\/relaisgourmet.com\\\/es\\\/inicio\\\/\"},{\"@type\":\"ListItem\",\"position\":2,\"name\":\"Todos nuestros productos\",\"item\":\"https:\\\/\\\/relaisgourmet.com\\\/es\\\/tienda\\\/\"},{\"@type\":\"ListItem\",\"position\":3,\"name\":\"Sal fina especiada con pimienta Espelette PDO\"}]},{\"@type\":\"WebSite\",\"@id\":\"https:\\\/\\\/relaisgourmet.com\\\/es\\\/#website\",\"url\":\"https:\\\/\\\/relaisgourmet.com\\\/es\\\/\",\"name\":\"Relais Gourmet\",\"description\":\"Foie Gras 100% Fran\u00e7ais\",\"publisher\":{\"@id\":\"https:\\\/\\\/relaisgourmet.com\\\/es\\\/#organization\"},\"potentialAction\":[{\"@type\":\"SearchAction\",\"target\":{\"@type\":\"EntryPoint\",\"urlTemplate\":\"https:\\\/\\\/relaisgourmet.com\\\/es\\\/?s={search_term_string}\"},\"query-input\":{\"@type\":\"PropertyValueSpecification\",\"valueRequired\":true,\"valueName\":\"search_term_string\"}}],\"inLanguage\":\"es\"},{\"@type\":\"Organization\",\"@id\":\"https:\\\/\\\/relaisgourmet.com\\\/es\\\/#organization\",\"name\":\"Relais Gourmet\",\"url\":\"https:\\\/\\\/relaisgourmet.com\\\/es\\\/\",\"logo\":{\"@type\":\"ImageObject\",\"inLanguage\":\"es\",\"@id\":\"https:\\\/\\\/relaisgourmet.com\\\/es\\\/#\\\/schema\\\/logo\\\/image\\\/\",\"url\":\"https:\\\/\\\/relaisgourmet.com\\\/wp-content\\\/uploads\\\/2026\\\/03\\\/yoast-logo-2-relais-gourmet-.png\",\"contentUrl\":\"https:\\\/\\\/relaisgourmet.com\\\/wp-content\\\/uploads\\\/2026\\\/03\\\/yoast-logo-2-relais-gourmet-.png\",\"width\":1200,\"height\":675,\"caption\":\"Relais Gourmet\"},\"image\":{\"@id\":\"https:\\\/\\\/relaisgourmet.com\\\/es\\\/#\\\/schema\\\/logo\\\/image\\\/\"},\"sameAs\":[\"https:\\\/\\\/www.facebook.com\\\/relaisgourmet\\\/\",\"https:\\\/\\\/x.com\\\/relaisgourmet64\",\"https:\\\/\\\/www.instagram.com\\\/relaisgourmetofficiel\",\"https:\\\/\\\/www.pinterest.fr\\\/relaisgourmet\\\/\"],\"email\":\"yaqueche@relaisgourmet.com\",\"telephone\":\"+33 0 5 40 07 07 65\",\"legalName\":\"Relais Gourmet\",\"vatID\":\"FR13482415015\",\"taxID\":\"482415015\"}]}<\/script>\n<!-- \/ Yoast SEO Premium plugin. -->","yoast_head_json":{"title":"Sal fina especiada con pimienta Espelette PDO","description":"Sal fina con pimiento Espelette PDO: da un toque picante a la carne, el pescado y las verduras con un toque sutilmente picante vasco. Peso neto: 80 g.","robots":{"index":"index","follow":"follow","max-snippet":"max-snippet:-1","max-image-preview":"max-image-preview:large","max-video-preview":"max-video-preview:-1"},"canonical":"https:\/\/relaisgourmet.com\/es\/producto\/sal-fina-especiada-con-pimienta-espelette-pdo\/","og_locale":"es_ES","og_type":"article","og_title":"Sal fina especiada con pimienta Espelette PDO","og_description":"Descubre la fina sal especiada con pimienta espelette: un toque vasco lleno de car\u00e1cter     \ud83c\udf3f Sal cosechada en las salinas de Gu\u00e9rande \ud83c\udf36 Pimiento de Espelette DOP\ud83d\ude9a Entrega r\u00e1pida en todo el mundo \ud83d\udd10 Pago seguro  Peso neto: 80g","og_url":"https:\/\/relaisgourmet.com\/es\/producto\/sal-fina-especiada-con-pimienta-espelette-pdo\/","og_site_name":"Relais Gourmet","article_publisher":"https:\/\/www.facebook.com\/relaisgourmet\/","article_modified_time":"2026-04-01T22:30:19+00:00","og_image":[{"width":1920,"height":1280,"url":"https:\/\/relaisgourmet.com\/wp-content\/uploads\/2026\/03\/relais-gourmet-sel-orange-detoure-scaled-1.webp","type":"image\/webp"}],"twitter_card":"summary_large_image","twitter_site":"@relaisgourmet64","twitter_misc":{"Tiempo de lectura":"1 minuto"},"schema":{"@context":"https:\/\/schema.org","@graph":[{"@type":"WebPage","@id":"https:\/\/relaisgourmet.com\/es\/producto\/sal-fina-especiada-con-pimienta-espelette-pdo\/","url":"https:\/\/relaisgourmet.com\/es\/producto\/sal-fina-especiada-con-pimienta-espelette-pdo\/","name":"Sal fina especiada con pimienta Espelette PDO","isPartOf":{"@id":"https:\/\/relaisgourmet.com\/es\/#website"},"primaryImageOfPage":{"@id":"https:\/\/relaisgourmet.com\/es\/producto\/sal-fina-especiada-con-pimienta-espelette-pdo\/#primaryimage"},"image":{"@id":"https:\/\/relaisgourmet.com\/es\/producto\/sal-fina-especiada-con-pimienta-espelette-pdo\/#primaryimage"},"thumbnailUrl":"https:\/\/relaisgourmet.com\/wp-content\/uploads\/2026\/03\/relais-gourmet-sel-orange-detoure-scaled-1.webp","datePublished":"2026-03-10T12:27:00+00:00","dateModified":"2026-04-01T22:30:19+00:00","description":"Sal fina con pimiento Espelette PDO: da un toque picante a la carne, el pescado y las verduras con un toque sutilmente picante vasco. Peso neto: 80 g.","breadcrumb":{"@id":"https:\/\/relaisgourmet.com\/es\/producto\/sal-fina-especiada-con-pimienta-espelette-pdo\/#breadcrumb"},"inLanguage":"es","potentialAction":[{"@type":"ReadAction","target":["https:\/\/relaisgourmet.com\/es\/producto\/sal-fina-especiada-con-pimienta-espelette-pdo\/"]}]},{"@type":"ImageObject","inLanguage":"es","@id":"https:\/\/relaisgourmet.com\/es\/producto\/sal-fina-especiada-con-pimienta-espelette-pdo\/#primaryimage","url":"https:\/\/relaisgourmet.com\/wp-content\/uploads\/2026\/03\/relais-gourmet-sel-orange-detoure-scaled-1.webp","contentUrl":"https:\/\/relaisgourmet.com\/wp-content\/uploads\/2026\/03\/relais-gourmet-sel-orange-detoure-scaled-1.webp","width":1920,"height":1280},{"@type":"BreadcrumbList","@id":"https:\/\/relaisgourmet.com\/es\/producto\/sal-fina-especiada-con-pimienta-espelette-pdo\/#breadcrumb","itemListElement":[{"@type":"ListItem","position":1,"name":"Inicio","item":"https:\/\/relaisgourmet.com\/es\/inicio\/"},{"@type":"ListItem","position":2,"name":"Todos nuestros productos","item":"https:\/\/relaisgourmet.com\/es\/tienda\/"},{"@type":"ListItem","position":3,"name":"Sal fina especiada con pimienta Espelette PDO"}]},{"@type":"WebSite","@id":"https:\/\/relaisgourmet.com\/es\/#website","url":"https:\/\/relaisgourmet.com\/es\/","name":"Relais Gourmet","description":"Foie Gras 100% Fran\u00e7ais","publisher":{"@id":"https:\/\/relaisgourmet.com\/es\/#organization"},"potentialAction":[{"@type":"SearchAction","target":{"@type":"EntryPoint","urlTemplate":"https:\/\/relaisgourmet.com\/es\/?s={search_term_string}"},"query-input":{"@type":"PropertyValueSpecification","valueRequired":true,"valueName":"search_term_string"}}],"inLanguage":"es"},{"@type":"Organization","@id":"https:\/\/relaisgourmet.com\/es\/#organization","name":"Relais Gourmet","url":"https:\/\/relaisgourmet.com\/es\/","logo":{"@type":"ImageObject","inLanguage":"es","@id":"https:\/\/relaisgourmet.com\/es\/#\/schema\/logo\/image\/","url":"https:\/\/relaisgourmet.com\/wp-content\/uploads\/2026\/03\/yoast-logo-2-relais-gourmet-.png","contentUrl":"https:\/\/relaisgourmet.com\/wp-content\/uploads\/2026\/03\/yoast-logo-2-relais-gourmet-.png","width":1200,"height":675,"caption":"Relais Gourmet"},"image":{"@id":"https:\/\/relaisgourmet.com\/es\/#\/schema\/logo\/image\/"},"sameAs":["https:\/\/www.facebook.com\/relaisgourmet\/","https:\/\/x.com\/relaisgourmet64","https:\/\/www.instagram.com\/relaisgourmetofficiel","https:\/\/www.pinterest.fr\/relaisgourmet\/"],"email":"yaqueche@relaisgourmet.com","telephone":"+33 0 5 40 07 07 65","legalName":"Relais Gourmet","vatID":"FR13482415015","taxID":"482415015"}]}},"_links":{"self":[{"href":"https:\/\/relaisgourmet.com\/es\/wp-json\/wp\/v2\/product\/64243","targetHints":{"allow":["GET"]}}],"collection":[{"href":"https:\/\/relaisgourmet.com\/es\/wp-json\/wp\/v2\/product"}],"about":[{"href":"https:\/\/relaisgourmet.com\/es\/wp-json\/wp\/v2\/types\/product"}],"replies":[{"embeddable":true,"href":"https:\/\/relaisgourmet.com\/es\/wp-json\/wp\/v2\/comments?post=64243"}],"wp:featuredmedia":[{"embeddable":true,"href":"https:\/\/relaisgourmet.com\/es\/wp-json\/wp\/v2\/media\/64203"}],"wp:attachment":[{"href":"https:\/\/relaisgourmet.com\/es\/wp-json\/wp\/v2\/media?parent=64243"}],"wp:term":[{"taxonomy":"product_brand","embeddable":true,"href":"https:\/\/relaisgourmet.com\/es\/wp-json\/wp\/v2\/product_brand?post=64243"},{"taxonomy":"product_cat","embeddable":true,"href":"https:\/\/relaisgourmet.com\/es\/wp-json\/wp\/v2\/product_cat?post=64243"},{"taxonomy":"product_tag","embeddable":true,"href":"https:\/\/relaisgourmet.com\/es\/wp-json\/wp\/v2\/product_tag?post=64243"},{"taxonomy":"giftcard-category","embeddable":true,"href":"https:\/\/relaisgourmet.com\/es\/wp-json\/wp\/v2\/giftcard-category?post=64243"}],"curies":[{"name":"wp","href":"https:\/\/api.w.org\/{rel}","templated":true}]}}