{"id":64193,"date":"2026-03-10T12:27:00","date_gmt":"2026-03-10T12:27:00","guid":{"rendered":"https:\/\/strange-jennings.213-136-85-46.plesk.page\/product\/discovery-pack-of-salt-con-pdo-de-pimienta-espelette\/"},"modified":"2026-04-01T22:29:39","modified_gmt":"2026-04-01T22:29:39","slug":"discovery-pack-of-salt-con-pdo-de-pimienta-espelette","status":"publish","type":"product","link":"https:\/\/relaisgourmet.com\/es\/producto\/discovery-pack-of-salt-con-pdo-de-pimienta-espelette\/","title":{"rendered":"Discovery pack of salt con PDO de pimienta Espelette"},"content":{"rendered":"<p class=\"\" data-start=\"206\" data-end=\"446\">Sum\u00e9rgete en el coraz\u00f3n de los sabores del Pa\u00eds Vasco con nuestro <strong data-start=\"260\" data-end=\"335\">Pack Discovery de Especias Refinadas para Cocina con Espelette Pepper PDO<\/strong>. Una selecci\u00f3n cuidadosamente seleccionada para los amantes de la buena cocina y las sensaciones sutilmente realzadas. <\/p>\n<p class=\"\" data-start=\"448\" data-end=\"725\">Este pack es mucho m\u00e1s que una simple variedad de condimentos: es una verdadera invitaci\u00f3n a despertar tus papilas gustativas con mezclas aut\u00e9nticas, arraigadas en el terroir vasco. Cada sal revela un paladar arom\u00e1tico \u00fanico, perfecto para realzar tus recetas caseras. <\/p>\n<h3 data-start=\"727\" data-end=\"756\">Composici\u00f3n del grupo:<\/h3>\n<ul data-start=\"757\" data-end=\"1143\">\n<li class=\"\" data-start=\"757\" data-end=\"852\">\n<p class=\"\" data-start=\"759\" data-end=\"852\"><strong data-start=\"759\" data-end=\"772\">Sal picante<\/strong> : sal fina especiada con PDO de pimiento Espelette \u2013 ideal para platos cotidianos.<\/p>\n<\/li>\n<li class=\"\" data-start=\"853\" data-end=\"1014\">\n<p class=\"\" data-start=\"855\" data-end=\"1014\">Sal especial para <strong data-start=\"855\" data-end=\"879\">la parrilla<\/strong>: sal fina con hierbas (romero, salado, albahaca, mejorana, or\u00e9gano, tomillo) y PDO de pimiento espelette, el aliado de las carnes a la parrilla.<\/p>\n<\/li>\n<li class=\"\" data-start=\"1015\" data-end=\"1143\">\n<p class=\"\" data-start=\"1017\" data-end=\"1143\">Sal <strong data-start=\"1017\" data-end=\"1041\">de pimienta vasca<\/strong>: Sal de Gu\u00e9rande de origen com\u00fan y PDO de pimienta espelette \u2013 una mezcla aut\u00e9ntica con una textura generosa.<\/p>\n<\/li>\n<\/ul>\n<h3 data-start=\"1145\" data-end=\"1159\">Peso:<\/h3>\n<ul data-start=\"1160\" data-end=\"1216\">\n<li class=\"\" data-start=\"1160\" data-end=\"1191\">\n<p class=\"\" data-start=\"1162\" data-end=\"1191\"><strong data-start=\"1162\" data-end=\"1181\">Peso neto total<\/strong> : 180 g<\/p>\n<\/li>\n<li class=\"\" data-start=\"1192\" data-end=\"1216\">\n<p class=\"\" data-start=\"1194\" data-end=\"1216\"><strong data-start=\"1194\" data-end=\"1208\">Peso bruto<\/strong> : 0,9 kg<\/p>\n<\/li>\n<\/ul>\n<p data-start=\"1218\" data-end=\"1240\"><strong>Almacenamiento<\/strong> : puede almacenarse hasta 12 meses lejos de la humedad y la luz.<\/p>\n<p data-start=\"1315\" data-end=\"1347\"><strong>Instrucciones de uso<\/strong> : Espolvorea estas sales para darle un toque especial a la carne, pescado, ensaladas, verduras o salsas. Basta con un simple pellizco para transformar un plato com\u00fan en una experiencia de alta cocina. <\/p>\n<p>Por \u00faltimo, para acompa\u00f1ar esta sal, \u00bfpor qu\u00e9 no dejarte tentar por  <a href=\"https:\/\/epic-varahamihira.207-180-195-93.plesk.page\/\">el delicioso Relais Gourmet Foies Gras  <\/a>?<\/p>\n<article class=\"text-token-text-primary w-full\" dir=\"auto\" data-testid=\"conversation-turn-14\" data-scroll-anchor=\"true\">\n<div class=\"text-base my-auto mx-auto py-5 [--thread-content-margin:--spacing(4)] @[37rem]:[--thread-content-margin:--spacing(6)] @[70rem]:[--thread-content-margin:--spacing(12)] px-(--thread-content-margin)\">\n<div class=\"[--thread-content-max-width:32rem] @[34rem]:[--thread-content-max-width:40rem] @[64rem]:[--thread-content-max-width:48rem] mx-auto flex max-w-(--thread-content-max-width) flex-1 text-base gap-4 md:gap-5 lg:gap-6 group\/turn-messages focus-visible:outline-hidden\" tabindex=\"-1\">\n<div class=\"group\/conversation-turn relative flex w-full min-w-0 flex-col agent-turn\">\n<div class=\"relative flex-col gap-1 md:gap-3\">\n<div class=\"flex max-w-full flex-col grow\">\n<div class=\"min-h-8 text-message relative flex w-full flex-col items-end gap-2 text-start break-words whitespace-normal [.text-message+&amp;]:mt-5\" dir=\"auto\" data-message-author-role=\"assistant\" data-message-id=\"42d71592-9458-4f44-9fd8-ff33539cedb8\" data-message-model-slug=\"gpt-4o-mini\">\n<div class=\"flex w-full flex-col gap-1 empty:hidden first:pt-[3px]\">\n<div class=\"markdown prose dark:prose-invert w-full break-words light\">\n<article class=\"text-token-text-primary w-full\" dir=\"auto\" data-testid=\"conversation-turn-16\" data-scroll-anchor=\"true\">\n<div class=\"text-base my-auto mx-auto py-5 [--thread-content-margin:--spacing(4)] @[37rem]:[--thread-content-margin:--spacing(6)] @[70rem]:[--thread-content-margin:--spacing(12)] px-(--thread-content-margin)\">\n<div class=\"[--thread-content-max-width:32rem] @[34rem]:[--thread-content-max-width:40rem] @[64rem]:[--thread-content-max-width:48rem] mx-auto flex max-w-(--thread-content-max-width) flex-1 text-base gap-4 md:gap-5 lg:gap-6 group\/turn-messages focus-visible:outline-hidden\" tabindex=\"-1\">\n<div class=\"group\/conversation-turn relative flex w-full min-w-0 flex-col agent-turn\">\n<div class=\"relative flex-col gap-1 md:gap-3\">\n<div class=\"flex max-w-full flex-col grow\">\n<div class=\"min-h-8 text-message relative flex w-full flex-col items-end gap-2 text-start break-words whitespace-normal [.text-message+&amp;]:mt-5\" dir=\"auto\" data-message-author-role=\"assistant\" data-message-id=\"22dc5875-b044-4d41-b5f3-8328c90b6691\" data-message-model-slug=\"gpt-4o-mini\">\n<div class=\"flex w-full flex-col gap-1 empty:hidden first:pt-[3px]\">\n<div class=\"markdown prose dark:prose-invert w-full break-words light\">\n<p class=\"\" data-start=\"0\" data-end=\"110\">Para el postre, sucumbe <a href=\"https:\/\/mariasimona.com\/categorie-produit\/turrons-classiques\/\"><strong data-start=\"26\" data-end=\"54\">a las Turrones de Maria Simona<\/strong><\/a>, un manjar perfecto para terminar esta comida con estilo.<\/p>\n<\/div>\n<\/div>\n<\/div>\n<\/div>\n<\/div>\n<\/div>\n<\/div>\n<\/div>\n<\/article>\n<\/div>\n<\/div>\n<\/div>\n<\/div>\n<\/div>\n<\/div>\n<\/div>\n<\/div>\n<\/article>\n","protected":false},"excerpt":{"rendered":"<article class=\"text-token-text-primary w-full\" dir=\"auto\" data-testid=\"conversation-turn-6\" data-scroll-anchor=\"false\">\n<div class=\"yoast-text-mark\">\n<div class=\"[--thread-content-max-width:32rem] @[34rem]:[--thread-content-max-width:40rem] @[64rem]:[--thread-content-max-width:48rem] mx-auto flex max-w-(--thread-content-max-width) flex-1 text-base gap-4 md:gap-5 lg:gap-6 group\/turn-messages focus-visible:outline-hidden\" tabindex=\"-1\">\n<div class=\"group\/conversation-turn relative flex w-full min-w-0 flex-col agent-turn\">\n<div class=\"relative flex-col gap-1 md:gap-3\">\n<div class=\"flex max-w-full flex-col grow\">\n<div class=\"min-h-8 text-message relative flex w-full flex-col items-end gap-2 text-start break-words whitespace-normal [.text-message+&amp;]:mt-5\" dir=\"auto\" data-message-author-role=\"assistant\" data-message-id=\"68c9b9d1-1bcf-4ae5-8d85-a3948faa3963\" data-message-model-slug=\"gpt-4o\">\n<div class=\"flex w-full flex-col gap-1 empty:hidden first:pt-[3px]\">\n<div class=\"markdown prose dark:prose-invert w-full break-words light\">\n<p data-start=\"132\" data-end=\"223\"><strong>Idea de regalo<span style=\"background-color: #ffffff;\"> perfecta para amantes de la cocina aut\u00e9ntica o para quienes buscan nuevas inspiraciones gustativas.<\/span><\/strong><\/p>\n<\/div>\n<\/div>\n<\/div>\n<\/div>\n<\/div>\n<\/div>\n<\/div>\n<\/div>\n<\/article>\n<p>\ud83c\udf3f Sal cosechada en las salinas de Gu\u00e9rande<br \/>\n\ud83c\udf36 Pimiento de Espelette DOP<br data-start=\"665\" data-end=\"668\">\ud83d\ude9a Entrega r\u00e1pida en todo el mundo<br \/>\n\ud83d\udd10 Pago seguro<\/p>\n<div class=\"woocommerce-product-details__short-description\">\n<p>Peso neto: 180g<\/p>\n<\/div>\n","protected":false},"featured_media":64202,"comment_status":"closed","ping_status":"closed","template":"","meta":{"_iconic_wsb_product_page_order_bump_ids":[],"_sku":["3110000346804-7-1-1-1-1"],"_iconic_wsb_product_page_bump_modal_ids":[]},"product_brand":[],"product_cat":[2160],"product_tag":[1665],"giftcard-category":[],"class_list":{"0":"post-64193","1":"product","2":"type-product","3":"status-publish","4":"has-post-thumbnail","6":"product_cat-especias-vascas","7":"product_tag-fabricado-en-francia","9":"first","10":"instock","11":"taxable","12":"shipping-taxable","13":"purchasable","14":"product-type-simple"},"yoast_head":"<!-- This site is optimized with the Yoast SEO Premium plugin v27.3 (Yoast SEO v27.3) - https:\/\/yoast.com\/product\/yoast-seo-premium-wordpress\/ -->\n<title>Discovery pack of salt con PDO de pimienta Espelette<\/title>\n<meta name=\"description\" content=\"Paquete de descubrimiento de sal con pimiento Espelette con DO: da un toque especial a tus platos con aut\u00e9nticos sabores vascos. Ideal para carne, pescado y verduras.\" \/>\n<meta name=\"robots\" content=\"index, follow, max-snippet:-1, max-image-preview:large, max-video-preview:-1\" \/>\n<link rel=\"canonical\" href=\"https:\/\/relaisgourmet.com\/es\/producto\/discovery-pack-of-salt-con-pdo-de-pimienta-espelette\/\" \/>\n<meta property=\"og:locale\" content=\"es_ES\" \/>\n<meta property=\"og:type\" content=\"article\" \/>\n<meta property=\"og:title\" content=\"Discovery pack of salt con PDO de pimienta Espelette\" \/>\n<meta property=\"og:description\" content=\"Idea de regalo perfecta para amantes de la cocina aut\u00e9ntica o para quienes buscan nuevas inspiraciones gustativas.     \ud83c\udf3f Sal cosechada en las salinas de Gu\u00e9rande \ud83c\udf36 Pimiento de Espelette DOP\ud83d\ude9a Entrega r\u00e1pida en todo el mundo \ud83d\udd10 Pago seguro  Peso neto: 180g\" \/>\n<meta property=\"og:url\" content=\"https:\/\/relaisgourmet.com\/es\/producto\/discovery-pack-of-salt-con-pdo-de-pimienta-espelette\/\" \/>\n<meta property=\"og:site_name\" content=\"Relais Gourmet\" \/>\n<meta property=\"article:publisher\" content=\"https:\/\/www.facebook.com\/relaisgourmet\/\" \/>\n<meta property=\"article:modified_time\" content=\"2026-04-01T22:29:39+00:00\" \/>\n<meta property=\"og:image\" content=\"https:\/\/relaisgourmet.com\/wp-content\/uploads\/2026\/03\/relais-gourmet-packsel-detoure-scaled-1.webp\" \/>\n\t<meta property=\"og:image:width\" content=\"1920\" \/>\n\t<meta property=\"og:image:height\" content=\"1280\" \/>\n\t<meta property=\"og:image:type\" content=\"image\/webp\" \/>\n<meta name=\"twitter:card\" content=\"summary_large_image\" \/>\n<meta name=\"twitter:site\" content=\"@relaisgourmet64\" \/>\n<meta name=\"twitter:label1\" content=\"Tiempo de lectura\" \/>\n\t<meta name=\"twitter:data1\" content=\"1 minuto\" \/>\n<script type=\"application\/ld+json\" class=\"yoast-schema-graph\">{\"@context\":\"https:\\\/\\\/schema.org\",\"@graph\":[{\"@type\":\"WebPage\",\"@id\":\"https:\\\/\\\/relaisgourmet.com\\\/es\\\/producto\\\/discovery-pack-of-salt-con-pdo-de-pimienta-espelette\\\/\",\"url\":\"https:\\\/\\\/relaisgourmet.com\\\/es\\\/producto\\\/discovery-pack-of-salt-con-pdo-de-pimienta-espelette\\\/\",\"name\":\"Discovery pack of salt con PDO de pimienta Espelette\",\"isPartOf\":{\"@id\":\"https:\\\/\\\/relaisgourmet.com\\\/es\\\/#website\"},\"primaryImageOfPage\":{\"@id\":\"https:\\\/\\\/relaisgourmet.com\\\/es\\\/producto\\\/discovery-pack-of-salt-con-pdo-de-pimienta-espelette\\\/#primaryimage\"},\"image\":{\"@id\":\"https:\\\/\\\/relaisgourmet.com\\\/es\\\/producto\\\/discovery-pack-of-salt-con-pdo-de-pimienta-espelette\\\/#primaryimage\"},\"thumbnailUrl\":\"https:\\\/\\\/relaisgourmet.com\\\/wp-content\\\/uploads\\\/2026\\\/03\\\/relais-gourmet-packsel-detoure-scaled-1.webp\",\"datePublished\":\"2026-03-10T12:27:00+00:00\",\"dateModified\":\"2026-04-01T22:29:39+00:00\",\"description\":\"Paquete de descubrimiento de sal con pimiento Espelette con DO: da un toque especial a tus platos con aut\u00e9nticos sabores vascos. Ideal para carne, pescado y verduras.\",\"breadcrumb\":{\"@id\":\"https:\\\/\\\/relaisgourmet.com\\\/es\\\/producto\\\/discovery-pack-of-salt-con-pdo-de-pimienta-espelette\\\/#breadcrumb\"},\"inLanguage\":\"es\",\"potentialAction\":[{\"@type\":\"ReadAction\",\"target\":[\"https:\\\/\\\/relaisgourmet.com\\\/es\\\/producto\\\/discovery-pack-of-salt-con-pdo-de-pimienta-espelette\\\/\"]}]},{\"@type\":\"ImageObject\",\"inLanguage\":\"es\",\"@id\":\"https:\\\/\\\/relaisgourmet.com\\\/es\\\/producto\\\/discovery-pack-of-salt-con-pdo-de-pimienta-espelette\\\/#primaryimage\",\"url\":\"https:\\\/\\\/relaisgourmet.com\\\/wp-content\\\/uploads\\\/2026\\\/03\\\/relais-gourmet-packsel-detoure-scaled-1.webp\",\"contentUrl\":\"https:\\\/\\\/relaisgourmet.com\\\/wp-content\\\/uploads\\\/2026\\\/03\\\/relais-gourmet-packsel-detoure-scaled-1.webp\",\"width\":1920,\"height\":1280},{\"@type\":\"BreadcrumbList\",\"@id\":\"https:\\\/\\\/relaisgourmet.com\\\/es\\\/producto\\\/discovery-pack-of-salt-con-pdo-de-pimienta-espelette\\\/#breadcrumb\",\"itemListElement\":[{\"@type\":\"ListItem\",\"position\":1,\"name\":\"Inicio\",\"item\":\"https:\\\/\\\/relaisgourmet.com\\\/es\\\/inicio\\\/\"},{\"@type\":\"ListItem\",\"position\":2,\"name\":\"Todos nuestros productos\",\"item\":\"https:\\\/\\\/relaisgourmet.com\\\/es\\\/tienda\\\/\"},{\"@type\":\"ListItem\",\"position\":3,\"name\":\"Discovery pack of salt con PDO de pimienta Espelette\"}]},{\"@type\":\"WebSite\",\"@id\":\"https:\\\/\\\/relaisgourmet.com\\\/es\\\/#website\",\"url\":\"https:\\\/\\\/relaisgourmet.com\\\/es\\\/\",\"name\":\"Relais Gourmet\",\"description\":\"Foie Gras 100% Fran\u00e7ais\",\"publisher\":{\"@id\":\"https:\\\/\\\/relaisgourmet.com\\\/es\\\/#organization\"},\"potentialAction\":[{\"@type\":\"SearchAction\",\"target\":{\"@type\":\"EntryPoint\",\"urlTemplate\":\"https:\\\/\\\/relaisgourmet.com\\\/es\\\/?s={search_term_string}\"},\"query-input\":{\"@type\":\"PropertyValueSpecification\",\"valueRequired\":true,\"valueName\":\"search_term_string\"}}],\"inLanguage\":\"es\"},{\"@type\":\"Organization\",\"@id\":\"https:\\\/\\\/relaisgourmet.com\\\/es\\\/#organization\",\"name\":\"Relais Gourmet\",\"url\":\"https:\\\/\\\/relaisgourmet.com\\\/es\\\/\",\"logo\":{\"@type\":\"ImageObject\",\"inLanguage\":\"es\",\"@id\":\"https:\\\/\\\/relaisgourmet.com\\\/es\\\/#\\\/schema\\\/logo\\\/image\\\/\",\"url\":\"https:\\\/\\\/relaisgourmet.com\\\/wp-content\\\/uploads\\\/2026\\\/03\\\/yoast-logo-2-relais-gourmet-.png\",\"contentUrl\":\"https:\\\/\\\/relaisgourmet.com\\\/wp-content\\\/uploads\\\/2026\\\/03\\\/yoast-logo-2-relais-gourmet-.png\",\"width\":1200,\"height\":675,\"caption\":\"Relais Gourmet\"},\"image\":{\"@id\":\"https:\\\/\\\/relaisgourmet.com\\\/es\\\/#\\\/schema\\\/logo\\\/image\\\/\"},\"sameAs\":[\"https:\\\/\\\/www.facebook.com\\\/relaisgourmet\\\/\",\"https:\\\/\\\/x.com\\\/relaisgourmet64\",\"https:\\\/\\\/www.instagram.com\\\/relaisgourmetofficiel\",\"https:\\\/\\\/www.pinterest.fr\\\/relaisgourmet\\\/\"],\"email\":\"yaqueche@relaisgourmet.com\",\"telephone\":\"+33 0 5 40 07 07 65\",\"legalName\":\"Relais Gourmet\",\"vatID\":\"FR13482415015\",\"taxID\":\"482415015\"}]}<\/script>\n<!-- \/ Yoast SEO Premium plugin. -->","yoast_head_json":{"title":"Discovery pack of salt con PDO de pimienta Espelette","description":"Paquete de descubrimiento de sal con pimiento Espelette con DO: da un toque especial a tus platos con aut\u00e9nticos sabores vascos. Ideal para carne, pescado y verduras.","robots":{"index":"index","follow":"follow","max-snippet":"max-snippet:-1","max-image-preview":"max-image-preview:large","max-video-preview":"max-video-preview:-1"},"canonical":"https:\/\/relaisgourmet.com\/es\/producto\/discovery-pack-of-salt-con-pdo-de-pimienta-espelette\/","og_locale":"es_ES","og_type":"article","og_title":"Discovery pack of salt con PDO de pimienta Espelette","og_description":"Idea de regalo perfecta para amantes de la cocina aut\u00e9ntica o para quienes buscan nuevas inspiraciones gustativas.     \ud83c\udf3f Sal cosechada en las salinas de Gu\u00e9rande \ud83c\udf36 Pimiento de Espelette DOP\ud83d\ude9a Entrega r\u00e1pida en todo el mundo \ud83d\udd10 Pago seguro  Peso neto: 180g","og_url":"https:\/\/relaisgourmet.com\/es\/producto\/discovery-pack-of-salt-con-pdo-de-pimienta-espelette\/","og_site_name":"Relais Gourmet","article_publisher":"https:\/\/www.facebook.com\/relaisgourmet\/","article_modified_time":"2026-04-01T22:29:39+00:00","og_image":[{"width":1920,"height":1280,"url":"https:\/\/relaisgourmet.com\/wp-content\/uploads\/2026\/03\/relais-gourmet-packsel-detoure-scaled-1.webp","type":"image\/webp"}],"twitter_card":"summary_large_image","twitter_site":"@relaisgourmet64","twitter_misc":{"Tiempo de lectura":"1 minuto"},"schema":{"@context":"https:\/\/schema.org","@graph":[{"@type":"WebPage","@id":"https:\/\/relaisgourmet.com\/es\/producto\/discovery-pack-of-salt-con-pdo-de-pimienta-espelette\/","url":"https:\/\/relaisgourmet.com\/es\/producto\/discovery-pack-of-salt-con-pdo-de-pimienta-espelette\/","name":"Discovery pack of salt con PDO de pimienta Espelette","isPartOf":{"@id":"https:\/\/relaisgourmet.com\/es\/#website"},"primaryImageOfPage":{"@id":"https:\/\/relaisgourmet.com\/es\/producto\/discovery-pack-of-salt-con-pdo-de-pimienta-espelette\/#primaryimage"},"image":{"@id":"https:\/\/relaisgourmet.com\/es\/producto\/discovery-pack-of-salt-con-pdo-de-pimienta-espelette\/#primaryimage"},"thumbnailUrl":"https:\/\/relaisgourmet.com\/wp-content\/uploads\/2026\/03\/relais-gourmet-packsel-detoure-scaled-1.webp","datePublished":"2026-03-10T12:27:00+00:00","dateModified":"2026-04-01T22:29:39+00:00","description":"Paquete de descubrimiento de sal con pimiento Espelette con DO: da un toque especial a tus platos con aut\u00e9nticos sabores vascos. Ideal para carne, pescado y verduras.","breadcrumb":{"@id":"https:\/\/relaisgourmet.com\/es\/producto\/discovery-pack-of-salt-con-pdo-de-pimienta-espelette\/#breadcrumb"},"inLanguage":"es","potentialAction":[{"@type":"ReadAction","target":["https:\/\/relaisgourmet.com\/es\/producto\/discovery-pack-of-salt-con-pdo-de-pimienta-espelette\/"]}]},{"@type":"ImageObject","inLanguage":"es","@id":"https:\/\/relaisgourmet.com\/es\/producto\/discovery-pack-of-salt-con-pdo-de-pimienta-espelette\/#primaryimage","url":"https:\/\/relaisgourmet.com\/wp-content\/uploads\/2026\/03\/relais-gourmet-packsel-detoure-scaled-1.webp","contentUrl":"https:\/\/relaisgourmet.com\/wp-content\/uploads\/2026\/03\/relais-gourmet-packsel-detoure-scaled-1.webp","width":1920,"height":1280},{"@type":"BreadcrumbList","@id":"https:\/\/relaisgourmet.com\/es\/producto\/discovery-pack-of-salt-con-pdo-de-pimienta-espelette\/#breadcrumb","itemListElement":[{"@type":"ListItem","position":1,"name":"Inicio","item":"https:\/\/relaisgourmet.com\/es\/inicio\/"},{"@type":"ListItem","position":2,"name":"Todos nuestros productos","item":"https:\/\/relaisgourmet.com\/es\/tienda\/"},{"@type":"ListItem","position":3,"name":"Discovery pack of salt con PDO de pimienta Espelette"}]},{"@type":"WebSite","@id":"https:\/\/relaisgourmet.com\/es\/#website","url":"https:\/\/relaisgourmet.com\/es\/","name":"Relais Gourmet","description":"Foie Gras 100% Fran\u00e7ais","publisher":{"@id":"https:\/\/relaisgourmet.com\/es\/#organization"},"potentialAction":[{"@type":"SearchAction","target":{"@type":"EntryPoint","urlTemplate":"https:\/\/relaisgourmet.com\/es\/?s={search_term_string}"},"query-input":{"@type":"PropertyValueSpecification","valueRequired":true,"valueName":"search_term_string"}}],"inLanguage":"es"},{"@type":"Organization","@id":"https:\/\/relaisgourmet.com\/es\/#organization","name":"Relais Gourmet","url":"https:\/\/relaisgourmet.com\/es\/","logo":{"@type":"ImageObject","inLanguage":"es","@id":"https:\/\/relaisgourmet.com\/es\/#\/schema\/logo\/image\/","url":"https:\/\/relaisgourmet.com\/wp-content\/uploads\/2026\/03\/yoast-logo-2-relais-gourmet-.png","contentUrl":"https:\/\/relaisgourmet.com\/wp-content\/uploads\/2026\/03\/yoast-logo-2-relais-gourmet-.png","width":1200,"height":675,"caption":"Relais Gourmet"},"image":{"@id":"https:\/\/relaisgourmet.com\/es\/#\/schema\/logo\/image\/"},"sameAs":["https:\/\/www.facebook.com\/relaisgourmet\/","https:\/\/x.com\/relaisgourmet64","https:\/\/www.instagram.com\/relaisgourmetofficiel","https:\/\/www.pinterest.fr\/relaisgourmet\/"],"email":"yaqueche@relaisgourmet.com","telephone":"+33 0 5 40 07 07 65","legalName":"Relais Gourmet","vatID":"FR13482415015","taxID":"482415015"}]}},"_links":{"self":[{"href":"https:\/\/relaisgourmet.com\/es\/wp-json\/wp\/v2\/product\/64193","targetHints":{"allow":["GET"]}}],"collection":[{"href":"https:\/\/relaisgourmet.com\/es\/wp-json\/wp\/v2\/product"}],"about":[{"href":"https:\/\/relaisgourmet.com\/es\/wp-json\/wp\/v2\/types\/product"}],"replies":[{"embeddable":true,"href":"https:\/\/relaisgourmet.com\/es\/wp-json\/wp\/v2\/comments?post=64193"}],"wp:featuredmedia":[{"embeddable":true,"href":"https:\/\/relaisgourmet.com\/es\/wp-json\/wp\/v2\/media\/64202"}],"wp:attachment":[{"href":"https:\/\/relaisgourmet.com\/es\/wp-json\/wp\/v2\/media?parent=64193"}],"wp:term":[{"taxonomy":"product_brand","embeddable":true,"href":"https:\/\/relaisgourmet.com\/es\/wp-json\/wp\/v2\/product_brand?post=64193"},{"taxonomy":"product_cat","embeddable":true,"href":"https:\/\/relaisgourmet.com\/es\/wp-json\/wp\/v2\/product_cat?post=64193"},{"taxonomy":"product_tag","embeddable":true,"href":"https:\/\/relaisgourmet.com\/es\/wp-json\/wp\/v2\/product_tag?post=64193"},{"taxonomy":"giftcard-category","embeddable":true,"href":"https:\/\/relaisgourmet.com\/es\/wp-json\/wp\/v2\/giftcard-category?post=64193"}],"curies":[{"name":"wp","href":"https:\/\/api.w.org\/{rel}","templated":true}]}}