{"id":64088,"date":"2026-03-10T12:24:09","date_gmt":"2026-03-10T12:24:09","guid":{"rendered":"https:\/\/strange-jennings.213-136-85-46.plesk.page\/product\/quintessencia-de-foie-gras-y-pechuga-de-pato-ahumada\/"},"modified":"2026-04-01T22:36:08","modified_gmt":"2026-04-01T22:36:08","slug":"quintessencia-de-foie-gras-y-pechuga-de-pato-ahumada","status":"publish","type":"product","link":"https:\/\/relaisgourmet.com\/es\/producto\/quintessencia-de-foie-gras-y-pechuga-de-pato-ahumada\/","title":{"rendered":"Quintessencia de foie gras y pechuga de pato ahumada"},"content":{"rendered":"<p><span style=\"font-weight: 400;\">Esta obra maestra culinaria re\u00fane los mejores ingredientes para crear una mezcla inconfundible de sabores. <strong> La quintaesencia del foie gras y la pechuga de pato ahumada<\/strong> es un verdadero deleite para el paladar. La <\/span>rica textura y profundidad del<span style=\"font-weight: 400;\"> foie Gras se combinan a la perfecci\u00f3n con la <\/span><b>fragancia y la finura <\/b><span style=\"font-weight: 400;\">del pechuga de pato ahumado para una experiencia de sabor inigualable. \u00a1Una vez que hayas probado esta armon\u00eda, no podr\u00e1s prescindir de ella! <\/span> <\/p>\n<p><b>Garantizado sin conservantes, aditivos ni colorantes.<\/b><\/p>\n<p><b>Ingredientes: <\/b><span style=\"font-weight: 400;\">Foie Gra de pato entero 20%, grasa de pato y magra, gargantas de cerdo, pechuga de pato, huevo, leche, sal, especias.<\/span><\/p>\n<p><b>Bodega:<\/b><span style=\"font-weight: 400;\"> 3 a\u00f1os a temperatura ambiente. <\/span><span style=\"font-weight: 400;\">Despu\u00e9s de abrirlo, cons\u00famelo en un plazo de 15 d\u00edas y gu\u00e1rdalo en la nevera. <\/span> <\/p>\n<p><span style=\"font-weight: 400;\">Encuentra todos nuestros consejos y trucos para preparar nuestra Quintessence de Foie Gras y Pechuga de Pato Ahumada en la secci\u00f3n <a href=\"\/?page_id=33969\">de blog <\/a>, as\u00ed como en nuestra <a href=\"https:\/\/www.instagram.com\/relaisgourmetofficiel\/\">p\u00e1gina de Instagram.<\/a><\/span><\/p>\n","protected":false},"excerpt":{"rendered":"<p>\u00a1<span style=\"vertical-align: inherit;\"><span style=\"vertical-align: inherit;\">Nuestra Quintesencia de Foie Gras y Pechuga de Pato Ahumada con un sabor \u00fanico!<\/span><\/span><\/p>\n<p><img decoding=\"async\" class=\"emoji\" role=\"img\" draggable=\"false\" src=\"https:\/\/s.w.org\/images\/core\/emoji\/15.0.3\/svg\/1f1eb-1f1f7.svg\" alt=\"\ud83c\uddeb\ud83c\uddf7\"> Producci\u00f3n 100% francesa<br \/>\n\u2714 garantizada. Garantizada sin conservantes, aditivos ni colorantes.<br \/>\n\ud83c\udf43 Patos alimentados con ma\u00edz amarillo<br \/>\n\ud83d\ude9a Env\u00edo r\u00e1pido en todo el mundo<br \/>\n\ud83d\udd53 mantiene un pago<\/p>\n<p>seguro de 3 a\u00f1os\ud83d\udd10<br \/>\n Peso neto: 180g<\/p>\n","protected":false},"featured_media":64089,"comment_status":"open","ping_status":"closed","template":"","meta":{"_iconic_wsb_product_page_order_bump_ids":[[59370,59391]],"_sku":["3760342081095"],"_iconic_wsb_product_page_bump_modal_ids":[[]]},"product_brand":[],"product_cat":[1664],"product_tag":[1952,1665,2090,2087,2084,2086,2085,2088,1717,2089],"giftcard-category":[],"class_list":{"0":"post-64088","1":"product","2":"type-product","3":"status-publish","4":"has-post-thumbnail","6":"product_cat-foie-gras","7":"product_tag-clasico","8":"product_tag-fabricado-en-francia","9":"product_tag-foie-gras-y-pechuga-de-pato-ahumada","10":"product_tag-pate-de-foie-gras","11":"product_tag-pato-ahumado","12":"product_tag-pechuga-de-pato-ahumada","13":"product_tag-pechuga-de-pato-ahumada-y-foie-gras","14":"product_tag-quintesencia","15":"product_tag-tipoclasico","16":"product_tag-verrine-de-foie-gras","17":"product_shipping_class-tva-5-5","19":"first","20":"instock","21":"taxable","22":"shipping-taxable","23":"purchasable","24":"product-type-simple"},"yoast_head":"<!-- This site is optimized with the Yoast SEO Premium plugin v27.3 (Yoast SEO v27.3) - https:\/\/yoast.com\/product\/yoast-seo-premium-wordpress\/ -->\n<title>Quintesencia de Foie Gras y Pechugo de Pato Ahumado &#8211;<\/title>\n<meta name=\"description\" content=\"Caja Quintessence: la refinada combinaci\u00f3n de foie gras y pechuga de pato ahumada, en un formato exclusivo.\" \/>\n<meta name=\"robots\" content=\"index, follow, max-snippet:-1, max-image-preview:large, max-video-preview:-1\" \/>\n<link rel=\"canonical\" href=\"https:\/\/relaisgourmet.com\/es\/producto\/quintessencia-de-foie-gras-y-pechuga-de-pato-ahumada\/\" \/>\n<meta property=\"og:locale\" content=\"es_ES\" \/>\n<meta property=\"og:type\" content=\"article\" \/>\n<meta property=\"og:title\" content=\"Quintessencia de foie gras y pechuga de pato ahumada\" \/>\n<meta property=\"og:description\" content=\"\u00a1Nuestra Quintesencia de Foie Gras y Pechuga de Pato Ahumada con un sabor \u00fanico!  Producci\u00f3n 100% francesa \u2714 garantizada. Garantizada sin conservantes, aditivos ni colorantes. \ud83c\udf43 Patos alimentados con ma\u00edz amarillo \ud83d\ude9a Env\u00edo r\u00e1pido en todo el mundo \ud83d\udd53 mantiene un pago seguro de 3 a\u00f1os\ud83d\udd10 Peso neto: 180g\" \/>\n<meta property=\"og:url\" content=\"https:\/\/relaisgourmet.com\/es\/producto\/quintessencia-de-foie-gras-y-pechuga-de-pato-ahumada\/\" \/>\n<meta property=\"og:site_name\" content=\"Relais Gourmet\" \/>\n<meta property=\"article:publisher\" content=\"https:\/\/www.facebook.com\/relaisgourmet\/\" \/>\n<meta property=\"article:modified_time\" content=\"2026-04-01T22:36:08+00:00\" \/>\n<meta property=\"og:image\" content=\"https:\/\/relaisgourmet.com\/wp-content\/uploads\/2026\/03\/Apero-Quintessence-1-scaled-1.jpg\" \/>\n\t<meta property=\"og:image:width\" content=\"2560\" \/>\n\t<meta property=\"og:image:height\" content=\"2560\" \/>\n\t<meta property=\"og:image:type\" content=\"image\/jpeg\" \/>\n<meta name=\"twitter:card\" content=\"summary_large_image\" \/>\n<meta name=\"twitter:site\" content=\"@relaisgourmet64\" \/>\n<meta name=\"twitter:label1\" content=\"Tiempo de lectura\" \/>\n\t<meta name=\"twitter:data1\" content=\"1 minuto\" \/>\n<script type=\"application\/ld+json\" class=\"yoast-schema-graph\">{\"@context\":\"https:\\\/\\\/schema.org\",\"@graph\":[{\"@type\":\"WebPage\",\"@id\":\"https:\\\/\\\/relaisgourmet.com\\\/es\\\/producto\\\/quintessencia-de-foie-gras-y-pechuga-de-pato-ahumada\\\/\",\"url\":\"https:\\\/\\\/relaisgourmet.com\\\/es\\\/producto\\\/quintessencia-de-foie-gras-y-pechuga-de-pato-ahumada\\\/\",\"name\":\"Quintesencia de Foie Gras y Pechugo de Pato Ahumado &#8211;\",\"isPartOf\":{\"@id\":\"https:\\\/\\\/relaisgourmet.com\\\/es\\\/#website\"},\"primaryImageOfPage\":{\"@id\":\"https:\\\/\\\/relaisgourmet.com\\\/es\\\/producto\\\/quintessencia-de-foie-gras-y-pechuga-de-pato-ahumada\\\/#primaryimage\"},\"image\":{\"@id\":\"https:\\\/\\\/relaisgourmet.com\\\/es\\\/producto\\\/quintessencia-de-foie-gras-y-pechuga-de-pato-ahumada\\\/#primaryimage\"},\"thumbnailUrl\":\"https:\\\/\\\/relaisgourmet.com\\\/wp-content\\\/uploads\\\/2026\\\/03\\\/Apero-Quintessence-1-scaled-1.jpg\",\"datePublished\":\"2026-03-10T12:24:09+00:00\",\"dateModified\":\"2026-04-01T22:36:08+00:00\",\"description\":\"Caja Quintessence: la refinada combinaci\u00f3n de foie gras y pechuga de pato ahumada, en un formato exclusivo.\",\"breadcrumb\":{\"@id\":\"https:\\\/\\\/relaisgourmet.com\\\/es\\\/producto\\\/quintessencia-de-foie-gras-y-pechuga-de-pato-ahumada\\\/#breadcrumb\"},\"inLanguage\":\"es\",\"potentialAction\":[{\"@type\":\"ReadAction\",\"target\":[\"https:\\\/\\\/relaisgourmet.com\\\/es\\\/producto\\\/quintessencia-de-foie-gras-y-pechuga-de-pato-ahumada\\\/\"]}]},{\"@type\":\"ImageObject\",\"inLanguage\":\"es\",\"@id\":\"https:\\\/\\\/relaisgourmet.com\\\/es\\\/producto\\\/quintessencia-de-foie-gras-y-pechuga-de-pato-ahumada\\\/#primaryimage\",\"url\":\"https:\\\/\\\/relaisgourmet.com\\\/wp-content\\\/uploads\\\/2026\\\/03\\\/Apero-Quintessence-1-scaled-1.jpg\",\"contentUrl\":\"https:\\\/\\\/relaisgourmet.com\\\/wp-content\\\/uploads\\\/2026\\\/03\\\/Apero-Quintessence-1-scaled-1.jpg\",\"width\":2560,\"height\":2560},{\"@type\":\"BreadcrumbList\",\"@id\":\"https:\\\/\\\/relaisgourmet.com\\\/es\\\/producto\\\/quintessencia-de-foie-gras-y-pechuga-de-pato-ahumada\\\/#breadcrumb\",\"itemListElement\":[{\"@type\":\"ListItem\",\"position\":1,\"name\":\"Inicio\",\"item\":\"https:\\\/\\\/relaisgourmet.com\\\/es\\\/inicio\\\/\"},{\"@type\":\"ListItem\",\"position\":2,\"name\":\"Todos nuestros productos\",\"item\":\"https:\\\/\\\/relaisgourmet.com\\\/es\\\/tienda\\\/\"},{\"@type\":\"ListItem\",\"position\":3,\"name\":\"Quintessencia de foie gras y pechuga de pato ahumada\"}]},{\"@type\":\"WebSite\",\"@id\":\"https:\\\/\\\/relaisgourmet.com\\\/es\\\/#website\",\"url\":\"https:\\\/\\\/relaisgourmet.com\\\/es\\\/\",\"name\":\"Relais Gourmet\",\"description\":\"Foie Gras 100% Fran\u00e7ais\",\"publisher\":{\"@id\":\"https:\\\/\\\/relaisgourmet.com\\\/es\\\/#organization\"},\"potentialAction\":[{\"@type\":\"SearchAction\",\"target\":{\"@type\":\"EntryPoint\",\"urlTemplate\":\"https:\\\/\\\/relaisgourmet.com\\\/es\\\/?s={search_term_string}\"},\"query-input\":{\"@type\":\"PropertyValueSpecification\",\"valueRequired\":true,\"valueName\":\"search_term_string\"}}],\"inLanguage\":\"es\"},{\"@type\":\"Organization\",\"@id\":\"https:\\\/\\\/relaisgourmet.com\\\/es\\\/#organization\",\"name\":\"Relais Gourmet\",\"url\":\"https:\\\/\\\/relaisgourmet.com\\\/es\\\/\",\"logo\":{\"@type\":\"ImageObject\",\"inLanguage\":\"es\",\"@id\":\"https:\\\/\\\/relaisgourmet.com\\\/es\\\/#\\\/schema\\\/logo\\\/image\\\/\",\"url\":\"https:\\\/\\\/relaisgourmet.com\\\/wp-content\\\/uploads\\\/2026\\\/03\\\/yoast-logo-2-relais-gourmet-.png\",\"contentUrl\":\"https:\\\/\\\/relaisgourmet.com\\\/wp-content\\\/uploads\\\/2026\\\/03\\\/yoast-logo-2-relais-gourmet-.png\",\"width\":1200,\"height\":675,\"caption\":\"Relais Gourmet\"},\"image\":{\"@id\":\"https:\\\/\\\/relaisgourmet.com\\\/es\\\/#\\\/schema\\\/logo\\\/image\\\/\"},\"sameAs\":[\"https:\\\/\\\/www.facebook.com\\\/relaisgourmet\\\/\",\"https:\\\/\\\/x.com\\\/relaisgourmet64\",\"https:\\\/\\\/www.instagram.com\\\/relaisgourmetofficiel\",\"https:\\\/\\\/www.pinterest.fr\\\/relaisgourmet\\\/\"],\"email\":\"yaqueche@relaisgourmet.com\",\"telephone\":\"+33 0 5 40 07 07 65\",\"legalName\":\"Relais Gourmet\",\"vatID\":\"FR13482415015\",\"taxID\":\"482415015\"}]}<\/script>\n<!-- \/ Yoast SEO Premium plugin. -->","yoast_head_json":{"title":"Quintesencia de Foie Gras y Pechugo de Pato Ahumado &#8211;","description":"Caja Quintessence: la refinada combinaci\u00f3n de foie gras y pechuga de pato ahumada, en un formato exclusivo.","robots":{"index":"index","follow":"follow","max-snippet":"max-snippet:-1","max-image-preview":"max-image-preview:large","max-video-preview":"max-video-preview:-1"},"canonical":"https:\/\/relaisgourmet.com\/es\/producto\/quintessencia-de-foie-gras-y-pechuga-de-pato-ahumada\/","og_locale":"es_ES","og_type":"article","og_title":"Quintessencia de foie gras y pechuga de pato ahumada","og_description":"\u00a1Nuestra Quintesencia de Foie Gras y Pechuga de Pato Ahumada con un sabor \u00fanico!  Producci\u00f3n 100% francesa \u2714 garantizada. Garantizada sin conservantes, aditivos ni colorantes. \ud83c\udf43 Patos alimentados con ma\u00edz amarillo \ud83d\ude9a Env\u00edo r\u00e1pido en todo el mundo \ud83d\udd53 mantiene un pago seguro de 3 a\u00f1os\ud83d\udd10 Peso neto: 180g","og_url":"https:\/\/relaisgourmet.com\/es\/producto\/quintessencia-de-foie-gras-y-pechuga-de-pato-ahumada\/","og_site_name":"Relais Gourmet","article_publisher":"https:\/\/www.facebook.com\/relaisgourmet\/","article_modified_time":"2026-04-01T22:36:08+00:00","og_image":[{"width":2560,"height":2560,"url":"https:\/\/relaisgourmet.com\/wp-content\/uploads\/2026\/03\/Apero-Quintessence-1-scaled-1.jpg","type":"image\/jpeg"}],"twitter_card":"summary_large_image","twitter_site":"@relaisgourmet64","twitter_misc":{"Tiempo de lectura":"1 minuto"},"schema":{"@context":"https:\/\/schema.org","@graph":[{"@type":"WebPage","@id":"https:\/\/relaisgourmet.com\/es\/producto\/quintessencia-de-foie-gras-y-pechuga-de-pato-ahumada\/","url":"https:\/\/relaisgourmet.com\/es\/producto\/quintessencia-de-foie-gras-y-pechuga-de-pato-ahumada\/","name":"Quintesencia de Foie Gras y Pechugo de Pato Ahumado &#8211;","isPartOf":{"@id":"https:\/\/relaisgourmet.com\/es\/#website"},"primaryImageOfPage":{"@id":"https:\/\/relaisgourmet.com\/es\/producto\/quintessencia-de-foie-gras-y-pechuga-de-pato-ahumada\/#primaryimage"},"image":{"@id":"https:\/\/relaisgourmet.com\/es\/producto\/quintessencia-de-foie-gras-y-pechuga-de-pato-ahumada\/#primaryimage"},"thumbnailUrl":"https:\/\/relaisgourmet.com\/wp-content\/uploads\/2026\/03\/Apero-Quintessence-1-scaled-1.jpg","datePublished":"2026-03-10T12:24:09+00:00","dateModified":"2026-04-01T22:36:08+00:00","description":"Caja Quintessence: la refinada combinaci\u00f3n de foie gras y pechuga de pato ahumada, en un formato exclusivo.","breadcrumb":{"@id":"https:\/\/relaisgourmet.com\/es\/producto\/quintessencia-de-foie-gras-y-pechuga-de-pato-ahumada\/#breadcrumb"},"inLanguage":"es","potentialAction":[{"@type":"ReadAction","target":["https:\/\/relaisgourmet.com\/es\/producto\/quintessencia-de-foie-gras-y-pechuga-de-pato-ahumada\/"]}]},{"@type":"ImageObject","inLanguage":"es","@id":"https:\/\/relaisgourmet.com\/es\/producto\/quintessencia-de-foie-gras-y-pechuga-de-pato-ahumada\/#primaryimage","url":"https:\/\/relaisgourmet.com\/wp-content\/uploads\/2026\/03\/Apero-Quintessence-1-scaled-1.jpg","contentUrl":"https:\/\/relaisgourmet.com\/wp-content\/uploads\/2026\/03\/Apero-Quintessence-1-scaled-1.jpg","width":2560,"height":2560},{"@type":"BreadcrumbList","@id":"https:\/\/relaisgourmet.com\/es\/producto\/quintessencia-de-foie-gras-y-pechuga-de-pato-ahumada\/#breadcrumb","itemListElement":[{"@type":"ListItem","position":1,"name":"Inicio","item":"https:\/\/relaisgourmet.com\/es\/inicio\/"},{"@type":"ListItem","position":2,"name":"Todos nuestros productos","item":"https:\/\/relaisgourmet.com\/es\/tienda\/"},{"@type":"ListItem","position":3,"name":"Quintessencia de foie gras y pechuga de pato ahumada"}]},{"@type":"WebSite","@id":"https:\/\/relaisgourmet.com\/es\/#website","url":"https:\/\/relaisgourmet.com\/es\/","name":"Relais Gourmet","description":"Foie Gras 100% Fran\u00e7ais","publisher":{"@id":"https:\/\/relaisgourmet.com\/es\/#organization"},"potentialAction":[{"@type":"SearchAction","target":{"@type":"EntryPoint","urlTemplate":"https:\/\/relaisgourmet.com\/es\/?s={search_term_string}"},"query-input":{"@type":"PropertyValueSpecification","valueRequired":true,"valueName":"search_term_string"}}],"inLanguage":"es"},{"@type":"Organization","@id":"https:\/\/relaisgourmet.com\/es\/#organization","name":"Relais Gourmet","url":"https:\/\/relaisgourmet.com\/es\/","logo":{"@type":"ImageObject","inLanguage":"es","@id":"https:\/\/relaisgourmet.com\/es\/#\/schema\/logo\/image\/","url":"https:\/\/relaisgourmet.com\/wp-content\/uploads\/2026\/03\/yoast-logo-2-relais-gourmet-.png","contentUrl":"https:\/\/relaisgourmet.com\/wp-content\/uploads\/2026\/03\/yoast-logo-2-relais-gourmet-.png","width":1200,"height":675,"caption":"Relais Gourmet"},"image":{"@id":"https:\/\/relaisgourmet.com\/es\/#\/schema\/logo\/image\/"},"sameAs":["https:\/\/www.facebook.com\/relaisgourmet\/","https:\/\/x.com\/relaisgourmet64","https:\/\/www.instagram.com\/relaisgourmetofficiel","https:\/\/www.pinterest.fr\/relaisgourmet\/"],"email":"yaqueche@relaisgourmet.com","telephone":"+33 0 5 40 07 07 65","legalName":"Relais Gourmet","vatID":"FR13482415015","taxID":"482415015"}]}},"_links":{"self":[{"href":"https:\/\/relaisgourmet.com\/es\/wp-json\/wp\/v2\/product\/64088","targetHints":{"allow":["GET"]}}],"collection":[{"href":"https:\/\/relaisgourmet.com\/es\/wp-json\/wp\/v2\/product"}],"about":[{"href":"https:\/\/relaisgourmet.com\/es\/wp-json\/wp\/v2\/types\/product"}],"replies":[{"embeddable":true,"href":"https:\/\/relaisgourmet.com\/es\/wp-json\/wp\/v2\/comments?post=64088"}],"wp:featuredmedia":[{"embeddable":true,"href":"https:\/\/relaisgourmet.com\/es\/wp-json\/wp\/v2\/media\/64089"}],"wp:attachment":[{"href":"https:\/\/relaisgourmet.com\/es\/wp-json\/wp\/v2\/media?parent=64088"}],"wp:term":[{"taxonomy":"product_brand","embeddable":true,"href":"https:\/\/relaisgourmet.com\/es\/wp-json\/wp\/v2\/product_brand?post=64088"},{"taxonomy":"product_cat","embeddable":true,"href":"https:\/\/relaisgourmet.com\/es\/wp-json\/wp\/v2\/product_cat?post=64088"},{"taxonomy":"product_tag","embeddable":true,"href":"https:\/\/relaisgourmet.com\/es\/wp-json\/wp\/v2\/product_tag?post=64088"},{"taxonomy":"giftcard-category","embeddable":true,"href":"https:\/\/relaisgourmet.com\/es\/wp-json\/wp\/v2\/giftcard-category?post=64088"}],"curies":[{"name":"wp","href":"https:\/\/api.w.org\/{rel}","templated":true}]}}