{"id":64043,"date":"2026-03-10T12:24:45","date_gmt":"2026-03-10T12:24:45","guid":{"rendered":"https:\/\/strange-jennings.213-136-85-46.plesk.page\/product\/caja-de-maravillas-clasica-emblematica\/"},"modified":"2026-04-01T22:42:20","modified_gmt":"2026-04-01T22:42:20","slug":"caja-de-maravillas-clasica-emblematica","status":"publish","type":"product","link":"https:\/\/relaisgourmet.com\/es\/producto\/caja-de-maravillas-clasica-emblematica\/","title":{"rendered":"Caja de maravillas cl\u00e1sica emblem\u00e1tica"},"content":{"rendered":"<p><strong>Descubre<\/strong> nuestra <strong>Caja Maravilla Cl\u00e1sica<\/strong>, una aut\u00e9ntica experiencia gastron\u00f3mica con nuestro delicioso <strong>Foie Gras del Suroeste<\/strong>. Esta variada selecci\u00f3n te ofrece una experiencia de sabor \u00fanica y refinada, resaltando los exquisitos sabores de nuestra regi\u00f3n. <\/p>\n<p><b>Garantizado sin conservantes, colorantes ni aditivos.<\/b><\/p>\n<p><b>Composici\u00f3n:<\/b><\/p>\n<ul>\n<li style=\"font-weight: 400;\"><strong>Foie Gras entero puro (80 g)<\/strong><\/li>\n<li style=\"font-weight: 400;\"><strong>Foie Gras entero con Armagnac (80g)<\/strong><\/li>\n<li style=\"font-weight: 400;\"><strong>Foie Gras entero con pimiento espelette (80g)<\/strong><\/li>\n<\/ul>\n<p>&nbsp;<\/p>\n<p><b>Almacenamiento:  <\/b><\/p>\n<p><span style=\"font-weight: 400;\">3 a\u00f1os a temperatura ambiente. Despu\u00e9s de abrirlo, cons\u00famelo en un plazo de 15 d\u00edas y gu\u00e1rdalo en la nevera. <\/span><\/p>\n<p><b>Prep\u00e1rate para un momento de indulgencia:<\/b><\/p>\n<p><span style=\"font-weight: 400;\">Encuentra todos nuestros consejos y trucos para preparar el Foie Gras que conforman nuestra Caja de Maravillas Cl\u00e1sica en la secci\u00f3n <a href=\"\/?page_id=33969\">de Blogs<\/a> y tambi\u00e9n en nuestra p\u00e1gina <a href=\"https:\/\/www.instagram.com\/relaisgourmetofficiel\/\">de Instagram<\/a>.<\/span><\/p>\n","protected":false},"excerpt":{"rendered":"<p>Sum\u00e9rgete en el esplendor de la tradici\u00f3n culinaria francesa con nuestra Caja de Maravillas Cl\u00e1sica.<\/p>\n<p><img decoding=\"async\" class=\"emoji\" role=\"img\" src=\"https:\/\/s.w.org\/images\/core\/emoji\/15.0.3\/svg\/1f1eb-1f1f7.svg\" alt=\"\ud83c\uddeb\ud83c\uddf7\"> Producci\u00f3n 100% francesa<br \/>\n\u2714 garantizada. Garantizada sin conservantes, aditivos ni colorantes.<br \/>\n\ud83c\udf43 Patos alimentados con ma\u00edz amarillo<br \/>\n\ud83d\ude9a Env\u00edo r\u00e1pido en todo el mundo<br \/>\n\ud83d\udd53 durante 3 a\u00f1os<br \/>\n\ud83d\udd10 Pago seguro<\/p>\n<p>Peso neto: 240g (80&#215;3)<\/p>\n","protected":false},"featured_media":64050,"comment_status":"closed","ping_status":"closed","template":"","meta":{"_iconic_wsb_product_page_order_bump_ids":[[]],"_sku":["3P-DVHE-CC7I"],"_iconic_wsb_product_page_bump_modal_ids":[[]]},"product_brand":[],"product_cat":[1664,1678],"product_tag":[1937,1946,1947,1940,1949,1962,1954,1952,1953,1931,1955,1665,1939,1933,1956,1957,1959,1958,1960,1944,1969,1942,1951,1934,1961,1950,1964,1965,1963,1948,1966,1967,1968],"giftcard-category":[],"class_list":{"0":"post-64043","1":"product","2":"type-product","3":"status-publish","4":"has-post-thumbnail","6":"product_cat-foie-gras","7":"product_cat-sets-de-regalo","8":"product_tag-armagnac","9":"product_tag-aromas-amaderados","10":"product_tag-artesania-francesa","11":"product_tag-buen-foie-gras","12":"product_tag-caja-maravilla-clasica","13":"product_tag-calidad-superior","14":"product_tag-cata-de-foie-gras","15":"product_tag-clasico","16":"product_tag-cocina-francesa-de-lujo","17":"product_tag-compra-foie-gras","18":"product_tag-experiencia-de-sabor-unica","19":"product_tag-fabricado-en-francia","20":"product_tag-foie-gras-con-armagnac","21":"product_tag-foie-gras-con-pimiento-espelette","22":"product_tag-foie-gras-excepcional","23":"product_tag-foie-gras-simple","24":"product_tag-gastronomia-vasca","25":"product_tag-grqs-hepatica","26":"product_tag-lujo-culinario","27":"product_tag-manada","28":"product_tag-naturaleza","29":"product_tag-oferta","30":"product_tag-pato-del-suroeste","31":"product_tag-pimiento-espelette","32":"product_tag-producto-artesanal-frances","33":"product_tag-regalo-gourmet","34":"product_tag-sabor-profundo","35":"product_tag-sabores-del-suroeste","36":"product_tag-sin-conservantes","37":"product_tag-surtido","38":"product_tag-textura-de-fusion","39":"product_tag-tradicion-gastronomica","40":"product_tag-trilogia-gourmet-francesa","41":"product_shipping_class-estandar","43":"first","44":"instock","45":"taxable","46":"shipping-taxable","47":"purchasable","48":"product-type-simple"},"yoast_head":"<!-- This site is optimized with the Yoast SEO Premium plugin v27.3 (Yoast SEO v27.3) - https:\/\/yoast.com\/product\/yoast-seo-premium-wordpress\/ -->\n<title>Caja de Maravillas Cl\u00e1sica | Relais Gourmet<\/title>\n<meta name=\"description\" content=\"Classic Wonder Box: una selecci\u00f3n refinada de nuestros dulces cl\u00e1sicos.\" \/>\n<meta name=\"robots\" content=\"index, follow, max-snippet:-1, max-image-preview:large, max-video-preview:-1\" \/>\n<link rel=\"canonical\" href=\"https:\/\/relaisgourmet.com\/es\/producto\/caja-de-maravillas-clasica-emblematica\/\" \/>\n<meta property=\"og:locale\" content=\"es_ES\" \/>\n<meta property=\"og:type\" content=\"article\" \/>\n<meta property=\"og:title\" content=\"Caja de maravillas cl\u00e1sica emblem\u00e1tica\" \/>\n<meta property=\"og:description\" content=\"Sum\u00e9rgete en el esplendor de la tradici\u00f3n culinaria francesa con nuestra Caja de Maravillas Cl\u00e1sica.  Producci\u00f3n 100% francesa \u2714 garantizada. Garantizada sin conservantes, aditivos ni colorantes. \ud83c\udf43 Patos alimentados con ma\u00edz amarillo \ud83d\ude9a Env\u00edo r\u00e1pido en todo el mundo \ud83d\udd53 durante 3 a\u00f1os \ud83d\udd10 Pago seguro Peso neto: 240g (80x3)\" \/>\n<meta property=\"og:url\" content=\"https:\/\/relaisgourmet.com\/es\/producto\/caja-de-maravillas-clasica-emblematica\/\" \/>\n<meta property=\"og:site_name\" content=\"Relais Gourmet\" \/>\n<meta property=\"article:publisher\" content=\"https:\/\/www.facebook.com\/relaisgourmet\/\" \/>\n<meta property=\"article:modified_time\" content=\"2026-04-01T22:42:20+00:00\" \/>\n<meta property=\"og:image\" content=\"https:\/\/relaisgourmet.com\/wp-content\/uploads\/2026\/03\/boite-a-merveille-classique2.jpg\" \/>\n\t<meta property=\"og:image:width\" content=\"840\" \/>\n\t<meta property=\"og:image:height\" content=\"840\" \/>\n\t<meta property=\"og:image:type\" content=\"image\/jpeg\" \/>\n<meta name=\"twitter:card\" content=\"summary_large_image\" \/>\n<meta name=\"twitter:site\" content=\"@relaisgourmet64\" \/>\n<meta name=\"twitter:label1\" content=\"Tiempo de lectura\" \/>\n\t<meta name=\"twitter:data1\" content=\"1 minuto\" \/>\n<script type=\"application\/ld+json\" class=\"yoast-schema-graph\">{\"@context\":\"https:\\\/\\\/schema.org\",\"@graph\":[{\"@type\":\"WebPage\",\"@id\":\"https:\\\/\\\/relaisgourmet.com\\\/es\\\/producto\\\/caja-de-maravillas-clasica-emblematica\\\/\",\"url\":\"https:\\\/\\\/relaisgourmet.com\\\/es\\\/producto\\\/caja-de-maravillas-clasica-emblematica\\\/\",\"name\":\"Caja de Maravillas Cl\u00e1sica | Relais Gourmet\",\"isPartOf\":{\"@id\":\"https:\\\/\\\/relaisgourmet.com\\\/es\\\/#website\"},\"primaryImageOfPage\":{\"@id\":\"https:\\\/\\\/relaisgourmet.com\\\/es\\\/producto\\\/caja-de-maravillas-clasica-emblematica\\\/#primaryimage\"},\"image\":{\"@id\":\"https:\\\/\\\/relaisgourmet.com\\\/es\\\/producto\\\/caja-de-maravillas-clasica-emblematica\\\/#primaryimage\"},\"thumbnailUrl\":\"https:\\\/\\\/relaisgourmet.com\\\/wp-content\\\/uploads\\\/2026\\\/03\\\/boite-a-merveille-classique2.jpg\",\"datePublished\":\"2026-03-10T12:24:45+00:00\",\"dateModified\":\"2026-04-01T22:42:20+00:00\",\"description\":\"Classic Wonder Box: una selecci\u00f3n refinada de nuestros dulces cl\u00e1sicos.\",\"breadcrumb\":{\"@id\":\"https:\\\/\\\/relaisgourmet.com\\\/es\\\/producto\\\/caja-de-maravillas-clasica-emblematica\\\/#breadcrumb\"},\"inLanguage\":\"es\",\"potentialAction\":[{\"@type\":\"ReadAction\",\"target\":[\"https:\\\/\\\/relaisgourmet.com\\\/es\\\/producto\\\/caja-de-maravillas-clasica-emblematica\\\/\"]}]},{\"@type\":\"ImageObject\",\"inLanguage\":\"es\",\"@id\":\"https:\\\/\\\/relaisgourmet.com\\\/es\\\/producto\\\/caja-de-maravillas-clasica-emblematica\\\/#primaryimage\",\"url\":\"https:\\\/\\\/relaisgourmet.com\\\/wp-content\\\/uploads\\\/2026\\\/03\\\/boite-a-merveille-classique2.jpg\",\"contentUrl\":\"https:\\\/\\\/relaisgourmet.com\\\/wp-content\\\/uploads\\\/2026\\\/03\\\/boite-a-merveille-classique2.jpg\",\"width\":840,\"height\":840},{\"@type\":\"BreadcrumbList\",\"@id\":\"https:\\\/\\\/relaisgourmet.com\\\/es\\\/producto\\\/caja-de-maravillas-clasica-emblematica\\\/#breadcrumb\",\"itemListElement\":[{\"@type\":\"ListItem\",\"position\":1,\"name\":\"Inicio\",\"item\":\"https:\\\/\\\/relaisgourmet.com\\\/es\\\/inicio\\\/\"},{\"@type\":\"ListItem\",\"position\":2,\"name\":\"Todos nuestros productos\",\"item\":\"https:\\\/\\\/relaisgourmet.com\\\/es\\\/tienda\\\/\"},{\"@type\":\"ListItem\",\"position\":3,\"name\":\"Caja de maravillas cl\u00e1sica emblem\u00e1tica\"}]},{\"@type\":\"WebSite\",\"@id\":\"https:\\\/\\\/relaisgourmet.com\\\/es\\\/#website\",\"url\":\"https:\\\/\\\/relaisgourmet.com\\\/es\\\/\",\"name\":\"Relais Gourmet\",\"description\":\"Foie Gras 100% Fran\u00e7ais\",\"publisher\":{\"@id\":\"https:\\\/\\\/relaisgourmet.com\\\/es\\\/#organization\"},\"potentialAction\":[{\"@type\":\"SearchAction\",\"target\":{\"@type\":\"EntryPoint\",\"urlTemplate\":\"https:\\\/\\\/relaisgourmet.com\\\/es\\\/?s={search_term_string}\"},\"query-input\":{\"@type\":\"PropertyValueSpecification\",\"valueRequired\":true,\"valueName\":\"search_term_string\"}}],\"inLanguage\":\"es\"},{\"@type\":\"Organization\",\"@id\":\"https:\\\/\\\/relaisgourmet.com\\\/es\\\/#organization\",\"name\":\"Relais Gourmet\",\"url\":\"https:\\\/\\\/relaisgourmet.com\\\/es\\\/\",\"logo\":{\"@type\":\"ImageObject\",\"inLanguage\":\"es\",\"@id\":\"https:\\\/\\\/relaisgourmet.com\\\/es\\\/#\\\/schema\\\/logo\\\/image\\\/\",\"url\":\"https:\\\/\\\/relaisgourmet.com\\\/wp-content\\\/uploads\\\/2026\\\/03\\\/yoast-logo-2-relais-gourmet-.png\",\"contentUrl\":\"https:\\\/\\\/relaisgourmet.com\\\/wp-content\\\/uploads\\\/2026\\\/03\\\/yoast-logo-2-relais-gourmet-.png\",\"width\":1200,\"height\":675,\"caption\":\"Relais Gourmet\"},\"image\":{\"@id\":\"https:\\\/\\\/relaisgourmet.com\\\/es\\\/#\\\/schema\\\/logo\\\/image\\\/\"},\"sameAs\":[\"https:\\\/\\\/www.facebook.com\\\/relaisgourmet\\\/\",\"https:\\\/\\\/x.com\\\/relaisgourmet64\",\"https:\\\/\\\/www.instagram.com\\\/relaisgourmetofficiel\",\"https:\\\/\\\/www.pinterest.fr\\\/relaisgourmet\\\/\"],\"email\":\"yaqueche@relaisgourmet.com\",\"telephone\":\"+33 0 5 40 07 07 65\",\"legalName\":\"Relais Gourmet\",\"vatID\":\"FR13482415015\",\"taxID\":\"482415015\"}]}<\/script>\n<!-- \/ Yoast SEO Premium plugin. -->","yoast_head_json":{"title":"Caja de Maravillas Cl\u00e1sica | Relais Gourmet","description":"Classic Wonder Box: una selecci\u00f3n refinada de nuestros dulces cl\u00e1sicos.","robots":{"index":"index","follow":"follow","max-snippet":"max-snippet:-1","max-image-preview":"max-image-preview:large","max-video-preview":"max-video-preview:-1"},"canonical":"https:\/\/relaisgourmet.com\/es\/producto\/caja-de-maravillas-clasica-emblematica\/","og_locale":"es_ES","og_type":"article","og_title":"Caja de maravillas cl\u00e1sica emblem\u00e1tica","og_description":"Sum\u00e9rgete en el esplendor de la tradici\u00f3n culinaria francesa con nuestra Caja de Maravillas Cl\u00e1sica.  Producci\u00f3n 100% francesa \u2714 garantizada. Garantizada sin conservantes, aditivos ni colorantes. \ud83c\udf43 Patos alimentados con ma\u00edz amarillo \ud83d\ude9a Env\u00edo r\u00e1pido en todo el mundo \ud83d\udd53 durante 3 a\u00f1os \ud83d\udd10 Pago seguro Peso neto: 240g (80x3)","og_url":"https:\/\/relaisgourmet.com\/es\/producto\/caja-de-maravillas-clasica-emblematica\/","og_site_name":"Relais Gourmet","article_publisher":"https:\/\/www.facebook.com\/relaisgourmet\/","article_modified_time":"2026-04-01T22:42:20+00:00","og_image":[{"width":840,"height":840,"url":"https:\/\/relaisgourmet.com\/wp-content\/uploads\/2026\/03\/boite-a-merveille-classique2.jpg","type":"image\/jpeg"}],"twitter_card":"summary_large_image","twitter_site":"@relaisgourmet64","twitter_misc":{"Tiempo de lectura":"1 minuto"},"schema":{"@context":"https:\/\/schema.org","@graph":[{"@type":"WebPage","@id":"https:\/\/relaisgourmet.com\/es\/producto\/caja-de-maravillas-clasica-emblematica\/","url":"https:\/\/relaisgourmet.com\/es\/producto\/caja-de-maravillas-clasica-emblematica\/","name":"Caja de Maravillas Cl\u00e1sica | Relais Gourmet","isPartOf":{"@id":"https:\/\/relaisgourmet.com\/es\/#website"},"primaryImageOfPage":{"@id":"https:\/\/relaisgourmet.com\/es\/producto\/caja-de-maravillas-clasica-emblematica\/#primaryimage"},"image":{"@id":"https:\/\/relaisgourmet.com\/es\/producto\/caja-de-maravillas-clasica-emblematica\/#primaryimage"},"thumbnailUrl":"https:\/\/relaisgourmet.com\/wp-content\/uploads\/2026\/03\/boite-a-merveille-classique2.jpg","datePublished":"2026-03-10T12:24:45+00:00","dateModified":"2026-04-01T22:42:20+00:00","description":"Classic Wonder Box: una selecci\u00f3n refinada de nuestros dulces cl\u00e1sicos.","breadcrumb":{"@id":"https:\/\/relaisgourmet.com\/es\/producto\/caja-de-maravillas-clasica-emblematica\/#breadcrumb"},"inLanguage":"es","potentialAction":[{"@type":"ReadAction","target":["https:\/\/relaisgourmet.com\/es\/producto\/caja-de-maravillas-clasica-emblematica\/"]}]},{"@type":"ImageObject","inLanguage":"es","@id":"https:\/\/relaisgourmet.com\/es\/producto\/caja-de-maravillas-clasica-emblematica\/#primaryimage","url":"https:\/\/relaisgourmet.com\/wp-content\/uploads\/2026\/03\/boite-a-merveille-classique2.jpg","contentUrl":"https:\/\/relaisgourmet.com\/wp-content\/uploads\/2026\/03\/boite-a-merveille-classique2.jpg","width":840,"height":840},{"@type":"BreadcrumbList","@id":"https:\/\/relaisgourmet.com\/es\/producto\/caja-de-maravillas-clasica-emblematica\/#breadcrumb","itemListElement":[{"@type":"ListItem","position":1,"name":"Inicio","item":"https:\/\/relaisgourmet.com\/es\/inicio\/"},{"@type":"ListItem","position":2,"name":"Todos nuestros productos","item":"https:\/\/relaisgourmet.com\/es\/tienda\/"},{"@type":"ListItem","position":3,"name":"Caja de maravillas cl\u00e1sica emblem\u00e1tica"}]},{"@type":"WebSite","@id":"https:\/\/relaisgourmet.com\/es\/#website","url":"https:\/\/relaisgourmet.com\/es\/","name":"Relais Gourmet","description":"Foie Gras 100% Fran\u00e7ais","publisher":{"@id":"https:\/\/relaisgourmet.com\/es\/#organization"},"potentialAction":[{"@type":"SearchAction","target":{"@type":"EntryPoint","urlTemplate":"https:\/\/relaisgourmet.com\/es\/?s={search_term_string}"},"query-input":{"@type":"PropertyValueSpecification","valueRequired":true,"valueName":"search_term_string"}}],"inLanguage":"es"},{"@type":"Organization","@id":"https:\/\/relaisgourmet.com\/es\/#organization","name":"Relais Gourmet","url":"https:\/\/relaisgourmet.com\/es\/","logo":{"@type":"ImageObject","inLanguage":"es","@id":"https:\/\/relaisgourmet.com\/es\/#\/schema\/logo\/image\/","url":"https:\/\/relaisgourmet.com\/wp-content\/uploads\/2026\/03\/yoast-logo-2-relais-gourmet-.png","contentUrl":"https:\/\/relaisgourmet.com\/wp-content\/uploads\/2026\/03\/yoast-logo-2-relais-gourmet-.png","width":1200,"height":675,"caption":"Relais Gourmet"},"image":{"@id":"https:\/\/relaisgourmet.com\/es\/#\/schema\/logo\/image\/"},"sameAs":["https:\/\/www.facebook.com\/relaisgourmet\/","https:\/\/x.com\/relaisgourmet64","https:\/\/www.instagram.com\/relaisgourmetofficiel","https:\/\/www.pinterest.fr\/relaisgourmet\/"],"email":"yaqueche@relaisgourmet.com","telephone":"+33 0 5 40 07 07 65","legalName":"Relais Gourmet","vatID":"FR13482415015","taxID":"482415015"}]}},"_links":{"self":[{"href":"https:\/\/relaisgourmet.com\/es\/wp-json\/wp\/v2\/product\/64043","targetHints":{"allow":["GET"]}}],"collection":[{"href":"https:\/\/relaisgourmet.com\/es\/wp-json\/wp\/v2\/product"}],"about":[{"href":"https:\/\/relaisgourmet.com\/es\/wp-json\/wp\/v2\/types\/product"}],"replies":[{"embeddable":true,"href":"https:\/\/relaisgourmet.com\/es\/wp-json\/wp\/v2\/comments?post=64043"}],"wp:featuredmedia":[{"embeddable":true,"href":"https:\/\/relaisgourmet.com\/es\/wp-json\/wp\/v2\/media\/64050"}],"wp:attachment":[{"href":"https:\/\/relaisgourmet.com\/es\/wp-json\/wp\/v2\/media?parent=64043"}],"wp:term":[{"taxonomy":"product_brand","embeddable":true,"href":"https:\/\/relaisgourmet.com\/es\/wp-json\/wp\/v2\/product_brand?post=64043"},{"taxonomy":"product_cat","embeddable":true,"href":"https:\/\/relaisgourmet.com\/es\/wp-json\/wp\/v2\/product_cat?post=64043"},{"taxonomy":"product_tag","embeddable":true,"href":"https:\/\/relaisgourmet.com\/es\/wp-json\/wp\/v2\/product_tag?post=64043"},{"taxonomy":"giftcard-category","embeddable":true,"href":"https:\/\/relaisgourmet.com\/es\/wp-json\/wp\/v2\/giftcard-category?post=64043"}],"curies":[{"name":"wp","href":"https:\/\/api.w.org\/{rel}","templated":true}]}}