{"id":63954,"date":"2026-03-10T12:27:02","date_gmt":"2026-03-10T12:27:02","guid":{"rendered":"https:\/\/strange-jennings.213-136-85-46.plesk.page\/product\/toda-la-tradicion-del-foie-gras-de-ganso\/"},"modified":"2026-04-01T22:33:55","modified_gmt":"2026-04-01T22:33:55","slug":"toda-la-tradicion-del-foie-gras-de-ganso","status":"publish","type":"product","link":"https:\/\/relaisgourmet.com\/es\/producto\/toda-la-tradicion-del-foie-gras-de-ganso\/","title":{"rendered":"Toda la tradici\u00f3n del foie gras de ganso"},"content":{"rendered":"<p data-start=\"516\" data-end=\"850\"><strong>El foie gras artesanal de ganso de Relais Gourmet (producci\u00f3n limitada)<\/strong> es un producto excepcional, emblem\u00e1tico de la gran tradici\u00f3n gastron\u00f3mica francesa. Elaborado con l\u00f3bulos enteros cuidadosamente seleccionados, encarna la autenticidad del <strong data-start=\"751\" data-end=\"771\">terroir franc\u00e9s<\/strong> y la finura de un <strong data-start=\"791\" data-end=\"849\">saber artesanal transmitido de generaci\u00f3n en generaci\u00f3n<\/strong>. <\/p>\n<p data-start=\"852\" data-end=\"1235\">Este foie gras artesanal de ganso se distingue por su textura de derretimiento, su sabor delicado y su riqueza arom\u00e1tica. Refleja la nobleza del h\u00edgado de ganso, conocido por ser m\u00e1s sutil que el h\u00edgado de pato, y especialmente popular entre los gourmets. Su producci\u00f3n se basa en una <strong data-start=\"1129\" data-end=\"1155\">receta tradicional francesa<\/strong> , respetuosa con los productos, los tiempos de preparaci\u00f3n y el origen.  <\/p>\n<p data-start=\"1237\" data-end=\"1538\">Relais Gourmet utiliza ingredientes naturales, saludables y puros. No aportan conservantes, aditivos ni colorantes. Se conforman con lo esencial: foie gras de ganso entero, sal y pimienta. Cada tarro se llena a mano y luego se coloca en un tarro para una conservaci\u00f3n \u00f3ptima.   <\/p>\n<article class=\"text-token-text-primary w-full\" dir=\"auto\" data-testid=\"conversation-turn-44\" data-scroll-anchor=\"true\">\n<div class=\"text-base my-auto mx-auto py-5 [--thread-content-margin:--spacing(4)] @[37rem]:[--thread-content-margin:--spacing(6)] @[72rem]:[--thread-content-margin:--spacing(16)] px-(--thread-content-margin)\">\n<div class=\"[--thread-content-max-width:32rem] @[34rem]:[--thread-content-max-width:40rem] @[64rem]:[--thread-content-max-width:48rem] mx-auto flex max-w-(--thread-content-max-width) flex-1 text-base gap-4 md:gap-5 lg:gap-6 group\/turn-messages focus-visible:outline-hidden\" tabindex=\"-1\">\n<div class=\"group\/conversation-turn relative flex w-full min-w-0 flex-col agent-turn\">\n<div class=\"relative flex-col gap-1 md:gap-3\">\n<div class=\"flex max-w-full flex-col grow\">\n<div class=\"min-h-8 text-message relative flex w-full flex-col items-end gap-2 text-start break-words whitespace-normal [.text-message+&amp;]:mt-5\" dir=\"auto\" data-message-author-role=\"assistant\" data-message-id=\"8a734fe8-7629-4d2b-9657-e74ecd422f9f\" data-message-model-slug=\"gpt-4o\">\n<div class=\"flex w-full flex-col gap-1 empty:hidden first:pt-[3px]\">\n<div class=\"markdown prose dark:prose-invert w-full break-words light\">\n<p data-start=\"45\" data-end=\"210\">Puedes servirlo en<strong data-start=\"45\" data-end=\"210\" data-is-last-node=\"\"> comidas festivas,<\/strong> incluirlo en una<strong data-start=\"45\" data-end=\"210\" data-is-last-node=\"\"> caja de regalo o en una cesta gourmet, <\/strong>o regalarlo como<strong data-start=\"45\" data-end=\"210\" data-is-last-node=\"\"> un prestigioso regalo gourmet. <\/strong>Combina perfectamente con pan ligeramente tostado, confit de cebolla o compota de higo, y una copa de vino dulce. Descubre todos nuestros consejos de acompa\u00f1amiento con nuestro art\u00edculo <a href=\"https:\/\/epic-varahamihira.207-180-195-93.plesk.page\/l-art-de-l-accompagnement-du-foie-gras\/\">El arte de acompa\u00f1ar al foie gras<\/a> <\/p>\n<\/div>\n<\/div>\n<\/div>\n<\/div>\n<\/div>\n<\/div>\n<\/div>\n<\/div>\n<\/article>\n<p data-start=\"1866\" data-end=\"2037\"><strong data-start=\"1866\" data-end=\"1883\">Ingredientes:<\/strong> Foie gras entero, sal, pimienta.<br data-start=\"1920\" data-end=\"1923\"><strong data-start=\"1923\" data-end=\"1941\">Bodega:<\/strong> 3 a\u00f1os a temperatura ambiente. Despu\u00e9s de abrirlo, mant\u00e9nlo refrigerado y consume en un plazo de 15 d\u00edas. <\/p>\n<p data-start=\"2039\" data-end=\"2147\">Encuentra todos nuestros consejos de cata e inspiraciones culinarias en nuestro <a href=\"https:\/\/epic-varahamihira.207-180-195-93.plesk.page\/blog-foies-gras-actualite\/\">blog<\/a> y <a href=\"https:\/\/www.instagram.com\/relaisgourmetofficiel\/\">en nuestra p\u00e1gina de Instagram<\/a>.<\/p>\n","protected":false},"excerpt":{"rendered":"<div class=\"text-base my-auto mx-auto py-5 [--thread-content-margin:--spacing(4)] @[37rem]:[--thread-content-margin:--spacing(6)] @[72rem]:[--thread-content-margin:--spacing(16)] px-(--thread-content-margin)\">\n<div class=\"[--thread-content-max-width:32rem] @[34rem]:[--thread-content-max-width:40rem] @[64rem]:[--thread-content-max-width:48rem] mx-auto flex max-w-(--thread-content-max-width) flex-1 text-base gap-4 md:gap-5 lg:gap-6 group\/turn-messages focus-visible:outline-hidden\" tabindex=\"-1\">\n<div class=\"group\/conversation-turn relative flex w-full min-w-0 flex-col agent-turn\">\n<div class=\"relative flex-col gap-1 md:gap-3\">\n<div class=\"flex max-w-full flex-col grow\">\n<div class=\"min-h-8 text-message relative flex w-full flex-col items-end gap-2 text-start break-words whitespace-normal [.text-message+&amp;]:mt-5\" dir=\"auto\" data-message-author-role=\"assistant\" data-message-id=\"d22bd784-1d95-4766-8f87-306743fc1983\" data-message-model-slug=\"gpt-4o\">\n<div class=\"flex w-full flex-col gap-1 empty:hidden first:pt-[3px]\">\n<div class=\"markdown prose dark:prose-invert w-full break-words light\">\n<p class=\"\" data-start=\"0\" data-end=\"145\">La delicadeza del foie gras de ganso se mezcla sutilmente con la riqueza de su condimento, revelando aromas aut\u00e9nticos y delicadamente especiados.<\/p>\n<\/div>\n<\/div>\n<\/div>\n<\/div>\n<\/div>\n<\/div>\n<\/div>\n<\/div>\n<p>\ud83c\uddeb\ud83c\uddf7 Producci\u00f3n limitada garantizada 100% francesa,<br \/>\n \u2714 garantizada sin conservantes, aditivos ni colorantes.<br \/>\nGansos alimentados artesanalmente Entrega r\u00e1pida en todo el mundo\ud83d\udd53<br \/>\n Mantiene el pago seguro durante 3 \ud83c\udf43\ud83d\udd10<br \/>\n a\u00f1os\ud83d\ude9a<\/p>\n<p>Peso neto: 200g<\/p>\n","protected":false},"featured_media":63955,"comment_status":"closed","ping_status":"closed","template":"","meta":{"_iconic_wsb_product_page_order_bump_ids":[[59370,59391]],"_sku":["3760342080494"],"_iconic_wsb_product_page_bump_modal_ids":[[]]},"product_brand":[],"product_cat":[1779],"product_tag":[1781,1718,1719,1782,1720,1783,1788,1665,1789,1784,1785,1790,1787,1786,1791,1717],"giftcard-category":[],"class_list":{"0":"post-63954","1":"product","2":"type-product","3":"status-publish","4":"has-post-thumbnail","6":"product_cat-serie-limitada","7":"product_tag-180g","8":"product_tag-2-partes","9":"product_tag-4-5-raciones","10":"product_tag-400g","11":"product_tag-80g","12":"product_tag-espelette","13":"product_tag-espellette-de-foie-gras","14":"product_tag-fabricado-en-francia","15":"product_tag-foie-gras-chilli","16":"product_tag-foie-gras-con-guindilla","17":"product_tag-foie-gras-con-pimienta-vasca","18":"product_tag-foie-gras-de-ganso","19":"product_tag-foie-gras-espelette","20":"product_tag-foie-gras-vasco","21":"product_tag-limitaciones","22":"product_tag-tipoclasico","23":"product_shipping_class-tva-5-5","25":"first","26":"instock","27":"taxable","28":"shipping-taxable","29":"purchasable","30":"product-type-simple"},"yoast_head":"<!-- This site is optimized with the Yoast SEO Premium plugin v27.3 (Yoast SEO v27.3) - https:\/\/yoast.com\/product\/yoast-seo-premium-wordpress\/ -->\n<title>Toda la tradici\u00f3n del foie gras de ganso &#8211; Relais Gourmet<\/title>\n<meta name=\"description\" content=\"Foie gras de ganso entero artesanal, 100% natural, sin aditivos. Receta aut\u00e9ntica francesa. Producci\u00f3n limitada, sabor \u00fanico\" \/>\n<meta name=\"robots\" content=\"index, follow, max-snippet:-1, max-image-preview:large, max-video-preview:-1\" \/>\n<link rel=\"canonical\" href=\"https:\/\/relaisgourmet.com\/es\/producto\/toda-la-tradicion-del-foie-gras-de-ganso\/\" \/>\n<meta property=\"og:locale\" content=\"es_ES\" \/>\n<meta property=\"og:type\" content=\"article\" \/>\n<meta property=\"og:title\" content=\"Toda la tradici\u00f3n del foie gras de ganso\" \/>\n<meta property=\"og:description\" content=\"La delicadeza del foie gras de ganso se mezcla sutilmente con la riqueza de su condimento, revelando aromas aut\u00e9nticos y delicadamente especiados.     \ud83c\uddeb\ud83c\uddf7 Producci\u00f3n limitada garantizada 100% francesa, \u2714 garantizada sin conservantes, aditivos ni colorantes. Gansos alimentados artesanalmente Entrega r\u00e1pida en todo el mundo\ud83d\udd53 Mantiene el pago seguro durante 3 \ud83c\udf43\ud83d\udd10 a\u00f1os\ud83d\ude9a  Peso neto: 200g\" \/>\n<meta property=\"og:url\" content=\"https:\/\/relaisgourmet.com\/es\/producto\/toda-la-tradicion-del-foie-gras-de-ganso\/\" \/>\n<meta property=\"og:site_name\" content=\"Relais Gourmet\" \/>\n<meta property=\"article:publisher\" content=\"https:\/\/www.facebook.com\/relaisgourmet\/\" \/>\n<meta property=\"article:modified_time\" content=\"2026-04-01T22:33:55+00:00\" \/>\n<meta property=\"og:image\" content=\"https:\/\/relaisgourmet.com\/wp-content\/uploads\/2026\/03\/Oie-min-scaled-1.webp\" \/>\n\t<meta property=\"og:image:width\" content=\"1920\" \/>\n\t<meta property=\"og:image:height\" content=\"1920\" \/>\n\t<meta property=\"og:image:type\" content=\"image\/webp\" \/>\n<meta name=\"twitter:card\" content=\"summary_large_image\" \/>\n<meta name=\"twitter:site\" content=\"@relaisgourmet64\" \/>\n<meta name=\"twitter:label1\" content=\"Tiempo de lectura\" \/>\n\t<meta name=\"twitter:data1\" content=\"1 minuto\" \/>\n<script type=\"application\/ld+json\" class=\"yoast-schema-graph\">{\"@context\":\"https:\\\/\\\/schema.org\",\"@graph\":[{\"@type\":\"WebPage\",\"@id\":\"https:\\\/\\\/relaisgourmet.com\\\/es\\\/producto\\\/toda-la-tradicion-del-foie-gras-de-ganso\\\/\",\"url\":\"https:\\\/\\\/relaisgourmet.com\\\/es\\\/producto\\\/toda-la-tradicion-del-foie-gras-de-ganso\\\/\",\"name\":\"Toda la tradici\u00f3n del foie gras de ganso &#8211; Relais Gourmet\",\"isPartOf\":{\"@id\":\"https:\\\/\\\/relaisgourmet.com\\\/es\\\/#website\"},\"primaryImageOfPage\":{\"@id\":\"https:\\\/\\\/relaisgourmet.com\\\/es\\\/producto\\\/toda-la-tradicion-del-foie-gras-de-ganso\\\/#primaryimage\"},\"image\":{\"@id\":\"https:\\\/\\\/relaisgourmet.com\\\/es\\\/producto\\\/toda-la-tradicion-del-foie-gras-de-ganso\\\/#primaryimage\"},\"thumbnailUrl\":\"https:\\\/\\\/relaisgourmet.com\\\/wp-content\\\/uploads\\\/2026\\\/03\\\/Oie-min-scaled-1.webp\",\"datePublished\":\"2026-03-10T12:27:02+00:00\",\"dateModified\":\"2026-04-01T22:33:55+00:00\",\"description\":\"Foie gras de ganso entero artesanal, 100% natural, sin aditivos. Receta aut\u00e9ntica francesa. Producci\u00f3n limitada, sabor \u00fanico\",\"breadcrumb\":{\"@id\":\"https:\\\/\\\/relaisgourmet.com\\\/es\\\/producto\\\/toda-la-tradicion-del-foie-gras-de-ganso\\\/#breadcrumb\"},\"inLanguage\":\"es\",\"potentialAction\":[{\"@type\":\"ReadAction\",\"target\":[\"https:\\\/\\\/relaisgourmet.com\\\/es\\\/producto\\\/toda-la-tradicion-del-foie-gras-de-ganso\\\/\"]}]},{\"@type\":\"ImageObject\",\"inLanguage\":\"es\",\"@id\":\"https:\\\/\\\/relaisgourmet.com\\\/es\\\/producto\\\/toda-la-tradicion-del-foie-gras-de-ganso\\\/#primaryimage\",\"url\":\"https:\\\/\\\/relaisgourmet.com\\\/wp-content\\\/uploads\\\/2026\\\/03\\\/Oie-min-scaled-1.webp\",\"contentUrl\":\"https:\\\/\\\/relaisgourmet.com\\\/wp-content\\\/uploads\\\/2026\\\/03\\\/Oie-min-scaled-1.webp\",\"width\":1920,\"height\":1920},{\"@type\":\"BreadcrumbList\",\"@id\":\"https:\\\/\\\/relaisgourmet.com\\\/es\\\/producto\\\/toda-la-tradicion-del-foie-gras-de-ganso\\\/#breadcrumb\",\"itemListElement\":[{\"@type\":\"ListItem\",\"position\":1,\"name\":\"Inicio\",\"item\":\"https:\\\/\\\/relaisgourmet.com\\\/es\\\/inicio\\\/\"},{\"@type\":\"ListItem\",\"position\":2,\"name\":\"Todos nuestros productos\",\"item\":\"https:\\\/\\\/relaisgourmet.com\\\/es\\\/tienda\\\/\"},{\"@type\":\"ListItem\",\"position\":3,\"name\":\"Toda la tradici\u00f3n del foie gras de ganso\"}]},{\"@type\":\"WebSite\",\"@id\":\"https:\\\/\\\/relaisgourmet.com\\\/es\\\/#website\",\"url\":\"https:\\\/\\\/relaisgourmet.com\\\/es\\\/\",\"name\":\"Relais Gourmet\",\"description\":\"Foie Gras 100% Fran\u00e7ais\",\"publisher\":{\"@id\":\"https:\\\/\\\/relaisgourmet.com\\\/es\\\/#organization\"},\"potentialAction\":[{\"@type\":\"SearchAction\",\"target\":{\"@type\":\"EntryPoint\",\"urlTemplate\":\"https:\\\/\\\/relaisgourmet.com\\\/es\\\/?s={search_term_string}\"},\"query-input\":{\"@type\":\"PropertyValueSpecification\",\"valueRequired\":true,\"valueName\":\"search_term_string\"}}],\"inLanguage\":\"es\"},{\"@type\":\"Organization\",\"@id\":\"https:\\\/\\\/relaisgourmet.com\\\/es\\\/#organization\",\"name\":\"Relais Gourmet\",\"url\":\"https:\\\/\\\/relaisgourmet.com\\\/es\\\/\",\"logo\":{\"@type\":\"ImageObject\",\"inLanguage\":\"es\",\"@id\":\"https:\\\/\\\/relaisgourmet.com\\\/es\\\/#\\\/schema\\\/logo\\\/image\\\/\",\"url\":\"https:\\\/\\\/relaisgourmet.com\\\/wp-content\\\/uploads\\\/2026\\\/03\\\/yoast-logo-2-relais-gourmet-.png\",\"contentUrl\":\"https:\\\/\\\/relaisgourmet.com\\\/wp-content\\\/uploads\\\/2026\\\/03\\\/yoast-logo-2-relais-gourmet-.png\",\"width\":1200,\"height\":675,\"caption\":\"Relais Gourmet\"},\"image\":{\"@id\":\"https:\\\/\\\/relaisgourmet.com\\\/es\\\/#\\\/schema\\\/logo\\\/image\\\/\"},\"sameAs\":[\"https:\\\/\\\/www.facebook.com\\\/relaisgourmet\\\/\",\"https:\\\/\\\/x.com\\\/relaisgourmet64\",\"https:\\\/\\\/www.instagram.com\\\/relaisgourmetofficiel\",\"https:\\\/\\\/www.pinterest.fr\\\/relaisgourmet\\\/\"],\"email\":\"yaqueche@relaisgourmet.com\",\"telephone\":\"+33 0 5 40 07 07 65\",\"legalName\":\"Relais Gourmet\",\"vatID\":\"FR13482415015\",\"taxID\":\"482415015\"}]}<\/script>\n<!-- \/ Yoast SEO Premium plugin. -->","yoast_head_json":{"title":"Toda la tradici\u00f3n del foie gras de ganso &#8211; Relais Gourmet","description":"Foie gras de ganso entero artesanal, 100% natural, sin aditivos. Receta aut\u00e9ntica francesa. Producci\u00f3n limitada, sabor \u00fanico","robots":{"index":"index","follow":"follow","max-snippet":"max-snippet:-1","max-image-preview":"max-image-preview:large","max-video-preview":"max-video-preview:-1"},"canonical":"https:\/\/relaisgourmet.com\/es\/producto\/toda-la-tradicion-del-foie-gras-de-ganso\/","og_locale":"es_ES","og_type":"article","og_title":"Toda la tradici\u00f3n del foie gras de ganso","og_description":"La delicadeza del foie gras de ganso se mezcla sutilmente con la riqueza de su condimento, revelando aromas aut\u00e9nticos y delicadamente especiados.     \ud83c\uddeb\ud83c\uddf7 Producci\u00f3n limitada garantizada 100% francesa, \u2714 garantizada sin conservantes, aditivos ni colorantes. Gansos alimentados artesanalmente Entrega r\u00e1pida en todo el mundo\ud83d\udd53 Mantiene el pago seguro durante 3 \ud83c\udf43\ud83d\udd10 a\u00f1os\ud83d\ude9a  Peso neto: 200g","og_url":"https:\/\/relaisgourmet.com\/es\/producto\/toda-la-tradicion-del-foie-gras-de-ganso\/","og_site_name":"Relais Gourmet","article_publisher":"https:\/\/www.facebook.com\/relaisgourmet\/","article_modified_time":"2026-04-01T22:33:55+00:00","og_image":[{"width":1920,"height":1920,"url":"https:\/\/relaisgourmet.com\/wp-content\/uploads\/2026\/03\/Oie-min-scaled-1.webp","type":"image\/webp"}],"twitter_card":"summary_large_image","twitter_site":"@relaisgourmet64","twitter_misc":{"Tiempo de lectura":"1 minuto"},"schema":{"@context":"https:\/\/schema.org","@graph":[{"@type":"WebPage","@id":"https:\/\/relaisgourmet.com\/es\/producto\/toda-la-tradicion-del-foie-gras-de-ganso\/","url":"https:\/\/relaisgourmet.com\/es\/producto\/toda-la-tradicion-del-foie-gras-de-ganso\/","name":"Toda la tradici\u00f3n del foie gras de ganso &#8211; Relais Gourmet","isPartOf":{"@id":"https:\/\/relaisgourmet.com\/es\/#website"},"primaryImageOfPage":{"@id":"https:\/\/relaisgourmet.com\/es\/producto\/toda-la-tradicion-del-foie-gras-de-ganso\/#primaryimage"},"image":{"@id":"https:\/\/relaisgourmet.com\/es\/producto\/toda-la-tradicion-del-foie-gras-de-ganso\/#primaryimage"},"thumbnailUrl":"https:\/\/relaisgourmet.com\/wp-content\/uploads\/2026\/03\/Oie-min-scaled-1.webp","datePublished":"2026-03-10T12:27:02+00:00","dateModified":"2026-04-01T22:33:55+00:00","description":"Foie gras de ganso entero artesanal, 100% natural, sin aditivos. Receta aut\u00e9ntica francesa. Producci\u00f3n limitada, sabor \u00fanico","breadcrumb":{"@id":"https:\/\/relaisgourmet.com\/es\/producto\/toda-la-tradicion-del-foie-gras-de-ganso\/#breadcrumb"},"inLanguage":"es","potentialAction":[{"@type":"ReadAction","target":["https:\/\/relaisgourmet.com\/es\/producto\/toda-la-tradicion-del-foie-gras-de-ganso\/"]}]},{"@type":"ImageObject","inLanguage":"es","@id":"https:\/\/relaisgourmet.com\/es\/producto\/toda-la-tradicion-del-foie-gras-de-ganso\/#primaryimage","url":"https:\/\/relaisgourmet.com\/wp-content\/uploads\/2026\/03\/Oie-min-scaled-1.webp","contentUrl":"https:\/\/relaisgourmet.com\/wp-content\/uploads\/2026\/03\/Oie-min-scaled-1.webp","width":1920,"height":1920},{"@type":"BreadcrumbList","@id":"https:\/\/relaisgourmet.com\/es\/producto\/toda-la-tradicion-del-foie-gras-de-ganso\/#breadcrumb","itemListElement":[{"@type":"ListItem","position":1,"name":"Inicio","item":"https:\/\/relaisgourmet.com\/es\/inicio\/"},{"@type":"ListItem","position":2,"name":"Todos nuestros productos","item":"https:\/\/relaisgourmet.com\/es\/tienda\/"},{"@type":"ListItem","position":3,"name":"Toda la tradici\u00f3n del foie gras de ganso"}]},{"@type":"WebSite","@id":"https:\/\/relaisgourmet.com\/es\/#website","url":"https:\/\/relaisgourmet.com\/es\/","name":"Relais Gourmet","description":"Foie Gras 100% Fran\u00e7ais","publisher":{"@id":"https:\/\/relaisgourmet.com\/es\/#organization"},"potentialAction":[{"@type":"SearchAction","target":{"@type":"EntryPoint","urlTemplate":"https:\/\/relaisgourmet.com\/es\/?s={search_term_string}"},"query-input":{"@type":"PropertyValueSpecification","valueRequired":true,"valueName":"search_term_string"}}],"inLanguage":"es"},{"@type":"Organization","@id":"https:\/\/relaisgourmet.com\/es\/#organization","name":"Relais Gourmet","url":"https:\/\/relaisgourmet.com\/es\/","logo":{"@type":"ImageObject","inLanguage":"es","@id":"https:\/\/relaisgourmet.com\/es\/#\/schema\/logo\/image\/","url":"https:\/\/relaisgourmet.com\/wp-content\/uploads\/2026\/03\/yoast-logo-2-relais-gourmet-.png","contentUrl":"https:\/\/relaisgourmet.com\/wp-content\/uploads\/2026\/03\/yoast-logo-2-relais-gourmet-.png","width":1200,"height":675,"caption":"Relais Gourmet"},"image":{"@id":"https:\/\/relaisgourmet.com\/es\/#\/schema\/logo\/image\/"},"sameAs":["https:\/\/www.facebook.com\/relaisgourmet\/","https:\/\/x.com\/relaisgourmet64","https:\/\/www.instagram.com\/relaisgourmetofficiel","https:\/\/www.pinterest.fr\/relaisgourmet\/"],"email":"yaqueche@relaisgourmet.com","telephone":"+33 0 5 40 07 07 65","legalName":"Relais Gourmet","vatID":"FR13482415015","taxID":"482415015"}]}},"_links":{"self":[{"href":"https:\/\/relaisgourmet.com\/es\/wp-json\/wp\/v2\/product\/63954","targetHints":{"allow":["GET"]}}],"collection":[{"href":"https:\/\/relaisgourmet.com\/es\/wp-json\/wp\/v2\/product"}],"about":[{"href":"https:\/\/relaisgourmet.com\/es\/wp-json\/wp\/v2\/types\/product"}],"replies":[{"embeddable":true,"href":"https:\/\/relaisgourmet.com\/es\/wp-json\/wp\/v2\/comments?post=63954"}],"wp:featuredmedia":[{"embeddable":true,"href":"https:\/\/relaisgourmet.com\/es\/wp-json\/wp\/v2\/media\/63955"}],"wp:attachment":[{"href":"https:\/\/relaisgourmet.com\/es\/wp-json\/wp\/v2\/media?parent=63954"}],"wp:term":[{"taxonomy":"product_brand","embeddable":true,"href":"https:\/\/relaisgourmet.com\/es\/wp-json\/wp\/v2\/product_brand?post=63954"},{"taxonomy":"product_cat","embeddable":true,"href":"https:\/\/relaisgourmet.com\/es\/wp-json\/wp\/v2\/product_cat?post=63954"},{"taxonomy":"product_tag","embeddable":true,"href":"https:\/\/relaisgourmet.com\/es\/wp-json\/wp\/v2\/product_tag?post=63954"},{"taxonomy":"giftcard-category","embeddable":true,"href":"https:\/\/relaisgourmet.com\/es\/wp-json\/wp\/v2\/giftcard-category?post=63954"}],"curies":[{"name":"wp","href":"https:\/\/api.w.org\/{rel}","templated":true}]}}