{"id":61801,"date":"2026-03-10T12:26:37","date_gmt":"2026-03-10T12:26:37","guid":{"rendered":"https:\/\/strange-jennings.213-136-85-46.plesk.page\/product\/caja-iraty\/"},"modified":"2026-04-01T22:29:02","modified_gmt":"2026-04-01T22:29:02","slug":"caja-iraty__trashed","status":"publish","type":"product","link":"https:\/\/relaisgourmet.com\/es\/producto\/caja-iraty__trashed\/","title":{"rendered":"Caja Iraty"},"content":{"rendered":"<h4><strong>Descubre el Coffret Iraty: una selecci\u00f3n gourmet para tus aperitivos festivos<\/strong><\/h4>\n<p><span style=\"font-weight: 400;\">El <strong>Coffret Iraty<\/strong> es una creaci\u00f3n exclusiva de <strong>Relais Gourmet<\/strong>, dise\u00f1ada para realzar tus momentos de convivencia en torno al aperitivo. Este cofre ofrece una experiencia gustativa \u00fanica, ideal para compartir en una comida con la familia o los amigos. Como regalo o para darte un capricho, crear\u00e1 preciosos recuerdos gourmet. Esta selecci\u00f3n pone de relieve la autenticidad de los sabores vascos, respetando al mismo tiempo unos criterios de calidad impecables. Cada ingrediente ha sido rigurosamente seleccionado para garantizar una experiencia gustativa incomparable.    <\/span><\/p>\n<p>Se garantiza que esta <strong>caja Iraty<\/strong><strong> no contiene conservantes, colorantes ni aditivos.<\/strong><\/p>\n<p>&nbsp;<\/p>\n<h4><strong>Composici\u00f3n:  <\/strong><\/h4>\n<ul>\n<li><strong>Aperitivo Gourmet con Juran\u00e7on (180 g)<\/strong>: <span style=\"font-weight: 400;\">El vino dulce de Juran\u00e7on aporta aromas afrutados y refinados, perfecto para empezar el aperitivo con suavidad.<\/span><\/li>\n<li><strong>Aperitivo Gourmet con Armagnac (180 g)<\/strong>:<span style=\"font-weight: 400;\">para los amantes de los sabores m\u00e1s fuertes<\/span>.<\/li>\n<li><strong>Aperitivo gourmet con chalota confitada (180 g)<\/strong>: un toque dulce y salado.<\/li>\n<li><strong>Aperitivo de pimiento de Espelette Gourmet (180 g<\/strong>): un toque de car\u00e1cter vasco.<\/li>\n<li><strong>Aperitivo Gourmet con naranja confitada (180 g<\/strong>): una nota delicada y alimonada.<\/li>\n<li><strong>Aperitivo Gourmet con setas Porcini (180 g<\/strong>): una alianza refinada y amaderada.<\/li>\n<\/ul>\n<p>&nbsp;<\/p>\n<h4><strong>Conservaci\u00f3n :<\/strong><\/h4>\n<p>El Coffret Iraty se conservar\u00e1 durante <strong>3 a\u00f1os a temperatura ambiente<\/strong>, para que puedas disfrutarlo cuando quieras. Una vez abierto, recuerda consumirlo antes de 15 d\u00edas y mantenerlo refrigerado para disfrutarlo al m\u00e1ximo. <\/p>\n<p>&nbsp;<\/p>\n<h4><b>Prep\u00e1rate para un momento de indulgencia:<\/b><\/h4>\n<p>Lee todos nuestros consejos y sugerencias de preparaci\u00f3n en nuestro <a href=\"https:\/\/epic-varahamihira.207-180-195-93.plesk.page\/es\/blog-foies-gras-actualite\/\"><strong>blog<\/strong><\/a> y en nuestra <a href=\"https:\/\/www.instagram.com\/relaisgourmetofficiel\/\"><strong>p\u00e1gina de Instagram<\/strong><\/a>.<\/p>\n<p><span style=\"font-weight: 400;\">Tanto si organizas un aperitivo chic como una comida de convivencia, hemos ideado algunas recetas sencillas y creativas para sacar lo mejor de esta selecci\u00f3n \u00fanica Relais Gourmet.<\/span><\/p>\n<p><span style=\"font-weight: 400;\">La <strong>Caja Regalo Iraty<\/strong> es el regalo ideal para cualquier ocasi\u00f3n festiva. Regala o comparte la autenticidad y la elegancia de los productos Relais Gourmet, y crea momentos inolvidables en torno a la gastronom\u00eda vasca. Con el Cofre Iraty, cada momento se convierte en una celebraci\u00f3n del sabor y del saber hacer tradicional.  <\/span><\/p>\n<p>&nbsp;<\/p>\n","protected":false},"excerpt":{"rendered":"<p>Descubre el Coffret Iraty de Relais Gourmet, el aliado ideal para tus aperitivos. Para compartir o regalar, \u00a1para un momento gourmet! <\/p>\n<p><img decoding=\"async\" class=\"emoji\" role=\"img\" src=\"https:\/\/s.w.org\/images\/core\/emoji\/15.0.3\/svg\/1f1eb-1f1f7.svg\" alt=\"\ud83c\uddeb\ud83c\uddf7\">  Garantizado 100% producci\u00f3n francesa<br \/>\n\u2714 Garantizado sin conservantes, aditivos ni colorantes.<br \/>\n\ud83c\udf43 Patos alimentados con ma\u00edz amarillo<br \/>\n\ud83d\ude9a Entrega r\u00e1pida en todo el mundo<br \/>\n\ud83d\udd53 Se conserva 3 a\u00f1os<br \/>\n\ud83d\udd10 Pago seguro<\/p>\n<p>Peso neto: 1,83 kg<\/p>\n","protected":false},"featured_media":61803,"comment_status":"closed","ping_status":"closed","template":"","meta":{"_iconic_wsb_product_page_order_bump_ids":[],"_sku":["3110000346804-1"],"_iconic_wsb_product_page_bump_modal_ids":[]},"product_brand":[],"product_cat":[1674,1678],"product_tag":[1665],"giftcard-category":[],"class_list":{"0":"post-61801","1":"product","2":"type-product","3":"status-publish","4":"has-post-thumbnail","6":"product_cat-aperitivos-para-untar","7":"product_cat-sets-de-regalo","8":"product_tag-fabricado-en-francia","10":"first","11":"instock","12":"taxable","13":"shipping-taxable","14":"purchasable","15":"product-type-simple"},"yoast_head":"<!-- This site is optimized with the Yoast SEO Premium plugin v27.3 (Yoast SEO v27.3) - https:\/\/yoast.com\/product\/yoast-seo-premium-wordpress\/ -->\n<title>Coffret Iraty : Aperitivos vascos gourmet | Relais Gourmet<\/title>\n<meta name=\"description\" content=\"El Set de Regalo Iraty re\u00fane todas las delicias imprescindibles de nuestra casa para una experiencia completa.\" \/>\n<meta name=\"robots\" content=\"index, follow, max-snippet:-1, max-image-preview:large, max-video-preview:-1\" \/>\n<link rel=\"canonical\" href=\"https:\/\/relaisgourmet.com\/es\/producto\/caja-iraty__trashed\/\" \/>\n<meta property=\"og:locale\" content=\"es_ES\" \/>\n<meta property=\"og:type\" content=\"article\" \/>\n<meta property=\"og:title\" content=\"Caja Iraty\" \/>\n<meta property=\"og:description\" content=\"Descubre el Coffret Iraty de Relais Gourmet, el aliado ideal para tus aperitivos. Para compartir o regalar, \u00a1para un momento gourmet!   Garantizado 100% producci\u00f3n francesa \u2714 Garantizado sin conservantes, aditivos ni colorantes. \ud83c\udf43 Patos alimentados con ma\u00edz amarillo \ud83d\ude9a Entrega r\u00e1pida en todo el mundo \ud83d\udd53 Se conserva 3 a\u00f1os \ud83d\udd10 Pago seguro Peso neto: 1,83 kg\" \/>\n<meta property=\"og:url\" content=\"https:\/\/relaisgourmet.com\/es\/producto\/caja-iraty__trashed\/\" \/>\n<meta property=\"og:site_name\" content=\"Relais Gourmet\" \/>\n<meta property=\"article:publisher\" content=\"https:\/\/www.facebook.com\/relaisgourmet\/\" \/>\n<meta property=\"article:modified_time\" content=\"2026-04-01T22:29:02+00:00\" \/>\n<meta property=\"og:image\" content=\"https:\/\/relaisgourmet.com\/wp-content\/uploads\/2026\/03\/Iraty.webp\" \/>\n\t<meta property=\"og:image:width\" content=\"1427\" \/>\n\t<meta property=\"og:image:height\" content=\"1427\" \/>\n\t<meta property=\"og:image:type\" content=\"image\/jpeg\" \/>\n<meta name=\"twitter:card\" content=\"summary_large_image\" \/>\n<meta name=\"twitter:site\" content=\"@relaisgourmet64\" \/>\n<meta name=\"twitter:label1\" content=\"Tiempo de lectura\" \/>\n\t<meta name=\"twitter:data1\" content=\"2 minuto\" \/>\n<script type=\"application\/ld+json\" class=\"yoast-schema-graph\">{\"@context\":\"https:\\\/\\\/schema.org\",\"@graph\":[{\"@type\":\"WebPage\",\"@id\":\"https:\\\/\\\/relaisgourmet.com\\\/es\\\/producto\\\/caja-iraty__trashed\\\/\",\"url\":\"https:\\\/\\\/relaisgourmet.com\\\/es\\\/producto\\\/caja-iraty__trashed\\\/\",\"name\":\"Coffret Iraty : Aperitivos vascos gourmet | Relais Gourmet\",\"isPartOf\":{\"@id\":\"https:\\\/\\\/relaisgourmet.com\\\/es\\\/#website\"},\"primaryImageOfPage\":{\"@id\":\"https:\\\/\\\/relaisgourmet.com\\\/es\\\/producto\\\/caja-iraty__trashed\\\/#primaryimage\"},\"image\":{\"@id\":\"https:\\\/\\\/relaisgourmet.com\\\/es\\\/producto\\\/caja-iraty__trashed\\\/#primaryimage\"},\"thumbnailUrl\":\"https:\\\/\\\/relaisgourmet.com\\\/wp-content\\\/uploads\\\/2026\\\/03\\\/Iraty.webp\",\"datePublished\":\"2026-03-10T12:26:37+00:00\",\"dateModified\":\"2026-04-01T22:29:02+00:00\",\"description\":\"El Set de Regalo Iraty re\u00fane todas las delicias imprescindibles de nuestra casa para una experiencia completa.\",\"breadcrumb\":{\"@id\":\"https:\\\/\\\/relaisgourmet.com\\\/es\\\/producto\\\/caja-iraty__trashed\\\/#breadcrumb\"},\"inLanguage\":\"es\",\"potentialAction\":[{\"@type\":\"ReadAction\",\"target\":[\"https:\\\/\\\/relaisgourmet.com\\\/es\\\/producto\\\/caja-iraty__trashed\\\/\"]}]},{\"@type\":\"ImageObject\",\"inLanguage\":\"es\",\"@id\":\"https:\\\/\\\/relaisgourmet.com\\\/es\\\/producto\\\/caja-iraty__trashed\\\/#primaryimage\",\"url\":\"https:\\\/\\\/relaisgourmet.com\\\/wp-content\\\/uploads\\\/2026\\\/03\\\/Iraty.webp\",\"contentUrl\":\"https:\\\/\\\/relaisgourmet.com\\\/wp-content\\\/uploads\\\/2026\\\/03\\\/Iraty.webp\",\"width\":1427,\"height\":1427},{\"@type\":\"BreadcrumbList\",\"@id\":\"https:\\\/\\\/relaisgourmet.com\\\/es\\\/producto\\\/caja-iraty__trashed\\\/#breadcrumb\",\"itemListElement\":[{\"@type\":\"ListItem\",\"position\":1,\"name\":\"Inicio\",\"item\":\"https:\\\/\\\/relaisgourmet.com\\\/es\\\/inicio\\\/\"},{\"@type\":\"ListItem\",\"position\":2,\"name\":\"Todos nuestros productos\",\"item\":\"https:\\\/\\\/relaisgourmet.com\\\/es\\\/tienda\\\/\"},{\"@type\":\"ListItem\",\"position\":3,\"name\":\"Caja Iraty\"}]},{\"@type\":\"WebSite\",\"@id\":\"https:\\\/\\\/relaisgourmet.com\\\/es\\\/#website\",\"url\":\"https:\\\/\\\/relaisgourmet.com\\\/es\\\/\",\"name\":\"Relais Gourmet\",\"description\":\"Foie Gras 100% Fran\u00e7ais\",\"publisher\":{\"@id\":\"https:\\\/\\\/relaisgourmet.com\\\/es\\\/#organization\"},\"potentialAction\":[{\"@type\":\"SearchAction\",\"target\":{\"@type\":\"EntryPoint\",\"urlTemplate\":\"https:\\\/\\\/relaisgourmet.com\\\/es\\\/?s={search_term_string}\"},\"query-input\":{\"@type\":\"PropertyValueSpecification\",\"valueRequired\":true,\"valueName\":\"search_term_string\"}}],\"inLanguage\":\"es\"},{\"@type\":\"Organization\",\"@id\":\"https:\\\/\\\/relaisgourmet.com\\\/es\\\/#organization\",\"name\":\"Relais Gourmet\",\"url\":\"https:\\\/\\\/relaisgourmet.com\\\/es\\\/\",\"logo\":{\"@type\":\"ImageObject\",\"inLanguage\":\"es\",\"@id\":\"https:\\\/\\\/relaisgourmet.com\\\/es\\\/#\\\/schema\\\/logo\\\/image\\\/\",\"url\":\"https:\\\/\\\/relaisgourmet.com\\\/wp-content\\\/uploads\\\/2026\\\/03\\\/yoast-logo-2-relais-gourmet-.png\",\"contentUrl\":\"https:\\\/\\\/relaisgourmet.com\\\/wp-content\\\/uploads\\\/2026\\\/03\\\/yoast-logo-2-relais-gourmet-.png\",\"width\":1200,\"height\":675,\"caption\":\"Relais Gourmet\"},\"image\":{\"@id\":\"https:\\\/\\\/relaisgourmet.com\\\/es\\\/#\\\/schema\\\/logo\\\/image\\\/\"},\"sameAs\":[\"https:\\\/\\\/www.facebook.com\\\/relaisgourmet\\\/\",\"https:\\\/\\\/x.com\\\/relaisgourmet64\",\"https:\\\/\\\/www.instagram.com\\\/relaisgourmetofficiel\",\"https:\\\/\\\/www.pinterest.fr\\\/relaisgourmet\\\/\"],\"email\":\"yaqueche@relaisgourmet.com\",\"telephone\":\"+33 0 5 40 07 07 65\",\"legalName\":\"Relais Gourmet\",\"vatID\":\"FR13482415015\",\"taxID\":\"482415015\"}]}<\/script>\n<!-- \/ Yoast SEO Premium plugin. -->","yoast_head_json":{"title":"Coffret Iraty : Aperitivos vascos gourmet | Relais Gourmet","description":"El Set de Regalo Iraty re\u00fane todas las delicias imprescindibles de nuestra casa para una experiencia completa.","robots":{"index":"index","follow":"follow","max-snippet":"max-snippet:-1","max-image-preview":"max-image-preview:large","max-video-preview":"max-video-preview:-1"},"canonical":"https:\/\/relaisgourmet.com\/es\/producto\/caja-iraty__trashed\/","og_locale":"es_ES","og_type":"article","og_title":"Caja Iraty","og_description":"Descubre el Coffret Iraty de Relais Gourmet, el aliado ideal para tus aperitivos. Para compartir o regalar, \u00a1para un momento gourmet!   Garantizado 100% producci\u00f3n francesa \u2714 Garantizado sin conservantes, aditivos ni colorantes. \ud83c\udf43 Patos alimentados con ma\u00edz amarillo \ud83d\ude9a Entrega r\u00e1pida en todo el mundo \ud83d\udd53 Se conserva 3 a\u00f1os \ud83d\udd10 Pago seguro Peso neto: 1,83 kg","og_url":"https:\/\/relaisgourmet.com\/es\/producto\/caja-iraty__trashed\/","og_site_name":"Relais Gourmet","article_publisher":"https:\/\/www.facebook.com\/relaisgourmet\/","article_modified_time":"2026-04-01T22:29:02+00:00","og_image":[{"width":1427,"height":1427,"url":"https:\/\/relaisgourmet.com\/wp-content\/uploads\/2026\/03\/Iraty.webp","type":"image\/jpeg"}],"twitter_card":"summary_large_image","twitter_site":"@relaisgourmet64","twitter_misc":{"Tiempo de lectura":"2 minuto"},"schema":{"@context":"https:\/\/schema.org","@graph":[{"@type":"WebPage","@id":"https:\/\/relaisgourmet.com\/es\/producto\/caja-iraty__trashed\/","url":"https:\/\/relaisgourmet.com\/es\/producto\/caja-iraty__trashed\/","name":"Coffret Iraty : Aperitivos vascos gourmet | Relais Gourmet","isPartOf":{"@id":"https:\/\/relaisgourmet.com\/es\/#website"},"primaryImageOfPage":{"@id":"https:\/\/relaisgourmet.com\/es\/producto\/caja-iraty__trashed\/#primaryimage"},"image":{"@id":"https:\/\/relaisgourmet.com\/es\/producto\/caja-iraty__trashed\/#primaryimage"},"thumbnailUrl":"https:\/\/relaisgourmet.com\/wp-content\/uploads\/2026\/03\/Iraty.webp","datePublished":"2026-03-10T12:26:37+00:00","dateModified":"2026-04-01T22:29:02+00:00","description":"El Set de Regalo Iraty re\u00fane todas las delicias imprescindibles de nuestra casa para una experiencia completa.","breadcrumb":{"@id":"https:\/\/relaisgourmet.com\/es\/producto\/caja-iraty__trashed\/#breadcrumb"},"inLanguage":"es","potentialAction":[{"@type":"ReadAction","target":["https:\/\/relaisgourmet.com\/es\/producto\/caja-iraty__trashed\/"]}]},{"@type":"ImageObject","inLanguage":"es","@id":"https:\/\/relaisgourmet.com\/es\/producto\/caja-iraty__trashed\/#primaryimage","url":"https:\/\/relaisgourmet.com\/wp-content\/uploads\/2026\/03\/Iraty.webp","contentUrl":"https:\/\/relaisgourmet.com\/wp-content\/uploads\/2026\/03\/Iraty.webp","width":1427,"height":1427},{"@type":"BreadcrumbList","@id":"https:\/\/relaisgourmet.com\/es\/producto\/caja-iraty__trashed\/#breadcrumb","itemListElement":[{"@type":"ListItem","position":1,"name":"Inicio","item":"https:\/\/relaisgourmet.com\/es\/inicio\/"},{"@type":"ListItem","position":2,"name":"Todos nuestros productos","item":"https:\/\/relaisgourmet.com\/es\/tienda\/"},{"@type":"ListItem","position":3,"name":"Caja Iraty"}]},{"@type":"WebSite","@id":"https:\/\/relaisgourmet.com\/es\/#website","url":"https:\/\/relaisgourmet.com\/es\/","name":"Relais Gourmet","description":"Foie Gras 100% Fran\u00e7ais","publisher":{"@id":"https:\/\/relaisgourmet.com\/es\/#organization"},"potentialAction":[{"@type":"SearchAction","target":{"@type":"EntryPoint","urlTemplate":"https:\/\/relaisgourmet.com\/es\/?s={search_term_string}"},"query-input":{"@type":"PropertyValueSpecification","valueRequired":true,"valueName":"search_term_string"}}],"inLanguage":"es"},{"@type":"Organization","@id":"https:\/\/relaisgourmet.com\/es\/#organization","name":"Relais Gourmet","url":"https:\/\/relaisgourmet.com\/es\/","logo":{"@type":"ImageObject","inLanguage":"es","@id":"https:\/\/relaisgourmet.com\/es\/#\/schema\/logo\/image\/","url":"https:\/\/relaisgourmet.com\/wp-content\/uploads\/2026\/03\/yoast-logo-2-relais-gourmet-.png","contentUrl":"https:\/\/relaisgourmet.com\/wp-content\/uploads\/2026\/03\/yoast-logo-2-relais-gourmet-.png","width":1200,"height":675,"caption":"Relais Gourmet"},"image":{"@id":"https:\/\/relaisgourmet.com\/es\/#\/schema\/logo\/image\/"},"sameAs":["https:\/\/www.facebook.com\/relaisgourmet\/","https:\/\/x.com\/relaisgourmet64","https:\/\/www.instagram.com\/relaisgourmetofficiel","https:\/\/www.pinterest.fr\/relaisgourmet\/"],"email":"yaqueche@relaisgourmet.com","telephone":"+33 0 5 40 07 07 65","legalName":"Relais Gourmet","vatID":"FR13482415015","taxID":"482415015"}]}},"_links":{"self":[{"href":"https:\/\/relaisgourmet.com\/es\/wp-json\/wp\/v2\/product\/61801","targetHints":{"allow":["GET"]}}],"collection":[{"href":"https:\/\/relaisgourmet.com\/es\/wp-json\/wp\/v2\/product"}],"about":[{"href":"https:\/\/relaisgourmet.com\/es\/wp-json\/wp\/v2\/types\/product"}],"replies":[{"embeddable":true,"href":"https:\/\/relaisgourmet.com\/es\/wp-json\/wp\/v2\/comments?post=61801"}],"wp:featuredmedia":[{"embeddable":true,"href":"https:\/\/relaisgourmet.com\/es\/wp-json\/wp\/v2\/media\/61803"}],"wp:attachment":[{"href":"https:\/\/relaisgourmet.com\/es\/wp-json\/wp\/v2\/media?parent=61801"}],"wp:term":[{"taxonomy":"product_brand","embeddable":true,"href":"https:\/\/relaisgourmet.com\/es\/wp-json\/wp\/v2\/product_brand?post=61801"},{"taxonomy":"product_cat","embeddable":true,"href":"https:\/\/relaisgourmet.com\/es\/wp-json\/wp\/v2\/product_cat?post=61801"},{"taxonomy":"product_tag","embeddable":true,"href":"https:\/\/relaisgourmet.com\/es\/wp-json\/wp\/v2\/product_tag?post=61801"},{"taxonomy":"giftcard-category","embeddable":true,"href":"https:\/\/relaisgourmet.com\/es\/wp-json\/wp\/v2\/giftcard-category?post=61801"}],"curies":[{"name":"wp","href":"https:\/\/api.w.org\/{rel}","templated":true}]}}