{"id":61797,"date":"2026-03-10T12:26:59","date_gmt":"2026-03-10T12:26:59","guid":{"rendered":"https:\/\/strange-jennings.213-136-85-46.plesk.page\/product\/conjunto-ametzondo\/"},"modified":"2026-04-01T22:29:19","modified_gmt":"2026-04-01T22:29:19","slug":"conjunto-ametzondo","status":"publish","type":"product","link":"https:\/\/relaisgourmet.com\/es\/producto\/conjunto-ametzondo\/","title":{"rendered":"Conjunto Ametzondo"},"content":{"rendered":"<p><b>Descubre el Estuche Regalo Ametzondo: un viaje culinario excepcional<\/b><\/p>\n<p><span style=\"font-weight: 400;\">El <\/span><b>Estuche Ametzondo<\/b><span style=\"font-weight: 400;\"> es mucho m\u00e1s que una simple caja gourmet; es una aut\u00e9ntica invitaci\u00f3n a degustar productos de primera calidad firmados por <\/span><b>Relais Gourmet<\/b><span style=\"font-weight: 400;\">. <\/span> <\/p>\n<p><span style=\"font-weight: 400;\">Esta caja es perfecta para cualquier ocasi\u00f3n y promete ser un aut\u00e9ntico placer disfrutarla.  <\/span><\/p>\n<p><span style=\"font-weight: 400;\">En <b>Relais Gourmet<\/b>, nos centramos en la naturalidad de nuestros productos. Esto significa que puedes disfrutar del Foie Gras en toda su pureza, sin comprometer la calidad. <\/span><\/p>\n<p>Se garantiza que la Caja Gourmet Ametzondo <strong>no contiene conservantes, colorantes ni aditivos.<\/strong><\/p>\n<p><b>Composici\u00f3n:<\/b><\/p>\n<ul>\n<li style=\"font-weight: 400;\" aria-level=\"1\"><b>Foie Gras Natural Entero<\/b><span style=\"font-weight: 400;\"><strong> (200 g)<\/strong>: para los amantes de los sabores aut\u00e9nticos.<\/span><\/li>\n<li style=\"font-weight: 400;\" aria-level=\"1\"><b>Foie gras entero con trufa negra<\/b><span style=\"font-weight: 400;\"><strong> (200 g)<\/strong>: un delicado maridaje entre el foie gras y el lujo de la trufa.<\/span><\/li>\n<li style=\"font-weight: 400;\" aria-level=\"1\"><b>Foie Gras entero al Sauternes<\/b><span style=\"font-weight: 400;\"><strong> (200 g)<\/strong>: para una sutil nota agridulce.<\/span><\/li>\n<li style=\"font-weight: 400;\" aria-level=\"1\"><b>Una botella de champ\u00e1n<\/b><span style=\"font-weight: 400;\"><strong> (750 ml)<\/strong>: el acompa\u00f1amiento perfecto para estas delicias, para que tu experiencia de degustaci\u00f3n sea a\u00fan m\u00e1s especial.<\/span><\/li>\n<li aria-level=\"1\"><strong>1 Bowser de foie gras (10 g)<\/strong>: sirve para cortar delicadamente el foie gras en rodajas perfectas, combinando precisi\u00f3n y elegancia.<\/li>\n<\/ul>\n<p>&nbsp;<\/p>\n<p><b>Consejos de conservaci\u00f3n y degustaci\u00f3n:<\/b><\/p>\n<p>La <b>caja Ametzondo<\/b> puede conservarse durante 3 a\u00f1os a temperatura ambiente. Una vez abierta, te recomendamos que consumas los productos en un plazo de 15 d\u00edas y los mantengas refrigerados para mantener su frescura y todo su sabor. <\/p>\n<p><b>Consejos para disfrutar de tu caja de Ametzondo<\/b><\/p>\n<p><span style=\"font-weight: 400;\">\u00bfQuieres saber c\u00f3mo hacer que tus Foies Gras sean a\u00fan mejores? Lee nuestros consejos y trucos en nuestra secci\u00f3n <a href=\"https:\/\/epic-varahamihira.207-180-195-93.plesk.page\/blog-foies-gras-actualite\/\">Blog<\/a> y en nuestra p\u00e1gina de <a href=\"https:\/\/www.instagram.com\/relaisgourmetofficiel\/\">Instagram<\/a>. <\/span><\/p>\n<p><span style=\"font-weight: 400;\">El <\/span><b>Set de regalo Ametzondo<\/b><span style=\"font-weight: 400;\"> es la idea de regalo perfecta para los amantes de la gastronom\u00eda refinada. Regala una experiencia de degustaci\u00f3n \u00fanica con esta exclusiva selecci\u00f3n de <\/span><b>Relais Gourmet<\/b><span style=\"font-weight: 400;\">.<\/span><\/p>\n","protected":false},"excerpt":{"rendered":"<p>Descubre el Estuche Regalo Ametzondo de Relais Gourmet, la selecci\u00f3n gourmet perfecta para acompa\u00f1ar todos tus momentos de compartir. \u00a1Perfecto para un aperitivo refinado, un momento de convivencia o un regalo sorpresa! <\/p>\n<p><img decoding=\"async\" class=\"emoji\" role=\"img\" src=\"https:\/\/s.w.org\/images\/core\/emoji\/15.0.3\/svg\/1f1eb-1f1f7.svg\" alt=\"\ud83c\uddeb\ud83c\uddf7\">  Garantizado 100% producci\u00f3n francesa<br \/>\n\u2714 Garantizado sin conservantes, aditivos ni colorantes.<br \/>\n\ud83c\udf43 Patos alimentados con ma\u00edz amarillo<br \/>\n\ud83d\ude9a Entrega r\u00e1pida en todo el mundo<br \/>\n\ud83d\udd53 Se conserva 3 a\u00f1os<br \/>\n\ud83d\udd10 Pago seguro<\/p>\n<div class=\"woocommerce-product-details__short-description\">\n<p>Peso neto: 1,36 kg<\/p>\n<\/div>\n","protected":false},"featured_media":61798,"comment_status":"closed","ping_status":"closed","template":"","meta":{"_iconic_wsb_product_page_order_bump_ids":[],"_sku":["3110000346804-7"],"_iconic_wsb_product_page_bump_modal_ids":[]},"product_brand":[],"product_cat":[1678],"product_tag":[1665],"giftcard-category":[],"class_list":{"0":"post-61797","1":"product","2":"type-product","3":"status-publish","4":"has-post-thumbnail","6":"product_cat-sets-de-regalo","7":"product_tag-fabricado-en-francia","9":"first","10":"instock","11":"taxable","12":"shipping-taxable","13":"purchasable","14":"product-type-simple"},"yoast_head":"<!-- This site is optimized with the Yoast SEO Premium plugin v27.3 (Yoast SEO v27.3) - https:\/\/yoast.com\/product\/yoast-seo-premium-wordpress\/ -->\n<title>Estuche Ametzondo: Foie Gras, Foie Gras Trufado y Champ\u00e1n<\/title>\n<meta name=\"description\" content=\"Descubre la hermosa Caja Ametzondo: un surtido de refinados sabores del Suroeste, ideal para regalar o darte un capricho.\" \/>\n<meta name=\"robots\" content=\"index, follow, max-snippet:-1, max-image-preview:large, max-video-preview:-1\" \/>\n<link rel=\"canonical\" href=\"https:\/\/relaisgourmet.com\/es\/producto\/conjunto-ametzondo\/\" \/>\n<meta property=\"og:locale\" content=\"es_ES\" \/>\n<meta property=\"og:type\" content=\"article\" \/>\n<meta property=\"og:title\" content=\"Conjunto Ametzondo\" \/>\n<meta property=\"og:description\" content=\"Descubre el Estuche Regalo Ametzondo de Relais Gourmet, la selecci\u00f3n gourmet perfecta para acompa\u00f1ar todos tus momentos de compartir. \u00a1Perfecto para un aperitivo refinado, un momento de convivencia o un regalo sorpresa!   Garantizado 100% producci\u00f3n francesa \u2714 Garantizado sin conservantes, aditivos ni colorantes. \ud83c\udf43 Patos alimentados con ma\u00edz amarillo \ud83d\ude9a Entrega r\u00e1pida en todo el mundo \ud83d\udd53 Se conserva 3 a\u00f1os \ud83d\udd10 Pago seguro  Peso neto: 1,36 kg\" \/>\n<meta property=\"og:url\" content=\"https:\/\/relaisgourmet.com\/es\/producto\/conjunto-ametzondo\/\" \/>\n<meta property=\"og:site_name\" content=\"Relais Gourmet\" \/>\n<meta property=\"article:publisher\" content=\"https:\/\/www.facebook.com\/relaisgourmet\/\" \/>\n<meta property=\"article:modified_time\" content=\"2026-04-01T22:29:19+00:00\" \/>\n<meta property=\"og:image\" content=\"https:\/\/relaisgourmet.com\/wp-content\/uploads\/2026\/03\/Ametzondo.webp\" \/>\n\t<meta property=\"og:image:width\" content=\"1583\" \/>\n\t<meta property=\"og:image:height\" content=\"1583\" \/>\n\t<meta property=\"og:image:type\" content=\"image\/jpeg\" \/>\n<meta name=\"twitter:card\" content=\"summary_large_image\" \/>\n<meta name=\"twitter:site\" content=\"@relaisgourmet64\" \/>\n<meta name=\"twitter:label1\" content=\"Tiempo de lectura\" \/>\n\t<meta name=\"twitter:data1\" content=\"2 minuto\" \/>\n<script type=\"application\/ld+json\" class=\"yoast-schema-graph\">{\"@context\":\"https:\\\/\\\/schema.org\",\"@graph\":[{\"@type\":\"WebPage\",\"@id\":\"https:\\\/\\\/relaisgourmet.com\\\/es\\\/producto\\\/conjunto-ametzondo\\\/\",\"url\":\"https:\\\/\\\/relaisgourmet.com\\\/es\\\/producto\\\/conjunto-ametzondo\\\/\",\"name\":\"Estuche Ametzondo: Foie Gras, Foie Gras Trufado y Champ\u00e1n\",\"isPartOf\":{\"@id\":\"https:\\\/\\\/relaisgourmet.com\\\/es\\\/#website\"},\"primaryImageOfPage\":{\"@id\":\"https:\\\/\\\/relaisgourmet.com\\\/es\\\/producto\\\/conjunto-ametzondo\\\/#primaryimage\"},\"image\":{\"@id\":\"https:\\\/\\\/relaisgourmet.com\\\/es\\\/producto\\\/conjunto-ametzondo\\\/#primaryimage\"},\"thumbnailUrl\":\"https:\\\/\\\/relaisgourmet.com\\\/wp-content\\\/uploads\\\/2026\\\/03\\\/Ametzondo.webp\",\"datePublished\":\"2026-03-10T12:26:59+00:00\",\"dateModified\":\"2026-04-01T22:29:19+00:00\",\"description\":\"Descubre la hermosa Caja Ametzondo: un surtido de refinados sabores del Suroeste, ideal para regalar o darte un capricho.\",\"breadcrumb\":{\"@id\":\"https:\\\/\\\/relaisgourmet.com\\\/es\\\/producto\\\/conjunto-ametzondo\\\/#breadcrumb\"},\"inLanguage\":\"es\",\"potentialAction\":[{\"@type\":\"ReadAction\",\"target\":[\"https:\\\/\\\/relaisgourmet.com\\\/es\\\/producto\\\/conjunto-ametzondo\\\/\"]}]},{\"@type\":\"ImageObject\",\"inLanguage\":\"es\",\"@id\":\"https:\\\/\\\/relaisgourmet.com\\\/es\\\/producto\\\/conjunto-ametzondo\\\/#primaryimage\",\"url\":\"https:\\\/\\\/relaisgourmet.com\\\/wp-content\\\/uploads\\\/2026\\\/03\\\/Ametzondo.webp\",\"contentUrl\":\"https:\\\/\\\/relaisgourmet.com\\\/wp-content\\\/uploads\\\/2026\\\/03\\\/Ametzondo.webp\",\"width\":1583,\"height\":1583},{\"@type\":\"BreadcrumbList\",\"@id\":\"https:\\\/\\\/relaisgourmet.com\\\/es\\\/producto\\\/conjunto-ametzondo\\\/#breadcrumb\",\"itemListElement\":[{\"@type\":\"ListItem\",\"position\":1,\"name\":\"Inicio\",\"item\":\"https:\\\/\\\/relaisgourmet.com\\\/es\\\/inicio\\\/\"},{\"@type\":\"ListItem\",\"position\":2,\"name\":\"Todos nuestros productos\",\"item\":\"https:\\\/\\\/relaisgourmet.com\\\/es\\\/tienda\\\/\"},{\"@type\":\"ListItem\",\"position\":3,\"name\":\"Conjunto Ametzondo\"}]},{\"@type\":\"WebSite\",\"@id\":\"https:\\\/\\\/relaisgourmet.com\\\/es\\\/#website\",\"url\":\"https:\\\/\\\/relaisgourmet.com\\\/es\\\/\",\"name\":\"Relais Gourmet\",\"description\":\"Foie Gras 100% Fran\u00e7ais\",\"publisher\":{\"@id\":\"https:\\\/\\\/relaisgourmet.com\\\/es\\\/#organization\"},\"potentialAction\":[{\"@type\":\"SearchAction\",\"target\":{\"@type\":\"EntryPoint\",\"urlTemplate\":\"https:\\\/\\\/relaisgourmet.com\\\/es\\\/?s={search_term_string}\"},\"query-input\":{\"@type\":\"PropertyValueSpecification\",\"valueRequired\":true,\"valueName\":\"search_term_string\"}}],\"inLanguage\":\"es\"},{\"@type\":\"Organization\",\"@id\":\"https:\\\/\\\/relaisgourmet.com\\\/es\\\/#organization\",\"name\":\"Relais Gourmet\",\"url\":\"https:\\\/\\\/relaisgourmet.com\\\/es\\\/\",\"logo\":{\"@type\":\"ImageObject\",\"inLanguage\":\"es\",\"@id\":\"https:\\\/\\\/relaisgourmet.com\\\/es\\\/#\\\/schema\\\/logo\\\/image\\\/\",\"url\":\"https:\\\/\\\/relaisgourmet.com\\\/wp-content\\\/uploads\\\/2026\\\/03\\\/yoast-logo-2-relais-gourmet-.png\",\"contentUrl\":\"https:\\\/\\\/relaisgourmet.com\\\/wp-content\\\/uploads\\\/2026\\\/03\\\/yoast-logo-2-relais-gourmet-.png\",\"width\":1200,\"height\":675,\"caption\":\"Relais Gourmet\"},\"image\":{\"@id\":\"https:\\\/\\\/relaisgourmet.com\\\/es\\\/#\\\/schema\\\/logo\\\/image\\\/\"},\"sameAs\":[\"https:\\\/\\\/www.facebook.com\\\/relaisgourmet\\\/\",\"https:\\\/\\\/x.com\\\/relaisgourmet64\",\"https:\\\/\\\/www.instagram.com\\\/relaisgourmetofficiel\",\"https:\\\/\\\/www.pinterest.fr\\\/relaisgourmet\\\/\"],\"email\":\"yaqueche@relaisgourmet.com\",\"telephone\":\"+33 0 5 40 07 07 65\",\"legalName\":\"Relais Gourmet\",\"vatID\":\"FR13482415015\",\"taxID\":\"482415015\"}]}<\/script>\n<!-- \/ Yoast SEO Premium plugin. -->","yoast_head_json":{"title":"Estuche Ametzondo: Foie Gras, Foie Gras Trufado y Champ\u00e1n","description":"Descubre la hermosa Caja Ametzondo: un surtido de refinados sabores del Suroeste, ideal para regalar o darte un capricho.","robots":{"index":"index","follow":"follow","max-snippet":"max-snippet:-1","max-image-preview":"max-image-preview:large","max-video-preview":"max-video-preview:-1"},"canonical":"https:\/\/relaisgourmet.com\/es\/producto\/conjunto-ametzondo\/","og_locale":"es_ES","og_type":"article","og_title":"Conjunto Ametzondo","og_description":"Descubre el Estuche Regalo Ametzondo de Relais Gourmet, la selecci\u00f3n gourmet perfecta para acompa\u00f1ar todos tus momentos de compartir. \u00a1Perfecto para un aperitivo refinado, un momento de convivencia o un regalo sorpresa!   Garantizado 100% producci\u00f3n francesa \u2714 Garantizado sin conservantes, aditivos ni colorantes. \ud83c\udf43 Patos alimentados con ma\u00edz amarillo \ud83d\ude9a Entrega r\u00e1pida en todo el mundo \ud83d\udd53 Se conserva 3 a\u00f1os \ud83d\udd10 Pago seguro  Peso neto: 1,36 kg","og_url":"https:\/\/relaisgourmet.com\/es\/producto\/conjunto-ametzondo\/","og_site_name":"Relais Gourmet","article_publisher":"https:\/\/www.facebook.com\/relaisgourmet\/","article_modified_time":"2026-04-01T22:29:19+00:00","og_image":[{"width":1583,"height":1583,"url":"https:\/\/relaisgourmet.com\/wp-content\/uploads\/2026\/03\/Ametzondo.webp","type":"image\/jpeg"}],"twitter_card":"summary_large_image","twitter_site":"@relaisgourmet64","twitter_misc":{"Tiempo de lectura":"2 minuto"},"schema":{"@context":"https:\/\/schema.org","@graph":[{"@type":"WebPage","@id":"https:\/\/relaisgourmet.com\/es\/producto\/conjunto-ametzondo\/","url":"https:\/\/relaisgourmet.com\/es\/producto\/conjunto-ametzondo\/","name":"Estuche Ametzondo: Foie Gras, Foie Gras Trufado y Champ\u00e1n","isPartOf":{"@id":"https:\/\/relaisgourmet.com\/es\/#website"},"primaryImageOfPage":{"@id":"https:\/\/relaisgourmet.com\/es\/producto\/conjunto-ametzondo\/#primaryimage"},"image":{"@id":"https:\/\/relaisgourmet.com\/es\/producto\/conjunto-ametzondo\/#primaryimage"},"thumbnailUrl":"https:\/\/relaisgourmet.com\/wp-content\/uploads\/2026\/03\/Ametzondo.webp","datePublished":"2026-03-10T12:26:59+00:00","dateModified":"2026-04-01T22:29:19+00:00","description":"Descubre la hermosa Caja Ametzondo: un surtido de refinados sabores del Suroeste, ideal para regalar o darte un capricho.","breadcrumb":{"@id":"https:\/\/relaisgourmet.com\/es\/producto\/conjunto-ametzondo\/#breadcrumb"},"inLanguage":"es","potentialAction":[{"@type":"ReadAction","target":["https:\/\/relaisgourmet.com\/es\/producto\/conjunto-ametzondo\/"]}]},{"@type":"ImageObject","inLanguage":"es","@id":"https:\/\/relaisgourmet.com\/es\/producto\/conjunto-ametzondo\/#primaryimage","url":"https:\/\/relaisgourmet.com\/wp-content\/uploads\/2026\/03\/Ametzondo.webp","contentUrl":"https:\/\/relaisgourmet.com\/wp-content\/uploads\/2026\/03\/Ametzondo.webp","width":1583,"height":1583},{"@type":"BreadcrumbList","@id":"https:\/\/relaisgourmet.com\/es\/producto\/conjunto-ametzondo\/#breadcrumb","itemListElement":[{"@type":"ListItem","position":1,"name":"Inicio","item":"https:\/\/relaisgourmet.com\/es\/inicio\/"},{"@type":"ListItem","position":2,"name":"Todos nuestros productos","item":"https:\/\/relaisgourmet.com\/es\/tienda\/"},{"@type":"ListItem","position":3,"name":"Conjunto Ametzondo"}]},{"@type":"WebSite","@id":"https:\/\/relaisgourmet.com\/es\/#website","url":"https:\/\/relaisgourmet.com\/es\/","name":"Relais Gourmet","description":"Foie Gras 100% Fran\u00e7ais","publisher":{"@id":"https:\/\/relaisgourmet.com\/es\/#organization"},"potentialAction":[{"@type":"SearchAction","target":{"@type":"EntryPoint","urlTemplate":"https:\/\/relaisgourmet.com\/es\/?s={search_term_string}"},"query-input":{"@type":"PropertyValueSpecification","valueRequired":true,"valueName":"search_term_string"}}],"inLanguage":"es"},{"@type":"Organization","@id":"https:\/\/relaisgourmet.com\/es\/#organization","name":"Relais Gourmet","url":"https:\/\/relaisgourmet.com\/es\/","logo":{"@type":"ImageObject","inLanguage":"es","@id":"https:\/\/relaisgourmet.com\/es\/#\/schema\/logo\/image\/","url":"https:\/\/relaisgourmet.com\/wp-content\/uploads\/2026\/03\/yoast-logo-2-relais-gourmet-.png","contentUrl":"https:\/\/relaisgourmet.com\/wp-content\/uploads\/2026\/03\/yoast-logo-2-relais-gourmet-.png","width":1200,"height":675,"caption":"Relais Gourmet"},"image":{"@id":"https:\/\/relaisgourmet.com\/es\/#\/schema\/logo\/image\/"},"sameAs":["https:\/\/www.facebook.com\/relaisgourmet\/","https:\/\/x.com\/relaisgourmet64","https:\/\/www.instagram.com\/relaisgourmetofficiel","https:\/\/www.pinterest.fr\/relaisgourmet\/"],"email":"yaqueche@relaisgourmet.com","telephone":"+33 0 5 40 07 07 65","legalName":"Relais Gourmet","vatID":"FR13482415015","taxID":"482415015"}]}},"_links":{"self":[{"href":"https:\/\/relaisgourmet.com\/es\/wp-json\/wp\/v2\/product\/61797","targetHints":{"allow":["GET"]}}],"collection":[{"href":"https:\/\/relaisgourmet.com\/es\/wp-json\/wp\/v2\/product"}],"about":[{"href":"https:\/\/relaisgourmet.com\/es\/wp-json\/wp\/v2\/types\/product"}],"replies":[{"embeddable":true,"href":"https:\/\/relaisgourmet.com\/es\/wp-json\/wp\/v2\/comments?post=61797"}],"wp:featuredmedia":[{"embeddable":true,"href":"https:\/\/relaisgourmet.com\/es\/wp-json\/wp\/v2\/media\/61798"}],"wp:attachment":[{"href":"https:\/\/relaisgourmet.com\/es\/wp-json\/wp\/v2\/media?parent=61797"}],"wp:term":[{"taxonomy":"product_brand","embeddable":true,"href":"https:\/\/relaisgourmet.com\/es\/wp-json\/wp\/v2\/product_brand?post=61797"},{"taxonomy":"product_cat","embeddable":true,"href":"https:\/\/relaisgourmet.com\/es\/wp-json\/wp\/v2\/product_cat?post=61797"},{"taxonomy":"product_tag","embeddable":true,"href":"https:\/\/relaisgourmet.com\/es\/wp-json\/wp\/v2\/product_tag?post=61797"},{"taxonomy":"giftcard-category","embeddable":true,"href":"https:\/\/relaisgourmet.com\/es\/wp-json\/wp\/v2\/giftcard-category?post=61797"}],"curies":[{"name":"wp","href":"https:\/\/api.w.org\/{rel}","templated":true}]}}