{"id":61763,"date":"2026-03-10T12:26:37","date_gmt":"2026-03-10T12:26:37","guid":{"rendered":"https:\/\/strange-jennings.213-136-85-46.plesk.page\/product\/conjunto-ziburu\/"},"modified":"2026-04-01T22:28:51","modified_gmt":"2026-04-01T22:28:51","slug":"conjunto-ziburu","status":"publish","type":"product","link":"https:\/\/relaisgourmet.com\/es\/producto\/conjunto-ziburu\/","title":{"rendered":"Conjunto Ziburu"},"content":{"rendered":"<h4><b>Coffret Ziburu: elegancia gastron\u00f3mica para regalar o disfrutar<\/b><\/h4>\n<p>Descubre el <strong>Coffret Ziburu<\/strong>, un excepcional estuche gourmet de <strong>Relais Gourmet<\/strong>.<\/p>\n<p>Verdadera invitaci\u00f3n al placer culinario, est\u00e1 pensada para realzar todos tus momentos gourmet.<\/p>\n<p>Una idea de regalo perfecta o un placer para compartir que har\u00e1 las delicias de todos los amantes del foie gras, \u00a1para disfrutar en cualquier ocasi\u00f3n!<\/p>\n<p>Se garantiza que el set Ziburu <strong> no contiene conservantes, colorantes ni aditivos.<\/strong><\/p>\n<h4><b>Composici\u00f3n:<\/b><\/h4>\n<ul>\n<li><b>Foie Gras Natural Entero (400 g): <\/b>un sabor intenso y natural para los puristas.<\/li>\n<li><b>Foie Gras Entero con Pimiento de Espelette (400 g): <\/b>una combinaci\u00f3n perfecta de dulce y picante.<\/li>\n<li><b>Foie Gras entero al Armagnac (400 g): <\/b>una delicia para paladares finos.<\/li>\n<li><b>Quintessence de Foie Gras et Magret Fum\u00e9 (180 g): <\/b>un producto \u00fanico que combina a la perfecci\u00f3n foie gras y magret ahumado para una experiencia gustativa memorable.<\/li>\n<li><strong>Una lira de foie gras (10 g)<\/strong>: sirve para cortar delicadamente el foie gras en lonchas perfectas, combinando precisi\u00f3n y elegancia.<\/li>\n<\/ul>\n<p>&nbsp;<\/p>\n<h4><b>Consejos de conservaci\u00f3n y degustaci\u00f3n :<\/b><\/h4>\n<p><span style=\"font-weight: 400;\">El <\/span><b>caja Ziburu<\/b><span style=\"font-weight: 400;\"> tiene una larga vida \u00fatil de 3 a\u00f1os a temperatura ambiente. <\/span> <\/p>\n<p><span style=\"font-weight: 400;\">Una vez abiertos, aseg\u00farate de consumirlos en un plazo de 15 d\u00edas y mantenerlos refrigerados.<\/span><\/p>\n<p><span style=\"font-weight: 400;\">Para descubrir ideas creativas y consejos para nuestro foie gras, visita nuestro <\/span><a href=\"https:\/\/epic-varahamihira.207-180-195-93.plesk.page\/blog-foies-gras-actualite\/\"><b>blog<\/b><\/a><span style=\"font-weight: 400;\"> y s\u00edguenos en nuestra <\/span><a href=\"https:\/\/www.instagram.com\/relaisgourmetofficiel\/\"><b>p\u00e1gina de Instagram<\/b><\/a><span style=\"font-weight: 400;\">. <\/span> <\/p>\n<p><span style=\"font-weight: 400;\">Encontrar\u00e1s consejos para convertir tus comidas en verdaderos momentos gastron\u00f3micos.<\/span><\/p>\n<p><b>Regala o recibe el Set de regalo Ziburu<\/b><\/p>\n<p><span style=\"font-weight: 400;\">El <\/span><b>Set de regalo Ziburu<\/b><span style=\"font-weight: 400;\"> es una excelente idea de regalo para los amantes de la comida.<\/span><\/p>\n<p><span style=\"font-weight: 400;\">Un regalo que combina elegancia, tradici\u00f3n y autenticidad, en el coraz\u00f3n del Pa\u00eds Vasco.<\/span><\/p>\n<p><span style=\"font-weight: 400;\">Ya sea para un acontecimiento especial o para darte un capricho, esta caja contiene productos de primera calidad.<\/span><\/p>\n<p>&nbsp;<\/p>\n","protected":false},"excerpt":{"rendered":"<p><b>El Set de Regalo Ziburu<\/b><span style=\"font-weight: 400;\">Un regalo que combina elegancia, tradici\u00f3n y autenticidad, invit\u00e1ndote a un viaje culinario al coraz\u00f3n del Pa\u00eds Vasco.<\/span><\/p>\n<p><img decoding=\"async\" class=\"emoji\" role=\"img\" src=\"https:\/\/s.w.org\/images\/core\/emoji\/15.0.3\/svg\/1f1eb-1f1f7.svg\" alt=\"\ud83c\uddeb\ud83c\uddf7\">  Garantizado 100% producci\u00f3n francesa<br \/>\n\u2714 Garantizado sin conservantes, aditivos ni colorantes.<br \/>\n\ud83c\udf43 Patos alimentados con ma\u00edz amarillo&amp;amp;amp;amp;amp;lt;br \/&gt;\ud83d\ude9a Entrega r\u00e1pida en todo el mundo<br \/>\n\ud83d\udd53 Se conserva 3 a\u00f1os<br \/>\ns=\u00bbyoast-text-mark\u00bb \/&gt;lass=\u00bbyoast-text-mark\u00bb \/&gt;&gt;\ud83d\udd10 Pago seguro<\/p>\n<div class=\"woocommerce-product-details__short-description\">\n<p>Peso neto: (1,39 kg)<\/p>\n<\/div>\n","protected":false},"featured_media":61765,"comment_status":"closed","ping_status":"closed","template":"","meta":{"_iconic_wsb_product_page_order_bump_ids":[],"_sku":["3110000346804-5"],"_iconic_wsb_product_page_bump_modal_ids":[]},"product_brand":[],"product_cat":[1678],"product_tag":[1665],"giftcard-category":[],"class_list":{"0":"post-61763","1":"product","2":"type-product","3":"status-publish","4":"has-post-thumbnail","6":"product_cat-sets-de-regalo","7":"product_tag-fabricado-en-francia","9":"first","10":"instock","11":"taxable","12":"shipping-taxable","13":"purchasable","14":"product-type-simple"},"yoast_head":"<!-- This site is optimized with the Yoast SEO Premium plugin v27.3 (Yoast SEO v27.3) - https:\/\/yoast.com\/product\/yoast-seo-premium-wordpress\/ -->\n<title>Coffret Ziburu : Selecci\u00f3n excepcional de foie gras | Relais Gourmet<\/title>\n<meta name=\"description\" content=\"Disfruta del Set de Regalo Ziburu: una armon\u00eda de especialidades tradicionales de alta calidad, perfectas para tus aperitivos festivos.\" \/>\n<meta name=\"robots\" content=\"index, follow, max-snippet:-1, max-image-preview:large, max-video-preview:-1\" \/>\n<link rel=\"canonical\" href=\"https:\/\/relaisgourmet.com\/es\/producto\/conjunto-ziburu\/\" \/>\n<meta property=\"og:locale\" content=\"es_ES\" \/>\n<meta property=\"og:type\" content=\"article\" \/>\n<meta property=\"og:title\" content=\"Conjunto Ziburu\" \/>\n<meta property=\"og:description\" content=\"El Set de Regalo ZiburuUn regalo que combina elegancia, tradici\u00f3n y autenticidad, invit\u00e1ndote a un viaje culinario al coraz\u00f3n del Pa\u00eds Vasco.  Garantizado 100% producci\u00f3n francesa \u2714 Garantizado sin conservantes, aditivos ni colorantes. \ud83c\udf43 Patos alimentados con ma\u00edz amarillo&amp;amp;amp;amp;amp;lt;br \/&gt;\ud83d\ude9a Entrega r\u00e1pida en todo el mundo \ud83d\udd53 Se conserva 3 a\u00f1os s=&quot;yoast-text-mark&quot; \/&gt;lass=&quot;yoast-text-mark&quot; \/&gt;&gt;\ud83d\udd10 Pago seguro  Peso neto: (1,39 kg)\" \/>\n<meta property=\"og:url\" content=\"https:\/\/relaisgourmet.com\/es\/producto\/conjunto-ziburu\/\" \/>\n<meta property=\"og:site_name\" content=\"Relais Gourmet\" \/>\n<meta property=\"article:publisher\" content=\"https:\/\/www.facebook.com\/relaisgourmet\/\" \/>\n<meta property=\"article:modified_time\" content=\"2026-04-01T22:28:51+00:00\" \/>\n<meta property=\"og:image\" content=\"https:\/\/relaisgourmet.com\/wp-content\/uploads\/2026\/03\/Ziburu.webp\" \/>\n\t<meta property=\"og:image:width\" content=\"1503\" \/>\n\t<meta property=\"og:image:height\" content=\"1503\" \/>\n\t<meta property=\"og:image:type\" content=\"image\/jpeg\" \/>\n<meta name=\"twitter:card\" content=\"summary_large_image\" \/>\n<meta name=\"twitter:site\" content=\"@relaisgourmet64\" \/>\n<meta name=\"twitter:label1\" content=\"Tiempo de lectura\" \/>\n\t<meta name=\"twitter:data1\" content=\"1 minuto\" \/>\n<script type=\"application\/ld+json\" class=\"yoast-schema-graph\">{\"@context\":\"https:\\\/\\\/schema.org\",\"@graph\":[{\"@type\":\"WebPage\",\"@id\":\"https:\\\/\\\/relaisgourmet.com\\\/es\\\/producto\\\/conjunto-ziburu\\\/\",\"url\":\"https:\\\/\\\/relaisgourmet.com\\\/es\\\/producto\\\/conjunto-ziburu\\\/\",\"name\":\"Coffret Ziburu : Selecci\u00f3n excepcional de foie gras | Relais Gourmet\",\"isPartOf\":{\"@id\":\"https:\\\/\\\/relaisgourmet.com\\\/es\\\/#website\"},\"primaryImageOfPage\":{\"@id\":\"https:\\\/\\\/relaisgourmet.com\\\/es\\\/producto\\\/conjunto-ziburu\\\/#primaryimage\"},\"image\":{\"@id\":\"https:\\\/\\\/relaisgourmet.com\\\/es\\\/producto\\\/conjunto-ziburu\\\/#primaryimage\"},\"thumbnailUrl\":\"https:\\\/\\\/relaisgourmet.com\\\/wp-content\\\/uploads\\\/2026\\\/03\\\/Ziburu.webp\",\"datePublished\":\"2026-03-10T12:26:37+00:00\",\"dateModified\":\"2026-04-01T22:28:51+00:00\",\"description\":\"Disfruta del Set de Regalo Ziburu: una armon\u00eda de especialidades tradicionales de alta calidad, perfectas para tus aperitivos festivos.\",\"breadcrumb\":{\"@id\":\"https:\\\/\\\/relaisgourmet.com\\\/es\\\/producto\\\/conjunto-ziburu\\\/#breadcrumb\"},\"inLanguage\":\"es\",\"potentialAction\":[{\"@type\":\"ReadAction\",\"target\":[\"https:\\\/\\\/relaisgourmet.com\\\/es\\\/producto\\\/conjunto-ziburu\\\/\"]}]},{\"@type\":\"ImageObject\",\"inLanguage\":\"es\",\"@id\":\"https:\\\/\\\/relaisgourmet.com\\\/es\\\/producto\\\/conjunto-ziburu\\\/#primaryimage\",\"url\":\"https:\\\/\\\/relaisgourmet.com\\\/wp-content\\\/uploads\\\/2026\\\/03\\\/Ziburu.webp\",\"contentUrl\":\"https:\\\/\\\/relaisgourmet.com\\\/wp-content\\\/uploads\\\/2026\\\/03\\\/Ziburu.webp\",\"width\":1503,\"height\":1503},{\"@type\":\"BreadcrumbList\",\"@id\":\"https:\\\/\\\/relaisgourmet.com\\\/es\\\/producto\\\/conjunto-ziburu\\\/#breadcrumb\",\"itemListElement\":[{\"@type\":\"ListItem\",\"position\":1,\"name\":\"Inicio\",\"item\":\"https:\\\/\\\/relaisgourmet.com\\\/es\\\/inicio\\\/\"},{\"@type\":\"ListItem\",\"position\":2,\"name\":\"Todos nuestros productos\",\"item\":\"https:\\\/\\\/relaisgourmet.com\\\/es\\\/tienda\\\/\"},{\"@type\":\"ListItem\",\"position\":3,\"name\":\"Conjunto Ziburu\"}]},{\"@type\":\"WebSite\",\"@id\":\"https:\\\/\\\/relaisgourmet.com\\\/es\\\/#website\",\"url\":\"https:\\\/\\\/relaisgourmet.com\\\/es\\\/\",\"name\":\"Relais Gourmet\",\"description\":\"Foie Gras 100% Fran\u00e7ais\",\"publisher\":{\"@id\":\"https:\\\/\\\/relaisgourmet.com\\\/es\\\/#organization\"},\"potentialAction\":[{\"@type\":\"SearchAction\",\"target\":{\"@type\":\"EntryPoint\",\"urlTemplate\":\"https:\\\/\\\/relaisgourmet.com\\\/es\\\/?s={search_term_string}\"},\"query-input\":{\"@type\":\"PropertyValueSpecification\",\"valueRequired\":true,\"valueName\":\"search_term_string\"}}],\"inLanguage\":\"es\"},{\"@type\":\"Organization\",\"@id\":\"https:\\\/\\\/relaisgourmet.com\\\/es\\\/#organization\",\"name\":\"Relais Gourmet\",\"url\":\"https:\\\/\\\/relaisgourmet.com\\\/es\\\/\",\"logo\":{\"@type\":\"ImageObject\",\"inLanguage\":\"es\",\"@id\":\"https:\\\/\\\/relaisgourmet.com\\\/es\\\/#\\\/schema\\\/logo\\\/image\\\/\",\"url\":\"https:\\\/\\\/relaisgourmet.com\\\/wp-content\\\/uploads\\\/2026\\\/03\\\/yoast-logo-2-relais-gourmet-.png\",\"contentUrl\":\"https:\\\/\\\/relaisgourmet.com\\\/wp-content\\\/uploads\\\/2026\\\/03\\\/yoast-logo-2-relais-gourmet-.png\",\"width\":1200,\"height\":675,\"caption\":\"Relais Gourmet\"},\"image\":{\"@id\":\"https:\\\/\\\/relaisgourmet.com\\\/es\\\/#\\\/schema\\\/logo\\\/image\\\/\"},\"sameAs\":[\"https:\\\/\\\/www.facebook.com\\\/relaisgourmet\\\/\",\"https:\\\/\\\/x.com\\\/relaisgourmet64\",\"https:\\\/\\\/www.instagram.com\\\/relaisgourmetofficiel\",\"https:\\\/\\\/www.pinterest.fr\\\/relaisgourmet\\\/\"],\"email\":\"yaqueche@relaisgourmet.com\",\"telephone\":\"+33 0 5 40 07 07 65\",\"legalName\":\"Relais Gourmet\",\"vatID\":\"FR13482415015\",\"taxID\":\"482415015\"}]}<\/script>\n<!-- \/ Yoast SEO Premium plugin. -->","yoast_head_json":{"title":"Coffret Ziburu : Selecci\u00f3n excepcional de foie gras | Relais Gourmet","description":"Disfruta del Set de Regalo Ziburu: una armon\u00eda de especialidades tradicionales de alta calidad, perfectas para tus aperitivos festivos.","robots":{"index":"index","follow":"follow","max-snippet":"max-snippet:-1","max-image-preview":"max-image-preview:large","max-video-preview":"max-video-preview:-1"},"canonical":"https:\/\/relaisgourmet.com\/es\/producto\/conjunto-ziburu\/","og_locale":"es_ES","og_type":"article","og_title":"Conjunto Ziburu","og_description":"El Set de Regalo ZiburuUn regalo que combina elegancia, tradici\u00f3n y autenticidad, invit\u00e1ndote a un viaje culinario al coraz\u00f3n del Pa\u00eds Vasco.  Garantizado 100% producci\u00f3n francesa \u2714 Garantizado sin conservantes, aditivos ni colorantes. \ud83c\udf43 Patos alimentados con ma\u00edz amarillo&amp;amp;amp;amp;amp;lt;br \/&gt;\ud83d\ude9a Entrega r\u00e1pida en todo el mundo \ud83d\udd53 Se conserva 3 a\u00f1os s=\"yoast-text-mark\" \/&gt;lass=\"yoast-text-mark\" \/&gt;&gt;\ud83d\udd10 Pago seguro  Peso neto: (1,39 kg)","og_url":"https:\/\/relaisgourmet.com\/es\/producto\/conjunto-ziburu\/","og_site_name":"Relais Gourmet","article_publisher":"https:\/\/www.facebook.com\/relaisgourmet\/","article_modified_time":"2026-04-01T22:28:51+00:00","og_image":[{"width":1503,"height":1503,"url":"https:\/\/relaisgourmet.com\/wp-content\/uploads\/2026\/03\/Ziburu.webp","type":"image\/jpeg"}],"twitter_card":"summary_large_image","twitter_site":"@relaisgourmet64","twitter_misc":{"Tiempo de lectura":"1 minuto"},"schema":{"@context":"https:\/\/schema.org","@graph":[{"@type":"WebPage","@id":"https:\/\/relaisgourmet.com\/es\/producto\/conjunto-ziburu\/","url":"https:\/\/relaisgourmet.com\/es\/producto\/conjunto-ziburu\/","name":"Coffret Ziburu : Selecci\u00f3n excepcional de foie gras | Relais Gourmet","isPartOf":{"@id":"https:\/\/relaisgourmet.com\/es\/#website"},"primaryImageOfPage":{"@id":"https:\/\/relaisgourmet.com\/es\/producto\/conjunto-ziburu\/#primaryimage"},"image":{"@id":"https:\/\/relaisgourmet.com\/es\/producto\/conjunto-ziburu\/#primaryimage"},"thumbnailUrl":"https:\/\/relaisgourmet.com\/wp-content\/uploads\/2026\/03\/Ziburu.webp","datePublished":"2026-03-10T12:26:37+00:00","dateModified":"2026-04-01T22:28:51+00:00","description":"Disfruta del Set de Regalo Ziburu: una armon\u00eda de especialidades tradicionales de alta calidad, perfectas para tus aperitivos festivos.","breadcrumb":{"@id":"https:\/\/relaisgourmet.com\/es\/producto\/conjunto-ziburu\/#breadcrumb"},"inLanguage":"es","potentialAction":[{"@type":"ReadAction","target":["https:\/\/relaisgourmet.com\/es\/producto\/conjunto-ziburu\/"]}]},{"@type":"ImageObject","inLanguage":"es","@id":"https:\/\/relaisgourmet.com\/es\/producto\/conjunto-ziburu\/#primaryimage","url":"https:\/\/relaisgourmet.com\/wp-content\/uploads\/2026\/03\/Ziburu.webp","contentUrl":"https:\/\/relaisgourmet.com\/wp-content\/uploads\/2026\/03\/Ziburu.webp","width":1503,"height":1503},{"@type":"BreadcrumbList","@id":"https:\/\/relaisgourmet.com\/es\/producto\/conjunto-ziburu\/#breadcrumb","itemListElement":[{"@type":"ListItem","position":1,"name":"Inicio","item":"https:\/\/relaisgourmet.com\/es\/inicio\/"},{"@type":"ListItem","position":2,"name":"Todos nuestros productos","item":"https:\/\/relaisgourmet.com\/es\/tienda\/"},{"@type":"ListItem","position":3,"name":"Conjunto Ziburu"}]},{"@type":"WebSite","@id":"https:\/\/relaisgourmet.com\/es\/#website","url":"https:\/\/relaisgourmet.com\/es\/","name":"Relais Gourmet","description":"Foie Gras 100% Fran\u00e7ais","publisher":{"@id":"https:\/\/relaisgourmet.com\/es\/#organization"},"potentialAction":[{"@type":"SearchAction","target":{"@type":"EntryPoint","urlTemplate":"https:\/\/relaisgourmet.com\/es\/?s={search_term_string}"},"query-input":{"@type":"PropertyValueSpecification","valueRequired":true,"valueName":"search_term_string"}}],"inLanguage":"es"},{"@type":"Organization","@id":"https:\/\/relaisgourmet.com\/es\/#organization","name":"Relais Gourmet","url":"https:\/\/relaisgourmet.com\/es\/","logo":{"@type":"ImageObject","inLanguage":"es","@id":"https:\/\/relaisgourmet.com\/es\/#\/schema\/logo\/image\/","url":"https:\/\/relaisgourmet.com\/wp-content\/uploads\/2026\/03\/yoast-logo-2-relais-gourmet-.png","contentUrl":"https:\/\/relaisgourmet.com\/wp-content\/uploads\/2026\/03\/yoast-logo-2-relais-gourmet-.png","width":1200,"height":675,"caption":"Relais Gourmet"},"image":{"@id":"https:\/\/relaisgourmet.com\/es\/#\/schema\/logo\/image\/"},"sameAs":["https:\/\/www.facebook.com\/relaisgourmet\/","https:\/\/x.com\/relaisgourmet64","https:\/\/www.instagram.com\/relaisgourmetofficiel","https:\/\/www.pinterest.fr\/relaisgourmet\/"],"email":"yaqueche@relaisgourmet.com","telephone":"+33 0 5 40 07 07 65","legalName":"Relais Gourmet","vatID":"FR13482415015","taxID":"482415015"}]}},"_links":{"self":[{"href":"https:\/\/relaisgourmet.com\/es\/wp-json\/wp\/v2\/product\/61763","targetHints":{"allow":["GET"]}}],"collection":[{"href":"https:\/\/relaisgourmet.com\/es\/wp-json\/wp\/v2\/product"}],"about":[{"href":"https:\/\/relaisgourmet.com\/es\/wp-json\/wp\/v2\/types\/product"}],"replies":[{"embeddable":true,"href":"https:\/\/relaisgourmet.com\/es\/wp-json\/wp\/v2\/comments?post=61763"}],"wp:featuredmedia":[{"embeddable":true,"href":"https:\/\/relaisgourmet.com\/es\/wp-json\/wp\/v2\/media\/61765"}],"wp:attachment":[{"href":"https:\/\/relaisgourmet.com\/es\/wp-json\/wp\/v2\/media?parent=61763"}],"wp:term":[{"taxonomy":"product_brand","embeddable":true,"href":"https:\/\/relaisgourmet.com\/es\/wp-json\/wp\/v2\/product_brand?post=61763"},{"taxonomy":"product_cat","embeddable":true,"href":"https:\/\/relaisgourmet.com\/es\/wp-json\/wp\/v2\/product_cat?post=61763"},{"taxonomy":"product_tag","embeddable":true,"href":"https:\/\/relaisgourmet.com\/es\/wp-json\/wp\/v2\/product_tag?post=61763"},{"taxonomy":"giftcard-category","embeddable":true,"href":"https:\/\/relaisgourmet.com\/es\/wp-json\/wp\/v2\/giftcard-category?post=61763"}],"curies":[{"name":"wp","href":"https:\/\/api.w.org\/{rel}","templated":true}]}}