{"id":61667,"date":"2026-03-10T12:26:35","date_gmt":"2026-03-10T12:26:35","guid":{"rendered":"https:\/\/strange-jennings.213-136-85-46.plesk.page\/product\/aperitivo-gourmet-con-chalotas-confitadas\/"},"modified":"2026-04-01T22:28:23","modified_gmt":"2026-04-01T22:28:23","slug":"aperitivo-gourmet-con-chalotas-confitadas","status":"publish","type":"product","link":"https:\/\/relaisgourmet.com\/es\/producto\/aperitivo-gourmet-con-chalotas-confitadas\/","title":{"rendered":"Aperitivo gourmet con chalotas confitadas"},"content":{"rendered":"<p data-start=\"537\" data-end=\"1016\">L<strong data-start=\"539\" data-end=\"582\">&#8216;Ap\u00e9ritif Gourmet aux \u00e9chalotes confites<\/strong> es una especialidad artesanal refinada y fundente, dise\u00f1ada para despertar los sentidos con cada bocado. Inspirado en las mejores tradiciones culinarias, este <strong>aperitivo Gourmet con chalota<\/strong> confitada combina sutilmente dulzura y car\u00e1cter gracias a ingredientes meticulosamente seleccionados.<br data-start=\"869\" data-end=\"872\">Es una celebraci\u00f3n de la sencillez y la calidad, para quienes aprecian la autenticidad y el verdadero sabor de los ingredientes naturales. <\/p>\n<p data-start=\"1018\" data-end=\"1222\">Garantizado <strong data-start=\"1026\" data-end=\"1081\">sin conservantes, aditivos ni colorantes<\/strong>, ofrece una experiencia culinaria inolvidable, ideal para untar sobre aperitivos gourmet o tostadas calientes.<\/p>\n<p data-start=\"1224\" data-end=\"1468\"><strong data-start=\"1224\" data-end=\"1241\">Ingredientes:<\/strong> lomo y garganta de cerdo, h\u00edgado de ave, huevo, chalotas confitadas (4,9%), sal, pimienta y ajo.<br data-start=\"1337\" data-end=\"1340\"><strong data-start=\"1340\" data-end=\"1358\">Conservaci\u00f3n:<\/strong> 3 a\u00f1os a temperatura ambiente. Una vez abierto, consumir en un plazo de 15 d\u00edas y mantener refrigerado. <\/p>\n<p data-start=\"1470\" data-end=\"1907\">Para descubrir otras recetas tradicionales, explora nuestro <a class=\"decorated-link cursor-pointer\" target=\"_new\" rel=\"noopener\" data-start=\"1531\" data-end=\"1641\">Aperitivo Gourmet con Pimienta de Espelette<\/a> o nuestro <a class=\"decorated-link cursor-pointer\" target=\"_new\" rel=\"noopener\" data-start=\"1651\" data-end=\"1729\">Foie Gras Natural Entero<\/a>.<\/p>\n<p data-start=\"1470\" data-end=\"1907\">Tambi\u00e9n puedes encontrar nuestros consejos de cata en la secci\u00f3n <a class=\"decorated-link cursor-pointer\" target=\"_new\" rel=\"noopener\" data-start=\"1794\" data-end=\"1833\">Blog<\/a> y seguirnos en <a class=\"decorated-link\" href=\"https:\/\/www.instagram.com\/relaisgourmet\/\" target=\"_new\" rel=\"noopener\" data-start=\"1853\" data-end=\"1906\">Instagram<\/a>.<\/p>\n","protected":false},"excerpt":{"rendered":"<p>Una creaci\u00f3n que re\u00fane sofisticaci\u00f3n y sabores ricos en un solo bocado.<\/p>\n<p><img decoding=\"async\" class=\"emoji\" role=\"img\" src=\"https:\/\/s.w.org\/images\/core\/emoji\/15.0.3\/svg\/1f1eb-1f1f7.svg\" alt=\"\ud83c\uddeb\ud83c\uddf7\">  Producci\u00f3n francesa garantizada al 100%<br \/>\n<img decoding=\"async\" class=\"emoji\" role=\"img\" draggable=\"false\" src=\"https:\/\/s.w.org\/images\/core\/emoji\/17.0.2\/svg\/2714.svg\" alt=\"\u2714\">  Garantizado sin conservantes, aditivos ni colorantes.<br \/>\n<img decoding=\"async\" class=\"emoji\" role=\"img\" draggable=\"false\" src=\"https:\/\/s.w.org\/images\/core\/emoji\/17.0.2\/svg\/1f343.svg\" alt=\"\ud83c\udf43\">  Patos alimentados con ma\u00edz amarillo<br \/>\n<img decoding=\"async\" class=\"emoji\" role=\"img\" draggable=\"false\" src=\"https:\/\/s.w.org\/images\/core\/emoji\/17.0.2\/svg\/1f69a.svg\" alt=\"\ud83d\ude9a\">  Entrega r\u00e1pida a nivel mundial<br \/>\n<img decoding=\"async\" class=\"emoji\" role=\"img\" draggable=\"false\" src=\"https:\/\/s.w.org\/images\/core\/emoji\/17.0.2\/svg\/1f553.svg\" alt=\"\ud83d\udd53\">  Mantiene la fortaleza durante 3 a\u00f1os<br \/>\n<img decoding=\"async\" class=\"emoji\" role=\"img\" draggable=\"false\" src=\"https:\/\/s.w.org\/images\/core\/emoji\/17.0.2\/svg\/1f510.svg\" alt=\"\ud83d\udd10\">  Pago seguro<\/p>\n","protected":false},"featured_media":61669,"comment_status":"closed","ping_status":"closed","template":"","meta":{"_iconic_wsb_product_page_order_bump_ids":[[]],"_sku":["MV-Y56G-IZ1C"],"_iconic_wsb_product_page_bump_modal_ids":[[]]},"product_brand":[],"product_cat":[1674],"product_tag":[1665],"giftcard-category":[],"class_list":{"0":"post-61667","1":"product","2":"type-product","3":"status-publish","4":"has-post-thumbnail","6":"product_cat-aperitivos-para-untar","7":"product_tag-fabricado-en-francia","8":"product_shipping_class-estandar","10":"first","11":"instock","12":"taxable","13":"shipping-taxable","14":"purchasable","15":"product-type-simple"},"yoast_head":"<!-- This site is optimized with the Yoast SEO Premium plugin v27.3 (Yoast SEO v27.3) - https:\/\/yoast.com\/product\/yoast-seo-premium-wordpress\/ -->\n<title>Aperitivo gourmet con chalota confitada | Relais Gourmet<\/title>\n<meta name=\"description\" content=\"Aperitivo con chalotas confitadas - Una pasta para untar casera, sabrosa y que se deshace en la boca, sin aditivos ni conservantes, perfecta para tus aperitivos gourmet.\" \/>\n<meta name=\"robots\" content=\"index, follow, max-snippet:-1, max-image-preview:large, max-video-preview:-1\" \/>\n<link rel=\"canonical\" href=\"https:\/\/relaisgourmet.com\/es\/producto\/aperitivo-gourmet-con-chalotas-confitadas\/\" \/>\n<meta property=\"og:locale\" content=\"es_ES\" \/>\n<meta property=\"og:type\" content=\"article\" \/>\n<meta property=\"og:title\" content=\"Aperitivo gourmet con chalotas confitadas\" \/>\n<meta property=\"og:description\" content=\"Una creaci\u00f3n que re\u00fane sofisticaci\u00f3n y sabores ricos en un solo bocado.  Producci\u00f3n francesa garantizada al 100%  Garantizado sin conservantes, aditivos ni colorantes.  Patos alimentados con ma\u00edz amarillo  Entrega r\u00e1pida a nivel mundial  Mantiene la fortaleza durante 3 a\u00f1os  Pago seguro\" \/>\n<meta property=\"og:url\" content=\"https:\/\/relaisgourmet.com\/es\/producto\/aperitivo-gourmet-con-chalotas-confitadas\/\" \/>\n<meta property=\"og:site_name\" content=\"Relais Gourmet\" \/>\n<meta property=\"article:publisher\" content=\"https:\/\/www.facebook.com\/relaisgourmet\/\" \/>\n<meta property=\"article:modified_time\" content=\"2026-04-01T22:28:23+00:00\" \/>\n<meta property=\"og:image\" content=\"https:\/\/relaisgourmet.com\/wp-content\/uploads\/2026\/03\/Apero-Echalottes.png\" \/>\n\t<meta property=\"og:image:width\" content=\"1000\" \/>\n\t<meta property=\"og:image:height\" content=\"1000\" \/>\n\t<meta property=\"og:image:type\" content=\"image\/png\" \/>\n<meta name=\"twitter:card\" content=\"summary_large_image\" \/>\n<meta name=\"twitter:site\" content=\"@relaisgourmet64\" \/>\n<meta name=\"twitter:label1\" content=\"Tiempo de lectura\" \/>\n\t<meta name=\"twitter:data1\" content=\"1 minuto\" \/>\n<script type=\"application\/ld+json\" class=\"yoast-schema-graph\">{\"@context\":\"https:\\\/\\\/schema.org\",\"@graph\":[{\"@type\":\"WebPage\",\"@id\":\"https:\\\/\\\/relaisgourmet.com\\\/es\\\/producto\\\/aperitivo-gourmet-con-chalotas-confitadas\\\/\",\"url\":\"https:\\\/\\\/relaisgourmet.com\\\/es\\\/producto\\\/aperitivo-gourmet-con-chalotas-confitadas\\\/\",\"name\":\"Aperitivo gourmet con chalota confitada | Relais Gourmet\",\"isPartOf\":{\"@id\":\"https:\\\/\\\/relaisgourmet.com\\\/es\\\/#website\"},\"primaryImageOfPage\":{\"@id\":\"https:\\\/\\\/relaisgourmet.com\\\/es\\\/producto\\\/aperitivo-gourmet-con-chalotas-confitadas\\\/#primaryimage\"},\"image\":{\"@id\":\"https:\\\/\\\/relaisgourmet.com\\\/es\\\/producto\\\/aperitivo-gourmet-con-chalotas-confitadas\\\/#primaryimage\"},\"thumbnailUrl\":\"https:\\\/\\\/relaisgourmet.com\\\/wp-content\\\/uploads\\\/2026\\\/03\\\/Apero-Echalottes.png\",\"datePublished\":\"2026-03-10T12:26:35+00:00\",\"dateModified\":\"2026-04-01T22:28:23+00:00\",\"description\":\"Aperitivo con chalotas confitadas - Una pasta para untar casera, sabrosa y que se deshace en la boca, sin aditivos ni conservantes, perfecta para tus aperitivos gourmet.\",\"breadcrumb\":{\"@id\":\"https:\\\/\\\/relaisgourmet.com\\\/es\\\/producto\\\/aperitivo-gourmet-con-chalotas-confitadas\\\/#breadcrumb\"},\"inLanguage\":\"es\",\"potentialAction\":[{\"@type\":\"ReadAction\",\"target\":[\"https:\\\/\\\/relaisgourmet.com\\\/es\\\/producto\\\/aperitivo-gourmet-con-chalotas-confitadas\\\/\"]}]},{\"@type\":\"ImageObject\",\"inLanguage\":\"es\",\"@id\":\"https:\\\/\\\/relaisgourmet.com\\\/es\\\/producto\\\/aperitivo-gourmet-con-chalotas-confitadas\\\/#primaryimage\",\"url\":\"https:\\\/\\\/relaisgourmet.com\\\/wp-content\\\/uploads\\\/2026\\\/03\\\/Apero-Echalottes.png\",\"contentUrl\":\"https:\\\/\\\/relaisgourmet.com\\\/wp-content\\\/uploads\\\/2026\\\/03\\\/Apero-Echalottes.png\",\"width\":1000,\"height\":1000},{\"@type\":\"BreadcrumbList\",\"@id\":\"https:\\\/\\\/relaisgourmet.com\\\/es\\\/producto\\\/aperitivo-gourmet-con-chalotas-confitadas\\\/#breadcrumb\",\"itemListElement\":[{\"@type\":\"ListItem\",\"position\":1,\"name\":\"Inicio\",\"item\":\"https:\\\/\\\/relaisgourmet.com\\\/es\\\/inicio\\\/\"},{\"@type\":\"ListItem\",\"position\":2,\"name\":\"Todos nuestros productos\",\"item\":\"https:\\\/\\\/relaisgourmet.com\\\/es\\\/tienda\\\/\"},{\"@type\":\"ListItem\",\"position\":3,\"name\":\"Aperitivo gourmet con chalotas confitadas\"}]},{\"@type\":\"WebSite\",\"@id\":\"https:\\\/\\\/relaisgourmet.com\\\/es\\\/#website\",\"url\":\"https:\\\/\\\/relaisgourmet.com\\\/es\\\/\",\"name\":\"Relais Gourmet\",\"description\":\"Foie Gras 100% Fran\u00e7ais\",\"publisher\":{\"@id\":\"https:\\\/\\\/relaisgourmet.com\\\/es\\\/#organization\"},\"potentialAction\":[{\"@type\":\"SearchAction\",\"target\":{\"@type\":\"EntryPoint\",\"urlTemplate\":\"https:\\\/\\\/relaisgourmet.com\\\/es\\\/?s={search_term_string}\"},\"query-input\":{\"@type\":\"PropertyValueSpecification\",\"valueRequired\":true,\"valueName\":\"search_term_string\"}}],\"inLanguage\":\"es\"},{\"@type\":\"Organization\",\"@id\":\"https:\\\/\\\/relaisgourmet.com\\\/es\\\/#organization\",\"name\":\"Relais Gourmet\",\"url\":\"https:\\\/\\\/relaisgourmet.com\\\/es\\\/\",\"logo\":{\"@type\":\"ImageObject\",\"inLanguage\":\"es\",\"@id\":\"https:\\\/\\\/relaisgourmet.com\\\/es\\\/#\\\/schema\\\/logo\\\/image\\\/\",\"url\":\"https:\\\/\\\/relaisgourmet.com\\\/wp-content\\\/uploads\\\/2026\\\/03\\\/yoast-logo-2-relais-gourmet-.png\",\"contentUrl\":\"https:\\\/\\\/relaisgourmet.com\\\/wp-content\\\/uploads\\\/2026\\\/03\\\/yoast-logo-2-relais-gourmet-.png\",\"width\":1200,\"height\":675,\"caption\":\"Relais Gourmet\"},\"image\":{\"@id\":\"https:\\\/\\\/relaisgourmet.com\\\/es\\\/#\\\/schema\\\/logo\\\/image\\\/\"},\"sameAs\":[\"https:\\\/\\\/www.facebook.com\\\/relaisgourmet\\\/\",\"https:\\\/\\\/x.com\\\/relaisgourmet64\",\"https:\\\/\\\/www.instagram.com\\\/relaisgourmetofficiel\",\"https:\\\/\\\/www.pinterest.fr\\\/relaisgourmet\\\/\"],\"email\":\"yaqueche@relaisgourmet.com\",\"telephone\":\"+33 0 5 40 07 07 65\",\"legalName\":\"Relais Gourmet\",\"vatID\":\"FR13482415015\",\"taxID\":\"482415015\"}]}<\/script>\n<!-- \/ Yoast SEO Premium plugin. -->","yoast_head_json":{"title":"Aperitivo gourmet con chalota confitada | Relais Gourmet","description":"Aperitivo con chalotas confitadas - Una pasta para untar casera, sabrosa y que se deshace en la boca, sin aditivos ni conservantes, perfecta para tus aperitivos gourmet.","robots":{"index":"index","follow":"follow","max-snippet":"max-snippet:-1","max-image-preview":"max-image-preview:large","max-video-preview":"max-video-preview:-1"},"canonical":"https:\/\/relaisgourmet.com\/es\/producto\/aperitivo-gourmet-con-chalotas-confitadas\/","og_locale":"es_ES","og_type":"article","og_title":"Aperitivo gourmet con chalotas confitadas","og_description":"Una creaci\u00f3n que re\u00fane sofisticaci\u00f3n y sabores ricos en un solo bocado.  Producci\u00f3n francesa garantizada al 100%  Garantizado sin conservantes, aditivos ni colorantes.  Patos alimentados con ma\u00edz amarillo  Entrega r\u00e1pida a nivel mundial  Mantiene la fortaleza durante 3 a\u00f1os  Pago seguro","og_url":"https:\/\/relaisgourmet.com\/es\/producto\/aperitivo-gourmet-con-chalotas-confitadas\/","og_site_name":"Relais Gourmet","article_publisher":"https:\/\/www.facebook.com\/relaisgourmet\/","article_modified_time":"2026-04-01T22:28:23+00:00","og_image":[{"width":1000,"height":1000,"url":"https:\/\/relaisgourmet.com\/wp-content\/uploads\/2026\/03\/Apero-Echalottes.png","type":"image\/png"}],"twitter_card":"summary_large_image","twitter_site":"@relaisgourmet64","twitter_misc":{"Tiempo de lectura":"1 minuto"},"schema":{"@context":"https:\/\/schema.org","@graph":[{"@type":"WebPage","@id":"https:\/\/relaisgourmet.com\/es\/producto\/aperitivo-gourmet-con-chalotas-confitadas\/","url":"https:\/\/relaisgourmet.com\/es\/producto\/aperitivo-gourmet-con-chalotas-confitadas\/","name":"Aperitivo gourmet con chalota confitada | Relais Gourmet","isPartOf":{"@id":"https:\/\/relaisgourmet.com\/es\/#website"},"primaryImageOfPage":{"@id":"https:\/\/relaisgourmet.com\/es\/producto\/aperitivo-gourmet-con-chalotas-confitadas\/#primaryimage"},"image":{"@id":"https:\/\/relaisgourmet.com\/es\/producto\/aperitivo-gourmet-con-chalotas-confitadas\/#primaryimage"},"thumbnailUrl":"https:\/\/relaisgourmet.com\/wp-content\/uploads\/2026\/03\/Apero-Echalottes.png","datePublished":"2026-03-10T12:26:35+00:00","dateModified":"2026-04-01T22:28:23+00:00","description":"Aperitivo con chalotas confitadas - Una pasta para untar casera, sabrosa y que se deshace en la boca, sin aditivos ni conservantes, perfecta para tus aperitivos gourmet.","breadcrumb":{"@id":"https:\/\/relaisgourmet.com\/es\/producto\/aperitivo-gourmet-con-chalotas-confitadas\/#breadcrumb"},"inLanguage":"es","potentialAction":[{"@type":"ReadAction","target":["https:\/\/relaisgourmet.com\/es\/producto\/aperitivo-gourmet-con-chalotas-confitadas\/"]}]},{"@type":"ImageObject","inLanguage":"es","@id":"https:\/\/relaisgourmet.com\/es\/producto\/aperitivo-gourmet-con-chalotas-confitadas\/#primaryimage","url":"https:\/\/relaisgourmet.com\/wp-content\/uploads\/2026\/03\/Apero-Echalottes.png","contentUrl":"https:\/\/relaisgourmet.com\/wp-content\/uploads\/2026\/03\/Apero-Echalottes.png","width":1000,"height":1000},{"@type":"BreadcrumbList","@id":"https:\/\/relaisgourmet.com\/es\/producto\/aperitivo-gourmet-con-chalotas-confitadas\/#breadcrumb","itemListElement":[{"@type":"ListItem","position":1,"name":"Inicio","item":"https:\/\/relaisgourmet.com\/es\/inicio\/"},{"@type":"ListItem","position":2,"name":"Todos nuestros productos","item":"https:\/\/relaisgourmet.com\/es\/tienda\/"},{"@type":"ListItem","position":3,"name":"Aperitivo gourmet con chalotas confitadas"}]},{"@type":"WebSite","@id":"https:\/\/relaisgourmet.com\/es\/#website","url":"https:\/\/relaisgourmet.com\/es\/","name":"Relais Gourmet","description":"Foie Gras 100% Fran\u00e7ais","publisher":{"@id":"https:\/\/relaisgourmet.com\/es\/#organization"},"potentialAction":[{"@type":"SearchAction","target":{"@type":"EntryPoint","urlTemplate":"https:\/\/relaisgourmet.com\/es\/?s={search_term_string}"},"query-input":{"@type":"PropertyValueSpecification","valueRequired":true,"valueName":"search_term_string"}}],"inLanguage":"es"},{"@type":"Organization","@id":"https:\/\/relaisgourmet.com\/es\/#organization","name":"Relais Gourmet","url":"https:\/\/relaisgourmet.com\/es\/","logo":{"@type":"ImageObject","inLanguage":"es","@id":"https:\/\/relaisgourmet.com\/es\/#\/schema\/logo\/image\/","url":"https:\/\/relaisgourmet.com\/wp-content\/uploads\/2026\/03\/yoast-logo-2-relais-gourmet-.png","contentUrl":"https:\/\/relaisgourmet.com\/wp-content\/uploads\/2026\/03\/yoast-logo-2-relais-gourmet-.png","width":1200,"height":675,"caption":"Relais Gourmet"},"image":{"@id":"https:\/\/relaisgourmet.com\/es\/#\/schema\/logo\/image\/"},"sameAs":["https:\/\/www.facebook.com\/relaisgourmet\/","https:\/\/x.com\/relaisgourmet64","https:\/\/www.instagram.com\/relaisgourmetofficiel","https:\/\/www.pinterest.fr\/relaisgourmet\/"],"email":"yaqueche@relaisgourmet.com","telephone":"+33 0 5 40 07 07 65","legalName":"Relais Gourmet","vatID":"FR13482415015","taxID":"482415015"}]}},"_links":{"self":[{"href":"https:\/\/relaisgourmet.com\/es\/wp-json\/wp\/v2\/product\/61667","targetHints":{"allow":["GET"]}}],"collection":[{"href":"https:\/\/relaisgourmet.com\/es\/wp-json\/wp\/v2\/product"}],"about":[{"href":"https:\/\/relaisgourmet.com\/es\/wp-json\/wp\/v2\/types\/product"}],"replies":[{"embeddable":true,"href":"https:\/\/relaisgourmet.com\/es\/wp-json\/wp\/v2\/comments?post=61667"}],"wp:featuredmedia":[{"embeddable":true,"href":"https:\/\/relaisgourmet.com\/es\/wp-json\/wp\/v2\/media\/61669"}],"wp:attachment":[{"href":"https:\/\/relaisgourmet.com\/es\/wp-json\/wp\/v2\/media?parent=61667"}],"wp:term":[{"taxonomy":"product_brand","embeddable":true,"href":"https:\/\/relaisgourmet.com\/es\/wp-json\/wp\/v2\/product_brand?post=61667"},{"taxonomy":"product_cat","embeddable":true,"href":"https:\/\/relaisgourmet.com\/es\/wp-json\/wp\/v2\/product_cat?post=61667"},{"taxonomy":"product_tag","embeddable":true,"href":"https:\/\/relaisgourmet.com\/es\/wp-json\/wp\/v2\/product_tag?post=61667"},{"taxonomy":"giftcard-category","embeddable":true,"href":"https:\/\/relaisgourmet.com\/es\/wp-json\/wp\/v2\/giftcard-category?post=61667"}],"curies":[{"name":"wp","href":"https:\/\/api.w.org\/{rel}","templated":true}]}}