{"id":56250,"date":"2025-04-29T12:06:56","date_gmt":"2025-04-29T10:06:56","guid":{"rendered":"https:\/\/relaisgourmet.com\/?post_type=product&#038;p=56250"},"modified":"2025-04-29T12:07:29","modified_gmt":"2025-04-29T10:07:29","slug":"conjunto-ametzondo-copie-copie-copie-copie-copie","status":"publish","type":"product","link":"https:\/\/relaisgourmet.com\/es\/producto\/conjunto-ametzondo-copie-copie-copie-copie-copie\/","title":{"rendered":"Conjunto Ametzondo (Copie) (Copie) (Copie) (Copie) (Copie)"},"content":{"rendered":"<p><b>Descubre el Estuche Regalo Ametzondo: un viaje culinario excepcional<\/b><\/p>\n<p><span style=\"font-weight: 400;\">El <\/span><b>Estuche Ametzondo<\/b><span style=\"font-weight: 400;\"> es mucho m\u00e1s que una simple caja gourmet; es una aut\u00e9ntica invitaci\u00f3n a degustar productos de primera calidad firmados por <\/span><b>Relais Gourmet<\/b><span style=\"font-weight: 400;\">. <\/span> <\/p>\n<p><span style=\"font-weight: 400;\">Esta caja es perfecta para cualquier ocasi\u00f3n y promete ser un aut\u00e9ntico placer disfrutarla.  <\/span><\/p>\n<p><span style=\"font-weight: 400;\">En <b>Relais Gourmet<\/b>, nos centramos en la naturalidad de nuestros productos. Es la garant\u00eda de saborear el Foie Gras en toda su pureza, sin renunciar a la calidad.<\/span><\/p>\n<p>Se garantiza que la Caja Gourmet Ametzondo <strong>no contiene conservantes, colorantes ni aditivos.<\/strong><\/p>\n<p><b>Composici\u00f3n:<\/b><\/p>\n<ul>\n<li style=\"font-weight: 400;\" aria-level=\"1\"><b>Foie Gras Natural Entero<\/b><span style=\"font-weight: 400;\"><strong> (200 g)<\/strong>: para los amantes de los sabores aut\u00e9nticos.<\/span><\/li>\n<li style=\"font-weight: 400;\" aria-level=\"1\"><b>Foie gras entero con trufa negra<\/b><span style=\"font-weight: 400;\"><strong> (200 g)<\/strong>: un delicado maridaje entre el foie gras y el lujo de la trufa.<\/span><\/li>\n<li style=\"font-weight: 400;\" aria-level=\"1\"><b>Foie Gras entero al Sauternes<\/b><span style=\"font-weight: 400;\"><strong> (200 g)<\/strong>: para una sutil nota agridulce.<\/span><\/li>\n<li style=\"font-weight: 400;\" aria-level=\"1\"><b>Una botella de champ\u00e1n<\/b><span style=\"font-weight: 400;\"><strong> (750 ml)<\/strong>: el acompa\u00f1amiento perfecto para estas delicias, para que tu experiencia de degustaci\u00f3n sea a\u00fan m\u00e1s especial.<\/span><\/li>\n<li aria-level=\"1\"><strong>1 Bowser de foie gras (10 g)<\/strong>: sirve para cortar delicadamente el foie gras en rodajas perfectas, combinando precisi\u00f3n y elegancia.<\/li>\n<\/ul>\n<p>&nbsp;<\/p>\n<p><b>Consejos de conservaci\u00f3n y degustaci\u00f3n:<\/b><\/p>\n<p>La <b>caja Ametzondo<\/b> puede conservarse durante 3 a\u00f1os a temperatura ambiente. Una vez abiertos, te recomendamos consumirlos en un plazo de 15 d\u00edas y conservarlos refrigerados para mantener su frescura y todo su sabor.<\/p>\n<p><b>Consejos para disfrutar de tu caja de Ametzondo<\/b><\/p>\n<p><span style=\"font-weight: 400;\">\u00bfQuieres saber c\u00f3mo hacer que tu foie gras sea a\u00fan mejor? Puedes encontrar todos nuestros consejos y sugerencias de preparaci\u00f3n en nuestra secci\u00f3n <a href=\"https:\/\/relaisgourmet.com\/blog-foies-gras-actualite\/\">Blog<\/a> y en nuestra p\u00e1gina de <a href=\"https:\/\/www.instagram.com\/relaisgourmetofficiel\/\">Instagram<\/a>.<\/span><\/p>\n<p><span style=\"font-weight: 400;\">El <\/span><b>Conjunto Ametzondo<\/b><span style=\"font-weight: 400;\">  es la idea de regalo perfecta para los amantes de la gastronom\u00eda refinada. Reg\u00e1late una experiencia de degustaci\u00f3n \u00fanica con esta exclusiva selecci\u00f3n de  <\/span><b>Relais Gourmet<\/b><span style=\"font-weight: 400;\">.<\/span><\/p>\n","protected":false},"excerpt":{"rendered":"<p>Descubre el Set de Regalo Ametzondo de Relais Gourmet, una selecci\u00f3n gourmet perfecta para todos esos momentos de compartir. \u00a1Perfecto para un aperitivo refinado, un momento de convivencia o un regalo sorpresa!<\/p>\n<p><img decoding=\"async\" class=\"emoji\" role=\"img\" src=\"https:\/\/s.w.org\/images\/core\/emoji\/15.0.3\/svg\/1f1eb-1f1f7.svg\" alt=\"\ud83c\uddeb\ud83c\uddf7\">  Producci\u00f3n 100% francesa garantizada<br \/>\n\u2714 Garantizado sin conservantes, aditivos ni colorantes.<br \/>\n\ud83c\udf43 Patos alimentados con ma\u00edz amarillo<br \/>\n\ud83d\ude9a Entrega r\u00e1pida en todo el mundo<br \/>\n\ud83d\udd53 Se conserva 3 a\u00f1os<br \/>\n\ud83d\udd10 Pago seguro<\/p>\n<div class=\"woocommerce-product-details__short-description\">\n<p>Peso neto: 1,36 kg<\/p>\n<\/div>\n","protected":false},"featured_media":56274,"comment_status":"closed","ping_status":"closed","template":"","meta":[],"product_brand":[],"product_cat":[],"product_tag":[],"giftcard-category":[],"class_list":{"0":"post-56250","1":"product","2":"type-product","3":"status-publish","4":"has-post-thumbnail","7":"first","8":"instock","9":"taxable","10":"shipping-taxable","11":"purchasable","12":"product-type-simple"},"yoast_head":"<!-- This site is optimized with the Yoast SEO Premium plugin v27.0 (Yoast SEO v27.0) - https:\/\/yoast.com\/product\/yoast-seo-premium-wordpress\/ -->\n<title>Conjunto gourmet Ametzondo - Foie Gras aut\u00e9ntico<\/title>\n<meta name=\"description\" content=\"Descubre el conjunto Ametzondo, una selecci\u00f3n gourmet perfecta para regalar o disfrutar en casa con aut\u00e9ntico foie gras artesanal.\" \/>\n<meta name=\"robots\" content=\"index, follow, max-snippet:-1, max-image-preview:large, max-video-preview:-1\" \/>\n<link rel=\"canonical\" href=\"https:\/\/relaisgourmet.com\/es\/producto\/conjunto-ametzondo-copie-copie-copie-copie-copie\/\" \/>\n<meta property=\"og:locale\" content=\"es_ES\" \/>\n<meta property=\"og:type\" content=\"article\" \/>\n<meta property=\"og:title\" content=\"Conjunto Ametzondo (Copie) (Copie) (Copie) (Copie) (Copie)\" \/>\n<meta property=\"og:description\" content=\"Descubre el conjunto Ametzondo, una selecci\u00f3n gourmet perfecta para regalar o disfrutar en casa con aut\u00e9ntico foie gras artesanal.\" \/>\n<meta property=\"og:url\" content=\"https:\/\/relaisgourmet.com\/es\/producto\/conjunto-ametzondo-copie-copie-copie-copie-copie\/\" \/>\n<meta property=\"og:site_name\" content=\"Relais Gourmet\" \/>\n<meta property=\"article:publisher\" content=\"https:\/\/facebook.com\/yoast\" \/>\n<meta property=\"article:modified_time\" content=\"2025-04-29T10:07:29+00:00\" \/>\n<meta property=\"og:image\" content=\"https:\/\/relaisgourmet.com\/wp-content\/uploads\/2025\/04\/Capture-decran-2025-04-09-091516.png\" \/>\n\t<meta property=\"og:image:width\" content=\"526\" \/>\n\t<meta property=\"og:image:height\" content=\"464\" \/>\n\t<meta property=\"og:image:type\" content=\"image\/png\" \/>\n<meta name=\"twitter:card\" content=\"summary_large_image\" \/>\n<meta name=\"twitter:label1\" content=\"Tiempo de lectura\" \/>\n\t<meta name=\"twitter:data1\" content=\"2 minuto\" \/>\n<script type=\"application\/ld+json\" class=\"yoast-schema-graph\">{\"@context\":\"https:\/\/schema.org\",\"@graph\":[{\"@type\":\"WebPage\",\"@id\":\"https:\/\/relaisgourmet.com\/es\/producto\/conjunto-ametzondo-copie-copie-copie-copie-copie\/\",\"url\":\"https:\/\/relaisgourmet.com\/es\/producto\/conjunto-ametzondo-copie-copie-copie-copie-copie\/\",\"name\":\"Conjunto gourmet Ametzondo - Foie Gras aut\u00e9ntico\",\"isPartOf\":{\"@id\":\"https:\/\/relaisgourmet.com\/es\/#website\"},\"primaryImageOfPage\":{\"@id\":\"https:\/\/relaisgourmet.com\/es\/producto\/conjunto-ametzondo-copie-copie-copie-copie-copie\/#primaryimage\"},\"image\":{\"@id\":\"https:\/\/relaisgourmet.com\/es\/producto\/conjunto-ametzondo-copie-copie-copie-copie-copie\/#primaryimage\"},\"thumbnailUrl\":\"https:\/\/relaisgourmet.com\/wp-content\/uploads\/2025\/04\/Capture-decran-2025-04-29-142912.png\",\"datePublished\":\"2025-04-29T10:06:56+00:00\",\"dateModified\":\"2025-04-29T10:07:29+00:00\",\"description\":\"Descubre el conjunto Ametzondo, una selecci\u00f3n gourmet perfecta para regalar o disfrutar en casa con aut\u00e9ntico foie gras artesanal.\",\"breadcrumb\":{\"@id\":\"https:\/\/relaisgourmet.com\/es\/producto\/conjunto-ametzondo-copie-copie-copie-copie-copie\/#breadcrumb\"},\"inLanguage\":\"es\",\"potentialAction\":[{\"@type\":\"ReadAction\",\"target\":[\"https:\/\/relaisgourmet.com\/es\/producto\/conjunto-ametzondo-copie-copie-copie-copie-copie\/\"]}]},{\"@type\":\"ImageObject\",\"inLanguage\":\"es\",\"@id\":\"https:\/\/relaisgourmet.com\/es\/producto\/conjunto-ametzondo-copie-copie-copie-copie-copie\/#primaryimage\",\"url\":\"https:\/\/relaisgourmet.com\/wp-content\/uploads\/2025\/04\/Capture-decran-2025-04-29-142912.png\",\"contentUrl\":\"https:\/\/relaisgourmet.com\/wp-content\/uploads\/2025\/04\/Capture-decran-2025-04-29-142912.png\",\"width\":464,\"height\":377},{\"@type\":\"BreadcrumbList\",\"@id\":\"https:\/\/relaisgourmet.com\/es\/producto\/conjunto-ametzondo-copie-copie-copie-copie-copie\/#breadcrumb\",\"itemListElement\":[{\"@type\":\"ListItem\",\"position\":1,\"name\":\"Inicio\",\"item\":\"https:\/\/relaisgourmet.com\/es\/\"},{\"@type\":\"ListItem\",\"position\":2,\"name\":\"Aut\u00e9ntico foie gras\",\"item\":\"https:\/\/relaisgourmet.com\/es\/autentico-foie-gras\/\"},{\"@type\":\"ListItem\",\"position\":3,\"name\":\"Conjunto Ametzondo (Copie) (Copie) (Copie) (Copie) (Copie)\"}]},{\"@type\":\"WebSite\",\"@id\":\"https:\/\/relaisgourmet.com\/es\/#website\",\"url\":\"https:\/\/relaisgourmet.com\/es\/\",\"name\":\"Relais Gourmet\",\"description\":\"Maison Gastronomique au Pays-Basque Depuis 2004\",\"publisher\":{\"@id\":\"https:\/\/relaisgourmet.com\/es\/#organization\"},\"potentialAction\":[{\"@type\":\"SearchAction\",\"target\":{\"@type\":\"EntryPoint\",\"urlTemplate\":\"https:\/\/relaisgourmet.com\/es\/?s={search_term_string}\"},\"query-input\":{\"@type\":\"PropertyValueSpecification\",\"valueRequired\":true,\"valueName\":\"search_term_string\"}}],\"inLanguage\":\"es\"},{\"@type\":\"Organization\",\"@id\":\"https:\/\/relaisgourmet.com\/es\/#organization\",\"name\":\"Relais Gourmet\",\"url\":\"https:\/\/relaisgourmet.com\/es\/\",\"logo\":{\"@type\":\"ImageObject\",\"inLanguage\":\"es\",\"@id\":\"https:\/\/relaisgourmet.com\/es\/#\/schema\/logo\/image\/\",\"url\":\"https:\/\/relaisgourmet.com\/wp-content\/uploads\/2024\/11\/Diseno-sin-titulo-8.jpg\",\"contentUrl\":\"https:\/\/relaisgourmet.com\/wp-content\/uploads\/2024\/11\/Diseno-sin-titulo-8.jpg\",\"width\":500,\"height\":500,\"caption\":\"Relais Gourmet\"},\"image\":{\"@id\":\"https:\/\/relaisgourmet.com\/es\/#\/schema\/logo\/image\/\"},\"sameAs\":[\"https:\/\/facebook.com\/yoast\",\"https:\/\/instagram.com\/yoast\"]}]}<\/script>\n<!-- \/ Yoast SEO Premium plugin. -->","yoast_head_json":{"title":"Conjunto gourmet Ametzondo - Foie Gras aut\u00e9ntico","description":"Descubre el conjunto Ametzondo, una selecci\u00f3n gourmet perfecta para regalar o disfrutar en casa con aut\u00e9ntico foie gras artesanal.","robots":{"index":"index","follow":"follow","max-snippet":"max-snippet:-1","max-image-preview":"max-image-preview:large","max-video-preview":"max-video-preview:-1"},"canonical":"https:\/\/relaisgourmet.com\/es\/producto\/conjunto-ametzondo-copie-copie-copie-copie-copie\/","og_locale":"es_ES","og_type":"article","og_title":"Conjunto Ametzondo (Copie) (Copie) (Copie) (Copie) (Copie)","og_description":"Descubre el conjunto Ametzondo, una selecci\u00f3n gourmet perfecta para regalar o disfrutar en casa con aut\u00e9ntico foie gras artesanal.","og_url":"https:\/\/relaisgourmet.com\/es\/producto\/conjunto-ametzondo-copie-copie-copie-copie-copie\/","og_site_name":"Relais Gourmet","article_publisher":"https:\/\/facebook.com\/yoast","article_modified_time":"2025-04-29T10:07:29+00:00","og_image":[{"width":526,"height":464,"url":"https:\/\/relaisgourmet.com\/wp-content\/uploads\/2025\/04\/Capture-decran-2025-04-09-091516.png","type":"image\/png"}],"twitter_card":"summary_large_image","twitter_misc":{"Tiempo de lectura":"2 minuto"},"schema":{"@context":"https:\/\/schema.org","@graph":[{"@type":"WebPage","@id":"https:\/\/relaisgourmet.com\/es\/producto\/conjunto-ametzondo-copie-copie-copie-copie-copie\/","url":"https:\/\/relaisgourmet.com\/es\/producto\/conjunto-ametzondo-copie-copie-copie-copie-copie\/","name":"Conjunto gourmet Ametzondo - Foie Gras aut\u00e9ntico","isPartOf":{"@id":"https:\/\/relaisgourmet.com\/es\/#website"},"primaryImageOfPage":{"@id":"https:\/\/relaisgourmet.com\/es\/producto\/conjunto-ametzondo-copie-copie-copie-copie-copie\/#primaryimage"},"image":{"@id":"https:\/\/relaisgourmet.com\/es\/producto\/conjunto-ametzondo-copie-copie-copie-copie-copie\/#primaryimage"},"thumbnailUrl":"https:\/\/relaisgourmet.com\/wp-content\/uploads\/2025\/04\/Capture-decran-2025-04-29-142912.png","datePublished":"2025-04-29T10:06:56+00:00","dateModified":"2025-04-29T10:07:29+00:00","description":"Descubre el conjunto Ametzondo, una selecci\u00f3n gourmet perfecta para regalar o disfrutar en casa con aut\u00e9ntico foie gras artesanal.","breadcrumb":{"@id":"https:\/\/relaisgourmet.com\/es\/producto\/conjunto-ametzondo-copie-copie-copie-copie-copie\/#breadcrumb"},"inLanguage":"es","potentialAction":[{"@type":"ReadAction","target":["https:\/\/relaisgourmet.com\/es\/producto\/conjunto-ametzondo-copie-copie-copie-copie-copie\/"]}]},{"@type":"ImageObject","inLanguage":"es","@id":"https:\/\/relaisgourmet.com\/es\/producto\/conjunto-ametzondo-copie-copie-copie-copie-copie\/#primaryimage","url":"https:\/\/relaisgourmet.com\/wp-content\/uploads\/2025\/04\/Capture-decran-2025-04-29-142912.png","contentUrl":"https:\/\/relaisgourmet.com\/wp-content\/uploads\/2025\/04\/Capture-decran-2025-04-29-142912.png","width":464,"height":377},{"@type":"BreadcrumbList","@id":"https:\/\/relaisgourmet.com\/es\/producto\/conjunto-ametzondo-copie-copie-copie-copie-copie\/#breadcrumb","itemListElement":[{"@type":"ListItem","position":1,"name":"Inicio","item":"https:\/\/relaisgourmet.com\/es\/"},{"@type":"ListItem","position":2,"name":"Aut\u00e9ntico foie gras","item":"https:\/\/relaisgourmet.com\/es\/autentico-foie-gras\/"},{"@type":"ListItem","position":3,"name":"Conjunto Ametzondo (Copie) (Copie) (Copie) (Copie) (Copie)"}]},{"@type":"WebSite","@id":"https:\/\/relaisgourmet.com\/es\/#website","url":"https:\/\/relaisgourmet.com\/es\/","name":"Relais Gourmet","description":"Maison Gastronomique au Pays-Basque Depuis 2004","publisher":{"@id":"https:\/\/relaisgourmet.com\/es\/#organization"},"potentialAction":[{"@type":"SearchAction","target":{"@type":"EntryPoint","urlTemplate":"https:\/\/relaisgourmet.com\/es\/?s={search_term_string}"},"query-input":{"@type":"PropertyValueSpecification","valueRequired":true,"valueName":"search_term_string"}}],"inLanguage":"es"},{"@type":"Organization","@id":"https:\/\/relaisgourmet.com\/es\/#organization","name":"Relais Gourmet","url":"https:\/\/relaisgourmet.com\/es\/","logo":{"@type":"ImageObject","inLanguage":"es","@id":"https:\/\/relaisgourmet.com\/es\/#\/schema\/logo\/image\/","url":"https:\/\/relaisgourmet.com\/wp-content\/uploads\/2024\/11\/Diseno-sin-titulo-8.jpg","contentUrl":"https:\/\/relaisgourmet.com\/wp-content\/uploads\/2024\/11\/Diseno-sin-titulo-8.jpg","width":500,"height":500,"caption":"Relais Gourmet"},"image":{"@id":"https:\/\/relaisgourmet.com\/es\/#\/schema\/logo\/image\/"},"sameAs":["https:\/\/facebook.com\/yoast","https:\/\/instagram.com\/yoast"]}]}},"_links":{"self":[{"href":"https:\/\/relaisgourmet.com\/es\/wp-json\/wp\/v2\/product\/56250","targetHints":{"allow":["GET"]}}],"collection":[{"href":"https:\/\/relaisgourmet.com\/es\/wp-json\/wp\/v2\/product"}],"about":[{"href":"https:\/\/relaisgourmet.com\/es\/wp-json\/wp\/v2\/types\/product"}],"replies":[{"embeddable":true,"href":"https:\/\/relaisgourmet.com\/es\/wp-json\/wp\/v2\/comments?post=56250"}],"version-history":[{"count":1,"href":"https:\/\/relaisgourmet.com\/es\/wp-json\/wp\/v2\/product\/56250\/revisions"}],"predecessor-version":[{"id":56254,"href":"https:\/\/relaisgourmet.com\/es\/wp-json\/wp\/v2\/product\/56250\/revisions\/56254"}],"wp:featuredmedia":[{"embeddable":true,"href":"https:\/\/relaisgourmet.com\/es\/wp-json\/wp\/v2\/media\/56274"}],"wp:attachment":[{"href":"https:\/\/relaisgourmet.com\/es\/wp-json\/wp\/v2\/media?parent=56250"}],"wp:term":[{"taxonomy":"product_brand","embeddable":true,"href":"https:\/\/relaisgourmet.com\/es\/wp-json\/wp\/v2\/product_brand?post=56250"},{"taxonomy":"product_cat","embeddable":true,"href":"https:\/\/relaisgourmet.com\/es\/wp-json\/wp\/v2\/product_cat?post=56250"},{"taxonomy":"product_tag","embeddable":true,"href":"https:\/\/relaisgourmet.com\/es\/wp-json\/wp\/v2\/product_tag?post=56250"},{"taxonomy":"giftcard-category","embeddable":true,"href":"https:\/\/relaisgourmet.com\/es\/wp-json\/wp\/v2\/giftcard-category?post=56250"}],"curies":[{"name":"wp","href":"https:\/\/api.w.org\/{rel}","templated":true}]}}