{"id":55370,"date":"2025-03-12T14:10:35","date_gmt":"2025-03-12T13:10:35","guid":{"rendered":"https:\/\/relaisgourmet.com\/?post_type=product&#038;p=55370"},"modified":"2025-12-25T17:05:38","modified_gmt":"2025-12-25T16:05:38","slug":"la-caja-quintaesencia-copie","status":"publish","type":"product","link":"https:\/\/relaisgourmet.com\/es\/producto\/la-caja-quintaesencia-copie\/","title":{"rendered":"Estuche Regalo Quintaesencia: Foie Gras y Magret Ahumado"},"content":{"rendered":"<h3 data-start=\"135\" data-end=\"209\"><strong data-start=\"139\" data-end=\"207\">Estuche Regalo Quintaesencia - La Elegancia del Foie Gras y la Pechuga de Pato Ahumado<\/strong><\/h3>\n<p data-start=\"211\" data-end=\"543\">Descubre el <strong data-start=\"224\" data-end=\"248\">Estuche Regalo Quintaesencia<\/strong>, una exquisita combinaci\u00f3n de <strong data-start=\"274\" data-end=\"305\">5 Quintaesencias + 1 gratis<\/strong>, que combina el refinamiento del <strong data-start=\"335\" data-end=\"358\">Foie Gras de pato<\/strong> y la intensidad del <strong data-start=\"377\" data-end=\"392\">Magret ahumado<\/strong>. Una experiencia gastron\u00f3mica ideal para realzar tus aperitivos, animar tus comidas con la familia y los amigos, y enriquecer tus picnics gourmet.<\/p>\n<h4 data-start=\"545\" data-end=\"589\"><strong data-start=\"550\" data-end=\"587\">Un placer para regalar o darte un capricho<\/strong><\/h4>\n<p data-start=\"591\" data-end=\"860\">Ya sea para una ocasi\u00f3n especial o simplemente por el placer de degustar productos excepcionales, esta caja es la idea de regalo perfecta. Su formato elegante y su selecci\u00f3n artesanal atraer\u00e1n a los amantes de los sabores aut\u00e9nticos y los productos locales.<\/p>\n<h3 data-start=\"862\" data-end=\"893\"><strong data-start=\"866\" data-end=\"891\">Un compromiso de calidad<\/strong><\/h3>\n<p data-start=\"895\" data-end=\"1043\">Nuestro <strong data-start=\"901\" data-end=\"925\">Coffret Quintessence<\/strong> se elabora respetando las tradiciones culinarias francesas, con ingredientes rigurosamente seleccionados.<\/p>\n<ul data-start=\"1044\" data-end=\"1115\">\n<li data-start=\"1044\" data-end=\"1070\"><strong data-start=\"1046\" data-end=\"1068\">Sin conservantes<\/strong><\/li>\n<li data-start=\"1071\" data-end=\"1093\"><strong data-start=\"1073\" data-end=\"1091\">Sin colorantes<\/strong><\/li>\n<li data-start=\"1094\" data-end=\"1115\"><strong data-start=\"1096\" data-end=\"1113\">Sin aditivos<\/strong><\/li>\n<\/ul>\n<h3 data-start=\"1117\" data-end=\"1153\"><strong data-start=\"1121\" data-end=\"1151\">Composici\u00f3n e ingredientes<\/strong><\/h3>\n<p data-start=\"1155\" data-end=\"1222\"><strong data-start=\"1155\" data-end=\"1220\">6 Quintaesencias de Foie Gras y Pechuga de Pato Ahumado (180 g)<\/strong><\/p>\n<p data-start=\"1224\" data-end=\"1343\"><strong data-start=\"1224\" data-end=\"1241\">Ingredientes:<\/strong><br data-start=\"1241\" data-end=\"1244\">Foie gras de pato (20%), grasa y magro de pato, grasa de cerdo, huevo, leche, sal, especias.<\/p>\n<h3 data-start=\"1345\" data-end=\"1394\"><strong data-start=\"1349\" data-end=\"1392\">Recomendaciones de cata y conservaci\u00f3n<\/strong><\/h3>\n<p data-start=\"1396\" data-end=\"1552\"><strong data-start=\"1396\" data-end=\"1415\">Antes de abrir<\/strong>: Conservar <strong data-start=\"1430\" data-end=\"1439\">3 a\u00f1os<\/strong> a temperatura ambiente.<br data-start=\"1463\" data-end=\"1466\"><strong data-start=\"1466\" data-end=\"1485\">Una vez abierto<\/strong>: Cons\u00famelo en un plazo de <strong data-start=\"1505\" data-end=\"1517\">15 d\u00edas<\/strong> y cons\u00e9rvalo refrigerado.<\/p>\n<p data-start=\"1554\" data-end=\"1771\">Para disfrutarlas al m\u00e1ximo, sirve estas Quintaesencias con un vino dulce o pan ligeramente tostado. Puedes encontrar m\u00e1s consejos en nuestro <strong data-start=\"1712\" data-end=\"1735\"><a href=\"https:\/\/relaisgourmet.com\/blog-foies-gras-actualite\/\" rel=\"noopener\" data-start=\"1714\" data-end=\"1733\">blog culinario<\/a><\/strong> y en nuestra <strong data-start=\"1745\" data-end=\"1768\"><a href=\"https:\/\/www.instagram.com\/relaisgourmetofficiel\/\" rel=\"noopener\" data-start=\"1747\" data-end=\"1766\">p\u00e1gina de Instagram<\/a><\/strong>.<\/p>\n<h3 data-start=\"1773\" data-end=\"1815\"><strong data-start=\"1777\" data-end=\"1813\">Descubre nuestras otras especialidades<\/strong><\/h3>\n<p data-start=\"1817\" data-end=\"1950\">Contin\u00faa tu exploraci\u00f3n gourmet con nuestra <strong data-start=\"1867\" data-end=\"1899\"><a href=\"https:\/\/relaisgourmet.com\/categorie-produit\/nos-foies-gras\/\" rel=\"noopener\" data-start=\"1869\" data-end=\"1897\">Selecci\u00f3n de Foies Gras<\/a><\/strong> y nuestros <strong data-start=\"1907\" data-end=\"1947\"><a href=\"https:\/\/relaisgourmet.com\/categorie-produit\/coffrets-cadeaux\/\" rel=\"noopener\" data-start=\"1909\" data-end=\"1945\">Estuches Gastron\u00f3micos<\/a><\/strong>.<\/p>\n","protected":false},"excerpt":{"rendered":"<p>Una caja refinada para todas las ocasiones: <strong>perfecta para aperitivos improvisados<\/strong> con amigos o familiares y <strong>sublime para tus picnics<\/strong> campestres o comidas gourmet.<\/p>\n<p><img decoding=\"async\" class=\"emoji\" role=\"img\" src=\"https:\/\/s.w.org\/images\/core\/emoji\/15.0.3\/svg\/1f1eb-1f1f7.svg\" alt=\"\ud83c\uddeb\ud83c\uddf7\">  Producci\u00f3n 100% francesa garantizada<br \/>\n\u2714 Garantizado sin conservantes, aditivos ni colorantes.<br \/>\n\ud83c\udf43 Patos alimentados con ma\u00edz amarillo<br \/>\n\ud83d\ude9a Entrega r\u00e1pida en todo el mundo<br \/>\n\ud83d\udd53 Se conserva 3 a\u00f1os<br \/>\n\ud83d\udd10 Pago seguro<\/p>\n<p>Peso neto: 540 g (3&#215;180)<\/p>\n","protected":false},"featured_media":58721,"comment_status":"closed","ping_status":"closed","template":"","meta":[],"product_brand":[],"product_cat":[1276,1280],"product_tag":[1872,1848,1849,1873,1874,1875,1876,1877,1850,1851],"giftcard-category":[],"class_list":{"0":"post-55370","1":"product","2":"type-product","3":"status-publish","4":"has-post-thumbnail","6":"product_cat-cesta-de-regalo","7":"product_cat-regalos-gourmet","8":"product_tag-achat-foie-gras-es","9":"product_tag-assortiment-es","10":"product_tag-bon-foie-gras-es","11":"product_tag-classique-es","12":"product_tag-foie-gras-a-larmagnac-es","13":"product_tag-foie-gras-au-piment-despelette-es","14":"product_tag-foie-gras-nature-es","15":"product_tag-foie-grqs-es","16":"product_tag-offre-es","17":"product_tag-pack-es","18":"product_shipping_class-standard-es","20":"first","21":"instock","22":"sale","23":"taxable","24":"shipping-taxable","25":"purchasable","26":"product-type-simple"},"yoast_head":"<!-- This site is optimized with the Yoast SEO Premium plugin v27.0 (Yoast SEO v27.3) - https:\/\/yoast.com\/product\/yoast-seo-premium-wordpress\/ -->\n<title>Estuche Quintaesencia: Foie Gras y Magret Ahumado<\/title>\n<meta name=\"description\" content=\"Regala el estuche Quintaesencia: foie gras y magret ahumado en una caja elegante que celebra los sabores m\u00e1s finos del Pa\u00eds Vasco.\" \/>\n<meta name=\"robots\" content=\"index, follow, max-snippet:-1, max-image-preview:large, max-video-preview:-1\" \/>\n<link rel=\"canonical\" href=\"https:\/\/relaisgourmet.com\/es\/producto\/la-caja-quintaesencia-copie\/\" \/>\n<meta property=\"og:locale\" content=\"es_ES\" \/>\n<meta property=\"og:type\" content=\"article\" \/>\n<meta property=\"og:title\" content=\"Estuche Regalo Quintaesencia: Foie Gras y Magret Ahumado\" \/>\n<meta property=\"og:description\" content=\"Regala el estuche Quintaesencia: foie gras y magret ahumado en una caja elegante que celebra los sabores m\u00e1s finos del Pa\u00eds Vasco.\" \/>\n<meta property=\"og:url\" content=\"https:\/\/relaisgourmet.com\/es\/producto\/la-caja-quintaesencia-copie\/\" \/>\n<meta property=\"og:site_name\" content=\"Relais Gourmet\" \/>\n<meta property=\"article:publisher\" content=\"https:\/\/facebook.com\/yoast\" \/>\n<meta property=\"article:modified_time\" content=\"2025-12-25T16:05:38+00:00\" \/>\n<meta property=\"og:image\" content=\"https:\/\/relaisgourmet.com\/wp-content\/uploads\/2025\/03\/coffret-quintescence-x6-1-300x300-1.jpg\" \/>\n\t<meta property=\"og:image:width\" content=\"300\" \/>\n\t<meta property=\"og:image:height\" content=\"300\" \/>\n\t<meta property=\"og:image:type\" content=\"image\/jpeg\" \/>\n<meta name=\"twitter:card\" content=\"summary_large_image\" \/>\n<meta name=\"twitter:label1\" content=\"Tiempo de lectura\" \/>\n\t<meta name=\"twitter:data1\" content=\"1 minuto\" \/>\n<script type=\"application\/ld+json\" class=\"yoast-schema-graph\">{\"@context\":\"https:\\\/\\\/schema.org\",\"@graph\":[{\"@type\":\"WebPage\",\"@id\":\"https:\\\/\\\/relaisgourmet.com\\\/es\\\/producto\\\/la-caja-quintaesencia-copie\\\/\",\"url\":\"https:\\\/\\\/relaisgourmet.com\\\/es\\\/producto\\\/la-caja-quintaesencia-copie\\\/\",\"name\":\"Estuche Quintaesencia: Foie Gras y Magret Ahumado\",\"isPartOf\":{\"@id\":\"https:\\\/\\\/relaisgourmet.com\\\/es\\\/#website\"},\"primaryImageOfPage\":{\"@id\":\"https:\\\/\\\/relaisgourmet.com\\\/es\\\/producto\\\/la-caja-quintaesencia-copie\\\/#primaryimage\"},\"image\":{\"@id\":\"https:\\\/\\\/relaisgourmet.com\\\/es\\\/producto\\\/la-caja-quintaesencia-copie\\\/#primaryimage\"},\"thumbnailUrl\":\"https:\\\/\\\/relaisgourmet.com\\\/wp-content\\\/uploads\\\/2025\\\/03\\\/Quintessence-x6.jpg\",\"datePublished\":\"2025-03-12T13:10:35+00:00\",\"dateModified\":\"2025-12-25T16:05:38+00:00\",\"description\":\"Regala el estuche Quintaesencia: foie gras y magret ahumado en una caja elegante que celebra los sabores m\u00e1s finos del Pa\u00eds Vasco.\",\"breadcrumb\":{\"@id\":\"https:\\\/\\\/relaisgourmet.com\\\/es\\\/producto\\\/la-caja-quintaesencia-copie\\\/#breadcrumb\"},\"inLanguage\":\"es\",\"potentialAction\":[{\"@type\":\"ReadAction\",\"target\":[\"https:\\\/\\\/relaisgourmet.com\\\/es\\\/producto\\\/la-caja-quintaesencia-copie\\\/\"]}]},{\"@type\":\"ImageObject\",\"inLanguage\":\"es\",\"@id\":\"https:\\\/\\\/relaisgourmet.com\\\/es\\\/producto\\\/la-caja-quintaesencia-copie\\\/#primaryimage\",\"url\":\"https:\\\/\\\/relaisgourmet.com\\\/wp-content\\\/uploads\\\/2025\\\/03\\\/Quintessence-x6.jpg\",\"contentUrl\":\"https:\\\/\\\/relaisgourmet.com\\\/wp-content\\\/uploads\\\/2025\\\/03\\\/Quintessence-x6.jpg\",\"width\":1427,\"height\":1427,\"caption\":\"photographe d'entreprise, corporate, packshot, CV pau bearn pays basque\"},{\"@type\":\"BreadcrumbList\",\"@id\":\"https:\\\/\\\/relaisgourmet.com\\\/es\\\/producto\\\/la-caja-quintaesencia-copie\\\/#breadcrumb\",\"itemListElement\":[{\"@type\":\"ListItem\",\"position\":1,\"name\":\"Inicio\",\"item\":\"https:\\\/\\\/relaisgourmet.com\\\/es\\\/\"},{\"@type\":\"ListItem\",\"position\":2,\"name\":\"Aut\u00e9ntico foie gras\",\"item\":\"https:\\\/\\\/relaisgourmet.com\\\/es\\\/autentico-foie-gras\\\/\"},{\"@type\":\"ListItem\",\"position\":3,\"name\":\"Estuche Regalo Quintaesencia: Foie Gras y Magret Ahumado\"}]},{\"@type\":\"WebSite\",\"@id\":\"https:\\\/\\\/relaisgourmet.com\\\/es\\\/#website\",\"url\":\"https:\\\/\\\/relaisgourmet.com\\\/es\\\/\",\"name\":\"Relais Gourmet\",\"description\":\"Maison Gastronomique au Pays-Basque Depuis 2004\",\"publisher\":{\"@id\":\"https:\\\/\\\/relaisgourmet.com\\\/es\\\/#organization\"},\"potentialAction\":[{\"@type\":\"SearchAction\",\"target\":{\"@type\":\"EntryPoint\",\"urlTemplate\":\"https:\\\/\\\/relaisgourmet.com\\\/es\\\/?s={search_term_string}\"},\"query-input\":{\"@type\":\"PropertyValueSpecification\",\"valueRequired\":true,\"valueName\":\"search_term_string\"}}],\"inLanguage\":\"es\"},{\"@type\":\"Organization\",\"@id\":\"https:\\\/\\\/relaisgourmet.com\\\/es\\\/#organization\",\"name\":\"Relais Gourmet\",\"url\":\"https:\\\/\\\/relaisgourmet.com\\\/es\\\/\",\"logo\":{\"@type\":\"ImageObject\",\"inLanguage\":\"es\",\"@id\":\"https:\\\/\\\/relaisgourmet.com\\\/es\\\/#\\\/schema\\\/logo\\\/image\\\/\",\"url\":\"https:\\\/\\\/relaisgourmet.com\\\/wp-content\\\/uploads\\\/2024\\\/11\\\/Diseno-sin-titulo-8.jpg\",\"contentUrl\":\"https:\\\/\\\/relaisgourmet.com\\\/wp-content\\\/uploads\\\/2024\\\/11\\\/Diseno-sin-titulo-8.jpg\",\"width\":500,\"height\":500,\"caption\":\"Relais Gourmet\"},\"image\":{\"@id\":\"https:\\\/\\\/relaisgourmet.com\\\/es\\\/#\\\/schema\\\/logo\\\/image\\\/\"},\"sameAs\":[\"https:\\\/\\\/facebook.com\\\/yoast\",\"https:\\\/\\\/instagram.com\\\/yoast\"]}]}<\/script>\n<!-- \/ Yoast SEO Premium plugin. -->","yoast_head_json":{"title":"Estuche Quintaesencia: Foie Gras y Magret Ahumado","description":"Regala el estuche Quintaesencia: foie gras y magret ahumado en una caja elegante que celebra los sabores m\u00e1s finos del Pa\u00eds Vasco.","robots":{"index":"index","follow":"follow","max-snippet":"max-snippet:-1","max-image-preview":"max-image-preview:large","max-video-preview":"max-video-preview:-1"},"canonical":"https:\/\/relaisgourmet.com\/es\/producto\/la-caja-quintaesencia-copie\/","og_locale":"es_ES","og_type":"article","og_title":"Estuche Regalo Quintaesencia: Foie Gras y Magret Ahumado","og_description":"Regala el estuche Quintaesencia: foie gras y magret ahumado en una caja elegante que celebra los sabores m\u00e1s finos del Pa\u00eds Vasco.","og_url":"https:\/\/relaisgourmet.com\/es\/producto\/la-caja-quintaesencia-copie\/","og_site_name":"Relais Gourmet","article_publisher":"https:\/\/facebook.com\/yoast","article_modified_time":"2025-12-25T16:05:38+00:00","og_image":[{"width":300,"height":300,"url":"https:\/\/relaisgourmet.com\/wp-content\/uploads\/2025\/03\/coffret-quintescence-x6-1-300x300-1.jpg","type":"image\/jpeg"}],"twitter_card":"summary_large_image","twitter_misc":{"Tiempo de lectura":"1 minuto"},"schema":{"@context":"https:\/\/schema.org","@graph":[{"@type":"WebPage","@id":"https:\/\/relaisgourmet.com\/es\/producto\/la-caja-quintaesencia-copie\/","url":"https:\/\/relaisgourmet.com\/es\/producto\/la-caja-quintaesencia-copie\/","name":"Estuche Quintaesencia: Foie Gras y Magret Ahumado","isPartOf":{"@id":"https:\/\/relaisgourmet.com\/es\/#website"},"primaryImageOfPage":{"@id":"https:\/\/relaisgourmet.com\/es\/producto\/la-caja-quintaesencia-copie\/#primaryimage"},"image":{"@id":"https:\/\/relaisgourmet.com\/es\/producto\/la-caja-quintaesencia-copie\/#primaryimage"},"thumbnailUrl":"https:\/\/relaisgourmet.com\/wp-content\/uploads\/2025\/03\/Quintessence-x6.jpg","datePublished":"2025-03-12T13:10:35+00:00","dateModified":"2025-12-25T16:05:38+00:00","description":"Regala el estuche Quintaesencia: foie gras y magret ahumado en una caja elegante que celebra los sabores m\u00e1s finos del Pa\u00eds Vasco.","breadcrumb":{"@id":"https:\/\/relaisgourmet.com\/es\/producto\/la-caja-quintaesencia-copie\/#breadcrumb"},"inLanguage":"es","potentialAction":[{"@type":"ReadAction","target":["https:\/\/relaisgourmet.com\/es\/producto\/la-caja-quintaesencia-copie\/"]}]},{"@type":"ImageObject","inLanguage":"es","@id":"https:\/\/relaisgourmet.com\/es\/producto\/la-caja-quintaesencia-copie\/#primaryimage","url":"https:\/\/relaisgourmet.com\/wp-content\/uploads\/2025\/03\/Quintessence-x6.jpg","contentUrl":"https:\/\/relaisgourmet.com\/wp-content\/uploads\/2025\/03\/Quintessence-x6.jpg","width":1427,"height":1427,"caption":"photographe d'entreprise, corporate, packshot, CV pau bearn pays basque"},{"@type":"BreadcrumbList","@id":"https:\/\/relaisgourmet.com\/es\/producto\/la-caja-quintaesencia-copie\/#breadcrumb","itemListElement":[{"@type":"ListItem","position":1,"name":"Inicio","item":"https:\/\/relaisgourmet.com\/es\/"},{"@type":"ListItem","position":2,"name":"Aut\u00e9ntico foie gras","item":"https:\/\/relaisgourmet.com\/es\/autentico-foie-gras\/"},{"@type":"ListItem","position":3,"name":"Estuche Regalo Quintaesencia: Foie Gras y Magret Ahumado"}]},{"@type":"WebSite","@id":"https:\/\/relaisgourmet.com\/es\/#website","url":"https:\/\/relaisgourmet.com\/es\/","name":"Relais Gourmet","description":"Maison Gastronomique au Pays-Basque Depuis 2004","publisher":{"@id":"https:\/\/relaisgourmet.com\/es\/#organization"},"potentialAction":[{"@type":"SearchAction","target":{"@type":"EntryPoint","urlTemplate":"https:\/\/relaisgourmet.com\/es\/?s={search_term_string}"},"query-input":{"@type":"PropertyValueSpecification","valueRequired":true,"valueName":"search_term_string"}}],"inLanguage":"es"},{"@type":"Organization","@id":"https:\/\/relaisgourmet.com\/es\/#organization","name":"Relais Gourmet","url":"https:\/\/relaisgourmet.com\/es\/","logo":{"@type":"ImageObject","inLanguage":"es","@id":"https:\/\/relaisgourmet.com\/es\/#\/schema\/logo\/image\/","url":"https:\/\/relaisgourmet.com\/wp-content\/uploads\/2024\/11\/Diseno-sin-titulo-8.jpg","contentUrl":"https:\/\/relaisgourmet.com\/wp-content\/uploads\/2024\/11\/Diseno-sin-titulo-8.jpg","width":500,"height":500,"caption":"Relais Gourmet"},"image":{"@id":"https:\/\/relaisgourmet.com\/es\/#\/schema\/logo\/image\/"},"sameAs":["https:\/\/facebook.com\/yoast","https:\/\/instagram.com\/yoast"]}]}},"_links":{"self":[{"href":"https:\/\/relaisgourmet.com\/es\/wp-json\/wp\/v2\/product\/55370","targetHints":{"allow":["GET"]}}],"collection":[{"href":"https:\/\/relaisgourmet.com\/es\/wp-json\/wp\/v2\/product"}],"about":[{"href":"https:\/\/relaisgourmet.com\/es\/wp-json\/wp\/v2\/types\/product"}],"replies":[{"embeddable":true,"href":"https:\/\/relaisgourmet.com\/es\/wp-json\/wp\/v2\/comments?post=55370"}],"version-history":[{"count":2,"href":"https:\/\/relaisgourmet.com\/es\/wp-json\/wp\/v2\/product\/55370\/revisions"}],"predecessor-version":[{"id":55403,"href":"https:\/\/relaisgourmet.com\/es\/wp-json\/wp\/v2\/product\/55370\/revisions\/55403"}],"wp:featuredmedia":[{"embeddable":true,"href":"https:\/\/relaisgourmet.com\/es\/wp-json\/wp\/v2\/media\/58721"}],"wp:attachment":[{"href":"https:\/\/relaisgourmet.com\/es\/wp-json\/wp\/v2\/media?parent=55370"}],"wp:term":[{"taxonomy":"product_brand","embeddable":true,"href":"https:\/\/relaisgourmet.com\/es\/wp-json\/wp\/v2\/product_brand?post=55370"},{"taxonomy":"product_cat","embeddable":true,"href":"https:\/\/relaisgourmet.com\/es\/wp-json\/wp\/v2\/product_cat?post=55370"},{"taxonomy":"product_tag","embeddable":true,"href":"https:\/\/relaisgourmet.com\/es\/wp-json\/wp\/v2\/product_tag?post=55370"},{"taxonomy":"giftcard-category","embeddable":true,"href":"https:\/\/relaisgourmet.com\/es\/wp-json\/wp\/v2\/giftcard-category?post=55370"}],"curies":[{"name":"wp","href":"https:\/\/api.w.org\/{rel}","templated":true}]}}