{"id":55365,"date":"2025-03-12T14:09:18","date_gmt":"2025-03-12T13:09:18","guid":{"rendered":"https:\/\/relaisgourmet.com\/?post_type=product&#038;p=55365"},"modified":"2025-04-12T23:10:21","modified_gmt":"2025-04-12T21:10:21","slug":"aranzazu-box-set-copie-7","status":"publish","type":"product","link":"https:\/\/relaisgourmet.com\/es\/producto\/aranzazu-box-set-copie-7\/","title":{"rendered":"Conjunto Iparla"},"content":{"rendered":"<h4><b>Descubre el Estuche Iparla: la esencia del terru\u00f1o en un Estuche Gourmet<\/b><\/h4>\n<p><span style=\"font-weight: 400;\">El <\/span><b>Estuche Iparla<\/b><span style=\"font-weight: 400;\"> es una invitaci\u00f3n a descubrir los aut\u00e9nticos sabores de <strong>Relais Gourmet<\/strong>. <\/span> <\/p>\n<p>Tanto si organizas un aperitivo refinado como una escapada gourmet, esta caja es el acompa\u00f1amiento perfecto.<\/p>\n<p><span style=\"font-weight: 400;\">Perfecto como regalo o para disfrutar directamente, \u00a1promete deleitar todos los paladares!  <\/span><\/p>\n<p><span style=\"font-weight: 400;\">Esta caja refleja toda la artesan\u00eda y la calidad de los productos de la regi\u00f3n vasca.<\/span><\/p>\n<p>Se garantiza que la Caja Iparla <strong> no contiene conservantes, colorantes ni aditivos.<\/strong><\/p>\n<h4><b>Composici\u00f3n:<\/b><\/h4>\n<ul>\n<li style=\"font-weight: 400;\" aria-level=\"1\"><b>Foie Gras Natural Entero (400 g):<\/b><span style=\"font-weight: 400;\">Este Foie Gras es un aut\u00e9ntico imprescindible de las mesas gourmet, respetando las recetas tradicionales que revelan toda la finura del Foie Gras entero.<\/span><\/li>\n<li style=\"font-weight: 400;\" aria-level=\"1\"><b>Foie Gras entero al Armagnac (400 g):<\/b><span style=\"font-weight: 400;\">El maridaje perfecto entre la riqueza del Foie Gras y las sutiles notas del Armagnac, ofreciendo una experiencia de degustaci\u00f3n refinada e inolvidable.<\/span><\/li>\n<li style=\"font-weight: 400;\" aria-level=\"1\"><b>Foie Gras entero con trufa negra (200 g):<\/b><span style=\"font-weight: 400;\">La trufa negra a\u00f1ade una dimensi\u00f3n lujosa y arom\u00e1tica al Foie Gras, para una experiencia gustativa incomparable.<\/span><\/li>\n<li aria-level=\"1\"><span style=\"font-weight: 400;\"><b>Botella de champ\u00e1n (750 ml)<\/b>: no hay nada como una copa de champ\u00e1n para acompa\u00f1ar estos platos excepcionales. Un acompa\u00f1amiento perfecto para las comidas festivas.<\/span><\/li>\n<li aria-level=\"1\"><strong>Una lira de Foie<\/strong> Gras <strong>(10 g)<\/strong>: sirve para cortar delicadamente el Foie Gras en lonchas perfectas, combinando precisi\u00f3n y elegancia.<\/li>\n<li aria-level=\"1\"><strong>Cuchillo para foie gras (10 g)<\/strong>: Dise\u00f1ado para cortar el foie gras con delicadeza y precisi\u00f3n, gracias a su fina hoja que evita aplastar su delicada textura.<\/li>\n<\/ul>\n<p>&nbsp;<\/p>\n<h4><b>Consejos de conservaci\u00f3n y degustaci\u00f3n :<\/b><\/h4>\n<p><span style=\"font-weight: 400;\">El <\/span><b>Caja Iparla<\/b><span style=\"font-weight: 400;\"> puede conservarse durante 3 a\u00f1os a temperatura ambiente. <\/span> <\/p>\n<p>Una vez abiertos, te recomendamos que los consumas en un plazo de 15 d\u00edas y los conserves refrigerados.<\/p>\n<p><b>Consejos para disfrutar de tu set de regalo Iparla<\/b><\/p>\n<p><span style=\"font-weight: 400;\">Lee todos nuestros consejos de preparaci\u00f3n en nuestro <a href=\"https:\/\/relaisgourmet.com\/blog-foies-gras-actualite\/\">blog<\/a> y en nuestra p\u00e1gina de <a href=\"https:\/\/www.instagram.com\/relaisgourmetofficiel\/\">Instagram<\/a>.  <\/span><\/p>\n<p><span style=\"font-weight: 400;\">El <\/span><b>Set de regalo Iparla<\/b><span style=\"font-weight: 400;\"> es el regalo ideal para cualquier ocasi\u00f3n. <\/span> <\/p>\n<p><span style=\"font-weight: 400;\">En<\/span>familia o con amigos, esta caja combina tradici\u00f3n y refinamiento para un momento gourmet.<\/p>\n","protected":false},"excerpt":{"rendered":"<p>Descubre <strong>el Set de Regalo Iparla<\/strong> de Relais Gourmet, una sabrosa composici\u00f3n dise\u00f1ada para realzar cada momento.<\/p>\n<p><img decoding=\"async\" class=\"emoji\" role=\"img\" src=\"https:\/\/s.w.org\/images\/core\/emoji\/15.0.3\/svg\/1f1eb-1f1f7.svg\" alt=\"\ud83c\uddeb\ud83c\uddf7\">  Producci\u00f3n 100% francesa garantizada<br \/>\n\u2714 Garantizado sin conservantes, aditivos ni colorantes.<br \/>\n\ud83c\udf43 Patos alimentados con ma\u00edz amarillo<br \/>\n\ud83d\ude9a Entrega r\u00e1pida en todo el mundo<br \/>\n\ud83d\udd53 Se conserva 3 a\u00f1os<br \/>\n\ud83d\udd10 Pago seguro<\/p>\n<div class=\"woocommerce-product-details__short-description\">\n<p>Peso neto: 1,77 kg<\/p>\n<\/div>\n","protected":false},"featured_media":58731,"comment_status":"closed","ping_status":"closed","template":"","meta":[],"product_brand":[],"product_cat":[1276,1280],"product_tag":[],"giftcard-category":[],"class_list":{"0":"post-55365","1":"product","2":"type-product","3":"status-publish","4":"has-post-thumbnail","6":"product_cat-cesta-de-regalo","7":"product_cat-regalos-gourmet","9":"first","10":"instock","11":"taxable","12":"shipping-taxable","13":"purchasable","14":"product-type-simple"},"yoast_head":"<!-- This site is optimized with the Yoast SEO Premium plugin v27.0 (Yoast SEO v27.3) - https:\/\/yoast.com\/product\/yoast-seo-premium-wordpress\/ -->\n<title>Conjunto gourmet Iparla - Sabor del Pa\u00eds Vasco<\/title>\n<meta name=\"description\" content=\"El conjunto Iparla re\u00fane delicias gourmet en una presentaci\u00f3n cuidada. Ideal para sorprender a los amantes del foie gras.\" \/>\n<meta name=\"robots\" content=\"index, follow, max-snippet:-1, max-image-preview:large, max-video-preview:-1\" \/>\n<link rel=\"canonical\" href=\"https:\/\/relaisgourmet.com\/es\/producto\/aranzazu-box-set-copie-7\/\" \/>\n<meta property=\"og:locale\" content=\"es_ES\" \/>\n<meta property=\"og:type\" content=\"article\" \/>\n<meta property=\"og:title\" content=\"Conjunto Iparla\" \/>\n<meta property=\"og:description\" content=\"El conjunto Iparla re\u00fane delicias gourmet en una presentaci\u00f3n cuidada. Ideal para sorprender a los amantes del foie gras.\" \/>\n<meta property=\"og:url\" content=\"https:\/\/relaisgourmet.com\/es\/producto\/aranzazu-box-set-copie-7\/\" \/>\n<meta property=\"og:site_name\" content=\"Relais Gourmet\" \/>\n<meta property=\"article:publisher\" content=\"https:\/\/facebook.com\/yoast\" \/>\n<meta property=\"article:modified_time\" content=\"2025-04-12T21:10:21+00:00\" \/>\n<meta property=\"og:image\" content=\"https:\/\/relaisgourmet.com\/wp-content\/uploads\/2025\/03\/coffret-1004-1-1-300x200-1.jpg\" \/>\n\t<meta property=\"og:image:width\" content=\"300\" \/>\n\t<meta property=\"og:image:height\" content=\"200\" \/>\n\t<meta property=\"og:image:type\" content=\"image\/jpeg\" \/>\n<meta name=\"twitter:card\" content=\"summary_large_image\" \/>\n<meta name=\"twitter:label1\" content=\"Tiempo de lectura\" \/>\n\t<meta name=\"twitter:data1\" content=\"2 minuto\" \/>\n<script type=\"application\/ld+json\" class=\"yoast-schema-graph\">{\"@context\":\"https:\\\/\\\/schema.org\",\"@graph\":[{\"@type\":\"WebPage\",\"@id\":\"https:\\\/\\\/relaisgourmet.com\\\/es\\\/producto\\\/aranzazu-box-set-copie-7\\\/\",\"url\":\"https:\\\/\\\/relaisgourmet.com\\\/es\\\/producto\\\/aranzazu-box-set-copie-7\\\/\",\"name\":\"Conjunto gourmet Iparla - Sabor del Pa\u00eds Vasco\",\"isPartOf\":{\"@id\":\"https:\\\/\\\/relaisgourmet.com\\\/es\\\/#website\"},\"primaryImageOfPage\":{\"@id\":\"https:\\\/\\\/relaisgourmet.com\\\/es\\\/producto\\\/aranzazu-box-set-copie-7\\\/#primaryimage\"},\"image\":{\"@id\":\"https:\\\/\\\/relaisgourmet.com\\\/es\\\/producto\\\/aranzazu-box-set-copie-7\\\/#primaryimage\"},\"thumbnailUrl\":\"https:\\\/\\\/relaisgourmet.com\\\/wp-content\\\/uploads\\\/2025\\\/03\\\/Iparla.jpg\",\"datePublished\":\"2025-03-12T13:09:18+00:00\",\"dateModified\":\"2025-04-12T21:10:21+00:00\",\"description\":\"El conjunto Iparla re\u00fane delicias gourmet en una presentaci\u00f3n cuidada. Ideal para sorprender a los amantes del foie gras.\",\"breadcrumb\":{\"@id\":\"https:\\\/\\\/relaisgourmet.com\\\/es\\\/producto\\\/aranzazu-box-set-copie-7\\\/#breadcrumb\"},\"inLanguage\":\"es\",\"potentialAction\":[{\"@type\":\"ReadAction\",\"target\":[\"https:\\\/\\\/relaisgourmet.com\\\/es\\\/producto\\\/aranzazu-box-set-copie-7\\\/\"]}]},{\"@type\":\"ImageObject\",\"inLanguage\":\"es\",\"@id\":\"https:\\\/\\\/relaisgourmet.com\\\/es\\\/producto\\\/aranzazu-box-set-copie-7\\\/#primaryimage\",\"url\":\"https:\\\/\\\/relaisgourmet.com\\\/wp-content\\\/uploads\\\/2025\\\/03\\\/Iparla.jpg\",\"contentUrl\":\"https:\\\/\\\/relaisgourmet.com\\\/wp-content\\\/uploads\\\/2025\\\/03\\\/Iparla.jpg\",\"width\":1583,\"height\":1583,\"caption\":\"photographe d'entreprise, corporate, packshot, CV pau bearn pays basque\"},{\"@type\":\"BreadcrumbList\",\"@id\":\"https:\\\/\\\/relaisgourmet.com\\\/es\\\/producto\\\/aranzazu-box-set-copie-7\\\/#breadcrumb\",\"itemListElement\":[{\"@type\":\"ListItem\",\"position\":1,\"name\":\"Inicio\",\"item\":\"https:\\\/\\\/relaisgourmet.com\\\/es\\\/\"},{\"@type\":\"ListItem\",\"position\":2,\"name\":\"Aut\u00e9ntico foie gras\",\"item\":\"https:\\\/\\\/relaisgourmet.com\\\/es\\\/autentico-foie-gras\\\/\"},{\"@type\":\"ListItem\",\"position\":3,\"name\":\"Conjunto Iparla\"}]},{\"@type\":\"WebSite\",\"@id\":\"https:\\\/\\\/relaisgourmet.com\\\/es\\\/#website\",\"url\":\"https:\\\/\\\/relaisgourmet.com\\\/es\\\/\",\"name\":\"Relais Gourmet\",\"description\":\"Maison Gastronomique au Pays-Basque Depuis 2004\",\"publisher\":{\"@id\":\"https:\\\/\\\/relaisgourmet.com\\\/es\\\/#organization\"},\"potentialAction\":[{\"@type\":\"SearchAction\",\"target\":{\"@type\":\"EntryPoint\",\"urlTemplate\":\"https:\\\/\\\/relaisgourmet.com\\\/es\\\/?s={search_term_string}\"},\"query-input\":{\"@type\":\"PropertyValueSpecification\",\"valueRequired\":true,\"valueName\":\"search_term_string\"}}],\"inLanguage\":\"es\"},{\"@type\":\"Organization\",\"@id\":\"https:\\\/\\\/relaisgourmet.com\\\/es\\\/#organization\",\"name\":\"Relais Gourmet\",\"url\":\"https:\\\/\\\/relaisgourmet.com\\\/es\\\/\",\"logo\":{\"@type\":\"ImageObject\",\"inLanguage\":\"es\",\"@id\":\"https:\\\/\\\/relaisgourmet.com\\\/es\\\/#\\\/schema\\\/logo\\\/image\\\/\",\"url\":\"https:\\\/\\\/relaisgourmet.com\\\/wp-content\\\/uploads\\\/2024\\\/11\\\/Diseno-sin-titulo-8.jpg\",\"contentUrl\":\"https:\\\/\\\/relaisgourmet.com\\\/wp-content\\\/uploads\\\/2024\\\/11\\\/Diseno-sin-titulo-8.jpg\",\"width\":500,\"height\":500,\"caption\":\"Relais Gourmet\"},\"image\":{\"@id\":\"https:\\\/\\\/relaisgourmet.com\\\/es\\\/#\\\/schema\\\/logo\\\/image\\\/\"},\"sameAs\":[\"https:\\\/\\\/facebook.com\\\/yoast\",\"https:\\\/\\\/instagram.com\\\/yoast\"]}]}<\/script>\n<!-- \/ Yoast SEO Premium plugin. -->","yoast_head_json":{"title":"Conjunto gourmet Iparla - Sabor del Pa\u00eds Vasco","description":"El conjunto Iparla re\u00fane delicias gourmet en una presentaci\u00f3n cuidada. Ideal para sorprender a los amantes del foie gras.","robots":{"index":"index","follow":"follow","max-snippet":"max-snippet:-1","max-image-preview":"max-image-preview:large","max-video-preview":"max-video-preview:-1"},"canonical":"https:\/\/relaisgourmet.com\/es\/producto\/aranzazu-box-set-copie-7\/","og_locale":"es_ES","og_type":"article","og_title":"Conjunto Iparla","og_description":"El conjunto Iparla re\u00fane delicias gourmet en una presentaci\u00f3n cuidada. Ideal para sorprender a los amantes del foie gras.","og_url":"https:\/\/relaisgourmet.com\/es\/producto\/aranzazu-box-set-copie-7\/","og_site_name":"Relais Gourmet","article_publisher":"https:\/\/facebook.com\/yoast","article_modified_time":"2025-04-12T21:10:21+00:00","og_image":[{"width":300,"height":200,"url":"https:\/\/relaisgourmet.com\/wp-content\/uploads\/2025\/03\/coffret-1004-1-1-300x200-1.jpg","type":"image\/jpeg"}],"twitter_card":"summary_large_image","twitter_misc":{"Tiempo de lectura":"2 minuto"},"schema":{"@context":"https:\/\/schema.org","@graph":[{"@type":"WebPage","@id":"https:\/\/relaisgourmet.com\/es\/producto\/aranzazu-box-set-copie-7\/","url":"https:\/\/relaisgourmet.com\/es\/producto\/aranzazu-box-set-copie-7\/","name":"Conjunto gourmet Iparla - Sabor del Pa\u00eds Vasco","isPartOf":{"@id":"https:\/\/relaisgourmet.com\/es\/#website"},"primaryImageOfPage":{"@id":"https:\/\/relaisgourmet.com\/es\/producto\/aranzazu-box-set-copie-7\/#primaryimage"},"image":{"@id":"https:\/\/relaisgourmet.com\/es\/producto\/aranzazu-box-set-copie-7\/#primaryimage"},"thumbnailUrl":"https:\/\/relaisgourmet.com\/wp-content\/uploads\/2025\/03\/Iparla.jpg","datePublished":"2025-03-12T13:09:18+00:00","dateModified":"2025-04-12T21:10:21+00:00","description":"El conjunto Iparla re\u00fane delicias gourmet en una presentaci\u00f3n cuidada. Ideal para sorprender a los amantes del foie gras.","breadcrumb":{"@id":"https:\/\/relaisgourmet.com\/es\/producto\/aranzazu-box-set-copie-7\/#breadcrumb"},"inLanguage":"es","potentialAction":[{"@type":"ReadAction","target":["https:\/\/relaisgourmet.com\/es\/producto\/aranzazu-box-set-copie-7\/"]}]},{"@type":"ImageObject","inLanguage":"es","@id":"https:\/\/relaisgourmet.com\/es\/producto\/aranzazu-box-set-copie-7\/#primaryimage","url":"https:\/\/relaisgourmet.com\/wp-content\/uploads\/2025\/03\/Iparla.jpg","contentUrl":"https:\/\/relaisgourmet.com\/wp-content\/uploads\/2025\/03\/Iparla.jpg","width":1583,"height":1583,"caption":"photographe d'entreprise, corporate, packshot, CV pau bearn pays basque"},{"@type":"BreadcrumbList","@id":"https:\/\/relaisgourmet.com\/es\/producto\/aranzazu-box-set-copie-7\/#breadcrumb","itemListElement":[{"@type":"ListItem","position":1,"name":"Inicio","item":"https:\/\/relaisgourmet.com\/es\/"},{"@type":"ListItem","position":2,"name":"Aut\u00e9ntico foie gras","item":"https:\/\/relaisgourmet.com\/es\/autentico-foie-gras\/"},{"@type":"ListItem","position":3,"name":"Conjunto Iparla"}]},{"@type":"WebSite","@id":"https:\/\/relaisgourmet.com\/es\/#website","url":"https:\/\/relaisgourmet.com\/es\/","name":"Relais Gourmet","description":"Maison Gastronomique au Pays-Basque Depuis 2004","publisher":{"@id":"https:\/\/relaisgourmet.com\/es\/#organization"},"potentialAction":[{"@type":"SearchAction","target":{"@type":"EntryPoint","urlTemplate":"https:\/\/relaisgourmet.com\/es\/?s={search_term_string}"},"query-input":{"@type":"PropertyValueSpecification","valueRequired":true,"valueName":"search_term_string"}}],"inLanguage":"es"},{"@type":"Organization","@id":"https:\/\/relaisgourmet.com\/es\/#organization","name":"Relais Gourmet","url":"https:\/\/relaisgourmet.com\/es\/","logo":{"@type":"ImageObject","inLanguage":"es","@id":"https:\/\/relaisgourmet.com\/es\/#\/schema\/logo\/image\/","url":"https:\/\/relaisgourmet.com\/wp-content\/uploads\/2024\/11\/Diseno-sin-titulo-8.jpg","contentUrl":"https:\/\/relaisgourmet.com\/wp-content\/uploads\/2024\/11\/Diseno-sin-titulo-8.jpg","width":500,"height":500,"caption":"Relais Gourmet"},"image":{"@id":"https:\/\/relaisgourmet.com\/es\/#\/schema\/logo\/image\/"},"sameAs":["https:\/\/facebook.com\/yoast","https:\/\/instagram.com\/yoast"]}]}},"_links":{"self":[{"href":"https:\/\/relaisgourmet.com\/es\/wp-json\/wp\/v2\/product\/55365","targetHints":{"allow":["GET"]}}],"collection":[{"href":"https:\/\/relaisgourmet.com\/es\/wp-json\/wp\/v2\/product"}],"about":[{"href":"https:\/\/relaisgourmet.com\/es\/wp-json\/wp\/v2\/types\/product"}],"replies":[{"embeddable":true,"href":"https:\/\/relaisgourmet.com\/es\/wp-json\/wp\/v2\/comments?post=55365"}],"version-history":[{"count":2,"href":"https:\/\/relaisgourmet.com\/es\/wp-json\/wp\/v2\/product\/55365\/revisions"}],"predecessor-version":[{"id":55398,"href":"https:\/\/relaisgourmet.com\/es\/wp-json\/wp\/v2\/product\/55365\/revisions\/55398"}],"wp:featuredmedia":[{"embeddable":true,"href":"https:\/\/relaisgourmet.com\/es\/wp-json\/wp\/v2\/media\/58731"}],"wp:attachment":[{"href":"https:\/\/relaisgourmet.com\/es\/wp-json\/wp\/v2\/media?parent=55365"}],"wp:term":[{"taxonomy":"product_brand","embeddable":true,"href":"https:\/\/relaisgourmet.com\/es\/wp-json\/wp\/v2\/product_brand?post=55365"},{"taxonomy":"product_cat","embeddable":true,"href":"https:\/\/relaisgourmet.com\/es\/wp-json\/wp\/v2\/product_cat?post=55365"},{"taxonomy":"product_tag","embeddable":true,"href":"https:\/\/relaisgourmet.com\/es\/wp-json\/wp\/v2\/product_tag?post=55365"},{"taxonomy":"giftcard-category","embeddable":true,"href":"https:\/\/relaisgourmet.com\/es\/wp-json\/wp\/v2\/giftcard-category?post=55365"}],"curies":[{"name":"wp","href":"https:\/\/api.w.org\/{rel}","templated":true}]}}