{"id":55297,"date":"2025-03-12T13:40:03","date_gmt":"2025-03-12T12:40:03","guid":{"rendered":"https:\/\/relaisgourmet.com\/?post_type=product&#038;p=55297"},"modified":"2025-04-12T23:10:13","modified_gmt":"2025-04-12T21:10:13","slug":"aranzazu-box-set-copie-4","status":"publish","type":"product","link":"https:\/\/relaisgourmet.com\/es\/producto\/aranzazu-box-set-copie-4\/","title":{"rendered":"Juego de cajas Uhainak"},"content":{"rendered":"<p><b>Descubre el estuche Uhainak: la elegancia del sabor<\/b><\/p>\n<p>La <strong>caja de<\/strong><b> Uhainak<\/b><span style=\"font-weight: 400;\">  es una visita obligada para los amantes de las aut\u00e9nticas delicias gastron\u00f3micas. Este estuche de <strong>Relais Gourmet<\/strong> incluye una selecci\u00f3n de productos de primera calidad, ideales para realzar tus momentos gourmet en cualquier ocasi\u00f3n. Tanto si lo compartes con amigos como si lo regalas, el  <\/span><b>Juego de cajas Uhainak<\/b><span style=\"font-weight: 400;\">  es perfecto para crear momentos inolvidables de convivencia en torno a la mesa. Cada producto de esta caja es un homenaje a los sabores tradicionales y al saber hacer de Relais Gourmet.<\/span><\/p>\n<p><span style=\"font-weight: 400;\"> Se garantiza que la caja de Uhainak <strong>no contiene conservantes, colorantes ni aditivos.<\/strong><\/span><\/p>\n<p><b>Composici\u00f3n:<\/b><\/p>\n<ul>\n<li style=\"font-weight: 400;\" aria-level=\"1\"><b>Foie Gras Natural Entero (400 g)<\/b><span style=\"font-weight: 400;\"> La pura esencia del Foie Gras, sencillamente delicioso.<\/span><\/li>\n<li style=\"font-weight: 400;\" aria-level=\"1\"><b>Foie Gras Entero al Sauternes (400 g)<\/b><span style=\"font-weight: 400;\"> Un toque suave y sutil con el delicado aroma del Sauternes.<\/span><\/li>\n<li style=\"font-weight: 400;\" aria-level=\"1\"><b>Foie Gras Entero con Pimiento de Espelette (400 g)<\/b><span style=\"font-weight: 400;\"> Para los amantes de las sensaciones picantes, condimentado con la famosa guindilla vasca.<\/span><\/li>\n<li style=\"font-weight: 400;\" aria-level=\"1\"><b>Aperitivo Gourmet con Pimiento de Espelette (180 g)<\/b><span style=\"font-weight: 400;\"> Un aperitivo sabroso y picante.<\/span><\/li>\n<li style=\"font-weight: 400;\" aria-level=\"1\"><b>Aperitivo Gourmet Porcini (180 g)<\/b><span style=\"font-weight: 400;\"> Una sabrosa mezcla para a\u00f1adir un toque del bosque a tus aperitivos.<\/span><\/li>\n<\/ul>\n<p><b>Consejos de conservaci\u00f3n y degustaci\u00f3n :<\/b><\/p>\n<p><span style=\"font-weight: 400;\">El <\/span><b>Conjunto Uhainak<\/b><span style=\"font-weight: 400;\">  tiene una larga vida \u00fatil de 3 a\u00f1os a temperatura ambiente. Una vez abiertos, aseg\u00farate de consumirlos en un plazo de 15 d\u00edas y mantenerlos refrigerados para conservar su frescura.<\/span><\/p>\n<p><b>Consejos para disfrutar de tu caja Uhainak<\/b><\/p>\n<p><span style=\"font-weight: 400;\">Para obtener ideas creativas y consejos sobre c\u00f3mo hacer brillar estos productos, visita nuestro <\/span><a href=\"https:\/\/relaisgourmet.com\/blog-foies-gras-actualite\/\"><b>blog<\/b><\/a><span style=\"font-weight: 400;\"> y s\u00edguenos en nuestro <\/span><a href=\"https:\/\/www.instagram.com\/relaisgourmetofficiel\/\"><b>Instagram<\/b><\/a><span style=\"font-weight: 400;\">. Encontrar\u00e1s consejos para convertir tus comidas en verdaderos momentos gastron\u00f3micos.<\/span><\/p>\n<p><b>Dar o recibir :<\/b><\/p>\n<p><span style=\"font-weight: 400;\">El <\/span><b>Conjunto Uhainak<\/b><span style=\"font-weight: 400;\">  encarna la excelencia de los productos Relais Gourmet. Est\u00e1 pensado para quienes buscan momentos \u00fanicos, llenos de sabores aut\u00e9nticos y placeres gourmet. Reg\u00e1late a ti mismo o a tus seres queridos un momento excepcional con este estuche de delicias.<\/span><\/p>\n","protected":false},"excerpt":{"rendered":"<p>Descubre <strong>el Set de Regalo Uhainak<\/strong> de Relais Gourmet, una sabrosa selecci\u00f3n dise\u00f1ada para acompa\u00f1ar tus momentos gourmet en cualquier ocasi\u00f3n. Perfecta para un aperitivo entre amigos, una escapada gastron\u00f3mica o un regalo que causar\u00e1 sensaci\u00f3n, \u00a1esta caja promete un placer \u00fanico para compartir o saborear sin demora!<\/p>\n<p><img decoding=\"async\" class=\"emoji\" role=\"img\" src=\"https:\/\/s.w.org\/images\/core\/emoji\/15.0.3\/svg\/1f1eb-1f1f7.svg\" alt=\"\ud83c\uddeb\ud83c\uddf7\">  Producci\u00f3n 100% francesa garantizada<br \/>\n\u2714 Garantizado sin conservantes, aditivos ni colorantes.<br \/>\n\ud83c\udf43 Patos alimentados con ma\u00edz amarillo<br \/>\n\ud83d\ude9a Entrega r\u00e1pida en todo el mundo<br \/>\n\ud83d\udd53 Se conserva 3 a\u00f1os<br \/>\n\ud83d\udd10 Pago seguro<\/p>\n<p>Peso neto: 1,83 kg<\/p>\n","protected":false},"featured_media":58746,"comment_status":"closed","ping_status":"closed","template":"","meta":[],"product_brand":[],"product_cat":[1276,1280],"product_tag":[],"giftcard-category":[],"class_list":{"0":"post-55297","1":"product","2":"type-product","3":"status-publish","4":"has-post-thumbnail","6":"product_cat-cesta-de-regalo","7":"product_cat-regalos-gourmet","9":"first","10":"instock","11":"taxable","12":"shipping-taxable","13":"purchasable","14":"product-type-simple"},"yoast_head":"<!-- This site is optimized with the Yoast SEO Premium plugin v27.0 (Yoast SEO v27.3) - https:\/\/yoast.com\/product\/yoast-seo-premium-wordpress\/ -->\n<title>Estuche Uhainak - Degustaci\u00f3n de Foie Gras<\/title>\n<meta name=\"description\" content=\"El juego de cajas Uhainak es un tributo a la gastronom\u00eda vasca. Ideal para compartir aperitivos gourmet y foie gras con elegancia.\" \/>\n<meta name=\"robots\" content=\"index, follow, max-snippet:-1, max-image-preview:large, max-video-preview:-1\" \/>\n<link rel=\"canonical\" href=\"https:\/\/relaisgourmet.com\/es\/producto\/aranzazu-box-set-copie-4\/\" \/>\n<meta property=\"og:locale\" content=\"es_ES\" \/>\n<meta property=\"og:type\" content=\"article\" \/>\n<meta property=\"og:title\" content=\"Juego de cajas Uhainak\" \/>\n<meta property=\"og:description\" content=\"El juego de cajas Uhainak es un tributo a la gastronom\u00eda vasca. Ideal para compartir aperitivos gourmet y foie gras con elegancia.\" \/>\n<meta property=\"og:url\" content=\"https:\/\/relaisgourmet.com\/es\/producto\/aranzazu-box-set-copie-4\/\" \/>\n<meta property=\"og:site_name\" content=\"Relais Gourmet\" \/>\n<meta property=\"article:publisher\" content=\"https:\/\/facebook.com\/yoast\" \/>\n<meta property=\"article:modified_time\" content=\"2025-04-12T21:10:13+00:00\" \/>\n<meta property=\"og:image\" content=\"https:\/\/relaisgourmet.com\/wp-content\/uploads\/2025\/03\/coffret-3FG-400-2A-2.jpg\" \/>\n\t<meta property=\"og:image:width\" content=\"2500\" \/>\n\t<meta property=\"og:image:height\" content=\"1667\" \/>\n\t<meta property=\"og:image:type\" content=\"image\/jpeg\" \/>\n<meta name=\"twitter:card\" content=\"summary_large_image\" \/>\n<meta name=\"twitter:label1\" content=\"Tiempo de lectura\" \/>\n\t<meta name=\"twitter:data1\" content=\"2 minuto\" \/>\n<script type=\"application\/ld+json\" class=\"yoast-schema-graph\">{\"@context\":\"https:\\\/\\\/schema.org\",\"@graph\":[{\"@type\":\"WebPage\",\"@id\":\"https:\\\/\\\/relaisgourmet.com\\\/es\\\/producto\\\/aranzazu-box-set-copie-4\\\/\",\"url\":\"https:\\\/\\\/relaisgourmet.com\\\/es\\\/producto\\\/aranzazu-box-set-copie-4\\\/\",\"name\":\"Estuche Uhainak - Degustaci\u00f3n de Foie Gras\",\"isPartOf\":{\"@id\":\"https:\\\/\\\/relaisgourmet.com\\\/es\\\/#website\"},\"primaryImageOfPage\":{\"@id\":\"https:\\\/\\\/relaisgourmet.com\\\/es\\\/producto\\\/aranzazu-box-set-copie-4\\\/#primaryimage\"},\"image\":{\"@id\":\"https:\\\/\\\/relaisgourmet.com\\\/es\\\/producto\\\/aranzazu-box-set-copie-4\\\/#primaryimage\"},\"thumbnailUrl\":\"https:\\\/\\\/relaisgourmet.com\\\/wp-content\\\/uploads\\\/2025\\\/03\\\/Uhainak.jpg\",\"datePublished\":\"2025-03-12T12:40:03+00:00\",\"dateModified\":\"2025-04-12T21:10:13+00:00\",\"description\":\"El juego de cajas Uhainak es un tributo a la gastronom\u00eda vasca. Ideal para compartir aperitivos gourmet y foie gras con elegancia.\",\"breadcrumb\":{\"@id\":\"https:\\\/\\\/relaisgourmet.com\\\/es\\\/producto\\\/aranzazu-box-set-copie-4\\\/#breadcrumb\"},\"inLanguage\":\"es\",\"potentialAction\":[{\"@type\":\"ReadAction\",\"target\":[\"https:\\\/\\\/relaisgourmet.com\\\/es\\\/producto\\\/aranzazu-box-set-copie-4\\\/\"]}]},{\"@type\":\"ImageObject\",\"inLanguage\":\"es\",\"@id\":\"https:\\\/\\\/relaisgourmet.com\\\/es\\\/producto\\\/aranzazu-box-set-copie-4\\\/#primaryimage\",\"url\":\"https:\\\/\\\/relaisgourmet.com\\\/wp-content\\\/uploads\\\/2025\\\/03\\\/Uhainak.jpg\",\"contentUrl\":\"https:\\\/\\\/relaisgourmet.com\\\/wp-content\\\/uploads\\\/2025\\\/03\\\/Uhainak.jpg\",\"width\":1583,\"height\":1583,\"caption\":\"photographe d'entreprise, corporate, packshot, CV pau bearn pays basque\"},{\"@type\":\"BreadcrumbList\",\"@id\":\"https:\\\/\\\/relaisgourmet.com\\\/es\\\/producto\\\/aranzazu-box-set-copie-4\\\/#breadcrumb\",\"itemListElement\":[{\"@type\":\"ListItem\",\"position\":1,\"name\":\"Inicio\",\"item\":\"https:\\\/\\\/relaisgourmet.com\\\/es\\\/\"},{\"@type\":\"ListItem\",\"position\":2,\"name\":\"Aut\u00e9ntico foie gras\",\"item\":\"https:\\\/\\\/relaisgourmet.com\\\/es\\\/autentico-foie-gras\\\/\"},{\"@type\":\"ListItem\",\"position\":3,\"name\":\"Juego de cajas Uhainak\"}]},{\"@type\":\"WebSite\",\"@id\":\"https:\\\/\\\/relaisgourmet.com\\\/es\\\/#website\",\"url\":\"https:\\\/\\\/relaisgourmet.com\\\/es\\\/\",\"name\":\"Relais Gourmet\",\"description\":\"Maison Gastronomique au Pays-Basque Depuis 2004\",\"publisher\":{\"@id\":\"https:\\\/\\\/relaisgourmet.com\\\/es\\\/#organization\"},\"potentialAction\":[{\"@type\":\"SearchAction\",\"target\":{\"@type\":\"EntryPoint\",\"urlTemplate\":\"https:\\\/\\\/relaisgourmet.com\\\/es\\\/?s={search_term_string}\"},\"query-input\":{\"@type\":\"PropertyValueSpecification\",\"valueRequired\":true,\"valueName\":\"search_term_string\"}}],\"inLanguage\":\"es\"},{\"@type\":\"Organization\",\"@id\":\"https:\\\/\\\/relaisgourmet.com\\\/es\\\/#organization\",\"name\":\"Relais Gourmet\",\"url\":\"https:\\\/\\\/relaisgourmet.com\\\/es\\\/\",\"logo\":{\"@type\":\"ImageObject\",\"inLanguage\":\"es\",\"@id\":\"https:\\\/\\\/relaisgourmet.com\\\/es\\\/#\\\/schema\\\/logo\\\/image\\\/\",\"url\":\"https:\\\/\\\/relaisgourmet.com\\\/wp-content\\\/uploads\\\/2024\\\/11\\\/Diseno-sin-titulo-8.jpg\",\"contentUrl\":\"https:\\\/\\\/relaisgourmet.com\\\/wp-content\\\/uploads\\\/2024\\\/11\\\/Diseno-sin-titulo-8.jpg\",\"width\":500,\"height\":500,\"caption\":\"Relais Gourmet\"},\"image\":{\"@id\":\"https:\\\/\\\/relaisgourmet.com\\\/es\\\/#\\\/schema\\\/logo\\\/image\\\/\"},\"sameAs\":[\"https:\\\/\\\/facebook.com\\\/yoast\",\"https:\\\/\\\/instagram.com\\\/yoast\"]}]}<\/script>\n<!-- \/ Yoast SEO Premium plugin. -->","yoast_head_json":{"title":"Estuche Uhainak - Degustaci\u00f3n de Foie Gras","description":"El juego de cajas Uhainak es un tributo a la gastronom\u00eda vasca. Ideal para compartir aperitivos gourmet y foie gras con elegancia.","robots":{"index":"index","follow":"follow","max-snippet":"max-snippet:-1","max-image-preview":"max-image-preview:large","max-video-preview":"max-video-preview:-1"},"canonical":"https:\/\/relaisgourmet.com\/es\/producto\/aranzazu-box-set-copie-4\/","og_locale":"es_ES","og_type":"article","og_title":"Juego de cajas Uhainak","og_description":"El juego de cajas Uhainak es un tributo a la gastronom\u00eda vasca. Ideal para compartir aperitivos gourmet y foie gras con elegancia.","og_url":"https:\/\/relaisgourmet.com\/es\/producto\/aranzazu-box-set-copie-4\/","og_site_name":"Relais Gourmet","article_publisher":"https:\/\/facebook.com\/yoast","article_modified_time":"2025-04-12T21:10:13+00:00","og_image":[{"width":2500,"height":1667,"url":"https:\/\/relaisgourmet.com\/wp-content\/uploads\/2025\/03\/coffret-3FG-400-2A-2.jpg","type":"image\/jpeg"}],"twitter_card":"summary_large_image","twitter_misc":{"Tiempo de lectura":"2 minuto"},"schema":{"@context":"https:\/\/schema.org","@graph":[{"@type":"WebPage","@id":"https:\/\/relaisgourmet.com\/es\/producto\/aranzazu-box-set-copie-4\/","url":"https:\/\/relaisgourmet.com\/es\/producto\/aranzazu-box-set-copie-4\/","name":"Estuche Uhainak - Degustaci\u00f3n de Foie Gras","isPartOf":{"@id":"https:\/\/relaisgourmet.com\/es\/#website"},"primaryImageOfPage":{"@id":"https:\/\/relaisgourmet.com\/es\/producto\/aranzazu-box-set-copie-4\/#primaryimage"},"image":{"@id":"https:\/\/relaisgourmet.com\/es\/producto\/aranzazu-box-set-copie-4\/#primaryimage"},"thumbnailUrl":"https:\/\/relaisgourmet.com\/wp-content\/uploads\/2025\/03\/Uhainak.jpg","datePublished":"2025-03-12T12:40:03+00:00","dateModified":"2025-04-12T21:10:13+00:00","description":"El juego de cajas Uhainak es un tributo a la gastronom\u00eda vasca. Ideal para compartir aperitivos gourmet y foie gras con elegancia.","breadcrumb":{"@id":"https:\/\/relaisgourmet.com\/es\/producto\/aranzazu-box-set-copie-4\/#breadcrumb"},"inLanguage":"es","potentialAction":[{"@type":"ReadAction","target":["https:\/\/relaisgourmet.com\/es\/producto\/aranzazu-box-set-copie-4\/"]}]},{"@type":"ImageObject","inLanguage":"es","@id":"https:\/\/relaisgourmet.com\/es\/producto\/aranzazu-box-set-copie-4\/#primaryimage","url":"https:\/\/relaisgourmet.com\/wp-content\/uploads\/2025\/03\/Uhainak.jpg","contentUrl":"https:\/\/relaisgourmet.com\/wp-content\/uploads\/2025\/03\/Uhainak.jpg","width":1583,"height":1583,"caption":"photographe d'entreprise, corporate, packshot, CV pau bearn pays basque"},{"@type":"BreadcrumbList","@id":"https:\/\/relaisgourmet.com\/es\/producto\/aranzazu-box-set-copie-4\/#breadcrumb","itemListElement":[{"@type":"ListItem","position":1,"name":"Inicio","item":"https:\/\/relaisgourmet.com\/es\/"},{"@type":"ListItem","position":2,"name":"Aut\u00e9ntico foie gras","item":"https:\/\/relaisgourmet.com\/es\/autentico-foie-gras\/"},{"@type":"ListItem","position":3,"name":"Juego de cajas Uhainak"}]},{"@type":"WebSite","@id":"https:\/\/relaisgourmet.com\/es\/#website","url":"https:\/\/relaisgourmet.com\/es\/","name":"Relais Gourmet","description":"Maison Gastronomique au Pays-Basque Depuis 2004","publisher":{"@id":"https:\/\/relaisgourmet.com\/es\/#organization"},"potentialAction":[{"@type":"SearchAction","target":{"@type":"EntryPoint","urlTemplate":"https:\/\/relaisgourmet.com\/es\/?s={search_term_string}"},"query-input":{"@type":"PropertyValueSpecification","valueRequired":true,"valueName":"search_term_string"}}],"inLanguage":"es"},{"@type":"Organization","@id":"https:\/\/relaisgourmet.com\/es\/#organization","name":"Relais Gourmet","url":"https:\/\/relaisgourmet.com\/es\/","logo":{"@type":"ImageObject","inLanguage":"es","@id":"https:\/\/relaisgourmet.com\/es\/#\/schema\/logo\/image\/","url":"https:\/\/relaisgourmet.com\/wp-content\/uploads\/2024\/11\/Diseno-sin-titulo-8.jpg","contentUrl":"https:\/\/relaisgourmet.com\/wp-content\/uploads\/2024\/11\/Diseno-sin-titulo-8.jpg","width":500,"height":500,"caption":"Relais Gourmet"},"image":{"@id":"https:\/\/relaisgourmet.com\/es\/#\/schema\/logo\/image\/"},"sameAs":["https:\/\/facebook.com\/yoast","https:\/\/instagram.com\/yoast"]}]}},"_links":{"self":[{"href":"https:\/\/relaisgourmet.com\/es\/wp-json\/wp\/v2\/product\/55297","targetHints":{"allow":["GET"]}}],"collection":[{"href":"https:\/\/relaisgourmet.com\/es\/wp-json\/wp\/v2\/product"}],"about":[{"href":"https:\/\/relaisgourmet.com\/es\/wp-json\/wp\/v2\/types\/product"}],"replies":[{"embeddable":true,"href":"https:\/\/relaisgourmet.com\/es\/wp-json\/wp\/v2\/comments?post=55297"}],"version-history":[{"count":2,"href":"https:\/\/relaisgourmet.com\/es\/wp-json\/wp\/v2\/product\/55297\/revisions"}],"predecessor-version":[{"id":55313,"href":"https:\/\/relaisgourmet.com\/es\/wp-json\/wp\/v2\/product\/55297\/revisions\/55313"}],"wp:featuredmedia":[{"embeddable":true,"href":"https:\/\/relaisgourmet.com\/es\/wp-json\/wp\/v2\/media\/58746"}],"wp:attachment":[{"href":"https:\/\/relaisgourmet.com\/es\/wp-json\/wp\/v2\/media?parent=55297"}],"wp:term":[{"taxonomy":"product_brand","embeddable":true,"href":"https:\/\/relaisgourmet.com\/es\/wp-json\/wp\/v2\/product_brand?post=55297"},{"taxonomy":"product_cat","embeddable":true,"href":"https:\/\/relaisgourmet.com\/es\/wp-json\/wp\/v2\/product_cat?post=55297"},{"taxonomy":"product_tag","embeddable":true,"href":"https:\/\/relaisgourmet.com\/es\/wp-json\/wp\/v2\/product_tag?post=55297"},{"taxonomy":"giftcard-category","embeddable":true,"href":"https:\/\/relaisgourmet.com\/es\/wp-json\/wp\/v2\/giftcard-category?post=55297"}],"curies":[{"name":"wp","href":"https:\/\/api.w.org\/{rel}","templated":true}]}}