{"id":55267,"date":"2025-03-12T13:31:17","date_gmt":"2025-03-12T12:31:17","guid":{"rendered":"https:\/\/relaisgourmet.com\/?post_type=product&#038;p=55267"},"modified":"2025-04-12T23:10:13","modified_gmt":"2025-04-12T21:10:13","slug":"aranzazu-box-set-copie-3","status":"publish","type":"product","link":"https:\/\/relaisgourmet.com\/es\/producto\/aranzazu-box-set-copie-3\/","title":{"rendered":"La caja Ondarroa"},"content":{"rendered":"<p><strong>Descubre el Estuche Regalo Ondarroa: una experiencia gastron\u00f3mica inolvidable<\/strong><\/p>\n<p><span style=\"font-weight: 400;\">El <strong>Set de Regalo Ondarroa<\/strong> de<strong> Relais Gourmet<\/strong> te invita a disfrutar de una experiencia culinaria \u00fanica.  <\/span><\/p>\n<p><span style=\"font-weight: 400;\">Ya sea para realzar tus aperitivos, acompa\u00f1ar una comida improvisada o simplemente darte un capricho, esta caja se adapta a todas las ocasiones.<\/span><\/p>\n<p><span style=\"font-weight: 400;\">  Una idea de regalo ideal, \u00a1o un capricho para saborear sin demora!  <\/span><\/p>\n<p>Es una forma estupenda de compartir momentos de convivencia con la familia y los amigos, creando recuerdos inolvidables en torno a platos excepcionales.<\/p>\n<p>Se garantiza que <strong>la caja de Ondarroa<\/strong> <strong> no contiene conservantes, colorantes ni aditivos.<\/strong><\/p>\n<p><span style=\"font-weight: 400;\"><strong>Composici\u00f3n:<\/strong><\/span><\/p>\n<ul>\n<li><span style=\"font-weight: 400;\"><strong>Foie Gras Natural Entero (200 g<\/strong> ): una explosi\u00f3n de sabores naturales, sin conservantes.<\/span><\/li>\n<li><span style=\"font-weight: 400;\"><strong>Foie Gras entero con trufa negra (200 g<\/strong> ): un toque de elegancia con el delicado aroma de la trufa negra.<\/span><\/li>\n<li><span style=\"font-weight: 400;\"><strong>Botella de Champ\u00e1n (750 ml)<\/strong>: para acompa\u00f1ar estos platos excepcionales con finura y elegancia.<\/span><\/li>\n<\/ul>\n<p>&nbsp;<\/p>\n<p><b>Consejos de conservaci\u00f3n y degustaci\u00f3n :<\/b><\/p>\n<p>La<b> caja Ondarroa <\/b><span style=\"font-weight: 400;\">tiene una larga vida \u00fatil de 3 a\u00f1os a temperatura ambiente. <\/span> <\/p>\n<p><span style=\"font-weight: 400;\">Una vez abiertos, los productos deben consumirse en un plazo de 15 d\u00edas y conservarse refrigerados.<\/span><\/p>\n<p><strong>Trucos y consejos :<\/strong><\/p>\n<p><span style=\"font-weight: 400;\">No te pierdas nuestros consejos y trucos de preparaci\u00f3n en nuestro <strong><a href=\"https:\/\/relaisgourmet.com\/blog-foies-gras-actualite\/\">Blog<\/a><\/strong> pero tambi\u00e9n en nuestra<a href=\"https:\/\/www.instagram.com\/relaisgourmetofficiel\/\"><strong> p\u00e1gina de Instagram<\/strong><\/a> para sacar el m\u00e1ximo partido a tu Caja Regalo Ondarroa.  <\/span><\/p>\n<p><span style=\"font-weight: 400;\">Nuestras sugerencias te ayudar\u00e1n a convertir cada degustaci\u00f3n en un momento excepcional.<\/span><\/p>\n<p><strong>Reg\u00e1late o date un capricho<\/strong><\/p>\n<p><span style=\"font-weight: 400;\">Ya sea para un acontecimiento especial, un regalo refinado o simplemente para disfrutar de una deliciosa comida.<\/span><\/p>\n<p><span style=\"font-weight: 400;\">El Coffret Ondarroa es la elecci\u00f3n ideal para quienes aprecian la gastronom\u00eda francesa en su m\u00e1xima expresi\u00f3n.<\/span><\/p>\n","protected":false},"excerpt":{"rendered":"<p>Descubre la Caja Regalo Ondarroa, una selecci\u00f3n gourmet perfecta para todas tus ocasiones sociales.<\/p>\n<p><img decoding=\"async\" class=\"emoji\" role=\"img\" src=\"https:\/\/s.w.org\/images\/core\/emoji\/15.0.3\/svg\/1f1eb-1f1f7.svg\" alt=\"\ud83c\uddeb\ud83c\uddf7\">  Producci\u00f3n 100% francesa garantizada<br \/>\n\u2714 Garantizado sin conservantes, aditivos ni colorantes.<br \/>\n\ud83c\udf43 Patos alimentados con ma\u00edz amarillo<br \/>\n\ud83d\ude9a Entrega r\u00e1pida en todo el mundo<br \/>\n\ud83d\udd53 Se conserva 3 a\u00f1os<br \/>\n\ud83d\udd10 Pago seguro<\/p>\n<p>Peso neto: 1,15 kg<\/p>\n","protected":false},"featured_media":58751,"comment_status":"closed","ping_status":"closed","template":"","meta":[],"product_brand":[],"product_cat":[1276,1280],"product_tag":[],"giftcard-category":[],"class_list":{"0":"post-55267","1":"product","2":"type-product","3":"status-publish","4":"has-post-thumbnail","6":"product_cat-cesta-de-regalo","7":"product_cat-regalos-gourmet","9":"first","10":"instock","11":"taxable","12":"shipping-taxable","13":"purchasable","14":"product-type-simple"},"yoast_head":"<!-- This site is optimized with the Yoast SEO Premium plugin v27.0 (Yoast SEO v27.3) - https:\/\/yoast.com\/product\/yoast-seo-premium-wordpress\/ -->\n<title>Caja Ondarroa - Delicias vascas para regalar<\/title>\n<meta name=\"description\" content=\"La caja Ondarroa ofrece foie gras y productos artesanales seleccionados para sorprender en cada bocado. Ideal para regalar.\" \/>\n<meta name=\"robots\" content=\"index, follow, max-snippet:-1, max-image-preview:large, max-video-preview:-1\" \/>\n<link rel=\"canonical\" href=\"https:\/\/relaisgourmet.com\/es\/producto\/aranzazu-box-set-copie-3\/\" \/>\n<meta property=\"og:locale\" content=\"es_ES\" \/>\n<meta property=\"og:type\" content=\"article\" \/>\n<meta property=\"og:title\" content=\"La caja Ondarroa\" \/>\n<meta property=\"og:description\" content=\"La caja Ondarroa ofrece foie gras y productos artesanales seleccionados para sorprender en cada bocado. Ideal para regalar.\" \/>\n<meta property=\"og:url\" content=\"https:\/\/relaisgourmet.com\/es\/producto\/aranzazu-box-set-copie-3\/\" \/>\n<meta property=\"og:site_name\" content=\"Relais Gourmet\" \/>\n<meta property=\"article:publisher\" content=\"https:\/\/facebook.com\/yoast\" \/>\n<meta property=\"article:modified_time\" content=\"2025-04-12T21:10:13+00:00\" \/>\n<meta property=\"og:image\" content=\"https:\/\/relaisgourmet.com\/wp-content\/uploads\/2025\/03\/coffret-amoureux2-2-1-300x200-1.jpg\" \/>\n\t<meta property=\"og:image:width\" content=\"300\" \/>\n\t<meta property=\"og:image:height\" content=\"200\" \/>\n\t<meta property=\"og:image:type\" content=\"image\/jpeg\" \/>\n<meta name=\"twitter:card\" content=\"summary_large_image\" \/>\n<meta name=\"twitter:label1\" content=\"Tiempo de lectura\" \/>\n\t<meta name=\"twitter:data1\" content=\"1 minuto\" \/>\n<script type=\"application\/ld+json\" class=\"yoast-schema-graph\">{\"@context\":\"https:\\\/\\\/schema.org\",\"@graph\":[{\"@type\":\"WebPage\",\"@id\":\"https:\\\/\\\/relaisgourmet.com\\\/es\\\/producto\\\/aranzazu-box-set-copie-3\\\/\",\"url\":\"https:\\\/\\\/relaisgourmet.com\\\/es\\\/producto\\\/aranzazu-box-set-copie-3\\\/\",\"name\":\"Caja Ondarroa - Delicias vascas para regalar\",\"isPartOf\":{\"@id\":\"https:\\\/\\\/relaisgourmet.com\\\/es\\\/#website\"},\"primaryImageOfPage\":{\"@id\":\"https:\\\/\\\/relaisgourmet.com\\\/es\\\/producto\\\/aranzazu-box-set-copie-3\\\/#primaryimage\"},\"image\":{\"@id\":\"https:\\\/\\\/relaisgourmet.com\\\/es\\\/producto\\\/aranzazu-box-set-copie-3\\\/#primaryimage\"},\"thumbnailUrl\":\"https:\\\/\\\/relaisgourmet.com\\\/wp-content\\\/uploads\\\/2025\\\/03\\\/Ondarroa.jpg\",\"datePublished\":\"2025-03-12T12:31:17+00:00\",\"dateModified\":\"2025-04-12T21:10:13+00:00\",\"description\":\"La caja Ondarroa ofrece foie gras y productos artesanales seleccionados para sorprender en cada bocado. Ideal para regalar.\",\"breadcrumb\":{\"@id\":\"https:\\\/\\\/relaisgourmet.com\\\/es\\\/producto\\\/aranzazu-box-set-copie-3\\\/#breadcrumb\"},\"inLanguage\":\"es\",\"potentialAction\":[{\"@type\":\"ReadAction\",\"target\":[\"https:\\\/\\\/relaisgourmet.com\\\/es\\\/producto\\\/aranzazu-box-set-copie-3\\\/\"]}]},{\"@type\":\"ImageObject\",\"inLanguage\":\"es\",\"@id\":\"https:\\\/\\\/relaisgourmet.com\\\/es\\\/producto\\\/aranzazu-box-set-copie-3\\\/#primaryimage\",\"url\":\"https:\\\/\\\/relaisgourmet.com\\\/wp-content\\\/uploads\\\/2025\\\/03\\\/Ondarroa.jpg\",\"contentUrl\":\"https:\\\/\\\/relaisgourmet.com\\\/wp-content\\\/uploads\\\/2025\\\/03\\\/Ondarroa.jpg\",\"width\":1427,\"height\":1427,\"caption\":\"photographe d'entreprise, corporate, packshot, CV pau bearn pays basque\"},{\"@type\":\"BreadcrumbList\",\"@id\":\"https:\\\/\\\/relaisgourmet.com\\\/es\\\/producto\\\/aranzazu-box-set-copie-3\\\/#breadcrumb\",\"itemListElement\":[{\"@type\":\"ListItem\",\"position\":1,\"name\":\"Inicio\",\"item\":\"https:\\\/\\\/relaisgourmet.com\\\/es\\\/\"},{\"@type\":\"ListItem\",\"position\":2,\"name\":\"Aut\u00e9ntico foie gras\",\"item\":\"https:\\\/\\\/relaisgourmet.com\\\/es\\\/autentico-foie-gras\\\/\"},{\"@type\":\"ListItem\",\"position\":3,\"name\":\"La caja Ondarroa\"}]},{\"@type\":\"WebSite\",\"@id\":\"https:\\\/\\\/relaisgourmet.com\\\/es\\\/#website\",\"url\":\"https:\\\/\\\/relaisgourmet.com\\\/es\\\/\",\"name\":\"Relais Gourmet\",\"description\":\"Maison Gastronomique au Pays-Basque Depuis 2004\",\"publisher\":{\"@id\":\"https:\\\/\\\/relaisgourmet.com\\\/es\\\/#organization\"},\"potentialAction\":[{\"@type\":\"SearchAction\",\"target\":{\"@type\":\"EntryPoint\",\"urlTemplate\":\"https:\\\/\\\/relaisgourmet.com\\\/es\\\/?s={search_term_string}\"},\"query-input\":{\"@type\":\"PropertyValueSpecification\",\"valueRequired\":true,\"valueName\":\"search_term_string\"}}],\"inLanguage\":\"es\"},{\"@type\":\"Organization\",\"@id\":\"https:\\\/\\\/relaisgourmet.com\\\/es\\\/#organization\",\"name\":\"Relais Gourmet\",\"url\":\"https:\\\/\\\/relaisgourmet.com\\\/es\\\/\",\"logo\":{\"@type\":\"ImageObject\",\"inLanguage\":\"es\",\"@id\":\"https:\\\/\\\/relaisgourmet.com\\\/es\\\/#\\\/schema\\\/logo\\\/image\\\/\",\"url\":\"https:\\\/\\\/relaisgourmet.com\\\/wp-content\\\/uploads\\\/2024\\\/11\\\/Diseno-sin-titulo-8.jpg\",\"contentUrl\":\"https:\\\/\\\/relaisgourmet.com\\\/wp-content\\\/uploads\\\/2024\\\/11\\\/Diseno-sin-titulo-8.jpg\",\"width\":500,\"height\":500,\"caption\":\"Relais Gourmet\"},\"image\":{\"@id\":\"https:\\\/\\\/relaisgourmet.com\\\/es\\\/#\\\/schema\\\/logo\\\/image\\\/\"},\"sameAs\":[\"https:\\\/\\\/facebook.com\\\/yoast\",\"https:\\\/\\\/instagram.com\\\/yoast\"]}]}<\/script>\n<!-- \/ Yoast SEO Premium plugin. -->","yoast_head_json":{"title":"Caja Ondarroa - Delicias vascas para regalar","description":"La caja Ondarroa ofrece foie gras y productos artesanales seleccionados para sorprender en cada bocado. Ideal para regalar.","robots":{"index":"index","follow":"follow","max-snippet":"max-snippet:-1","max-image-preview":"max-image-preview:large","max-video-preview":"max-video-preview:-1"},"canonical":"https:\/\/relaisgourmet.com\/es\/producto\/aranzazu-box-set-copie-3\/","og_locale":"es_ES","og_type":"article","og_title":"La caja Ondarroa","og_description":"La caja Ondarroa ofrece foie gras y productos artesanales seleccionados para sorprender en cada bocado. Ideal para regalar.","og_url":"https:\/\/relaisgourmet.com\/es\/producto\/aranzazu-box-set-copie-3\/","og_site_name":"Relais Gourmet","article_publisher":"https:\/\/facebook.com\/yoast","article_modified_time":"2025-04-12T21:10:13+00:00","og_image":[{"width":300,"height":200,"url":"https:\/\/relaisgourmet.com\/wp-content\/uploads\/2025\/03\/coffret-amoureux2-2-1-300x200-1.jpg","type":"image\/jpeg"}],"twitter_card":"summary_large_image","twitter_misc":{"Tiempo de lectura":"1 minuto"},"schema":{"@context":"https:\/\/schema.org","@graph":[{"@type":"WebPage","@id":"https:\/\/relaisgourmet.com\/es\/producto\/aranzazu-box-set-copie-3\/","url":"https:\/\/relaisgourmet.com\/es\/producto\/aranzazu-box-set-copie-3\/","name":"Caja Ondarroa - Delicias vascas para regalar","isPartOf":{"@id":"https:\/\/relaisgourmet.com\/es\/#website"},"primaryImageOfPage":{"@id":"https:\/\/relaisgourmet.com\/es\/producto\/aranzazu-box-set-copie-3\/#primaryimage"},"image":{"@id":"https:\/\/relaisgourmet.com\/es\/producto\/aranzazu-box-set-copie-3\/#primaryimage"},"thumbnailUrl":"https:\/\/relaisgourmet.com\/wp-content\/uploads\/2025\/03\/Ondarroa.jpg","datePublished":"2025-03-12T12:31:17+00:00","dateModified":"2025-04-12T21:10:13+00:00","description":"La caja Ondarroa ofrece foie gras y productos artesanales seleccionados para sorprender en cada bocado. Ideal para regalar.","breadcrumb":{"@id":"https:\/\/relaisgourmet.com\/es\/producto\/aranzazu-box-set-copie-3\/#breadcrumb"},"inLanguage":"es","potentialAction":[{"@type":"ReadAction","target":["https:\/\/relaisgourmet.com\/es\/producto\/aranzazu-box-set-copie-3\/"]}]},{"@type":"ImageObject","inLanguage":"es","@id":"https:\/\/relaisgourmet.com\/es\/producto\/aranzazu-box-set-copie-3\/#primaryimage","url":"https:\/\/relaisgourmet.com\/wp-content\/uploads\/2025\/03\/Ondarroa.jpg","contentUrl":"https:\/\/relaisgourmet.com\/wp-content\/uploads\/2025\/03\/Ondarroa.jpg","width":1427,"height":1427,"caption":"photographe d'entreprise, corporate, packshot, CV pau bearn pays basque"},{"@type":"BreadcrumbList","@id":"https:\/\/relaisgourmet.com\/es\/producto\/aranzazu-box-set-copie-3\/#breadcrumb","itemListElement":[{"@type":"ListItem","position":1,"name":"Inicio","item":"https:\/\/relaisgourmet.com\/es\/"},{"@type":"ListItem","position":2,"name":"Aut\u00e9ntico foie gras","item":"https:\/\/relaisgourmet.com\/es\/autentico-foie-gras\/"},{"@type":"ListItem","position":3,"name":"La caja Ondarroa"}]},{"@type":"WebSite","@id":"https:\/\/relaisgourmet.com\/es\/#website","url":"https:\/\/relaisgourmet.com\/es\/","name":"Relais Gourmet","description":"Maison Gastronomique au Pays-Basque Depuis 2004","publisher":{"@id":"https:\/\/relaisgourmet.com\/es\/#organization"},"potentialAction":[{"@type":"SearchAction","target":{"@type":"EntryPoint","urlTemplate":"https:\/\/relaisgourmet.com\/es\/?s={search_term_string}"},"query-input":{"@type":"PropertyValueSpecification","valueRequired":true,"valueName":"search_term_string"}}],"inLanguage":"es"},{"@type":"Organization","@id":"https:\/\/relaisgourmet.com\/es\/#organization","name":"Relais Gourmet","url":"https:\/\/relaisgourmet.com\/es\/","logo":{"@type":"ImageObject","inLanguage":"es","@id":"https:\/\/relaisgourmet.com\/es\/#\/schema\/logo\/image\/","url":"https:\/\/relaisgourmet.com\/wp-content\/uploads\/2024\/11\/Diseno-sin-titulo-8.jpg","contentUrl":"https:\/\/relaisgourmet.com\/wp-content\/uploads\/2024\/11\/Diseno-sin-titulo-8.jpg","width":500,"height":500,"caption":"Relais Gourmet"},"image":{"@id":"https:\/\/relaisgourmet.com\/es\/#\/schema\/logo\/image\/"},"sameAs":["https:\/\/facebook.com\/yoast","https:\/\/instagram.com\/yoast"]}]}},"_links":{"self":[{"href":"https:\/\/relaisgourmet.com\/es\/wp-json\/wp\/v2\/product\/55267","targetHints":{"allow":["GET"]}}],"collection":[{"href":"https:\/\/relaisgourmet.com\/es\/wp-json\/wp\/v2\/product"}],"about":[{"href":"https:\/\/relaisgourmet.com\/es\/wp-json\/wp\/v2\/types\/product"}],"replies":[{"embeddable":true,"href":"https:\/\/relaisgourmet.com\/es\/wp-json\/wp\/v2\/comments?post=55267"}],"version-history":[{"count":2,"href":"https:\/\/relaisgourmet.com\/es\/wp-json\/wp\/v2\/product\/55267\/revisions"}],"predecessor-version":[{"id":55315,"href":"https:\/\/relaisgourmet.com\/es\/wp-json\/wp\/v2\/product\/55267\/revisions\/55315"}],"wp:featuredmedia":[{"embeddable":true,"href":"https:\/\/relaisgourmet.com\/es\/wp-json\/wp\/v2\/media\/58751"}],"wp:attachment":[{"href":"https:\/\/relaisgourmet.com\/es\/wp-json\/wp\/v2\/media?parent=55267"}],"wp:term":[{"taxonomy":"product_brand","embeddable":true,"href":"https:\/\/relaisgourmet.com\/es\/wp-json\/wp\/v2\/product_brand?post=55267"},{"taxonomy":"product_cat","embeddable":true,"href":"https:\/\/relaisgourmet.com\/es\/wp-json\/wp\/v2\/product_cat?post=55267"},{"taxonomy":"product_tag","embeddable":true,"href":"https:\/\/relaisgourmet.com\/es\/wp-json\/wp\/v2\/product_tag?post=55267"},{"taxonomy":"giftcard-category","embeddable":true,"href":"https:\/\/relaisgourmet.com\/es\/wp-json\/wp\/v2\/giftcard-category?post=55267"}],"curies":[{"name":"wp","href":"https:\/\/api.w.org\/{rel}","templated":true}]}}