{"id":55262,"date":"2025-03-12T13:29:50","date_gmt":"2025-03-12T12:29:50","guid":{"rendered":"https:\/\/relaisgourmet.com\/?post_type=product&#038;p=55262"},"modified":"2025-04-12T23:10:13","modified_gmt":"2025-04-12T21:10:13","slug":"aranzazu-box-set-copie-2","status":"publish","type":"product","link":"https:\/\/relaisgourmet.com\/es\/producto\/aranzazu-box-set-copie-2\/","title":{"rendered":"Caja de Txingudi"},"content":{"rendered":"<h4><b>Descubre la caja Txingudi: un tesoro gourmet para tus aperitivos y picnics<\/b><\/h4>\n<p><span style=\"font-weight: 400;\">La <\/span><b>Caja Txingudi<\/b><span style=\"font-weight: 400;\">  by <strong>Relais Gourmet<\/strong> es una invitaci\u00f3n a descubrir lo mejor de la regi\u00f3n a trav\u00e9s de una exquisita selecci\u00f3n de productos. Perfecto para acompa\u00f1ar tus aperitivos, tus escapadas al aire libre o simplemente para agasajar a tus amigos y familiares. Una idea de regalo elegante y sabrosa, \u00a1o un placer para saborear sin demora!<\/span><\/p>\n<p>El conjunto Txingudi est\u00e1 garantizado<b> sin conservantes, colorantes ni aditivos.<\/b><\/p>\n<h4><b>Composici\u00f3n:<\/b><\/h4>\n<ul>\n<li style=\"font-weight: 400;\" aria-level=\"1\"><b>Foie gras natural entero (200 g)<\/b><span style=\"font-weight: 400;\">Este foie gras, con su textura que se deshace en la boca y su delicado sabor, es imprescindible para las ocasiones especiales. A\u00f1ade un toque de elegancia a tus aperitivos.<\/span><\/li>\n<li style=\"font-weight: 400;\" aria-level=\"1\"><b>Foie Gras entero al Sauternes (200 g)<\/b><span style=\"font-weight: 400;\">Un maridaje perfecto entre el Foie Gras y el Sauternes, un vino dulce que realza los sabores, para una armoniosa mezcla de dulzor y car\u00e1cter.<\/span><\/li>\n<li style=\"font-weight: 400;\" aria-level=\"1\"><b>2 Quintaesencias de Foie Gras y Magret Ahumado (180 g)<\/b><span style=\"font-weight: 400;\">Una refinada fusi\u00f3n del dulzor del foie gras y la fuerza de la pechuga de pato ahumada. Este producto es una aut\u00e9ntica delicia para los amantes de los sabores intensos.<\/span><\/li>\n<li style=\"font-weight: 400;\" aria-level=\"1\"><b>Botella de champ\u00e1n (750 ml)<\/b><span style=\"font-weight: 400;\">No hay nada como una copa de champ\u00e1n para acompa\u00f1ar estos platos excepcionales. El champ\u00e1n, con sus finas burbujas y sutiles aromas, realza los sabores del vino.  <\/span><b>Caja de Txingudi<\/b><span style=\"font-weight: 400;\">.<\/span><\/li>\n<li aria-level=\"1\"><strong>Una lira de Foie<\/strong> Gras <strong>(10 g)<\/strong>: sirve para cortar delicadamente el Foie Gras en lonchas perfectas, combinando precisi\u00f3n y elegancia.<\/li>\n<\/ul>\n<p>&nbsp;<\/p>\n<h4><b>Consejos de conservaci\u00f3n y degustaci\u00f3n :<\/b><\/h4>\n<p><span style=\"font-weight: 400;\">El <\/span><b>Caja Txingudi<\/b><span style=\"font-weight: 400;\">  tiene una larga vida \u00fatil de 3 a\u00f1os a temperatura ambiente. Una vez abiertos, los productos deben consumirse en un plazo de 15 d\u00edas y mantenerse refrigerados para conservar su frescura y sabor.<\/span><\/p>\n<p><span style=\"font-weight: 400;\">Puedes encontrar todos nuestros consejos y sugerencias de preparaci\u00f3n en nuestro <a href=\"https:\/\/relaisgourmet.com\/blog-foies-gras-actualite\/\">blog<\/a> y en nuestra p\u00e1gina de <a href=\"https:\/\/www.instagram.com\/relaisgourmetofficiel\/\">Instagram<\/a>. Aprende a mostrar  <\/span><b>Caja Txingudi<\/b><span style=\"font-weight: 400;\">  con elegantes ideas de presentaci\u00f3n y recetas originales. \u00a1Convierte cada aperitivo en una experiencia gastron\u00f3mica excepcional!<\/span><\/p>\n<p><span style=\"font-weight: 400;\">El <\/span><b>Caja Txingudi<\/b><span style=\"font-weight: 400;\">  es el regalo ideal para celebrar momentos importantes o simplemente para darte un capricho. D\u00e9jate tentar por la finura y la autenticidad de los productos Relais Gourmet, que realzar\u00e1n cada momento compartido.<\/span><\/p>\n","protected":false},"excerpt":{"rendered":"<p>Explora el Set de Regalo Txingudi de Relais Gourmet, el aliado ideal para tus aperitivos. Para compartir o regalar, \u00a1un momento gourmet!<\/p>\n<p><img decoding=\"async\" class=\"emoji\" role=\"img\" src=\"https:\/\/s.w.org\/images\/core\/emoji\/15.0.3\/svg\/1f1eb-1f1f7.svg\" alt=\"\ud83c\uddeb\ud83c\uddf7\">  Producci\u00f3n 100% francesa garantizada<br \/>\n\u2714 Garantizado sin conservantes, aditivos ni colorantes.<br \/>\n\ud83c\udf43 Patos alimentados con ma\u00edz amarillo<br \/>\n\ud83d\ude9a Entrega r\u00e1pida en todo el mundo<br \/>\n\ud83d\udd53 Se conserva 3 a\u00f1os<br \/>\n\ud83d\udd10 Pago seguro<\/p>\n<p>Peso neto: 1,83 kg<\/p>\n","protected":false},"featured_media":58756,"comment_status":"closed","ping_status":"closed","template":"","meta":[],"product_brand":[],"product_cat":[1276,1280],"product_tag":[],"giftcard-category":[],"class_list":{"0":"post-55262","1":"product","2":"type-product","3":"status-publish","4":"has-post-thumbnail","6":"product_cat-cesta-de-regalo","7":"product_cat-regalos-gourmet","8":"product_shipping_class-standard-es","10":"first","11":"instock","12":"taxable","13":"shipping-taxable","14":"purchasable","15":"product-type-simple"},"yoast_head":"<!-- This site is optimized with the Yoast SEO Premium plugin v27.0 (Yoast SEO v27.3) - https:\/\/yoast.com\/product\/yoast-seo-premium-wordpress\/ -->\n<title>Caja Txingudi - Foie Gras en formato regalo<\/title>\n<meta name=\"description\" content=\"La caja Txingudi combina tradici\u00f3n y sabor en una selecci\u00f3n gourmet pensada para los amantes del foie gras aut\u00e9ntico.\" \/>\n<meta name=\"robots\" content=\"index, follow, max-snippet:-1, max-image-preview:large, max-video-preview:-1\" \/>\n<link rel=\"canonical\" href=\"https:\/\/relaisgourmet.com\/es\/producto\/aranzazu-box-set-copie-2\/\" \/>\n<meta property=\"og:locale\" content=\"es_ES\" \/>\n<meta property=\"og:type\" content=\"article\" \/>\n<meta property=\"og:title\" content=\"Caja de Txingudi\" \/>\n<meta property=\"og:description\" content=\"La caja Txingudi combina tradici\u00f3n y sabor en una selecci\u00f3n gourmet pensada para los amantes del foie gras aut\u00e9ntico.\" \/>\n<meta property=\"og:url\" content=\"https:\/\/relaisgourmet.com\/es\/producto\/aranzazu-box-set-copie-2\/\" \/>\n<meta property=\"og:site_name\" content=\"Relais Gourmet\" \/>\n<meta property=\"article:publisher\" content=\"https:\/\/facebook.com\/yoast\" \/>\n<meta property=\"article:modified_time\" content=\"2025-04-12T21:10:13+00:00\" \/>\n<meta property=\"og:image\" content=\"https:\/\/relaisgourmet.com\/wp-content\/uploads\/2025\/03\/coffret-1001-1-300x300-1.jpg\" \/>\n\t<meta property=\"og:image:width\" content=\"300\" \/>\n\t<meta property=\"og:image:height\" content=\"300\" \/>\n\t<meta property=\"og:image:type\" content=\"image\/jpeg\" \/>\n<meta name=\"twitter:card\" content=\"summary_large_image\" \/>\n<meta name=\"twitter:label1\" content=\"Tiempo de lectura\" \/>\n\t<meta name=\"twitter:data1\" content=\"2 minuto\" \/>\n<script type=\"application\/ld+json\" class=\"yoast-schema-graph\">{\"@context\":\"https:\\\/\\\/schema.org\",\"@graph\":[{\"@type\":\"WebPage\",\"@id\":\"https:\\\/\\\/relaisgourmet.com\\\/es\\\/producto\\\/aranzazu-box-set-copie-2\\\/\",\"url\":\"https:\\\/\\\/relaisgourmet.com\\\/es\\\/producto\\\/aranzazu-box-set-copie-2\\\/\",\"name\":\"Caja Txingudi - Foie Gras en formato regalo\",\"isPartOf\":{\"@id\":\"https:\\\/\\\/relaisgourmet.com\\\/es\\\/#website\"},\"primaryImageOfPage\":{\"@id\":\"https:\\\/\\\/relaisgourmet.com\\\/es\\\/producto\\\/aranzazu-box-set-copie-2\\\/#primaryimage\"},\"image\":{\"@id\":\"https:\\\/\\\/relaisgourmet.com\\\/es\\\/producto\\\/aranzazu-box-set-copie-2\\\/#primaryimage\"},\"thumbnailUrl\":\"https:\\\/\\\/relaisgourmet.com\\\/wp-content\\\/uploads\\\/2025\\\/03\\\/Txingudi.jpg\",\"datePublished\":\"2025-03-12T12:29:50+00:00\",\"dateModified\":\"2025-04-12T21:10:13+00:00\",\"description\":\"La caja Txingudi combina tradici\u00f3n y sabor en una selecci\u00f3n gourmet pensada para los amantes del foie gras aut\u00e9ntico.\",\"breadcrumb\":{\"@id\":\"https:\\\/\\\/relaisgourmet.com\\\/es\\\/producto\\\/aranzazu-box-set-copie-2\\\/#breadcrumb\"},\"inLanguage\":\"es\",\"potentialAction\":[{\"@type\":\"ReadAction\",\"target\":[\"https:\\\/\\\/relaisgourmet.com\\\/es\\\/producto\\\/aranzazu-box-set-copie-2\\\/\"]}]},{\"@type\":\"ImageObject\",\"inLanguage\":\"es\",\"@id\":\"https:\\\/\\\/relaisgourmet.com\\\/es\\\/producto\\\/aranzazu-box-set-copie-2\\\/#primaryimage\",\"url\":\"https:\\\/\\\/relaisgourmet.com\\\/wp-content\\\/uploads\\\/2025\\\/03\\\/Txingudi.jpg\",\"contentUrl\":\"https:\\\/\\\/relaisgourmet.com\\\/wp-content\\\/uploads\\\/2025\\\/03\\\/Txingudi.jpg\",\"width\":1667,\"height\":1667,\"caption\":\"photographe d'entreprise, corporate, packshot, CV pau bearn pays basque\"},{\"@type\":\"BreadcrumbList\",\"@id\":\"https:\\\/\\\/relaisgourmet.com\\\/es\\\/producto\\\/aranzazu-box-set-copie-2\\\/#breadcrumb\",\"itemListElement\":[{\"@type\":\"ListItem\",\"position\":1,\"name\":\"Inicio\",\"item\":\"https:\\\/\\\/relaisgourmet.com\\\/es\\\/\"},{\"@type\":\"ListItem\",\"position\":2,\"name\":\"Aut\u00e9ntico foie gras\",\"item\":\"https:\\\/\\\/relaisgourmet.com\\\/es\\\/autentico-foie-gras\\\/\"},{\"@type\":\"ListItem\",\"position\":3,\"name\":\"Caja de Txingudi\"}]},{\"@type\":\"WebSite\",\"@id\":\"https:\\\/\\\/relaisgourmet.com\\\/es\\\/#website\",\"url\":\"https:\\\/\\\/relaisgourmet.com\\\/es\\\/\",\"name\":\"Relais Gourmet\",\"description\":\"Maison Gastronomique au Pays-Basque Depuis 2004\",\"publisher\":{\"@id\":\"https:\\\/\\\/relaisgourmet.com\\\/es\\\/#organization\"},\"potentialAction\":[{\"@type\":\"SearchAction\",\"target\":{\"@type\":\"EntryPoint\",\"urlTemplate\":\"https:\\\/\\\/relaisgourmet.com\\\/es\\\/?s={search_term_string}\"},\"query-input\":{\"@type\":\"PropertyValueSpecification\",\"valueRequired\":true,\"valueName\":\"search_term_string\"}}],\"inLanguage\":\"es\"},{\"@type\":\"Organization\",\"@id\":\"https:\\\/\\\/relaisgourmet.com\\\/es\\\/#organization\",\"name\":\"Relais Gourmet\",\"url\":\"https:\\\/\\\/relaisgourmet.com\\\/es\\\/\",\"logo\":{\"@type\":\"ImageObject\",\"inLanguage\":\"es\",\"@id\":\"https:\\\/\\\/relaisgourmet.com\\\/es\\\/#\\\/schema\\\/logo\\\/image\\\/\",\"url\":\"https:\\\/\\\/relaisgourmet.com\\\/wp-content\\\/uploads\\\/2024\\\/11\\\/Diseno-sin-titulo-8.jpg\",\"contentUrl\":\"https:\\\/\\\/relaisgourmet.com\\\/wp-content\\\/uploads\\\/2024\\\/11\\\/Diseno-sin-titulo-8.jpg\",\"width\":500,\"height\":500,\"caption\":\"Relais Gourmet\"},\"image\":{\"@id\":\"https:\\\/\\\/relaisgourmet.com\\\/es\\\/#\\\/schema\\\/logo\\\/image\\\/\"},\"sameAs\":[\"https:\\\/\\\/facebook.com\\\/yoast\",\"https:\\\/\\\/instagram.com\\\/yoast\"]}]}<\/script>\n<!-- \/ Yoast SEO Premium plugin. -->","yoast_head_json":{"title":"Caja Txingudi - Foie Gras en formato regalo","description":"La caja Txingudi combina tradici\u00f3n y sabor en una selecci\u00f3n gourmet pensada para los amantes del foie gras aut\u00e9ntico.","robots":{"index":"index","follow":"follow","max-snippet":"max-snippet:-1","max-image-preview":"max-image-preview:large","max-video-preview":"max-video-preview:-1"},"canonical":"https:\/\/relaisgourmet.com\/es\/producto\/aranzazu-box-set-copie-2\/","og_locale":"es_ES","og_type":"article","og_title":"Caja de Txingudi","og_description":"La caja Txingudi combina tradici\u00f3n y sabor en una selecci\u00f3n gourmet pensada para los amantes del foie gras aut\u00e9ntico.","og_url":"https:\/\/relaisgourmet.com\/es\/producto\/aranzazu-box-set-copie-2\/","og_site_name":"Relais Gourmet","article_publisher":"https:\/\/facebook.com\/yoast","article_modified_time":"2025-04-12T21:10:13+00:00","og_image":[{"width":300,"height":300,"url":"https:\/\/relaisgourmet.com\/wp-content\/uploads\/2025\/03\/coffret-1001-1-300x300-1.jpg","type":"image\/jpeg"}],"twitter_card":"summary_large_image","twitter_misc":{"Tiempo de lectura":"2 minuto"},"schema":{"@context":"https:\/\/schema.org","@graph":[{"@type":"WebPage","@id":"https:\/\/relaisgourmet.com\/es\/producto\/aranzazu-box-set-copie-2\/","url":"https:\/\/relaisgourmet.com\/es\/producto\/aranzazu-box-set-copie-2\/","name":"Caja Txingudi - Foie Gras en formato regalo","isPartOf":{"@id":"https:\/\/relaisgourmet.com\/es\/#website"},"primaryImageOfPage":{"@id":"https:\/\/relaisgourmet.com\/es\/producto\/aranzazu-box-set-copie-2\/#primaryimage"},"image":{"@id":"https:\/\/relaisgourmet.com\/es\/producto\/aranzazu-box-set-copie-2\/#primaryimage"},"thumbnailUrl":"https:\/\/relaisgourmet.com\/wp-content\/uploads\/2025\/03\/Txingudi.jpg","datePublished":"2025-03-12T12:29:50+00:00","dateModified":"2025-04-12T21:10:13+00:00","description":"La caja Txingudi combina tradici\u00f3n y sabor en una selecci\u00f3n gourmet pensada para los amantes del foie gras aut\u00e9ntico.","breadcrumb":{"@id":"https:\/\/relaisgourmet.com\/es\/producto\/aranzazu-box-set-copie-2\/#breadcrumb"},"inLanguage":"es","potentialAction":[{"@type":"ReadAction","target":["https:\/\/relaisgourmet.com\/es\/producto\/aranzazu-box-set-copie-2\/"]}]},{"@type":"ImageObject","inLanguage":"es","@id":"https:\/\/relaisgourmet.com\/es\/producto\/aranzazu-box-set-copie-2\/#primaryimage","url":"https:\/\/relaisgourmet.com\/wp-content\/uploads\/2025\/03\/Txingudi.jpg","contentUrl":"https:\/\/relaisgourmet.com\/wp-content\/uploads\/2025\/03\/Txingudi.jpg","width":1667,"height":1667,"caption":"photographe d'entreprise, corporate, packshot, CV pau bearn pays basque"},{"@type":"BreadcrumbList","@id":"https:\/\/relaisgourmet.com\/es\/producto\/aranzazu-box-set-copie-2\/#breadcrumb","itemListElement":[{"@type":"ListItem","position":1,"name":"Inicio","item":"https:\/\/relaisgourmet.com\/es\/"},{"@type":"ListItem","position":2,"name":"Aut\u00e9ntico foie gras","item":"https:\/\/relaisgourmet.com\/es\/autentico-foie-gras\/"},{"@type":"ListItem","position":3,"name":"Caja de Txingudi"}]},{"@type":"WebSite","@id":"https:\/\/relaisgourmet.com\/es\/#website","url":"https:\/\/relaisgourmet.com\/es\/","name":"Relais Gourmet","description":"Maison Gastronomique au Pays-Basque Depuis 2004","publisher":{"@id":"https:\/\/relaisgourmet.com\/es\/#organization"},"potentialAction":[{"@type":"SearchAction","target":{"@type":"EntryPoint","urlTemplate":"https:\/\/relaisgourmet.com\/es\/?s={search_term_string}"},"query-input":{"@type":"PropertyValueSpecification","valueRequired":true,"valueName":"search_term_string"}}],"inLanguage":"es"},{"@type":"Organization","@id":"https:\/\/relaisgourmet.com\/es\/#organization","name":"Relais Gourmet","url":"https:\/\/relaisgourmet.com\/es\/","logo":{"@type":"ImageObject","inLanguage":"es","@id":"https:\/\/relaisgourmet.com\/es\/#\/schema\/logo\/image\/","url":"https:\/\/relaisgourmet.com\/wp-content\/uploads\/2024\/11\/Diseno-sin-titulo-8.jpg","contentUrl":"https:\/\/relaisgourmet.com\/wp-content\/uploads\/2024\/11\/Diseno-sin-titulo-8.jpg","width":500,"height":500,"caption":"Relais Gourmet"},"image":{"@id":"https:\/\/relaisgourmet.com\/es\/#\/schema\/logo\/image\/"},"sameAs":["https:\/\/facebook.com\/yoast","https:\/\/instagram.com\/yoast"]}]}},"_links":{"self":[{"href":"https:\/\/relaisgourmet.com\/es\/wp-json\/wp\/v2\/product\/55262","targetHints":{"allow":["GET"]}}],"collection":[{"href":"https:\/\/relaisgourmet.com\/es\/wp-json\/wp\/v2\/product"}],"about":[{"href":"https:\/\/relaisgourmet.com\/es\/wp-json\/wp\/v2\/types\/product"}],"replies":[{"embeddable":true,"href":"https:\/\/relaisgourmet.com\/es\/wp-json\/wp\/v2\/comments?post=55262"}],"version-history":[{"count":2,"href":"https:\/\/relaisgourmet.com\/es\/wp-json\/wp\/v2\/product\/55262\/revisions"}],"predecessor-version":[{"id":55292,"href":"https:\/\/relaisgourmet.com\/es\/wp-json\/wp\/v2\/product\/55262\/revisions\/55292"}],"wp:featuredmedia":[{"embeddable":true,"href":"https:\/\/relaisgourmet.com\/es\/wp-json\/wp\/v2\/media\/58756"}],"wp:attachment":[{"href":"https:\/\/relaisgourmet.com\/es\/wp-json\/wp\/v2\/media?parent=55262"}],"wp:term":[{"taxonomy":"product_brand","embeddable":true,"href":"https:\/\/relaisgourmet.com\/es\/wp-json\/wp\/v2\/product_brand?post=55262"},{"taxonomy":"product_cat","embeddable":true,"href":"https:\/\/relaisgourmet.com\/es\/wp-json\/wp\/v2\/product_cat?post=55262"},{"taxonomy":"product_tag","embeddable":true,"href":"https:\/\/relaisgourmet.com\/es\/wp-json\/wp\/v2\/product_tag?post=55262"},{"taxonomy":"giftcard-category","embeddable":true,"href":"https:\/\/relaisgourmet.com\/es\/wp-json\/wp\/v2\/giftcard-category?post=55262"}],"curies":[{"name":"wp","href":"https:\/\/api.w.org\/{rel}","templated":true}]}}