{"id":55223,"date":"2025-03-12T13:15:16","date_gmt":"2025-03-12T12:15:16","guid":{"rendered":"https:\/\/relaisgourmet.com\/?post_type=product&#038;p=55223"},"modified":"2025-12-01T01:17:17","modified_gmt":"2025-12-01T00:17:17","slug":"aranzazu-box-set-copie","status":"publish","type":"product","link":"https:\/\/relaisgourmet.com\/es\/producto\/aranzazu-box-set-copie\/","title":{"rendered":"Caja Iraty"},"content":{"rendered":"<h4><strong>Descubre el Coffret Iraty: una selecci\u00f3n gourmet para tus aperitivos festivos<\/strong><\/h4>\n<p><span style=\"font-weight: 400;\">El <strong>Coffret Iraty<\/strong> es una creaci\u00f3n exclusiva de <strong>Relais Gourmet<\/strong>, dise\u00f1ada para mejorar tu experiencia del aperitivo. Esta caja ofrece una experiencia de sabor \u00fanica, ideal para compartir en una comida con la familia o los amigos. Ya sea como regalo o para darte un capricho, crear\u00e1 preciosos recuerdos gourmet. Esta selecci\u00f3n pone de relieve la autenticidad de los sabores vascos, respetando al mismo tiempo unos criterios de calidad impecables. Cada ingrediente ha sido rigurosamente seleccionado para garantizar una experiencia de degustaci\u00f3n incomparable.<\/span><\/p>\n<p>Se garantiza que esta <strong>caja Iraty<\/strong><strong> no contiene conservantes, colorantes ni aditivos.<\/strong><\/p>\n<p>&nbsp;<\/p>\n<h4><strong>Composici\u00f3n:  <\/strong><\/h4>\n<ul>\n<li><strong>Aperitivo Gourmet con Juran\u00e7on (180 g)<\/strong>: <span style=\"font-weight: 400;\">El vino dulce de Juran\u00e7on aporta aromas afrutados y refinados, perfecto para empezar el aperitivo con suavidad.<\/span><\/li>\n<li><strong>Aperitivo Gourmet con Armagnac (180 g<\/strong>):<span style=\"font-weight: 400;\">para los amantes de los sabores m\u00e1s fuertes<\/span>.<\/li>\n<li><strong>Aperitivo gourmet con chalota confitada (180 g)<\/strong>: un toque dulce y salado.<\/li>\n<li><strong>Aperitivo de pimiento de Espelette Gourmet (180 g<\/strong>): un toque de car\u00e1cter vasco.<\/li>\n<li><strong>Aperitivo Gourmet con naranja confitada (180 g<\/strong>): una nota delicada y alimonada.<\/li>\n<li><strong>Aperitivo Gourmet con setas Porcini (180 g<\/strong>): una alianza refinada y amaderada.<\/li>\n<\/ul>\n<p>&nbsp;<\/p>\n<h4><strong>Conservaci\u00f3n :<\/strong><\/h4>\n<p>El Coffret Iraty puede conservarse durante <strong>3 a\u00f1os a temperatura ambiente<\/strong>, para que puedas disfrutarlo cuando quieras. Una vez abierto, recuerda consumirlo antes de 15 d\u00edas y mantenerlo refrigerado para disfrutarlo al m\u00e1ximo.<\/p>\n<p>&nbsp;<\/p>\n<h4><b>Prep\u00e1rate para un momento de indulgencia:<\/b><\/h4>\n<p>Lee todos nuestros consejos y sugerencias de preparaci\u00f3n en nuestro <a href=\"https:\/\/relaisgourmet.com\/es\/blog-foies-gras-actualite\/\"><strong>blog<\/strong><\/a> y en nuestra <a href=\"https:\/\/www.instagram.com\/relaisgourmetofficiel\/\"><strong>p\u00e1gina de Instagram<\/strong><\/a>.<\/p>\n<p><span style=\"font-weight: 400;\">Tanto si organizas un aperitivo chic como una comida de convivencia, hemos ideado algunas recetas sencillas y creativas para sacar lo mejor de esta selecci\u00f3n \u00fanica Relais Gourmet.<\/span><\/p>\n<p><span style=\"font-weight: 400;\">El <strong>Coffret Iraty<\/strong> es el regalo ideal para cualquier ocasi\u00f3n festiva. Ofrece o comparte la autenticidad y la elegancia de los productos Relais Gourmet, y crea momentos inolvidables en torno a la gastronom\u00eda vasca. Con el Coffret Iraty, cada momento se convierte en una celebraci\u00f3n del sabor y del saber hacer tradicional.<\/span><\/p>\n<p>&nbsp;<\/p>\n","protected":false},"excerpt":{"rendered":"<p>Explora el Coffret Iraty de Relais Gourmet, el aliado ideal para tus aperitivos. Para compartir o regalar, \u00a1un momento gourmet!<\/p>\n<p><img decoding=\"async\" class=\"emoji\" role=\"img\" src=\"https:\/\/s.w.org\/images\/core\/emoji\/15.0.3\/svg\/1f1eb-1f1f7.svg\" alt=\"\ud83c\uddeb\ud83c\uddf7\">  Producci\u00f3n 100% francesa garantizada<br \/>\n\u2714 Garantizado sin conservantes, aditivos ni colorantes.<br \/>\n\ud83c\udf43 Patos alimentados con ma\u00edz amarillo<br \/>\n\ud83d\ude9a Entrega r\u00e1pida en todo el mundo<br \/>\n\ud83d\udd53 Se conserva 3 a\u00f1os<br \/>\n\ud83d\udd10 Pago seguro<\/p>\n<p>Peso neto: 1,83 kg<\/p>\n","protected":false},"featured_media":58761,"comment_status":"closed","ping_status":"closed","template":"","meta":[],"product_brand":[],"product_cat":[1276,1280],"product_tag":[],"giftcard-category":[],"class_list":{"0":"post-55223","1":"product","2":"type-product","3":"status-publish","4":"has-post-thumbnail","6":"product_cat-cesta-de-regalo","7":"product_cat-regalos-gourmet","9":"first","10":"instock","11":"taxable","12":"shipping-taxable","13":"purchasable","14":"product-type-simple"},"yoast_head":"<!-- This site is optimized with the Yoast SEO Premium plugin v27.0 (Yoast SEO v27.3) - https:\/\/yoast.com\/product\/yoast-seo-premium-wordpress\/ -->\n<title>Caja Iraty - Surtido tradicional Relais Gourmet<\/title>\n<meta name=\"description\" content=\"Disfruta del sabor vasco con la caja Iraty, un cofre con foie gras artesanal y especialidades seleccionadas con esmero.\" \/>\n<meta name=\"robots\" content=\"index, follow, max-snippet:-1, max-image-preview:large, max-video-preview:-1\" \/>\n<link rel=\"canonical\" href=\"https:\/\/relaisgourmet.com\/es\/producto\/aranzazu-box-set-copie\/\" \/>\n<meta property=\"og:locale\" content=\"es_ES\" \/>\n<meta property=\"og:type\" content=\"article\" \/>\n<meta property=\"og:title\" content=\"Caja Iraty\" \/>\n<meta property=\"og:description\" content=\"Disfruta del sabor vasco con la caja Iraty, un cofre con foie gras artesanal y especialidades seleccionadas con esmero.\" \/>\n<meta property=\"og:url\" content=\"https:\/\/relaisgourmet.com\/es\/producto\/aranzazu-box-set-copie\/\" \/>\n<meta property=\"og:site_name\" content=\"Relais Gourmet\" \/>\n<meta property=\"article:publisher\" content=\"https:\/\/facebook.com\/yoast\" \/>\n<meta property=\"article:modified_time\" content=\"2025-12-01T00:17:17+00:00\" \/>\n<meta property=\"og:image\" content=\"https:\/\/relaisgourmet.com\/wp-content\/uploads\/2025\/03\/coffret-entre-amis-3-.jpg\" \/>\n\t<meta property=\"og:image:width\" content=\"200\" \/>\n\t<meta property=\"og:image:height\" content=\"200\" \/>\n\t<meta property=\"og:image:type\" content=\"image\/jpeg\" \/>\n<meta name=\"twitter:card\" content=\"summary_large_image\" \/>\n<meta name=\"twitter:label1\" content=\"Tiempo de lectura\" \/>\n\t<meta name=\"twitter:data1\" content=\"2 minuto\" \/>\n<script type=\"application\/ld+json\" class=\"yoast-schema-graph\">{\"@context\":\"https:\\\/\\\/schema.org\",\"@graph\":[{\"@type\":\"WebPage\",\"@id\":\"https:\\\/\\\/relaisgourmet.com\\\/es\\\/producto\\\/aranzazu-box-set-copie\\\/\",\"url\":\"https:\\\/\\\/relaisgourmet.com\\\/es\\\/producto\\\/aranzazu-box-set-copie\\\/\",\"name\":\"Caja Iraty - Surtido tradicional Relais Gourmet\",\"isPartOf\":{\"@id\":\"https:\\\/\\\/relaisgourmet.com\\\/es\\\/#website\"},\"primaryImageOfPage\":{\"@id\":\"https:\\\/\\\/relaisgourmet.com\\\/es\\\/producto\\\/aranzazu-box-set-copie\\\/#primaryimage\"},\"image\":{\"@id\":\"https:\\\/\\\/relaisgourmet.com\\\/es\\\/producto\\\/aranzazu-box-set-copie\\\/#primaryimage\"},\"thumbnailUrl\":\"https:\\\/\\\/relaisgourmet.com\\\/wp-content\\\/uploads\\\/2025\\\/03\\\/Iraty.jpg\",\"datePublished\":\"2025-03-12T12:15:16+00:00\",\"dateModified\":\"2025-12-01T00:17:17+00:00\",\"description\":\"Disfruta del sabor vasco con la caja Iraty, un cofre con foie gras artesanal y especialidades seleccionadas con esmero.\",\"breadcrumb\":{\"@id\":\"https:\\\/\\\/relaisgourmet.com\\\/es\\\/producto\\\/aranzazu-box-set-copie\\\/#breadcrumb\"},\"inLanguage\":\"es\",\"potentialAction\":[{\"@type\":\"ReadAction\",\"target\":[\"https:\\\/\\\/relaisgourmet.com\\\/es\\\/producto\\\/aranzazu-box-set-copie\\\/\"]}]},{\"@type\":\"ImageObject\",\"inLanguage\":\"es\",\"@id\":\"https:\\\/\\\/relaisgourmet.com\\\/es\\\/producto\\\/aranzazu-box-set-copie\\\/#primaryimage\",\"url\":\"https:\\\/\\\/relaisgourmet.com\\\/wp-content\\\/uploads\\\/2025\\\/03\\\/Iraty.jpg\",\"contentUrl\":\"https:\\\/\\\/relaisgourmet.com\\\/wp-content\\\/uploads\\\/2025\\\/03\\\/Iraty.jpg\",\"width\":1427,\"height\":1427,\"caption\":\"photographe d'entreprise, corporate, packshot, CV pau bearn pays basque\"},{\"@type\":\"BreadcrumbList\",\"@id\":\"https:\\\/\\\/relaisgourmet.com\\\/es\\\/producto\\\/aranzazu-box-set-copie\\\/#breadcrumb\",\"itemListElement\":[{\"@type\":\"ListItem\",\"position\":1,\"name\":\"Inicio\",\"item\":\"https:\\\/\\\/relaisgourmet.com\\\/es\\\/\"},{\"@type\":\"ListItem\",\"position\":2,\"name\":\"Aut\u00e9ntico foie gras\",\"item\":\"https:\\\/\\\/relaisgourmet.com\\\/es\\\/autentico-foie-gras\\\/\"},{\"@type\":\"ListItem\",\"position\":3,\"name\":\"Caja Iraty\"}]},{\"@type\":\"WebSite\",\"@id\":\"https:\\\/\\\/relaisgourmet.com\\\/es\\\/#website\",\"url\":\"https:\\\/\\\/relaisgourmet.com\\\/es\\\/\",\"name\":\"Relais Gourmet\",\"description\":\"Maison Gastronomique au Pays-Basque Depuis 2004\",\"publisher\":{\"@id\":\"https:\\\/\\\/relaisgourmet.com\\\/es\\\/#organization\"},\"potentialAction\":[{\"@type\":\"SearchAction\",\"target\":{\"@type\":\"EntryPoint\",\"urlTemplate\":\"https:\\\/\\\/relaisgourmet.com\\\/es\\\/?s={search_term_string}\"},\"query-input\":{\"@type\":\"PropertyValueSpecification\",\"valueRequired\":true,\"valueName\":\"search_term_string\"}}],\"inLanguage\":\"es\"},{\"@type\":\"Organization\",\"@id\":\"https:\\\/\\\/relaisgourmet.com\\\/es\\\/#organization\",\"name\":\"Relais Gourmet\",\"url\":\"https:\\\/\\\/relaisgourmet.com\\\/es\\\/\",\"logo\":{\"@type\":\"ImageObject\",\"inLanguage\":\"es\",\"@id\":\"https:\\\/\\\/relaisgourmet.com\\\/es\\\/#\\\/schema\\\/logo\\\/image\\\/\",\"url\":\"https:\\\/\\\/relaisgourmet.com\\\/wp-content\\\/uploads\\\/2024\\\/11\\\/Diseno-sin-titulo-8.jpg\",\"contentUrl\":\"https:\\\/\\\/relaisgourmet.com\\\/wp-content\\\/uploads\\\/2024\\\/11\\\/Diseno-sin-titulo-8.jpg\",\"width\":500,\"height\":500,\"caption\":\"Relais Gourmet\"},\"image\":{\"@id\":\"https:\\\/\\\/relaisgourmet.com\\\/es\\\/#\\\/schema\\\/logo\\\/image\\\/\"},\"sameAs\":[\"https:\\\/\\\/facebook.com\\\/yoast\",\"https:\\\/\\\/instagram.com\\\/yoast\"]}]}<\/script>\n<!-- \/ Yoast SEO Premium plugin. -->","yoast_head_json":{"title":"Caja Iraty - Surtido tradicional Relais Gourmet","description":"Disfruta del sabor vasco con la caja Iraty, un cofre con foie gras artesanal y especialidades seleccionadas con esmero.","robots":{"index":"index","follow":"follow","max-snippet":"max-snippet:-1","max-image-preview":"max-image-preview:large","max-video-preview":"max-video-preview:-1"},"canonical":"https:\/\/relaisgourmet.com\/es\/producto\/aranzazu-box-set-copie\/","og_locale":"es_ES","og_type":"article","og_title":"Caja Iraty","og_description":"Disfruta del sabor vasco con la caja Iraty, un cofre con foie gras artesanal y especialidades seleccionadas con esmero.","og_url":"https:\/\/relaisgourmet.com\/es\/producto\/aranzazu-box-set-copie\/","og_site_name":"Relais Gourmet","article_publisher":"https:\/\/facebook.com\/yoast","article_modified_time":"2025-12-01T00:17:17+00:00","og_image":[{"width":200,"height":200,"url":"https:\/\/relaisgourmet.com\/wp-content\/uploads\/2025\/03\/coffret-entre-amis-3-.jpg","type":"image\/jpeg"}],"twitter_card":"summary_large_image","twitter_misc":{"Tiempo de lectura":"2 minuto"},"schema":{"@context":"https:\/\/schema.org","@graph":[{"@type":"WebPage","@id":"https:\/\/relaisgourmet.com\/es\/producto\/aranzazu-box-set-copie\/","url":"https:\/\/relaisgourmet.com\/es\/producto\/aranzazu-box-set-copie\/","name":"Caja Iraty - Surtido tradicional Relais Gourmet","isPartOf":{"@id":"https:\/\/relaisgourmet.com\/es\/#website"},"primaryImageOfPage":{"@id":"https:\/\/relaisgourmet.com\/es\/producto\/aranzazu-box-set-copie\/#primaryimage"},"image":{"@id":"https:\/\/relaisgourmet.com\/es\/producto\/aranzazu-box-set-copie\/#primaryimage"},"thumbnailUrl":"https:\/\/relaisgourmet.com\/wp-content\/uploads\/2025\/03\/Iraty.jpg","datePublished":"2025-03-12T12:15:16+00:00","dateModified":"2025-12-01T00:17:17+00:00","description":"Disfruta del sabor vasco con la caja Iraty, un cofre con foie gras artesanal y especialidades seleccionadas con esmero.","breadcrumb":{"@id":"https:\/\/relaisgourmet.com\/es\/producto\/aranzazu-box-set-copie\/#breadcrumb"},"inLanguage":"es","potentialAction":[{"@type":"ReadAction","target":["https:\/\/relaisgourmet.com\/es\/producto\/aranzazu-box-set-copie\/"]}]},{"@type":"ImageObject","inLanguage":"es","@id":"https:\/\/relaisgourmet.com\/es\/producto\/aranzazu-box-set-copie\/#primaryimage","url":"https:\/\/relaisgourmet.com\/wp-content\/uploads\/2025\/03\/Iraty.jpg","contentUrl":"https:\/\/relaisgourmet.com\/wp-content\/uploads\/2025\/03\/Iraty.jpg","width":1427,"height":1427,"caption":"photographe d'entreprise, corporate, packshot, CV pau bearn pays basque"},{"@type":"BreadcrumbList","@id":"https:\/\/relaisgourmet.com\/es\/producto\/aranzazu-box-set-copie\/#breadcrumb","itemListElement":[{"@type":"ListItem","position":1,"name":"Inicio","item":"https:\/\/relaisgourmet.com\/es\/"},{"@type":"ListItem","position":2,"name":"Aut\u00e9ntico foie gras","item":"https:\/\/relaisgourmet.com\/es\/autentico-foie-gras\/"},{"@type":"ListItem","position":3,"name":"Caja Iraty"}]},{"@type":"WebSite","@id":"https:\/\/relaisgourmet.com\/es\/#website","url":"https:\/\/relaisgourmet.com\/es\/","name":"Relais Gourmet","description":"Maison Gastronomique au Pays-Basque Depuis 2004","publisher":{"@id":"https:\/\/relaisgourmet.com\/es\/#organization"},"potentialAction":[{"@type":"SearchAction","target":{"@type":"EntryPoint","urlTemplate":"https:\/\/relaisgourmet.com\/es\/?s={search_term_string}"},"query-input":{"@type":"PropertyValueSpecification","valueRequired":true,"valueName":"search_term_string"}}],"inLanguage":"es"},{"@type":"Organization","@id":"https:\/\/relaisgourmet.com\/es\/#organization","name":"Relais Gourmet","url":"https:\/\/relaisgourmet.com\/es\/","logo":{"@type":"ImageObject","inLanguage":"es","@id":"https:\/\/relaisgourmet.com\/es\/#\/schema\/logo\/image\/","url":"https:\/\/relaisgourmet.com\/wp-content\/uploads\/2024\/11\/Diseno-sin-titulo-8.jpg","contentUrl":"https:\/\/relaisgourmet.com\/wp-content\/uploads\/2024\/11\/Diseno-sin-titulo-8.jpg","width":500,"height":500,"caption":"Relais Gourmet"},"image":{"@id":"https:\/\/relaisgourmet.com\/es\/#\/schema\/logo\/image\/"},"sameAs":["https:\/\/facebook.com\/yoast","https:\/\/instagram.com\/yoast"]}]}},"_links":{"self":[{"href":"https:\/\/relaisgourmet.com\/es\/wp-json\/wp\/v2\/product\/55223","targetHints":{"allow":["GET"]}}],"collection":[{"href":"https:\/\/relaisgourmet.com\/es\/wp-json\/wp\/v2\/product"}],"about":[{"href":"https:\/\/relaisgourmet.com\/es\/wp-json\/wp\/v2\/types\/product"}],"replies":[{"embeddable":true,"href":"https:\/\/relaisgourmet.com\/es\/wp-json\/wp\/v2\/comments?post=55223"}],"version-history":[{"count":2,"href":"https:\/\/relaisgourmet.com\/es\/wp-json\/wp\/v2\/product\/55223\/revisions"}],"predecessor-version":[{"id":55258,"href":"https:\/\/relaisgourmet.com\/es\/wp-json\/wp\/v2\/product\/55223\/revisions\/55258"}],"wp:featuredmedia":[{"embeddable":true,"href":"https:\/\/relaisgourmet.com\/es\/wp-json\/wp\/v2\/media\/58761"}],"wp:attachment":[{"href":"https:\/\/relaisgourmet.com\/es\/wp-json\/wp\/v2\/media?parent=55223"}],"wp:term":[{"taxonomy":"product_brand","embeddable":true,"href":"https:\/\/relaisgourmet.com\/es\/wp-json\/wp\/v2\/product_brand?post=55223"},{"taxonomy":"product_cat","embeddable":true,"href":"https:\/\/relaisgourmet.com\/es\/wp-json\/wp\/v2\/product_cat?post=55223"},{"taxonomy":"product_tag","embeddable":true,"href":"https:\/\/relaisgourmet.com\/es\/wp-json\/wp\/v2\/product_tag?post=55223"},{"taxonomy":"giftcard-category","embeddable":true,"href":"https:\/\/relaisgourmet.com\/es\/wp-json\/wp\/v2\/giftcard-category?post=55223"}],"curies":[{"name":"wp","href":"https:\/\/api.w.org\/{rel}","templated":true}]}}