{"id":54814,"date":"2023-05-26T13:46:32","date_gmt":"2023-05-26T11:46:32","guid":{"rendered":"https:\/\/relaisgourmet.com\/produit\/paquete-turron-jijona-51\/"},"modified":"2025-04-12T23:10:13","modified_gmt":"2025-04-12T21:10:13","slug":"paquete-turron-jijona-51","status":"publish","type":"product","link":"https:\/\/relaisgourmet.com\/es\/producto\/paquete-turron-jijona-51\/","title":{"rendered":"Paquete Turr\u00f3n Jijona (5+1)"},"content":{"rendered":"<h2><strong>El turr\u00f3n blando de Jijona de Maria Simona se elabora seg\u00fan la receta tradicional:<\/strong><\/h2>\n<p>Este pack contiene un total de 6 pastillas de Turr\u00f3n Mou de Jijona Maria Simona, por el precio de s\u00f3lo 5.<\/p>\n<p>Peso neto: 900 g<\/p>\n<h3><strong>Caducidad  <\/strong><\/h3>\n<p>9 meses como m\u00ednimo. Gu\u00e1rdalo en un lugar fresco y seco, alejado de la luz y la humedad. Una vez abierto, debe conservarse en el frigor\u00edfico, ya que empieza a perder sus cualidades organol\u00e9pticas; despu\u00e9s de meterlo en el frigor\u00edfico, el turr\u00f3n de Jijona estar\u00e1 un poco m\u00e1s seco.<\/p>\n<h3><strong>Ingredientes del envase Turr\u00f3n Jijona  <\/strong><\/h3>\n<p>64% de almendras tostadas, 12% de miel, az\u00facar, jarabe de glucosa, clara de huevo y emulgente: (E-471). Puede contener trazas de cacahuetes, s\u00e9samo y avellanas.<\/p>\n<p>Este producto no contiene gluten, por lo que es apto para cel\u00edacos.<\/p>\n<p>El turr\u00f3n blando Maria Simona Jijona tiene <a href=\"https:\/\/www.mapa.gob.es\/es\/alimentacion\/temas\/calidad-diferenciada\/dop-igp\/pana_paste\/IGP_TurronJiJona.aspx\">denominaci\u00f3n de origen y est\u00e1 protegido por el Consejo Regulador de Jijona<\/a>.<\/p>\n<h3>El origen del turr\u00f3n de Jijona<\/h3>\n<p>Aunque nadie puede negar el estrecho v\u00ednculo entre la ciudad de Alicante y este manjar, originalmente era la propia ciudad de Alicante la que produc\u00eda la mayor parte del turr\u00f3n espa\u00f1ol. La raz\u00f3n por la que esta peque\u00f1a ciudad se ha convertido en una referencia mundial en la producci\u00f3n de turr\u00f3n es nada menos que una disputa legal.<\/p>\n<p>En la Espa\u00f1a del siglo XVII, el comercio estaba dominado por los gremios, poderosas organizaciones con derechos exclusivos para conceder t\u00edtulos y fabricar determinados productos. Un zapatero s\u00f3lo pod\u00eda fabricar zapatos bajo la supervisi\u00f3n del gremio de zapateros, y un panadero no exist\u00eda sin la licencia del gremio de panaderos.<\/p>\n<p>Este extra\u00f1o ecosistema alberga a los maestros del turr\u00f3n. Los turroneros no eran especialistas del gremio, sino agricultores que ganaban un dinero extra vendiendo este manjar. Esto no era del agrado del gremio de pasteleros valencianos, que consideraban que los productos de miel y az\u00facar eran de su dominio. As\u00ed que llevaron a los fabricantes de turr\u00f3n de Alicante a los tribunales.<\/p>\n<p>El juicio comenz\u00f3 en 1665 y la disputa se prolong\u00f3 durante 6 a\u00f1os. En 1671, una sentencia judicial permiti\u00f3 al gremio valenciano hacerse con el control de los turrones de Alicante, lo que provoc\u00f3 la r\u00e1pida desaparici\u00f3n de la industria de la ciudad.<\/p>\n<p>Los habitantes del peque\u00f1o municipio de Sexona, actual Jijona, tomaron el relevo de la capital. Lejos de los ojos y la influencia del gremio, los artesanos locales han conseguido sortear la prohibici\u00f3n del az\u00facar y la miel, estableci\u00e9ndose como la cuna del aut\u00e9ntico turr\u00f3n espa\u00f1ol.<\/p>\n<h3>Para saber m\u00e1s<\/h3>\n<p>Encuentra todos nuestros consejos de preparaci\u00f3n en <a href=\"https:\/\/mariasimona.com\/\">el sitio web de Maria Simona<\/a><\/p>\n<p>No dudes en visitar nuestro blog para descubrir <a href=\"https:\/\/mariasimona.com\/recetas\/\">nuestras deliciosas recetas<\/a>.<\/p>\n<p>Y para empezar, \u00bfpor qu\u00e9 no pruebas <a href=\"https:\/\/relaisgourmet.com\/\">el delicioso Relais Gourmet Foies Gras <\/a>?<\/p>\n","protected":false},"excerpt":{"rendered":"<p><strong>Este pack contiene un total de 6 pastillas de Turr\u00f3n Mou de Jijona Maria Simona, por el precio de s\u00f3lo 5.<\/strong><\/p>\n<p>El Turr\u00f3n de Jijona es un turr\u00f3n blando espa\u00f1ol elaborado con almendras en polvo. Es de color marr\u00f3n claro, tiene una textura suave y se desmenuza muy f\u00e1cilmente. Una deliciosa mezcla de almendras tostadas, az\u00facar, clara de huevo y miel.<\/p>\n<p>El turr\u00f3n blando de Maria Simona se elabora seg\u00fan<a href=\"https:\/\/mariasimona.com\/comment-faire-les-turrons\/\"> la receta tradicional.<\/a><\/p>\n<p>S\u00f3lo utilizamos ingredientes espa\u00f1oles de primera calidad.<\/p>\n<p>Nuestro turr\u00f3n tiene denominaci\u00f3n de <a href=\"https:\/\/www.mapa.gob.es\/es\/alimentacion\/temas\/calidad-diferenciada\/dop-igp\/pana_paste\/IGP_TurronJiJona.aspx\">origen y est\u00e1 protegido por el Consejo Regulador de Jijona<\/a>.<\/p>\n","protected":false},"featured_media":58112,"comment_status":"closed","ping_status":"closed","template":"","meta":[],"product_brand":[],"product_cat":[1320,1321,1204],"product_tag":[],"giftcard-category":[],"class_list":{"0":"post-54814","1":"product","2":"type-product","3":"status-publish","4":"has-post-thumbnail","6":"product_cat-packs-de-turrones","7":"product_cat-turrones-clasicos","8":"product_cat-turrones-maria-simona","9":"product_shipping_class-standard-es","11":"first","12":"instock","13":"taxable","14":"shipping-taxable","15":"purchasable","16":"product-type-simple"},"yoast_head":"<!-- This site is optimized with the Yoast SEO Premium plugin v27.0 (Yoast SEO v27.3) - https:\/\/yoast.com\/product\/yoast-seo-premium-wordpress\/ -->\n<title>Pack Turr\u00f3n Jijona 5+1 - Sabor navide\u00f1o<\/title>\n<meta name=\"description\" content=\"Pack de Turr\u00f3n Jijona (5+1): cremoso y dulce, perfecto para compartir en fiestas o regalar.\" \/>\n<meta name=\"robots\" content=\"index, follow, max-snippet:-1, max-image-preview:large, max-video-preview:-1\" \/>\n<link rel=\"canonical\" href=\"https:\/\/relaisgourmet.com\/es\/producto\/paquete-turron-jijona-51\/\" \/>\n<meta property=\"og:locale\" content=\"es_ES\" \/>\n<meta property=\"og:type\" content=\"article\" \/>\n<meta property=\"og:title\" content=\"Paquete Turr\u00f3n Jijona (5+1)\" \/>\n<meta property=\"og:description\" content=\"Pack de Turr\u00f3n Jijona (5+1): cremoso y dulce, perfecto para compartir en fiestas o regalar.\" \/>\n<meta property=\"og:url\" content=\"https:\/\/relaisgourmet.com\/es\/producto\/paquete-turron-jijona-51\/\" \/>\n<meta property=\"og:site_name\" content=\"Relais Gourmet\" \/>\n<meta property=\"article:publisher\" content=\"https:\/\/facebook.com\/yoast\" \/>\n<meta property=\"article:modified_time\" content=\"2025-04-12T21:10:13+00:00\" \/>\n<meta property=\"og:image\" content=\"https:\/\/relaisgourmet.com\/wp-content\/uploads\/2024\/09\/JIJONA-5-UNIDADES-1.jpg\" \/>\n\t<meta property=\"og:image:width\" content=\"600\" \/>\n\t<meta property=\"og:image:height\" content=\"600\" \/>\n\t<meta property=\"og:image:type\" content=\"image\/jpeg\" \/>\n<meta name=\"twitter:card\" content=\"summary_large_image\" \/>\n<meta name=\"twitter:label1\" content=\"Tiempo de lectura\" \/>\n\t<meta name=\"twitter:data1\" content=\"2 minuto\" \/>\n<script type=\"application\/ld+json\" class=\"yoast-schema-graph\">{\"@context\":\"https:\\\/\\\/schema.org\",\"@graph\":[{\"@type\":\"WebPage\",\"@id\":\"https:\\\/\\\/relaisgourmet.com\\\/es\\\/producto\\\/paquete-turron-jijona-51\\\/\",\"url\":\"https:\\\/\\\/relaisgourmet.com\\\/es\\\/producto\\\/paquete-turron-jijona-51\\\/\",\"name\":\"Pack Turr\u00f3n Jijona 5+1 - Sabor navide\u00f1o\",\"isPartOf\":{\"@id\":\"https:\\\/\\\/relaisgourmet.com\\\/es\\\/#website\"},\"primaryImageOfPage\":{\"@id\":\"https:\\\/\\\/relaisgourmet.com\\\/es\\\/producto\\\/paquete-turron-jijona-51\\\/#primaryimage\"},\"image\":{\"@id\":\"https:\\\/\\\/relaisgourmet.com\\\/es\\\/producto\\\/paquete-turron-jijona-51\\\/#primaryimage\"},\"thumbnailUrl\":\"https:\\\/\\\/relaisgourmet.com\\\/wp-content\\\/uploads\\\/2023\\\/05\\\/Pack-de-6-Jijona-pyramide-min.png\",\"datePublished\":\"2023-05-26T11:46:32+00:00\",\"dateModified\":\"2025-04-12T21:10:13+00:00\",\"description\":\"Pack de Turr\u00f3n Jijona (5+1): cremoso y dulce, perfecto para compartir en fiestas o regalar.\",\"breadcrumb\":{\"@id\":\"https:\\\/\\\/relaisgourmet.com\\\/es\\\/producto\\\/paquete-turron-jijona-51\\\/#breadcrumb\"},\"inLanguage\":\"es\",\"potentialAction\":[{\"@type\":\"ReadAction\",\"target\":[\"https:\\\/\\\/relaisgourmet.com\\\/es\\\/producto\\\/paquete-turron-jijona-51\\\/\"]}]},{\"@type\":\"ImageObject\",\"inLanguage\":\"es\",\"@id\":\"https:\\\/\\\/relaisgourmet.com\\\/es\\\/producto\\\/paquete-turron-jijona-51\\\/#primaryimage\",\"url\":\"https:\\\/\\\/relaisgourmet.com\\\/wp-content\\\/uploads\\\/2023\\\/05\\\/Pack-de-6-Jijona-pyramide-min.png\",\"contentUrl\":\"https:\\\/\\\/relaisgourmet.com\\\/wp-content\\\/uploads\\\/2023\\\/05\\\/Pack-de-6-Jijona-pyramide-min.png\",\"width\":1000,\"height\":1000},{\"@type\":\"BreadcrumbList\",\"@id\":\"https:\\\/\\\/relaisgourmet.com\\\/es\\\/producto\\\/paquete-turron-jijona-51\\\/#breadcrumb\",\"itemListElement\":[{\"@type\":\"ListItem\",\"position\":1,\"name\":\"Inicio\",\"item\":\"https:\\\/\\\/relaisgourmet.com\\\/es\\\/\"},{\"@type\":\"ListItem\",\"position\":2,\"name\":\"Aut\u00e9ntico foie gras\",\"item\":\"https:\\\/\\\/relaisgourmet.com\\\/es\\\/autentico-foie-gras\\\/\"},{\"@type\":\"ListItem\",\"position\":3,\"name\":\"Paquete Turr\u00f3n Jijona (5+1)\"}]},{\"@type\":\"WebSite\",\"@id\":\"https:\\\/\\\/relaisgourmet.com\\\/es\\\/#website\",\"url\":\"https:\\\/\\\/relaisgourmet.com\\\/es\\\/\",\"name\":\"Relais Gourmet\",\"description\":\"Maison Gastronomique au Pays-Basque Depuis 2004\",\"publisher\":{\"@id\":\"https:\\\/\\\/relaisgourmet.com\\\/es\\\/#organization\"},\"potentialAction\":[{\"@type\":\"SearchAction\",\"target\":{\"@type\":\"EntryPoint\",\"urlTemplate\":\"https:\\\/\\\/relaisgourmet.com\\\/es\\\/?s={search_term_string}\"},\"query-input\":{\"@type\":\"PropertyValueSpecification\",\"valueRequired\":true,\"valueName\":\"search_term_string\"}}],\"inLanguage\":\"es\"},{\"@type\":\"Organization\",\"@id\":\"https:\\\/\\\/relaisgourmet.com\\\/es\\\/#organization\",\"name\":\"Relais Gourmet\",\"url\":\"https:\\\/\\\/relaisgourmet.com\\\/es\\\/\",\"logo\":{\"@type\":\"ImageObject\",\"inLanguage\":\"es\",\"@id\":\"https:\\\/\\\/relaisgourmet.com\\\/es\\\/#\\\/schema\\\/logo\\\/image\\\/\",\"url\":\"https:\\\/\\\/relaisgourmet.com\\\/wp-content\\\/uploads\\\/2024\\\/11\\\/Diseno-sin-titulo-8.jpg\",\"contentUrl\":\"https:\\\/\\\/relaisgourmet.com\\\/wp-content\\\/uploads\\\/2024\\\/11\\\/Diseno-sin-titulo-8.jpg\",\"width\":500,\"height\":500,\"caption\":\"Relais Gourmet\"},\"image\":{\"@id\":\"https:\\\/\\\/relaisgourmet.com\\\/es\\\/#\\\/schema\\\/logo\\\/image\\\/\"},\"sameAs\":[\"https:\\\/\\\/facebook.com\\\/yoast\",\"https:\\\/\\\/instagram.com\\\/yoast\"]}]}<\/script>\n<!-- \/ Yoast SEO Premium plugin. -->","yoast_head_json":{"title":"Pack Turr\u00f3n Jijona 5+1 - Sabor navide\u00f1o","description":"Pack de Turr\u00f3n Jijona (5+1): cremoso y dulce, perfecto para compartir en fiestas o regalar.","robots":{"index":"index","follow":"follow","max-snippet":"max-snippet:-1","max-image-preview":"max-image-preview:large","max-video-preview":"max-video-preview:-1"},"canonical":"https:\/\/relaisgourmet.com\/es\/producto\/paquete-turron-jijona-51\/","og_locale":"es_ES","og_type":"article","og_title":"Paquete Turr\u00f3n Jijona (5+1)","og_description":"Pack de Turr\u00f3n Jijona (5+1): cremoso y dulce, perfecto para compartir en fiestas o regalar.","og_url":"https:\/\/relaisgourmet.com\/es\/producto\/paquete-turron-jijona-51\/","og_site_name":"Relais Gourmet","article_publisher":"https:\/\/facebook.com\/yoast","article_modified_time":"2025-04-12T21:10:13+00:00","og_image":[{"width":600,"height":600,"url":"https:\/\/relaisgourmet.com\/wp-content\/uploads\/2024\/09\/JIJONA-5-UNIDADES-1.jpg","type":"image\/jpeg"}],"twitter_card":"summary_large_image","twitter_misc":{"Tiempo de lectura":"2 minuto"},"schema":{"@context":"https:\/\/schema.org","@graph":[{"@type":"WebPage","@id":"https:\/\/relaisgourmet.com\/es\/producto\/paquete-turron-jijona-51\/","url":"https:\/\/relaisgourmet.com\/es\/producto\/paquete-turron-jijona-51\/","name":"Pack Turr\u00f3n Jijona 5+1 - Sabor navide\u00f1o","isPartOf":{"@id":"https:\/\/relaisgourmet.com\/es\/#website"},"primaryImageOfPage":{"@id":"https:\/\/relaisgourmet.com\/es\/producto\/paquete-turron-jijona-51\/#primaryimage"},"image":{"@id":"https:\/\/relaisgourmet.com\/es\/producto\/paquete-turron-jijona-51\/#primaryimage"},"thumbnailUrl":"https:\/\/relaisgourmet.com\/wp-content\/uploads\/2023\/05\/Pack-de-6-Jijona-pyramide-min.png","datePublished":"2023-05-26T11:46:32+00:00","dateModified":"2025-04-12T21:10:13+00:00","description":"Pack de Turr\u00f3n Jijona (5+1): cremoso y dulce, perfecto para compartir en fiestas o regalar.","breadcrumb":{"@id":"https:\/\/relaisgourmet.com\/es\/producto\/paquete-turron-jijona-51\/#breadcrumb"},"inLanguage":"es","potentialAction":[{"@type":"ReadAction","target":["https:\/\/relaisgourmet.com\/es\/producto\/paquete-turron-jijona-51\/"]}]},{"@type":"ImageObject","inLanguage":"es","@id":"https:\/\/relaisgourmet.com\/es\/producto\/paquete-turron-jijona-51\/#primaryimage","url":"https:\/\/relaisgourmet.com\/wp-content\/uploads\/2023\/05\/Pack-de-6-Jijona-pyramide-min.png","contentUrl":"https:\/\/relaisgourmet.com\/wp-content\/uploads\/2023\/05\/Pack-de-6-Jijona-pyramide-min.png","width":1000,"height":1000},{"@type":"BreadcrumbList","@id":"https:\/\/relaisgourmet.com\/es\/producto\/paquete-turron-jijona-51\/#breadcrumb","itemListElement":[{"@type":"ListItem","position":1,"name":"Inicio","item":"https:\/\/relaisgourmet.com\/es\/"},{"@type":"ListItem","position":2,"name":"Aut\u00e9ntico foie gras","item":"https:\/\/relaisgourmet.com\/es\/autentico-foie-gras\/"},{"@type":"ListItem","position":3,"name":"Paquete Turr\u00f3n Jijona (5+1)"}]},{"@type":"WebSite","@id":"https:\/\/relaisgourmet.com\/es\/#website","url":"https:\/\/relaisgourmet.com\/es\/","name":"Relais Gourmet","description":"Maison Gastronomique au Pays-Basque Depuis 2004","publisher":{"@id":"https:\/\/relaisgourmet.com\/es\/#organization"},"potentialAction":[{"@type":"SearchAction","target":{"@type":"EntryPoint","urlTemplate":"https:\/\/relaisgourmet.com\/es\/?s={search_term_string}"},"query-input":{"@type":"PropertyValueSpecification","valueRequired":true,"valueName":"search_term_string"}}],"inLanguage":"es"},{"@type":"Organization","@id":"https:\/\/relaisgourmet.com\/es\/#organization","name":"Relais Gourmet","url":"https:\/\/relaisgourmet.com\/es\/","logo":{"@type":"ImageObject","inLanguage":"es","@id":"https:\/\/relaisgourmet.com\/es\/#\/schema\/logo\/image\/","url":"https:\/\/relaisgourmet.com\/wp-content\/uploads\/2024\/11\/Diseno-sin-titulo-8.jpg","contentUrl":"https:\/\/relaisgourmet.com\/wp-content\/uploads\/2024\/11\/Diseno-sin-titulo-8.jpg","width":500,"height":500,"caption":"Relais Gourmet"},"image":{"@id":"https:\/\/relaisgourmet.com\/es\/#\/schema\/logo\/image\/"},"sameAs":["https:\/\/facebook.com\/yoast","https:\/\/instagram.com\/yoast"]}]}},"_links":{"self":[{"href":"https:\/\/relaisgourmet.com\/es\/wp-json\/wp\/v2\/product\/54814","targetHints":{"allow":["GET"]}}],"collection":[{"href":"https:\/\/relaisgourmet.com\/es\/wp-json\/wp\/v2\/product"}],"about":[{"href":"https:\/\/relaisgourmet.com\/es\/wp-json\/wp\/v2\/types\/product"}],"replies":[{"embeddable":true,"href":"https:\/\/relaisgourmet.com\/es\/wp-json\/wp\/v2\/comments?post=54814"}],"version-history":[{"count":0,"href":"https:\/\/relaisgourmet.com\/es\/wp-json\/wp\/v2\/product\/54814\/revisions"}],"wp:featuredmedia":[{"embeddable":true,"href":"https:\/\/relaisgourmet.com\/es\/wp-json\/wp\/v2\/media\/58112"}],"wp:attachment":[{"href":"https:\/\/relaisgourmet.com\/es\/wp-json\/wp\/v2\/media?parent=54814"}],"wp:term":[{"taxonomy":"product_brand","embeddable":true,"href":"https:\/\/relaisgourmet.com\/es\/wp-json\/wp\/v2\/product_brand?post=54814"},{"taxonomy":"product_cat","embeddable":true,"href":"https:\/\/relaisgourmet.com\/es\/wp-json\/wp\/v2\/product_cat?post=54814"},{"taxonomy":"product_tag","embeddable":true,"href":"https:\/\/relaisgourmet.com\/es\/wp-json\/wp\/v2\/product_tag?post=54814"},{"taxonomy":"giftcard-category","embeddable":true,"href":"https:\/\/relaisgourmet.com\/es\/wp-json\/wp\/v2\/giftcard-category?post=54814"}],"curies":[{"name":"wp","href":"https:\/\/api.w.org\/{rel}","templated":true}]}}