{"id":47090,"date":"2024-09-11T09:41:39","date_gmt":"2024-09-11T07:41:39","guid":{"rendered":"https:\/\/relaisgourmet.com\/produit\/coffret-la-rhune\/"},"modified":"2025-04-12T23:10:13","modified_gmt":"2025-04-12T21:10:13","slug":"cofre-la-rhune","status":"publish","type":"product","link":"https:\/\/relaisgourmet.com\/es\/producto\/cofre-la-rhune\/","title":{"rendered":"Caja La Rhune"},"content":{"rendered":"<p><b>Descubre el estuche regalo La Rhune: un tesoro gourmet de Relais Gourmet<\/b><\/p>\n<p><span style=\"font-weight: 400;\">La <\/span><b>Caja La Rhune<\/b><span style=\"font-weight: 400;\">  es mucho m\u00e1s que una selecci\u00f3n de productos gourmet. Es una aut\u00e9ntica experiencia culinaria que te invita a saborear las delicias del Pa\u00eds Vasco, en una caja perfectamente dise\u00f1ada para tus momentos de convivencia. Esta caja es un aut\u00e9ntico complemento para tu mesa.<\/span><\/p>\n<p>Se garantiza que la Caja Regalo La Rhune <strong>no contiene conservantes, colorantes ni aditivos.<\/strong><\/p>\n<p><b>Composici\u00f3n:<\/b><\/p>\n<ul>\n<li style=\"font-weight: 400;\" aria-level=\"1\"><b>Foie Gras Natural Entero (200 g)<\/b><span style=\"font-weight: 400;\"> Una receta pura, respetuosa con la tradici\u00f3n del Foie Gras.<\/span><\/li>\n<li style=\"font-weight: 400;\" aria-level=\"1\"><b>Foie Gras entero al Armagnac (80 g)<\/b><span style=\"font-weight: 400;\"> La combinaci\u00f3n perfecta de Foie Gras y el car\u00e1cter \u00fanico del Armagnac.<\/span><\/li>\n<li style=\"font-weight: 400;\" aria-level=\"1\"><b>Aperitivo Gourmet con Armagnac (180 g)<\/b><span style=\"font-weight: 400;\"> Un toque elegante para realzar tu brindis.<\/span><\/li>\n<li style=\"font-weight: 400;\" aria-level=\"1\"><b>Quintaesencia de Foie Gras y Magret Ahumado (180 g)<\/b><span style=\"font-weight: 400;\"> Una explosi\u00f3n de sabores entre el foie gras y el magret de pato ahumado.<\/span><\/li>\n<li style=\"font-weight: 400;\" aria-level=\"1\"><b>Botella de Champ\u00e1n (750 ml)<\/b><span style=\"font-weight: 400;\"> Para acompa\u00f1ar estos manjares con delicadeza.<\/span><\/li>\n<\/ul>\n<p>&nbsp;<\/p>\n<p><b>Conservaci\u00f3n:<\/b><\/p>\n<p>3 a\u00f1os a temperatura ambiente, para que puedas disfrutarlo cuando m\u00e1s te convenga. Una vez abierto, recuerda consumirlo antes de 15 d\u00edas y mantenerlo refrigerado para disfrutarlo al m\u00e1ximo.<\/p>\n<p><b>Trucos y consejos para sacar lo mejor de tu set de regalo La Rhune<\/b><\/p>\n<p><span style=\"font-weight: 400;\">Descubre todos nuestros consejos para preparar y disfrutar del <\/span><b>Set de regalo La Rhune<\/b><span style=\"font-weight: 400;\"> en nuestro <strong><a href=\"https:\/\/relaisgourmet.com\/blog-foies-gras-actualite\/\">blog<\/a><\/strong> y s\u00edguenos en <a href=\"https:\/\/www.instagram.com\/relaisgourmetofficiel\/\"><strong>Instagram<\/strong><\/a> para m\u00e1s inspiraci\u00f3n.<\/span><\/p>\n<p><span style=\"font-weight: 400;\">Con el <\/span><b>Set de regalo La Rhune<\/b><span style=\"font-weight: 400;\">Est\u00e1s ofreciendo mucho m\u00e1s que una gama de productos: est\u00e1s compartiendo aut\u00e9nticos conocimientos gastron\u00f3micos vascos. Ya sea como regalo o como capricho para ti mismo, esta caja convertir\u00e1 tus momentos gourmet en recuerdos inolvidables.<\/span><\/p>\n","protected":false},"excerpt":{"rendered":"<p>El Estuche Regalo La Rhune de Relais Gourmet, una escapada culinaria en el coraz\u00f3n del Pa\u00eds Vasco, perfecta para realzar tus momentos de convivencia.<\/p>\n<p><img decoding=\"async\" class=\"emoji\" role=\"img\" src=\"https:\/\/s.w.org\/images\/core\/emoji\/15.0.3\/svg\/1f1eb-1f1f7.svg\" alt=\"\ud83c\uddeb\ud83c\uddf7\">  Producci\u00f3n 100% francesa garantizada<br \/>\n\u2714 Garantizado sin conservantes, aditivos ni colorantes.<br \/>\n\ud83c\udf43 Patos alimentados con ma\u00edz amarillo<br \/>\n\ud83d\ude9a Entrega r\u00e1pida en todo el mundo<br \/>\n\ud83d\udd53 Se conserva 3 a\u00f1os<br \/>\n\ud83d\udd10 Pago seguro<\/p>\n<p>Peso neto: 1,39 kg<\/p>\n","protected":false},"featured_media":58818,"comment_status":"closed","ping_status":"closed","template":"","meta":[],"product_brand":[],"product_cat":[1276,1288,1281],"product_tag":[],"giftcard-category":[],"class_list":{"0":"post-47090","1":"product","2":"type-product","3":"status-publish","4":"has-post-thumbnail","6":"product_cat-cesta-de-regalo","7":"product_cat-regalos-de-empresa","8":"product_cat-regalos-de-prestigio","9":"product_shipping_class-standard-es","11":"first","12":"instock","13":"taxable","14":"shipping-taxable","15":"purchasable","16":"product-type-simple"},"yoast_head":"<!-- This site is optimized with the Yoast SEO Premium plugin v27.0 (Yoast SEO v27.0) - https:\/\/yoast.com\/product\/yoast-seo-premium-wordpress\/ -->\n<title>Caja La Rhune - Delicia Relais Gourmet<\/title>\n<meta name=\"description\" content=\"Caja La Rhune: una experiencia culinaria completa con foie gras de calidad y delicias regionales.\" \/>\n<meta name=\"robots\" content=\"index, follow, max-snippet:-1, max-image-preview:large, max-video-preview:-1\" \/>\n<link rel=\"canonical\" href=\"https:\/\/relaisgourmet.com\/es\/producto\/cofre-la-rhune\/\" \/>\n<meta property=\"og:locale\" content=\"es_ES\" \/>\n<meta property=\"og:type\" content=\"article\" \/>\n<meta property=\"og:title\" content=\"Caja La Rhune\" \/>\n<meta property=\"og:description\" content=\"Caja La Rhune: una experiencia culinaria completa con foie gras de calidad y delicias regionales.\" \/>\n<meta property=\"og:url\" content=\"https:\/\/relaisgourmet.com\/es\/producto\/cofre-la-rhune\/\" \/>\n<meta property=\"og:site_name\" content=\"Relais Gourmet\" \/>\n<meta property=\"article:publisher\" content=\"https:\/\/facebook.com\/yoast\" \/>\n<meta property=\"article:modified_time\" content=\"2025-04-12T21:10:13+00:00\" \/>\n<meta property=\"og:image\" content=\"https:\/\/relaisgourmet.com\/wp-content\/uploads\/2024\/09\/coffret-paille-1-1.jpg\" \/>\n\t<meta property=\"og:image:width\" content=\"2500\" \/>\n\t<meta property=\"og:image:height\" content=\"1667\" \/>\n\t<meta property=\"og:image:type\" content=\"image\/jpeg\" \/>\n<meta name=\"twitter:card\" content=\"summary_large_image\" \/>\n<meta name=\"twitter:label1\" content=\"Tiempo de lectura\" \/>\n\t<meta name=\"twitter:data1\" content=\"2 minuto\" \/>\n<script type=\"application\/ld+json\" class=\"yoast-schema-graph\">{\"@context\":\"https:\/\/schema.org\",\"@graph\":[{\"@type\":\"WebPage\",\"@id\":\"https:\/\/relaisgourmet.com\/es\/producto\/cofre-la-rhune\/\",\"url\":\"https:\/\/relaisgourmet.com\/es\/producto\/cofre-la-rhune\/\",\"name\":\"Caja La Rhune - Delicia Relais Gourmet\",\"isPartOf\":{\"@id\":\"https:\/\/relaisgourmet.com\/es\/#website\"},\"primaryImageOfPage\":{\"@id\":\"https:\/\/relaisgourmet.com\/es\/producto\/cofre-la-rhune\/#primaryimage\"},\"image\":{\"@id\":\"https:\/\/relaisgourmet.com\/es\/producto\/cofre-la-rhune\/#primaryimage\"},\"thumbnailUrl\":\"https:\/\/relaisgourmet.com\/wp-content\/uploads\/2024\/09\/La-Rhune.jpg\",\"datePublished\":\"2024-09-11T07:41:39+00:00\",\"dateModified\":\"2025-04-12T21:10:13+00:00\",\"description\":\"Caja La Rhune: una experiencia culinaria completa con foie gras de calidad y delicias regionales.\",\"breadcrumb\":{\"@id\":\"https:\/\/relaisgourmet.com\/es\/producto\/cofre-la-rhune\/#breadcrumb\"},\"inLanguage\":\"es\",\"potentialAction\":[{\"@type\":\"ReadAction\",\"target\":[\"https:\/\/relaisgourmet.com\/es\/producto\/cofre-la-rhune\/\"]}]},{\"@type\":\"ImageObject\",\"inLanguage\":\"es\",\"@id\":\"https:\/\/relaisgourmet.com\/es\/producto\/cofre-la-rhune\/#primaryimage\",\"url\":\"https:\/\/relaisgourmet.com\/wp-content\/uploads\/2024\/09\/La-Rhune.jpg\",\"contentUrl\":\"https:\/\/relaisgourmet.com\/wp-content\/uploads\/2024\/09\/La-Rhune.jpg\",\"width\":1667,\"height\":1667,\"caption\":\"photographe d'entreprise, corporate, packshot, CV pau bearn pays basque\"},{\"@type\":\"BreadcrumbList\",\"@id\":\"https:\/\/relaisgourmet.com\/es\/producto\/cofre-la-rhune\/#breadcrumb\",\"itemListElement\":[{\"@type\":\"ListItem\",\"position\":1,\"name\":\"Inicio\",\"item\":\"https:\/\/relaisgourmet.com\/es\/\"},{\"@type\":\"ListItem\",\"position\":2,\"name\":\"Aut\u00e9ntico foie gras\",\"item\":\"https:\/\/relaisgourmet.com\/es\/autentico-foie-gras\/\"},{\"@type\":\"ListItem\",\"position\":3,\"name\":\"Caja La Rhune\"}]},{\"@type\":\"WebSite\",\"@id\":\"https:\/\/relaisgourmet.com\/es\/#website\",\"url\":\"https:\/\/relaisgourmet.com\/es\/\",\"name\":\"Relais Gourmet\",\"description\":\"Maison Gastronomique au Pays-Basque Depuis 2004\",\"publisher\":{\"@id\":\"https:\/\/relaisgourmet.com\/es\/#organization\"},\"potentialAction\":[{\"@type\":\"SearchAction\",\"target\":{\"@type\":\"EntryPoint\",\"urlTemplate\":\"https:\/\/relaisgourmet.com\/es\/?s={search_term_string}\"},\"query-input\":{\"@type\":\"PropertyValueSpecification\",\"valueRequired\":true,\"valueName\":\"search_term_string\"}}],\"inLanguage\":\"es\"},{\"@type\":\"Organization\",\"@id\":\"https:\/\/relaisgourmet.com\/es\/#organization\",\"name\":\"Relais Gourmet\",\"url\":\"https:\/\/relaisgourmet.com\/es\/\",\"logo\":{\"@type\":\"ImageObject\",\"inLanguage\":\"es\",\"@id\":\"https:\/\/relaisgourmet.com\/es\/#\/schema\/logo\/image\/\",\"url\":\"https:\/\/relaisgourmet.com\/wp-content\/uploads\/2024\/11\/Diseno-sin-titulo-8.jpg\",\"contentUrl\":\"https:\/\/relaisgourmet.com\/wp-content\/uploads\/2024\/11\/Diseno-sin-titulo-8.jpg\",\"width\":500,\"height\":500,\"caption\":\"Relais Gourmet\"},\"image\":{\"@id\":\"https:\/\/relaisgourmet.com\/es\/#\/schema\/logo\/image\/\"},\"sameAs\":[\"https:\/\/facebook.com\/yoast\",\"https:\/\/instagram.com\/yoast\"]}]}<\/script>\n<!-- \/ Yoast SEO Premium plugin. -->","yoast_head_json":{"title":"Caja La Rhune - Delicia Relais Gourmet","description":"Caja La Rhune: una experiencia culinaria completa con foie gras de calidad y delicias regionales.","robots":{"index":"index","follow":"follow","max-snippet":"max-snippet:-1","max-image-preview":"max-image-preview:large","max-video-preview":"max-video-preview:-1"},"canonical":"https:\/\/relaisgourmet.com\/es\/producto\/cofre-la-rhune\/","og_locale":"es_ES","og_type":"article","og_title":"Caja La Rhune","og_description":"Caja La Rhune: una experiencia culinaria completa con foie gras de calidad y delicias regionales.","og_url":"https:\/\/relaisgourmet.com\/es\/producto\/cofre-la-rhune\/","og_site_name":"Relais Gourmet","article_publisher":"https:\/\/facebook.com\/yoast","article_modified_time":"2025-04-12T21:10:13+00:00","og_image":[{"width":2500,"height":1667,"url":"https:\/\/relaisgourmet.com\/wp-content\/uploads\/2024\/09\/coffret-paille-1-1.jpg","type":"image\/jpeg"}],"twitter_card":"summary_large_image","twitter_misc":{"Tiempo de lectura":"2 minuto"},"schema":{"@context":"https:\/\/schema.org","@graph":[{"@type":"WebPage","@id":"https:\/\/relaisgourmet.com\/es\/producto\/cofre-la-rhune\/","url":"https:\/\/relaisgourmet.com\/es\/producto\/cofre-la-rhune\/","name":"Caja La Rhune - Delicia Relais Gourmet","isPartOf":{"@id":"https:\/\/relaisgourmet.com\/es\/#website"},"primaryImageOfPage":{"@id":"https:\/\/relaisgourmet.com\/es\/producto\/cofre-la-rhune\/#primaryimage"},"image":{"@id":"https:\/\/relaisgourmet.com\/es\/producto\/cofre-la-rhune\/#primaryimage"},"thumbnailUrl":"https:\/\/relaisgourmet.com\/wp-content\/uploads\/2024\/09\/La-Rhune.jpg","datePublished":"2024-09-11T07:41:39+00:00","dateModified":"2025-04-12T21:10:13+00:00","description":"Caja La Rhune: una experiencia culinaria completa con foie gras de calidad y delicias regionales.","breadcrumb":{"@id":"https:\/\/relaisgourmet.com\/es\/producto\/cofre-la-rhune\/#breadcrumb"},"inLanguage":"es","potentialAction":[{"@type":"ReadAction","target":["https:\/\/relaisgourmet.com\/es\/producto\/cofre-la-rhune\/"]}]},{"@type":"ImageObject","inLanguage":"es","@id":"https:\/\/relaisgourmet.com\/es\/producto\/cofre-la-rhune\/#primaryimage","url":"https:\/\/relaisgourmet.com\/wp-content\/uploads\/2024\/09\/La-Rhune.jpg","contentUrl":"https:\/\/relaisgourmet.com\/wp-content\/uploads\/2024\/09\/La-Rhune.jpg","width":1667,"height":1667,"caption":"photographe d'entreprise, corporate, packshot, CV pau bearn pays basque"},{"@type":"BreadcrumbList","@id":"https:\/\/relaisgourmet.com\/es\/producto\/cofre-la-rhune\/#breadcrumb","itemListElement":[{"@type":"ListItem","position":1,"name":"Inicio","item":"https:\/\/relaisgourmet.com\/es\/"},{"@type":"ListItem","position":2,"name":"Aut\u00e9ntico foie gras","item":"https:\/\/relaisgourmet.com\/es\/autentico-foie-gras\/"},{"@type":"ListItem","position":3,"name":"Caja La Rhune"}]},{"@type":"WebSite","@id":"https:\/\/relaisgourmet.com\/es\/#website","url":"https:\/\/relaisgourmet.com\/es\/","name":"Relais Gourmet","description":"Maison Gastronomique au Pays-Basque Depuis 2004","publisher":{"@id":"https:\/\/relaisgourmet.com\/es\/#organization"},"potentialAction":[{"@type":"SearchAction","target":{"@type":"EntryPoint","urlTemplate":"https:\/\/relaisgourmet.com\/es\/?s={search_term_string}"},"query-input":{"@type":"PropertyValueSpecification","valueRequired":true,"valueName":"search_term_string"}}],"inLanguage":"es"},{"@type":"Organization","@id":"https:\/\/relaisgourmet.com\/es\/#organization","name":"Relais Gourmet","url":"https:\/\/relaisgourmet.com\/es\/","logo":{"@type":"ImageObject","inLanguage":"es","@id":"https:\/\/relaisgourmet.com\/es\/#\/schema\/logo\/image\/","url":"https:\/\/relaisgourmet.com\/wp-content\/uploads\/2024\/11\/Diseno-sin-titulo-8.jpg","contentUrl":"https:\/\/relaisgourmet.com\/wp-content\/uploads\/2024\/11\/Diseno-sin-titulo-8.jpg","width":500,"height":500,"caption":"Relais Gourmet"},"image":{"@id":"https:\/\/relaisgourmet.com\/es\/#\/schema\/logo\/image\/"},"sameAs":["https:\/\/facebook.com\/yoast","https:\/\/instagram.com\/yoast"]}]}},"_links":{"self":[{"href":"https:\/\/relaisgourmet.com\/es\/wp-json\/wp\/v2\/product\/47090","targetHints":{"allow":["GET"]}}],"collection":[{"href":"https:\/\/relaisgourmet.com\/es\/wp-json\/wp\/v2\/product"}],"about":[{"href":"https:\/\/relaisgourmet.com\/es\/wp-json\/wp\/v2\/types\/product"}],"replies":[{"embeddable":true,"href":"https:\/\/relaisgourmet.com\/es\/wp-json\/wp\/v2\/comments?post=47090"}],"version-history":[{"count":7,"href":"https:\/\/relaisgourmet.com\/es\/wp-json\/wp\/v2\/product\/47090\/revisions"}],"predecessor-version":[{"id":55192,"href":"https:\/\/relaisgourmet.com\/es\/wp-json\/wp\/v2\/product\/47090\/revisions\/55192"}],"wp:featuredmedia":[{"embeddable":true,"href":"https:\/\/relaisgourmet.com\/es\/wp-json\/wp\/v2\/media\/58818"}],"wp:attachment":[{"href":"https:\/\/relaisgourmet.com\/es\/wp-json\/wp\/v2\/media?parent=47090"}],"wp:term":[{"taxonomy":"product_brand","embeddable":true,"href":"https:\/\/relaisgourmet.com\/es\/wp-json\/wp\/v2\/product_brand?post=47090"},{"taxonomy":"product_cat","embeddable":true,"href":"https:\/\/relaisgourmet.com\/es\/wp-json\/wp\/v2\/product_cat?post=47090"},{"taxonomy":"product_tag","embeddable":true,"href":"https:\/\/relaisgourmet.com\/es\/wp-json\/wp\/v2\/product_tag?post=47090"},{"taxonomy":"giftcard-category","embeddable":true,"href":"https:\/\/relaisgourmet.com\/es\/wp-json\/wp\/v2\/giftcard-category?post=47090"}],"curies":[{"name":"wp","href":"https:\/\/api.w.org\/{rel}","templated":true}]}}