{"id":47068,"date":"2024-09-11T09:55:10","date_gmt":"2024-09-11T07:55:10","guid":{"rendered":"https:\/\/relaisgourmet.com\/produit\/coffret-sokoa\/"},"modified":"2025-04-12T23:10:13","modified_gmt":"2025-04-12T21:10:13","slug":"cofre-sokoa","status":"publish","type":"product","link":"https:\/\/relaisgourmet.com\/es\/producto\/cofre-sokoa\/","title":{"rendered":"Caja Sokoa"},"content":{"rendered":"<p><span style=\"font-weight: 400;\">El sitio <\/span><b>Caja Sokoa<\/b><span style=\"font-weight: 400;\"> es mucho m\u00e1s que un regalo. Es una aut\u00e9ntica experiencia gastron\u00f3mica, cuidadosamente seleccionada por <strong>Relais Gourmet<\/strong> para realzar tus aperitivos. Ya sea para regalar o para disfrutar con la familia y los amigos, esta caja es perfecta para compartir momentos de convivencia y crear recuerdos inolvidables en torno a productos excepcionales. <\/span><\/p>\n<p>Se garantiza que la caja Sokoa <strong>no contiene conservantes, colorantes ni aditivos.<\/strong><\/p>\n<p><b>Composici\u00f3n del conjunto Sokoa :<\/b><\/p>\n<ul>\n<li style=\"font-weight: 400;\" aria-level=\"1\"><b>Quintaesencia de Foie Gras con Magret Ahumado (180 g)<\/b><span style=\"font-weight: 400;\"> Un sutil maridaje entre la riqueza del foie gras y el car\u00e1cter del magret de pato ahumado.<\/span><\/li>\n<li style=\"font-weight: 400;\" aria-level=\"1\"><b>Aperitivo Gourmet con Juran\u00e7on (180 g)<\/b><span style=\"font-weight: 400;\"> Un aperitivo \u00fanico con los sabores suaves y dulces del Juran\u00e7on.<\/span><\/li>\n<li style=\"font-weight: 400;\" aria-level=\"1\"><b>Aperitivo Gourmet con Armagnac (180 g)<\/b><span style=\"font-weight: 400;\"> Un aperitivo que revela todo el poder arom\u00e1tico del Armagnac.<\/span><\/li>\n<li style=\"font-weight: 400;\" aria-level=\"1\"><b>Botella de vino blanco Monbazillac (750 ml)<\/b><span style=\"font-weight: 400;\"> Un vino con notas afrutadas para realzar tus degustaciones.<\/span><\/li>\n<\/ul>\n<p>&nbsp;<\/p>\n<p><b>Conservaci\u00f3n :<\/b><\/p>\n<p><span style=\"font-weight: 400;\">3 a\u00f1os a temperatura ambiente, para que puedas disfrutarlo cuando m\u00e1s te convenga. Una vez abierto, recuerda consumirlo antes de 15 d\u00edas y mantenerlo refrigerado para disfrutarlo al m\u00e1ximo.<\/span><\/p>\n<p><b>Prep\u00e1rate para un momento de indulgencia<\/b><\/p>\n<p><span style=\"font-weight: 400;\">Lee todos nuestros consejos y sugerencias de preparaci\u00f3n en nuestro <strong><a href=\"https:\/\/relaisgourmet.com\/blog-foies-gras-actualite\/\">blog<\/a><\/strong> y en nuestra <strong><a href=\"https:\/\/www.instagram.com\/relaisgourmetofficiel\/\">p\u00e1gina de Instagram<\/a><\/strong>. el <\/span><b>Caja regalo Sokoa<\/b><span style=\"font-weight: 400;\"> es una opci\u00f3n ideal para sorprender a tus seres queridos o darte un capricho con productos de calidad.<\/span><\/p>\n<p><span style=\"font-weight: 400;\">El sitio <\/span><b>Caja Sokoa<\/b><span style=\"font-weight: 400;\"> de Relais Gourmet es una invitaci\u00f3n a un viaje gustativo, donde cada producto es un homenaje al arte culinario franc\u00e9s. Prueba ahora esta irresistible selecci\u00f3n.<\/span><\/p>\n","protected":false},"excerpt":{"rendered":"<p>El <strong>Set de Regalo Sokoa<\/strong> de Relais Gourmet, el acompa\u00f1amiento perfecto para tus aperitivos. \u00a1Disfr\u00fatalo o reg\u00e1lalo para vivir un momento \u00fanico!<\/p>\n<p><img decoding=\"async\" class=\"emoji\" role=\"img\" src=\"https:\/\/s.w.org\/images\/core\/emoji\/15.0.3\/svg\/1f1eb-1f1f7.svg\" alt=\"\ud83c\uddeb\ud83c\uddf7\" \/> Producci\u00f3n 100% francesa garantizada<br \/>\n\u2714 Garantizado sin conservantes, aditivos ni colorantes.<br \/>\n\ud83c\udf43 Patos alimentados con ma\u00edz amarillo<br \/>\n\ud83d\ude9a Entrega r\u00e1pida en todo el mundo<br \/>\n\ud83d\udd53 Se conserva 3 a\u00f1os<br \/>\n\ud83d\udd10 Pago seguro<\/p>\n<p>Peso neto: 1,29 kg<\/p>\n","protected":false},"featured_media":58813,"comment_status":"closed","ping_status":"closed","template":"","meta":[],"product_brand":[],"product_cat":[1276,1280],"product_tag":[],"giftcard-category":[],"class_list":{"0":"post-47068","1":"product","2":"type-product","3":"status-publish","4":"has-post-thumbnail","6":"product_cat-cesta-de-regalo","7":"product_cat-regalos-gourmet","8":"product_shipping_class-standard-es","10":"first","11":"instock","12":"taxable","13":"shipping-taxable","14":"purchasable","15":"product-type-simple"},"yoast_head":"<!-- This site is optimized with the Yoast SEO Premium plugin v27.0 (Yoast SEO v27.0) - https:\/\/yoast.com\/product\/yoast-seo-premium-wordpress\/ -->\n<title>Caja Sokoa - Foie Gras y tradici\u00f3n<\/title>\n<meta name=\"description\" content=\"Caja Sokoa: d\u00e9jate seducir por esta caja que rinde homenaje a la tradici\u00f3n gastron\u00f3mica vasca.\" \/>\n<meta name=\"robots\" content=\"index, follow, max-snippet:-1, max-image-preview:large, max-video-preview:-1\" \/>\n<link rel=\"canonical\" href=\"https:\/\/relaisgourmet.com\/es\/producto\/cofre-sokoa\/\" \/>\n<meta property=\"og:locale\" content=\"es_ES\" \/>\n<meta property=\"og:type\" content=\"article\" \/>\n<meta property=\"og:title\" content=\"Caja Sokoa\" \/>\n<meta property=\"og:description\" content=\"Caja Sokoa: d\u00e9jate seducir por esta caja que rinde homenaje a la tradici\u00f3n gastron\u00f3mica vasca.\" \/>\n<meta property=\"og:url\" content=\"https:\/\/relaisgourmet.com\/es\/producto\/cofre-sokoa\/\" \/>\n<meta property=\"og:site_name\" content=\"Relais Gourmet\" \/>\n<meta property=\"article:publisher\" content=\"https:\/\/facebook.com\/yoast\" \/>\n<meta property=\"article:modified_time\" content=\"2025-04-12T21:10:13+00:00\" \/>\n<meta property=\"og:image\" content=\"https:\/\/relaisgourmet.com\/wp-content\/uploads\/2024\/09\/coffret501-1.jpg\" \/>\n\t<meta property=\"og:image:width\" content=\"2500\" \/>\n\t<meta property=\"og:image:height\" content=\"1667\" \/>\n\t<meta property=\"og:image:type\" content=\"image\/jpeg\" \/>\n<meta name=\"twitter:card\" content=\"summary_large_image\" \/>\n<meta name=\"twitter:label1\" content=\"Tiempo de lectura\" \/>\n\t<meta name=\"twitter:data1\" content=\"2 minuto\" \/>\n<script type=\"application\/ld+json\" class=\"yoast-schema-graph\">{\"@context\":\"https:\/\/schema.org\",\"@graph\":[{\"@type\":\"WebPage\",\"@id\":\"https:\/\/relaisgourmet.com\/es\/producto\/cofre-sokoa\/\",\"url\":\"https:\/\/relaisgourmet.com\/es\/producto\/cofre-sokoa\/\",\"name\":\"Caja Sokoa - Foie Gras y tradici\u00f3n\",\"isPartOf\":{\"@id\":\"https:\/\/relaisgourmet.com\/es\/#website\"},\"primaryImageOfPage\":{\"@id\":\"https:\/\/relaisgourmet.com\/es\/producto\/cofre-sokoa\/#primaryimage\"},\"image\":{\"@id\":\"https:\/\/relaisgourmet.com\/es\/producto\/cofre-sokoa\/#primaryimage\"},\"thumbnailUrl\":\"https:\/\/relaisgourmet.com\/wp-content\/uploads\/2024\/09\/Sokoa.jpg\",\"datePublished\":\"2024-09-11T07:55:10+00:00\",\"dateModified\":\"2025-04-12T21:10:13+00:00\",\"description\":\"Caja Sokoa: d\u00e9jate seducir por esta caja que rinde homenaje a la tradici\u00f3n gastron\u00f3mica vasca.\",\"breadcrumb\":{\"@id\":\"https:\/\/relaisgourmet.com\/es\/producto\/cofre-sokoa\/#breadcrumb\"},\"inLanguage\":\"es\",\"potentialAction\":[{\"@type\":\"ReadAction\",\"target\":[\"https:\/\/relaisgourmet.com\/es\/producto\/cofre-sokoa\/\"]}]},{\"@type\":\"ImageObject\",\"inLanguage\":\"es\",\"@id\":\"https:\/\/relaisgourmet.com\/es\/producto\/cofre-sokoa\/#primaryimage\",\"url\":\"https:\/\/relaisgourmet.com\/wp-content\/uploads\/2024\/09\/Sokoa.jpg\",\"contentUrl\":\"https:\/\/relaisgourmet.com\/wp-content\/uploads\/2024\/09\/Sokoa.jpg\",\"width\":1427,\"height\":1427,\"caption\":\"photographe d'entreprise, corporate, packshot, CV pau bearn pays basque\"},{\"@type\":\"BreadcrumbList\",\"@id\":\"https:\/\/relaisgourmet.com\/es\/producto\/cofre-sokoa\/#breadcrumb\",\"itemListElement\":[{\"@type\":\"ListItem\",\"position\":1,\"name\":\"Inicio\",\"item\":\"https:\/\/relaisgourmet.com\/es\/\"},{\"@type\":\"ListItem\",\"position\":2,\"name\":\"Aut\u00e9ntico foie gras\",\"item\":\"https:\/\/relaisgourmet.com\/es\/autentico-foie-gras\/\"},{\"@type\":\"ListItem\",\"position\":3,\"name\":\"Caja Sokoa\"}]},{\"@type\":\"WebSite\",\"@id\":\"https:\/\/relaisgourmet.com\/es\/#website\",\"url\":\"https:\/\/relaisgourmet.com\/es\/\",\"name\":\"Relais Gourmet\",\"description\":\"Maison Gastronomique au Pays-Basque Depuis 2004\",\"publisher\":{\"@id\":\"https:\/\/relaisgourmet.com\/es\/#organization\"},\"potentialAction\":[{\"@type\":\"SearchAction\",\"target\":{\"@type\":\"EntryPoint\",\"urlTemplate\":\"https:\/\/relaisgourmet.com\/es\/?s={search_term_string}\"},\"query-input\":{\"@type\":\"PropertyValueSpecification\",\"valueRequired\":true,\"valueName\":\"search_term_string\"}}],\"inLanguage\":\"es\"},{\"@type\":\"Organization\",\"@id\":\"https:\/\/relaisgourmet.com\/es\/#organization\",\"name\":\"Relais Gourmet\",\"url\":\"https:\/\/relaisgourmet.com\/es\/\",\"logo\":{\"@type\":\"ImageObject\",\"inLanguage\":\"es\",\"@id\":\"https:\/\/relaisgourmet.com\/es\/#\/schema\/logo\/image\/\",\"url\":\"https:\/\/relaisgourmet.com\/wp-content\/uploads\/2024\/11\/Diseno-sin-titulo-8.jpg\",\"contentUrl\":\"https:\/\/relaisgourmet.com\/wp-content\/uploads\/2024\/11\/Diseno-sin-titulo-8.jpg\",\"width\":500,\"height\":500,\"caption\":\"Relais Gourmet\"},\"image\":{\"@id\":\"https:\/\/relaisgourmet.com\/es\/#\/schema\/logo\/image\/\"},\"sameAs\":[\"https:\/\/facebook.com\/yoast\",\"https:\/\/instagram.com\/yoast\"]}]}<\/script>\n<!-- \/ Yoast SEO Premium plugin. -->","yoast_head_json":{"title":"Caja Sokoa - Foie Gras y tradici\u00f3n","description":"Caja Sokoa: d\u00e9jate seducir por esta caja que rinde homenaje a la tradici\u00f3n gastron\u00f3mica vasca.","robots":{"index":"index","follow":"follow","max-snippet":"max-snippet:-1","max-image-preview":"max-image-preview:large","max-video-preview":"max-video-preview:-1"},"canonical":"https:\/\/relaisgourmet.com\/es\/producto\/cofre-sokoa\/","og_locale":"es_ES","og_type":"article","og_title":"Caja Sokoa","og_description":"Caja Sokoa: d\u00e9jate seducir por esta caja que rinde homenaje a la tradici\u00f3n gastron\u00f3mica vasca.","og_url":"https:\/\/relaisgourmet.com\/es\/producto\/cofre-sokoa\/","og_site_name":"Relais Gourmet","article_publisher":"https:\/\/facebook.com\/yoast","article_modified_time":"2025-04-12T21:10:13+00:00","og_image":[{"width":2500,"height":1667,"url":"https:\/\/relaisgourmet.com\/wp-content\/uploads\/2024\/09\/coffret501-1.jpg","type":"image\/jpeg"}],"twitter_card":"summary_large_image","twitter_misc":{"Tiempo de lectura":"2 minuto"},"schema":{"@context":"https:\/\/schema.org","@graph":[{"@type":"WebPage","@id":"https:\/\/relaisgourmet.com\/es\/producto\/cofre-sokoa\/","url":"https:\/\/relaisgourmet.com\/es\/producto\/cofre-sokoa\/","name":"Caja Sokoa - Foie Gras y tradici\u00f3n","isPartOf":{"@id":"https:\/\/relaisgourmet.com\/es\/#website"},"primaryImageOfPage":{"@id":"https:\/\/relaisgourmet.com\/es\/producto\/cofre-sokoa\/#primaryimage"},"image":{"@id":"https:\/\/relaisgourmet.com\/es\/producto\/cofre-sokoa\/#primaryimage"},"thumbnailUrl":"https:\/\/relaisgourmet.com\/wp-content\/uploads\/2024\/09\/Sokoa.jpg","datePublished":"2024-09-11T07:55:10+00:00","dateModified":"2025-04-12T21:10:13+00:00","description":"Caja Sokoa: d\u00e9jate seducir por esta caja que rinde homenaje a la tradici\u00f3n gastron\u00f3mica vasca.","breadcrumb":{"@id":"https:\/\/relaisgourmet.com\/es\/producto\/cofre-sokoa\/#breadcrumb"},"inLanguage":"es","potentialAction":[{"@type":"ReadAction","target":["https:\/\/relaisgourmet.com\/es\/producto\/cofre-sokoa\/"]}]},{"@type":"ImageObject","inLanguage":"es","@id":"https:\/\/relaisgourmet.com\/es\/producto\/cofre-sokoa\/#primaryimage","url":"https:\/\/relaisgourmet.com\/wp-content\/uploads\/2024\/09\/Sokoa.jpg","contentUrl":"https:\/\/relaisgourmet.com\/wp-content\/uploads\/2024\/09\/Sokoa.jpg","width":1427,"height":1427,"caption":"photographe d'entreprise, corporate, packshot, CV pau bearn pays basque"},{"@type":"BreadcrumbList","@id":"https:\/\/relaisgourmet.com\/es\/producto\/cofre-sokoa\/#breadcrumb","itemListElement":[{"@type":"ListItem","position":1,"name":"Inicio","item":"https:\/\/relaisgourmet.com\/es\/"},{"@type":"ListItem","position":2,"name":"Aut\u00e9ntico foie gras","item":"https:\/\/relaisgourmet.com\/es\/autentico-foie-gras\/"},{"@type":"ListItem","position":3,"name":"Caja Sokoa"}]},{"@type":"WebSite","@id":"https:\/\/relaisgourmet.com\/es\/#website","url":"https:\/\/relaisgourmet.com\/es\/","name":"Relais Gourmet","description":"Maison Gastronomique au Pays-Basque Depuis 2004","publisher":{"@id":"https:\/\/relaisgourmet.com\/es\/#organization"},"potentialAction":[{"@type":"SearchAction","target":{"@type":"EntryPoint","urlTemplate":"https:\/\/relaisgourmet.com\/es\/?s={search_term_string}"},"query-input":{"@type":"PropertyValueSpecification","valueRequired":true,"valueName":"search_term_string"}}],"inLanguage":"es"},{"@type":"Organization","@id":"https:\/\/relaisgourmet.com\/es\/#organization","name":"Relais Gourmet","url":"https:\/\/relaisgourmet.com\/es\/","logo":{"@type":"ImageObject","inLanguage":"es","@id":"https:\/\/relaisgourmet.com\/es\/#\/schema\/logo\/image\/","url":"https:\/\/relaisgourmet.com\/wp-content\/uploads\/2024\/11\/Diseno-sin-titulo-8.jpg","contentUrl":"https:\/\/relaisgourmet.com\/wp-content\/uploads\/2024\/11\/Diseno-sin-titulo-8.jpg","width":500,"height":500,"caption":"Relais Gourmet"},"image":{"@id":"https:\/\/relaisgourmet.com\/es\/#\/schema\/logo\/image\/"},"sameAs":["https:\/\/facebook.com\/yoast","https:\/\/instagram.com\/yoast"]}]}},"_links":{"self":[{"href":"https:\/\/relaisgourmet.com\/es\/wp-json\/wp\/v2\/product\/47068","targetHints":{"allow":["GET"]}}],"collection":[{"href":"https:\/\/relaisgourmet.com\/es\/wp-json\/wp\/v2\/product"}],"about":[{"href":"https:\/\/relaisgourmet.com\/es\/wp-json\/wp\/v2\/types\/product"}],"replies":[{"embeddable":true,"href":"https:\/\/relaisgourmet.com\/es\/wp-json\/wp\/v2\/comments?post=47068"}],"version-history":[{"count":6,"href":"https:\/\/relaisgourmet.com\/es\/wp-json\/wp\/v2\/product\/47068\/revisions"}],"predecessor-version":[{"id":55698,"href":"https:\/\/relaisgourmet.com\/es\/wp-json\/wp\/v2\/product\/47068\/revisions\/55698"}],"wp:featuredmedia":[{"embeddable":true,"href":"https:\/\/relaisgourmet.com\/es\/wp-json\/wp\/v2\/media\/58813"}],"wp:attachment":[{"href":"https:\/\/relaisgourmet.com\/es\/wp-json\/wp\/v2\/media?parent=47068"}],"wp:term":[{"taxonomy":"product_brand","embeddable":true,"href":"https:\/\/relaisgourmet.com\/es\/wp-json\/wp\/v2\/product_brand?post=47068"},{"taxonomy":"product_cat","embeddable":true,"href":"https:\/\/relaisgourmet.com\/es\/wp-json\/wp\/v2\/product_cat?post=47068"},{"taxonomy":"product_tag","embeddable":true,"href":"https:\/\/relaisgourmet.com\/es\/wp-json\/wp\/v2\/product_tag?post=47068"},{"taxonomy":"giftcard-category","embeddable":true,"href":"https:\/\/relaisgourmet.com\/es\/wp-json\/wp\/v2\/giftcard-category?post=47068"}],"curies":[{"name":"wp","href":"https:\/\/api.w.org\/{rel}","templated":true}]}}