{"id":47018,"date":"2024-09-11T10:36:44","date_gmt":"2024-09-11T08:36:44","guid":{"rendered":"https:\/\/relaisgourmet.com\/produit\/coffret-atxuria\/"},"modified":"2025-04-12T23:10:06","modified_gmt":"2025-04-12T21:10:06","slug":"cofre-atxuria","status":"publish","type":"product","link":"https:\/\/relaisgourmet.com\/es\/producto\/cofre-atxuria\/","title":{"rendered":"Caja Atxuria"},"content":{"rendered":"<p><b>Descubre el set de regalo Atxuria: el regalo gourmet perfecto<\/b><\/p>\n<p><span style=\"font-weight: 400;\">El <\/span><b>Set de Regalo Atxuria<\/b><span style=\"font-weight: 400;\"> es mucho m\u00e1s que una selecci\u00f3n de productos: es una invitaci\u00f3n a compartir momentos de placer y convivencia. <\/span> <span style=\"font-weight: 400;\">Esta caja de <b>Relais Gourmet <\/b>es ideal para acompa\u00f1ar tus aperitivos y crear recuerdos memorables con tus seres queridos.<strong> <\/strong>cumple todas las expectativas de los gourmets. Su composici\u00f3n se ha seleccionado cuidadosamente para ofrecer una experiencia de sabor \u00fanica, haciendo hincapi\u00e9 en la calidad sin concesiones.<\/span><\/p>\n<p><span style=\"font-weight: 400;\">Se garantiza que el Set de regalo Atxuria <strong>no contiene conservantes, colorantes ni aditivos.<\/strong><\/span><\/p>\n<p>&nbsp;<\/p>\n<p><b>Composici\u00f3n del conjunto Atxuria:<\/b><\/p>\n<ul>\n<li style=\"font-weight: 400;\" aria-level=\"1\"><b>Foie Gras Natural Entero (80 g)<\/b><span style=\"font-weight: 400;\"> El cl\u00e1sico esencial, puro y delicado.<\/span><\/li>\n<li style=\"font-weight: 400;\" aria-level=\"1\"><b>Quintaesencia de Foie Gras con Magret Ahumado (180 g)<\/b><span style=\"font-weight: 400;\"> Una fusi\u00f3n de sabores que har\u00e1 las delicias de los amantes de los contrastes.<\/span><\/li>\n<li style=\"font-weight: 400;\" aria-level=\"1\"><b>Botella de vino blanco Monbazillac (750 ml)<\/b><span style=\"font-weight: 400;\"> El acompa\u00f1amiento perfecto para estos platos excepcionales.<\/span><\/li>\n<\/ul>\n<p>&nbsp;<\/p>\n<p><strong>Conservaci\u00f3n :<\/strong><\/p>\n<p><span style=\"font-weight: 400;\">3 a\u00f1os a temperatura ambiente, para que puedas disfrutarlo cuando m\u00e1s te convenga. Una vez abierto, recuerda consumirlo antes de 15 d\u00edas y mantenerlo refrigerado para disfrutarlo al m\u00e1ximo.<\/span><\/p>\n<p>&nbsp;<\/p>\n<p><b>Prep\u00e1rate para un momento de indulgencia:<\/b><\/p>\n<p><span style=\"font-weight: 400;\">Lee nuestros consejos y sugerencias para una preparaci\u00f3n perfecta en el <\/span><a href=\"https:\/\/relaisgourmet.com\/blog-foies-gras-actualite\/\"><b>Blog<\/b><\/a><span style=\"font-weight: 400;\">  y en nuestra p\u00e1gina de <a href=\"https:\/\/www.instagram.com\/relaisgourmetofficiel\/\">Instagram<\/a>. Aqu\u00ed te damos algunas ideas de presentaci\u00f3n que te ayudar\u00e1n a sacar el m\u00e1ximo partido a tu  <\/span><b>Set de regalo Atxuria<\/b><span style=\"font-weight: 400;\"> para tus aperitivos o comidas festivas.<\/span><\/p>\n<p><span style=\"font-weight: 400;\">El <\/span><b>Caja Atxuria<\/b><span style=\"font-weight: 400;\">  es una mezcla perfecta de tradici\u00f3n y modernidad, una explosi\u00f3n de sabores que har\u00e1 las delicias de los paladares m\u00e1s exigentes. \u00a1No esperes m\u00e1s para descubrir u ofrecer esta maravilla gastron\u00f3mica!<\/span><\/p>\n","protected":false},"excerpt":{"rendered":"<p>El Estuche Regalo Atxuria de Relais Gourmet, una selecci\u00f3n gourmet y refinada, perfecta para compartir momentos de convivencia y satisfacer los paladares m\u00e1s exigentes.<\/p>\n<p><img decoding=\"async\" class=\"emoji\" role=\"img\" src=\"https:\/\/s.w.org\/images\/core\/emoji\/15.0.3\/svg\/1f1eb-1f1f7.svg\" alt=\"\ud83c\uddeb\ud83c\uddf7\">  Producci\u00f3n 100% francesa garantizada<br \/>\n\u2714 Garantizado sin conservantes, aditivos ni colorantes.<br \/>\n\ud83c\udf43 Patos alimentados con ma\u00edz amarillo<br \/>\n\ud83d\ude9a Entrega r\u00e1pida en todo el mundo<br \/>\n\ud83d\udd53 Se conserva 3 a\u00f1os<br \/>\n\ud83d\udd10 Pago seguro<\/p>\n<p>Peso neto: 1,13 kg<\/p>\n","protected":false},"featured_media":58803,"comment_status":"closed","ping_status":"closed","template":"","meta":[],"product_brand":[],"product_cat":[1276,1280],"product_tag":[],"giftcard-category":[],"class_list":{"0":"post-47018","1":"product","2":"type-product","3":"status-publish","4":"has-post-thumbnail","6":"product_cat-cesta-de-regalo","7":"product_cat-regalos-gourmet","8":"product_shipping_class-standard-es","10":"first","11":"instock","12":"sale","13":"taxable","14":"shipping-taxable","15":"purchasable","16":"product-type-simple"},"yoast_head":"<!-- This site is optimized with the Yoast SEO Premium plugin v27.0 (Yoast SEO v27.3) - https:\/\/yoast.com\/product\/yoast-seo-premium-wordpress\/ -->\n<title>Caja Atxuria - Placer gastron\u00f3mico vasco<\/title>\n<meta name=\"description\" content=\"Caja Atxuria: una propuesta gourmet equilibrada, ideal para celebraciones o cenas entre amigos.\" \/>\n<meta name=\"robots\" content=\"index, follow, max-snippet:-1, max-image-preview:large, max-video-preview:-1\" \/>\n<link rel=\"canonical\" href=\"https:\/\/relaisgourmet.com\/es\/producto\/cofre-atxuria\/\" \/>\n<meta property=\"og:locale\" content=\"es_ES\" \/>\n<meta property=\"og:type\" content=\"article\" \/>\n<meta property=\"og:title\" content=\"Caja Atxuria\" \/>\n<meta property=\"og:description\" content=\"Caja Atxuria: una propuesta gourmet equilibrada, ideal para celebraciones o cenas entre amigos.\" \/>\n<meta property=\"og:url\" content=\"https:\/\/relaisgourmet.com\/es\/producto\/cofre-atxuria\/\" \/>\n<meta property=\"og:site_name\" content=\"Relais Gourmet\" \/>\n<meta property=\"article:publisher\" content=\"https:\/\/facebook.com\/yoast\" \/>\n<meta property=\"article:modified_time\" content=\"2025-04-12T21:10:06+00:00\" \/>\n<meta property=\"og:image\" content=\"https:\/\/relaisgourmet.com\/wp-content\/uploads\/2024\/09\/coffret504-1.jpg\" \/>\n\t<meta property=\"og:image:width\" content=\"2500\" \/>\n\t<meta property=\"og:image:height\" content=\"1667\" \/>\n\t<meta property=\"og:image:type\" content=\"image\/jpeg\" \/>\n<meta name=\"twitter:card\" content=\"summary_large_image\" \/>\n<meta name=\"twitter:label1\" content=\"Tiempo de lectura\" \/>\n\t<meta name=\"twitter:data1\" content=\"2 minuto\" \/>\n<script type=\"application\/ld+json\" class=\"yoast-schema-graph\">{\"@context\":\"https:\\\/\\\/schema.org\",\"@graph\":[{\"@type\":\"WebPage\",\"@id\":\"https:\\\/\\\/relaisgourmet.com\\\/es\\\/producto\\\/cofre-atxuria\\\/\",\"url\":\"https:\\\/\\\/relaisgourmet.com\\\/es\\\/producto\\\/cofre-atxuria\\\/\",\"name\":\"Caja Atxuria - Placer gastron\u00f3mico vasco\",\"isPartOf\":{\"@id\":\"https:\\\/\\\/relaisgourmet.com\\\/es\\\/#website\"},\"primaryImageOfPage\":{\"@id\":\"https:\\\/\\\/relaisgourmet.com\\\/es\\\/producto\\\/cofre-atxuria\\\/#primaryimage\"},\"image\":{\"@id\":\"https:\\\/\\\/relaisgourmet.com\\\/es\\\/producto\\\/cofre-atxuria\\\/#primaryimage\"},\"thumbnailUrl\":\"https:\\\/\\\/relaisgourmet.com\\\/wp-content\\\/uploads\\\/2024\\\/09\\\/Atxuria.jpg\",\"datePublished\":\"2024-09-11T08:36:44+00:00\",\"dateModified\":\"2025-04-12T21:10:06+00:00\",\"description\":\"Caja Atxuria: una propuesta gourmet equilibrada, ideal para celebraciones o cenas entre amigos.\",\"breadcrumb\":{\"@id\":\"https:\\\/\\\/relaisgourmet.com\\\/es\\\/producto\\\/cofre-atxuria\\\/#breadcrumb\"},\"inLanguage\":\"es\",\"potentialAction\":[{\"@type\":\"ReadAction\",\"target\":[\"https:\\\/\\\/relaisgourmet.com\\\/es\\\/producto\\\/cofre-atxuria\\\/\"]}]},{\"@type\":\"ImageObject\",\"inLanguage\":\"es\",\"@id\":\"https:\\\/\\\/relaisgourmet.com\\\/es\\\/producto\\\/cofre-atxuria\\\/#primaryimage\",\"url\":\"https:\\\/\\\/relaisgourmet.com\\\/wp-content\\\/uploads\\\/2024\\\/09\\\/Atxuria.jpg\",\"contentUrl\":\"https:\\\/\\\/relaisgourmet.com\\\/wp-content\\\/uploads\\\/2024\\\/09\\\/Atxuria.jpg\",\"width\":1427,\"height\":1427,\"caption\":\"photographe d'entreprise, corporate, packshot, CV pau bearn pays basque\"},{\"@type\":\"BreadcrumbList\",\"@id\":\"https:\\\/\\\/relaisgourmet.com\\\/es\\\/producto\\\/cofre-atxuria\\\/#breadcrumb\",\"itemListElement\":[{\"@type\":\"ListItem\",\"position\":1,\"name\":\"Inicio\",\"item\":\"https:\\\/\\\/relaisgourmet.com\\\/es\\\/\"},{\"@type\":\"ListItem\",\"position\":2,\"name\":\"Aut\u00e9ntico foie gras\",\"item\":\"https:\\\/\\\/relaisgourmet.com\\\/es\\\/autentico-foie-gras\\\/\"},{\"@type\":\"ListItem\",\"position\":3,\"name\":\"Caja Atxuria\"}]},{\"@type\":\"WebSite\",\"@id\":\"https:\\\/\\\/relaisgourmet.com\\\/es\\\/#website\",\"url\":\"https:\\\/\\\/relaisgourmet.com\\\/es\\\/\",\"name\":\"Relais Gourmet\",\"description\":\"Maison Gastronomique au Pays-Basque Depuis 2004\",\"publisher\":{\"@id\":\"https:\\\/\\\/relaisgourmet.com\\\/es\\\/#organization\"},\"potentialAction\":[{\"@type\":\"SearchAction\",\"target\":{\"@type\":\"EntryPoint\",\"urlTemplate\":\"https:\\\/\\\/relaisgourmet.com\\\/es\\\/?s={search_term_string}\"},\"query-input\":{\"@type\":\"PropertyValueSpecification\",\"valueRequired\":true,\"valueName\":\"search_term_string\"}}],\"inLanguage\":\"es\"},{\"@type\":\"Organization\",\"@id\":\"https:\\\/\\\/relaisgourmet.com\\\/es\\\/#organization\",\"name\":\"Relais Gourmet\",\"url\":\"https:\\\/\\\/relaisgourmet.com\\\/es\\\/\",\"logo\":{\"@type\":\"ImageObject\",\"inLanguage\":\"es\",\"@id\":\"https:\\\/\\\/relaisgourmet.com\\\/es\\\/#\\\/schema\\\/logo\\\/image\\\/\",\"url\":\"https:\\\/\\\/relaisgourmet.com\\\/wp-content\\\/uploads\\\/2024\\\/11\\\/Diseno-sin-titulo-8.jpg\",\"contentUrl\":\"https:\\\/\\\/relaisgourmet.com\\\/wp-content\\\/uploads\\\/2024\\\/11\\\/Diseno-sin-titulo-8.jpg\",\"width\":500,\"height\":500,\"caption\":\"Relais Gourmet\"},\"image\":{\"@id\":\"https:\\\/\\\/relaisgourmet.com\\\/es\\\/#\\\/schema\\\/logo\\\/image\\\/\"},\"sameAs\":[\"https:\\\/\\\/facebook.com\\\/yoast\",\"https:\\\/\\\/instagram.com\\\/yoast\"]}]}<\/script>\n<!-- \/ Yoast SEO Premium plugin. -->","yoast_head_json":{"title":"Caja Atxuria - Placer gastron\u00f3mico vasco","description":"Caja Atxuria: una propuesta gourmet equilibrada, ideal para celebraciones o cenas entre amigos.","robots":{"index":"index","follow":"follow","max-snippet":"max-snippet:-1","max-image-preview":"max-image-preview:large","max-video-preview":"max-video-preview:-1"},"canonical":"https:\/\/relaisgourmet.com\/es\/producto\/cofre-atxuria\/","og_locale":"es_ES","og_type":"article","og_title":"Caja Atxuria","og_description":"Caja Atxuria: una propuesta gourmet equilibrada, ideal para celebraciones o cenas entre amigos.","og_url":"https:\/\/relaisgourmet.com\/es\/producto\/cofre-atxuria\/","og_site_name":"Relais Gourmet","article_publisher":"https:\/\/facebook.com\/yoast","article_modified_time":"2025-04-12T21:10:06+00:00","og_image":[{"width":2500,"height":1667,"url":"https:\/\/relaisgourmet.com\/wp-content\/uploads\/2024\/09\/coffret504-1.jpg","type":"image\/jpeg"}],"twitter_card":"summary_large_image","twitter_misc":{"Tiempo de lectura":"2 minuto"},"schema":{"@context":"https:\/\/schema.org","@graph":[{"@type":"WebPage","@id":"https:\/\/relaisgourmet.com\/es\/producto\/cofre-atxuria\/","url":"https:\/\/relaisgourmet.com\/es\/producto\/cofre-atxuria\/","name":"Caja Atxuria - Placer gastron\u00f3mico vasco","isPartOf":{"@id":"https:\/\/relaisgourmet.com\/es\/#website"},"primaryImageOfPage":{"@id":"https:\/\/relaisgourmet.com\/es\/producto\/cofre-atxuria\/#primaryimage"},"image":{"@id":"https:\/\/relaisgourmet.com\/es\/producto\/cofre-atxuria\/#primaryimage"},"thumbnailUrl":"https:\/\/relaisgourmet.com\/wp-content\/uploads\/2024\/09\/Atxuria.jpg","datePublished":"2024-09-11T08:36:44+00:00","dateModified":"2025-04-12T21:10:06+00:00","description":"Caja Atxuria: una propuesta gourmet equilibrada, ideal para celebraciones o cenas entre amigos.","breadcrumb":{"@id":"https:\/\/relaisgourmet.com\/es\/producto\/cofre-atxuria\/#breadcrumb"},"inLanguage":"es","potentialAction":[{"@type":"ReadAction","target":["https:\/\/relaisgourmet.com\/es\/producto\/cofre-atxuria\/"]}]},{"@type":"ImageObject","inLanguage":"es","@id":"https:\/\/relaisgourmet.com\/es\/producto\/cofre-atxuria\/#primaryimage","url":"https:\/\/relaisgourmet.com\/wp-content\/uploads\/2024\/09\/Atxuria.jpg","contentUrl":"https:\/\/relaisgourmet.com\/wp-content\/uploads\/2024\/09\/Atxuria.jpg","width":1427,"height":1427,"caption":"photographe d'entreprise, corporate, packshot, CV pau bearn pays basque"},{"@type":"BreadcrumbList","@id":"https:\/\/relaisgourmet.com\/es\/producto\/cofre-atxuria\/#breadcrumb","itemListElement":[{"@type":"ListItem","position":1,"name":"Inicio","item":"https:\/\/relaisgourmet.com\/es\/"},{"@type":"ListItem","position":2,"name":"Aut\u00e9ntico foie gras","item":"https:\/\/relaisgourmet.com\/es\/autentico-foie-gras\/"},{"@type":"ListItem","position":3,"name":"Caja Atxuria"}]},{"@type":"WebSite","@id":"https:\/\/relaisgourmet.com\/es\/#website","url":"https:\/\/relaisgourmet.com\/es\/","name":"Relais Gourmet","description":"Maison Gastronomique au Pays-Basque Depuis 2004","publisher":{"@id":"https:\/\/relaisgourmet.com\/es\/#organization"},"potentialAction":[{"@type":"SearchAction","target":{"@type":"EntryPoint","urlTemplate":"https:\/\/relaisgourmet.com\/es\/?s={search_term_string}"},"query-input":{"@type":"PropertyValueSpecification","valueRequired":true,"valueName":"search_term_string"}}],"inLanguage":"es"},{"@type":"Organization","@id":"https:\/\/relaisgourmet.com\/es\/#organization","name":"Relais Gourmet","url":"https:\/\/relaisgourmet.com\/es\/","logo":{"@type":"ImageObject","inLanguage":"es","@id":"https:\/\/relaisgourmet.com\/es\/#\/schema\/logo\/image\/","url":"https:\/\/relaisgourmet.com\/wp-content\/uploads\/2024\/11\/Diseno-sin-titulo-8.jpg","contentUrl":"https:\/\/relaisgourmet.com\/wp-content\/uploads\/2024\/11\/Diseno-sin-titulo-8.jpg","width":500,"height":500,"caption":"Relais Gourmet"},"image":{"@id":"https:\/\/relaisgourmet.com\/es\/#\/schema\/logo\/image\/"},"sameAs":["https:\/\/facebook.com\/yoast","https:\/\/instagram.com\/yoast"]}]}},"_links":{"self":[{"href":"https:\/\/relaisgourmet.com\/es\/wp-json\/wp\/v2\/product\/47018","targetHints":{"allow":["GET"]}}],"collection":[{"href":"https:\/\/relaisgourmet.com\/es\/wp-json\/wp\/v2\/product"}],"about":[{"href":"https:\/\/relaisgourmet.com\/es\/wp-json\/wp\/v2\/types\/product"}],"replies":[{"embeddable":true,"href":"https:\/\/relaisgourmet.com\/es\/wp-json\/wp\/v2\/comments?post=47018"}],"version-history":[{"count":5,"href":"https:\/\/relaisgourmet.com\/es\/wp-json\/wp\/v2\/product\/47018\/revisions"}],"predecessor-version":[{"id":55185,"href":"https:\/\/relaisgourmet.com\/es\/wp-json\/wp\/v2\/product\/47018\/revisions\/55185"}],"wp:featuredmedia":[{"embeddable":true,"href":"https:\/\/relaisgourmet.com\/es\/wp-json\/wp\/v2\/media\/58803"}],"wp:attachment":[{"href":"https:\/\/relaisgourmet.com\/es\/wp-json\/wp\/v2\/media?parent=47018"}],"wp:term":[{"taxonomy":"product_brand","embeddable":true,"href":"https:\/\/relaisgourmet.com\/es\/wp-json\/wp\/v2\/product_brand?post=47018"},{"taxonomy":"product_cat","embeddable":true,"href":"https:\/\/relaisgourmet.com\/es\/wp-json\/wp\/v2\/product_cat?post=47018"},{"taxonomy":"product_tag","embeddable":true,"href":"https:\/\/relaisgourmet.com\/es\/wp-json\/wp\/v2\/product_tag?post=47018"},{"taxonomy":"giftcard-category","embeddable":true,"href":"https:\/\/relaisgourmet.com\/es\/wp-json\/wp\/v2\/giftcard-category?post=47018"}],"curies":[{"name":"wp","href":"https:\/\/api.w.org\/{rel}","templated":true}]}}