{"id":46994,"date":"2024-09-11T15:12:02","date_gmt":"2024-09-11T13:12:02","guid":{"rendered":"https:\/\/relaisgourmet.com\/produit\/coffret-altsuna\/"},"modified":"2025-04-12T23:10:06","modified_gmt":"2025-04-12T21:10:06","slug":"cofre-altsuna","status":"publish","type":"product","link":"https:\/\/relaisgourmet.com\/es\/producto\/cofre-altsuna\/","title":{"rendered":"Conjunto Altsuna"},"content":{"rendered":"<h4><b>Una invitaci\u00f3n gourmet para tus reuniones sociales<\/b><\/h4>\n<p>La <strong>Caja Regalo Altsuna<\/strong> es una creaci\u00f3n exclusiva <strong>Relais Gourmet<\/strong>, perfecta para acompa\u00f1ar tus aperitivos o momentos gourmet.<\/p>\n<p data-start=\"313\" data-end=\"443\">Si decides regalar o compartir este estuche, dar\u00e1s a tus seres queridos la oportunidad de descubrir lo mejor del terru\u00f1o vasco.<\/p>\n<p data-start=\"445\" data-end=\"575\">Perfecto para comidas de convivencia con la familia o los amigos, cada bocado es una invitaci\u00f3n a crear recuerdos \u00fanicos.<\/p>\n<p><span style=\"font-weight: 400;\"> Se garantiza que la caja Altsuna <strong>no contiene conservantes, colorantes ni aditivos <\/strong>, para que puedas disfrutar de una comida aut\u00e9ntica y sana.<\/span><\/p>\n<h4><b>Composici\u00f3n:  <\/b><\/h4>\n<ul>\n<li style=\"font-weight: 400;\" aria-level=\"1\"><b>Foie gras natural entero (200 g)<\/b><span style=\"font-weight: 400;\">  Foie gras en estado puro. Una textura cremosa y un sabor delicado para satisfacer a los gourmets m\u00e1s finos.<\/span><\/li>\n<li style=\"font-weight: 400;\" aria-level=\"1\"><b>Foie Gras entero al Oporto (200 g)<\/b><span style=\"font-weight: 400;\">  Un maridaje armonioso entre la riqueza del foie gras y las notas dulces del oporto. Este Foie gras a\u00f1ade un toque de elegancia a tus aperitivos o cenas.<\/span><\/li>\n<li style=\"font-weight: 400;\" aria-level=\"1\"><b>Foie gras entero con pimiento de Espelette (180 g)<\/b><span style=\"font-weight: 400;\"> Una explosi\u00f3n de sabores con pimiento de Espelette, sutilmente especiado para realzar el dulzor del foie gras.<\/span><\/li>\n<li style=\"font-weight: 400;\" aria-level=\"1\"><b>Aperitivo gourmet de pimiento de Espelette (180 g)<\/b><span style=\"font-weight: 400;\"> Perfecto para compartir, este aperitivo combina sabor y car\u00e1cter gracias a la guindilla de Espelette, todo un s\u00edmbolo del Pa\u00eds Vasco.<\/span><\/li>\n<\/ul>\n<h4><\/h4>\n<h4><b>Consejos de conservaci\u00f3n y degustaci\u00f3n :<\/b><\/h4>\n<p><span style=\"font-weight: 400;\">El sitio <\/span><b>caja Altsuna<\/b><span style=\"font-weight: 400;\"> puede conservarse f\u00e1cilmente a temperatura ambiente hasta 3 a\u00f1os. <\/span> <\/p>\n<p><span style=\"font-weight: 400;\">Sin embargo, una vez abiertos, se aconseja consumirlos en un plazo de 15 d\u00edas y mantenerlos refrigerados.<\/span><\/p>\n<h4><b>Consejos de cata :  <\/b><\/h4>\n<p><span style=\"font-weight: 400;\">Para ir m\u00e1s all\u00e1, Relais Gourmet te ofrece consejos y sugerencias <\/span><span style=\"font-weight: 400;\">. <\/span> <\/p>\n<p><span style=\"font-weight: 400;\">Encuentra nuestras ideas en el <strong><a href=\"https:\/\/relaisgourmet.com\/blog-foies-gras-actualite\/\">blog<\/a>, <\/strong>pero s\u00edguenos tambi\u00e9n en <a href=\"https:\/\/www.instagram.com\/relaisgourmetofficiel\/\"><strong>Instagram.<\/strong><\/a><\/span><\/p>\n<p><span style=\"font-weight: 400;\">El <\/span><b>Set de Regalo Altsuna<\/b><span style=\"font-weight: 400;\"> es una verdadera experiencia sensorial, perfecta para todas las ocasiones festivas y de convivencia. <\/span> <\/p>\n","protected":false},"excerpt":{"rendered":"<p>Descubre el set de regalo Altsuna de Relais Gourmet, ideal para los aperitivos de verano y los picnics de primavera. \u00a1Perfecto como<strong> regalo<\/strong> o <strong>capricho<\/strong>!<\/p>\n<p><img decoding=\"async\" class=\"emoji\" role=\"img\" src=\"https:\/\/s.w.org\/images\/core\/emoji\/15.0.3\/svg\/1f1eb-1f1f7.svg\" alt=\"\ud83c\uddeb\ud83c\uddf7\">  Producci\u00f3n 100% francesa garantizada<br \/>\n\u2714 Garantizado sin conservantes, aditivos ni colorantes.<br \/>\n\ud83c\udf43 Patos alimentados con ma\u00edz amarillo<br \/>\n\ud83d\ude9a Entrega r\u00e1pida en todo el mundo<br \/>\n\ud83d\udd53 Se conserva 3 a\u00f1os<br \/>\n\ud83d\udd10 Pago seguro<\/p>\n<div class=\"woocommerce-product-details__short-description\">\n<p>Peso neto: 760 g<\/p>\n<\/div>\n","protected":false},"featured_media":58798,"comment_status":"closed","ping_status":"closed","template":"","meta":[],"product_brand":[],"product_cat":[1276,1281],"product_tag":[],"giftcard-category":[],"class_list":{"0":"post-46994","1":"product","2":"type-product","3":"status-publish","4":"has-post-thumbnail","6":"product_cat-cesta-de-regalo","7":"product_cat-regalos-de-prestigio","8":"product_shipping_class-standard-es","10":"first","11":"instock","12":"taxable","13":"shipping-taxable","14":"purchasable","15":"product-type-simple"},"yoast_head":"<!-- This site is optimized with the Yoast SEO Premium plugin v27.0 (Yoast SEO v27.0) - https:\/\/yoast.com\/product\/yoast-seo-premium-wordpress\/ -->\n<title>Conjunto Altsuna - Foie Gras de calidad<\/title>\n<meta name=\"description\" content=\"Conjunto Altsuna: tradici\u00f3n vasca y foie gras artesanal reunidos en un regalo elegante y sabroso.\" \/>\n<meta name=\"robots\" content=\"index, follow, max-snippet:-1, max-image-preview:large, max-video-preview:-1\" \/>\n<link rel=\"canonical\" href=\"https:\/\/relaisgourmet.com\/es\/producto\/cofre-altsuna\/\" \/>\n<meta property=\"og:locale\" content=\"es_ES\" \/>\n<meta property=\"og:type\" content=\"article\" \/>\n<meta property=\"og:title\" content=\"Conjunto Altsuna\" \/>\n<meta property=\"og:description\" content=\"Conjunto Altsuna: tradici\u00f3n vasca y foie gras artesanal reunidos en un regalo elegante y sabroso.\" \/>\n<meta property=\"og:url\" content=\"https:\/\/relaisgourmet.com\/es\/producto\/cofre-altsuna\/\" \/>\n<meta property=\"og:site_name\" content=\"Relais Gourmet\" \/>\n<meta property=\"article:publisher\" content=\"https:\/\/facebook.com\/yoast\" \/>\n<meta property=\"article:modified_time\" content=\"2025-04-12T21:10:06+00:00\" \/>\n<meta property=\"og:image\" content=\"https:\/\/relaisgourmet.com\/wp-content\/uploads\/2024\/09\/coffret-3FG-200-1A-2.jpg\" \/>\n\t<meta property=\"og:image:width\" content=\"2500\" \/>\n\t<meta property=\"og:image:height\" content=\"1667\" \/>\n\t<meta property=\"og:image:type\" content=\"image\/jpeg\" \/>\n<meta name=\"twitter:card\" content=\"summary_large_image\" \/>\n<meta name=\"twitter:label1\" content=\"Tiempo de lectura\" \/>\n\t<meta name=\"twitter:data1\" content=\"3 minuto\" \/>\n<script type=\"application\/ld+json\" class=\"yoast-schema-graph\">{\"@context\":\"https:\/\/schema.org\",\"@graph\":[{\"@type\":\"WebPage\",\"@id\":\"https:\/\/relaisgourmet.com\/es\/producto\/cofre-altsuna\/\",\"url\":\"https:\/\/relaisgourmet.com\/es\/producto\/cofre-altsuna\/\",\"name\":\"Conjunto Altsuna - Foie Gras de calidad\",\"isPartOf\":{\"@id\":\"https:\/\/relaisgourmet.com\/es\/#website\"},\"primaryImageOfPage\":{\"@id\":\"https:\/\/relaisgourmet.com\/es\/producto\/cofre-altsuna\/#primaryimage\"},\"image\":{\"@id\":\"https:\/\/relaisgourmet.com\/es\/producto\/cofre-altsuna\/#primaryimage\"},\"thumbnailUrl\":\"https:\/\/relaisgourmet.com\/wp-content\/uploads\/2024\/09\/Altsuna.jpg\",\"datePublished\":\"2024-09-11T13:12:02+00:00\",\"dateModified\":\"2025-04-12T21:10:06+00:00\",\"description\":\"Conjunto Altsuna: tradici\u00f3n vasca y foie gras artesanal reunidos en un regalo elegante y sabroso.\",\"breadcrumb\":{\"@id\":\"https:\/\/relaisgourmet.com\/es\/producto\/cofre-altsuna\/#breadcrumb\"},\"inLanguage\":\"es\",\"potentialAction\":[{\"@type\":\"ReadAction\",\"target\":[\"https:\/\/relaisgourmet.com\/es\/producto\/cofre-altsuna\/\"]}]},{\"@type\":\"ImageObject\",\"inLanguage\":\"es\",\"@id\":\"https:\/\/relaisgourmet.com\/es\/producto\/cofre-altsuna\/#primaryimage\",\"url\":\"https:\/\/relaisgourmet.com\/wp-content\/uploads\/2024\/09\/Altsuna.jpg\",\"contentUrl\":\"https:\/\/relaisgourmet.com\/wp-content\/uploads\/2024\/09\/Altsuna.jpg\",\"width\":1427,\"height\":1427,\"caption\":\"photographe d'entreprise, corporate, packshot, CV pau bearn pays basque\"},{\"@type\":\"BreadcrumbList\",\"@id\":\"https:\/\/relaisgourmet.com\/es\/producto\/cofre-altsuna\/#breadcrumb\",\"itemListElement\":[{\"@type\":\"ListItem\",\"position\":1,\"name\":\"Inicio\",\"item\":\"https:\/\/relaisgourmet.com\/es\/\"},{\"@type\":\"ListItem\",\"position\":2,\"name\":\"Aut\u00e9ntico foie gras\",\"item\":\"https:\/\/relaisgourmet.com\/es\/autentico-foie-gras\/\"},{\"@type\":\"ListItem\",\"position\":3,\"name\":\"Conjunto Altsuna\"}]},{\"@type\":\"WebSite\",\"@id\":\"https:\/\/relaisgourmet.com\/es\/#website\",\"url\":\"https:\/\/relaisgourmet.com\/es\/\",\"name\":\"Relais Gourmet\",\"description\":\"Maison Gastronomique au Pays-Basque Depuis 2004\",\"publisher\":{\"@id\":\"https:\/\/relaisgourmet.com\/es\/#organization\"},\"potentialAction\":[{\"@type\":\"SearchAction\",\"target\":{\"@type\":\"EntryPoint\",\"urlTemplate\":\"https:\/\/relaisgourmet.com\/es\/?s={search_term_string}\"},\"query-input\":{\"@type\":\"PropertyValueSpecification\",\"valueRequired\":true,\"valueName\":\"search_term_string\"}}],\"inLanguage\":\"es\"},{\"@type\":\"Organization\",\"@id\":\"https:\/\/relaisgourmet.com\/es\/#organization\",\"name\":\"Relais Gourmet\",\"url\":\"https:\/\/relaisgourmet.com\/es\/\",\"logo\":{\"@type\":\"ImageObject\",\"inLanguage\":\"es\",\"@id\":\"https:\/\/relaisgourmet.com\/es\/#\/schema\/logo\/image\/\",\"url\":\"https:\/\/relaisgourmet.com\/wp-content\/uploads\/2024\/11\/Diseno-sin-titulo-8.jpg\",\"contentUrl\":\"https:\/\/relaisgourmet.com\/wp-content\/uploads\/2024\/11\/Diseno-sin-titulo-8.jpg\",\"width\":500,\"height\":500,\"caption\":\"Relais Gourmet\"},\"image\":{\"@id\":\"https:\/\/relaisgourmet.com\/es\/#\/schema\/logo\/image\/\"},\"sameAs\":[\"https:\/\/facebook.com\/yoast\",\"https:\/\/instagram.com\/yoast\"]}]}<\/script>\n<!-- \/ Yoast SEO Premium plugin. -->","yoast_head_json":{"title":"Conjunto Altsuna - Foie Gras de calidad","description":"Conjunto Altsuna: tradici\u00f3n vasca y foie gras artesanal reunidos en un regalo elegante y sabroso.","robots":{"index":"index","follow":"follow","max-snippet":"max-snippet:-1","max-image-preview":"max-image-preview:large","max-video-preview":"max-video-preview:-1"},"canonical":"https:\/\/relaisgourmet.com\/es\/producto\/cofre-altsuna\/","og_locale":"es_ES","og_type":"article","og_title":"Conjunto Altsuna","og_description":"Conjunto Altsuna: tradici\u00f3n vasca y foie gras artesanal reunidos en un regalo elegante y sabroso.","og_url":"https:\/\/relaisgourmet.com\/es\/producto\/cofre-altsuna\/","og_site_name":"Relais Gourmet","article_publisher":"https:\/\/facebook.com\/yoast","article_modified_time":"2025-04-12T21:10:06+00:00","og_image":[{"width":2500,"height":1667,"url":"https:\/\/relaisgourmet.com\/wp-content\/uploads\/2024\/09\/coffret-3FG-200-1A-2.jpg","type":"image\/jpeg"}],"twitter_card":"summary_large_image","twitter_misc":{"Tiempo de lectura":"3 minuto"},"schema":{"@context":"https:\/\/schema.org","@graph":[{"@type":"WebPage","@id":"https:\/\/relaisgourmet.com\/es\/producto\/cofre-altsuna\/","url":"https:\/\/relaisgourmet.com\/es\/producto\/cofre-altsuna\/","name":"Conjunto Altsuna - Foie Gras de calidad","isPartOf":{"@id":"https:\/\/relaisgourmet.com\/es\/#website"},"primaryImageOfPage":{"@id":"https:\/\/relaisgourmet.com\/es\/producto\/cofre-altsuna\/#primaryimage"},"image":{"@id":"https:\/\/relaisgourmet.com\/es\/producto\/cofre-altsuna\/#primaryimage"},"thumbnailUrl":"https:\/\/relaisgourmet.com\/wp-content\/uploads\/2024\/09\/Altsuna.jpg","datePublished":"2024-09-11T13:12:02+00:00","dateModified":"2025-04-12T21:10:06+00:00","description":"Conjunto Altsuna: tradici\u00f3n vasca y foie gras artesanal reunidos en un regalo elegante y sabroso.","breadcrumb":{"@id":"https:\/\/relaisgourmet.com\/es\/producto\/cofre-altsuna\/#breadcrumb"},"inLanguage":"es","potentialAction":[{"@type":"ReadAction","target":["https:\/\/relaisgourmet.com\/es\/producto\/cofre-altsuna\/"]}]},{"@type":"ImageObject","inLanguage":"es","@id":"https:\/\/relaisgourmet.com\/es\/producto\/cofre-altsuna\/#primaryimage","url":"https:\/\/relaisgourmet.com\/wp-content\/uploads\/2024\/09\/Altsuna.jpg","contentUrl":"https:\/\/relaisgourmet.com\/wp-content\/uploads\/2024\/09\/Altsuna.jpg","width":1427,"height":1427,"caption":"photographe d'entreprise, corporate, packshot, CV pau bearn pays basque"},{"@type":"BreadcrumbList","@id":"https:\/\/relaisgourmet.com\/es\/producto\/cofre-altsuna\/#breadcrumb","itemListElement":[{"@type":"ListItem","position":1,"name":"Inicio","item":"https:\/\/relaisgourmet.com\/es\/"},{"@type":"ListItem","position":2,"name":"Aut\u00e9ntico foie gras","item":"https:\/\/relaisgourmet.com\/es\/autentico-foie-gras\/"},{"@type":"ListItem","position":3,"name":"Conjunto Altsuna"}]},{"@type":"WebSite","@id":"https:\/\/relaisgourmet.com\/es\/#website","url":"https:\/\/relaisgourmet.com\/es\/","name":"Relais Gourmet","description":"Maison Gastronomique au Pays-Basque Depuis 2004","publisher":{"@id":"https:\/\/relaisgourmet.com\/es\/#organization"},"potentialAction":[{"@type":"SearchAction","target":{"@type":"EntryPoint","urlTemplate":"https:\/\/relaisgourmet.com\/es\/?s={search_term_string}"},"query-input":{"@type":"PropertyValueSpecification","valueRequired":true,"valueName":"search_term_string"}}],"inLanguage":"es"},{"@type":"Organization","@id":"https:\/\/relaisgourmet.com\/es\/#organization","name":"Relais Gourmet","url":"https:\/\/relaisgourmet.com\/es\/","logo":{"@type":"ImageObject","inLanguage":"es","@id":"https:\/\/relaisgourmet.com\/es\/#\/schema\/logo\/image\/","url":"https:\/\/relaisgourmet.com\/wp-content\/uploads\/2024\/11\/Diseno-sin-titulo-8.jpg","contentUrl":"https:\/\/relaisgourmet.com\/wp-content\/uploads\/2024\/11\/Diseno-sin-titulo-8.jpg","width":500,"height":500,"caption":"Relais Gourmet"},"image":{"@id":"https:\/\/relaisgourmet.com\/es\/#\/schema\/logo\/image\/"},"sameAs":["https:\/\/facebook.com\/yoast","https:\/\/instagram.com\/yoast"]}]}},"_links":{"self":[{"href":"https:\/\/relaisgourmet.com\/es\/wp-json\/wp\/v2\/product\/46994","targetHints":{"allow":["GET"]}}],"collection":[{"href":"https:\/\/relaisgourmet.com\/es\/wp-json\/wp\/v2\/product"}],"about":[{"href":"https:\/\/relaisgourmet.com\/es\/wp-json\/wp\/v2\/types\/product"}],"replies":[{"embeddable":true,"href":"https:\/\/relaisgourmet.com\/es\/wp-json\/wp\/v2\/comments?post=46994"}],"version-history":[{"count":5,"href":"https:\/\/relaisgourmet.com\/es\/wp-json\/wp\/v2\/product\/46994\/revisions"}],"predecessor-version":[{"id":55203,"href":"https:\/\/relaisgourmet.com\/es\/wp-json\/wp\/v2\/product\/46994\/revisions\/55203"}],"wp:featuredmedia":[{"embeddable":true,"href":"https:\/\/relaisgourmet.com\/es\/wp-json\/wp\/v2\/media\/58798"}],"wp:attachment":[{"href":"https:\/\/relaisgourmet.com\/es\/wp-json\/wp\/v2\/media?parent=46994"}],"wp:term":[{"taxonomy":"product_brand","embeddable":true,"href":"https:\/\/relaisgourmet.com\/es\/wp-json\/wp\/v2\/product_brand?post=46994"},{"taxonomy":"product_cat","embeddable":true,"href":"https:\/\/relaisgourmet.com\/es\/wp-json\/wp\/v2\/product_cat?post=46994"},{"taxonomy":"product_tag","embeddable":true,"href":"https:\/\/relaisgourmet.com\/es\/wp-json\/wp\/v2\/product_tag?post=46994"},{"taxonomy":"giftcard-category","embeddable":true,"href":"https:\/\/relaisgourmet.com\/es\/wp-json\/wp\/v2\/giftcard-category?post=46994"}],"curies":[{"name":"wp","href":"https:\/\/api.w.org\/{rel}","templated":true}]}}