{"id":46962,"date":"2024-09-12T11:13:30","date_gmt":"2024-09-12T09:13:30","guid":{"rendered":"https:\/\/relaisgourmet.com\/produit\/coffret-gaztelu\/"},"modified":"2025-04-12T23:10:06","modified_gmt":"2025-04-12T21:10:06","slug":"cofre-gourmet-gaztelu","status":"publish","type":"product","link":"https:\/\/relaisgourmet.com\/es\/producto\/cofre-gourmet-gaztelu\/","title":{"rendered":"Caja de Gaztelu"},"content":{"rendered":"<h4><strong>Descubre el set de regalo Gaztelu: la mezcla perfecta de refinamiento y autenticidad<\/strong><\/h4>\n<p><span style=\"font-weight: 400;\">El <\/span><b>Estuche Gaztelu<\/b><span style=\"font-weight: 400;\"> es una invitaci\u00f3n a descubrir la excelencia de Relais Gourmet a trav\u00e9s de una selecci\u00f3n de productos excepcionales. <\/span> <\/p>\n<p><span style=\"font-weight: 400;\">Esta caja gourmet es la elecci\u00f3n perfecta para todos tus deseos gourmet.<\/span><\/p>\n<p><span style=\"font-weight: 400;\">Ofrece o recibe el <\/span><b>Set de regalo Gaztelu<\/b><span style=\"font-weight: 400;\"> es siempre sin\u00f3nimo de placer y de momentos gourmet inolvidables. <\/span> <\/p>\n<p><span style=\"font-weight: 400;\">La <b>Caja de Gaztelu<\/b> destaca no s\u00f3lo por su calidad, sino tambi\u00e9n por su compromiso de ofrecer productos naturales y aut\u00e9nticos. <\/span><\/p>\n<p>Se garantiza que la caja Gaztelu<b> no contiene conservantes, colorantes ni aditivos.<\/b><\/p>\n<p>&nbsp;<\/p>\n<h4><b>Composici\u00f3n:  <\/b><\/h4>\n<ul>\n<li style=\"font-weight: 400;\" aria-level=\"1\"><b>Foie Gras Natural Entero (200 g)<\/b><span style=\"font-weight: 400;\"> Un producto tradicional y refinado, ideal para todos los amantes del Foie Gras.<\/span><\/li>\n<li style=\"font-weight: 400;\" aria-level=\"1\"><b>Foie Gras Entero con Pimienta de Espelette (180 g)<\/b><span style=\"font-weight: 400;\"> Para los amantes de las sensaciones picantes.<\/span><\/li>\n<li style=\"font-weight: 400;\" aria-level=\"1\"><b>Foie Gras Entero al Sauternes (200 g)<\/b><span style=\"font-weight: 400;\"> Un toque delicado y sutil.<\/span><\/li>\n<li style=\"font-weight: 400;\" aria-level=\"1\"><b>Foie gras entero al Armagnac (200 g)<\/b><span style=\"font-weight: 400;\"> Un maridaje perfecto entre la riqueza del foie gras y las sutiles notas del Armagnac.<\/span><\/li>\n<li style=\"font-weight: 400;\" aria-level=\"1\"><b>Botella de champ\u00e1n (750 ml)<\/b><span style=\"font-weight: 400;\">  Una botella de champ\u00e1n: esta caja no est\u00e1 completa sin una botella de champ\u00e1n. Elegimos esta cuv\u00e9e especial para acompa\u00f1ar los sabores del foie gras.<\/span><\/li>\n<\/ul>\n<p>&nbsp;<\/p>\n<h4><b>Consejos de conservaci\u00f3n y degustaci\u00f3n:<\/b><\/h4>\n<p><span style=\"font-weight: 400;\">El <\/span><b>Caja Gaztelu<\/b><span style=\"font-weight: 400;\"> puede conservarse hasta 3 a\u00f1os a temperatura ambiente, lo que la convierte en un regalo duradero para cualquier ocasi\u00f3n. <\/span> <\/p>\n<p><span style=\"font-weight: 400;\">Una vez abiertos, aseg\u00farate de consumirlos en un plazo de 15 d\u00edas y mantenerlos refrigerados para garantizar su frescura.<\/span><\/p>\n<p><b>Consejos para sacar el m\u00e1ximo partido a tu Gaztelu Box:<\/b><\/p>\n<p><span style=\"font-weight: 400;\">Relais Gourmet te ofrece valiosos consejos y sugerencias en la secci\u00f3n <a href=\"https:\/\/relaisgourmet.com\/blog-foies-gras-actualite\/\">Blog<\/a>.  <\/span><\/p>\n<p><span style=\"font-weight: 400;\">Encontrar\u00e1s ideas inspiradoras para que cada producto destaque.<\/span><\/p>\n<p><span style=\"font-weight: 400;\">El <\/span><b>Caja regalo Gaztelu<\/b><span style=\"font-weight: 400;\"> es el regalo perfecto para los amantes de la gastronom\u00eda, ya sea para una celebraci\u00f3n especial, una comida familiar o un evento empresarial. <\/span> <\/p>\n<p><span style=\"font-weight: 400;\">Y no olvides seguir a <strong>Relais Gourmet<\/strong> en <a href=\"https:\/\/www.instagram.com\/relaisgourmetofficiel\/\">Instagram,<\/a> para obtener m\u00e1s ideas sobre c\u00f3mo utilizar nuestros productos e informaci\u00f3n exclusiva sobre nuestros \u00faltimos lanzamientos gastron\u00f3micos.<\/span><\/p>\n","protected":false},"excerpt":{"rendered":"<p>Descubre el <b>Set de Regalo Gaztelu<\/b> de Relais Gourmet, una refinada selecci\u00f3n para realzar todos tus momentos gourmet. Perfecta para un aperitivo con amigos, una escapada gastron\u00f3mica o un placer para compartir, \u00a1esta caja es una idea de regalo ideal o una deliciosa invitaci\u00f3n a darse un capricho en cualquier momento!<\/p>\n<p><img decoding=\"async\" class=\"emoji\" role=\"img\" src=\"https:\/\/s.w.org\/images\/core\/emoji\/15.0.3\/svg\/1f1eb-1f1f7.svg\" alt=\"\ud83c\uddeb\ud83c\uddf7\">  Producci\u00f3n 100% francesa garantizada<br \/>\n\u2714 Garantizado sin conservantes, aditivos ni colorantes.<br \/>\n\ud83c\udf43 Patos alimentados con ma\u00edz amarillo<br \/>\n\ud83d\ude9a Entrega r\u00e1pida en todo el mundo<br \/>\n\ud83d\udd53 Se conserva 3 a\u00f1os<br \/>\n\ud83d\udd10 Pago seguro<\/p>\n<div>\n<p>Peso neto: 1,53 kg<\/p>\n<p>&nbsp;<\/p>\n<\/div>\n","protected":false},"featured_media":58793,"comment_status":"closed","ping_status":"closed","template":"","meta":[],"product_brand":[],"product_cat":[1276,1288,1281],"product_tag":[],"giftcard-category":[],"class_list":{"0":"post-46962","1":"product","2":"type-product","3":"status-publish","4":"has-post-thumbnail","6":"product_cat-cesta-de-regalo","7":"product_cat-regalos-de-empresa","8":"product_cat-regalos-de-prestigio","9":"product_shipping_class-standard-es","11":"first","12":"instock","13":"taxable","14":"shipping-taxable","15":"purchasable","16":"product-type-simple"},"yoast_head":"<!-- This site is optimized with the Yoast SEO Premium plugin v27.0 (Yoast SEO v27.3) - https:\/\/yoast.com\/product\/yoast-seo-premium-wordpress\/ -->\n<title>Caja de Gaztelu - Sorpresa gourmet<\/title>\n<meta name=\"description\" content=\"Caja Gaztelu: delicias locales y foie gras se combinan en esta propuesta ideal para ocasiones especiales.\" \/>\n<meta name=\"robots\" content=\"index, follow, max-snippet:-1, max-image-preview:large, max-video-preview:-1\" \/>\n<link rel=\"canonical\" href=\"https:\/\/relaisgourmet.com\/es\/producto\/cofre-gourmet-gaztelu\/\" \/>\n<meta property=\"og:locale\" content=\"es_ES\" \/>\n<meta property=\"og:type\" content=\"article\" \/>\n<meta property=\"og:title\" content=\"Caja de Gaztelu\" \/>\n<meta property=\"og:description\" content=\"Caja Gaztelu: delicias locales y foie gras se combinan en esta propuesta ideal para ocasiones especiales.\" \/>\n<meta property=\"og:url\" content=\"https:\/\/relaisgourmet.com\/es\/producto\/cofre-gourmet-gaztelu\/\" \/>\n<meta property=\"og:site_name\" content=\"Relais Gourmet\" \/>\n<meta property=\"article:publisher\" content=\"https:\/\/facebook.com\/yoast\" \/>\n<meta property=\"article:modified_time\" content=\"2025-04-12T21:10:06+00:00\" \/>\n<meta property=\"og:image\" content=\"https:\/\/relaisgourmet.com\/wp-content\/uploads\/2024\/09\/coffret-4FG-au-choix-champagne-1.jpg\" \/>\n\t<meta property=\"og:image:width\" content=\"2500\" \/>\n\t<meta property=\"og:image:height\" content=\"1667\" \/>\n\t<meta property=\"og:image:type\" content=\"image\/jpeg\" \/>\n<meta name=\"twitter:card\" content=\"summary_large_image\" \/>\n<meta name=\"twitter:label1\" content=\"Tiempo de lectura\" \/>\n\t<meta name=\"twitter:data1\" content=\"3 minuto\" \/>\n<script type=\"application\/ld+json\" class=\"yoast-schema-graph\">{\"@context\":\"https:\\\/\\\/schema.org\",\"@graph\":[{\"@type\":\"WebPage\",\"@id\":\"https:\\\/\\\/relaisgourmet.com\\\/es\\\/producto\\\/cofre-gourmet-gaztelu\\\/\",\"url\":\"https:\\\/\\\/relaisgourmet.com\\\/es\\\/producto\\\/cofre-gourmet-gaztelu\\\/\",\"name\":\"Caja de Gaztelu - Sorpresa gourmet\",\"isPartOf\":{\"@id\":\"https:\\\/\\\/relaisgourmet.com\\\/es\\\/#website\"},\"primaryImageOfPage\":{\"@id\":\"https:\\\/\\\/relaisgourmet.com\\\/es\\\/producto\\\/cofre-gourmet-gaztelu\\\/#primaryimage\"},\"image\":{\"@id\":\"https:\\\/\\\/relaisgourmet.com\\\/es\\\/producto\\\/cofre-gourmet-gaztelu\\\/#primaryimage\"},\"thumbnailUrl\":\"https:\\\/\\\/relaisgourmet.com\\\/wp-content\\\/uploads\\\/2024\\\/09\\\/Gaztelu.jpg\",\"datePublished\":\"2024-09-12T09:13:30+00:00\",\"dateModified\":\"2025-04-12T21:10:06+00:00\",\"description\":\"Caja Gaztelu: delicias locales y foie gras se combinan en esta propuesta ideal para ocasiones especiales.\",\"breadcrumb\":{\"@id\":\"https:\\\/\\\/relaisgourmet.com\\\/es\\\/producto\\\/cofre-gourmet-gaztelu\\\/#breadcrumb\"},\"inLanguage\":\"es\",\"potentialAction\":[{\"@type\":\"ReadAction\",\"target\":[\"https:\\\/\\\/relaisgourmet.com\\\/es\\\/producto\\\/cofre-gourmet-gaztelu\\\/\"]}]},{\"@type\":\"ImageObject\",\"inLanguage\":\"es\",\"@id\":\"https:\\\/\\\/relaisgourmet.com\\\/es\\\/producto\\\/cofre-gourmet-gaztelu\\\/#primaryimage\",\"url\":\"https:\\\/\\\/relaisgourmet.com\\\/wp-content\\\/uploads\\\/2024\\\/09\\\/Gaztelu.jpg\",\"contentUrl\":\"https:\\\/\\\/relaisgourmet.com\\\/wp-content\\\/uploads\\\/2024\\\/09\\\/Gaztelu.jpg\",\"width\":1427,\"height\":1427,\"caption\":\"photographe d'entreprise, corporate, packshot, CV pau bearn pays basque\"},{\"@type\":\"BreadcrumbList\",\"@id\":\"https:\\\/\\\/relaisgourmet.com\\\/es\\\/producto\\\/cofre-gourmet-gaztelu\\\/#breadcrumb\",\"itemListElement\":[{\"@type\":\"ListItem\",\"position\":1,\"name\":\"Inicio\",\"item\":\"https:\\\/\\\/relaisgourmet.com\\\/es\\\/\"},{\"@type\":\"ListItem\",\"position\":2,\"name\":\"Aut\u00e9ntico foie gras\",\"item\":\"https:\\\/\\\/relaisgourmet.com\\\/es\\\/autentico-foie-gras\\\/\"},{\"@type\":\"ListItem\",\"position\":3,\"name\":\"Caja de Gaztelu\"}]},{\"@type\":\"WebSite\",\"@id\":\"https:\\\/\\\/relaisgourmet.com\\\/es\\\/#website\",\"url\":\"https:\\\/\\\/relaisgourmet.com\\\/es\\\/\",\"name\":\"Relais Gourmet\",\"description\":\"Maison Gastronomique au Pays-Basque Depuis 2004\",\"publisher\":{\"@id\":\"https:\\\/\\\/relaisgourmet.com\\\/es\\\/#organization\"},\"potentialAction\":[{\"@type\":\"SearchAction\",\"target\":{\"@type\":\"EntryPoint\",\"urlTemplate\":\"https:\\\/\\\/relaisgourmet.com\\\/es\\\/?s={search_term_string}\"},\"query-input\":{\"@type\":\"PropertyValueSpecification\",\"valueRequired\":true,\"valueName\":\"search_term_string\"}}],\"inLanguage\":\"es\"},{\"@type\":\"Organization\",\"@id\":\"https:\\\/\\\/relaisgourmet.com\\\/es\\\/#organization\",\"name\":\"Relais Gourmet\",\"url\":\"https:\\\/\\\/relaisgourmet.com\\\/es\\\/\",\"logo\":{\"@type\":\"ImageObject\",\"inLanguage\":\"es\",\"@id\":\"https:\\\/\\\/relaisgourmet.com\\\/es\\\/#\\\/schema\\\/logo\\\/image\\\/\",\"url\":\"https:\\\/\\\/relaisgourmet.com\\\/wp-content\\\/uploads\\\/2024\\\/11\\\/Diseno-sin-titulo-8.jpg\",\"contentUrl\":\"https:\\\/\\\/relaisgourmet.com\\\/wp-content\\\/uploads\\\/2024\\\/11\\\/Diseno-sin-titulo-8.jpg\",\"width\":500,\"height\":500,\"caption\":\"Relais Gourmet\"},\"image\":{\"@id\":\"https:\\\/\\\/relaisgourmet.com\\\/es\\\/#\\\/schema\\\/logo\\\/image\\\/\"},\"sameAs\":[\"https:\\\/\\\/facebook.com\\\/yoast\",\"https:\\\/\\\/instagram.com\\\/yoast\"]}]}<\/script>\n<!-- \/ Yoast SEO Premium plugin. -->","yoast_head_json":{"title":"Caja de Gaztelu - Sorpresa gourmet","description":"Caja Gaztelu: delicias locales y foie gras se combinan en esta propuesta ideal para ocasiones especiales.","robots":{"index":"index","follow":"follow","max-snippet":"max-snippet:-1","max-image-preview":"max-image-preview:large","max-video-preview":"max-video-preview:-1"},"canonical":"https:\/\/relaisgourmet.com\/es\/producto\/cofre-gourmet-gaztelu\/","og_locale":"es_ES","og_type":"article","og_title":"Caja de Gaztelu","og_description":"Caja Gaztelu: delicias locales y foie gras se combinan en esta propuesta ideal para ocasiones especiales.","og_url":"https:\/\/relaisgourmet.com\/es\/producto\/cofre-gourmet-gaztelu\/","og_site_name":"Relais Gourmet","article_publisher":"https:\/\/facebook.com\/yoast","article_modified_time":"2025-04-12T21:10:06+00:00","og_image":[{"width":2500,"height":1667,"url":"https:\/\/relaisgourmet.com\/wp-content\/uploads\/2024\/09\/coffret-4FG-au-choix-champagne-1.jpg","type":"image\/jpeg"}],"twitter_card":"summary_large_image","twitter_misc":{"Tiempo de lectura":"3 minuto"},"schema":{"@context":"https:\/\/schema.org","@graph":[{"@type":"WebPage","@id":"https:\/\/relaisgourmet.com\/es\/producto\/cofre-gourmet-gaztelu\/","url":"https:\/\/relaisgourmet.com\/es\/producto\/cofre-gourmet-gaztelu\/","name":"Caja de Gaztelu - Sorpresa gourmet","isPartOf":{"@id":"https:\/\/relaisgourmet.com\/es\/#website"},"primaryImageOfPage":{"@id":"https:\/\/relaisgourmet.com\/es\/producto\/cofre-gourmet-gaztelu\/#primaryimage"},"image":{"@id":"https:\/\/relaisgourmet.com\/es\/producto\/cofre-gourmet-gaztelu\/#primaryimage"},"thumbnailUrl":"https:\/\/relaisgourmet.com\/wp-content\/uploads\/2024\/09\/Gaztelu.jpg","datePublished":"2024-09-12T09:13:30+00:00","dateModified":"2025-04-12T21:10:06+00:00","description":"Caja Gaztelu: delicias locales y foie gras se combinan en esta propuesta ideal para ocasiones especiales.","breadcrumb":{"@id":"https:\/\/relaisgourmet.com\/es\/producto\/cofre-gourmet-gaztelu\/#breadcrumb"},"inLanguage":"es","potentialAction":[{"@type":"ReadAction","target":["https:\/\/relaisgourmet.com\/es\/producto\/cofre-gourmet-gaztelu\/"]}]},{"@type":"ImageObject","inLanguage":"es","@id":"https:\/\/relaisgourmet.com\/es\/producto\/cofre-gourmet-gaztelu\/#primaryimage","url":"https:\/\/relaisgourmet.com\/wp-content\/uploads\/2024\/09\/Gaztelu.jpg","contentUrl":"https:\/\/relaisgourmet.com\/wp-content\/uploads\/2024\/09\/Gaztelu.jpg","width":1427,"height":1427,"caption":"photographe d'entreprise, corporate, packshot, CV pau bearn pays basque"},{"@type":"BreadcrumbList","@id":"https:\/\/relaisgourmet.com\/es\/producto\/cofre-gourmet-gaztelu\/#breadcrumb","itemListElement":[{"@type":"ListItem","position":1,"name":"Inicio","item":"https:\/\/relaisgourmet.com\/es\/"},{"@type":"ListItem","position":2,"name":"Aut\u00e9ntico foie gras","item":"https:\/\/relaisgourmet.com\/es\/autentico-foie-gras\/"},{"@type":"ListItem","position":3,"name":"Caja de Gaztelu"}]},{"@type":"WebSite","@id":"https:\/\/relaisgourmet.com\/es\/#website","url":"https:\/\/relaisgourmet.com\/es\/","name":"Relais Gourmet","description":"Maison Gastronomique au Pays-Basque Depuis 2004","publisher":{"@id":"https:\/\/relaisgourmet.com\/es\/#organization"},"potentialAction":[{"@type":"SearchAction","target":{"@type":"EntryPoint","urlTemplate":"https:\/\/relaisgourmet.com\/es\/?s={search_term_string}"},"query-input":{"@type":"PropertyValueSpecification","valueRequired":true,"valueName":"search_term_string"}}],"inLanguage":"es"},{"@type":"Organization","@id":"https:\/\/relaisgourmet.com\/es\/#organization","name":"Relais Gourmet","url":"https:\/\/relaisgourmet.com\/es\/","logo":{"@type":"ImageObject","inLanguage":"es","@id":"https:\/\/relaisgourmet.com\/es\/#\/schema\/logo\/image\/","url":"https:\/\/relaisgourmet.com\/wp-content\/uploads\/2024\/11\/Diseno-sin-titulo-8.jpg","contentUrl":"https:\/\/relaisgourmet.com\/wp-content\/uploads\/2024\/11\/Diseno-sin-titulo-8.jpg","width":500,"height":500,"caption":"Relais Gourmet"},"image":{"@id":"https:\/\/relaisgourmet.com\/es\/#\/schema\/logo\/image\/"},"sameAs":["https:\/\/facebook.com\/yoast","https:\/\/instagram.com\/yoast"]}]}},"_links":{"self":[{"href":"https:\/\/relaisgourmet.com\/es\/wp-json\/wp\/v2\/product\/46962","targetHints":{"allow":["GET"]}}],"collection":[{"href":"https:\/\/relaisgourmet.com\/es\/wp-json\/wp\/v2\/product"}],"about":[{"href":"https:\/\/relaisgourmet.com\/es\/wp-json\/wp\/v2\/types\/product"}],"replies":[{"embeddable":true,"href":"https:\/\/relaisgourmet.com\/es\/wp-json\/wp\/v2\/comments?post=46962"}],"version-history":[{"count":6,"href":"https:\/\/relaisgourmet.com\/es\/wp-json\/wp\/v2\/product\/46962\/revisions"}],"predecessor-version":[{"id":55212,"href":"https:\/\/relaisgourmet.com\/es\/wp-json\/wp\/v2\/product\/46962\/revisions\/55212"}],"wp:featuredmedia":[{"embeddable":true,"href":"https:\/\/relaisgourmet.com\/es\/wp-json\/wp\/v2\/media\/58793"}],"wp:attachment":[{"href":"https:\/\/relaisgourmet.com\/es\/wp-json\/wp\/v2\/media?parent=46962"}],"wp:term":[{"taxonomy":"product_brand","embeddable":true,"href":"https:\/\/relaisgourmet.com\/es\/wp-json\/wp\/v2\/product_brand?post=46962"},{"taxonomy":"product_cat","embeddable":true,"href":"https:\/\/relaisgourmet.com\/es\/wp-json\/wp\/v2\/product_cat?post=46962"},{"taxonomy":"product_tag","embeddable":true,"href":"https:\/\/relaisgourmet.com\/es\/wp-json\/wp\/v2\/product_tag?post=46962"},{"taxonomy":"giftcard-category","embeddable":true,"href":"https:\/\/relaisgourmet.com\/es\/wp-json\/wp\/v2\/giftcard-category?post=46962"}],"curies":[{"name":"wp","href":"https:\/\/api.w.org\/{rel}","templated":true}]}}