{"id":46608,"date":"2024-09-12T11:51:19","date_gmt":"2024-09-12T09:51:19","guid":{"rendered":"https:\/\/relaisgourmet.com\/produit\/coffret-larroun\/"},"modified":"2025-04-12T23:10:06","modified_gmt":"2025-04-12T21:10:06","slug":"cofre-larroun","status":"publish","type":"product","link":"https:\/\/relaisgourmet.com\/es\/producto\/cofre-larroun\/","title":{"rendered":"Caja Larroun"},"content":{"rendered":"<h4><b>Descubre el Estuche Regalo Larroun: la esencia del Foie Gras<\/b><\/h4>\n<p><span style=\"font-weight: 400;\">El <strong>Estuche Regalo Larroun<\/strong> es una invitaci\u00f3n a descubrir los sabores \u00fanicos de <strong>Relais Gourmet<\/strong>. Dise\u00f1ada para realzar tus aperitivos o momentos gourmet en cualquier estaci\u00f3n, esta caja es la idea de regalo ideal para los amantes de la buena mesa. Cada producto de esta caja se prepara cuidadosamente, garantizando una calidad impecable.<\/span><\/p>\n<p><strong>Sin conservantes, colorantes ni aditivos.<\/strong><\/p>\n<h4><b>Composici\u00f3n:<\/b><\/h4>\n<ul>\n<li><b>Foie Gras Entero con Pimienta de Espelette<\/b><span style=\"font-weight: 400;\"> (80 g): un toque picante y vasco.<\/span><\/li>\n<li><b>Foie gras natural entero<\/b><span style=\"font-weight: 400;\"> (80 g): la esencia pura del foie gras.<\/span><\/li>\n<li><b>Foie Gras entero al Armagnac<\/b><span style=\"font-weight: 400;\"> (80 g): un cl\u00e1sico para paladares refinados.<\/span><\/li>\n<li><b>Foie Gras entero con higos<\/b><span style=\"font-weight: 400;\"> (80 g): una combinaci\u00f3n perfecta de dulce y salado.<\/span><\/li>\n<li><b>Foie Gras entero al Oporto<\/b><span style=\"font-weight: 400;\"> (80 g): un maridaje sutil con este vino dulce.<\/span><\/li>\n<li><b>Foie Gras entero con lim\u00f3n confitado<\/b><span style=\"font-weight: 400;\"> (80 g): una nota \u00e1cida y refrescante.<\/span><\/li>\n<li><b>Aperitivo Gourmet con Juran\u00e7on<\/b><span style=\"font-weight: 400;\"> (180 g): la forma perfecta de disfrutar juntos de una comida.<\/span><\/li>\n<\/ul>\n<p>&nbsp;<\/p>\n<h4><b>Consejos de conservaci\u00f3n y degustaci\u00f3n :<\/b><\/h4>\n<p><span style=\"font-weight: 400;\">La <\/span><b>Caja Larroun <\/b> <span style=\"font-weight: 400;\">tiene una larga vida \u00fatil de 3 a\u00f1os a temperatura ambiente. Una vez abiertos, los productos deben consumirse en un plazo de 15 d\u00edas y mantenerse refrigerados para conservar su frescura y sabor.<\/span><\/p>\n<p><b>Consejos para disfrutar plenamente de tu Coffret Larroun<\/b><\/p>\n<p><span style=\"font-weight: 400;\">Para aprovechar al m\u00e1ximo <\/span><b>Set de regalo Larroun<\/b><span style=\"font-weight: 400;\">descubre nuestros <\/span><b>consejos de preparaci\u00f3n<\/b><span style=\"font-weight: 400;\"> en nuestra secci\u00f3n <a href=\"https:\/\/relaisgourmet.com\/blog-foies-gras-actualite\/\">Blog<\/a>. <\/span> <\/p>\n<p><span style=\"font-weight: 400;\">Sigue nuestra p\u00e1gina de <a href=\"https:\/\/www.instagram.com\/relaisgourmetofficiel\/\">Instagram<\/a> para obtener inspiraci\u00f3n y consejos exclusivos.<\/span><\/p>\n<h4><b>El regalo gastron\u00f3mico ideal<\/b><\/h4>\n<p><span style=\"font-weight: 400;\">Ofrece el <\/span><b>Set de Regalo Larroun<\/b><span style=\"font-weight: 400;\"> es la garant\u00eda de sorprender a tus seres queridos con una refinada selecci\u00f3n de productos gourmet.<\/span><\/p>\n<p><span style=\"font-weight: 400;\">Este set es perfecto para los amantes del foie gras y la buena mesa.<\/span><\/p>\n<p><span style=\"font-weight: 400;\">Al elegir el <\/span><b>Set de regalo Larroun<\/b><span style=\"font-weight: 400;\">Con Relais Gourmet, optas por la autenticidad y la experiencia de Relais Gourmet, especialistas en Foie Gras sin conservantes, aditivos ni colorantes. \u00a1Date un capricho a ti mismo o a otros con esta exclusiva selecci\u00f3n!<\/span><\/p>\n","protected":false},"excerpt":{"rendered":"<p>Descubre el Estuche de Regalo Larroun de Relais Gourmet, ideal para todas tus ocasiones, ya sea un aperitivo de convivencia o un momento gourmet para compartir. \u00a1Perfecto como regalo o capricho!<\/p>\n<p><img decoding=\"async\" class=\"emoji\" role=\"img\" src=\"https:\/\/s.w.org\/images\/core\/emoji\/15.0.3\/svg\/1f1eb-1f1f7.svg\" alt=\"\ud83c\uddeb\ud83c\uddf7\">  Producci\u00f3n 100% francesa garantizada<br \/>\n\u2714 Garantizado sin conservantes, aditivos ni colorantes.<br \/>\n\ud83c\udf43 Patos alimentados con ma\u00edz amarillo<br \/>\n\ud83d\ude9a Entrega r\u00e1pida en todo el mundo<br \/>\n\ud83d\udd53 Se conserva 3 a\u00f1os<br \/>\n\ud83d\udd10 Pago seguro<\/p>\n<div class=\"woocommerce-product-details__short-description\">\n<p>Peso neto: 660 g<\/p>\n<\/div>\n","protected":false},"featured_media":58788,"comment_status":"closed","ping_status":"closed","template":"","meta":[],"product_brand":[],"product_cat":[1276,1281],"product_tag":[],"giftcard-category":[],"class_list":{"0":"post-46608","1":"product","2":"type-product","3":"status-publish","4":"has-post-thumbnail","6":"product_cat-cesta-de-regalo","7":"product_cat-regalos-de-prestigio","8":"product_shipping_class-standard-es","10":"first","11":"instock","12":"taxable","13":"shipping-taxable","14":"purchasable","15":"product-type-simple"},"yoast_head":"<!-- This site is optimized with the Yoast SEO Premium plugin v27.0 (Yoast SEO v27.3) - https:\/\/yoast.com\/product\/yoast-seo-premium-wordpress\/ -->\n<title>Caja Larroun - Descubre el sabor vasco<\/title>\n<meta name=\"description\" content=\"Caja Larroun: todo el sabor del sur de Francia reunido en una cesta con foie gras y especialidades artesanales.\" \/>\n<meta name=\"robots\" content=\"index, follow, max-snippet:-1, max-image-preview:large, max-video-preview:-1\" \/>\n<link rel=\"canonical\" href=\"https:\/\/relaisgourmet.com\/es\/producto\/cofre-larroun\/\" \/>\n<meta property=\"og:locale\" content=\"es_ES\" \/>\n<meta property=\"og:type\" content=\"article\" \/>\n<meta property=\"og:title\" content=\"Caja Larroun\" \/>\n<meta property=\"og:description\" content=\"Caja Larroun: todo el sabor del sur de Francia reunido en una cesta con foie gras y especialidades artesanales.\" \/>\n<meta property=\"og:url\" content=\"https:\/\/relaisgourmet.com\/es\/producto\/cofre-larroun\/\" \/>\n<meta property=\"og:site_name\" content=\"Relais Gourmet\" \/>\n<meta property=\"article:publisher\" content=\"https:\/\/facebook.com\/yoast\" \/>\n<meta property=\"article:modified_time\" content=\"2025-04-12T21:10:06+00:00\" \/>\n<meta property=\"og:image\" content=\"https:\/\/relaisgourmet.com\/wp-content\/uploads\/2024\/09\/coffret-6FG-80-1A-1.jpg\" \/>\n\t<meta property=\"og:image:width\" content=\"2500\" \/>\n\t<meta property=\"og:image:height\" content=\"1667\" \/>\n\t<meta property=\"og:image:type\" content=\"image\/jpeg\" \/>\n<meta name=\"twitter:card\" content=\"summary_large_image\" \/>\n<meta name=\"twitter:label1\" content=\"Tiempo de lectura\" \/>\n\t<meta name=\"twitter:data1\" content=\"3 minuto\" \/>\n<script type=\"application\/ld+json\" class=\"yoast-schema-graph\">{\"@context\":\"https:\\\/\\\/schema.org\",\"@graph\":[{\"@type\":\"WebPage\",\"@id\":\"https:\\\/\\\/relaisgourmet.com\\\/es\\\/producto\\\/cofre-larroun\\\/\",\"url\":\"https:\\\/\\\/relaisgourmet.com\\\/es\\\/producto\\\/cofre-larroun\\\/\",\"name\":\"Caja Larroun - Descubre el sabor vasco\",\"isPartOf\":{\"@id\":\"https:\\\/\\\/relaisgourmet.com\\\/es\\\/#website\"},\"primaryImageOfPage\":{\"@id\":\"https:\\\/\\\/relaisgourmet.com\\\/es\\\/producto\\\/cofre-larroun\\\/#primaryimage\"},\"image\":{\"@id\":\"https:\\\/\\\/relaisgourmet.com\\\/es\\\/producto\\\/cofre-larroun\\\/#primaryimage\"},\"thumbnailUrl\":\"https:\\\/\\\/relaisgourmet.com\\\/wp-content\\\/uploads\\\/2024\\\/09\\\/Larroun.jpg\",\"datePublished\":\"2024-09-12T09:51:19+00:00\",\"dateModified\":\"2025-04-12T21:10:06+00:00\",\"description\":\"Caja Larroun: todo el sabor del sur de Francia reunido en una cesta con foie gras y especialidades artesanales.\",\"breadcrumb\":{\"@id\":\"https:\\\/\\\/relaisgourmet.com\\\/es\\\/producto\\\/cofre-larroun\\\/#breadcrumb\"},\"inLanguage\":\"es\",\"potentialAction\":[{\"@type\":\"ReadAction\",\"target\":[\"https:\\\/\\\/relaisgourmet.com\\\/es\\\/producto\\\/cofre-larroun\\\/\"]}]},{\"@type\":\"ImageObject\",\"inLanguage\":\"es\",\"@id\":\"https:\\\/\\\/relaisgourmet.com\\\/es\\\/producto\\\/cofre-larroun\\\/#primaryimage\",\"url\":\"https:\\\/\\\/relaisgourmet.com\\\/wp-content\\\/uploads\\\/2024\\\/09\\\/Larroun.jpg\",\"contentUrl\":\"https:\\\/\\\/relaisgourmet.com\\\/wp-content\\\/uploads\\\/2024\\\/09\\\/Larroun.jpg\",\"width\":1427,\"height\":1427,\"caption\":\"photographe d'entreprise, corporate, packshot, CV pau bearn pays basque\"},{\"@type\":\"BreadcrumbList\",\"@id\":\"https:\\\/\\\/relaisgourmet.com\\\/es\\\/producto\\\/cofre-larroun\\\/#breadcrumb\",\"itemListElement\":[{\"@type\":\"ListItem\",\"position\":1,\"name\":\"Inicio\",\"item\":\"https:\\\/\\\/relaisgourmet.com\\\/es\\\/\"},{\"@type\":\"ListItem\",\"position\":2,\"name\":\"Aut\u00e9ntico foie gras\",\"item\":\"https:\\\/\\\/relaisgourmet.com\\\/es\\\/autentico-foie-gras\\\/\"},{\"@type\":\"ListItem\",\"position\":3,\"name\":\"Caja Larroun\"}]},{\"@type\":\"WebSite\",\"@id\":\"https:\\\/\\\/relaisgourmet.com\\\/es\\\/#website\",\"url\":\"https:\\\/\\\/relaisgourmet.com\\\/es\\\/\",\"name\":\"Relais Gourmet\",\"description\":\"Maison Gastronomique au Pays-Basque Depuis 2004\",\"publisher\":{\"@id\":\"https:\\\/\\\/relaisgourmet.com\\\/es\\\/#organization\"},\"potentialAction\":[{\"@type\":\"SearchAction\",\"target\":{\"@type\":\"EntryPoint\",\"urlTemplate\":\"https:\\\/\\\/relaisgourmet.com\\\/es\\\/?s={search_term_string}\"},\"query-input\":{\"@type\":\"PropertyValueSpecification\",\"valueRequired\":true,\"valueName\":\"search_term_string\"}}],\"inLanguage\":\"es\"},{\"@type\":\"Organization\",\"@id\":\"https:\\\/\\\/relaisgourmet.com\\\/es\\\/#organization\",\"name\":\"Relais Gourmet\",\"url\":\"https:\\\/\\\/relaisgourmet.com\\\/es\\\/\",\"logo\":{\"@type\":\"ImageObject\",\"inLanguage\":\"es\",\"@id\":\"https:\\\/\\\/relaisgourmet.com\\\/es\\\/#\\\/schema\\\/logo\\\/image\\\/\",\"url\":\"https:\\\/\\\/relaisgourmet.com\\\/wp-content\\\/uploads\\\/2024\\\/11\\\/Diseno-sin-titulo-8.jpg\",\"contentUrl\":\"https:\\\/\\\/relaisgourmet.com\\\/wp-content\\\/uploads\\\/2024\\\/11\\\/Diseno-sin-titulo-8.jpg\",\"width\":500,\"height\":500,\"caption\":\"Relais Gourmet\"},\"image\":{\"@id\":\"https:\\\/\\\/relaisgourmet.com\\\/es\\\/#\\\/schema\\\/logo\\\/image\\\/\"},\"sameAs\":[\"https:\\\/\\\/facebook.com\\\/yoast\",\"https:\\\/\\\/instagram.com\\\/yoast\"]}]}<\/script>\n<!-- \/ Yoast SEO Premium plugin. -->","yoast_head_json":{"title":"Caja Larroun - Descubre el sabor vasco","description":"Caja Larroun: todo el sabor del sur de Francia reunido en una cesta con foie gras y especialidades artesanales.","robots":{"index":"index","follow":"follow","max-snippet":"max-snippet:-1","max-image-preview":"max-image-preview:large","max-video-preview":"max-video-preview:-1"},"canonical":"https:\/\/relaisgourmet.com\/es\/producto\/cofre-larroun\/","og_locale":"es_ES","og_type":"article","og_title":"Caja Larroun","og_description":"Caja Larroun: todo el sabor del sur de Francia reunido en una cesta con foie gras y especialidades artesanales.","og_url":"https:\/\/relaisgourmet.com\/es\/producto\/cofre-larroun\/","og_site_name":"Relais Gourmet","article_publisher":"https:\/\/facebook.com\/yoast","article_modified_time":"2025-04-12T21:10:06+00:00","og_image":[{"width":2500,"height":1667,"url":"https:\/\/relaisgourmet.com\/wp-content\/uploads\/2024\/09\/coffret-6FG-80-1A-1.jpg","type":"image\/jpeg"}],"twitter_card":"summary_large_image","twitter_misc":{"Tiempo de lectura":"3 minuto"},"schema":{"@context":"https:\/\/schema.org","@graph":[{"@type":"WebPage","@id":"https:\/\/relaisgourmet.com\/es\/producto\/cofre-larroun\/","url":"https:\/\/relaisgourmet.com\/es\/producto\/cofre-larroun\/","name":"Caja Larroun - Descubre el sabor vasco","isPartOf":{"@id":"https:\/\/relaisgourmet.com\/es\/#website"},"primaryImageOfPage":{"@id":"https:\/\/relaisgourmet.com\/es\/producto\/cofre-larroun\/#primaryimage"},"image":{"@id":"https:\/\/relaisgourmet.com\/es\/producto\/cofre-larroun\/#primaryimage"},"thumbnailUrl":"https:\/\/relaisgourmet.com\/wp-content\/uploads\/2024\/09\/Larroun.jpg","datePublished":"2024-09-12T09:51:19+00:00","dateModified":"2025-04-12T21:10:06+00:00","description":"Caja Larroun: todo el sabor del sur de Francia reunido en una cesta con foie gras y especialidades artesanales.","breadcrumb":{"@id":"https:\/\/relaisgourmet.com\/es\/producto\/cofre-larroun\/#breadcrumb"},"inLanguage":"es","potentialAction":[{"@type":"ReadAction","target":["https:\/\/relaisgourmet.com\/es\/producto\/cofre-larroun\/"]}]},{"@type":"ImageObject","inLanguage":"es","@id":"https:\/\/relaisgourmet.com\/es\/producto\/cofre-larroun\/#primaryimage","url":"https:\/\/relaisgourmet.com\/wp-content\/uploads\/2024\/09\/Larroun.jpg","contentUrl":"https:\/\/relaisgourmet.com\/wp-content\/uploads\/2024\/09\/Larroun.jpg","width":1427,"height":1427,"caption":"photographe d'entreprise, corporate, packshot, CV pau bearn pays basque"},{"@type":"BreadcrumbList","@id":"https:\/\/relaisgourmet.com\/es\/producto\/cofre-larroun\/#breadcrumb","itemListElement":[{"@type":"ListItem","position":1,"name":"Inicio","item":"https:\/\/relaisgourmet.com\/es\/"},{"@type":"ListItem","position":2,"name":"Aut\u00e9ntico foie gras","item":"https:\/\/relaisgourmet.com\/es\/autentico-foie-gras\/"},{"@type":"ListItem","position":3,"name":"Caja Larroun"}]},{"@type":"WebSite","@id":"https:\/\/relaisgourmet.com\/es\/#website","url":"https:\/\/relaisgourmet.com\/es\/","name":"Relais Gourmet","description":"Maison Gastronomique au Pays-Basque Depuis 2004","publisher":{"@id":"https:\/\/relaisgourmet.com\/es\/#organization"},"potentialAction":[{"@type":"SearchAction","target":{"@type":"EntryPoint","urlTemplate":"https:\/\/relaisgourmet.com\/es\/?s={search_term_string}"},"query-input":{"@type":"PropertyValueSpecification","valueRequired":true,"valueName":"search_term_string"}}],"inLanguage":"es"},{"@type":"Organization","@id":"https:\/\/relaisgourmet.com\/es\/#organization","name":"Relais Gourmet","url":"https:\/\/relaisgourmet.com\/es\/","logo":{"@type":"ImageObject","inLanguage":"es","@id":"https:\/\/relaisgourmet.com\/es\/#\/schema\/logo\/image\/","url":"https:\/\/relaisgourmet.com\/wp-content\/uploads\/2024\/11\/Diseno-sin-titulo-8.jpg","contentUrl":"https:\/\/relaisgourmet.com\/wp-content\/uploads\/2024\/11\/Diseno-sin-titulo-8.jpg","width":500,"height":500,"caption":"Relais Gourmet"},"image":{"@id":"https:\/\/relaisgourmet.com\/es\/#\/schema\/logo\/image\/"},"sameAs":["https:\/\/facebook.com\/yoast","https:\/\/instagram.com\/yoast"]}]}},"_links":{"self":[{"href":"https:\/\/relaisgourmet.com\/es\/wp-json\/wp\/v2\/product\/46608","targetHints":{"allow":["GET"]}}],"collection":[{"href":"https:\/\/relaisgourmet.com\/es\/wp-json\/wp\/v2\/product"}],"about":[{"href":"https:\/\/relaisgourmet.com\/es\/wp-json\/wp\/v2\/types\/product"}],"replies":[{"embeddable":true,"href":"https:\/\/relaisgourmet.com\/es\/wp-json\/wp\/v2\/comments?post=46608"}],"version-history":[{"count":8,"href":"https:\/\/relaisgourmet.com\/es\/wp-json\/wp\/v2\/product\/46608\/revisions"}],"predecessor-version":[{"id":55216,"href":"https:\/\/relaisgourmet.com\/es\/wp-json\/wp\/v2\/product\/46608\/revisions\/55216"}],"wp:featuredmedia":[{"embeddable":true,"href":"https:\/\/relaisgourmet.com\/es\/wp-json\/wp\/v2\/media\/58788"}],"wp:attachment":[{"href":"https:\/\/relaisgourmet.com\/es\/wp-json\/wp\/v2\/media?parent=46608"}],"wp:term":[{"taxonomy":"product_brand","embeddable":true,"href":"https:\/\/relaisgourmet.com\/es\/wp-json\/wp\/v2\/product_brand?post=46608"},{"taxonomy":"product_cat","embeddable":true,"href":"https:\/\/relaisgourmet.com\/es\/wp-json\/wp\/v2\/product_cat?post=46608"},{"taxonomy":"product_tag","embeddable":true,"href":"https:\/\/relaisgourmet.com\/es\/wp-json\/wp\/v2\/product_tag?post=46608"},{"taxonomy":"giftcard-category","embeddable":true,"href":"https:\/\/relaisgourmet.com\/es\/wp-json\/wp\/v2\/giftcard-category?post=46608"}],"curies":[{"name":"wp","href":"https:\/\/api.w.org\/{rel}","templated":true}]}}