{"id":44938,"date":"2024-09-17T11:24:48","date_gmt":"2024-09-17T09:24:48","guid":{"rendered":"https:\/\/relaisgourmet.com\/produit\/coffret-ondarroa\/"},"modified":"2025-04-12T23:09:55","modified_gmt":"2025-04-12T21:09:55","slug":"coffret-ondarroa","status":"publish","type":"product","link":"https:\/\/relaisgourmet.com\/es\/producto\/coffret-ondarroa\/","title":{"rendered":"La caja Ondarroa"},"content":{"rendered":"<p><strong>Descubre el Estuche Regalo Ondarroa: una experiencia gastron\u00f3mica inolvidable<\/strong><\/p>\n<p><span style=\"font-weight: 400;\">El <strong>Set de Regalo Ondarroa<\/strong> de<strong> Relais Gourmet<\/strong> te invita a disfrutar de una experiencia culinaria \u00fanica. Tanto si quieres mejorar tus aperitivos, acompa\u00f1ar una comida improvisada o simplemente darte un capricho, esta caja es perfecta para cualquier ocasi\u00f3n. \u00a1Una idea de regalo ideal o un capricho para saborear sin demora! Est\u00e1 dise\u00f1ado para compartirlo con la familia y los amigos y crear recuerdos inolvidables en torno a platos excepcionales.  <\/span><\/p>\n<p>Se garantiza que <strong>la caja de Ondarroa<\/strong> <strong> no contiene conservantes, colorantes ni aditivos.<\/strong><\/p>\n<p><span style=\"font-weight: 400;\"><strong>Composici\u00f3n del conjunto Ondarroa<\/strong><\/span><\/p>\n<ul>\n<li><span style=\"font-weight: 400;\"><strong>Foie Gras Natural Entero (200 g<\/strong> ): una explosi\u00f3n de sabores naturales, sin conservantes.<\/span><\/li>\n<li><span style=\"font-weight: 400;\"><strong>Foie Gras entero con trufa negra (200 g<\/strong> ): un toque de elegancia con el delicado aroma de la trufa negra.<\/span><\/li>\n<li><span style=\"font-weight: 400;\"><strong>Botella de Champ\u00e1n (750 ml)<\/strong>: para acompa\u00f1ar estos platos excepcionales con finura y elegancia.<\/span><\/li>\n<\/ul>\n<p>&nbsp;<\/p>\n<p><b>Consejos de conservaci\u00f3n y degustaci\u00f3n del estuche Ondarroa<\/b><\/p>\n<p><b> Caja Ondarroa <\/b> <span style=\"font-weight: 400;\">tiene una larga vida \u00fatil de 3 a\u00f1os a temperatura ambiente. Una vez abiertos, los productos deben consumirse en un plazo de 15 d\u00edas y mantenerse refrigerados para conservar su frescura y sabor.<\/span><\/p>\n<p><strong>Trucos y consejos para aprovechar al m\u00e1ximo tu caja regalo Ondarroa<\/strong><\/p>\n<p><span style=\"font-weight: 400;\">No te pierdas nuestros consejos y trucos de preparaci\u00f3n en nuestro Blog y en nuestra p\u00e1gina de Instagram para sacar el m\u00e1ximo partido a tu Caja Regalo Ondarroa. Nuestras sugerencias te ayudar\u00e1n a convertir cada degustaci\u00f3n en un momento excepcional.<\/span><\/p>\n<p><strong>Reg\u00e1late o date un capricho<\/strong><\/p>\n<p><span style=\"font-weight: 400;\">Ya sea para un evento especial, un regalo sofisticado o simplemente para disfrutar de una deliciosa comida, la Caja Regalo Ondarroa es la elecci\u00f3n ideal para quienes aprecian la gastronom\u00eda francesa en su m\u00e1xima expresi\u00f3n.<\/span><\/p>\n","protected":false},"excerpt":{"rendered":"<p>Descubre la Caja Regalo Ondarroa, una selecci\u00f3n gourmet perfecta para todas tus ocasiones sociales.<\/p>\n<p><img decoding=\"async\" class=\"emoji\" role=\"img\" src=\"https:\/\/s.w.org\/images\/core\/emoji\/15.0.3\/svg\/1f1eb-1f1f7.svg\" alt=\"\ud83c\uddeb\ud83c\uddf7\">  Producci\u00f3n 100% francesa garantizada<br \/>\n\u2714 Garantizado sin conservantes, aditivos ni colorantes.<br \/>\n\ud83c\udf43 Patos alimentados con ma\u00edz amarillo<br \/>\n\ud83d\ude9a Entrega r\u00e1pida en todo el mundo<br \/>\n\ud83d\udd53 Se conserva 3 a\u00f1os<br \/>\n\ud83d\udd10 Pago seguro<\/p>\n<p>Peso neto: 1,15 kg<\/p>\n","protected":false},"featured_media":40876,"comment_status":"closed","ping_status":"closed","template":"","meta":[],"product_brand":[],"product_cat":[1276,1281],"product_tag":[],"giftcard-category":[],"class_list":{"0":"post-44938","1":"product","2":"type-product","3":"status-publish","4":"has-post-thumbnail","6":"product_cat-cesta-de-regalo","7":"product_cat-regalos-de-prestigio","9":"first","10":"instock","11":"taxable","12":"shipping-taxable","13":"purchasable","14":"product-type-simple"},"yoast_head":"<!-- This site is optimized with the Yoast SEO Premium plugin v27.0 (Yoast SEO v27.0) - https:\/\/yoast.com\/product\/yoast-seo-premium-wordpress\/ -->\n<title>Caja gourmet Ondarroa - Regalo tradicional<\/title>\n<meta name=\"description\" content=\"Redescubre la caja Ondarroa con nuevas combinaciones gourmet que destacan el foie gras artesanal.\" \/>\n<meta name=\"robots\" content=\"index, follow, max-snippet:-1, max-image-preview:large, max-video-preview:-1\" \/>\n<link rel=\"canonical\" href=\"https:\/\/relaisgourmet.com\/es\/producto\/coffret-ondarroa\/\" \/>\n<meta property=\"og:locale\" content=\"es_ES\" \/>\n<meta property=\"og:type\" content=\"article\" \/>\n<meta property=\"og:title\" content=\"La caja Ondarroa\" \/>\n<meta property=\"og:description\" content=\"Redescubre la caja Ondarroa con nuevas combinaciones gourmet que destacan el foie gras artesanal.\" \/>\n<meta property=\"og:url\" content=\"https:\/\/relaisgourmet.com\/es\/producto\/coffret-ondarroa\/\" \/>\n<meta property=\"og:site_name\" content=\"Relais Gourmet\" \/>\n<meta property=\"article:publisher\" content=\"https:\/\/facebook.com\/yoast\" \/>\n<meta property=\"article:modified_time\" content=\"2025-04-12T21:09:55+00:00\" \/>\n<meta property=\"og:image\" content=\"https:\/\/relaisgourmet.com\/wp-content\/uploads\/2024\/09\/coffret-amoureux2-2-1.jpg\" \/>\n\t<meta property=\"og:image:width\" content=\"2500\" \/>\n\t<meta property=\"og:image:height\" content=\"1667\" \/>\n\t<meta property=\"og:image:type\" content=\"image\/jpeg\" \/>\n<meta name=\"twitter:card\" content=\"summary_large_image\" \/>\n<meta name=\"twitter:label1\" content=\"Tiempo de lectura\" \/>\n\t<meta name=\"twitter:data1\" content=\"1 minuto\" \/>\n<script type=\"application\/ld+json\" class=\"yoast-schema-graph\">{\"@context\":\"https:\/\/schema.org\",\"@graph\":[{\"@type\":\"WebPage\",\"@id\":\"https:\/\/relaisgourmet.com\/es\/producto\/coffret-ondarroa\/\",\"url\":\"https:\/\/relaisgourmet.com\/es\/producto\/coffret-ondarroa\/\",\"name\":\"Caja gourmet Ondarroa - Regalo tradicional\",\"isPartOf\":{\"@id\":\"https:\/\/relaisgourmet.com\/es\/#website\"},\"primaryImageOfPage\":{\"@id\":\"https:\/\/relaisgourmet.com\/es\/producto\/coffret-ondarroa\/#primaryimage\"},\"image\":{\"@id\":\"https:\/\/relaisgourmet.com\/es\/producto\/coffret-ondarroa\/#primaryimage\"},\"thumbnailUrl\":\"https:\/\/relaisgourmet.com\/wp-content\/uploads\/2024\/09\/coffret-amoureux2-2-1.jpg\",\"datePublished\":\"2024-09-17T09:24:48+00:00\",\"dateModified\":\"2025-04-12T21:09:55+00:00\",\"description\":\"Redescubre la caja Ondarroa con nuevas combinaciones gourmet que destacan el foie gras artesanal.\",\"breadcrumb\":{\"@id\":\"https:\/\/relaisgourmet.com\/es\/producto\/coffret-ondarroa\/#breadcrumb\"},\"inLanguage\":\"es\",\"potentialAction\":[{\"@type\":\"ReadAction\",\"target\":[\"https:\/\/relaisgourmet.com\/es\/producto\/coffret-ondarroa\/\"]}]},{\"@type\":\"ImageObject\",\"inLanguage\":\"es\",\"@id\":\"https:\/\/relaisgourmet.com\/es\/producto\/coffret-ondarroa\/#primaryimage\",\"url\":\"https:\/\/relaisgourmet.com\/wp-content\/uploads\/2024\/09\/coffret-amoureux2-2-1.jpg\",\"contentUrl\":\"https:\/\/relaisgourmet.com\/wp-content\/uploads\/2024\/09\/coffret-amoureux2-2-1.jpg\",\"width\":2500,\"height\":1667},{\"@type\":\"BreadcrumbList\",\"@id\":\"https:\/\/relaisgourmet.com\/es\/producto\/coffret-ondarroa\/#breadcrumb\",\"itemListElement\":[{\"@type\":\"ListItem\",\"position\":1,\"name\":\"Inicio\",\"item\":\"https:\/\/relaisgourmet.com\/es\/\"},{\"@type\":\"ListItem\",\"position\":2,\"name\":\"Aut\u00e9ntico foie gras\",\"item\":\"https:\/\/relaisgourmet.com\/es\/autentico-foie-gras\/\"},{\"@type\":\"ListItem\",\"position\":3,\"name\":\"La caja Ondarroa\"}]},{\"@type\":\"WebSite\",\"@id\":\"https:\/\/relaisgourmet.com\/es\/#website\",\"url\":\"https:\/\/relaisgourmet.com\/es\/\",\"name\":\"Relais Gourmet\",\"description\":\"Maison Gastronomique au Pays-Basque Depuis 2004\",\"publisher\":{\"@id\":\"https:\/\/relaisgourmet.com\/es\/#organization\"},\"potentialAction\":[{\"@type\":\"SearchAction\",\"target\":{\"@type\":\"EntryPoint\",\"urlTemplate\":\"https:\/\/relaisgourmet.com\/es\/?s={search_term_string}\"},\"query-input\":{\"@type\":\"PropertyValueSpecification\",\"valueRequired\":true,\"valueName\":\"search_term_string\"}}],\"inLanguage\":\"es\"},{\"@type\":\"Organization\",\"@id\":\"https:\/\/relaisgourmet.com\/es\/#organization\",\"name\":\"Relais Gourmet\",\"url\":\"https:\/\/relaisgourmet.com\/es\/\",\"logo\":{\"@type\":\"ImageObject\",\"inLanguage\":\"es\",\"@id\":\"https:\/\/relaisgourmet.com\/es\/#\/schema\/logo\/image\/\",\"url\":\"https:\/\/relaisgourmet.com\/wp-content\/uploads\/2024\/11\/Diseno-sin-titulo-8.jpg\",\"contentUrl\":\"https:\/\/relaisgourmet.com\/wp-content\/uploads\/2024\/11\/Diseno-sin-titulo-8.jpg\",\"width\":500,\"height\":500,\"caption\":\"Relais Gourmet\"},\"image\":{\"@id\":\"https:\/\/relaisgourmet.com\/es\/#\/schema\/logo\/image\/\"},\"sameAs\":[\"https:\/\/facebook.com\/yoast\",\"https:\/\/instagram.com\/yoast\"]}]}<\/script>\n<!-- \/ Yoast SEO Premium plugin. -->","yoast_head_json":{"title":"Caja gourmet Ondarroa - Regalo tradicional","description":"Redescubre la caja Ondarroa con nuevas combinaciones gourmet que destacan el foie gras artesanal.","robots":{"index":"index","follow":"follow","max-snippet":"max-snippet:-1","max-image-preview":"max-image-preview:large","max-video-preview":"max-video-preview:-1"},"canonical":"https:\/\/relaisgourmet.com\/es\/producto\/coffret-ondarroa\/","og_locale":"es_ES","og_type":"article","og_title":"La caja Ondarroa","og_description":"Redescubre la caja Ondarroa con nuevas combinaciones gourmet que destacan el foie gras artesanal.","og_url":"https:\/\/relaisgourmet.com\/es\/producto\/coffret-ondarroa\/","og_site_name":"Relais Gourmet","article_publisher":"https:\/\/facebook.com\/yoast","article_modified_time":"2025-04-12T21:09:55+00:00","og_image":[{"width":2500,"height":1667,"url":"https:\/\/relaisgourmet.com\/wp-content\/uploads\/2024\/09\/coffret-amoureux2-2-1.jpg","type":"image\/jpeg"}],"twitter_card":"summary_large_image","twitter_misc":{"Tiempo de lectura":"1 minuto"},"schema":{"@context":"https:\/\/schema.org","@graph":[{"@type":"WebPage","@id":"https:\/\/relaisgourmet.com\/es\/producto\/coffret-ondarroa\/","url":"https:\/\/relaisgourmet.com\/es\/producto\/coffret-ondarroa\/","name":"Caja gourmet Ondarroa - Regalo tradicional","isPartOf":{"@id":"https:\/\/relaisgourmet.com\/es\/#website"},"primaryImageOfPage":{"@id":"https:\/\/relaisgourmet.com\/es\/producto\/coffret-ondarroa\/#primaryimage"},"image":{"@id":"https:\/\/relaisgourmet.com\/es\/producto\/coffret-ondarroa\/#primaryimage"},"thumbnailUrl":"https:\/\/relaisgourmet.com\/wp-content\/uploads\/2024\/09\/coffret-amoureux2-2-1.jpg","datePublished":"2024-09-17T09:24:48+00:00","dateModified":"2025-04-12T21:09:55+00:00","description":"Redescubre la caja Ondarroa con nuevas combinaciones gourmet que destacan el foie gras artesanal.","breadcrumb":{"@id":"https:\/\/relaisgourmet.com\/es\/producto\/coffret-ondarroa\/#breadcrumb"},"inLanguage":"es","potentialAction":[{"@type":"ReadAction","target":["https:\/\/relaisgourmet.com\/es\/producto\/coffret-ondarroa\/"]}]},{"@type":"ImageObject","inLanguage":"es","@id":"https:\/\/relaisgourmet.com\/es\/producto\/coffret-ondarroa\/#primaryimage","url":"https:\/\/relaisgourmet.com\/wp-content\/uploads\/2024\/09\/coffret-amoureux2-2-1.jpg","contentUrl":"https:\/\/relaisgourmet.com\/wp-content\/uploads\/2024\/09\/coffret-amoureux2-2-1.jpg","width":2500,"height":1667},{"@type":"BreadcrumbList","@id":"https:\/\/relaisgourmet.com\/es\/producto\/coffret-ondarroa\/#breadcrumb","itemListElement":[{"@type":"ListItem","position":1,"name":"Inicio","item":"https:\/\/relaisgourmet.com\/es\/"},{"@type":"ListItem","position":2,"name":"Aut\u00e9ntico foie gras","item":"https:\/\/relaisgourmet.com\/es\/autentico-foie-gras\/"},{"@type":"ListItem","position":3,"name":"La caja Ondarroa"}]},{"@type":"WebSite","@id":"https:\/\/relaisgourmet.com\/es\/#website","url":"https:\/\/relaisgourmet.com\/es\/","name":"Relais Gourmet","description":"Maison Gastronomique au Pays-Basque Depuis 2004","publisher":{"@id":"https:\/\/relaisgourmet.com\/es\/#organization"},"potentialAction":[{"@type":"SearchAction","target":{"@type":"EntryPoint","urlTemplate":"https:\/\/relaisgourmet.com\/es\/?s={search_term_string}"},"query-input":{"@type":"PropertyValueSpecification","valueRequired":true,"valueName":"search_term_string"}}],"inLanguage":"es"},{"@type":"Organization","@id":"https:\/\/relaisgourmet.com\/es\/#organization","name":"Relais Gourmet","url":"https:\/\/relaisgourmet.com\/es\/","logo":{"@type":"ImageObject","inLanguage":"es","@id":"https:\/\/relaisgourmet.com\/es\/#\/schema\/logo\/image\/","url":"https:\/\/relaisgourmet.com\/wp-content\/uploads\/2024\/11\/Diseno-sin-titulo-8.jpg","contentUrl":"https:\/\/relaisgourmet.com\/wp-content\/uploads\/2024\/11\/Diseno-sin-titulo-8.jpg","width":500,"height":500,"caption":"Relais Gourmet"},"image":{"@id":"https:\/\/relaisgourmet.com\/es\/#\/schema\/logo\/image\/"},"sameAs":["https:\/\/facebook.com\/yoast","https:\/\/instagram.com\/yoast"]}]}},"_links":{"self":[{"href":"https:\/\/relaisgourmet.com\/es\/wp-json\/wp\/v2\/product\/44938","targetHints":{"allow":["GET"]}}],"collection":[{"href":"https:\/\/relaisgourmet.com\/es\/wp-json\/wp\/v2\/product"}],"about":[{"href":"https:\/\/relaisgourmet.com\/es\/wp-json\/wp\/v2\/types\/product"}],"replies":[{"embeddable":true,"href":"https:\/\/relaisgourmet.com\/es\/wp-json\/wp\/v2\/comments?post=44938"}],"version-history":[{"count":5,"href":"https:\/\/relaisgourmet.com\/es\/wp-json\/wp\/v2\/product\/44938\/revisions"}],"predecessor-version":[{"id":54822,"href":"https:\/\/relaisgourmet.com\/es\/wp-json\/wp\/v2\/product\/44938\/revisions\/54822"}],"wp:featuredmedia":[{"embeddable":true,"href":"https:\/\/relaisgourmet.com\/es\/wp-json\/wp\/v2\/media\/40876"}],"wp:attachment":[{"href":"https:\/\/relaisgourmet.com\/es\/wp-json\/wp\/v2\/media?parent=44938"}],"wp:term":[{"taxonomy":"product_brand","embeddable":true,"href":"https:\/\/relaisgourmet.com\/es\/wp-json\/wp\/v2\/product_brand?post=44938"},{"taxonomy":"product_cat","embeddable":true,"href":"https:\/\/relaisgourmet.com\/es\/wp-json\/wp\/v2\/product_cat?post=44938"},{"taxonomy":"product_tag","embeddable":true,"href":"https:\/\/relaisgourmet.com\/es\/wp-json\/wp\/v2\/product_tag?post=44938"},{"taxonomy":"giftcard-category","embeddable":true,"href":"https:\/\/relaisgourmet.com\/es\/wp-json\/wp\/v2\/giftcard-category?post=44938"}],"curies":[{"name":"wp","href":"https:\/\/api.w.org\/{rel}","templated":true}]}}