{"id":44923,"date":"2024-09-17T11:31:10","date_gmt":"2024-09-17T09:31:10","guid":{"rendered":"https:\/\/relaisgourmet.com\/produit\/ainhoa-appetizer-box\/"},"modified":"2025-12-01T01:17:23","modified_gmt":"2025-12-01T00:17:23","slug":"cofre-de-aperitivos-ainhoa","status":"publish","type":"product","link":"https:\/\/relaisgourmet.com\/es\/producto\/cofre-de-aperitivos-ainhoa\/","title":{"rendered":"Set de aperitivo Ainhoa"},"content":{"rendered":"<h4><b>Descubre el Set de Regalo Aperitivos Ainhoa: lo que no puede faltar en los aperitivos de convivencia<\/b><\/h4>\n<p><span style=\"font-weight: 400;\">El <\/span><b>Set de Regalo Aperitivo Ainhoa<\/b><span style=\"font-weight: 400;\"> de <strong>Relais Gourmet<\/strong> es una selecci\u00f3n cuidadosamente elaborada para realzar tus momentos de compartir.<\/span><\/p>\n<p><span style=\"font-weight: 400;\">\u00c9sa es la promesa de Relais Gourmet: ingredientes de primera calidad, respetuosos con la tradici\u00f3n, para momentos gourmet.<\/span><\/p>\n<p><span style=\"font-weight: 400;\">Perfecta para un aperitivo con amigos o familiares, esta caja es un placer para dar o recibir.<\/span><\/p>\n<p>Se garantiza que la Caja de Aperitivos Ainhoa <strong>no contiene conservantes, colorantes ni aditivos. <\/strong> <\/p>\n<h4><strong>Composici\u00f3n:  <\/strong><\/h4>\n<p><span style=\"font-weight: 400;\">El <\/span><b>Estuche de Aperitivos Ainhoa<\/b><span style=\"font-weight: 400;\"> incluye tres preparaciones excepcionales, todas ellas inspiradas en los sabores de la regi\u00f3n vasca.<\/span><\/p>\n<ul>\n<li style=\"font-weight: 400;\" aria-level=\"1\"><strong>Aperitivo Gourmet con Juran\u00e7on (180 g)<\/strong><span style=\"font-weight: 400;\">Una deliciosa combinaci\u00f3n de sabores suaves y Juran\u00e7on, un vino dulce y afrutado.<\/span><\/li>\n<li style=\"font-weight: 400;\" aria-level=\"1\"><strong>Aperitivo Gourmet con Armagnac (180 g)<\/strong><span style=\"font-weight: 400;\">El maridaje perfecto entre los ricos sabores y los aromas del Armagnac, que ofrece una experiencia de degustaci\u00f3n refinada.<\/span><\/li>\n<li style=\"font-weight: 400;\" aria-level=\"1\"><strong>Aperitivo de pimiento de Espelette Gourmet (180 g)<\/strong><span style=\"font-weight: 400;\">Un cl\u00e1sico picante con la cantidad justa de especias para tentar a tus papilas gustativas, con el emblem\u00e1tico pimiento de Espelette.<\/span><\/li>\n<\/ul>\n<h4><\/h4>\n<h4><strong>Conservaci\u00f3n :<\/strong><\/h4>\n<p><span style=\"font-weight: 400;\">3 a\u00f1os a temperatura ambiente, para que puedas disfrutarlo cuando m\u00e1s te convenga. Una vez abierto, recuerda consumirlo antes de 15 d\u00edas y mantenerlo refrigerado para disfrutarlo al m\u00e1ximo.<\/span><\/p>\n<p>&nbsp;<\/p>\n<h4><b>Prep\u00e1rate para un momento de indulgencia:<\/b><\/h4>\n<p><span style=\"font-weight: 400;\">En nuestro <a href=\"https:\/\/relaisgourmet.com\/blog-foies-gras-actualite\/\">blog<\/a> y p\u00e1gina <a href=\"https:\/\/www.instagram.com\/relaisgourmetofficiel\/\">de<\/a> Instagram encontrar\u00e1s ideas creativas y consejos para disfrutar de los productos del <\/span><b>Set de Regalo Aperitivo Ainhoa<\/b><span style=\"font-weight: 400;\">.<\/span><\/p>\n<p><span style=\"font-weight: 400;\">Estos consejos te ayudar\u00e1n a crear momentos inolvidables para compartir.<\/span><\/p>\n<p><span style=\"font-weight: 400;\">El <\/span><b>Caja Aperitivo Ainhoa<\/b><span style=\"font-weight: 400;\"> es la elecci\u00f3n ideal para transformar cualquier ocasi\u00f3n en un momento gourmet, convivial y aut\u00e9ntico.<\/span><\/p>\n<p><span style=\"font-weight: 400;\">Relais Gourmet te garantiza que tus aperitivos estar\u00e1n a la altura de tus expectativas con este excepcional set de regalo.<\/span><\/p>\n","protected":false},"excerpt":{"rendered":"<p>El Set de Regalo Aperitivos Ainhoa de Relais Gourmet, perfecto para realzar tus aperitivos. \u00a1Para disfrutar o regalar en cualquier ocasi\u00f3n!<\/p>\n<p><img decoding=\"async\" class=\"emoji\" role=\"img\" src=\"https:\/\/s.w.org\/images\/core\/emoji\/15.0.3\/svg\/1f1eb-1f1f7.svg\" alt=\"\ud83c\uddeb\ud83c\uddf7\">  Producci\u00f3n 100% francesa garantizada<br \/>\n\u2714 Garantizado sin conservantes, aditivos ni colorantes.<br \/>\n\ud83c\udf43 Patos alimentados con ma\u00edz amarillo<br \/>\n\ud83d\ude9a Entrega r\u00e1pida en todo el mundo<br \/>\n\ud83d\udd53 Se conserva 3 a\u00f1os<br \/>\n\ud83d\udd10 Pago seguro<\/p>\n<p>Peso neto: 540 g (180&#215;3)<\/p>\n","protected":false},"featured_media":58776,"comment_status":"closed","ping_status":"closed","template":"","meta":[],"product_brand":[],"product_cat":[1272,1276,1280],"product_tag":[1248,1224],"giftcard-category":[],"class_list":{"0":"post-44923","1":"product","2":"type-product","3":"status-publish","4":"has-post-thumbnail","6":"product_cat-aperitivos-gourmet","7":"product_cat-cesta-de-regalo","8":"product_cat-regalos-gourmet","9":"product_tag-10-14-personas","10":"product_tag-mas-400-g","12":"first","13":"instock","14":"taxable","15":"shipping-taxable","16":"purchasable","17":"product-type-simple"},"yoast_head":"<!-- This site is optimized with the Yoast SEO Premium plugin v27.0 (Yoast SEO v27.0) - https:\/\/yoast.com\/product\/yoast-seo-premium-wordpress\/ -->\n<title>Aperitivo Ainhoa - Caja para momentos \u00fanicos<\/title>\n<meta name=\"description\" content=\"Aperitivo Ainhoa: una selecci\u00f3n especial para compartir entre amigos con foie gras y sabores aut\u00e9nticos.\" \/>\n<meta name=\"robots\" content=\"index, follow, max-snippet:-1, max-image-preview:large, max-video-preview:-1\" \/>\n<link rel=\"canonical\" href=\"https:\/\/relaisgourmet.com\/es\/producto\/cofre-de-aperitivos-ainhoa\/\" \/>\n<meta property=\"og:locale\" content=\"es_ES\" \/>\n<meta property=\"og:type\" content=\"article\" \/>\n<meta property=\"og:title\" content=\"Set de aperitivo Ainhoa\" \/>\n<meta property=\"og:description\" content=\"Aperitivo Ainhoa: una selecci\u00f3n especial para compartir entre amigos con foie gras y sabores aut\u00e9nticos.\" \/>\n<meta property=\"og:url\" content=\"https:\/\/relaisgourmet.com\/es\/producto\/cofre-de-aperitivos-ainhoa\/\" \/>\n<meta property=\"og:site_name\" content=\"Relais Gourmet\" \/>\n<meta property=\"article:publisher\" content=\"https:\/\/facebook.com\/yoast\" \/>\n<meta property=\"article:modified_time\" content=\"2025-12-01T00:17:23+00:00\" \/>\n<meta property=\"og:image\" content=\"https:\/\/relaisgourmet.com\/wp-content\/uploads\/2024\/09\/coffret-entre-amis-1.jpg\" \/>\n\t<meta property=\"og:image:width\" content=\"2500\" \/>\n\t<meta property=\"og:image:height\" content=\"1667\" \/>\n\t<meta property=\"og:image:type\" content=\"image\/jpeg\" \/>\n<meta name=\"twitter:card\" content=\"summary_large_image\" \/>\n<meta name=\"twitter:label1\" content=\"Tiempo de lectura\" \/>\n\t<meta name=\"twitter:data1\" content=\"2 minuto\" \/>\n<script type=\"application\/ld+json\" class=\"yoast-schema-graph\">{\"@context\":\"https:\/\/schema.org\",\"@graph\":[{\"@type\":\"WebPage\",\"@id\":\"https:\/\/relaisgourmet.com\/es\/producto\/cofre-de-aperitivos-ainhoa\/\",\"url\":\"https:\/\/relaisgourmet.com\/es\/producto\/cofre-de-aperitivos-ainhoa\/\",\"name\":\"Aperitivo Ainhoa - Caja para momentos \u00fanicos\",\"isPartOf\":{\"@id\":\"https:\/\/relaisgourmet.com\/es\/#website\"},\"primaryImageOfPage\":{\"@id\":\"https:\/\/relaisgourmet.com\/es\/producto\/cofre-de-aperitivos-ainhoa\/#primaryimage\"},\"image\":{\"@id\":\"https:\/\/relaisgourmet.com\/es\/producto\/cofre-de-aperitivos-ainhoa\/#primaryimage\"},\"thumbnailUrl\":\"https:\/\/relaisgourmet.com\/wp-content\/uploads\/2024\/09\/Ainhoa.jpg\",\"datePublished\":\"2024-09-17T09:31:10+00:00\",\"dateModified\":\"2025-12-01T00:17:23+00:00\",\"description\":\"Aperitivo Ainhoa: una selecci\u00f3n especial para compartir entre amigos con foie gras y sabores aut\u00e9nticos.\",\"breadcrumb\":{\"@id\":\"https:\/\/relaisgourmet.com\/es\/producto\/cofre-de-aperitivos-ainhoa\/#breadcrumb\"},\"inLanguage\":\"es\",\"potentialAction\":[{\"@type\":\"ReadAction\",\"target\":[\"https:\/\/relaisgourmet.com\/es\/producto\/cofre-de-aperitivos-ainhoa\/\"]}]},{\"@type\":\"ImageObject\",\"inLanguage\":\"es\",\"@id\":\"https:\/\/relaisgourmet.com\/es\/producto\/cofre-de-aperitivos-ainhoa\/#primaryimage\",\"url\":\"https:\/\/relaisgourmet.com\/wp-content\/uploads\/2024\/09\/Ainhoa.jpg\",\"contentUrl\":\"https:\/\/relaisgourmet.com\/wp-content\/uploads\/2024\/09\/Ainhoa.jpg\",\"width\":1427,\"height\":1427,\"caption\":\"photographe d'entreprise, corporate, packshot, CV pau bearn pays basque\"},{\"@type\":\"BreadcrumbList\",\"@id\":\"https:\/\/relaisgourmet.com\/es\/producto\/cofre-de-aperitivos-ainhoa\/#breadcrumb\",\"itemListElement\":[{\"@type\":\"ListItem\",\"position\":1,\"name\":\"Inicio\",\"item\":\"https:\/\/relaisgourmet.com\/es\/\"},{\"@type\":\"ListItem\",\"position\":2,\"name\":\"Aut\u00e9ntico foie gras\",\"item\":\"https:\/\/relaisgourmet.com\/es\/autentico-foie-gras\/\"},{\"@type\":\"ListItem\",\"position\":3,\"name\":\"Set de aperitivo Ainhoa\"}]},{\"@type\":\"WebSite\",\"@id\":\"https:\/\/relaisgourmet.com\/es\/#website\",\"url\":\"https:\/\/relaisgourmet.com\/es\/\",\"name\":\"Relais Gourmet\",\"description\":\"Maison Gastronomique au Pays-Basque Depuis 2004\",\"publisher\":{\"@id\":\"https:\/\/relaisgourmet.com\/es\/#organization\"},\"potentialAction\":[{\"@type\":\"SearchAction\",\"target\":{\"@type\":\"EntryPoint\",\"urlTemplate\":\"https:\/\/relaisgourmet.com\/es\/?s={search_term_string}\"},\"query-input\":{\"@type\":\"PropertyValueSpecification\",\"valueRequired\":true,\"valueName\":\"search_term_string\"}}],\"inLanguage\":\"es\"},{\"@type\":\"Organization\",\"@id\":\"https:\/\/relaisgourmet.com\/es\/#organization\",\"name\":\"Relais Gourmet\",\"url\":\"https:\/\/relaisgourmet.com\/es\/\",\"logo\":{\"@type\":\"ImageObject\",\"inLanguage\":\"es\",\"@id\":\"https:\/\/relaisgourmet.com\/es\/#\/schema\/logo\/image\/\",\"url\":\"https:\/\/relaisgourmet.com\/wp-content\/uploads\/2024\/11\/Diseno-sin-titulo-8.jpg\",\"contentUrl\":\"https:\/\/relaisgourmet.com\/wp-content\/uploads\/2024\/11\/Diseno-sin-titulo-8.jpg\",\"width\":500,\"height\":500,\"caption\":\"Relais Gourmet\"},\"image\":{\"@id\":\"https:\/\/relaisgourmet.com\/es\/#\/schema\/logo\/image\/\"},\"sameAs\":[\"https:\/\/facebook.com\/yoast\",\"https:\/\/instagram.com\/yoast\"]}]}<\/script>\n<!-- \/ Yoast SEO Premium plugin. -->","yoast_head_json":{"title":"Aperitivo Ainhoa - Caja para momentos \u00fanicos","description":"Aperitivo Ainhoa: una selecci\u00f3n especial para compartir entre amigos con foie gras y sabores aut\u00e9nticos.","robots":{"index":"index","follow":"follow","max-snippet":"max-snippet:-1","max-image-preview":"max-image-preview:large","max-video-preview":"max-video-preview:-1"},"canonical":"https:\/\/relaisgourmet.com\/es\/producto\/cofre-de-aperitivos-ainhoa\/","og_locale":"es_ES","og_type":"article","og_title":"Set de aperitivo Ainhoa","og_description":"Aperitivo Ainhoa: una selecci\u00f3n especial para compartir entre amigos con foie gras y sabores aut\u00e9nticos.","og_url":"https:\/\/relaisgourmet.com\/es\/producto\/cofre-de-aperitivos-ainhoa\/","og_site_name":"Relais Gourmet","article_publisher":"https:\/\/facebook.com\/yoast","article_modified_time":"2025-12-01T00:17:23+00:00","og_image":[{"width":2500,"height":1667,"url":"https:\/\/relaisgourmet.com\/wp-content\/uploads\/2024\/09\/coffret-entre-amis-1.jpg","type":"image\/jpeg"}],"twitter_card":"summary_large_image","twitter_misc":{"Tiempo de lectura":"2 minuto"},"schema":{"@context":"https:\/\/schema.org","@graph":[{"@type":"WebPage","@id":"https:\/\/relaisgourmet.com\/es\/producto\/cofre-de-aperitivos-ainhoa\/","url":"https:\/\/relaisgourmet.com\/es\/producto\/cofre-de-aperitivos-ainhoa\/","name":"Aperitivo Ainhoa - Caja para momentos \u00fanicos","isPartOf":{"@id":"https:\/\/relaisgourmet.com\/es\/#website"},"primaryImageOfPage":{"@id":"https:\/\/relaisgourmet.com\/es\/producto\/cofre-de-aperitivos-ainhoa\/#primaryimage"},"image":{"@id":"https:\/\/relaisgourmet.com\/es\/producto\/cofre-de-aperitivos-ainhoa\/#primaryimage"},"thumbnailUrl":"https:\/\/relaisgourmet.com\/wp-content\/uploads\/2024\/09\/Ainhoa.jpg","datePublished":"2024-09-17T09:31:10+00:00","dateModified":"2025-12-01T00:17:23+00:00","description":"Aperitivo Ainhoa: una selecci\u00f3n especial para compartir entre amigos con foie gras y sabores aut\u00e9nticos.","breadcrumb":{"@id":"https:\/\/relaisgourmet.com\/es\/producto\/cofre-de-aperitivos-ainhoa\/#breadcrumb"},"inLanguage":"es","potentialAction":[{"@type":"ReadAction","target":["https:\/\/relaisgourmet.com\/es\/producto\/cofre-de-aperitivos-ainhoa\/"]}]},{"@type":"ImageObject","inLanguage":"es","@id":"https:\/\/relaisgourmet.com\/es\/producto\/cofre-de-aperitivos-ainhoa\/#primaryimage","url":"https:\/\/relaisgourmet.com\/wp-content\/uploads\/2024\/09\/Ainhoa.jpg","contentUrl":"https:\/\/relaisgourmet.com\/wp-content\/uploads\/2024\/09\/Ainhoa.jpg","width":1427,"height":1427,"caption":"photographe d'entreprise, corporate, packshot, CV pau bearn pays basque"},{"@type":"BreadcrumbList","@id":"https:\/\/relaisgourmet.com\/es\/producto\/cofre-de-aperitivos-ainhoa\/#breadcrumb","itemListElement":[{"@type":"ListItem","position":1,"name":"Inicio","item":"https:\/\/relaisgourmet.com\/es\/"},{"@type":"ListItem","position":2,"name":"Aut\u00e9ntico foie gras","item":"https:\/\/relaisgourmet.com\/es\/autentico-foie-gras\/"},{"@type":"ListItem","position":3,"name":"Set de aperitivo Ainhoa"}]},{"@type":"WebSite","@id":"https:\/\/relaisgourmet.com\/es\/#website","url":"https:\/\/relaisgourmet.com\/es\/","name":"Relais Gourmet","description":"Maison Gastronomique au Pays-Basque Depuis 2004","publisher":{"@id":"https:\/\/relaisgourmet.com\/es\/#organization"},"potentialAction":[{"@type":"SearchAction","target":{"@type":"EntryPoint","urlTemplate":"https:\/\/relaisgourmet.com\/es\/?s={search_term_string}"},"query-input":{"@type":"PropertyValueSpecification","valueRequired":true,"valueName":"search_term_string"}}],"inLanguage":"es"},{"@type":"Organization","@id":"https:\/\/relaisgourmet.com\/es\/#organization","name":"Relais Gourmet","url":"https:\/\/relaisgourmet.com\/es\/","logo":{"@type":"ImageObject","inLanguage":"es","@id":"https:\/\/relaisgourmet.com\/es\/#\/schema\/logo\/image\/","url":"https:\/\/relaisgourmet.com\/wp-content\/uploads\/2024\/11\/Diseno-sin-titulo-8.jpg","contentUrl":"https:\/\/relaisgourmet.com\/wp-content\/uploads\/2024\/11\/Diseno-sin-titulo-8.jpg","width":500,"height":500,"caption":"Relais Gourmet"},"image":{"@id":"https:\/\/relaisgourmet.com\/es\/#\/schema\/logo\/image\/"},"sameAs":["https:\/\/facebook.com\/yoast","https:\/\/instagram.com\/yoast"]}]}},"_links":{"self":[{"href":"https:\/\/relaisgourmet.com\/es\/wp-json\/wp\/v2\/product\/44923","targetHints":{"allow":["GET"]}}],"collection":[{"href":"https:\/\/relaisgourmet.com\/es\/wp-json\/wp\/v2\/product"}],"about":[{"href":"https:\/\/relaisgourmet.com\/es\/wp-json\/wp\/v2\/types\/product"}],"replies":[{"embeddable":true,"href":"https:\/\/relaisgourmet.com\/es\/wp-json\/wp\/v2\/comments?post=44923"}],"version-history":[{"count":4,"href":"https:\/\/relaisgourmet.com\/es\/wp-json\/wp\/v2\/product\/44923\/revisions"}],"predecessor-version":[{"id":55157,"href":"https:\/\/relaisgourmet.com\/es\/wp-json\/wp\/v2\/product\/44923\/revisions\/55157"}],"wp:featuredmedia":[{"embeddable":true,"href":"https:\/\/relaisgourmet.com\/es\/wp-json\/wp\/v2\/media\/58776"}],"wp:attachment":[{"href":"https:\/\/relaisgourmet.com\/es\/wp-json\/wp\/v2\/media?parent=44923"}],"wp:term":[{"taxonomy":"product_brand","embeddable":true,"href":"https:\/\/relaisgourmet.com\/es\/wp-json\/wp\/v2\/product_brand?post=44923"},{"taxonomy":"product_cat","embeddable":true,"href":"https:\/\/relaisgourmet.com\/es\/wp-json\/wp\/v2\/product_cat?post=44923"},{"taxonomy":"product_tag","embeddable":true,"href":"https:\/\/relaisgourmet.com\/es\/wp-json\/wp\/v2\/product_tag?post=44923"},{"taxonomy":"giftcard-category","embeddable":true,"href":"https:\/\/relaisgourmet.com\/es\/wp-json\/wp\/v2\/giftcard-category?post=44923"}],"curies":[{"name":"wp","href":"https:\/\/api.w.org\/{rel}","templated":true}]}}