{"id":44889,"date":"2024-09-17T11:55:08","date_gmt":"2024-09-17T09:55:08","guid":{"rendered":"https:\/\/relaisgourmet.com\/?post_type=product&#038;p=44889"},"modified":"2025-04-12T23:09:55","modified_gmt":"2025-04-12T21:09:55","slug":"coffret-iraty","status":"publish","type":"product","link":"https:\/\/relaisgourmet.com\/es\/producto\/coffret-iraty\/","title":{"rendered":"Cofre Iraty"},"content":{"rendered":"<p>Scoprite il <strong>Cofanetto Iraty<\/strong>: una selezione gourmet per i vostri aperitivi festivi<\/p>\n<p>Il <strong>Cofanetto Iraty<\/strong> \u00e8 una creazione esclusiva di <strong>Relais Gourmet<\/strong>, pensata per esaltare i vostri momenti conviviali intorno all&#8217;aperitivo. Questo cofanetto offre un&#8217;esperienza gustativa unica, ideale da condividere durante un pasto in famiglia o con amici. Che sia per un regalo o per concedersi un piacere, il Cofanetto Iraty sapr\u00e0 creare preziosi ricordi gastronomici. Questa selezione mette in risalto l&#8217;autenticit\u00e0 dei sapori baschi rispettando criteri di qualit\u00e0 impeccabili.<\/p>\n<p>Il Cofanetto Iraty \u00e8 garantito senza conservanti, senza coloranti, senza additivi.<\/p>\n<p><strong>Composizione :<\/strong><\/p>\n<ul>\n<li><strong>Aperitivo Gourmet al Juran\u00e7on (180g)<\/strong>: Il vino dolce Juran\u00e7on apporta aromi fruttati e raffinati, perfetti per un aperitivo delicato.<\/li>\n<li><strong>Aperitivo Gourmet all&#8217;Armagnac (180g)<\/strong>: Per gli amanti dei sapori pi\u00f9 intensi.<\/li>\n<li><strong>Aperitivo Gourmet alle scalogno confit (180g)<\/strong>: Un tocco dolce-salato.<\/li>\n<li><strong>Aperitivo Gourmet al Peperoncino di Espelette (180g)<\/strong>: Un pizzico di carattere basco.<\/li>\n<li><strong>Aperitivo Gourmet all&#8217;Arancia candita (180g)<\/strong>: Una nota agrumata e delicata.<\/li>\n<li><strong>Aperitivo Gourmet ai Porcini (180g)<\/strong>: Un connubio boschivo e raffinato.<\/li>\n<\/ul>\n<p><strong>Conservazione :<\/strong><\/p>\n<p>3 anni a temperatura ambiente, offrendo cos\u00ec la possibilit\u00e0 di gustarlo a vostro piacimento. Una volta aperto, si consiglia di consumarlo entro 15 giorni e conservarlo in frigorifero per mantenere intatta tutta la sua bont\u00e0.<\/p>\n<p><strong>Preparatevi a un momento di pura golosit\u00e0 :<\/strong><\/p>\n<p>Trovate tutti i nostri consigli e suggerimenti di preparazione sul nostro blog e sulla nostra pagina Instagram.<\/p>\n<p>Che stiate organizzando un aperitivo chic o un pasto conviviale, vi proponiamo ricette semplici e creative per valorizzare questa selezione unica di Relais Gourmet.<\/p>\n<p>Il Cofanetto Iraty \u00e8 il regalo ideale per ogni occasione festiva. Regalate o condividete l&#8217;autenticit\u00e0 e l&#8217;eleganza dei prodotti Relais Gourmet, creando momenti indimenticabili attorno alla gastronomia basca.<\/p>\n<p>&nbsp;<\/p>\n<p>&nbsp;<\/p>\n<p>&nbsp;<\/p>\n","protected":false},"excerpt":{"rendered":"<p>Scoprite il Cofanetto Iraty di Relais Gourmet, ideale per i vostri aperitivi. Perfetto da regalare o da gustare!<\/p>\n<p><img decoding=\"async\" class=\"emoji\" role=\"img\" src=\"https:\/\/s.w.org\/images\/core\/emoji\/15.0.3\/svg\/1f1eb-1f1f7.svg\" alt=\"\ud83c\uddeb\ud83c\uddf7\" \/> Produzione garantita 100% francese<br \/>\n\u2714\ufe0f Senza conservanti, senza additivi e senza coloranti<br \/>\n\ud83c\udf43 Anatre allevate a mais giallo<br \/>\n\ud83d\ude9a Consegna rapida in tutto il mondo<br \/>\n\ud83d\udd53 Si conserva per 3 anni<br \/>\n\ud83d\udd10 Pagamento sicuro<\/p>\n<p><strong>Peso netto:<\/strong> 1080 g (180&#215;6)<\/p>\n","protected":false},"featured_media":40892,"comment_status":"closed","ping_status":"closed","template":"","meta":[],"product_brand":[],"product_cat":[1276,1280],"product_tag":[],"giftcard-category":[],"class_list":{"0":"post-44889","1":"product","2":"type-product","3":"status-publish","4":"has-post-thumbnail","6":"product_cat-cesta-de-regalo","7":"product_cat-regalos-gourmet","9":"first","10":"instock","11":"taxable","12":"shipping-taxable","13":"purchasable","14":"product-type-simple"},"yoast_head":"<!-- This site is optimized with the Yoast SEO Premium plugin v27.0 (Yoast SEO v27.0) - https:\/\/yoast.com\/product\/yoast-seo-premium-wordpress\/ -->\n<title>Cofre Iraty - Regalo elegante con Foie Gras<\/title>\n<meta name=\"description\" content=\"Cofre Iraty: productos gourmet cuidadosamente elegidos para los amantes del foie gras de calidad y la tradici\u00f3n vasca.\" \/>\n<meta name=\"robots\" content=\"index, follow, max-snippet:-1, max-image-preview:large, max-video-preview:-1\" \/>\n<link rel=\"canonical\" href=\"https:\/\/relaisgourmet.com\/es\/producto\/coffret-iraty\/\" \/>\n<meta property=\"og:locale\" content=\"es_ES\" \/>\n<meta property=\"og:type\" content=\"article\" \/>\n<meta property=\"og:title\" content=\"Cofre Iraty\" \/>\n<meta property=\"og:description\" content=\"Cofre Iraty: productos gourmet cuidadosamente elegidos para los amantes del foie gras de calidad y la tradici\u00f3n vasca.\" \/>\n<meta property=\"og:url\" content=\"https:\/\/relaisgourmet.com\/es\/producto\/coffret-iraty\/\" \/>\n<meta property=\"og:site_name\" content=\"Relais Gourmet\" \/>\n<meta property=\"article:publisher\" content=\"https:\/\/facebook.com\/yoast\" \/>\n<meta property=\"article:modified_time\" content=\"2025-04-12T21:09:55+00:00\" \/>\n<meta property=\"og:image\" content=\"https:\/\/relaisgourmet.com\/wp-content\/uploads\/2024\/09\/coffret-entre-amis-3.jpg\" \/>\n\t<meta property=\"og:image:width\" content=\"2500\" \/>\n\t<meta property=\"og:image:height\" content=\"1667\" \/>\n\t<meta property=\"og:image:type\" content=\"image\/jpeg\" \/>\n<meta name=\"twitter:card\" content=\"summary_large_image\" \/>\n<meta name=\"twitter:label1\" content=\"Tiempo de lectura\" \/>\n\t<meta name=\"twitter:data1\" content=\"2 minuto\" \/>\n<script type=\"application\/ld+json\" class=\"yoast-schema-graph\">{\"@context\":\"https:\/\/schema.org\",\"@graph\":[{\"@type\":\"WebPage\",\"@id\":\"https:\/\/relaisgourmet.com\/es\/producto\/coffret-iraty\/\",\"url\":\"https:\/\/relaisgourmet.com\/es\/producto\/coffret-iraty\/\",\"name\":\"Cofre Iraty - Regalo elegante con Foie Gras\",\"isPartOf\":{\"@id\":\"https:\/\/relaisgourmet.com\/es\/#website\"},\"primaryImageOfPage\":{\"@id\":\"https:\/\/relaisgourmet.com\/es\/producto\/coffret-iraty\/#primaryimage\"},\"image\":{\"@id\":\"https:\/\/relaisgourmet.com\/es\/producto\/coffret-iraty\/#primaryimage\"},\"thumbnailUrl\":\"https:\/\/relaisgourmet.com\/wp-content\/uploads\/2024\/09\/coffret-entre-amis-3.jpg\",\"datePublished\":\"2024-09-17T09:55:08+00:00\",\"dateModified\":\"2025-04-12T21:09:55+00:00\",\"description\":\"Cofre Iraty: productos gourmet cuidadosamente elegidos para los amantes del foie gras de calidad y la tradici\u00f3n vasca.\",\"breadcrumb\":{\"@id\":\"https:\/\/relaisgourmet.com\/es\/producto\/coffret-iraty\/#breadcrumb\"},\"inLanguage\":\"es\",\"potentialAction\":[{\"@type\":\"ReadAction\",\"target\":[\"https:\/\/relaisgourmet.com\/es\/producto\/coffret-iraty\/\"]}]},{\"@type\":\"ImageObject\",\"inLanguage\":\"es\",\"@id\":\"https:\/\/relaisgourmet.com\/es\/producto\/coffret-iraty\/#primaryimage\",\"url\":\"https:\/\/relaisgourmet.com\/wp-content\/uploads\/2024\/09\/coffret-entre-amis-3.jpg\",\"contentUrl\":\"https:\/\/relaisgourmet.com\/wp-content\/uploads\/2024\/09\/coffret-entre-amis-3.jpg\",\"width\":2500,\"height\":1667},{\"@type\":\"BreadcrumbList\",\"@id\":\"https:\/\/relaisgourmet.com\/es\/producto\/coffret-iraty\/#breadcrumb\",\"itemListElement\":[{\"@type\":\"ListItem\",\"position\":1,\"name\":\"Inicio\",\"item\":\"https:\/\/relaisgourmet.com\/es\/\"},{\"@type\":\"ListItem\",\"position\":2,\"name\":\"Aut\u00e9ntico foie gras\",\"item\":\"https:\/\/relaisgourmet.com\/es\/autentico-foie-gras\/\"},{\"@type\":\"ListItem\",\"position\":3,\"name\":\"Cofre Iraty\"}]},{\"@type\":\"WebSite\",\"@id\":\"https:\/\/relaisgourmet.com\/es\/#website\",\"url\":\"https:\/\/relaisgourmet.com\/es\/\",\"name\":\"Relais Gourmet\",\"description\":\"Maison Gastronomique au Pays-Basque Depuis 2004\",\"publisher\":{\"@id\":\"https:\/\/relaisgourmet.com\/es\/#organization\"},\"potentialAction\":[{\"@type\":\"SearchAction\",\"target\":{\"@type\":\"EntryPoint\",\"urlTemplate\":\"https:\/\/relaisgourmet.com\/es\/?s={search_term_string}\"},\"query-input\":{\"@type\":\"PropertyValueSpecification\",\"valueRequired\":true,\"valueName\":\"search_term_string\"}}],\"inLanguage\":\"es\"},{\"@type\":\"Organization\",\"@id\":\"https:\/\/relaisgourmet.com\/es\/#organization\",\"name\":\"Relais Gourmet\",\"url\":\"https:\/\/relaisgourmet.com\/es\/\",\"logo\":{\"@type\":\"ImageObject\",\"inLanguage\":\"es\",\"@id\":\"https:\/\/relaisgourmet.com\/es\/#\/schema\/logo\/image\/\",\"url\":\"https:\/\/relaisgourmet.com\/wp-content\/uploads\/2024\/11\/Diseno-sin-titulo-8.jpg\",\"contentUrl\":\"https:\/\/relaisgourmet.com\/wp-content\/uploads\/2024\/11\/Diseno-sin-titulo-8.jpg\",\"width\":500,\"height\":500,\"caption\":\"Relais Gourmet\"},\"image\":{\"@id\":\"https:\/\/relaisgourmet.com\/es\/#\/schema\/logo\/image\/\"},\"sameAs\":[\"https:\/\/facebook.com\/yoast\",\"https:\/\/instagram.com\/yoast\"]}]}<\/script>\n<!-- \/ Yoast SEO Premium plugin. -->","yoast_head_json":{"title":"Cofre Iraty - Regalo elegante con Foie Gras","description":"Cofre Iraty: productos gourmet cuidadosamente elegidos para los amantes del foie gras de calidad y la tradici\u00f3n vasca.","robots":{"index":"index","follow":"follow","max-snippet":"max-snippet:-1","max-image-preview":"max-image-preview:large","max-video-preview":"max-video-preview:-1"},"canonical":"https:\/\/relaisgourmet.com\/es\/producto\/coffret-iraty\/","og_locale":"es_ES","og_type":"article","og_title":"Cofre Iraty","og_description":"Cofre Iraty: productos gourmet cuidadosamente elegidos para los amantes del foie gras de calidad y la tradici\u00f3n vasca.","og_url":"https:\/\/relaisgourmet.com\/es\/producto\/coffret-iraty\/","og_site_name":"Relais Gourmet","article_publisher":"https:\/\/facebook.com\/yoast","article_modified_time":"2025-04-12T21:09:55+00:00","og_image":[{"width":2500,"height":1667,"url":"https:\/\/relaisgourmet.com\/wp-content\/uploads\/2024\/09\/coffret-entre-amis-3.jpg","type":"image\/jpeg"}],"twitter_card":"summary_large_image","twitter_misc":{"Tiempo de lectura":"2 minuto"},"schema":{"@context":"https:\/\/schema.org","@graph":[{"@type":"WebPage","@id":"https:\/\/relaisgourmet.com\/es\/producto\/coffret-iraty\/","url":"https:\/\/relaisgourmet.com\/es\/producto\/coffret-iraty\/","name":"Cofre Iraty - Regalo elegante con Foie Gras","isPartOf":{"@id":"https:\/\/relaisgourmet.com\/es\/#website"},"primaryImageOfPage":{"@id":"https:\/\/relaisgourmet.com\/es\/producto\/coffret-iraty\/#primaryimage"},"image":{"@id":"https:\/\/relaisgourmet.com\/es\/producto\/coffret-iraty\/#primaryimage"},"thumbnailUrl":"https:\/\/relaisgourmet.com\/wp-content\/uploads\/2024\/09\/coffret-entre-amis-3.jpg","datePublished":"2024-09-17T09:55:08+00:00","dateModified":"2025-04-12T21:09:55+00:00","description":"Cofre Iraty: productos gourmet cuidadosamente elegidos para los amantes del foie gras de calidad y la tradici\u00f3n vasca.","breadcrumb":{"@id":"https:\/\/relaisgourmet.com\/es\/producto\/coffret-iraty\/#breadcrumb"},"inLanguage":"es","potentialAction":[{"@type":"ReadAction","target":["https:\/\/relaisgourmet.com\/es\/producto\/coffret-iraty\/"]}]},{"@type":"ImageObject","inLanguage":"es","@id":"https:\/\/relaisgourmet.com\/es\/producto\/coffret-iraty\/#primaryimage","url":"https:\/\/relaisgourmet.com\/wp-content\/uploads\/2024\/09\/coffret-entre-amis-3.jpg","contentUrl":"https:\/\/relaisgourmet.com\/wp-content\/uploads\/2024\/09\/coffret-entre-amis-3.jpg","width":2500,"height":1667},{"@type":"BreadcrumbList","@id":"https:\/\/relaisgourmet.com\/es\/producto\/coffret-iraty\/#breadcrumb","itemListElement":[{"@type":"ListItem","position":1,"name":"Inicio","item":"https:\/\/relaisgourmet.com\/es\/"},{"@type":"ListItem","position":2,"name":"Aut\u00e9ntico foie gras","item":"https:\/\/relaisgourmet.com\/es\/autentico-foie-gras\/"},{"@type":"ListItem","position":3,"name":"Cofre Iraty"}]},{"@type":"WebSite","@id":"https:\/\/relaisgourmet.com\/es\/#website","url":"https:\/\/relaisgourmet.com\/es\/","name":"Relais Gourmet","description":"Maison Gastronomique au Pays-Basque Depuis 2004","publisher":{"@id":"https:\/\/relaisgourmet.com\/es\/#organization"},"potentialAction":[{"@type":"SearchAction","target":{"@type":"EntryPoint","urlTemplate":"https:\/\/relaisgourmet.com\/es\/?s={search_term_string}"},"query-input":{"@type":"PropertyValueSpecification","valueRequired":true,"valueName":"search_term_string"}}],"inLanguage":"es"},{"@type":"Organization","@id":"https:\/\/relaisgourmet.com\/es\/#organization","name":"Relais Gourmet","url":"https:\/\/relaisgourmet.com\/es\/","logo":{"@type":"ImageObject","inLanguage":"es","@id":"https:\/\/relaisgourmet.com\/es\/#\/schema\/logo\/image\/","url":"https:\/\/relaisgourmet.com\/wp-content\/uploads\/2024\/11\/Diseno-sin-titulo-8.jpg","contentUrl":"https:\/\/relaisgourmet.com\/wp-content\/uploads\/2024\/11\/Diseno-sin-titulo-8.jpg","width":500,"height":500,"caption":"Relais Gourmet"},"image":{"@id":"https:\/\/relaisgourmet.com\/es\/#\/schema\/logo\/image\/"},"sameAs":["https:\/\/facebook.com\/yoast","https:\/\/instagram.com\/yoast"]}]}},"_links":{"self":[{"href":"https:\/\/relaisgourmet.com\/es\/wp-json\/wp\/v2\/product\/44889","targetHints":{"allow":["GET"]}}],"collection":[{"href":"https:\/\/relaisgourmet.com\/es\/wp-json\/wp\/v2\/product"}],"about":[{"href":"https:\/\/relaisgourmet.com\/es\/wp-json\/wp\/v2\/types\/product"}],"replies":[{"embeddable":true,"href":"https:\/\/relaisgourmet.com\/es\/wp-json\/wp\/v2\/comments?post=44889"}],"version-history":[{"count":13,"href":"https:\/\/relaisgourmet.com\/es\/wp-json\/wp\/v2\/product\/44889\/revisions"}],"predecessor-version":[{"id":54303,"href":"https:\/\/relaisgourmet.com\/es\/wp-json\/wp\/v2\/product\/44889\/revisions\/54303"}],"wp:featuredmedia":[{"embeddable":true,"href":"https:\/\/relaisgourmet.com\/es\/wp-json\/wp\/v2\/media\/40892"}],"wp:attachment":[{"href":"https:\/\/relaisgourmet.com\/es\/wp-json\/wp\/v2\/media?parent=44889"}],"wp:term":[{"taxonomy":"product_brand","embeddable":true,"href":"https:\/\/relaisgourmet.com\/es\/wp-json\/wp\/v2\/product_brand?post=44889"},{"taxonomy":"product_cat","embeddable":true,"href":"https:\/\/relaisgourmet.com\/es\/wp-json\/wp\/v2\/product_cat?post=44889"},{"taxonomy":"product_tag","embeddable":true,"href":"https:\/\/relaisgourmet.com\/es\/wp-json\/wp\/v2\/product_tag?post=44889"},{"taxonomy":"giftcard-category","embeddable":true,"href":"https:\/\/relaisgourmet.com\/es\/wp-json\/wp\/v2\/giftcard-category?post=44889"}],"curies":[{"name":"wp","href":"https:\/\/api.w.org\/{rel}","templated":true}]}}