{"id":44790,"date":"2024-09-17T11:42:10","date_gmt":"2024-09-17T09:42:10","guid":{"rendered":"https:\/\/relaisgourmet.com\/producto\/coffret-aranzazu\/"},"modified":"2025-04-12T23:09:55","modified_gmt":"2025-04-12T21:09:55","slug":"cofre-aranzazu","status":"publish","type":"product","link":"https:\/\/relaisgourmet.com\/es\/producto\/cofre-aranzazu\/","title":{"rendered":"Aranzazu box set"},"content":{"rendered":"<h4><strong>Descubre el estuche Aranzazu: una invitaci\u00f3n gourmet para tus aperitivos<\/strong><\/h4>\n<p><span style=\"font-weight: 400;\">El <strong>Set de Regalo Aranzazu<\/strong> de <strong>Relais Gourmet<\/strong> es una selecci\u00f3n excepcional, dise\u00f1ada para realzar tus momentos de aperitivo. El Estuche de Regalo Aranzazu incluye varios aperitivos gourmet para deleitar el paladar y crear una armon\u00eda perfecta con el vino que lo acompa\u00f1a. Perfecto para compartir con la familia y los amigos, este estuche promete momentos inolvidables de convivencia. Ofrecer la Caja Regalo Aranzazu significa ofrecer una experiencia gastron\u00f3mica de alta calidad, con productos aut\u00e9nticos y sabrosos.<\/span><\/p>\n<p><span style=\"font-weight: 400;\">Se garantiza que la <strong>Caja Regalo Aranzazu<\/strong> <strong>no contiene conservantes, colorantes ni aditivos.<\/strong><\/span><\/p>\n<h4><strong>Composici\u00f3n:  <\/strong><\/h4>\n<ul>\n<li><strong>Aperitivo Gourmet con Juran\u00e7on (180 g)<\/strong>: <span style=\"font-weight: 400;\">El vino dulce de Juran\u00e7on aporta aromas afrutados y refinados, perfecto para empezar el aperitivo con suavidad.<\/span><\/li>\n<li><strong>Aperitivo Gourmet con Armagnac (180 g<\/strong>):<span style=\"font-weight: 400;\">para los amantes de los sabores m\u00e1s fuertes<\/span>.<\/li>\n<li><strong>Aperitivo gourmet con chalota confitada (180 g)<\/strong>: un toque dulce y salado.<\/li>\n<li><strong>Aperitivo de pimiento de Espelette Gourmet (180 g<\/strong>): un toque de car\u00e1cter vasco.<\/li>\n<li><strong>Aperitivo Gourmet con naranja confitada (180 g<\/strong>): una nota delicada y alimonada.<\/li>\n<li><strong>Aperitivo Gourmet con setas Porcini (180 g<\/strong>): una alianza refinada y amaderada.<\/li>\n<li><strong>Una botella de vino blanco Monbazillac (750 ml)<\/strong>:<span style=\"font-weight: 400;\">este vino dulce con aromas de fruta madura combina perfectamente con los aperitivos propuestos, para un maridaje inolvidable.<\/span><\/li>\n<\/ul>\n<p>&nbsp;<\/p>\n<h4><strong>Conservaci\u00f3n :<\/strong><\/h4>\n<p><span style=\"font-weight: 400;\">La <strong>caja Aranzazu<\/strong> puede conservarse durante <\/span>3 a\u00f1os a temperatura ambiente, para que puedas disfrutarla cuando m\u00e1s te convenga. Una vez abierto, recuerda consumirlo antes de 15 d\u00edas y mantenerlo refrigerado para disfrutarlo al m\u00e1ximo.<\/p>\n<p>&nbsp;<\/p>\n<h4><b>Prep\u00e1rate para un momento de indulgencia:<\/b><\/h4>\n<p>Puedes encontrar todos nuestros consejos y sugerencias de preparaci\u00f3n en nuestro <a href=\"https:\/\/relaisgourmet.com\/blog-foies-gras-actualite\/\">blog<\/a> y en nuestra p\u00e1gina de <a href=\"https:\/\/www.instagram.com\/relaisgourmetofficiel\/\">Instagram<\/a>.<\/p>\n<p>Tanto si organizas un aperitivo chic como una comida de convivencia, hemos ideado algunas recetas sencillas y creativas para sacar lo mejor de esta selecci\u00f3n \u00fanica Relais Gourmet.<\/p>\n<p><span style=\"font-weight: 400;\">La Caja Regalo Aranzazu es el regalo ideal para cualquier ocasi\u00f3n, ya sea un cumplea\u00f1os, una cena con amigos o una celebraci\u00f3n familiar. Ofrece una experiencia gourmet \u00fanica con Relais Gourmet, y crea momentos memorables con este set de regalo gourmet.<\/span><\/p>\n","protected":false},"excerpt":{"rendered":"<p>Explora el Set de Regalo Aranzazu de Relais Gourmet, el aliado ideal para tus aperitivos. Para compartir o regalar, \u00a1un momento gourmet!<\/p>\n<p><img decoding=\"async\" class=\"emoji\" role=\"img\" src=\"https:\/\/s.w.org\/images\/core\/emoji\/15.0.3\/svg\/1f1eb-1f1f7.svg\" alt=\"\ud83c\uddeb\ud83c\uddf7\">  Producci\u00f3n 100% francesa garantizada<br \/>\n\u2714 Garantizado sin conservantes, aditivos ni colorantes.<br \/>\n\ud83c\udf43 Patos alimentados con ma\u00edz amarillo<br \/>\n\ud83d\ude9a Entrega r\u00e1pida en todo el mundo<br \/>\n\ud83d\udd53 Se conserva 3 a\u00f1os<br \/>\n\ud83d\udd10 Pago seguro<\/p>\n<p>Peso neto: 1,83 kg<\/p>\n","protected":false},"featured_media":58771,"comment_status":"closed","ping_status":"closed","template":"","meta":[],"product_brand":[],"product_cat":[1276,1280],"product_tag":[],"giftcard-category":[],"class_list":{"0":"post-44790","1":"product","2":"type-product","3":"status-publish","4":"has-post-thumbnail","6":"product_cat-cesta-de-regalo","7":"product_cat-regalos-gourmet","9":"first","10":"instock","11":"taxable","12":"shipping-taxable","13":"purchasable","14":"product-type-simple"},"yoast_head":"<!-- This site is optimized with the Yoast SEO Premium plugin v27.0 (Yoast SEO v27.0) - https:\/\/yoast.com\/product\/yoast-seo-premium-wordpress\/ -->\n<title>Caja Aranzazu - Degustaci\u00f3n vasca aut\u00e9ntica<\/title>\n<meta name=\"description\" content=\"El set Aranzazu ofrece una experiencia gourmet \u00fanica con productos artesanales y foie gras del suroeste franc\u00e9s.\" \/>\n<meta name=\"robots\" content=\"index, follow, max-snippet:-1, max-image-preview:large, max-video-preview:-1\" \/>\n<link rel=\"canonical\" href=\"https:\/\/relaisgourmet.com\/es\/producto\/cofre-aranzazu\/\" \/>\n<meta property=\"og:locale\" content=\"es_ES\" \/>\n<meta property=\"og:type\" content=\"article\" \/>\n<meta property=\"og:title\" content=\"Aranzazu box set\" \/>\n<meta property=\"og:description\" content=\"El set Aranzazu ofrece una experiencia gourmet \u00fanica con productos artesanales y foie gras del suroeste franc\u00e9s.\" \/>\n<meta property=\"og:url\" content=\"https:\/\/relaisgourmet.com\/es\/producto\/cofre-aranzazu\/\" \/>\n<meta property=\"og:site_name\" content=\"Relais Gourmet\" \/>\n<meta property=\"article:publisher\" content=\"https:\/\/facebook.com\/yoast\" \/>\n<meta property=\"article:modified_time\" content=\"2025-04-12T21:09:55+00:00\" \/>\n<meta property=\"og:image\" content=\"https:\/\/relaisgourmet.com\/wp-content\/uploads\/2024\/09\/coffret-entre-amis-2-monbazillac.jpg\" \/>\n\t<meta property=\"og:image:width\" content=\"2500\" \/>\n\t<meta property=\"og:image:height\" content=\"1667\" \/>\n\t<meta property=\"og:image:type\" content=\"image\/jpeg\" \/>\n<meta name=\"twitter:card\" content=\"summary_large_image\" \/>\n<meta name=\"twitter:label1\" content=\"Tiempo de lectura\" \/>\n\t<meta name=\"twitter:data1\" content=\"2 minuto\" \/>\n<script type=\"application\/ld+json\" class=\"yoast-schema-graph\">{\"@context\":\"https:\/\/schema.org\",\"@graph\":[{\"@type\":\"WebPage\",\"@id\":\"https:\/\/relaisgourmet.com\/es\/producto\/cofre-aranzazu\/\",\"url\":\"https:\/\/relaisgourmet.com\/es\/producto\/cofre-aranzazu\/\",\"name\":\"Caja Aranzazu - Degustaci\u00f3n vasca aut\u00e9ntica\",\"isPartOf\":{\"@id\":\"https:\/\/relaisgourmet.com\/es\/#website\"},\"primaryImageOfPage\":{\"@id\":\"https:\/\/relaisgourmet.com\/es\/producto\/cofre-aranzazu\/#primaryimage\"},\"image\":{\"@id\":\"https:\/\/relaisgourmet.com\/es\/producto\/cofre-aranzazu\/#primaryimage\"},\"thumbnailUrl\":\"https:\/\/relaisgourmet.com\/wp-content\/uploads\/2024\/09\/Aranzazu.jpg\",\"datePublished\":\"2024-09-17T09:42:10+00:00\",\"dateModified\":\"2025-04-12T21:09:55+00:00\",\"description\":\"El set Aranzazu ofrece una experiencia gourmet \u00fanica con productos artesanales y foie gras del suroeste franc\u00e9s.\",\"breadcrumb\":{\"@id\":\"https:\/\/relaisgourmet.com\/es\/producto\/cofre-aranzazu\/#breadcrumb\"},\"inLanguage\":\"es\",\"potentialAction\":[{\"@type\":\"ReadAction\",\"target\":[\"https:\/\/relaisgourmet.com\/es\/producto\/cofre-aranzazu\/\"]}]},{\"@type\":\"ImageObject\",\"inLanguage\":\"es\",\"@id\":\"https:\/\/relaisgourmet.com\/es\/producto\/cofre-aranzazu\/#primaryimage\",\"url\":\"https:\/\/relaisgourmet.com\/wp-content\/uploads\/2024\/09\/Aranzazu.jpg\",\"contentUrl\":\"https:\/\/relaisgourmet.com\/wp-content\/uploads\/2024\/09\/Aranzazu.jpg\",\"width\":1583,\"height\":1583,\"caption\":\"photographe d'entreprise, corporate, packshot, CV pau bearn pays basque\"},{\"@type\":\"BreadcrumbList\",\"@id\":\"https:\/\/relaisgourmet.com\/es\/producto\/cofre-aranzazu\/#breadcrumb\",\"itemListElement\":[{\"@type\":\"ListItem\",\"position\":1,\"name\":\"Inicio\",\"item\":\"https:\/\/relaisgourmet.com\/es\/\"},{\"@type\":\"ListItem\",\"position\":2,\"name\":\"Aut\u00e9ntico foie gras\",\"item\":\"https:\/\/relaisgourmet.com\/es\/autentico-foie-gras\/\"},{\"@type\":\"ListItem\",\"position\":3,\"name\":\"Aranzazu box set\"}]},{\"@type\":\"WebSite\",\"@id\":\"https:\/\/relaisgourmet.com\/es\/#website\",\"url\":\"https:\/\/relaisgourmet.com\/es\/\",\"name\":\"Relais Gourmet\",\"description\":\"Maison Gastronomique au Pays-Basque Depuis 2004\",\"publisher\":{\"@id\":\"https:\/\/relaisgourmet.com\/es\/#organization\"},\"potentialAction\":[{\"@type\":\"SearchAction\",\"target\":{\"@type\":\"EntryPoint\",\"urlTemplate\":\"https:\/\/relaisgourmet.com\/es\/?s={search_term_string}\"},\"query-input\":{\"@type\":\"PropertyValueSpecification\",\"valueRequired\":true,\"valueName\":\"search_term_string\"}}],\"inLanguage\":\"es\"},{\"@type\":\"Organization\",\"@id\":\"https:\/\/relaisgourmet.com\/es\/#organization\",\"name\":\"Relais Gourmet\",\"url\":\"https:\/\/relaisgourmet.com\/es\/\",\"logo\":{\"@type\":\"ImageObject\",\"inLanguage\":\"es\",\"@id\":\"https:\/\/relaisgourmet.com\/es\/#\/schema\/logo\/image\/\",\"url\":\"https:\/\/relaisgourmet.com\/wp-content\/uploads\/2024\/11\/Diseno-sin-titulo-8.jpg\",\"contentUrl\":\"https:\/\/relaisgourmet.com\/wp-content\/uploads\/2024\/11\/Diseno-sin-titulo-8.jpg\",\"width\":500,\"height\":500,\"caption\":\"Relais Gourmet\"},\"image\":{\"@id\":\"https:\/\/relaisgourmet.com\/es\/#\/schema\/logo\/image\/\"},\"sameAs\":[\"https:\/\/facebook.com\/yoast\",\"https:\/\/instagram.com\/yoast\"]}]}<\/script>\n<!-- \/ Yoast SEO Premium plugin. -->","yoast_head_json":{"title":"Caja Aranzazu - Degustaci\u00f3n vasca aut\u00e9ntica","description":"El set Aranzazu ofrece una experiencia gourmet \u00fanica con productos artesanales y foie gras del suroeste franc\u00e9s.","robots":{"index":"index","follow":"follow","max-snippet":"max-snippet:-1","max-image-preview":"max-image-preview:large","max-video-preview":"max-video-preview:-1"},"canonical":"https:\/\/relaisgourmet.com\/es\/producto\/cofre-aranzazu\/","og_locale":"es_ES","og_type":"article","og_title":"Aranzazu box set","og_description":"El set Aranzazu ofrece una experiencia gourmet \u00fanica con productos artesanales y foie gras del suroeste franc\u00e9s.","og_url":"https:\/\/relaisgourmet.com\/es\/producto\/cofre-aranzazu\/","og_site_name":"Relais Gourmet","article_publisher":"https:\/\/facebook.com\/yoast","article_modified_time":"2025-04-12T21:09:55+00:00","og_image":[{"width":2500,"height":1667,"url":"https:\/\/relaisgourmet.com\/wp-content\/uploads\/2024\/09\/coffret-entre-amis-2-monbazillac.jpg","type":"image\/jpeg"}],"twitter_card":"summary_large_image","twitter_misc":{"Tiempo de lectura":"2 minuto"},"schema":{"@context":"https:\/\/schema.org","@graph":[{"@type":"WebPage","@id":"https:\/\/relaisgourmet.com\/es\/producto\/cofre-aranzazu\/","url":"https:\/\/relaisgourmet.com\/es\/producto\/cofre-aranzazu\/","name":"Caja Aranzazu - Degustaci\u00f3n vasca aut\u00e9ntica","isPartOf":{"@id":"https:\/\/relaisgourmet.com\/es\/#website"},"primaryImageOfPage":{"@id":"https:\/\/relaisgourmet.com\/es\/producto\/cofre-aranzazu\/#primaryimage"},"image":{"@id":"https:\/\/relaisgourmet.com\/es\/producto\/cofre-aranzazu\/#primaryimage"},"thumbnailUrl":"https:\/\/relaisgourmet.com\/wp-content\/uploads\/2024\/09\/Aranzazu.jpg","datePublished":"2024-09-17T09:42:10+00:00","dateModified":"2025-04-12T21:09:55+00:00","description":"El set Aranzazu ofrece una experiencia gourmet \u00fanica con productos artesanales y foie gras del suroeste franc\u00e9s.","breadcrumb":{"@id":"https:\/\/relaisgourmet.com\/es\/producto\/cofre-aranzazu\/#breadcrumb"},"inLanguage":"es","potentialAction":[{"@type":"ReadAction","target":["https:\/\/relaisgourmet.com\/es\/producto\/cofre-aranzazu\/"]}]},{"@type":"ImageObject","inLanguage":"es","@id":"https:\/\/relaisgourmet.com\/es\/producto\/cofre-aranzazu\/#primaryimage","url":"https:\/\/relaisgourmet.com\/wp-content\/uploads\/2024\/09\/Aranzazu.jpg","contentUrl":"https:\/\/relaisgourmet.com\/wp-content\/uploads\/2024\/09\/Aranzazu.jpg","width":1583,"height":1583,"caption":"photographe d'entreprise, corporate, packshot, CV pau bearn pays basque"},{"@type":"BreadcrumbList","@id":"https:\/\/relaisgourmet.com\/es\/producto\/cofre-aranzazu\/#breadcrumb","itemListElement":[{"@type":"ListItem","position":1,"name":"Inicio","item":"https:\/\/relaisgourmet.com\/es\/"},{"@type":"ListItem","position":2,"name":"Aut\u00e9ntico foie gras","item":"https:\/\/relaisgourmet.com\/es\/autentico-foie-gras\/"},{"@type":"ListItem","position":3,"name":"Aranzazu box set"}]},{"@type":"WebSite","@id":"https:\/\/relaisgourmet.com\/es\/#website","url":"https:\/\/relaisgourmet.com\/es\/","name":"Relais Gourmet","description":"Maison Gastronomique au Pays-Basque Depuis 2004","publisher":{"@id":"https:\/\/relaisgourmet.com\/es\/#organization"},"potentialAction":[{"@type":"SearchAction","target":{"@type":"EntryPoint","urlTemplate":"https:\/\/relaisgourmet.com\/es\/?s={search_term_string}"},"query-input":{"@type":"PropertyValueSpecification","valueRequired":true,"valueName":"search_term_string"}}],"inLanguage":"es"},{"@type":"Organization","@id":"https:\/\/relaisgourmet.com\/es\/#organization","name":"Relais Gourmet","url":"https:\/\/relaisgourmet.com\/es\/","logo":{"@type":"ImageObject","inLanguage":"es","@id":"https:\/\/relaisgourmet.com\/es\/#\/schema\/logo\/image\/","url":"https:\/\/relaisgourmet.com\/wp-content\/uploads\/2024\/11\/Diseno-sin-titulo-8.jpg","contentUrl":"https:\/\/relaisgourmet.com\/wp-content\/uploads\/2024\/11\/Diseno-sin-titulo-8.jpg","width":500,"height":500,"caption":"Relais Gourmet"},"image":{"@id":"https:\/\/relaisgourmet.com\/es\/#\/schema\/logo\/image\/"},"sameAs":["https:\/\/facebook.com\/yoast","https:\/\/instagram.com\/yoast"]}]}},"_links":{"self":[{"href":"https:\/\/relaisgourmet.com\/es\/wp-json\/wp\/v2\/product\/44790","targetHints":{"allow":["GET"]}}],"collection":[{"href":"https:\/\/relaisgourmet.com\/es\/wp-json\/wp\/v2\/product"}],"about":[{"href":"https:\/\/relaisgourmet.com\/es\/wp-json\/wp\/v2\/types\/product"}],"replies":[{"embeddable":true,"href":"https:\/\/relaisgourmet.com\/es\/wp-json\/wp\/v2\/comments?post=44790"}],"version-history":[{"count":4,"href":"https:\/\/relaisgourmet.com\/es\/wp-json\/wp\/v2\/product\/44790\/revisions"}],"predecessor-version":[{"id":55154,"href":"https:\/\/relaisgourmet.com\/es\/wp-json\/wp\/v2\/product\/44790\/revisions\/55154"}],"wp:featuredmedia":[{"embeddable":true,"href":"https:\/\/relaisgourmet.com\/es\/wp-json\/wp\/v2\/media\/58771"}],"wp:attachment":[{"href":"https:\/\/relaisgourmet.com\/es\/wp-json\/wp\/v2\/media?parent=44790"}],"wp:term":[{"taxonomy":"product_brand","embeddable":true,"href":"https:\/\/relaisgourmet.com\/es\/wp-json\/wp\/v2\/product_brand?post=44790"},{"taxonomy":"product_cat","embeddable":true,"href":"https:\/\/relaisgourmet.com\/es\/wp-json\/wp\/v2\/product_cat?post=44790"},{"taxonomy":"product_tag","embeddable":true,"href":"https:\/\/relaisgourmet.com\/es\/wp-json\/wp\/v2\/product_tag?post=44790"},{"taxonomy":"giftcard-category","embeddable":true,"href":"https:\/\/relaisgourmet.com\/es\/wp-json\/wp\/v2\/giftcard-category?post=44790"}],"curies":[{"name":"wp","href":"https:\/\/api.w.org\/{rel}","templated":true}]}}