{"id":41898,"date":"2020-06-11T07:58:59","date_gmt":"2020-06-11T05:58:59","guid":{"rendered":"https:\/\/relaisgourmet.com\/produit\/el-abecedario-del-pais-vasco-tomo-2-ebook\/"},"modified":"2025-04-12T23:09:46","modified_gmt":"2025-04-12T21:09:46","slug":"el-abecedario-del-pais-vasco-tomo-2-ebook","status":"publish","type":"product","link":"https:\/\/relaisgourmet.com\/es\/producto\/el-abecedario-del-pais-vasco-tomo-2-ebook\/","title":{"rendered":"El Abecedario del Pa\u00eds Vasco - TOMO 2 - eBook"},"content":{"rendered":"<p>Contin\u00faa tu descubrimiento a trav\u00e9s de este segundo volumen del Abecedario del Pa\u00eds Vasco:<\/p>\n<p>Recordatorio: Un abecedario es una gu\u00eda exploratoria, un viaje donde cada letra del alfabeto sirve como br\u00fajula para navegar a trav\u00e9s de temas, autores, g\u00e9neros, personajes, lugares y mucho m\u00e1s. \u00a1Este concepto asocia cada letra con una palabra clave representativa!<\/p>\n<p>Un paseo por el coraz\u00f3n del Pa\u00eds Vasco: descubre pueblos t\u00edpicos, tradiciones, gastronom\u00eda&#8230;<\/p>\n<p>Los cap\u00edtulos est\u00e1n ilustrados con fotos y dibujos que aportan un toque personal y original a esta obra.<\/p>\n<p>Escrito por un entusiasta del Pa\u00eds Vasco, este libro es una gu\u00eda valiosa para descubrir y comprender mejor esta regi\u00f3n rica en cultura y patrimonio.<\/p>\n<p>\u00a1Una lectura imprescindible si eres curioso!<\/p>\n<p>Con el Abecedario del Pa\u00eds Vasco, estar\u00e1s preparado para cualquier ocasi\u00f3n y podr\u00e1s disfrutar de nuestros diversos foie gras.<\/p>\n<p>Relais Gourmet te invita a descubrir el Pa\u00eds Vasco a trav\u00e9s de un Abecedario rico en gastronom\u00eda, folclore y patrimonio hist\u00f3rico.<\/p>\n<p><strong>Encuentra todos nuestros consejos de preparaci\u00f3n en la secci\u00f3n \u00abNuestros Consejos\u00bb y todos nuestros productos en la tienda Relais Gourmet. No dudes en visitar nuestro blog para descubrir nuestras recetas y otras novedades.<\/strong><\/p>\n<p>Finalmente, para una comida gourmet, \u00bfpor qu\u00e9 no terminar con unos deliciosos turrones Mar\u00eda Simona?<\/p>\n<p>Peio E.: \u00abUna perspectiva fresca y nueva para seguir haci\u00e9ndote viajar a ambos lados de los Pirineos\u00bb<\/p>\n<p>Ander P.: \u00abUna obra muy instructiva\u00bb<\/p>\n<p>ARCHIVO: pdf<\/p>\n<p>AUTOR: Yaqueche<\/p>\n<p>N\u00daMERO DE P\u00c1GINAS: 30<\/p>\n","protected":false},"excerpt":{"rendered":"<p><strong>Contin\u00faa tu caminata m\u00e1s all\u00e1 de los picos dominantes del Pa\u00eds Vasco.<\/strong><\/p>\n<p><strong><em>Esta obra se ofrece con cualquier pedido superior a 89\u20ac.<\/em><\/strong><\/p>\n<p>Sobrevuela estos lugares hist\u00f3ricos y misteriosos a trav\u00e9s de este segundo volumen digital.<\/p>\n<p>ARCHIVO: pdf<\/p>\n<p>AUTOR: Yaqueche<\/p>\n<p>N\u00daMERO DE P\u00c1GINAS: 30<\/p>\n","protected":false},"featured_media":39249,"comment_status":"closed","ping_status":"closed","template":"","meta":[],"product_brand":[],"product_cat":[1200],"product_tag":[1868],"giftcard-category":[],"class_list":{"0":"post-41898","1":"product","2":"type-product","3":"status-publish","4":"has-post-thumbnail","6":"product_cat-ebook","7":"product_tag-ebook-es","8":"product_shipping_class-standard-es","10":"first","11":"instock","12":"downloadable","13":"virtual","14":"taxable","15":"purchasable","16":"product-type-simple"},"yoast_head":"<!-- This site is optimized with the Yoast SEO Premium plugin v27.0 (Yoast SEO v27.0) - https:\/\/yoast.com\/product\/yoast-seo-premium-wordpress\/ -->\n<title>Abecedario Pa\u00eds Vasco Vol. 2 - Cultura vasca<\/title>\n<meta name=\"description\" content=\"Segundo tomo del Abecedario del Pa\u00eds Vasco: explora gastronom\u00eda, pueblos y costumbres en este eBook \u00fanico.\" \/>\n<meta name=\"robots\" content=\"index, follow, max-snippet:-1, max-image-preview:large, max-video-preview:-1\" \/>\n<link rel=\"canonical\" href=\"https:\/\/relaisgourmet.com\/es\/producto\/el-abecedario-del-pais-vasco-tomo-2-ebook\/\" \/>\n<meta property=\"og:locale\" content=\"es_ES\" \/>\n<meta property=\"og:type\" content=\"article\" \/>\n<meta property=\"og:title\" content=\"El Abecedario del Pa\u00eds Vasco - TOMO 2 - eBook\" \/>\n<meta property=\"og:description\" content=\"Segundo tomo del Abecedario del Pa\u00eds Vasco: explora gastronom\u00eda, pueblos y costumbres en este eBook \u00fanico.\" \/>\n<meta property=\"og:url\" content=\"https:\/\/relaisgourmet.com\/es\/producto\/el-abecedario-del-pais-vasco-tomo-2-ebook\/\" \/>\n<meta property=\"og:site_name\" content=\"Relais Gourmet\" \/>\n<meta property=\"article:publisher\" content=\"https:\/\/facebook.com\/yoast\" \/>\n<meta property=\"article:modified_time\" content=\"2025-04-12T21:09:46+00:00\" \/>\n<meta property=\"og:image\" content=\"https:\/\/relaisgourmet.com\/wp-content\/uploads\/2024\/09\/Design-sans-titre-1.png\" \/>\n\t<meta property=\"og:image:width\" content=\"600\" \/>\n\t<meta property=\"og:image:height\" content=\"600\" \/>\n\t<meta property=\"og:image:type\" content=\"image\/png\" \/>\n<meta name=\"twitter:card\" content=\"summary_large_image\" \/>\n<meta name=\"twitter:label1\" content=\"Tiempo de lectura\" \/>\n\t<meta name=\"twitter:data1\" content=\"1 minuto\" \/>\n<script type=\"application\/ld+json\" class=\"yoast-schema-graph\">{\"@context\":\"https:\/\/schema.org\",\"@graph\":[{\"@type\":\"WebPage\",\"@id\":\"https:\/\/relaisgourmet.com\/es\/producto\/el-abecedario-del-pais-vasco-tomo-2-ebook\/\",\"url\":\"https:\/\/relaisgourmet.com\/es\/producto\/el-abecedario-del-pais-vasco-tomo-2-ebook\/\",\"name\":\"Abecedario Pa\u00eds Vasco Vol. 2 - Cultura vasca\",\"isPartOf\":{\"@id\":\"https:\/\/relaisgourmet.com\/es\/#website\"},\"primaryImageOfPage\":{\"@id\":\"https:\/\/relaisgourmet.com\/es\/producto\/el-abecedario-del-pais-vasco-tomo-2-ebook\/#primaryimage\"},\"image\":{\"@id\":\"https:\/\/relaisgourmet.com\/es\/producto\/el-abecedario-del-pais-vasco-tomo-2-ebook\/#primaryimage\"},\"thumbnailUrl\":\"https:\/\/relaisgourmet.com\/wp-content\/uploads\/2024\/09\/Design-sans-titre-1.png\",\"datePublished\":\"2020-06-11T05:58:59+00:00\",\"dateModified\":\"2025-04-12T21:09:46+00:00\",\"description\":\"Segundo tomo del Abecedario del Pa\u00eds Vasco: explora gastronom\u00eda, pueblos y costumbres en este eBook \u00fanico.\",\"breadcrumb\":{\"@id\":\"https:\/\/relaisgourmet.com\/es\/producto\/el-abecedario-del-pais-vasco-tomo-2-ebook\/#breadcrumb\"},\"inLanguage\":\"es\",\"potentialAction\":[{\"@type\":\"ReadAction\",\"target\":[\"https:\/\/relaisgourmet.com\/es\/producto\/el-abecedario-del-pais-vasco-tomo-2-ebook\/\"]}]},{\"@type\":\"ImageObject\",\"inLanguage\":\"es\",\"@id\":\"https:\/\/relaisgourmet.com\/es\/producto\/el-abecedario-del-pais-vasco-tomo-2-ebook\/#primaryimage\",\"url\":\"https:\/\/relaisgourmet.com\/wp-content\/uploads\/2024\/09\/Design-sans-titre-1.png\",\"contentUrl\":\"https:\/\/relaisgourmet.com\/wp-content\/uploads\/2024\/09\/Design-sans-titre-1.png\",\"width\":600,\"height\":600,\"caption\":\"ab\u00e9c\u00e9daire du pays basque 2\"},{\"@type\":\"BreadcrumbList\",\"@id\":\"https:\/\/relaisgourmet.com\/es\/producto\/el-abecedario-del-pais-vasco-tomo-2-ebook\/#breadcrumb\",\"itemListElement\":[{\"@type\":\"ListItem\",\"position\":1,\"name\":\"Inicio\",\"item\":\"https:\/\/relaisgourmet.com\/es\/\"},{\"@type\":\"ListItem\",\"position\":2,\"name\":\"Aut\u00e9ntico foie gras\",\"item\":\"https:\/\/relaisgourmet.com\/es\/autentico-foie-gras\/\"},{\"@type\":\"ListItem\",\"position\":3,\"name\":\"El Abecedario del Pa\u00eds Vasco &#8211; TOMO 2 &#8211; eBook\"}]},{\"@type\":\"WebSite\",\"@id\":\"https:\/\/relaisgourmet.com\/es\/#website\",\"url\":\"https:\/\/relaisgourmet.com\/es\/\",\"name\":\"Relais Gourmet\",\"description\":\"Maison Gastronomique au Pays-Basque Depuis 2004\",\"publisher\":{\"@id\":\"https:\/\/relaisgourmet.com\/es\/#organization\"},\"potentialAction\":[{\"@type\":\"SearchAction\",\"target\":{\"@type\":\"EntryPoint\",\"urlTemplate\":\"https:\/\/relaisgourmet.com\/es\/?s={search_term_string}\"},\"query-input\":{\"@type\":\"PropertyValueSpecification\",\"valueRequired\":true,\"valueName\":\"search_term_string\"}}],\"inLanguage\":\"es\"},{\"@type\":\"Organization\",\"@id\":\"https:\/\/relaisgourmet.com\/es\/#organization\",\"name\":\"Relais Gourmet\",\"url\":\"https:\/\/relaisgourmet.com\/es\/\",\"logo\":{\"@type\":\"ImageObject\",\"inLanguage\":\"es\",\"@id\":\"https:\/\/relaisgourmet.com\/es\/#\/schema\/logo\/image\/\",\"url\":\"https:\/\/relaisgourmet.com\/wp-content\/uploads\/2024\/11\/Diseno-sin-titulo-8.jpg\",\"contentUrl\":\"https:\/\/relaisgourmet.com\/wp-content\/uploads\/2024\/11\/Diseno-sin-titulo-8.jpg\",\"width\":500,\"height\":500,\"caption\":\"Relais Gourmet\"},\"image\":{\"@id\":\"https:\/\/relaisgourmet.com\/es\/#\/schema\/logo\/image\/\"},\"sameAs\":[\"https:\/\/facebook.com\/yoast\",\"https:\/\/instagram.com\/yoast\"]}]}<\/script>\n<!-- \/ Yoast SEO Premium plugin. -->","yoast_head_json":{"title":"Abecedario Pa\u00eds Vasco Vol. 2 - Cultura vasca","description":"Segundo tomo del Abecedario del Pa\u00eds Vasco: explora gastronom\u00eda, pueblos y costumbres en este eBook \u00fanico.","robots":{"index":"index","follow":"follow","max-snippet":"max-snippet:-1","max-image-preview":"max-image-preview:large","max-video-preview":"max-video-preview:-1"},"canonical":"https:\/\/relaisgourmet.com\/es\/producto\/el-abecedario-del-pais-vasco-tomo-2-ebook\/","og_locale":"es_ES","og_type":"article","og_title":"El Abecedario del Pa\u00eds Vasco - TOMO 2 - eBook","og_description":"Segundo tomo del Abecedario del Pa\u00eds Vasco: explora gastronom\u00eda, pueblos y costumbres en este eBook \u00fanico.","og_url":"https:\/\/relaisgourmet.com\/es\/producto\/el-abecedario-del-pais-vasco-tomo-2-ebook\/","og_site_name":"Relais Gourmet","article_publisher":"https:\/\/facebook.com\/yoast","article_modified_time":"2025-04-12T21:09:46+00:00","og_image":[{"width":600,"height":600,"url":"https:\/\/relaisgourmet.com\/wp-content\/uploads\/2024\/09\/Design-sans-titre-1.png","type":"image\/png"}],"twitter_card":"summary_large_image","twitter_misc":{"Tiempo de lectura":"1 minuto"},"schema":{"@context":"https:\/\/schema.org","@graph":[{"@type":"WebPage","@id":"https:\/\/relaisgourmet.com\/es\/producto\/el-abecedario-del-pais-vasco-tomo-2-ebook\/","url":"https:\/\/relaisgourmet.com\/es\/producto\/el-abecedario-del-pais-vasco-tomo-2-ebook\/","name":"Abecedario Pa\u00eds Vasco Vol. 2 - Cultura vasca","isPartOf":{"@id":"https:\/\/relaisgourmet.com\/es\/#website"},"primaryImageOfPage":{"@id":"https:\/\/relaisgourmet.com\/es\/producto\/el-abecedario-del-pais-vasco-tomo-2-ebook\/#primaryimage"},"image":{"@id":"https:\/\/relaisgourmet.com\/es\/producto\/el-abecedario-del-pais-vasco-tomo-2-ebook\/#primaryimage"},"thumbnailUrl":"https:\/\/relaisgourmet.com\/wp-content\/uploads\/2024\/09\/Design-sans-titre-1.png","datePublished":"2020-06-11T05:58:59+00:00","dateModified":"2025-04-12T21:09:46+00:00","description":"Segundo tomo del Abecedario del Pa\u00eds Vasco: explora gastronom\u00eda, pueblos y costumbres en este eBook \u00fanico.","breadcrumb":{"@id":"https:\/\/relaisgourmet.com\/es\/producto\/el-abecedario-del-pais-vasco-tomo-2-ebook\/#breadcrumb"},"inLanguage":"es","potentialAction":[{"@type":"ReadAction","target":["https:\/\/relaisgourmet.com\/es\/producto\/el-abecedario-del-pais-vasco-tomo-2-ebook\/"]}]},{"@type":"ImageObject","inLanguage":"es","@id":"https:\/\/relaisgourmet.com\/es\/producto\/el-abecedario-del-pais-vasco-tomo-2-ebook\/#primaryimage","url":"https:\/\/relaisgourmet.com\/wp-content\/uploads\/2024\/09\/Design-sans-titre-1.png","contentUrl":"https:\/\/relaisgourmet.com\/wp-content\/uploads\/2024\/09\/Design-sans-titre-1.png","width":600,"height":600,"caption":"ab\u00e9c\u00e9daire du pays basque 2"},{"@type":"BreadcrumbList","@id":"https:\/\/relaisgourmet.com\/es\/producto\/el-abecedario-del-pais-vasco-tomo-2-ebook\/#breadcrumb","itemListElement":[{"@type":"ListItem","position":1,"name":"Inicio","item":"https:\/\/relaisgourmet.com\/es\/"},{"@type":"ListItem","position":2,"name":"Aut\u00e9ntico foie gras","item":"https:\/\/relaisgourmet.com\/es\/autentico-foie-gras\/"},{"@type":"ListItem","position":3,"name":"El Abecedario del Pa\u00eds Vasco &#8211; TOMO 2 &#8211; eBook"}]},{"@type":"WebSite","@id":"https:\/\/relaisgourmet.com\/es\/#website","url":"https:\/\/relaisgourmet.com\/es\/","name":"Relais Gourmet","description":"Maison Gastronomique au Pays-Basque Depuis 2004","publisher":{"@id":"https:\/\/relaisgourmet.com\/es\/#organization"},"potentialAction":[{"@type":"SearchAction","target":{"@type":"EntryPoint","urlTemplate":"https:\/\/relaisgourmet.com\/es\/?s={search_term_string}"},"query-input":{"@type":"PropertyValueSpecification","valueRequired":true,"valueName":"search_term_string"}}],"inLanguage":"es"},{"@type":"Organization","@id":"https:\/\/relaisgourmet.com\/es\/#organization","name":"Relais Gourmet","url":"https:\/\/relaisgourmet.com\/es\/","logo":{"@type":"ImageObject","inLanguage":"es","@id":"https:\/\/relaisgourmet.com\/es\/#\/schema\/logo\/image\/","url":"https:\/\/relaisgourmet.com\/wp-content\/uploads\/2024\/11\/Diseno-sin-titulo-8.jpg","contentUrl":"https:\/\/relaisgourmet.com\/wp-content\/uploads\/2024\/11\/Diseno-sin-titulo-8.jpg","width":500,"height":500,"caption":"Relais Gourmet"},"image":{"@id":"https:\/\/relaisgourmet.com\/es\/#\/schema\/logo\/image\/"},"sameAs":["https:\/\/facebook.com\/yoast","https:\/\/instagram.com\/yoast"]}]}},"_links":{"self":[{"href":"https:\/\/relaisgourmet.com\/es\/wp-json\/wp\/v2\/product\/41898","targetHints":{"allow":["GET"]}}],"collection":[{"href":"https:\/\/relaisgourmet.com\/es\/wp-json\/wp\/v2\/product"}],"about":[{"href":"https:\/\/relaisgourmet.com\/es\/wp-json\/wp\/v2\/types\/product"}],"replies":[{"embeddable":true,"href":"https:\/\/relaisgourmet.com\/es\/wp-json\/wp\/v2\/comments?post=41898"}],"version-history":[{"count":0,"href":"https:\/\/relaisgourmet.com\/es\/wp-json\/wp\/v2\/product\/41898\/revisions"}],"wp:featuredmedia":[{"embeddable":true,"href":"https:\/\/relaisgourmet.com\/es\/wp-json\/wp\/v2\/media\/39249"}],"wp:attachment":[{"href":"https:\/\/relaisgourmet.com\/es\/wp-json\/wp\/v2\/media?parent=41898"}],"wp:term":[{"taxonomy":"product_brand","embeddable":true,"href":"https:\/\/relaisgourmet.com\/es\/wp-json\/wp\/v2\/product_brand?post=41898"},{"taxonomy":"product_cat","embeddable":true,"href":"https:\/\/relaisgourmet.com\/es\/wp-json\/wp\/v2\/product_cat?post=41898"},{"taxonomy":"product_tag","embeddable":true,"href":"https:\/\/relaisgourmet.com\/es\/wp-json\/wp\/v2\/product_tag?post=41898"},{"taxonomy":"giftcard-category","embeddable":true,"href":"https:\/\/relaisgourmet.com\/es\/wp-json\/wp\/v2\/giftcard-category?post=41898"}],"curies":[{"name":"wp","href":"https:\/\/api.w.org\/{rel}","templated":true}]}}