{"id":41894,"date":"2020-07-03T09:01:31","date_gmt":"2020-07-03T07:01:31","guid":{"rendered":"https:\/\/relaisgourmet.com\/produit\/la-cartilla-del-pais-vasco-volumen-3-ebook\/"},"modified":"2025-04-12T23:09:46","modified_gmt":"2025-04-12T21:09:46","slug":"la-cartilla-del-pais-vasco-volumen-3-ebook","status":"publish","type":"product","link":"https:\/\/relaisgourmet.com\/es\/producto\/la-cartilla-del-pais-vasco-volumen-3-ebook\/","title":{"rendered":"La cartilla del Pa\u00eds Vasco - Volumen 3 - eBook"},"content":{"rendered":"<p><strong>Sigue descubriendo la historia y los tesoros del Pa\u00eds Vasco con esta tercera versi\u00f3n digital de El abecedario del Pa\u00eds Vasco.<\/strong><\/p>\n<p>Un breve recordatorio: Una cartilla es una gu\u00eda de exploraci\u00f3n, un viaje en el que cada letra del alfabeto se utiliza como br\u00fajula para navegar a trav\u00e9s de temas, autores, g\u00e9neros, personajes, lugares y mucho m\u00e1s. Este concepto asocia cada letra a una palabra clave representativa.<\/p>\n<p>Se compone de varios cap\u00edtulos que abarcan una amplia gama de temas, como la historia, la literatura, la m\u00fasica, la gastronom\u00eda, la artesan\u00eda, las tradiciones y mucho m\u00e1s.<\/p>\n<p>Estos cap\u00edtulos est\u00e1n ilustrados con fotos y dibujos que aportan un toque personal y original al libro.<\/p>\n<p>Escrito por un apasionado del Pa\u00eds Vasco, este libro es una gu\u00eda inestimable para descubrir y comprender mejor esta regi\u00f3n rica en cultura y patrimonio.<\/p>\n<p>Este libro es gratuito con cualquier pedido superior a 99 euros.<\/p>\n<p>Relais Gourmet le invita a descubrir el Pa\u00eds Vasco a trav\u00e9s de una cartilla rica en gastronom\u00eda, folclore y patrimonio hist\u00f3rico.<\/p>\n<p>Con la Cartilla del Pa\u00eds Vasco, estar\u00e1 bien equipado para cualquier ocasi\u00f3n y podr\u00e1 degustar nuestros diferentes foies gras.<\/p>\n<p>Encontrar\u00e1 todos nuestros consejos de preparaci\u00f3n en la secci\u00f3n Consejos, y todos nuestros productos en la tienda Relais Gourmet. No dude en visitar nuestro blog para descubrir nuestras recetas y otras novedades.<\/p>\n<p>Para una comida gourmet, \u00bfpor qu\u00e9 no rematarla con unos deliciosos Turrones Maria Simona?<\/p>\n<p>ARCHIVO: pdf<\/p>\n<p>AUTOR: Yaqueche<\/p>\n<p>N\u00daMERO DE P\u00c1GINAS: 34 p\u00e1ginas<\/p>\n","protected":false},"excerpt":{"rendered":"<p><strong>Conozca mejor la historia y los tesoros del Pa\u00eds Vasco en esta tercera versi\u00f3n digital del libro.<\/strong><\/p>\n<p><em><strong>Este libro es gratuito con cualquier pedido superior a 99\u20ac.<\/strong><\/em><\/p>\n<p>Relais Gourmet le invita a descubrir el Pa\u00eds Vasco a trav\u00e9s de una cartilla rica en gastronom\u00eda, folclore y patrimonio hist\u00f3rico.<\/p>\n<p>ARCHIVO: pdf<\/p>\n<p>AUTOR: Yaqueche<\/p>\n<p>N\u00daMERO DE P\u00c1GINAS: 34 p\u00e1ginas<\/p>\n","protected":false},"featured_media":39313,"comment_status":"closed","ping_status":"closed","template":"","meta":[],"product_brand":[],"product_cat":[1200],"product_tag":[1236,1868],"giftcard-category":[],"class_list":{"0":"post-41894","1":"product","2":"type-product","3":"status-publish","4":"has-post-thumbnail","6":"product_cat-ebook","7":"product_tag-3-es","8":"product_tag-ebook-es","9":"product_shipping_class-standard-es","11":"first","12":"instock","13":"downloadable","14":"virtual","15":"taxable","16":"purchasable","17":"product-type-simple"},"yoast_head":"<!-- This site is optimized with the Yoast SEO Premium plugin v27.0 (Yoast SEO v27.3) - https:\/\/yoast.com\/product\/yoast-seo-premium-wordpress\/ -->\n<title>Cartilla Pa\u00eds Vasco Vol. 3 - Historia y cultura<\/title>\n<meta name=\"description\" content=\"Volumen 3 de la cartilla del Pa\u00eds Vasco: un eBook para descubrir historia, cultura y gastronom\u00eda vasca de forma amena.\" \/>\n<meta name=\"robots\" content=\"index, follow, max-snippet:-1, max-image-preview:large, max-video-preview:-1\" \/>\n<link rel=\"canonical\" href=\"https:\/\/relaisgourmet.com\/es\/producto\/la-cartilla-del-pais-vasco-volumen-3-ebook\/\" \/>\n<meta property=\"og:locale\" content=\"es_ES\" \/>\n<meta property=\"og:type\" content=\"article\" \/>\n<meta property=\"og:title\" content=\"La cartilla del Pa\u00eds Vasco - Volumen 3 - eBook\" \/>\n<meta property=\"og:description\" content=\"Volumen 3 de la cartilla del Pa\u00eds Vasco: un eBook para descubrir historia, cultura y gastronom\u00eda vasca de forma amena.\" \/>\n<meta property=\"og:url\" content=\"https:\/\/relaisgourmet.com\/es\/producto\/la-cartilla-del-pais-vasco-volumen-3-ebook\/\" \/>\n<meta property=\"og:site_name\" content=\"Relais Gourmet\" \/>\n<meta property=\"article:publisher\" content=\"https:\/\/facebook.com\/yoast\" \/>\n<meta property=\"article:modified_time\" content=\"2025-04-12T21:09:46+00:00\" \/>\n<meta property=\"og:image\" content=\"https:\/\/relaisgourmet.com\/wp-content\/uploads\/2024\/09\/abecedaire-3-1.png\" \/>\n\t<meta property=\"og:image:width\" content=\"600\" \/>\n\t<meta property=\"og:image:height\" content=\"600\" \/>\n\t<meta property=\"og:image:type\" content=\"image\/png\" \/>\n<meta name=\"twitter:card\" content=\"summary_large_image\" \/>\n<meta name=\"twitter:label1\" content=\"Tiempo de lectura\" \/>\n\t<meta name=\"twitter:data1\" content=\"1 minuto\" \/>\n<script type=\"application\/ld+json\" class=\"yoast-schema-graph\">{\"@context\":\"https:\\\/\\\/schema.org\",\"@graph\":[{\"@type\":\"WebPage\",\"@id\":\"https:\\\/\\\/relaisgourmet.com\\\/es\\\/producto\\\/la-cartilla-del-pais-vasco-volumen-3-ebook\\\/\",\"url\":\"https:\\\/\\\/relaisgourmet.com\\\/es\\\/producto\\\/la-cartilla-del-pais-vasco-volumen-3-ebook\\\/\",\"name\":\"Cartilla Pa\u00eds Vasco Vol. 3 - Historia y cultura\",\"isPartOf\":{\"@id\":\"https:\\\/\\\/relaisgourmet.com\\\/es\\\/#website\"},\"primaryImageOfPage\":{\"@id\":\"https:\\\/\\\/relaisgourmet.com\\\/es\\\/producto\\\/la-cartilla-del-pais-vasco-volumen-3-ebook\\\/#primaryimage\"},\"image\":{\"@id\":\"https:\\\/\\\/relaisgourmet.com\\\/es\\\/producto\\\/la-cartilla-del-pais-vasco-volumen-3-ebook\\\/#primaryimage\"},\"thumbnailUrl\":\"https:\\\/\\\/relaisgourmet.com\\\/wp-content\\\/uploads\\\/2024\\\/09\\\/abecedaire-3-1.png\",\"datePublished\":\"2020-07-03T07:01:31+00:00\",\"dateModified\":\"2025-04-12T21:09:46+00:00\",\"description\":\"Volumen 3 de la cartilla del Pa\u00eds Vasco: un eBook para descubrir historia, cultura y gastronom\u00eda vasca de forma amena.\",\"breadcrumb\":{\"@id\":\"https:\\\/\\\/relaisgourmet.com\\\/es\\\/producto\\\/la-cartilla-del-pais-vasco-volumen-3-ebook\\\/#breadcrumb\"},\"inLanguage\":\"es\",\"potentialAction\":[{\"@type\":\"ReadAction\",\"target\":[\"https:\\\/\\\/relaisgourmet.com\\\/es\\\/producto\\\/la-cartilla-del-pais-vasco-volumen-3-ebook\\\/\"]}]},{\"@type\":\"ImageObject\",\"inLanguage\":\"es\",\"@id\":\"https:\\\/\\\/relaisgourmet.com\\\/es\\\/producto\\\/la-cartilla-del-pais-vasco-volumen-3-ebook\\\/#primaryimage\",\"url\":\"https:\\\/\\\/relaisgourmet.com\\\/wp-content\\\/uploads\\\/2024\\\/09\\\/abecedaire-3-1.png\",\"contentUrl\":\"https:\\\/\\\/relaisgourmet.com\\\/wp-content\\\/uploads\\\/2024\\\/09\\\/abecedaire-3-1.png\",\"width\":600,\"height\":600,\"caption\":\"ab\u00e9c\u00e9daire du pays basque volume 3\"},{\"@type\":\"BreadcrumbList\",\"@id\":\"https:\\\/\\\/relaisgourmet.com\\\/es\\\/producto\\\/la-cartilla-del-pais-vasco-volumen-3-ebook\\\/#breadcrumb\",\"itemListElement\":[{\"@type\":\"ListItem\",\"position\":1,\"name\":\"Inicio\",\"item\":\"https:\\\/\\\/relaisgourmet.com\\\/es\\\/\"},{\"@type\":\"ListItem\",\"position\":2,\"name\":\"Aut\u00e9ntico foie gras\",\"item\":\"https:\\\/\\\/relaisgourmet.com\\\/es\\\/autentico-foie-gras\\\/\"},{\"@type\":\"ListItem\",\"position\":3,\"name\":\"La cartilla del Pa\u00eds Vasco &#8211; Volumen 3 &#8211; eBook\"}]},{\"@type\":\"WebSite\",\"@id\":\"https:\\\/\\\/relaisgourmet.com\\\/es\\\/#website\",\"url\":\"https:\\\/\\\/relaisgourmet.com\\\/es\\\/\",\"name\":\"Relais Gourmet\",\"description\":\"Maison Gastronomique au Pays-Basque Depuis 2004\",\"publisher\":{\"@id\":\"https:\\\/\\\/relaisgourmet.com\\\/es\\\/#organization\"},\"potentialAction\":[{\"@type\":\"SearchAction\",\"target\":{\"@type\":\"EntryPoint\",\"urlTemplate\":\"https:\\\/\\\/relaisgourmet.com\\\/es\\\/?s={search_term_string}\"},\"query-input\":{\"@type\":\"PropertyValueSpecification\",\"valueRequired\":true,\"valueName\":\"search_term_string\"}}],\"inLanguage\":\"es\"},{\"@type\":\"Organization\",\"@id\":\"https:\\\/\\\/relaisgourmet.com\\\/es\\\/#organization\",\"name\":\"Relais Gourmet\",\"url\":\"https:\\\/\\\/relaisgourmet.com\\\/es\\\/\",\"logo\":{\"@type\":\"ImageObject\",\"inLanguage\":\"es\",\"@id\":\"https:\\\/\\\/relaisgourmet.com\\\/es\\\/#\\\/schema\\\/logo\\\/image\\\/\",\"url\":\"https:\\\/\\\/relaisgourmet.com\\\/wp-content\\\/uploads\\\/2024\\\/11\\\/Diseno-sin-titulo-8.jpg\",\"contentUrl\":\"https:\\\/\\\/relaisgourmet.com\\\/wp-content\\\/uploads\\\/2024\\\/11\\\/Diseno-sin-titulo-8.jpg\",\"width\":500,\"height\":500,\"caption\":\"Relais Gourmet\"},\"image\":{\"@id\":\"https:\\\/\\\/relaisgourmet.com\\\/es\\\/#\\\/schema\\\/logo\\\/image\\\/\"},\"sameAs\":[\"https:\\\/\\\/facebook.com\\\/yoast\",\"https:\\\/\\\/instagram.com\\\/yoast\"]}]}<\/script>\n<!-- \/ Yoast SEO Premium plugin. -->","yoast_head_json":{"title":"Cartilla Pa\u00eds Vasco Vol. 3 - Historia y cultura","description":"Volumen 3 de la cartilla del Pa\u00eds Vasco: un eBook para descubrir historia, cultura y gastronom\u00eda vasca de forma amena.","robots":{"index":"index","follow":"follow","max-snippet":"max-snippet:-1","max-image-preview":"max-image-preview:large","max-video-preview":"max-video-preview:-1"},"canonical":"https:\/\/relaisgourmet.com\/es\/producto\/la-cartilla-del-pais-vasco-volumen-3-ebook\/","og_locale":"es_ES","og_type":"article","og_title":"La cartilla del Pa\u00eds Vasco - Volumen 3 - eBook","og_description":"Volumen 3 de la cartilla del Pa\u00eds Vasco: un eBook para descubrir historia, cultura y gastronom\u00eda vasca de forma amena.","og_url":"https:\/\/relaisgourmet.com\/es\/producto\/la-cartilla-del-pais-vasco-volumen-3-ebook\/","og_site_name":"Relais Gourmet","article_publisher":"https:\/\/facebook.com\/yoast","article_modified_time":"2025-04-12T21:09:46+00:00","og_image":[{"width":600,"height":600,"url":"https:\/\/relaisgourmet.com\/wp-content\/uploads\/2024\/09\/abecedaire-3-1.png","type":"image\/png"}],"twitter_card":"summary_large_image","twitter_misc":{"Tiempo de lectura":"1 minuto"},"schema":{"@context":"https:\/\/schema.org","@graph":[{"@type":"WebPage","@id":"https:\/\/relaisgourmet.com\/es\/producto\/la-cartilla-del-pais-vasco-volumen-3-ebook\/","url":"https:\/\/relaisgourmet.com\/es\/producto\/la-cartilla-del-pais-vasco-volumen-3-ebook\/","name":"Cartilla Pa\u00eds Vasco Vol. 3 - Historia y cultura","isPartOf":{"@id":"https:\/\/relaisgourmet.com\/es\/#website"},"primaryImageOfPage":{"@id":"https:\/\/relaisgourmet.com\/es\/producto\/la-cartilla-del-pais-vasco-volumen-3-ebook\/#primaryimage"},"image":{"@id":"https:\/\/relaisgourmet.com\/es\/producto\/la-cartilla-del-pais-vasco-volumen-3-ebook\/#primaryimage"},"thumbnailUrl":"https:\/\/relaisgourmet.com\/wp-content\/uploads\/2024\/09\/abecedaire-3-1.png","datePublished":"2020-07-03T07:01:31+00:00","dateModified":"2025-04-12T21:09:46+00:00","description":"Volumen 3 de la cartilla del Pa\u00eds Vasco: un eBook para descubrir historia, cultura y gastronom\u00eda vasca de forma amena.","breadcrumb":{"@id":"https:\/\/relaisgourmet.com\/es\/producto\/la-cartilla-del-pais-vasco-volumen-3-ebook\/#breadcrumb"},"inLanguage":"es","potentialAction":[{"@type":"ReadAction","target":["https:\/\/relaisgourmet.com\/es\/producto\/la-cartilla-del-pais-vasco-volumen-3-ebook\/"]}]},{"@type":"ImageObject","inLanguage":"es","@id":"https:\/\/relaisgourmet.com\/es\/producto\/la-cartilla-del-pais-vasco-volumen-3-ebook\/#primaryimage","url":"https:\/\/relaisgourmet.com\/wp-content\/uploads\/2024\/09\/abecedaire-3-1.png","contentUrl":"https:\/\/relaisgourmet.com\/wp-content\/uploads\/2024\/09\/abecedaire-3-1.png","width":600,"height":600,"caption":"ab\u00e9c\u00e9daire du pays basque volume 3"},{"@type":"BreadcrumbList","@id":"https:\/\/relaisgourmet.com\/es\/producto\/la-cartilla-del-pais-vasco-volumen-3-ebook\/#breadcrumb","itemListElement":[{"@type":"ListItem","position":1,"name":"Inicio","item":"https:\/\/relaisgourmet.com\/es\/"},{"@type":"ListItem","position":2,"name":"Aut\u00e9ntico foie gras","item":"https:\/\/relaisgourmet.com\/es\/autentico-foie-gras\/"},{"@type":"ListItem","position":3,"name":"La cartilla del Pa\u00eds Vasco &#8211; Volumen 3 &#8211; eBook"}]},{"@type":"WebSite","@id":"https:\/\/relaisgourmet.com\/es\/#website","url":"https:\/\/relaisgourmet.com\/es\/","name":"Relais Gourmet","description":"Maison Gastronomique au Pays-Basque Depuis 2004","publisher":{"@id":"https:\/\/relaisgourmet.com\/es\/#organization"},"potentialAction":[{"@type":"SearchAction","target":{"@type":"EntryPoint","urlTemplate":"https:\/\/relaisgourmet.com\/es\/?s={search_term_string}"},"query-input":{"@type":"PropertyValueSpecification","valueRequired":true,"valueName":"search_term_string"}}],"inLanguage":"es"},{"@type":"Organization","@id":"https:\/\/relaisgourmet.com\/es\/#organization","name":"Relais Gourmet","url":"https:\/\/relaisgourmet.com\/es\/","logo":{"@type":"ImageObject","inLanguage":"es","@id":"https:\/\/relaisgourmet.com\/es\/#\/schema\/logo\/image\/","url":"https:\/\/relaisgourmet.com\/wp-content\/uploads\/2024\/11\/Diseno-sin-titulo-8.jpg","contentUrl":"https:\/\/relaisgourmet.com\/wp-content\/uploads\/2024\/11\/Diseno-sin-titulo-8.jpg","width":500,"height":500,"caption":"Relais Gourmet"},"image":{"@id":"https:\/\/relaisgourmet.com\/es\/#\/schema\/logo\/image\/"},"sameAs":["https:\/\/facebook.com\/yoast","https:\/\/instagram.com\/yoast"]}]}},"_links":{"self":[{"href":"https:\/\/relaisgourmet.com\/es\/wp-json\/wp\/v2\/product\/41894","targetHints":{"allow":["GET"]}}],"collection":[{"href":"https:\/\/relaisgourmet.com\/es\/wp-json\/wp\/v2\/product"}],"about":[{"href":"https:\/\/relaisgourmet.com\/es\/wp-json\/wp\/v2\/types\/product"}],"replies":[{"embeddable":true,"href":"https:\/\/relaisgourmet.com\/es\/wp-json\/wp\/v2\/comments?post=41894"}],"version-history":[{"count":0,"href":"https:\/\/relaisgourmet.com\/es\/wp-json\/wp\/v2\/product\/41894\/revisions"}],"wp:featuredmedia":[{"embeddable":true,"href":"https:\/\/relaisgourmet.com\/es\/wp-json\/wp\/v2\/media\/39313"}],"wp:attachment":[{"href":"https:\/\/relaisgourmet.com\/es\/wp-json\/wp\/v2\/media?parent=41894"}],"wp:term":[{"taxonomy":"product_brand","embeddable":true,"href":"https:\/\/relaisgourmet.com\/es\/wp-json\/wp\/v2\/product_brand?post=41894"},{"taxonomy":"product_cat","embeddable":true,"href":"https:\/\/relaisgourmet.com\/es\/wp-json\/wp\/v2\/product_cat?post=41894"},{"taxonomy":"product_tag","embeddable":true,"href":"https:\/\/relaisgourmet.com\/es\/wp-json\/wp\/v2\/product_tag?post=41894"},{"taxonomy":"giftcard-category","embeddable":true,"href":"https:\/\/relaisgourmet.com\/es\/wp-json\/wp\/v2\/giftcard-category?post=41894"}],"curies":[{"name":"wp","href":"https:\/\/api.w.org\/{rel}","templated":true}]}}