{"id":41886,"date":"2024-03-06T13:07:02","date_gmt":"2024-03-06T12:07:02","guid":{"rendered":"https:\/\/relaisgourmet.com\/produit\/set-magrets-ahumados\/"},"modified":"2025-12-01T01:17:36","modified_gmt":"2025-12-01T00:17:36","slug":"set-magrets-ahumados","status":"publish","type":"product","link":"https:\/\/relaisgourmet.com\/es\/producto\/set-magrets-ahumados\/","title":{"rendered":"La Caja Quintaesencia"},"content":{"rendered":"<p data-start=\"190\" data-end=\"261\"><strong data-start=\"190\" data-end=\"259\">Descubre la Caja Quintaesencia: una experiencia gustativa \u00fanica<\/strong><\/p>\n<p data-start=\"263\" data-end=\"602\">La <strong data-start=\"266\" data-end=\"288\">Caja Quintaesencia<\/strong> es mucho m\u00e1s que un simple surtido: encarna la excelencia y el refinamiento a trav\u00e9s de tres opciones excepcionales. Ya sea para realzar un aperitivo, acompa\u00f1ar una comida festiva u ofrecer un regalo sofisticado, esta selecci\u00f3n har\u00e1 las delicias de los amantes de los sabores aut\u00e9nticos y refinados.<\/p>\n<h3 data-start=\"604\" data-end=\"631\">Una caja excepcional<\/h3>\n<p data-start=\"632\" data-end=\"917\">\u00bfBuscas un regalo original para un amante de la comida? La <strong data-start=\"704\" data-end=\"726\">Caja Quintaesencia<\/strong> es la idea perfecta. Elegantemente presentado, atrae a los amantes de los productos excepcionales y es una elecci\u00f3n prestigiosa para celebraciones, cumplea\u00f1os o cualquier ocasi\u00f3n especial.<\/p>\n<h3 data-start=\"919\" data-end=\"964\">La quintaesencia del compartir y la convivencia<\/h3>\n<p data-start=\"965\" data-end=\"1215\">No hay nada como un momento gourmet para reunir a tus seres queridos. La <strong data-start=\"1028\" data-end=\"1050\">Caja Quintaesencia<\/strong> te permite crear momentos \u00fanicos en torno a productos sabrosos. Imagina un aperitivo caliente, donde cada bocado revela sabores delicados y armoniosos.<\/p>\n<h3 data-start=\"1217\" data-end=\"1247\">La composici\u00f3n de la caja de quintaesencia<\/h3>\n<p data-start=\"1248\" data-end=\"1485\">En la <strong data-start=\"1256\" data-end=\"1278\">Caja Quintaesencia<\/strong>, encontrar\u00e1s tres sabrosas preparaciones que combinan Foie Gras y magret de pato ahumado (180 g). Esta sutil mezcla ofrece un equilibrio perfecto entre suavidad y car\u00e1cter, ideal para realzar tus catas.<\/p>\n<p data-start=\"1487\" data-end=\"1506\"><strong data-start=\"1487\" data-end=\"1502\">Ingredientes<\/strong>:<\/p>\n<ul data-start=\"1507\" data-end=\"1617\">\n<li data-start=\"1507\" data-end=\"1536\">Foie gras de pato (20%)<\/li>\n<li data-start=\"1537\" data-end=\"1568\">Grasa y magro de pato<\/li>\n<li data-start=\"1569\" data-end=\"1588\">Grasa de cerdo<\/li>\n<li data-start=\"1589\" data-end=\"1617\">Huevo, leche, sal y especias<\/li>\n<\/ul>\n<p data-start=\"1619\" data-end=\"1735\">Sin conservantes, colorantes ni aditivos, la <strong data-start=\"1675\" data-end=\"1697\">caja Quintessence<\/strong> garantiza una calidad impecable.<\/p>\n<h3 data-start=\"1737\" data-end=\"1767\">Conservaci\u00f3n y asesoramiento<\/h3>\n<p data-start=\"1768\" data-end=\"1984\">Gracias a su larga conservaci\u00f3n (3 a\u00f1os a temperatura ambiente), puedes disfrutar de la <strong data-start=\"1864\" data-end=\"1886\">Caja Quintaesencia<\/strong> en cualquier momento. Una vez abierto, puede disfrutarse en 15 d\u00edas y conservarse en el frigor\u00edfico.<\/p>\n<p data-start=\"1986\" data-end=\"2159\">Lee nuestros consejos e ideas de degustaci\u00f3n en nuestro <a href=\"https:\/\/relaisgourmet.com\/blog-foies-gras-actualite\/\">Blog <\/a>y en nuestra p\u00e1gina de <a href=\"https:\/\/www.instagram.com\/relaisgourmetofficiel\/\">Instagram<\/a>. \u00a1Reg\u00e1late un momento excepcional con la <strong data-start=\"2115\" data-end=\"2137\">Caja Quintaesencia<\/strong> <a href=\"https:\/\/relaisgourmet.com\/\">Relais Gourmet<\/a>!<\/p>\n","protected":false},"excerpt":{"rendered":"<p>Una exquisita combinaci\u00f3n de Foie Gras y Magret Ahumado, ideal para aperitivos con amigos o familiares y picnics inolvidables.<\/p>\n<p><img decoding=\"async\" class=\"emoji\" role=\"img\" src=\"https:\/\/s.w.org\/images\/core\/emoji\/15.0.3\/svg\/1f1eb-1f1f7.svg\" alt=\"\ud83c\uddeb\ud83c\uddf7\">  Producci\u00f3n 100% francesa garantizada<br \/>\n\u2714 Garantizado sin conservantes, aditivos ni colorantes.<br \/>\n\ud83c\udf43 Patos alimentados con ma\u00edz amarillo<br \/>\n\ud83d\ude9a Entrega r\u00e1pida en todo el mundo<br \/>\n\ud83d\udd53 Se conserva 3 a\u00f1os<br \/>\n\ud83d\udd10 Pago seguro<\/p>\n<p>Peso neto: 540 g (3&#215;180)<\/p>\n","protected":false},"featured_media":58823,"comment_status":"closed","ping_status":"closed","template":"","meta":[],"product_brand":[],"product_cat":[1276,1280],"product_tag":[1872,1848,1849,1873,1874,1875,1876,1877,1850,1851],"giftcard-category":[],"class_list":{"0":"post-41886","1":"product","2":"type-product","3":"status-publish","4":"has-post-thumbnail","6":"product_cat-cesta-de-regalo","7":"product_cat-regalos-gourmet","8":"product_tag-achat-foie-gras-es","9":"product_tag-assortiment-es","10":"product_tag-bon-foie-gras-es","11":"product_tag-classique-es","12":"product_tag-foie-gras-a-larmagnac-es","13":"product_tag-foie-gras-au-piment-despelette-es","14":"product_tag-foie-gras-nature-es","15":"product_tag-foie-grqs-es","16":"product_tag-offre-es","17":"product_tag-pack-es","18":"product_shipping_class-standard-es","20":"first","21":"instock","22":"taxable","23":"shipping-taxable","24":"purchasable","25":"product-type-simple"},"yoast_head":"<!-- This site is optimized with the Yoast SEO Premium plugin v27.0 (Yoast SEO v27.0) - https:\/\/yoast.com\/product\/yoast-seo-premium-wordpress\/ -->\n<title>Caja Quintaesencia - Foie Gras premium<\/title>\n<meta name=\"description\" content=\"Descubre la Caja Quintaesencia, una celebraci\u00f3n del foie gras y el magret ahumado en formato regalo.\" \/>\n<meta name=\"robots\" content=\"index, follow, max-snippet:-1, max-image-preview:large, max-video-preview:-1\" \/>\n<link rel=\"canonical\" href=\"https:\/\/relaisgourmet.com\/es\/producto\/set-magrets-ahumados\/\" \/>\n<meta property=\"og:locale\" content=\"es_ES\" \/>\n<meta property=\"og:type\" content=\"article\" \/>\n<meta property=\"og:title\" content=\"La Caja Quintaesencia\" \/>\n<meta property=\"og:description\" content=\"Descubre la Caja Quintaesencia, una celebraci\u00f3n del foie gras y el magret ahumado en formato regalo.\" \/>\n<meta property=\"og:url\" content=\"https:\/\/relaisgourmet.com\/es\/producto\/set-magrets-ahumados\/\" \/>\n<meta property=\"og:site_name\" content=\"Relais Gourmet\" \/>\n<meta property=\"article:publisher\" content=\"https:\/\/facebook.com\/yoast\" \/>\n<meta property=\"article:modified_time\" content=\"2025-12-01T00:17:36+00:00\" \/>\n<meta property=\"og:image\" content=\"https:\/\/relaisgourmet.com\/wp-content\/uploads\/2024\/09\/coffret-quintescence-x3-1.jpg\" \/>\n\t<meta property=\"og:image:width\" content=\"2500\" \/>\n\t<meta property=\"og:image:height\" content=\"1667\" \/>\n\t<meta property=\"og:image:type\" content=\"image\/jpeg\" \/>\n<meta name=\"twitter:card\" content=\"summary_large_image\" \/>\n<meta name=\"twitter:label1\" content=\"Tiempo de lectura\" \/>\n\t<meta name=\"twitter:data1\" content=\"1 minuto\" \/>\n<script type=\"application\/ld+json\" class=\"yoast-schema-graph\">{\"@context\":\"https:\/\/schema.org\",\"@graph\":[{\"@type\":\"WebPage\",\"@id\":\"https:\/\/relaisgourmet.com\/es\/producto\/set-magrets-ahumados\/\",\"url\":\"https:\/\/relaisgourmet.com\/es\/producto\/set-magrets-ahumados\/\",\"name\":\"Caja Quintaesencia - Foie Gras premium\",\"isPartOf\":{\"@id\":\"https:\/\/relaisgourmet.com\/es\/#website\"},\"primaryImageOfPage\":{\"@id\":\"https:\/\/relaisgourmet.com\/es\/producto\/set-magrets-ahumados\/#primaryimage\"},\"image\":{\"@id\":\"https:\/\/relaisgourmet.com\/es\/producto\/set-magrets-ahumados\/#primaryimage\"},\"thumbnailUrl\":\"https:\/\/relaisgourmet.com\/wp-content\/uploads\/2024\/03\/Quintessence-x3.jpg\",\"datePublished\":\"2024-03-06T12:07:02+00:00\",\"dateModified\":\"2025-12-01T00:17:36+00:00\",\"description\":\"Descubre la Caja Quintaesencia, una celebraci\u00f3n del foie gras y el magret ahumado en formato regalo.\",\"breadcrumb\":{\"@id\":\"https:\/\/relaisgourmet.com\/es\/producto\/set-magrets-ahumados\/#breadcrumb\"},\"inLanguage\":\"es\",\"potentialAction\":[{\"@type\":\"ReadAction\",\"target\":[\"https:\/\/relaisgourmet.com\/es\/producto\/set-magrets-ahumados\/\"]}]},{\"@type\":\"ImageObject\",\"inLanguage\":\"es\",\"@id\":\"https:\/\/relaisgourmet.com\/es\/producto\/set-magrets-ahumados\/#primaryimage\",\"url\":\"https:\/\/relaisgourmet.com\/wp-content\/uploads\/2024\/03\/Quintessence-x3.jpg\",\"contentUrl\":\"https:\/\/relaisgourmet.com\/wp-content\/uploads\/2024\/03\/Quintessence-x3.jpg\",\"width\":1583,\"height\":1583,\"caption\":\"photographe d'entreprise, corporate, packshot, CV pau bearn pays basque\"},{\"@type\":\"BreadcrumbList\",\"@id\":\"https:\/\/relaisgourmet.com\/es\/producto\/set-magrets-ahumados\/#breadcrumb\",\"itemListElement\":[{\"@type\":\"ListItem\",\"position\":1,\"name\":\"Inicio\",\"item\":\"https:\/\/relaisgourmet.com\/es\/\"},{\"@type\":\"ListItem\",\"position\":2,\"name\":\"Aut\u00e9ntico foie gras\",\"item\":\"https:\/\/relaisgourmet.com\/es\/autentico-foie-gras\/\"},{\"@type\":\"ListItem\",\"position\":3,\"name\":\"La Caja Quintaesencia\"}]},{\"@type\":\"WebSite\",\"@id\":\"https:\/\/relaisgourmet.com\/es\/#website\",\"url\":\"https:\/\/relaisgourmet.com\/es\/\",\"name\":\"Relais Gourmet\",\"description\":\"Maison Gastronomique au Pays-Basque Depuis 2004\",\"publisher\":{\"@id\":\"https:\/\/relaisgourmet.com\/es\/#organization\"},\"potentialAction\":[{\"@type\":\"SearchAction\",\"target\":{\"@type\":\"EntryPoint\",\"urlTemplate\":\"https:\/\/relaisgourmet.com\/es\/?s={search_term_string}\"},\"query-input\":{\"@type\":\"PropertyValueSpecification\",\"valueRequired\":true,\"valueName\":\"search_term_string\"}}],\"inLanguage\":\"es\"},{\"@type\":\"Organization\",\"@id\":\"https:\/\/relaisgourmet.com\/es\/#organization\",\"name\":\"Relais Gourmet\",\"url\":\"https:\/\/relaisgourmet.com\/es\/\",\"logo\":{\"@type\":\"ImageObject\",\"inLanguage\":\"es\",\"@id\":\"https:\/\/relaisgourmet.com\/es\/#\/schema\/logo\/image\/\",\"url\":\"https:\/\/relaisgourmet.com\/wp-content\/uploads\/2024\/11\/Diseno-sin-titulo-8.jpg\",\"contentUrl\":\"https:\/\/relaisgourmet.com\/wp-content\/uploads\/2024\/11\/Diseno-sin-titulo-8.jpg\",\"width\":500,\"height\":500,\"caption\":\"Relais Gourmet\"},\"image\":{\"@id\":\"https:\/\/relaisgourmet.com\/es\/#\/schema\/logo\/image\/\"},\"sameAs\":[\"https:\/\/facebook.com\/yoast\",\"https:\/\/instagram.com\/yoast\"]}]}<\/script>\n<!-- \/ Yoast SEO Premium plugin. -->","yoast_head_json":{"title":"Caja Quintaesencia - Foie Gras premium","description":"Descubre la Caja Quintaesencia, una celebraci\u00f3n del foie gras y el magret ahumado en formato regalo.","robots":{"index":"index","follow":"follow","max-snippet":"max-snippet:-1","max-image-preview":"max-image-preview:large","max-video-preview":"max-video-preview:-1"},"canonical":"https:\/\/relaisgourmet.com\/es\/producto\/set-magrets-ahumados\/","og_locale":"es_ES","og_type":"article","og_title":"La Caja Quintaesencia","og_description":"Descubre la Caja Quintaesencia, una celebraci\u00f3n del foie gras y el magret ahumado en formato regalo.","og_url":"https:\/\/relaisgourmet.com\/es\/producto\/set-magrets-ahumados\/","og_site_name":"Relais Gourmet","article_publisher":"https:\/\/facebook.com\/yoast","article_modified_time":"2025-12-01T00:17:36+00:00","og_image":[{"width":2500,"height":1667,"url":"https:\/\/relaisgourmet.com\/wp-content\/uploads\/2024\/09\/coffret-quintescence-x3-1.jpg","type":"image\/jpeg"}],"twitter_card":"summary_large_image","twitter_misc":{"Tiempo de lectura":"1 minuto"},"schema":{"@context":"https:\/\/schema.org","@graph":[{"@type":"WebPage","@id":"https:\/\/relaisgourmet.com\/es\/producto\/set-magrets-ahumados\/","url":"https:\/\/relaisgourmet.com\/es\/producto\/set-magrets-ahumados\/","name":"Caja Quintaesencia - Foie Gras premium","isPartOf":{"@id":"https:\/\/relaisgourmet.com\/es\/#website"},"primaryImageOfPage":{"@id":"https:\/\/relaisgourmet.com\/es\/producto\/set-magrets-ahumados\/#primaryimage"},"image":{"@id":"https:\/\/relaisgourmet.com\/es\/producto\/set-magrets-ahumados\/#primaryimage"},"thumbnailUrl":"https:\/\/relaisgourmet.com\/wp-content\/uploads\/2024\/03\/Quintessence-x3.jpg","datePublished":"2024-03-06T12:07:02+00:00","dateModified":"2025-12-01T00:17:36+00:00","description":"Descubre la Caja Quintaesencia, una celebraci\u00f3n del foie gras y el magret ahumado en formato regalo.","breadcrumb":{"@id":"https:\/\/relaisgourmet.com\/es\/producto\/set-magrets-ahumados\/#breadcrumb"},"inLanguage":"es","potentialAction":[{"@type":"ReadAction","target":["https:\/\/relaisgourmet.com\/es\/producto\/set-magrets-ahumados\/"]}]},{"@type":"ImageObject","inLanguage":"es","@id":"https:\/\/relaisgourmet.com\/es\/producto\/set-magrets-ahumados\/#primaryimage","url":"https:\/\/relaisgourmet.com\/wp-content\/uploads\/2024\/03\/Quintessence-x3.jpg","contentUrl":"https:\/\/relaisgourmet.com\/wp-content\/uploads\/2024\/03\/Quintessence-x3.jpg","width":1583,"height":1583,"caption":"photographe d'entreprise, corporate, packshot, CV pau bearn pays basque"},{"@type":"BreadcrumbList","@id":"https:\/\/relaisgourmet.com\/es\/producto\/set-magrets-ahumados\/#breadcrumb","itemListElement":[{"@type":"ListItem","position":1,"name":"Inicio","item":"https:\/\/relaisgourmet.com\/es\/"},{"@type":"ListItem","position":2,"name":"Aut\u00e9ntico foie gras","item":"https:\/\/relaisgourmet.com\/es\/autentico-foie-gras\/"},{"@type":"ListItem","position":3,"name":"La Caja Quintaesencia"}]},{"@type":"WebSite","@id":"https:\/\/relaisgourmet.com\/es\/#website","url":"https:\/\/relaisgourmet.com\/es\/","name":"Relais Gourmet","description":"Maison Gastronomique au Pays-Basque Depuis 2004","publisher":{"@id":"https:\/\/relaisgourmet.com\/es\/#organization"},"potentialAction":[{"@type":"SearchAction","target":{"@type":"EntryPoint","urlTemplate":"https:\/\/relaisgourmet.com\/es\/?s={search_term_string}"},"query-input":{"@type":"PropertyValueSpecification","valueRequired":true,"valueName":"search_term_string"}}],"inLanguage":"es"},{"@type":"Organization","@id":"https:\/\/relaisgourmet.com\/es\/#organization","name":"Relais Gourmet","url":"https:\/\/relaisgourmet.com\/es\/","logo":{"@type":"ImageObject","inLanguage":"es","@id":"https:\/\/relaisgourmet.com\/es\/#\/schema\/logo\/image\/","url":"https:\/\/relaisgourmet.com\/wp-content\/uploads\/2024\/11\/Diseno-sin-titulo-8.jpg","contentUrl":"https:\/\/relaisgourmet.com\/wp-content\/uploads\/2024\/11\/Diseno-sin-titulo-8.jpg","width":500,"height":500,"caption":"Relais Gourmet"},"image":{"@id":"https:\/\/relaisgourmet.com\/es\/#\/schema\/logo\/image\/"},"sameAs":["https:\/\/facebook.com\/yoast","https:\/\/instagram.com\/yoast"]}]}},"_links":{"self":[{"href":"https:\/\/relaisgourmet.com\/es\/wp-json\/wp\/v2\/product\/41886","targetHints":{"allow":["GET"]}}],"collection":[{"href":"https:\/\/relaisgourmet.com\/es\/wp-json\/wp\/v2\/product"}],"about":[{"href":"https:\/\/relaisgourmet.com\/es\/wp-json\/wp\/v2\/types\/product"}],"replies":[{"embeddable":true,"href":"https:\/\/relaisgourmet.com\/es\/wp-json\/wp\/v2\/comments?post=41886"}],"version-history":[{"count":1,"href":"https:\/\/relaisgourmet.com\/es\/wp-json\/wp\/v2\/product\/41886\/revisions"}],"predecessor-version":[{"id":55346,"href":"https:\/\/relaisgourmet.com\/es\/wp-json\/wp\/v2\/product\/41886\/revisions\/55346"}],"wp:featuredmedia":[{"embeddable":true,"href":"https:\/\/relaisgourmet.com\/es\/wp-json\/wp\/v2\/media\/58823"}],"wp:attachment":[{"href":"https:\/\/relaisgourmet.com\/es\/wp-json\/wp\/v2\/media?parent=41886"}],"wp:term":[{"taxonomy":"product_brand","embeddable":true,"href":"https:\/\/relaisgourmet.com\/es\/wp-json\/wp\/v2\/product_brand?post=41886"},{"taxonomy":"product_cat","embeddable":true,"href":"https:\/\/relaisgourmet.com\/es\/wp-json\/wp\/v2\/product_cat?post=41886"},{"taxonomy":"product_tag","embeddable":true,"href":"https:\/\/relaisgourmet.com\/es\/wp-json\/wp\/v2\/product_tag?post=41886"},{"taxonomy":"giftcard-category","embeddable":true,"href":"https:\/\/relaisgourmet.com\/es\/wp-json\/wp\/v2\/giftcard-category?post=41886"}],"curies":[{"name":"wp","href":"https:\/\/api.w.org\/{rel}","templated":true}]}}