{"id":41854,"date":"2023-05-26T13:46:23","date_gmt":"2023-05-26T11:46:23","guid":{"rendered":"https:\/\/relaisgourmet.com\/produit\/turron-de-alicante\/"},"modified":"2025-04-12T23:09:37","modified_gmt":"2025-04-12T21:09:37","slug":"turron-de-alicante","status":"publish","type":"product","link":"https:\/\/relaisgourmet.com\/es\/producto\/turron-de-alicante\/","title":{"rendered":"Turr\u00f3n de Alicante"},"content":{"rendered":"<p><strong>La elaboraci\u00f3n del Turr\u00f3n Alicante de Mar\u00eda Simona sigue <a href=\"https:\/\/mariasimona.com\/como-se-elabora-el-turron\/?lang=es\">la receta tradicional <\/a> <\/strong><\/p>\n<ul>\n<li><strong>Peso neto : <\/strong>150gr<\/li>\n<li><strong>Caducidad del Turr\u00f3n Alicante : <\/strong>9 meses como m\u00ednimo.<\/li>\n<li><strong>Conservaci\u00f3n :<\/strong>Una vez abierto, debe guardarse en un lugar seco, fresco, oscuro y sin olores ya sea en su envase original o bien envuelto con papel aluminio o film y luego dentro de un envase herm\u00e9tico. Es un error muy com\u00fan, guardar el turr\u00f3n en el frigor\u00edfico, y esto lo \u00fanico que hace es estropear sus propiedades organol\u00e9pticas as\u00ed como su aroma y textura.<\/li>\n<li><strong>Ingredientes : <\/strong>60% de almendras tostadas, az\u00facar, jarabe de glucosa, 12% de miel, cobertura de barquillo (f\u00e9cula de patata y aceite de girasol) y clara de huevo. Puede contener trazas de cacahuetes, s\u00e9samo y avellanas.<\/li>\n<\/ul>\n<p>Este producto no contiene gluten, por lo que es apto para cel\u00edacos.<\/p>\n<p>El Turr\u00f3n Alicante de Mar\u00eda Simona tiene denominaci\u00f3n de origen <a href=\"https:\/\/www.mapa.gob.es\/es\/alimentacion\/temas\/calidad-diferenciada\/dop-igp\/pana_paste\/IGP_TurronJiJona.aspx\">y est\u00e1 protegido por el Consejo Regulador de Jijona<\/a>.<\/p>\n<h3>La historia del turr\u00f3n de Alicante<\/h3>\n<p>Aunque nadie puede negar el estrecho v\u00ednculo entre la ciudad de Alicante y este dulce, no se sabe exactamente cu\u00e1ndo y c\u00f3mo surgi\u00f3 el turr\u00f3n \u00aboriginal\u00bb. Las almendras y la miel ya eran un alimento habitual en Grecia y Roma, para dar energ\u00eda a los atletas ol\u00edmpicos. El turr\u00f3n espa\u00f1ol tambi\u00e9n tiene algunas similitudes con el baklava \u00e1rabe. Existe la creencia generalizada de que la receta tiene su origen en los pa\u00edses \u00e1rabes, pero no hay pruebas de ello.<\/p>\n<p>En cualquier caso, este caramelo es importante para la comunidad:<\/p>\n<p>- En primer lugar, sabemos que ya en 1582 el turr\u00f3n formaba parte importante de la cultura navide\u00f1a en Alicante, ya que un documento municipal de la \u00e9poca menciona que en Navidad los trabajadores recib\u00edan turr\u00f3n espa\u00f1ol como salario.<\/p>\n<p>- As\u00ed, en la obra \u00abLa Generosa Paliza\u00bb de Lope de Rueda, de 1570, el turr\u00f3n en torno al cual gira la trama se denomina \u00abturr\u00f3n de Alicante\u00bb.<\/p>\n<p>- Finalmente, en 1595, el turr\u00f3n debi\u00f3 de ser una aut\u00e9ntica pasi\u00f3n en la ciudad, ya que el rey Felipe II se vio obligado a escribir una carta pidiendo que se limitaran los gastos de la ciudad en turr\u00f3n y pan de higo.<\/p>\n<p>Aunque finalmente la ciudad dej\u00f3 de producir turr\u00f3n espa\u00f1ol debido a una disputa comercial, su nombre sigue siendo un referente, asociado a la variante dura de este dulce.<\/p>\n<h3><strong>Para saber un poco m\u00e1s<\/strong><\/h3>\n<p>Encuentre todos nuestros consejos de preparaci\u00f3n en\u00a0<a href=\"https:\/\/mariasimona.com\/\">el sitio web de Maria Simona<\/a>.<\/p>\n<p>Visite nuestro blog para descubrir\u00a0<a href=\"https:\/\/mariasimona.com\/recetas\/\">nuestras deliciosas recetas<\/a>.<\/p>\n<p>Visite nuestro sitio web<a href=\"https:\/\/relaisgourmet.com\/\">\u00a0Relais Gourmet\u00a0 y d\u00e9jese sorprender por la m\u00e1s grande variedad de sabores de Foie Gras\u00a0<\/a><\/p>\n","protected":false},"excerpt":{"rendered":"<p>El turr\u00f3n de Alicante se conoce como turr\u00f3n duro por su textura crujiente y el tostado \u00fanico de las almendras y la mezcla de miel y clara de huevo. Es un cl\u00e1sico.<\/p>\n<p>El turr\u00f3n de Alicante de Mar\u00eda Simona se elabora seg\u00fan <a href=\"https:\/\/mariasimona.com\/como-se-elabora-el-turron\/?lang=es\">la receta tradicional<\/a>.<\/p>\n<p>S\u00f3lo utilizamos ingredientes espa\u00f1oles de primera calidad.<\/p>\n<p>Nuestro turr\u00f3n tiene denominaci\u00f3n de origen <a href=\"https:\/\/www.mapa.gob.es\/es\/alimentacion\/temas\/calidad-diferenciada\/dop-igp\/pana_paste\/IGP_TurronJiJona.aspx\">y est\u00e1 protegido por el Consejo Regulador de Jijona<\/a>.<\/p>\n","protected":false},"featured_media":40196,"comment_status":"closed","ping_status":"closed","template":"","meta":[],"product_brand":[],"product_cat":[1321,1204],"product_tag":[],"giftcard-category":[],"class_list":{"0":"post-41854","1":"product","2":"type-product","3":"status-publish","4":"has-post-thumbnail","6":"product_cat-turrones-clasicos","7":"product_cat-turrones-maria-simona","8":"product_shipping_class-standard-es","10":"first","11":"instock","12":"taxable","13":"shipping-taxable","14":"purchasable","15":"product-type-simple"},"yoast_head":"<!-- This site is optimized with the Yoast SEO Premium plugin v27.0 (Yoast SEO v27.3) - https:\/\/yoast.com\/product\/yoast-seo-premium-wordpress\/ -->\n<title>Turr\u00f3n de Alicante - Crujiente y sabroso<\/title>\n<meta name=\"description\" content=\"Turr\u00f3n de Alicante: el cl\u00e1sico crujiente y almendrado, imprescindible en celebraciones gourmet.\" \/>\n<meta name=\"robots\" content=\"index, follow, max-snippet:-1, max-image-preview:large, max-video-preview:-1\" \/>\n<link rel=\"canonical\" href=\"https:\/\/relaisgourmet.com\/es\/producto\/turron-de-alicante\/\" \/>\n<meta property=\"og:locale\" content=\"es_ES\" \/>\n<meta property=\"og:type\" content=\"article\" \/>\n<meta property=\"og:title\" content=\"Turr\u00f3n de Alicante\" \/>\n<meta property=\"og:description\" content=\"Turr\u00f3n de Alicante: el cl\u00e1sico crujiente y almendrado, imprescindible en celebraciones gourmet.\" \/>\n<meta property=\"og:url\" content=\"https:\/\/relaisgourmet.com\/es\/producto\/turron-de-alicante\/\" \/>\n<meta property=\"og:site_name\" content=\"Relais Gourmet\" \/>\n<meta property=\"article:publisher\" content=\"https:\/\/facebook.com\/yoast\" \/>\n<meta property=\"article:modified_time\" content=\"2025-04-12T21:09:37+00:00\" \/>\n<meta property=\"og:image\" content=\"https:\/\/relaisgourmet.com\/wp-content\/uploads\/2024\/09\/Alicante-1.jpg\" \/>\n\t<meta property=\"og:image:width\" content=\"600\" \/>\n\t<meta property=\"og:image:height\" content=\"600\" \/>\n\t<meta property=\"og:image:type\" content=\"image\/jpeg\" \/>\n<meta name=\"twitter:card\" content=\"summary_large_image\" \/>\n<meta name=\"twitter:label1\" content=\"Tiempo de lectura\" \/>\n\t<meta name=\"twitter:data1\" content=\"3 minuto\" \/>\n<script type=\"application\/ld+json\" class=\"yoast-schema-graph\">{\"@context\":\"https:\\\/\\\/schema.org\",\"@graph\":[{\"@type\":\"WebPage\",\"@id\":\"https:\\\/\\\/relaisgourmet.com\\\/es\\\/producto\\\/turron-de-alicante\\\/\",\"url\":\"https:\\\/\\\/relaisgourmet.com\\\/es\\\/producto\\\/turron-de-alicante\\\/\",\"name\":\"Turr\u00f3n de Alicante - Crujiente y sabroso\",\"isPartOf\":{\"@id\":\"https:\\\/\\\/relaisgourmet.com\\\/es\\\/#website\"},\"primaryImageOfPage\":{\"@id\":\"https:\\\/\\\/relaisgourmet.com\\\/es\\\/producto\\\/turron-de-alicante\\\/#primaryimage\"},\"image\":{\"@id\":\"https:\\\/\\\/relaisgourmet.com\\\/es\\\/producto\\\/turron-de-alicante\\\/#primaryimage\"},\"thumbnailUrl\":\"https:\\\/\\\/relaisgourmet.com\\\/wp-content\\\/uploads\\\/2024\\\/09\\\/Alicante-1.jpg\",\"datePublished\":\"2023-05-26T11:46:23+00:00\",\"dateModified\":\"2025-04-12T21:09:37+00:00\",\"description\":\"Turr\u00f3n de Alicante: el cl\u00e1sico crujiente y almendrado, imprescindible en celebraciones gourmet.\",\"breadcrumb\":{\"@id\":\"https:\\\/\\\/relaisgourmet.com\\\/es\\\/producto\\\/turron-de-alicante\\\/#breadcrumb\"},\"inLanguage\":\"es\",\"potentialAction\":[{\"@type\":\"ReadAction\",\"target\":[\"https:\\\/\\\/relaisgourmet.com\\\/es\\\/producto\\\/turron-de-alicante\\\/\"]}]},{\"@type\":\"ImageObject\",\"inLanguage\":\"es\",\"@id\":\"https:\\\/\\\/relaisgourmet.com\\\/es\\\/producto\\\/turron-de-alicante\\\/#primaryimage\",\"url\":\"https:\\\/\\\/relaisgourmet.com\\\/wp-content\\\/uploads\\\/2024\\\/09\\\/Alicante-1.jpg\",\"contentUrl\":\"https:\\\/\\\/relaisgourmet.com\\\/wp-content\\\/uploads\\\/2024\\\/09\\\/Alicante-1.jpg\",\"width\":600,\"height\":600},{\"@type\":\"BreadcrumbList\",\"@id\":\"https:\\\/\\\/relaisgourmet.com\\\/es\\\/producto\\\/turron-de-alicante\\\/#breadcrumb\",\"itemListElement\":[{\"@type\":\"ListItem\",\"position\":1,\"name\":\"Inicio\",\"item\":\"https:\\\/\\\/relaisgourmet.com\\\/es\\\/\"},{\"@type\":\"ListItem\",\"position\":2,\"name\":\"Aut\u00e9ntico foie gras\",\"item\":\"https:\\\/\\\/relaisgourmet.com\\\/es\\\/autentico-foie-gras\\\/\"},{\"@type\":\"ListItem\",\"position\":3,\"name\":\"Turr\u00f3n de Alicante\"}]},{\"@type\":\"WebSite\",\"@id\":\"https:\\\/\\\/relaisgourmet.com\\\/es\\\/#website\",\"url\":\"https:\\\/\\\/relaisgourmet.com\\\/es\\\/\",\"name\":\"Relais Gourmet\",\"description\":\"Maison Gastronomique au Pays-Basque Depuis 2004\",\"publisher\":{\"@id\":\"https:\\\/\\\/relaisgourmet.com\\\/es\\\/#organization\"},\"potentialAction\":[{\"@type\":\"SearchAction\",\"target\":{\"@type\":\"EntryPoint\",\"urlTemplate\":\"https:\\\/\\\/relaisgourmet.com\\\/es\\\/?s={search_term_string}\"},\"query-input\":{\"@type\":\"PropertyValueSpecification\",\"valueRequired\":true,\"valueName\":\"search_term_string\"}}],\"inLanguage\":\"es\"},{\"@type\":\"Organization\",\"@id\":\"https:\\\/\\\/relaisgourmet.com\\\/es\\\/#organization\",\"name\":\"Relais Gourmet\",\"url\":\"https:\\\/\\\/relaisgourmet.com\\\/es\\\/\",\"logo\":{\"@type\":\"ImageObject\",\"inLanguage\":\"es\",\"@id\":\"https:\\\/\\\/relaisgourmet.com\\\/es\\\/#\\\/schema\\\/logo\\\/image\\\/\",\"url\":\"https:\\\/\\\/relaisgourmet.com\\\/wp-content\\\/uploads\\\/2024\\\/11\\\/Diseno-sin-titulo-8.jpg\",\"contentUrl\":\"https:\\\/\\\/relaisgourmet.com\\\/wp-content\\\/uploads\\\/2024\\\/11\\\/Diseno-sin-titulo-8.jpg\",\"width\":500,\"height\":500,\"caption\":\"Relais Gourmet\"},\"image\":{\"@id\":\"https:\\\/\\\/relaisgourmet.com\\\/es\\\/#\\\/schema\\\/logo\\\/image\\\/\"},\"sameAs\":[\"https:\\\/\\\/facebook.com\\\/yoast\",\"https:\\\/\\\/instagram.com\\\/yoast\"]}]}<\/script>\n<!-- \/ Yoast SEO Premium plugin. -->","yoast_head_json":{"title":"Turr\u00f3n de Alicante - Crujiente y sabroso","description":"Turr\u00f3n de Alicante: el cl\u00e1sico crujiente y almendrado, imprescindible en celebraciones gourmet.","robots":{"index":"index","follow":"follow","max-snippet":"max-snippet:-1","max-image-preview":"max-image-preview:large","max-video-preview":"max-video-preview:-1"},"canonical":"https:\/\/relaisgourmet.com\/es\/producto\/turron-de-alicante\/","og_locale":"es_ES","og_type":"article","og_title":"Turr\u00f3n de Alicante","og_description":"Turr\u00f3n de Alicante: el cl\u00e1sico crujiente y almendrado, imprescindible en celebraciones gourmet.","og_url":"https:\/\/relaisgourmet.com\/es\/producto\/turron-de-alicante\/","og_site_name":"Relais Gourmet","article_publisher":"https:\/\/facebook.com\/yoast","article_modified_time":"2025-04-12T21:09:37+00:00","og_image":[{"width":600,"height":600,"url":"https:\/\/relaisgourmet.com\/wp-content\/uploads\/2024\/09\/Alicante-1.jpg","type":"image\/jpeg"}],"twitter_card":"summary_large_image","twitter_misc":{"Tiempo de lectura":"3 minuto"},"schema":{"@context":"https:\/\/schema.org","@graph":[{"@type":"WebPage","@id":"https:\/\/relaisgourmet.com\/es\/producto\/turron-de-alicante\/","url":"https:\/\/relaisgourmet.com\/es\/producto\/turron-de-alicante\/","name":"Turr\u00f3n de Alicante - Crujiente y sabroso","isPartOf":{"@id":"https:\/\/relaisgourmet.com\/es\/#website"},"primaryImageOfPage":{"@id":"https:\/\/relaisgourmet.com\/es\/producto\/turron-de-alicante\/#primaryimage"},"image":{"@id":"https:\/\/relaisgourmet.com\/es\/producto\/turron-de-alicante\/#primaryimage"},"thumbnailUrl":"https:\/\/relaisgourmet.com\/wp-content\/uploads\/2024\/09\/Alicante-1.jpg","datePublished":"2023-05-26T11:46:23+00:00","dateModified":"2025-04-12T21:09:37+00:00","description":"Turr\u00f3n de Alicante: el cl\u00e1sico crujiente y almendrado, imprescindible en celebraciones gourmet.","breadcrumb":{"@id":"https:\/\/relaisgourmet.com\/es\/producto\/turron-de-alicante\/#breadcrumb"},"inLanguage":"es","potentialAction":[{"@type":"ReadAction","target":["https:\/\/relaisgourmet.com\/es\/producto\/turron-de-alicante\/"]}]},{"@type":"ImageObject","inLanguage":"es","@id":"https:\/\/relaisgourmet.com\/es\/producto\/turron-de-alicante\/#primaryimage","url":"https:\/\/relaisgourmet.com\/wp-content\/uploads\/2024\/09\/Alicante-1.jpg","contentUrl":"https:\/\/relaisgourmet.com\/wp-content\/uploads\/2024\/09\/Alicante-1.jpg","width":600,"height":600},{"@type":"BreadcrumbList","@id":"https:\/\/relaisgourmet.com\/es\/producto\/turron-de-alicante\/#breadcrumb","itemListElement":[{"@type":"ListItem","position":1,"name":"Inicio","item":"https:\/\/relaisgourmet.com\/es\/"},{"@type":"ListItem","position":2,"name":"Aut\u00e9ntico foie gras","item":"https:\/\/relaisgourmet.com\/es\/autentico-foie-gras\/"},{"@type":"ListItem","position":3,"name":"Turr\u00f3n de Alicante"}]},{"@type":"WebSite","@id":"https:\/\/relaisgourmet.com\/es\/#website","url":"https:\/\/relaisgourmet.com\/es\/","name":"Relais Gourmet","description":"Maison Gastronomique au Pays-Basque Depuis 2004","publisher":{"@id":"https:\/\/relaisgourmet.com\/es\/#organization"},"potentialAction":[{"@type":"SearchAction","target":{"@type":"EntryPoint","urlTemplate":"https:\/\/relaisgourmet.com\/es\/?s={search_term_string}"},"query-input":{"@type":"PropertyValueSpecification","valueRequired":true,"valueName":"search_term_string"}}],"inLanguage":"es"},{"@type":"Organization","@id":"https:\/\/relaisgourmet.com\/es\/#organization","name":"Relais Gourmet","url":"https:\/\/relaisgourmet.com\/es\/","logo":{"@type":"ImageObject","inLanguage":"es","@id":"https:\/\/relaisgourmet.com\/es\/#\/schema\/logo\/image\/","url":"https:\/\/relaisgourmet.com\/wp-content\/uploads\/2024\/11\/Diseno-sin-titulo-8.jpg","contentUrl":"https:\/\/relaisgourmet.com\/wp-content\/uploads\/2024\/11\/Diseno-sin-titulo-8.jpg","width":500,"height":500,"caption":"Relais Gourmet"},"image":{"@id":"https:\/\/relaisgourmet.com\/es\/#\/schema\/logo\/image\/"},"sameAs":["https:\/\/facebook.com\/yoast","https:\/\/instagram.com\/yoast"]}]}},"_links":{"self":[{"href":"https:\/\/relaisgourmet.com\/es\/wp-json\/wp\/v2\/product\/41854","targetHints":{"allow":["GET"]}}],"collection":[{"href":"https:\/\/relaisgourmet.com\/es\/wp-json\/wp\/v2\/product"}],"about":[{"href":"https:\/\/relaisgourmet.com\/es\/wp-json\/wp\/v2\/types\/product"}],"replies":[{"embeddable":true,"href":"https:\/\/relaisgourmet.com\/es\/wp-json\/wp\/v2\/comments?post=41854"}],"version-history":[{"count":0,"href":"https:\/\/relaisgourmet.com\/es\/wp-json\/wp\/v2\/product\/41854\/revisions"}],"wp:featuredmedia":[{"embeddable":true,"href":"https:\/\/relaisgourmet.com\/es\/wp-json\/wp\/v2\/media\/40196"}],"wp:attachment":[{"href":"https:\/\/relaisgourmet.com\/es\/wp-json\/wp\/v2\/media?parent=41854"}],"wp:term":[{"taxonomy":"product_brand","embeddable":true,"href":"https:\/\/relaisgourmet.com\/es\/wp-json\/wp\/v2\/product_brand?post=41854"},{"taxonomy":"product_cat","embeddable":true,"href":"https:\/\/relaisgourmet.com\/es\/wp-json\/wp\/v2\/product_cat?post=41854"},{"taxonomy":"product_tag","embeddable":true,"href":"https:\/\/relaisgourmet.com\/es\/wp-json\/wp\/v2\/product_tag?post=41854"},{"taxonomy":"giftcard-category","embeddable":true,"href":"https:\/\/relaisgourmet.com\/es\/wp-json\/wp\/v2\/giftcard-category?post=41854"}],"curies":[{"name":"wp","href":"https:\/\/api.w.org\/{rel}","templated":true}]}}