{"id":41778,"date":"2023-03-15T08:32:13","date_gmt":"2023-03-15T07:32:13","guid":{"rendered":"https:\/\/relaisgourmet.com\/produit\/caja-regalo-clasica\/"},"modified":"2025-04-12T23:09:28","modified_gmt":"2025-04-12T21:09:28","slug":"caja-regalo-clasica","status":"publish","type":"product","link":"https:\/\/relaisgourmet.com\/es\/producto\/caja-regalo-clasica\/","title":{"rendered":"Caja Maravilla Cl\u00e1sica"},"content":{"rendered":"<p><strong>Descubre<\/strong> nuestra <strong>caja de maravillas Cl\u00e1sica<\/strong>, una aut\u00e9ntica experiencia gastron\u00f3mica con nuestras deliciosas <strong>Foies Gras del Suroeste<\/strong>. Esta variada selecci\u00f3n te ofrece una experiencia gustativa \u00fanica y refinada, poniendo de relieve los finos sabores de nuestra regi\u00f3n.<\/p>\n<p><b>Garantizado sin conservantes, colorantes ni aditivos.<\/b><\/p>\n<p><b>Composici\u00f3n:<\/b><\/p>\n<ul>\n<li style=\"font-weight: 400;\"><strong>Foie gras natural entero (80 g)<\/strong><\/li>\n<li style=\"font-weight: 400;\"><strong>Foie Gras entero al Armagnac (80g)<\/strong><\/li>\n<li style=\"font-weight: 400;\"><strong>Foie Gras entero con pimiento de Espelette (80g)<\/strong><\/li>\n<\/ul>\n<p>&nbsp;<\/p>\n<p><b>Conservaci\u00f3n :  <\/b><\/p>\n<p><span style=\"font-weight: 400;\">3 a\u00f1os a temperatura ambiente. Una vez abierto, cons\u00famelo antes de 15 d\u00edas y cons\u00e9rvalo refrigerado.<\/span><\/p>\n<p><b>Prep\u00e1rate para un momento de indulgencia:<\/b><\/p>\n<p><span style=\"font-weight: 400;\">Encuentra todos nuestros consejos y trucos para preparar las Foies Gras que componen nuestra Caja Maravilla Cl\u00e1sica en la secci\u00f3n <a href=\"\/?page_id=33969\">Blog<\/a> y en nuestra p\u00e1gina de <a href=\"https:\/\/www.instagram.com\/relaisgourmetofficiel\/\">Instagram<\/a>.<\/span><\/p>\n","protected":false},"excerpt":{"rendered":"<p>Sum\u00e9rgete en el esplendor de la tradici\u00f3n culinaria francesa con nuestra Bo\u00eete \u00e0 Merveilles Classique.<\/p>\n<p><img decoding=\"async\" class=\"emoji\" role=\"img\" src=\"https:\/\/s.w.org\/images\/core\/emoji\/15.0.3\/svg\/1f1eb-1f1f7.svg\" alt=\"\ud83c\uddeb\ud83c\uddf7\">  Producci\u00f3n 100% francesa garantizada<br \/>\n\u2714 Garantizado sin conservantes, aditivos ni colorantes.<br \/>\n\ud83c\udf43 Patos alimentados con ma\u00edz amarillo<br \/>\n\ud83d\ude9a Entrega r\u00e1pida en todo el mundo<br \/>\n\ud83d\udd53 Se conserva 3 a\u00f1os<br \/>\n\ud83d\udd10 Pago seguro<\/p>\n<p>Peso neto: 240 g (80&#215;3)<\/p>\n","protected":false},"featured_media":57711,"comment_status":"closed","ping_status":"closed","template":"","meta":[],"product_brand":[],"product_cat":[1276,1304,1293,1288,1280],"product_tag":[1872,1999,2240,2241,1848,1849,2242,2252,1873,2245,2246,1874,1875,2248,1876,1877,2249,2250,1850,1851,2244,2239,2251,2243,2254,2255,2253,2256,2257,2258,2247],"giftcard-category":[],"class_list":{"0":"post-41778","1":"product","2":"type-product","3":"status-publish","4":"has-post-thumbnail","6":"product_cat-cesta-de-regalo","7":"product_cat-foie-gras-clasicos","8":"product_cat-nuestros-foies-gras","9":"product_cat-regalos-de-empresa","10":"product_cat-regalos-gourmet","11":"product_tag-achat-foie-gras-es","12":"product_tag-armagnac-es","13":"product_tag-aromas-amaderados-es","14":"product_tag-artesania-francesa-es","15":"product_tag-assortiment-es","16":"product_tag-bon-foie-gras-es","17":"product_tag-caja-maravilla-clasica-es","18":"product_tag-calidad-superior-es","19":"product_tag-classique-es","20":"product_tag-cocina-francesa-de-lujo-es","21":"product_tag-degustacion-de-foie-gras-es","22":"product_tag-foie-gras-a-larmagnac-es","23":"product_tag-foie-gras-au-piment-despelette-es","24":"product_tag-foie-gras-excepcional-es","25":"product_tag-foie-gras-nature-es","26":"product_tag-foie-grqs-es","27":"product_tag-gastronomia-vasca-es","28":"product_tag-lujo-culinario-es","29":"product_tag-offre-es","30":"product_tag-pack-es","31":"product_tag-pato-suroeste-es","32":"product_tag-pimienta-de-espelette","33":"product_tag-producto-artesanal-frances-es","34":"product_tag-regalos-gourmet-es","35":"product_tag-sabor-profundo-es","36":"product_tag-sabores-del-suroeste-es","37":"product_tag-sin-conservantes-es","38":"product_tag-textura-fundente-es","39":"product_tag-tradicion-gastronomica-es","40":"product_tag-trilogia-gastronomica-francesa-es","41":"product_tag-una-experiencia-gustativa-unica-es","42":"product_shipping_class-standard-es","44":"first","45":"instock","46":"taxable","47":"shipping-taxable","48":"purchasable","49":"product-type-simple"},"yoast_head":"<!-- This site is optimized with the Yoast SEO Premium plugin v27.0 (Yoast SEO v27.3) - https:\/\/yoast.com\/product\/yoast-seo-premium-wordpress\/ -->\n<title>Caja Maravilla Cl\u00e1sica - Surtido tradicional<\/title>\n<meta name=\"description\" content=\"Caja Maravilla Cl\u00e1sica: una colecci\u00f3n gourmet de sabores tradicionales y refinados para regalar.\" \/>\n<meta name=\"robots\" content=\"index, follow, max-snippet:-1, max-image-preview:large, max-video-preview:-1\" \/>\n<link rel=\"canonical\" href=\"https:\/\/relaisgourmet.com\/es\/producto\/caja-regalo-clasica\/\" \/>\n<meta property=\"og:locale\" content=\"es_ES\" \/>\n<meta property=\"og:type\" content=\"article\" \/>\n<meta property=\"og:title\" content=\"Caja Maravilla Cl\u00e1sica\" \/>\n<meta property=\"og:description\" content=\"Caja Maravilla Cl\u00e1sica: una colecci\u00f3n gourmet de sabores tradicionales y refinados para regalar.\" \/>\n<meta property=\"og:url\" content=\"https:\/\/relaisgourmet.com\/es\/producto\/caja-regalo-clasica\/\" \/>\n<meta property=\"og:site_name\" content=\"Relais Gourmet\" \/>\n<meta property=\"article:publisher\" content=\"https:\/\/facebook.com\/yoast\" \/>\n<meta property=\"article:modified_time\" content=\"2025-04-12T21:09:28+00:00\" \/>\n<meta property=\"og:image\" content=\"https:\/\/relaisgourmet.com\/wp-content\/uploads\/2024\/09\/Pack-2-Nature-Pimeinto-Armagnac-ENCIMA-DE-LA-CAJA-1-1.jpg\" \/>\n\t<meta property=\"og:image:width\" content=\"1080\" \/>\n\t<meta property=\"og:image:height\" content=\"1080\" \/>\n\t<meta property=\"og:image:type\" content=\"image\/jpeg\" \/>\n<meta name=\"twitter:card\" content=\"summary_large_image\" \/>\n<meta name=\"twitter:label1\" content=\"Tiempo de lectura\" \/>\n\t<meta name=\"twitter:data1\" content=\"1 minuto\" \/>\n<script type=\"application\/ld+json\" class=\"yoast-schema-graph\">{\"@context\":\"https:\\\/\\\/schema.org\",\"@graph\":[{\"@type\":\"WebPage\",\"@id\":\"https:\\\/\\\/relaisgourmet.com\\\/es\\\/producto\\\/caja-regalo-clasica\\\/\",\"url\":\"https:\\\/\\\/relaisgourmet.com\\\/es\\\/producto\\\/caja-regalo-clasica\\\/\",\"name\":\"Caja Maravilla Cl\u00e1sica - Surtido tradicional\",\"isPartOf\":{\"@id\":\"https:\\\/\\\/relaisgourmet.com\\\/es\\\/#website\"},\"primaryImageOfPage\":{\"@id\":\"https:\\\/\\\/relaisgourmet.com\\\/es\\\/producto\\\/caja-regalo-clasica\\\/#primaryimage\"},\"image\":{\"@id\":\"https:\\\/\\\/relaisgourmet.com\\\/es\\\/producto\\\/caja-regalo-clasica\\\/#primaryimage\"},\"thumbnailUrl\":\"https:\\\/\\\/relaisgourmet.com\\\/wp-content\\\/uploads\\\/2023\\\/03\\\/boite-a-merveille-classique2.jpg\",\"datePublished\":\"2023-03-15T07:32:13+00:00\",\"dateModified\":\"2025-04-12T21:09:28+00:00\",\"description\":\"Caja Maravilla Cl\u00e1sica: una colecci\u00f3n gourmet de sabores tradicionales y refinados para regalar.\",\"breadcrumb\":{\"@id\":\"https:\\\/\\\/relaisgourmet.com\\\/es\\\/producto\\\/caja-regalo-clasica\\\/#breadcrumb\"},\"inLanguage\":\"es\",\"potentialAction\":[{\"@type\":\"ReadAction\",\"target\":[\"https:\\\/\\\/relaisgourmet.com\\\/es\\\/producto\\\/caja-regalo-clasica\\\/\"]}]},{\"@type\":\"ImageObject\",\"inLanguage\":\"es\",\"@id\":\"https:\\\/\\\/relaisgourmet.com\\\/es\\\/producto\\\/caja-regalo-clasica\\\/#primaryimage\",\"url\":\"https:\\\/\\\/relaisgourmet.com\\\/wp-content\\\/uploads\\\/2023\\\/03\\\/boite-a-merveille-classique2.jpg\",\"contentUrl\":\"https:\\\/\\\/relaisgourmet.com\\\/wp-content\\\/uploads\\\/2023\\\/03\\\/boite-a-merveille-classique2.jpg\",\"width\":840,\"height\":840},{\"@type\":\"BreadcrumbList\",\"@id\":\"https:\\\/\\\/relaisgourmet.com\\\/es\\\/producto\\\/caja-regalo-clasica\\\/#breadcrumb\",\"itemListElement\":[{\"@type\":\"ListItem\",\"position\":1,\"name\":\"Inicio\",\"item\":\"https:\\\/\\\/relaisgourmet.com\\\/es\\\/\"},{\"@type\":\"ListItem\",\"position\":2,\"name\":\"Aut\u00e9ntico foie gras\",\"item\":\"https:\\\/\\\/relaisgourmet.com\\\/es\\\/autentico-foie-gras\\\/\"},{\"@type\":\"ListItem\",\"position\":3,\"name\":\"Caja Maravilla Cl\u00e1sica\"}]},{\"@type\":\"WebSite\",\"@id\":\"https:\\\/\\\/relaisgourmet.com\\\/es\\\/#website\",\"url\":\"https:\\\/\\\/relaisgourmet.com\\\/es\\\/\",\"name\":\"Relais Gourmet\",\"description\":\"Maison Gastronomique au Pays-Basque Depuis 2004\",\"publisher\":{\"@id\":\"https:\\\/\\\/relaisgourmet.com\\\/es\\\/#organization\"},\"potentialAction\":[{\"@type\":\"SearchAction\",\"target\":{\"@type\":\"EntryPoint\",\"urlTemplate\":\"https:\\\/\\\/relaisgourmet.com\\\/es\\\/?s={search_term_string}\"},\"query-input\":{\"@type\":\"PropertyValueSpecification\",\"valueRequired\":true,\"valueName\":\"search_term_string\"}}],\"inLanguage\":\"es\"},{\"@type\":\"Organization\",\"@id\":\"https:\\\/\\\/relaisgourmet.com\\\/es\\\/#organization\",\"name\":\"Relais Gourmet\",\"url\":\"https:\\\/\\\/relaisgourmet.com\\\/es\\\/\",\"logo\":{\"@type\":\"ImageObject\",\"inLanguage\":\"es\",\"@id\":\"https:\\\/\\\/relaisgourmet.com\\\/es\\\/#\\\/schema\\\/logo\\\/image\\\/\",\"url\":\"https:\\\/\\\/relaisgourmet.com\\\/wp-content\\\/uploads\\\/2024\\\/11\\\/Diseno-sin-titulo-8.jpg\",\"contentUrl\":\"https:\\\/\\\/relaisgourmet.com\\\/wp-content\\\/uploads\\\/2024\\\/11\\\/Diseno-sin-titulo-8.jpg\",\"width\":500,\"height\":500,\"caption\":\"Relais Gourmet\"},\"image\":{\"@id\":\"https:\\\/\\\/relaisgourmet.com\\\/es\\\/#\\\/schema\\\/logo\\\/image\\\/\"},\"sameAs\":[\"https:\\\/\\\/facebook.com\\\/yoast\",\"https:\\\/\\\/instagram.com\\\/yoast\"]}]}<\/script>\n<!-- \/ Yoast SEO Premium plugin. -->","yoast_head_json":{"title":"Caja Maravilla Cl\u00e1sica - Surtido tradicional","description":"Caja Maravilla Cl\u00e1sica: una colecci\u00f3n gourmet de sabores tradicionales y refinados para regalar.","robots":{"index":"index","follow":"follow","max-snippet":"max-snippet:-1","max-image-preview":"max-image-preview:large","max-video-preview":"max-video-preview:-1"},"canonical":"https:\/\/relaisgourmet.com\/es\/producto\/caja-regalo-clasica\/","og_locale":"es_ES","og_type":"article","og_title":"Caja Maravilla Cl\u00e1sica","og_description":"Caja Maravilla Cl\u00e1sica: una colecci\u00f3n gourmet de sabores tradicionales y refinados para regalar.","og_url":"https:\/\/relaisgourmet.com\/es\/producto\/caja-regalo-clasica\/","og_site_name":"Relais Gourmet","article_publisher":"https:\/\/facebook.com\/yoast","article_modified_time":"2025-04-12T21:09:28+00:00","og_image":[{"width":1080,"height":1080,"url":"https:\/\/relaisgourmet.com\/wp-content\/uploads\/2024\/09\/Pack-2-Nature-Pimeinto-Armagnac-ENCIMA-DE-LA-CAJA-1-1.jpg","type":"image\/jpeg"}],"twitter_card":"summary_large_image","twitter_misc":{"Tiempo de lectura":"1 minuto"},"schema":{"@context":"https:\/\/schema.org","@graph":[{"@type":"WebPage","@id":"https:\/\/relaisgourmet.com\/es\/producto\/caja-regalo-clasica\/","url":"https:\/\/relaisgourmet.com\/es\/producto\/caja-regalo-clasica\/","name":"Caja Maravilla Cl\u00e1sica - Surtido tradicional","isPartOf":{"@id":"https:\/\/relaisgourmet.com\/es\/#website"},"primaryImageOfPage":{"@id":"https:\/\/relaisgourmet.com\/es\/producto\/caja-regalo-clasica\/#primaryimage"},"image":{"@id":"https:\/\/relaisgourmet.com\/es\/producto\/caja-regalo-clasica\/#primaryimage"},"thumbnailUrl":"https:\/\/relaisgourmet.com\/wp-content\/uploads\/2023\/03\/boite-a-merveille-classique2.jpg","datePublished":"2023-03-15T07:32:13+00:00","dateModified":"2025-04-12T21:09:28+00:00","description":"Caja Maravilla Cl\u00e1sica: una colecci\u00f3n gourmet de sabores tradicionales y refinados para regalar.","breadcrumb":{"@id":"https:\/\/relaisgourmet.com\/es\/producto\/caja-regalo-clasica\/#breadcrumb"},"inLanguage":"es","potentialAction":[{"@type":"ReadAction","target":["https:\/\/relaisgourmet.com\/es\/producto\/caja-regalo-clasica\/"]}]},{"@type":"ImageObject","inLanguage":"es","@id":"https:\/\/relaisgourmet.com\/es\/producto\/caja-regalo-clasica\/#primaryimage","url":"https:\/\/relaisgourmet.com\/wp-content\/uploads\/2023\/03\/boite-a-merveille-classique2.jpg","contentUrl":"https:\/\/relaisgourmet.com\/wp-content\/uploads\/2023\/03\/boite-a-merveille-classique2.jpg","width":840,"height":840},{"@type":"BreadcrumbList","@id":"https:\/\/relaisgourmet.com\/es\/producto\/caja-regalo-clasica\/#breadcrumb","itemListElement":[{"@type":"ListItem","position":1,"name":"Inicio","item":"https:\/\/relaisgourmet.com\/es\/"},{"@type":"ListItem","position":2,"name":"Aut\u00e9ntico foie gras","item":"https:\/\/relaisgourmet.com\/es\/autentico-foie-gras\/"},{"@type":"ListItem","position":3,"name":"Caja Maravilla Cl\u00e1sica"}]},{"@type":"WebSite","@id":"https:\/\/relaisgourmet.com\/es\/#website","url":"https:\/\/relaisgourmet.com\/es\/","name":"Relais Gourmet","description":"Maison Gastronomique au Pays-Basque Depuis 2004","publisher":{"@id":"https:\/\/relaisgourmet.com\/es\/#organization"},"potentialAction":[{"@type":"SearchAction","target":{"@type":"EntryPoint","urlTemplate":"https:\/\/relaisgourmet.com\/es\/?s={search_term_string}"},"query-input":{"@type":"PropertyValueSpecification","valueRequired":true,"valueName":"search_term_string"}}],"inLanguage":"es"},{"@type":"Organization","@id":"https:\/\/relaisgourmet.com\/es\/#organization","name":"Relais Gourmet","url":"https:\/\/relaisgourmet.com\/es\/","logo":{"@type":"ImageObject","inLanguage":"es","@id":"https:\/\/relaisgourmet.com\/es\/#\/schema\/logo\/image\/","url":"https:\/\/relaisgourmet.com\/wp-content\/uploads\/2024\/11\/Diseno-sin-titulo-8.jpg","contentUrl":"https:\/\/relaisgourmet.com\/wp-content\/uploads\/2024\/11\/Diseno-sin-titulo-8.jpg","width":500,"height":500,"caption":"Relais Gourmet"},"image":{"@id":"https:\/\/relaisgourmet.com\/es\/#\/schema\/logo\/image\/"},"sameAs":["https:\/\/facebook.com\/yoast","https:\/\/instagram.com\/yoast"]}]}},"_links":{"self":[{"href":"https:\/\/relaisgourmet.com\/es\/wp-json\/wp\/v2\/product\/41778","targetHints":{"allow":["GET"]}}],"collection":[{"href":"https:\/\/relaisgourmet.com\/es\/wp-json\/wp\/v2\/product"}],"about":[{"href":"https:\/\/relaisgourmet.com\/es\/wp-json\/wp\/v2\/types\/product"}],"replies":[{"embeddable":true,"href":"https:\/\/relaisgourmet.com\/es\/wp-json\/wp\/v2\/comments?post=41778"}],"version-history":[{"count":1,"href":"https:\/\/relaisgourmet.com\/es\/wp-json\/wp\/v2\/product\/41778\/revisions"}],"predecessor-version":[{"id":54818,"href":"https:\/\/relaisgourmet.com\/es\/wp-json\/wp\/v2\/product\/41778\/revisions\/54818"}],"wp:featuredmedia":[{"embeddable":true,"href":"https:\/\/relaisgourmet.com\/es\/wp-json\/wp\/v2\/media\/57711"}],"wp:attachment":[{"href":"https:\/\/relaisgourmet.com\/es\/wp-json\/wp\/v2\/media?parent=41778"}],"wp:term":[{"taxonomy":"product_brand","embeddable":true,"href":"https:\/\/relaisgourmet.com\/es\/wp-json\/wp\/v2\/product_brand?post=41778"},{"taxonomy":"product_cat","embeddable":true,"href":"https:\/\/relaisgourmet.com\/es\/wp-json\/wp\/v2\/product_cat?post=41778"},{"taxonomy":"product_tag","embeddable":true,"href":"https:\/\/relaisgourmet.com\/es\/wp-json\/wp\/v2\/product_tag?post=41778"},{"taxonomy":"giftcard-category","embeddable":true,"href":"https:\/\/relaisgourmet.com\/es\/wp-json\/wp\/v2\/giftcard-category?post=41778"}],"curies":[{"name":"wp","href":"https:\/\/api.w.org\/{rel}","templated":true}]}}