{"id":41677,"date":"2021-11-22T10:37:23","date_gmt":"2021-11-22T09:37:23","guid":{"rendered":"https:\/\/relaisgourmet.com\/produit\/cocinar-el-foie-gras\/"},"modified":"2025-04-12T23:09:28","modified_gmt":"2025-04-12T21:09:28","slug":"cocinar-el-foie-gras","status":"publish","type":"product","link":"https:\/\/relaisgourmet.com\/es\/producto\/cocinar-el-foie-gras\/","title":{"rendered":"Cocinar Foie Gras"},"content":{"rendered":"<h2>Cocinar Foie Gras es un aliado indispensable para todos los amantes del foie gras, desde los cocineros principiantes hasta los m\u00e1s experimentados.<\/h2>\n<p>&nbsp;<\/p>\n<p>Este libro ofrece <strong>una variedad de recetas sencillas y eficaces<\/strong> para preparar y cocinar Foie Gras, con <strong>consejos<\/strong> sobre la <strong>elecci\u00f3n del foie gras<\/strong> y <strong>las t\u00e9cnicas de preparaci\u00f3n<\/strong>. Las recetas que se ofrecen incluyen<strong> platos cl\u00e1sicos<\/strong> como<strong> el foie gras a la sart\u00e9n<\/strong> y<strong> creaciones m\u00e1s innovadoras<\/strong> como el foie gras con corteza de pan de especias.<\/p>\n<p>Adem\u00e1s de recetas, el libro ofrece informaci\u00f3n sobre la historia y la cultura del foie gras, as\u00ed como <strong>consejos para elegir los mejores vinos<\/strong> y acompa\u00f1amientos para cada plato.<\/p>\n<p>Con este libro electr\u00f3nico, \u00a1el Foie Gras ya no tendr\u00e1 secretos para ti! Es hora de darte un capricho a ti y a los tuyos.<\/p>\n<p>Puedes encontrar todos nuestros consejos para preparar foies gras en nuestro <a href=\"https:\/\/relaisgourmet.com\/index.php\/blog-foies-gras-actualite\/\">blog<\/a> y todos nuestros productos en la tienda Relais Gourmet.<\/p>\n<p>No dudes en visitar nuestro <a href=\"https:\/\/relaisgourmet.com\/index.php\/blog-foies-gras-actualite\/\">blog<\/a> para descubrir nuestras <a href=\"\/?page_id=33979\">recetas <\/a>y otras novedades.<\/p>\n<p>Para una comida gourmet, \u00bfpor qu\u00e9 no completarla con unos deliciosos Turrones <a href=\"https:\/\/mariasimona.com\/\">Maria Simona <\/a>?<\/p>\n","protected":false},"excerpt":{"rendered":"<p>El foie gras sigue siendo un manjar excepcional. Con \u00e9l podr\u00e1s cocinarlo en terrinas, escalopes, ravioles, ensaladas&#8230;<\/p>\n<p>Est\u00e1 repleto de recetas gourmet (entrantes, platos principales y postres) para deleitar y sorprender a tus papilas gustativas.<\/p>\n<p>Ejemplos de recetas: Macarrones con foie gras, Pavo relleno de foie gras y casta\u00f1as, Verduras de invierno con foie gras&#8230;.<\/p>\n<p>\u00a1Te convertir\u00e1s en un \u00abexperto\u00bb en la f\u00e1cil preparaci\u00f3n de tus Foies Gras!<\/p>\n","protected":false},"featured_media":39704,"comment_status":"closed","ping_status":"closed","template":"","meta":[],"product_brand":[],"product_cat":[1200],"product_tag":[2550,1868,1878],"giftcard-category":[],"class_list":{"0":"post-41677","1":"product","2":"type-product","3":"status-publish","4":"has-post-thumbnail","6":"product_cat-ebook","7":"product_tag-cocina-es","8":"product_tag-ebook-es","9":"product_tag-foie-gras-es","10":"product_shipping_class-standard-es","12":"first","13":"instock","14":"downloadable","15":"virtual","16":"taxable","17":"purchasable","18":"product-type-simple"},"yoast_head":"<!-- This site is optimized with the Yoast SEO Premium plugin v27.0 (Yoast SEO v27.3) - https:\/\/yoast.com\/product\/yoast-seo-premium-wordpress\/ -->\n<title>Cocinar Foie Gras - Recetas e inspiraci\u00f3n<\/title>\n<meta name=\"description\" content=\"Descubre c\u00f3mo cocinar foie gras como un chef con nuestras recetas f\u00e1ciles, sabrosas y elegantes.\" \/>\n<meta name=\"robots\" content=\"index, follow, max-snippet:-1, max-image-preview:large, max-video-preview:-1\" \/>\n<link rel=\"canonical\" href=\"https:\/\/relaisgourmet.com\/es\/producto\/cocinar-el-foie-gras\/\" \/>\n<meta property=\"og:locale\" content=\"es_ES\" \/>\n<meta property=\"og:type\" content=\"article\" \/>\n<meta property=\"og:title\" content=\"Cocinar Foie Gras\" \/>\n<meta property=\"og:description\" content=\"Descubre c\u00f3mo cocinar foie gras como un chef con nuestras recetas f\u00e1ciles, sabrosas y elegantes.\" \/>\n<meta property=\"og:url\" content=\"https:\/\/relaisgourmet.com\/es\/producto\/cocinar-el-foie-gras\/\" \/>\n<meta property=\"og:site_name\" content=\"Relais Gourmet\" \/>\n<meta property=\"article:publisher\" content=\"https:\/\/facebook.com\/yoast\" \/>\n<meta property=\"article:modified_time\" content=\"2025-04-12T21:09:28+00:00\" \/>\n<meta property=\"og:image\" content=\"https:\/\/relaisgourmet.com\/wp-content\/uploads\/2024\/09\/5-e1698754257552-1.jpg\" \/>\n\t<meta property=\"og:image:width\" content=\"1000\" \/>\n\t<meta property=\"og:image:height\" content=\"1179\" \/>\n\t<meta property=\"og:image:type\" content=\"image\/jpeg\" \/>\n<meta name=\"twitter:card\" content=\"summary_large_image\" \/>\n<meta name=\"twitter:label1\" content=\"Tiempo de lectura\" \/>\n\t<meta name=\"twitter:data1\" content=\"2 minuto\" \/>\n<script type=\"application\/ld+json\" class=\"yoast-schema-graph\">{\"@context\":\"https:\\\/\\\/schema.org\",\"@graph\":[{\"@type\":\"WebPage\",\"@id\":\"https:\\\/\\\/relaisgourmet.com\\\/es\\\/producto\\\/cocinar-el-foie-gras\\\/\",\"url\":\"https:\\\/\\\/relaisgourmet.com\\\/es\\\/producto\\\/cocinar-el-foie-gras\\\/\",\"name\":\"Cocinar Foie Gras - Recetas e inspiraci\u00f3n\",\"isPartOf\":{\"@id\":\"https:\\\/\\\/relaisgourmet.com\\\/es\\\/#website\"},\"primaryImageOfPage\":{\"@id\":\"https:\\\/\\\/relaisgourmet.com\\\/es\\\/producto\\\/cocinar-el-foie-gras\\\/#primaryimage\"},\"image\":{\"@id\":\"https:\\\/\\\/relaisgourmet.com\\\/es\\\/producto\\\/cocinar-el-foie-gras\\\/#primaryimage\"},\"thumbnailUrl\":\"https:\\\/\\\/relaisgourmet.com\\\/wp-content\\\/uploads\\\/2024\\\/09\\\/5-e1698754257552-1.jpg\",\"datePublished\":\"2021-11-22T09:37:23+00:00\",\"dateModified\":\"2025-04-12T21:09:28+00:00\",\"description\":\"Descubre c\u00f3mo cocinar foie gras como un chef con nuestras recetas f\u00e1ciles, sabrosas y elegantes.\",\"breadcrumb\":{\"@id\":\"https:\\\/\\\/relaisgourmet.com\\\/es\\\/producto\\\/cocinar-el-foie-gras\\\/#breadcrumb\"},\"inLanguage\":\"es\",\"potentialAction\":[{\"@type\":\"ReadAction\",\"target\":[\"https:\\\/\\\/relaisgourmet.com\\\/es\\\/producto\\\/cocinar-el-foie-gras\\\/\"]}]},{\"@type\":\"ImageObject\",\"inLanguage\":\"es\",\"@id\":\"https:\\\/\\\/relaisgourmet.com\\\/es\\\/producto\\\/cocinar-el-foie-gras\\\/#primaryimage\",\"url\":\"https:\\\/\\\/relaisgourmet.com\\\/wp-content\\\/uploads\\\/2024\\\/09\\\/5-e1698754257552-1.jpg\",\"contentUrl\":\"https:\\\/\\\/relaisgourmet.com\\\/wp-content\\\/uploads\\\/2024\\\/09\\\/5-e1698754257552-1.jpg\",\"width\":1000,\"height\":1179,\"caption\":\"alt Cuisiner le Foie Gras\"},{\"@type\":\"BreadcrumbList\",\"@id\":\"https:\\\/\\\/relaisgourmet.com\\\/es\\\/producto\\\/cocinar-el-foie-gras\\\/#breadcrumb\",\"itemListElement\":[{\"@type\":\"ListItem\",\"position\":1,\"name\":\"Inicio\",\"item\":\"https:\\\/\\\/relaisgourmet.com\\\/es\\\/\"},{\"@type\":\"ListItem\",\"position\":2,\"name\":\"Aut\u00e9ntico foie gras\",\"item\":\"https:\\\/\\\/relaisgourmet.com\\\/es\\\/autentico-foie-gras\\\/\"},{\"@type\":\"ListItem\",\"position\":3,\"name\":\"Cocinar Foie Gras\"}]},{\"@type\":\"WebSite\",\"@id\":\"https:\\\/\\\/relaisgourmet.com\\\/es\\\/#website\",\"url\":\"https:\\\/\\\/relaisgourmet.com\\\/es\\\/\",\"name\":\"Relais Gourmet\",\"description\":\"Maison Gastronomique au Pays-Basque Depuis 2004\",\"publisher\":{\"@id\":\"https:\\\/\\\/relaisgourmet.com\\\/es\\\/#organization\"},\"potentialAction\":[{\"@type\":\"SearchAction\",\"target\":{\"@type\":\"EntryPoint\",\"urlTemplate\":\"https:\\\/\\\/relaisgourmet.com\\\/es\\\/?s={search_term_string}\"},\"query-input\":{\"@type\":\"PropertyValueSpecification\",\"valueRequired\":true,\"valueName\":\"search_term_string\"}}],\"inLanguage\":\"es\"},{\"@type\":\"Organization\",\"@id\":\"https:\\\/\\\/relaisgourmet.com\\\/es\\\/#organization\",\"name\":\"Relais Gourmet\",\"url\":\"https:\\\/\\\/relaisgourmet.com\\\/es\\\/\",\"logo\":{\"@type\":\"ImageObject\",\"inLanguage\":\"es\",\"@id\":\"https:\\\/\\\/relaisgourmet.com\\\/es\\\/#\\\/schema\\\/logo\\\/image\\\/\",\"url\":\"https:\\\/\\\/relaisgourmet.com\\\/wp-content\\\/uploads\\\/2024\\\/11\\\/Diseno-sin-titulo-8.jpg\",\"contentUrl\":\"https:\\\/\\\/relaisgourmet.com\\\/wp-content\\\/uploads\\\/2024\\\/11\\\/Diseno-sin-titulo-8.jpg\",\"width\":500,\"height\":500,\"caption\":\"Relais Gourmet\"},\"image\":{\"@id\":\"https:\\\/\\\/relaisgourmet.com\\\/es\\\/#\\\/schema\\\/logo\\\/image\\\/\"},\"sameAs\":[\"https:\\\/\\\/facebook.com\\\/yoast\",\"https:\\\/\\\/instagram.com\\\/yoast\"]}]}<\/script>\n<!-- \/ Yoast SEO Premium plugin. -->","yoast_head_json":{"title":"Cocinar Foie Gras - Recetas e inspiraci\u00f3n","description":"Descubre c\u00f3mo cocinar foie gras como un chef con nuestras recetas f\u00e1ciles, sabrosas y elegantes.","robots":{"index":"index","follow":"follow","max-snippet":"max-snippet:-1","max-image-preview":"max-image-preview:large","max-video-preview":"max-video-preview:-1"},"canonical":"https:\/\/relaisgourmet.com\/es\/producto\/cocinar-el-foie-gras\/","og_locale":"es_ES","og_type":"article","og_title":"Cocinar Foie Gras","og_description":"Descubre c\u00f3mo cocinar foie gras como un chef con nuestras recetas f\u00e1ciles, sabrosas y elegantes.","og_url":"https:\/\/relaisgourmet.com\/es\/producto\/cocinar-el-foie-gras\/","og_site_name":"Relais Gourmet","article_publisher":"https:\/\/facebook.com\/yoast","article_modified_time":"2025-04-12T21:09:28+00:00","og_image":[{"width":1000,"height":1179,"url":"https:\/\/relaisgourmet.com\/wp-content\/uploads\/2024\/09\/5-e1698754257552-1.jpg","type":"image\/jpeg"}],"twitter_card":"summary_large_image","twitter_misc":{"Tiempo de lectura":"2 minuto"},"schema":{"@context":"https:\/\/schema.org","@graph":[{"@type":"WebPage","@id":"https:\/\/relaisgourmet.com\/es\/producto\/cocinar-el-foie-gras\/","url":"https:\/\/relaisgourmet.com\/es\/producto\/cocinar-el-foie-gras\/","name":"Cocinar Foie Gras - Recetas e inspiraci\u00f3n","isPartOf":{"@id":"https:\/\/relaisgourmet.com\/es\/#website"},"primaryImageOfPage":{"@id":"https:\/\/relaisgourmet.com\/es\/producto\/cocinar-el-foie-gras\/#primaryimage"},"image":{"@id":"https:\/\/relaisgourmet.com\/es\/producto\/cocinar-el-foie-gras\/#primaryimage"},"thumbnailUrl":"https:\/\/relaisgourmet.com\/wp-content\/uploads\/2024\/09\/5-e1698754257552-1.jpg","datePublished":"2021-11-22T09:37:23+00:00","dateModified":"2025-04-12T21:09:28+00:00","description":"Descubre c\u00f3mo cocinar foie gras como un chef con nuestras recetas f\u00e1ciles, sabrosas y elegantes.","breadcrumb":{"@id":"https:\/\/relaisgourmet.com\/es\/producto\/cocinar-el-foie-gras\/#breadcrumb"},"inLanguage":"es","potentialAction":[{"@type":"ReadAction","target":["https:\/\/relaisgourmet.com\/es\/producto\/cocinar-el-foie-gras\/"]}]},{"@type":"ImageObject","inLanguage":"es","@id":"https:\/\/relaisgourmet.com\/es\/producto\/cocinar-el-foie-gras\/#primaryimage","url":"https:\/\/relaisgourmet.com\/wp-content\/uploads\/2024\/09\/5-e1698754257552-1.jpg","contentUrl":"https:\/\/relaisgourmet.com\/wp-content\/uploads\/2024\/09\/5-e1698754257552-1.jpg","width":1000,"height":1179,"caption":"alt Cuisiner le Foie Gras"},{"@type":"BreadcrumbList","@id":"https:\/\/relaisgourmet.com\/es\/producto\/cocinar-el-foie-gras\/#breadcrumb","itemListElement":[{"@type":"ListItem","position":1,"name":"Inicio","item":"https:\/\/relaisgourmet.com\/es\/"},{"@type":"ListItem","position":2,"name":"Aut\u00e9ntico foie gras","item":"https:\/\/relaisgourmet.com\/es\/autentico-foie-gras\/"},{"@type":"ListItem","position":3,"name":"Cocinar Foie Gras"}]},{"@type":"WebSite","@id":"https:\/\/relaisgourmet.com\/es\/#website","url":"https:\/\/relaisgourmet.com\/es\/","name":"Relais Gourmet","description":"Maison Gastronomique au Pays-Basque Depuis 2004","publisher":{"@id":"https:\/\/relaisgourmet.com\/es\/#organization"},"potentialAction":[{"@type":"SearchAction","target":{"@type":"EntryPoint","urlTemplate":"https:\/\/relaisgourmet.com\/es\/?s={search_term_string}"},"query-input":{"@type":"PropertyValueSpecification","valueRequired":true,"valueName":"search_term_string"}}],"inLanguage":"es"},{"@type":"Organization","@id":"https:\/\/relaisgourmet.com\/es\/#organization","name":"Relais Gourmet","url":"https:\/\/relaisgourmet.com\/es\/","logo":{"@type":"ImageObject","inLanguage":"es","@id":"https:\/\/relaisgourmet.com\/es\/#\/schema\/logo\/image\/","url":"https:\/\/relaisgourmet.com\/wp-content\/uploads\/2024\/11\/Diseno-sin-titulo-8.jpg","contentUrl":"https:\/\/relaisgourmet.com\/wp-content\/uploads\/2024\/11\/Diseno-sin-titulo-8.jpg","width":500,"height":500,"caption":"Relais Gourmet"},"image":{"@id":"https:\/\/relaisgourmet.com\/es\/#\/schema\/logo\/image\/"},"sameAs":["https:\/\/facebook.com\/yoast","https:\/\/instagram.com\/yoast"]}]}},"_links":{"self":[{"href":"https:\/\/relaisgourmet.com\/es\/wp-json\/wp\/v2\/product\/41677","targetHints":{"allow":["GET"]}}],"collection":[{"href":"https:\/\/relaisgourmet.com\/es\/wp-json\/wp\/v2\/product"}],"about":[{"href":"https:\/\/relaisgourmet.com\/es\/wp-json\/wp\/v2\/types\/product"}],"replies":[{"embeddable":true,"href":"https:\/\/relaisgourmet.com\/es\/wp-json\/wp\/v2\/comments?post=41677"}],"version-history":[{"count":1,"href":"https:\/\/relaisgourmet.com\/es\/wp-json\/wp\/v2\/product\/41677\/revisions"}],"predecessor-version":[{"id":54860,"href":"https:\/\/relaisgourmet.com\/es\/wp-json\/wp\/v2\/product\/41677\/revisions\/54860"}],"wp:featuredmedia":[{"embeddable":true,"href":"https:\/\/relaisgourmet.com\/es\/wp-json\/wp\/v2\/media\/39704"}],"wp:attachment":[{"href":"https:\/\/relaisgourmet.com\/es\/wp-json\/wp\/v2\/media?parent=41677"}],"wp:term":[{"taxonomy":"product_brand","embeddable":true,"href":"https:\/\/relaisgourmet.com\/es\/wp-json\/wp\/v2\/product_brand?post=41677"},{"taxonomy":"product_cat","embeddable":true,"href":"https:\/\/relaisgourmet.com\/es\/wp-json\/wp\/v2\/product_cat?post=41677"},{"taxonomy":"product_tag","embeddable":true,"href":"https:\/\/relaisgourmet.com\/es\/wp-json\/wp\/v2\/product_tag?post=41677"},{"taxonomy":"giftcard-category","embeddable":true,"href":"https:\/\/relaisgourmet.com\/es\/wp-json\/wp\/v2\/giftcard-category?post=41677"}],"curies":[{"name":"wp","href":"https:\/\/api.w.org\/{rel}","templated":true}]}}