{"id":41633,"date":"2013-10-14T08:05:39","date_gmt":"2013-10-14T06:05:39","guid":{"rendered":"https:\/\/relaisgourmet.com\/produit\/surtido-gourmet-tradicional-espelette\/"},"modified":"2025-04-12T23:09:20","modified_gmt":"2025-04-12T21:09:20","slug":"surtido-gourmet-tradicional-espelette","status":"publish","type":"product","link":"https:\/\/relaisgourmet.com\/es\/producto\/surtido-gourmet-tradicional-espelette\/","title":{"rendered":"Cofre \u201cEspelette\u201d"},"content":{"rendered":"<p>El pimiento de Espelette es un <strong>pimiento rojo vasco<\/strong>, ligeramente picante y afrutado, utilizado para sazonar diversos platos, originario del <strong>pueblo de Espelette<\/strong> en Francia. \u00a1A\u00f1ade un poco de picante a tu plato!<\/p>\n<p><strong>Garantizado sin conservantes, colorantes ni aditivos.<\/strong><\/p>\n<p><strong>Composici\u00f3n: <\/strong>3 Foie Gras con Pimiento de Espelette (3x180g) 1 Aperitivo Gourmet con Pimiento de Espelette GRATIS (valorado en 12 euros)<\/p>\n<p><strong>Conservaci\u00f3n:<\/strong> 3 a\u00f1os a temperatura ambiente. Despu\u00e9s de abrir, consumir en 15 d\u00edas y conservar en el refrigerador.<\/p>\n<p>Encuentra todos nuestros consejos y trucos de preparaci\u00f3n en la secci\u00f3n del Blog.<\/p>\n","protected":false},"excerpt":{"rendered":"<p>Surtido Espelette 3 Foie Gras de Pato con Pimiento de Espelette (180g cada uno) + 1 Aperitivo GRATIS: \u00a1La uni\u00f3n picante y generosa del Pa\u00eds Vasco te seducir\u00e1!<\/p>\n<p><img decoding=\"async\" class=\"emoji\" role=\"img\" draggable=\"false\" src=\"https:\/\/s.w.org\/images\/core\/emoji\/15.0.3\/svg\/1f1eb-1f1f7.svg\" alt=\"\ud83c\uddeb\ud83c\uddf7\" \/>\u00a0Producci\u00f3n garantizada 100% francesa<br \/>\n\u2714 Garantizado sin conservantes, aditivos ni colorantes.<br \/>\n\ud83c\udf43 Patos alimentados con ma\u00edz amarillo<br \/>\n\ud83d\ude9a Entrega r\u00e1pida en todo el mundo<br \/>\n\ud83d\udd53 Se conserva 3 a\u00f1os<br \/>\n\ud83d\udd10 Pago seguro<\/p>\n<p>Peso: 720 gramos<\/p>\n","protected":false},"featured_media":58064,"comment_status":"closed","ping_status":"closed","template":"","meta":[],"product_brand":[],"product_cat":[1293,1300],"product_tag":[1872,2469,2468,2467,2470,2471,2472,2473,2131,1875,2132,2135,2474,2476,2481,2475,2479,2480,2478,2482,2483,2477,2485,2484],"giftcard-category":[],"class_list":{"0":"post-41633","1":"product","2":"type-product","3":"status-publish","4":"has-post-thumbnail","6":"product_cat-nuestros-foies-gras","7":"product_cat-surtidos","8":"product_tag-achat-foie-gras-es","9":"product_tag-caja-de-foie-gras","10":"product_tag-caja-de-hojalata","11":"product_tag-caja-de-regalo-es","12":"product_tag-caja-gourmet","13":"product_tag-caja-gourmet-es","14":"product_tag-caja-gourmet-es-2","15":"product_tag-caja-terroir","16":"product_tag-espelette-es","17":"product_tag-foie-gras-au-piment-despelette-es","18":"product_tag-foie-gras-con-guindilla","19":"product_tag-foie-gras-espelette-es","20":"product_tag-paquete-a-enviar","21":"product_tag-paquete-de-foie-gras","22":"product_tag-paquete-de-navidad","23":"product_tag-paquete-festivo","24":"product_tag-paquete-gourmet-es","25":"product_tag-paquete-gourmet-es-2","26":"product_tag-paquete-gourmet","27":"product_tag-paquetes-regalo","28":"product_tag-paquetes-regalo-es","29":"product_tag-parcela-foiegras","30":"product_tag-productos-suroeste","31":"product_tag-productos-vascos","32":"product_shipping_class-tva-5-5-es","34":"first","35":"instock","36":"taxable","37":"shipping-taxable","38":"purchasable","39":"product-type-simple"},"yoast_head":"<!-- This site is optimized with the Yoast SEO Premium plugin v27.0 (Yoast SEO v27.3) - https:\/\/yoast.com\/product\/yoast-seo-premium-wordpress\/ -->\n<title>Cofre Espelette - Surtido de sabores vascos<\/title>\n<meta name=\"description\" content=\"Cofre Espelette: una colecci\u00f3n de productos regionales con el aut\u00e9ntico toque del pimiento vasco.\" \/>\n<meta name=\"robots\" content=\"index, follow, max-snippet:-1, max-image-preview:large, max-video-preview:-1\" \/>\n<link rel=\"canonical\" href=\"https:\/\/relaisgourmet.com\/es\/producto\/surtido-gourmet-tradicional-espelette\/\" \/>\n<meta property=\"og:locale\" content=\"es_ES\" \/>\n<meta property=\"og:type\" content=\"article\" \/>\n<meta property=\"og:title\" content=\"Cofre \u201cEspelette\u201d\" \/>\n<meta property=\"og:description\" content=\"Cofre Espelette: una colecci\u00f3n de productos regionales con el aut\u00e9ntico toque del pimiento vasco.\" \/>\n<meta property=\"og:url\" content=\"https:\/\/relaisgourmet.com\/es\/producto\/surtido-gourmet-tradicional-espelette\/\" \/>\n<meta property=\"og:site_name\" content=\"Relais Gourmet\" \/>\n<meta property=\"article:publisher\" content=\"https:\/\/facebook.com\/yoast\" \/>\n<meta property=\"article:modified_time\" content=\"2025-04-12T21:09:20+00:00\" \/>\n<meta property=\"og:image\" content=\"https:\/\/relaisgourmet.com\/wp-content\/uploads\/2024\/09\/Coffret-Espelette-1.jpg\" \/>\n\t<meta property=\"og:image:width\" content=\"744\" \/>\n\t<meta property=\"og:image:height\" content=\"744\" \/>\n\t<meta property=\"og:image:type\" content=\"image\/jpeg\" \/>\n<meta name=\"twitter:card\" content=\"summary_large_image\" \/>\n<meta name=\"twitter:label1\" content=\"Tiempo de lectura\" \/>\n\t<meta name=\"twitter:data1\" content=\"1 minuto\" \/>\n<script type=\"application\/ld+json\" class=\"yoast-schema-graph\">{\"@context\":\"https:\\\/\\\/schema.org\",\"@graph\":[{\"@type\":\"WebPage\",\"@id\":\"https:\\\/\\\/relaisgourmet.com\\\/es\\\/producto\\\/surtido-gourmet-tradicional-espelette\\\/\",\"url\":\"https:\\\/\\\/relaisgourmet.com\\\/es\\\/producto\\\/surtido-gourmet-tradicional-espelette\\\/\",\"name\":\"Cofre Espelette - Surtido de sabores vascos\",\"isPartOf\":{\"@id\":\"https:\\\/\\\/relaisgourmet.com\\\/es\\\/#website\"},\"primaryImageOfPage\":{\"@id\":\"https:\\\/\\\/relaisgourmet.com\\\/es\\\/producto\\\/surtido-gourmet-tradicional-espelette\\\/#primaryimage\"},\"image\":{\"@id\":\"https:\\\/\\\/relaisgourmet.com\\\/es\\\/producto\\\/surtido-gourmet-tradicional-espelette\\\/#primaryimage\"},\"thumbnailUrl\":\"https:\\\/\\\/relaisgourmet.com\\\/wp-content\\\/uploads\\\/2013\\\/10\\\/Assortiment-Espelette-min.png\",\"datePublished\":\"2013-10-14T06:05:39+00:00\",\"dateModified\":\"2025-04-12T21:09:20+00:00\",\"description\":\"Cofre Espelette: una colecci\u00f3n de productos regionales con el aut\u00e9ntico toque del pimiento vasco.\",\"breadcrumb\":{\"@id\":\"https:\\\/\\\/relaisgourmet.com\\\/es\\\/producto\\\/surtido-gourmet-tradicional-espelette\\\/#breadcrumb\"},\"inLanguage\":\"es\",\"potentialAction\":[{\"@type\":\"ReadAction\",\"target\":[\"https:\\\/\\\/relaisgourmet.com\\\/es\\\/producto\\\/surtido-gourmet-tradicional-espelette\\\/\"]}]},{\"@type\":\"ImageObject\",\"inLanguage\":\"es\",\"@id\":\"https:\\\/\\\/relaisgourmet.com\\\/es\\\/producto\\\/surtido-gourmet-tradicional-espelette\\\/#primaryimage\",\"url\":\"https:\\\/\\\/relaisgourmet.com\\\/wp-content\\\/uploads\\\/2013\\\/10\\\/Assortiment-Espelette-min.png\",\"contentUrl\":\"https:\\\/\\\/relaisgourmet.com\\\/wp-content\\\/uploads\\\/2013\\\/10\\\/Assortiment-Espelette-min.png\",\"width\":1000,\"height\":1000},{\"@type\":\"BreadcrumbList\",\"@id\":\"https:\\\/\\\/relaisgourmet.com\\\/es\\\/producto\\\/surtido-gourmet-tradicional-espelette\\\/#breadcrumb\",\"itemListElement\":[{\"@type\":\"ListItem\",\"position\":1,\"name\":\"Inicio\",\"item\":\"https:\\\/\\\/relaisgourmet.com\\\/es\\\/\"},{\"@type\":\"ListItem\",\"position\":2,\"name\":\"Aut\u00e9ntico foie gras\",\"item\":\"https:\\\/\\\/relaisgourmet.com\\\/es\\\/autentico-foie-gras\\\/\"},{\"@type\":\"ListItem\",\"position\":3,\"name\":\"Cofre \u201cEspelette\u201d\"}]},{\"@type\":\"WebSite\",\"@id\":\"https:\\\/\\\/relaisgourmet.com\\\/es\\\/#website\",\"url\":\"https:\\\/\\\/relaisgourmet.com\\\/es\\\/\",\"name\":\"Relais Gourmet\",\"description\":\"Maison Gastronomique au Pays-Basque Depuis 2004\",\"publisher\":{\"@id\":\"https:\\\/\\\/relaisgourmet.com\\\/es\\\/#organization\"},\"potentialAction\":[{\"@type\":\"SearchAction\",\"target\":{\"@type\":\"EntryPoint\",\"urlTemplate\":\"https:\\\/\\\/relaisgourmet.com\\\/es\\\/?s={search_term_string}\"},\"query-input\":{\"@type\":\"PropertyValueSpecification\",\"valueRequired\":true,\"valueName\":\"search_term_string\"}}],\"inLanguage\":\"es\"},{\"@type\":\"Organization\",\"@id\":\"https:\\\/\\\/relaisgourmet.com\\\/es\\\/#organization\",\"name\":\"Relais Gourmet\",\"url\":\"https:\\\/\\\/relaisgourmet.com\\\/es\\\/\",\"logo\":{\"@type\":\"ImageObject\",\"inLanguage\":\"es\",\"@id\":\"https:\\\/\\\/relaisgourmet.com\\\/es\\\/#\\\/schema\\\/logo\\\/image\\\/\",\"url\":\"https:\\\/\\\/relaisgourmet.com\\\/wp-content\\\/uploads\\\/2024\\\/11\\\/Diseno-sin-titulo-8.jpg\",\"contentUrl\":\"https:\\\/\\\/relaisgourmet.com\\\/wp-content\\\/uploads\\\/2024\\\/11\\\/Diseno-sin-titulo-8.jpg\",\"width\":500,\"height\":500,\"caption\":\"Relais Gourmet\"},\"image\":{\"@id\":\"https:\\\/\\\/relaisgourmet.com\\\/es\\\/#\\\/schema\\\/logo\\\/image\\\/\"},\"sameAs\":[\"https:\\\/\\\/facebook.com\\\/yoast\",\"https:\\\/\\\/instagram.com\\\/yoast\"]}]}<\/script>\n<!-- \/ Yoast SEO Premium plugin. -->","yoast_head_json":{"title":"Cofre Espelette - Surtido de sabores vascos","description":"Cofre Espelette: una colecci\u00f3n de productos regionales con el aut\u00e9ntico toque del pimiento vasco.","robots":{"index":"index","follow":"follow","max-snippet":"max-snippet:-1","max-image-preview":"max-image-preview:large","max-video-preview":"max-video-preview:-1"},"canonical":"https:\/\/relaisgourmet.com\/es\/producto\/surtido-gourmet-tradicional-espelette\/","og_locale":"es_ES","og_type":"article","og_title":"Cofre \u201cEspelette\u201d","og_description":"Cofre Espelette: una colecci\u00f3n de productos regionales con el aut\u00e9ntico toque del pimiento vasco.","og_url":"https:\/\/relaisgourmet.com\/es\/producto\/surtido-gourmet-tradicional-espelette\/","og_site_name":"Relais Gourmet","article_publisher":"https:\/\/facebook.com\/yoast","article_modified_time":"2025-04-12T21:09:20+00:00","og_image":[{"width":744,"height":744,"url":"https:\/\/relaisgourmet.com\/wp-content\/uploads\/2024\/09\/Coffret-Espelette-1.jpg","type":"image\/jpeg"}],"twitter_card":"summary_large_image","twitter_misc":{"Tiempo de lectura":"1 minuto"},"schema":{"@context":"https:\/\/schema.org","@graph":[{"@type":"WebPage","@id":"https:\/\/relaisgourmet.com\/es\/producto\/surtido-gourmet-tradicional-espelette\/","url":"https:\/\/relaisgourmet.com\/es\/producto\/surtido-gourmet-tradicional-espelette\/","name":"Cofre Espelette - Surtido de sabores vascos","isPartOf":{"@id":"https:\/\/relaisgourmet.com\/es\/#website"},"primaryImageOfPage":{"@id":"https:\/\/relaisgourmet.com\/es\/producto\/surtido-gourmet-tradicional-espelette\/#primaryimage"},"image":{"@id":"https:\/\/relaisgourmet.com\/es\/producto\/surtido-gourmet-tradicional-espelette\/#primaryimage"},"thumbnailUrl":"https:\/\/relaisgourmet.com\/wp-content\/uploads\/2013\/10\/Assortiment-Espelette-min.png","datePublished":"2013-10-14T06:05:39+00:00","dateModified":"2025-04-12T21:09:20+00:00","description":"Cofre Espelette: una colecci\u00f3n de productos regionales con el aut\u00e9ntico toque del pimiento vasco.","breadcrumb":{"@id":"https:\/\/relaisgourmet.com\/es\/producto\/surtido-gourmet-tradicional-espelette\/#breadcrumb"},"inLanguage":"es","potentialAction":[{"@type":"ReadAction","target":["https:\/\/relaisgourmet.com\/es\/producto\/surtido-gourmet-tradicional-espelette\/"]}]},{"@type":"ImageObject","inLanguage":"es","@id":"https:\/\/relaisgourmet.com\/es\/producto\/surtido-gourmet-tradicional-espelette\/#primaryimage","url":"https:\/\/relaisgourmet.com\/wp-content\/uploads\/2013\/10\/Assortiment-Espelette-min.png","contentUrl":"https:\/\/relaisgourmet.com\/wp-content\/uploads\/2013\/10\/Assortiment-Espelette-min.png","width":1000,"height":1000},{"@type":"BreadcrumbList","@id":"https:\/\/relaisgourmet.com\/es\/producto\/surtido-gourmet-tradicional-espelette\/#breadcrumb","itemListElement":[{"@type":"ListItem","position":1,"name":"Inicio","item":"https:\/\/relaisgourmet.com\/es\/"},{"@type":"ListItem","position":2,"name":"Aut\u00e9ntico foie gras","item":"https:\/\/relaisgourmet.com\/es\/autentico-foie-gras\/"},{"@type":"ListItem","position":3,"name":"Cofre \u201cEspelette\u201d"}]},{"@type":"WebSite","@id":"https:\/\/relaisgourmet.com\/es\/#website","url":"https:\/\/relaisgourmet.com\/es\/","name":"Relais Gourmet","description":"Maison Gastronomique au Pays-Basque Depuis 2004","publisher":{"@id":"https:\/\/relaisgourmet.com\/es\/#organization"},"potentialAction":[{"@type":"SearchAction","target":{"@type":"EntryPoint","urlTemplate":"https:\/\/relaisgourmet.com\/es\/?s={search_term_string}"},"query-input":{"@type":"PropertyValueSpecification","valueRequired":true,"valueName":"search_term_string"}}],"inLanguage":"es"},{"@type":"Organization","@id":"https:\/\/relaisgourmet.com\/es\/#organization","name":"Relais Gourmet","url":"https:\/\/relaisgourmet.com\/es\/","logo":{"@type":"ImageObject","inLanguage":"es","@id":"https:\/\/relaisgourmet.com\/es\/#\/schema\/logo\/image\/","url":"https:\/\/relaisgourmet.com\/wp-content\/uploads\/2024\/11\/Diseno-sin-titulo-8.jpg","contentUrl":"https:\/\/relaisgourmet.com\/wp-content\/uploads\/2024\/11\/Diseno-sin-titulo-8.jpg","width":500,"height":500,"caption":"Relais Gourmet"},"image":{"@id":"https:\/\/relaisgourmet.com\/es\/#\/schema\/logo\/image\/"},"sameAs":["https:\/\/facebook.com\/yoast","https:\/\/instagram.com\/yoast"]}]}},"_links":{"self":[{"href":"https:\/\/relaisgourmet.com\/es\/wp-json\/wp\/v2\/product\/41633","targetHints":{"allow":["GET"]}}],"collection":[{"href":"https:\/\/relaisgourmet.com\/es\/wp-json\/wp\/v2\/product"}],"about":[{"href":"https:\/\/relaisgourmet.com\/es\/wp-json\/wp\/v2\/types\/product"}],"replies":[{"embeddable":true,"href":"https:\/\/relaisgourmet.com\/es\/wp-json\/wp\/v2\/comments?post=41633"}],"version-history":[{"count":0,"href":"https:\/\/relaisgourmet.com\/es\/wp-json\/wp\/v2\/product\/41633\/revisions"}],"wp:featuredmedia":[{"embeddable":true,"href":"https:\/\/relaisgourmet.com\/es\/wp-json\/wp\/v2\/media\/58064"}],"wp:attachment":[{"href":"https:\/\/relaisgourmet.com\/es\/wp-json\/wp\/v2\/media?parent=41633"}],"wp:term":[{"taxonomy":"product_brand","embeddable":true,"href":"https:\/\/relaisgourmet.com\/es\/wp-json\/wp\/v2\/product_brand?post=41633"},{"taxonomy":"product_cat","embeddable":true,"href":"https:\/\/relaisgourmet.com\/es\/wp-json\/wp\/v2\/product_cat?post=41633"},{"taxonomy":"product_tag","embeddable":true,"href":"https:\/\/relaisgourmet.com\/es\/wp-json\/wp\/v2\/product_tag?post=41633"},{"taxonomy":"giftcard-category","embeddable":true,"href":"https:\/\/relaisgourmet.com\/es\/wp-json\/wp\/v2\/giftcard-category?post=41633"}],"curies":[{"name":"wp","href":"https:\/\/api.w.org\/{rel}","templated":true}]}}