{"id":41623,"date":"2014-10-19T14:45:34","date_gmt":"2014-10-19T12:45:34","guid":{"rendered":"https:\/\/relaisgourmet.com\/produit\/aperitivo-gourmet-con-armagnac\/"},"modified":"2025-12-01T01:18:11","modified_gmt":"2025-12-01T00:18:11","slug":"aperitivo-gourmet-con-armagnac","status":"publish","type":"product","link":"https:\/\/relaisgourmet.com\/es\/producto\/aperitivo-gourmet-con-armagnac\/","title":{"rendered":"Aperitivo Gourmet con Armagnac"},"content":{"rendered":"<div class=\"flex-shrink-0 flex flex-col relative items-end\">\n<div>\n<div class=\"pt-0.5 juice:pt-0\">\n<div class=\"gizmo-bot-avatar flex h-6 w-6 items-center justify-center overflow-hidden rounded-full juice:h-8 juice:w-8\">\n<div class=\"relative p-1 rounded-sm flex items-center justify-center bg-token-main-surface-primary text-token-text-primary h-8 w-8\">\n<p>El Aperitivo Gourmet con Armagnac captura la esencia de la tradici\u00f3n y el arte de la destilaci\u00f3n francesa, ofreciendo una experiencia culinaria de lujo y distinci\u00f3n. Este destilado excepcional aporta notas c\u00e1lidas y especiadas que enriquecen nuestro aperitivo.<\/p>\n<p><strong>Garantizado sin conservantes, sin aditivos y sin colorantes.<\/strong><\/p>\n<p><strong>Ingredientes:<\/strong> carne magra y papada de cerdo, h\u00edgado de cerdo, huevo, Armagnac 3%, sal, pimienta, ajo.<\/p>\n<p><strong>Conservaci\u00f3n:<\/strong> 3 a\u00f1os a temperatura ambiente. Despu\u00e9s de abrirlo, cons\u00famalo en 15 d\u00edas y cons\u00e9rvelo en el refrigerador.<\/p>\n<\/div>\n<\/div>\n<\/div>\n<\/div>\n<\/div>\n<div class=\"group\/conversation-turn relative flex w-full min-w-0 flex-col agent-turn\">\n<div class=\"flex-col gap-1 md:gap-3\">\n<div class=\"flex flex-grow flex-col max-w-full\">\n<div class=\"min-h-[20px] text-message flex flex-col items-start whitespace-pre-wrap break-words [.text-message+&amp;]:mt-5 juice:w-full juice:items-end overflow-x-auto gap-2\" dir=\"auto\" data-message-author-role=\"assistant\" data-message-id=\"6670428d-5df6-4b14-9a03-3a6dddebd881\">\n<div class=\"flex w-full flex-col gap-1 juice:empty:hidden juice:first:pt-[3px]\">\n<div class=\"markdown prose w-full break-words dark:prose-invert light\">\n<p>Encuentre todos nuestros consejos y trucos de preparaci\u00f3n para este Aperitivo Gourmet con Armagnac en la secci\u00f3n <a href=\"https:\/\/relaisgourmet.com\/blog-foies-gras-actualite\/\">Blog<\/a> de nuestro sitio web y en nuestra p\u00e1gina de <a href=\"https:\/\/www.instagram.com\/relaisgourmetofficiel\/\">Instagram<\/a>.<\/p>\n<\/div>\n<\/div>\n<\/div>\n<\/div>\n<\/div>\n<\/div>\n","protected":false},"excerpt":{"rendered":"<p>El Armagnac es un aguardiente de renombre mundial procedente del coraz\u00f3n de Gascu\u00f1a, en Francia.<\/p>\n<p><img decoding=\"async\" class=\"emoji\" role=\"img\" draggable=\"false\" src=\"https:\/\/s.w.org\/images\/core\/emoji\/15.0.3\/svg\/1f1eb-1f1f7.svg\" alt=\"\ud83c\uddeb\ud83c\uddf7\" \/>\u00a0Producci\u00f3n garantizada 100% francesa<br \/>\n\u2714 Garantizado sin conservantes, aditivos ni colorantes.<br \/>\n\ud83c\udf43 Patos alimentados con ma\u00edz amarillo<br \/>\n\ud83d\ude9a Entrega r\u00e1pida en todo el mundo<br \/>\n\ud83d\udd53 Se conserva 3 a\u00f1os<br \/>\n\ud83d\udd10 Pago seguro<\/p>\n<p>Peso: 180 gramos<\/p>\n","protected":false},"featured_media":57739,"comment_status":"closed","ping_status":"closed","template":"","meta":[],"product_brand":[],"product_cat":[1272],"product_tag":[1256,1847,1999],"giftcard-category":[],"class_list":{"0":"post-41623","1":"product","2":"type-product","3":"status-publish","4":"has-post-thumbnail","6":"product_cat-aperitivos-gourmet","7":"product_tag-180g-es","8":"product_tag-4-5-personas-es","9":"product_tag-armagnac-es","10":"product_shipping_class-tva-5-5-es","12":"first","13":"instock","14":"taxable","15":"shipping-taxable","16":"purchasable","17":"product-type-simple"},"yoast_head":"<!-- This site is optimized with the Yoast SEO Premium plugin v27.4 (Yoast SEO v27.4) - https:\/\/yoast.com\/product\/yoast-seo-premium-wordpress\/ -->\n<title>Aperitivo con Armagnac - Tradici\u00f3n gourmet<\/title>\n<meta name=\"description\" content=\"Aperitivo gourmet con Armagnac: potente y arom\u00e1tico, ideal para los amantes de sabores intensos.\" \/>\n<meta name=\"robots\" content=\"index, follow, max-snippet:-1, max-image-preview:large, max-video-preview:-1\" \/>\n<link rel=\"canonical\" href=\"https:\/\/relaisgourmet.com\/es\/producto\/aperitivo-gourmet-con-armagnac\/\" \/>\n<meta property=\"og:locale\" content=\"es_ES\" \/>\n<meta property=\"og:type\" content=\"article\" \/>\n<meta property=\"og:title\" content=\"Aperitivo Gourmet con Armagnac\" \/>\n<meta property=\"og:description\" content=\"Aperitivo gourmet con Armagnac: potente y arom\u00e1tico, ideal para los amantes de sabores intensos.\" \/>\n<meta property=\"og:url\" content=\"https:\/\/relaisgourmet.com\/es\/producto\/aperitivo-gourmet-con-armagnac\/\" \/>\n<meta property=\"og:site_name\" content=\"Relais Gourmet\" \/>\n<meta property=\"article:publisher\" content=\"https:\/\/facebook.com\/yoast\" \/>\n<meta property=\"article:modified_time\" content=\"2025-12-01T00:18:11+00:00\" \/>\n<meta property=\"og:image\" content=\"https:\/\/relaisgourmet.com\/wp-content\/uploads\/2024\/09\/apero-armagnac-1.jpg\" \/>\n\t<meta property=\"og:image:width\" content=\"1000\" \/>\n\t<meta property=\"og:image:height\" content=\"1000\" \/>\n\t<meta property=\"og:image:type\" content=\"image\/jpeg\" \/>\n<meta name=\"twitter:card\" content=\"summary_large_image\" \/>\n<meta name=\"twitter:label1\" content=\"Tiempo de lectura\" \/>\n\t<meta name=\"twitter:data1\" content=\"1 minuto\" \/>\n<script type=\"application\/ld+json\" class=\"yoast-schema-graph\">{\"@context\":\"https:\\\/\\\/schema.org\",\"@graph\":[{\"@type\":\"WebPage\",\"@id\":\"https:\\\/\\\/relaisgourmet.com\\\/es\\\/producto\\\/aperitivo-gourmet-con-armagnac\\\/\",\"url\":\"https:\\\/\\\/relaisgourmet.com\\\/es\\\/producto\\\/aperitivo-gourmet-con-armagnac\\\/\",\"name\":\"Aperitivo con Armagnac - Tradici\u00f3n gourmet\",\"isPartOf\":{\"@id\":\"https:\\\/\\\/relaisgourmet.com\\\/es\\\/#website\"},\"primaryImageOfPage\":{\"@id\":\"https:\\\/\\\/relaisgourmet.com\\\/es\\\/producto\\\/aperitivo-gourmet-con-armagnac\\\/#primaryimage\"},\"image\":{\"@id\":\"https:\\\/\\\/relaisgourmet.com\\\/es\\\/producto\\\/aperitivo-gourmet-con-armagnac\\\/#primaryimage\"},\"thumbnailUrl\":\"https:\\\/\\\/relaisgourmet.com\\\/wp-content\\\/uploads\\\/2023\\\/11\\\/Apero-Armagnac-min.png\",\"datePublished\":\"2014-10-19T12:45:34+00:00\",\"dateModified\":\"2025-12-01T00:18:11+00:00\",\"description\":\"Aperitivo gourmet con Armagnac: potente y arom\u00e1tico, ideal para los amantes de sabores intensos.\",\"breadcrumb\":{\"@id\":\"https:\\\/\\\/relaisgourmet.com\\\/es\\\/producto\\\/aperitivo-gourmet-con-armagnac\\\/#breadcrumb\"},\"inLanguage\":\"es\",\"potentialAction\":[{\"@type\":\"ReadAction\",\"target\":[\"https:\\\/\\\/relaisgourmet.com\\\/es\\\/producto\\\/aperitivo-gourmet-con-armagnac\\\/\"]}]},{\"@type\":\"ImageObject\",\"inLanguage\":\"es\",\"@id\":\"https:\\\/\\\/relaisgourmet.com\\\/es\\\/producto\\\/aperitivo-gourmet-con-armagnac\\\/#primaryimage\",\"url\":\"https:\\\/\\\/relaisgourmet.com\\\/wp-content\\\/uploads\\\/2023\\\/11\\\/Apero-Armagnac-min.png\",\"contentUrl\":\"https:\\\/\\\/relaisgourmet.com\\\/wp-content\\\/uploads\\\/2023\\\/11\\\/Apero-Armagnac-min.png\",\"width\":1000,\"height\":1000},{\"@type\":\"BreadcrumbList\",\"@id\":\"https:\\\/\\\/relaisgourmet.com\\\/es\\\/producto\\\/aperitivo-gourmet-con-armagnac\\\/#breadcrumb\",\"itemListElement\":[{\"@type\":\"ListItem\",\"position\":1,\"name\":\"Inicio\",\"item\":\"https:\\\/\\\/relaisgourmet.com\\\/es\\\/\"},{\"@type\":\"ListItem\",\"position\":2,\"name\":\"Aut\u00e9ntico foie gras\",\"item\":\"https:\\\/\\\/relaisgourmet.com\\\/es\\\/autentico-foie-gras\\\/\"},{\"@type\":\"ListItem\",\"position\":3,\"name\":\"Aperitivo Gourmet con Armagnac\"}]},{\"@type\":\"WebSite\",\"@id\":\"https:\\\/\\\/relaisgourmet.com\\\/es\\\/#website\",\"url\":\"https:\\\/\\\/relaisgourmet.com\\\/es\\\/\",\"name\":\"Relais Gourmet\",\"description\":\"Maison Gastronomique au Pays-Basque Depuis 2004\",\"publisher\":{\"@id\":\"https:\\\/\\\/relaisgourmet.com\\\/es\\\/#organization\"},\"potentialAction\":[{\"@type\":\"SearchAction\",\"target\":{\"@type\":\"EntryPoint\",\"urlTemplate\":\"https:\\\/\\\/relaisgourmet.com\\\/es\\\/?s={search_term_string}\"},\"query-input\":{\"@type\":\"PropertyValueSpecification\",\"valueRequired\":true,\"valueName\":\"search_term_string\"}}],\"inLanguage\":\"es\"},{\"@type\":\"Organization\",\"@id\":\"https:\\\/\\\/relaisgourmet.com\\\/es\\\/#organization\",\"name\":\"Relais Gourmet\",\"url\":\"https:\\\/\\\/relaisgourmet.com\\\/es\\\/\",\"logo\":{\"@type\":\"ImageObject\",\"inLanguage\":\"es\",\"@id\":\"https:\\\/\\\/relaisgourmet.com\\\/es\\\/#\\\/schema\\\/logo\\\/image\\\/\",\"url\":\"https:\\\/\\\/relaisgourmet.com\\\/wp-content\\\/uploads\\\/2024\\\/11\\\/Diseno-sin-titulo-8.jpg\",\"contentUrl\":\"https:\\\/\\\/relaisgourmet.com\\\/wp-content\\\/uploads\\\/2024\\\/11\\\/Diseno-sin-titulo-8.jpg\",\"width\":500,\"height\":500,\"caption\":\"Relais Gourmet\"},\"image\":{\"@id\":\"https:\\\/\\\/relaisgourmet.com\\\/es\\\/#\\\/schema\\\/logo\\\/image\\\/\"},\"sameAs\":[\"https:\\\/\\\/facebook.com\\\/yoast\",\"https:\\\/\\\/instagram.com\\\/yoast\"]}]}<\/script>\n<!-- \/ Yoast SEO Premium plugin. -->","yoast_head_json":{"title":"Aperitivo con Armagnac - Tradici\u00f3n gourmet","description":"Aperitivo gourmet con Armagnac: potente y arom\u00e1tico, ideal para los amantes de sabores intensos.","robots":{"index":"index","follow":"follow","max-snippet":"max-snippet:-1","max-image-preview":"max-image-preview:large","max-video-preview":"max-video-preview:-1"},"canonical":"https:\/\/relaisgourmet.com\/es\/producto\/aperitivo-gourmet-con-armagnac\/","og_locale":"es_ES","og_type":"article","og_title":"Aperitivo Gourmet con Armagnac","og_description":"Aperitivo gourmet con Armagnac: potente y arom\u00e1tico, ideal para los amantes de sabores intensos.","og_url":"https:\/\/relaisgourmet.com\/es\/producto\/aperitivo-gourmet-con-armagnac\/","og_site_name":"Relais Gourmet","article_publisher":"https:\/\/facebook.com\/yoast","article_modified_time":"2025-12-01T00:18:11+00:00","og_image":[{"width":1000,"height":1000,"url":"https:\/\/relaisgourmet.com\/wp-content\/uploads\/2024\/09\/apero-armagnac-1.jpg","type":"image\/jpeg"}],"twitter_card":"summary_large_image","twitter_misc":{"Tiempo de lectura":"1 minuto"},"schema":{"@context":"https:\/\/schema.org","@graph":[{"@type":"WebPage","@id":"https:\/\/relaisgourmet.com\/es\/producto\/aperitivo-gourmet-con-armagnac\/","url":"https:\/\/relaisgourmet.com\/es\/producto\/aperitivo-gourmet-con-armagnac\/","name":"Aperitivo con Armagnac - Tradici\u00f3n gourmet","isPartOf":{"@id":"https:\/\/relaisgourmet.com\/es\/#website"},"primaryImageOfPage":{"@id":"https:\/\/relaisgourmet.com\/es\/producto\/aperitivo-gourmet-con-armagnac\/#primaryimage"},"image":{"@id":"https:\/\/relaisgourmet.com\/es\/producto\/aperitivo-gourmet-con-armagnac\/#primaryimage"},"thumbnailUrl":"https:\/\/relaisgourmet.com\/wp-content\/uploads\/2023\/11\/Apero-Armagnac-min.png","datePublished":"2014-10-19T12:45:34+00:00","dateModified":"2025-12-01T00:18:11+00:00","description":"Aperitivo gourmet con Armagnac: potente y arom\u00e1tico, ideal para los amantes de sabores intensos.","breadcrumb":{"@id":"https:\/\/relaisgourmet.com\/es\/producto\/aperitivo-gourmet-con-armagnac\/#breadcrumb"},"inLanguage":"es","potentialAction":[{"@type":"ReadAction","target":["https:\/\/relaisgourmet.com\/es\/producto\/aperitivo-gourmet-con-armagnac\/"]}]},{"@type":"ImageObject","inLanguage":"es","@id":"https:\/\/relaisgourmet.com\/es\/producto\/aperitivo-gourmet-con-armagnac\/#primaryimage","url":"https:\/\/relaisgourmet.com\/wp-content\/uploads\/2023\/11\/Apero-Armagnac-min.png","contentUrl":"https:\/\/relaisgourmet.com\/wp-content\/uploads\/2023\/11\/Apero-Armagnac-min.png","width":1000,"height":1000},{"@type":"BreadcrumbList","@id":"https:\/\/relaisgourmet.com\/es\/producto\/aperitivo-gourmet-con-armagnac\/#breadcrumb","itemListElement":[{"@type":"ListItem","position":1,"name":"Inicio","item":"https:\/\/relaisgourmet.com\/es\/"},{"@type":"ListItem","position":2,"name":"Aut\u00e9ntico foie gras","item":"https:\/\/relaisgourmet.com\/es\/autentico-foie-gras\/"},{"@type":"ListItem","position":3,"name":"Aperitivo Gourmet con Armagnac"}]},{"@type":"WebSite","@id":"https:\/\/relaisgourmet.com\/es\/#website","url":"https:\/\/relaisgourmet.com\/es\/","name":"Relais Gourmet","description":"Maison Gastronomique au Pays-Basque Depuis 2004","publisher":{"@id":"https:\/\/relaisgourmet.com\/es\/#organization"},"potentialAction":[{"@type":"SearchAction","target":{"@type":"EntryPoint","urlTemplate":"https:\/\/relaisgourmet.com\/es\/?s={search_term_string}"},"query-input":{"@type":"PropertyValueSpecification","valueRequired":true,"valueName":"search_term_string"}}],"inLanguage":"es"},{"@type":"Organization","@id":"https:\/\/relaisgourmet.com\/es\/#organization","name":"Relais Gourmet","url":"https:\/\/relaisgourmet.com\/es\/","logo":{"@type":"ImageObject","inLanguage":"es","@id":"https:\/\/relaisgourmet.com\/es\/#\/schema\/logo\/image\/","url":"https:\/\/relaisgourmet.com\/wp-content\/uploads\/2024\/11\/Diseno-sin-titulo-8.jpg","contentUrl":"https:\/\/relaisgourmet.com\/wp-content\/uploads\/2024\/11\/Diseno-sin-titulo-8.jpg","width":500,"height":500,"caption":"Relais Gourmet"},"image":{"@id":"https:\/\/relaisgourmet.com\/es\/#\/schema\/logo\/image\/"},"sameAs":["https:\/\/facebook.com\/yoast","https:\/\/instagram.com\/yoast"]}]}},"_links":{"self":[{"href":"https:\/\/relaisgourmet.com\/es\/wp-json\/wp\/v2\/product\/41623","targetHints":{"allow":["GET"]}}],"collection":[{"href":"https:\/\/relaisgourmet.com\/es\/wp-json\/wp\/v2\/product"}],"about":[{"href":"https:\/\/relaisgourmet.com\/es\/wp-json\/wp\/v2\/types\/product"}],"replies":[{"embeddable":true,"href":"https:\/\/relaisgourmet.com\/es\/wp-json\/wp\/v2\/comments?post=41623"}],"version-history":[{"count":0,"href":"https:\/\/relaisgourmet.com\/es\/wp-json\/wp\/v2\/product\/41623\/revisions"}],"wp:featuredmedia":[{"embeddable":true,"href":"https:\/\/relaisgourmet.com\/es\/wp-json\/wp\/v2\/media\/57739"}],"wp:attachment":[{"href":"https:\/\/relaisgourmet.com\/es\/wp-json\/wp\/v2\/media?parent=41623"}],"wp:term":[{"taxonomy":"product_brand","embeddable":true,"href":"https:\/\/relaisgourmet.com\/es\/wp-json\/wp\/v2\/product_brand?post=41623"},{"taxonomy":"product_cat","embeddable":true,"href":"https:\/\/relaisgourmet.com\/es\/wp-json\/wp\/v2\/product_cat?post=41623"},{"taxonomy":"product_tag","embeddable":true,"href":"https:\/\/relaisgourmet.com\/es\/wp-json\/wp\/v2\/product_tag?post=41623"},{"taxonomy":"giftcard-category","embeddable":true,"href":"https:\/\/relaisgourmet.com\/es\/wp-json\/wp\/v2\/giftcard-category?post=41623"}],"curies":[{"name":"wp","href":"https:\/\/api.w.org\/{rel}","templated":true}]}}