{"id":41580,"date":"2015-11-03T14:03:57","date_gmt":"2015-11-03T13:03:57","guid":{"rendered":"https:\/\/relaisgourmet.com\/produit\/foie-gras-con-cacao\/"},"modified":"2025-04-12T23:09:11","modified_gmt":"2025-04-12T21:09:11","slug":"foie-gras-con-cacao","status":"publish","type":"product","link":"https:\/\/relaisgourmet.com\/es\/producto\/foie-gras-con-cacao\/","title":{"rendered":"Foie Gras entero con cacao"},"content":{"rendered":"<p><span style=\"font-weight: 400;\">Descubre la combinaci\u00f3n \u00fanica de nuestro Foie Gras con Cacao procedente de las ricas plantaciones <\/span> de <strong>Venezuela<\/strong>, <strong>Per\u00fa<\/strong>, <strong>Costa Rica<\/strong> y <strong>Ecuador <\/strong>.<span style=\"font-weight: 400;\">Este entrante ofrece una experiencia sensorial llena de placer.<\/span><\/p>\n<p>Ideal para compartir o regalar durante una comida de convivencia con la familia o los amigos, para crear bellos recuerdos. D\u00e9jate tentar por este Foie Gras<\/p>\n<p><b>Garantizado sin conservantes, aditivos ni colorantes<\/b><span style=\"font-weight: 400;\">.<\/span><\/p>\n<p><b>Ingredientes:<\/b><span style=\"font-weight: 400;\">Foie gras de pato, chocolate negro 100% cacao (0,1%), sal, guindilla y az\u00facar.<\/span><\/p>\n<p><b>Caducidad :<\/b><span style=\"font-weight: 400;\"> 3 a\u00f1os a temperatura ambiente. <\/span><span style=\"font-weight: 400;\">Una vez abierto, consumir en un plazo de 15 d\u00edas y mantener refrigerado.<\/span><\/p>\n<p><span style=\"font-weight: 400;\">Puedes encontrar todos nuestros consejos y sugerencias en la secci\u00f3n <a href=\"\/?page_id=33969\">Blog<\/a> de nuestro sitio web y en nuestra p\u00e1gina de <a href=\"https:\/\/www.instagram.com\/relaisgourmetofficiel\/\">Instagram<\/a>.<\/span><\/p>\n","protected":false},"excerpt":{"rendered":"<p>Descubre la audacia del Foie Gras Entero con Cacao, una refinada combinaci\u00f3n donde la cremosidad del Foie Gras se encuentra con el sutil amargor del cacao. Una creaci\u00f3n original para sorprender y deleitar a los paladares m\u00e1s exigentes.<\/p>\n<p>\ud83c\uddeb\ud83c\uddf7 Producci\u00f3n 100% francesa garantizada<br \/>\n\u2714 Garantizado sin conservantes, aditivos ni colorantes.<br \/>\n\ud83c\udf43 Patos alimentados con ma\u00edz amarillo<br \/>\n\ud83d\ude9a Entrega r\u00e1pida en todo el mundo<br \/>\n\ud83d\udd53 Se conserva 3 a\u00f1os<br \/>\n\ud83d\udd10 Pago seguro&lt;\/p&gt;<\/p>\n","protected":false},"featured_media":57890,"comment_status":"closed","ping_status":"closed","template":"","meta":[],"product_brand":[],"product_cat":[1309,1293],"product_tag":[1846,1260,1847,1252,2022,2023,2026,2024,2027,2025,2021,2028],"giftcard-category":[],"class_list":{"0":"post-41580","1":"product","2":"type-product","3":"status-publish","4":"has-post-thumbnail","6":"product_cat-foie-gras-originales","7":"product_cat-nuestros-foies-gras","8":"product_tag-2-personas-es-2","9":"product_tag-200-es","10":"product_tag-4-5-personas-es","11":"product_tag-80g-es","12":"product_tag-choco-es","13":"product_tag-chocolate-es","14":"product_tag-foie-gras-choco-es","15":"product_tag-foie-gras-con-cacao","16":"product_tag-foie-gras-con-chocolate-es","17":"product_tag-foie-gras-con-chocolate","18":"product_tag-foie-gras-original-es","19":"product_tag-foie-gras-sutil","20":"product_shipping_class-tva-5-5-es","22":"first","23":"instock","24":"taxable","25":"shipping-taxable","26":"purchasable","27":"product-type-variable"},"yoast_head":"<!-- This site is optimized with the Yoast SEO Premium plugin v27.0 (Yoast SEO v27.3) - https:\/\/yoast.com\/product\/yoast-seo-premium-wordpress\/ -->\n<title>Foie Gras con cacao - Mezcla dulce e intensa<\/title>\n<meta name=\"description\" content=\"Foie Gras con cacao: mezcla sorprendente y deliciosa entre lo dulce y lo salado. Puro placer gourmet.\" \/>\n<meta name=\"robots\" content=\"index, follow, max-snippet:-1, max-image-preview:large, max-video-preview:-1\" \/>\n<link rel=\"canonical\" href=\"https:\/\/relaisgourmet.com\/es\/producto\/foie-gras-con-cacao\/\" \/>\n<meta property=\"og:locale\" content=\"es_ES\" \/>\n<meta property=\"og:type\" content=\"article\" \/>\n<meta property=\"og:title\" content=\"Foie Gras entero con cacao\" \/>\n<meta property=\"og:description\" content=\"Foie Gras con cacao: mezcla sorprendente y deliciosa entre lo dulce y lo salado. Puro placer gourmet.\" \/>\n<meta property=\"og:url\" content=\"https:\/\/relaisgourmet.com\/es\/producto\/foie-gras-con-cacao\/\" \/>\n<meta property=\"og:site_name\" content=\"Relais Gourmet\" \/>\n<meta property=\"article:publisher\" content=\"https:\/\/facebook.com\/yoast\" \/>\n<meta property=\"article:modified_time\" content=\"2025-04-12T21:09:11+00:00\" \/>\n<meta property=\"og:image\" content=\"https:\/\/relaisgourmet.com\/wp-content\/uploads\/2024\/09\/Montage-au-cacao-1.jpg\" \/>\n\t<meta property=\"og:image:width\" content=\"1000\" \/>\n\t<meta property=\"og:image:height\" content=\"1000\" \/>\n\t<meta property=\"og:image:type\" content=\"image\/jpeg\" \/>\n<meta name=\"twitter:card\" content=\"summary_large_image\" \/>\n<meta name=\"twitter:label1\" content=\"Tiempo de lectura\" \/>\n\t<meta name=\"twitter:data1\" content=\"1 minuto\" \/>\n<script type=\"application\/ld+json\" class=\"yoast-schema-graph\">{\"@context\":\"https:\\\/\\\/schema.org\",\"@graph\":[{\"@type\":\"WebPage\",\"@id\":\"https:\\\/\\\/relaisgourmet.com\\\/es\\\/producto\\\/foie-gras-con-cacao\\\/\",\"url\":\"https:\\\/\\\/relaisgourmet.com\\\/es\\\/producto\\\/foie-gras-con-cacao\\\/\",\"name\":\"Foie Gras con cacao - Mezcla dulce e intensa\",\"isPartOf\":{\"@id\":\"https:\\\/\\\/relaisgourmet.com\\\/es\\\/#website\"},\"primaryImageOfPage\":{\"@id\":\"https:\\\/\\\/relaisgourmet.com\\\/es\\\/producto\\\/foie-gras-con-cacao\\\/#primaryimage\"},\"image\":{\"@id\":\"https:\\\/\\\/relaisgourmet.com\\\/es\\\/producto\\\/foie-gras-con-cacao\\\/#primaryimage\"},\"thumbnailUrl\":\"https:\\\/\\\/relaisgourmet.com\\\/wp-content\\\/uploads\\\/2015\\\/11\\\/Cacao-min.png\",\"datePublished\":\"2015-11-03T13:03:57+00:00\",\"dateModified\":\"2025-04-12T21:09:11+00:00\",\"description\":\"Foie Gras con cacao: mezcla sorprendente y deliciosa entre lo dulce y lo salado. Puro placer gourmet.\",\"breadcrumb\":{\"@id\":\"https:\\\/\\\/relaisgourmet.com\\\/es\\\/producto\\\/foie-gras-con-cacao\\\/#breadcrumb\"},\"inLanguage\":\"es\",\"potentialAction\":[{\"@type\":\"ReadAction\",\"target\":[\"https:\\\/\\\/relaisgourmet.com\\\/es\\\/producto\\\/foie-gras-con-cacao\\\/\"]}]},{\"@type\":\"ImageObject\",\"inLanguage\":\"es\",\"@id\":\"https:\\\/\\\/relaisgourmet.com\\\/es\\\/producto\\\/foie-gras-con-cacao\\\/#primaryimage\",\"url\":\"https:\\\/\\\/relaisgourmet.com\\\/wp-content\\\/uploads\\\/2015\\\/11\\\/Cacao-min.png\",\"contentUrl\":\"https:\\\/\\\/relaisgourmet.com\\\/wp-content\\\/uploads\\\/2015\\\/11\\\/Cacao-min.png\",\"width\":1000,\"height\":1000},{\"@type\":\"BreadcrumbList\",\"@id\":\"https:\\\/\\\/relaisgourmet.com\\\/es\\\/producto\\\/foie-gras-con-cacao\\\/#breadcrumb\",\"itemListElement\":[{\"@type\":\"ListItem\",\"position\":1,\"name\":\"Inicio\",\"item\":\"https:\\\/\\\/relaisgourmet.com\\\/es\\\/\"},{\"@type\":\"ListItem\",\"position\":2,\"name\":\"Aut\u00e9ntico foie gras\",\"item\":\"https:\\\/\\\/relaisgourmet.com\\\/es\\\/autentico-foie-gras\\\/\"},{\"@type\":\"ListItem\",\"position\":3,\"name\":\"Foie Gras entero con cacao\"}]},{\"@type\":\"WebSite\",\"@id\":\"https:\\\/\\\/relaisgourmet.com\\\/es\\\/#website\",\"url\":\"https:\\\/\\\/relaisgourmet.com\\\/es\\\/\",\"name\":\"Relais Gourmet\",\"description\":\"Maison Gastronomique au Pays-Basque Depuis 2004\",\"publisher\":{\"@id\":\"https:\\\/\\\/relaisgourmet.com\\\/es\\\/#organization\"},\"potentialAction\":[{\"@type\":\"SearchAction\",\"target\":{\"@type\":\"EntryPoint\",\"urlTemplate\":\"https:\\\/\\\/relaisgourmet.com\\\/es\\\/?s={search_term_string}\"},\"query-input\":{\"@type\":\"PropertyValueSpecification\",\"valueRequired\":true,\"valueName\":\"search_term_string\"}}],\"inLanguage\":\"es\"},{\"@type\":\"Organization\",\"@id\":\"https:\\\/\\\/relaisgourmet.com\\\/es\\\/#organization\",\"name\":\"Relais Gourmet\",\"url\":\"https:\\\/\\\/relaisgourmet.com\\\/es\\\/\",\"logo\":{\"@type\":\"ImageObject\",\"inLanguage\":\"es\",\"@id\":\"https:\\\/\\\/relaisgourmet.com\\\/es\\\/#\\\/schema\\\/logo\\\/image\\\/\",\"url\":\"https:\\\/\\\/relaisgourmet.com\\\/wp-content\\\/uploads\\\/2024\\\/11\\\/Diseno-sin-titulo-8.jpg\",\"contentUrl\":\"https:\\\/\\\/relaisgourmet.com\\\/wp-content\\\/uploads\\\/2024\\\/11\\\/Diseno-sin-titulo-8.jpg\",\"width\":500,\"height\":500,\"caption\":\"Relais Gourmet\"},\"image\":{\"@id\":\"https:\\\/\\\/relaisgourmet.com\\\/es\\\/#\\\/schema\\\/logo\\\/image\\\/\"},\"sameAs\":[\"https:\\\/\\\/facebook.com\\\/yoast\",\"https:\\\/\\\/instagram.com\\\/yoast\"]}]}<\/script>\n<!-- \/ Yoast SEO Premium plugin. -->","yoast_head_json":{"title":"Foie Gras con cacao - Mezcla dulce e intensa","description":"Foie Gras con cacao: mezcla sorprendente y deliciosa entre lo dulce y lo salado. Puro placer gourmet.","robots":{"index":"index","follow":"follow","max-snippet":"max-snippet:-1","max-image-preview":"max-image-preview:large","max-video-preview":"max-video-preview:-1"},"canonical":"https:\/\/relaisgourmet.com\/es\/producto\/foie-gras-con-cacao\/","og_locale":"es_ES","og_type":"article","og_title":"Foie Gras entero con cacao","og_description":"Foie Gras con cacao: mezcla sorprendente y deliciosa entre lo dulce y lo salado. Puro placer gourmet.","og_url":"https:\/\/relaisgourmet.com\/es\/producto\/foie-gras-con-cacao\/","og_site_name":"Relais Gourmet","article_publisher":"https:\/\/facebook.com\/yoast","article_modified_time":"2025-04-12T21:09:11+00:00","og_image":[{"width":1000,"height":1000,"url":"https:\/\/relaisgourmet.com\/wp-content\/uploads\/2024\/09\/Montage-au-cacao-1.jpg","type":"image\/jpeg"}],"twitter_card":"summary_large_image","twitter_misc":{"Tiempo de lectura":"1 minuto"},"schema":{"@context":"https:\/\/schema.org","@graph":[{"@type":"WebPage","@id":"https:\/\/relaisgourmet.com\/es\/producto\/foie-gras-con-cacao\/","url":"https:\/\/relaisgourmet.com\/es\/producto\/foie-gras-con-cacao\/","name":"Foie Gras con cacao - Mezcla dulce e intensa","isPartOf":{"@id":"https:\/\/relaisgourmet.com\/es\/#website"},"primaryImageOfPage":{"@id":"https:\/\/relaisgourmet.com\/es\/producto\/foie-gras-con-cacao\/#primaryimage"},"image":{"@id":"https:\/\/relaisgourmet.com\/es\/producto\/foie-gras-con-cacao\/#primaryimage"},"thumbnailUrl":"https:\/\/relaisgourmet.com\/wp-content\/uploads\/2015\/11\/Cacao-min.png","datePublished":"2015-11-03T13:03:57+00:00","dateModified":"2025-04-12T21:09:11+00:00","description":"Foie Gras con cacao: mezcla sorprendente y deliciosa entre lo dulce y lo salado. Puro placer gourmet.","breadcrumb":{"@id":"https:\/\/relaisgourmet.com\/es\/producto\/foie-gras-con-cacao\/#breadcrumb"},"inLanguage":"es","potentialAction":[{"@type":"ReadAction","target":["https:\/\/relaisgourmet.com\/es\/producto\/foie-gras-con-cacao\/"]}]},{"@type":"ImageObject","inLanguage":"es","@id":"https:\/\/relaisgourmet.com\/es\/producto\/foie-gras-con-cacao\/#primaryimage","url":"https:\/\/relaisgourmet.com\/wp-content\/uploads\/2015\/11\/Cacao-min.png","contentUrl":"https:\/\/relaisgourmet.com\/wp-content\/uploads\/2015\/11\/Cacao-min.png","width":1000,"height":1000},{"@type":"BreadcrumbList","@id":"https:\/\/relaisgourmet.com\/es\/producto\/foie-gras-con-cacao\/#breadcrumb","itemListElement":[{"@type":"ListItem","position":1,"name":"Inicio","item":"https:\/\/relaisgourmet.com\/es\/"},{"@type":"ListItem","position":2,"name":"Aut\u00e9ntico foie gras","item":"https:\/\/relaisgourmet.com\/es\/autentico-foie-gras\/"},{"@type":"ListItem","position":3,"name":"Foie Gras entero con cacao"}]},{"@type":"WebSite","@id":"https:\/\/relaisgourmet.com\/es\/#website","url":"https:\/\/relaisgourmet.com\/es\/","name":"Relais Gourmet","description":"Maison Gastronomique au Pays-Basque Depuis 2004","publisher":{"@id":"https:\/\/relaisgourmet.com\/es\/#organization"},"potentialAction":[{"@type":"SearchAction","target":{"@type":"EntryPoint","urlTemplate":"https:\/\/relaisgourmet.com\/es\/?s={search_term_string}"},"query-input":{"@type":"PropertyValueSpecification","valueRequired":true,"valueName":"search_term_string"}}],"inLanguage":"es"},{"@type":"Organization","@id":"https:\/\/relaisgourmet.com\/es\/#organization","name":"Relais Gourmet","url":"https:\/\/relaisgourmet.com\/es\/","logo":{"@type":"ImageObject","inLanguage":"es","@id":"https:\/\/relaisgourmet.com\/es\/#\/schema\/logo\/image\/","url":"https:\/\/relaisgourmet.com\/wp-content\/uploads\/2024\/11\/Diseno-sin-titulo-8.jpg","contentUrl":"https:\/\/relaisgourmet.com\/wp-content\/uploads\/2024\/11\/Diseno-sin-titulo-8.jpg","width":500,"height":500,"caption":"Relais Gourmet"},"image":{"@id":"https:\/\/relaisgourmet.com\/es\/#\/schema\/logo\/image\/"},"sameAs":["https:\/\/facebook.com\/yoast","https:\/\/instagram.com\/yoast"]}]}},"_links":{"self":[{"href":"https:\/\/relaisgourmet.com\/es\/wp-json\/wp\/v2\/product\/41580","targetHints":{"allow":["GET"]}}],"collection":[{"href":"https:\/\/relaisgourmet.com\/es\/wp-json\/wp\/v2\/product"}],"about":[{"href":"https:\/\/relaisgourmet.com\/es\/wp-json\/wp\/v2\/types\/product"}],"replies":[{"embeddable":true,"href":"https:\/\/relaisgourmet.com\/es\/wp-json\/wp\/v2\/comments?post=41580"}],"version-history":[{"count":1,"href":"https:\/\/relaisgourmet.com\/es\/wp-json\/wp\/v2\/product\/41580\/revisions"}],"predecessor-version":[{"id":54662,"href":"https:\/\/relaisgourmet.com\/es\/wp-json\/wp\/v2\/product\/41580\/revisions\/54662"}],"wp:featuredmedia":[{"embeddable":true,"href":"https:\/\/relaisgourmet.com\/es\/wp-json\/wp\/v2\/media\/57890"}],"wp:attachment":[{"href":"https:\/\/relaisgourmet.com\/es\/wp-json\/wp\/v2\/media?parent=41580"}],"wp:term":[{"taxonomy":"product_brand","embeddable":true,"href":"https:\/\/relaisgourmet.com\/es\/wp-json\/wp\/v2\/product_brand?post=41580"},{"taxonomy":"product_cat","embeddable":true,"href":"https:\/\/relaisgourmet.com\/es\/wp-json\/wp\/v2\/product_cat?post=41580"},{"taxonomy":"product_tag","embeddable":true,"href":"https:\/\/relaisgourmet.com\/es\/wp-json\/wp\/v2\/product_tag?post=41580"},{"taxonomy":"giftcard-category","embeddable":true,"href":"https:\/\/relaisgourmet.com\/es\/wp-json\/wp\/v2\/giftcard-category?post=41580"}],"curies":[{"name":"wp","href":"https:\/\/api.w.org\/{rel}","templated":true}]}}