{"id":41578,"date":"2015-11-04T13:08:53","date_gmt":"2015-11-04T12:08:53","guid":{"rendered":"https:\/\/relaisgourmet.com\/produit\/foie-gras-entero-armagnac\/"},"modified":"2025-07-20T17:06:06","modified_gmt":"2025-07-20T15:06:06","slug":"foie-gras-entero-armagnac","status":"publish","type":"product","link":"https:\/\/relaisgourmet.com\/es\/producto\/foie-gras-entero-armagnac\/","title":{"rendered":"Foie Gras entero al Armagnac"},"content":{"rendered":"<p>Nuestro <strong>Foie Gras Entero al Armagnac<\/strong> ofrece una experiencia culinaria \u00fanica, arraigada en la tradici\u00f3n gastron\u00f3mica de Gascu\u00f1a. Este producto excepcional combina la finura del foie gras con los sabores caracter\u00edsticos del arma\u00f1ac, un brandy emblem\u00e1tico que ha encarnado la historia y la cultura de esta regi\u00f3n durante generaciones.<\/p>\n<p><b>Garantizado sin conservantes, colorantes ni aditivos.<\/b><\/p>\n<p><b>Ingredientes <\/b><span style=\"font-weight: 400;\">Foie gras de pato entero, Armagnac (5%), sal, pimienta y az\u00facar.<\/span><\/p>\n<p><b>Caducidad :<\/b><span style=\"font-weight: 400;\"> 3 a\u00f1os a temperatura ambiente. <\/span><span style=\"font-weight: 400;\">Una vez abierto, consumir en un plazo de 15 d\u00edas y mantener refrigerado.<\/span><\/p>\n<p><span style=\"font-weight: 400;\">Encuentra todos los trucos y consejos para preparar este Foie Gras Entero en la secci\u00f3n <a href=\"\/?page_id=33969\">Blog<\/a> y en nuestra p\u00e1gina de <a href=\"https:\/\/www.instagram.com\/relaisgourmetofficiel\/\">Instagram<\/a>.<\/span><\/p>\n","protected":false},"excerpt":{"rendered":"<p><span class=\"yoast-text-mark\">style=\u00bbvertical-align: inherit;\u00bb&gt;Historia y tradici\u00f3n se unen en una perfecta armon\u00eda de sabores.<\/span><\/p>\n<p>\ud83c\uddeb\ud83c\uddf7 Producci\u00f3n 100% francesa garantizada<br \/>\n\u2714 Garantizado sin conservantes, aditivos ni colorantes.<br \/>\n\ud83c\udf43 Patos alimentados con ma\u00edz amarillo<br \/>\n\ud83d\ude9a Entrega r\u00e1pida en todo el mundo<br \/>\n\ud83d\udd53 Se conserva 3 a\u00f1os<br \/>\n\ud83d\udd10 Pago seguro<\/p>\n","protected":false},"featured_media":57875,"comment_status":"closed","ping_status":"closed","template":"","meta":[],"product_brand":[],"product_cat":[1304,1316,1293],"product_tag":[1256,1846,1264,1847,1268,1244,1252,1999,2001,1874,2000,2002,1998],"giftcard-category":[],"class_list":{"0":"post-41578","1":"product","2":"type-product","3":"status-publish","4":"has-post-thumbnail","6":"product_cat-foie-gras-clasicos","7":"product_cat-foie-gras-perfumados","8":"product_cat-nuestros-foies-gras","9":"product_tag-180g-es","10":"product_tag-2-personas-es-2","11":"product_tag-200g-es","12":"product_tag-4-5-personas-es","13":"product_tag-400g-es","14":"product_tag-8-10-personas","15":"product_tag-80g-es","16":"product_tag-armagnac-es","17":"product_tag-calidad-y-experiencia","18":"product_tag-foie-gras-a-larmagnac-es","19":"product_tag-foie-gras-armagnac-es","20":"product_tag-terrina-armagnac-es","21":"product_tag-tipoclasico-es","22":"product_shipping_class-tva-5-5-es","24":"first","25":"instock","26":"taxable","27":"shipping-taxable","28":"purchasable","29":"product-type-variable"},"yoast_head":"<!-- This site is optimized with the Yoast SEO Premium plugin v27.0 (Yoast SEO v27.0) - https:\/\/yoast.com\/product\/yoast-seo-premium-wordpress\/ -->\n<title>Foie Gras al Armagnac - Aroma del suroeste<\/title>\n<meta name=\"description\" content=\"Foie Gras al Armagnac: una receta emblem\u00e1tica del suroeste franc\u00e9s, intensa, sabrosa y refinada.\" \/>\n<meta name=\"robots\" content=\"index, follow, max-snippet:-1, max-image-preview:large, max-video-preview:-1\" \/>\n<link rel=\"canonical\" href=\"https:\/\/relaisgourmet.com\/es\/producto\/foie-gras-entero-armagnac\/\" \/>\n<meta property=\"og:locale\" content=\"es_ES\" \/>\n<meta property=\"og:type\" content=\"article\" \/>\n<meta property=\"og:title\" content=\"Foie Gras entero al Armagnac\" \/>\n<meta property=\"og:description\" content=\"Foie Gras al Armagnac: una receta emblem\u00e1tica del suroeste franc\u00e9s, intensa, sabrosa y refinada.\" \/>\n<meta property=\"og:url\" content=\"https:\/\/relaisgourmet.com\/es\/producto\/foie-gras-entero-armagnac\/\" \/>\n<meta property=\"og:site_name\" content=\"Relais Gourmet\" \/>\n<meta property=\"article:publisher\" content=\"https:\/\/facebook.com\/yoast\" \/>\n<meta property=\"article:modified_time\" content=\"2025-07-20T15:06:06+00:00\" \/>\n<meta property=\"og:image\" content=\"https:\/\/relaisgourmet.com\/wp-content\/uploads\/2024\/09\/Capture-decran-2024-04-18-112241-1.png\" \/>\n\t<meta property=\"og:image:width\" content=\"606\" \/>\n\t<meta property=\"og:image:height\" content=\"580\" \/>\n\t<meta property=\"og:image:type\" content=\"image\/png\" \/>\n<meta name=\"twitter:card\" content=\"summary_large_image\" \/>\n<meta name=\"twitter:label1\" content=\"Tiempo de lectura\" \/>\n\t<meta name=\"twitter:data1\" content=\"1 minuto\" \/>\n<script type=\"application\/ld+json\" class=\"yoast-schema-graph\">{\"@context\":\"https:\/\/schema.org\",\"@graph\":[{\"@type\":\"WebPage\",\"@id\":\"https:\/\/relaisgourmet.com\/es\/producto\/foie-gras-entero-armagnac\/\",\"url\":\"https:\/\/relaisgourmet.com\/es\/producto\/foie-gras-entero-armagnac\/\",\"name\":\"Foie Gras al Armagnac - Aroma del suroeste\",\"isPartOf\":{\"@id\":\"https:\/\/relaisgourmet.com\/es\/#website\"},\"primaryImageOfPage\":{\"@id\":\"https:\/\/relaisgourmet.com\/es\/producto\/foie-gras-entero-armagnac\/#primaryimage\"},\"image\":{\"@id\":\"https:\/\/relaisgourmet.com\/es\/producto\/foie-gras-entero-armagnac\/#primaryimage\"},\"thumbnailUrl\":\"https:\/\/relaisgourmet.com\/wp-content\/uploads\/2015\/11\/Armagnac-min.png\",\"datePublished\":\"2015-11-04T12:08:53+00:00\",\"dateModified\":\"2025-07-20T15:06:06+00:00\",\"description\":\"Foie Gras al Armagnac: una receta emblem\u00e1tica del suroeste franc\u00e9s, intensa, sabrosa y refinada.\",\"breadcrumb\":{\"@id\":\"https:\/\/relaisgourmet.com\/es\/producto\/foie-gras-entero-armagnac\/#breadcrumb\"},\"inLanguage\":\"es\",\"potentialAction\":[{\"@type\":\"ReadAction\",\"target\":[\"https:\/\/relaisgourmet.com\/es\/producto\/foie-gras-entero-armagnac\/\"]}]},{\"@type\":\"ImageObject\",\"inLanguage\":\"es\",\"@id\":\"https:\/\/relaisgourmet.com\/es\/producto\/foie-gras-entero-armagnac\/#primaryimage\",\"url\":\"https:\/\/relaisgourmet.com\/wp-content\/uploads\/2015\/11\/Armagnac-min.png\",\"contentUrl\":\"https:\/\/relaisgourmet.com\/wp-content\/uploads\/2015\/11\/Armagnac-min.png\",\"width\":1000,\"height\":1000},{\"@type\":\"BreadcrumbList\",\"@id\":\"https:\/\/relaisgourmet.com\/es\/producto\/foie-gras-entero-armagnac\/#breadcrumb\",\"itemListElement\":[{\"@type\":\"ListItem\",\"position\":1,\"name\":\"Inicio\",\"item\":\"https:\/\/relaisgourmet.com\/es\/\"},{\"@type\":\"ListItem\",\"position\":2,\"name\":\"Aut\u00e9ntico foie gras\",\"item\":\"https:\/\/relaisgourmet.com\/es\/autentico-foie-gras\/\"},{\"@type\":\"ListItem\",\"position\":3,\"name\":\"Foie Gras entero al Armagnac\"}]},{\"@type\":\"WebSite\",\"@id\":\"https:\/\/relaisgourmet.com\/es\/#website\",\"url\":\"https:\/\/relaisgourmet.com\/es\/\",\"name\":\"Relais Gourmet\",\"description\":\"Maison Gastronomique au Pays-Basque Depuis 2004\",\"publisher\":{\"@id\":\"https:\/\/relaisgourmet.com\/es\/#organization\"},\"potentialAction\":[{\"@type\":\"SearchAction\",\"target\":{\"@type\":\"EntryPoint\",\"urlTemplate\":\"https:\/\/relaisgourmet.com\/es\/?s={search_term_string}\"},\"query-input\":{\"@type\":\"PropertyValueSpecification\",\"valueRequired\":true,\"valueName\":\"search_term_string\"}}],\"inLanguage\":\"es\"},{\"@type\":\"Organization\",\"@id\":\"https:\/\/relaisgourmet.com\/es\/#organization\",\"name\":\"Relais Gourmet\",\"url\":\"https:\/\/relaisgourmet.com\/es\/\",\"logo\":{\"@type\":\"ImageObject\",\"inLanguage\":\"es\",\"@id\":\"https:\/\/relaisgourmet.com\/es\/#\/schema\/logo\/image\/\",\"url\":\"https:\/\/relaisgourmet.com\/wp-content\/uploads\/2024\/11\/Diseno-sin-titulo-8.jpg\",\"contentUrl\":\"https:\/\/relaisgourmet.com\/wp-content\/uploads\/2024\/11\/Diseno-sin-titulo-8.jpg\",\"width\":500,\"height\":500,\"caption\":\"Relais Gourmet\"},\"image\":{\"@id\":\"https:\/\/relaisgourmet.com\/es\/#\/schema\/logo\/image\/\"},\"sameAs\":[\"https:\/\/facebook.com\/yoast\",\"https:\/\/instagram.com\/yoast\"]}]}<\/script>\n<!-- \/ Yoast SEO Premium plugin. -->","yoast_head_json":{"title":"Foie Gras al Armagnac - Aroma del suroeste","description":"Foie Gras al Armagnac: una receta emblem\u00e1tica del suroeste franc\u00e9s, intensa, sabrosa y refinada.","robots":{"index":"index","follow":"follow","max-snippet":"max-snippet:-1","max-image-preview":"max-image-preview:large","max-video-preview":"max-video-preview:-1"},"canonical":"https:\/\/relaisgourmet.com\/es\/producto\/foie-gras-entero-armagnac\/","og_locale":"es_ES","og_type":"article","og_title":"Foie Gras entero al Armagnac","og_description":"Foie Gras al Armagnac: una receta emblem\u00e1tica del suroeste franc\u00e9s, intensa, sabrosa y refinada.","og_url":"https:\/\/relaisgourmet.com\/es\/producto\/foie-gras-entero-armagnac\/","og_site_name":"Relais Gourmet","article_publisher":"https:\/\/facebook.com\/yoast","article_modified_time":"2025-07-20T15:06:06+00:00","og_image":[{"width":606,"height":580,"url":"https:\/\/relaisgourmet.com\/wp-content\/uploads\/2024\/09\/Capture-decran-2024-04-18-112241-1.png","type":"image\/png"}],"twitter_card":"summary_large_image","twitter_misc":{"Tiempo de lectura":"1 minuto"},"schema":{"@context":"https:\/\/schema.org","@graph":[{"@type":"WebPage","@id":"https:\/\/relaisgourmet.com\/es\/producto\/foie-gras-entero-armagnac\/","url":"https:\/\/relaisgourmet.com\/es\/producto\/foie-gras-entero-armagnac\/","name":"Foie Gras al Armagnac - Aroma del suroeste","isPartOf":{"@id":"https:\/\/relaisgourmet.com\/es\/#website"},"primaryImageOfPage":{"@id":"https:\/\/relaisgourmet.com\/es\/producto\/foie-gras-entero-armagnac\/#primaryimage"},"image":{"@id":"https:\/\/relaisgourmet.com\/es\/producto\/foie-gras-entero-armagnac\/#primaryimage"},"thumbnailUrl":"https:\/\/relaisgourmet.com\/wp-content\/uploads\/2015\/11\/Armagnac-min.png","datePublished":"2015-11-04T12:08:53+00:00","dateModified":"2025-07-20T15:06:06+00:00","description":"Foie Gras al Armagnac: una receta emblem\u00e1tica del suroeste franc\u00e9s, intensa, sabrosa y refinada.","breadcrumb":{"@id":"https:\/\/relaisgourmet.com\/es\/producto\/foie-gras-entero-armagnac\/#breadcrumb"},"inLanguage":"es","potentialAction":[{"@type":"ReadAction","target":["https:\/\/relaisgourmet.com\/es\/producto\/foie-gras-entero-armagnac\/"]}]},{"@type":"ImageObject","inLanguage":"es","@id":"https:\/\/relaisgourmet.com\/es\/producto\/foie-gras-entero-armagnac\/#primaryimage","url":"https:\/\/relaisgourmet.com\/wp-content\/uploads\/2015\/11\/Armagnac-min.png","contentUrl":"https:\/\/relaisgourmet.com\/wp-content\/uploads\/2015\/11\/Armagnac-min.png","width":1000,"height":1000},{"@type":"BreadcrumbList","@id":"https:\/\/relaisgourmet.com\/es\/producto\/foie-gras-entero-armagnac\/#breadcrumb","itemListElement":[{"@type":"ListItem","position":1,"name":"Inicio","item":"https:\/\/relaisgourmet.com\/es\/"},{"@type":"ListItem","position":2,"name":"Aut\u00e9ntico foie gras","item":"https:\/\/relaisgourmet.com\/es\/autentico-foie-gras\/"},{"@type":"ListItem","position":3,"name":"Foie Gras entero al Armagnac"}]},{"@type":"WebSite","@id":"https:\/\/relaisgourmet.com\/es\/#website","url":"https:\/\/relaisgourmet.com\/es\/","name":"Relais Gourmet","description":"Maison Gastronomique au Pays-Basque Depuis 2004","publisher":{"@id":"https:\/\/relaisgourmet.com\/es\/#organization"},"potentialAction":[{"@type":"SearchAction","target":{"@type":"EntryPoint","urlTemplate":"https:\/\/relaisgourmet.com\/es\/?s={search_term_string}"},"query-input":{"@type":"PropertyValueSpecification","valueRequired":true,"valueName":"search_term_string"}}],"inLanguage":"es"},{"@type":"Organization","@id":"https:\/\/relaisgourmet.com\/es\/#organization","name":"Relais Gourmet","url":"https:\/\/relaisgourmet.com\/es\/","logo":{"@type":"ImageObject","inLanguage":"es","@id":"https:\/\/relaisgourmet.com\/es\/#\/schema\/logo\/image\/","url":"https:\/\/relaisgourmet.com\/wp-content\/uploads\/2024\/11\/Diseno-sin-titulo-8.jpg","contentUrl":"https:\/\/relaisgourmet.com\/wp-content\/uploads\/2024\/11\/Diseno-sin-titulo-8.jpg","width":500,"height":500,"caption":"Relais Gourmet"},"image":{"@id":"https:\/\/relaisgourmet.com\/es\/#\/schema\/logo\/image\/"},"sameAs":["https:\/\/facebook.com\/yoast","https:\/\/instagram.com\/yoast"]}]}},"_links":{"self":[{"href":"https:\/\/relaisgourmet.com\/es\/wp-json\/wp\/v2\/product\/41578","targetHints":{"allow":["GET"]}}],"collection":[{"href":"https:\/\/relaisgourmet.com\/es\/wp-json\/wp\/v2\/product"}],"about":[{"href":"https:\/\/relaisgourmet.com\/es\/wp-json\/wp\/v2\/types\/product"}],"replies":[{"embeddable":true,"href":"https:\/\/relaisgourmet.com\/es\/wp-json\/wp\/v2\/comments?post=41578"}],"version-history":[{"count":1,"href":"https:\/\/relaisgourmet.com\/es\/wp-json\/wp\/v2\/product\/41578\/revisions"}],"predecessor-version":[{"id":54643,"href":"https:\/\/relaisgourmet.com\/es\/wp-json\/wp\/v2\/product\/41578\/revisions\/54643"}],"wp:featuredmedia":[{"embeddable":true,"href":"https:\/\/relaisgourmet.com\/es\/wp-json\/wp\/v2\/media\/57875"}],"wp:attachment":[{"href":"https:\/\/relaisgourmet.com\/es\/wp-json\/wp\/v2\/media?parent=41578"}],"wp:term":[{"taxonomy":"product_brand","embeddable":true,"href":"https:\/\/relaisgourmet.com\/es\/wp-json\/wp\/v2\/product_brand?post=41578"},{"taxonomy":"product_cat","embeddable":true,"href":"https:\/\/relaisgourmet.com\/es\/wp-json\/wp\/v2\/product_cat?post=41578"},{"taxonomy":"product_tag","embeddable":true,"href":"https:\/\/relaisgourmet.com\/es\/wp-json\/wp\/v2\/product_tag?post=41578"},{"taxonomy":"giftcard-category","embeddable":true,"href":"https:\/\/relaisgourmet.com\/es\/wp-json\/wp\/v2\/giftcard-category?post=41578"}],"curies":[{"name":"wp","href":"https:\/\/api.w.org\/{rel}","templated":true}]}}