{"id":41576,"date":"2015-11-04T13:18:06","date_gmt":"2015-11-04T12:18:06","guid":{"rendered":"https:\/\/relaisgourmet.com\/produit\/foie-gras-con-limon-confitado\/"},"modified":"2025-04-12T23:09:11","modified_gmt":"2025-04-12T21:09:11","slug":"foie-gras-con-limon-confitado","status":"publish","type":"product","link":"https:\/\/relaisgourmet.com\/es\/producto\/foie-gras-con-limon-confitado\/","title":{"rendered":"Foie Gras entero con Lim\u00f3n Confitado"},"content":{"rendered":"<p>El<strong> Foie Gras Entero con Lim\u00f3n Confitado<\/strong> es una creaci\u00f3n culinaria audaz y refinada que destaca la inesperada combinaci\u00f3n de ambos sabores. Cada bocado te transporta a la <strong>Provenza,<\/strong> lo que te ofrecer\u00e1 una experiencia culinaria <strong>refrescante<\/strong> y <strong>\u00fanica.<\/strong><\/p>\n<p><b>Garantizado sin conservantes, sin colorantes y sin aditivos.<\/b><\/p>\n<p><b>Ingredientes:<\/b><span style=\"font-weight: 400;\"> Foie gras de pato, sal, 5% de lim\u00f3n confitado, pimienta y az\u00facar.<\/span><\/p>\n<p><b>Conservaci\u00f3n:<\/b><span style=\"font-weight: 400;\"> 3 a\u00f1os a temperatura ambiente. Despu\u00e9s de abrir, consumir en 15 d\u00edas y conservar en el refrigerador.<\/span><\/p>\n<div class=\"group\/conversation-turn relative flex w-full min-w-0 flex-col agent-turn\">\n<div class=\"flex-col gap-1 md:gap-3\">\n<div class=\"flex flex-grow flex-col max-w-full\">\n<div class=\"min-h-[20px] text-message flex flex-col items-start whitespace-pre-wrap break-words [.text-message+&amp;]:mt-5 juice:w-full juice:items-end overflow-x-auto gap-2\" dir=\"auto\" data-message-author-role=\"assistant\" data-message-id=\"e51d7f48-7916-437a-b7b5-a04aa27c2a63\">\n<div class=\"flex w-full flex-col gap-1 juice:empty:hidden juice:first:pt-[3px]\">\n<div class=\"markdown prose w-full break-words dark:prose-invert light\">\n<p>Encuentra todos nuestros consejos y trucos de preparaci\u00f3n en la <span style=\"font-size: 16px;\">secci\u00f3n <\/span><a style=\"font-size: 16px; background-color: #ffffff;\" href=\"https:\/\/relaisgourmet.com\/blog-foies-gras-actualite\/\">Blog<\/a><span style=\"font-size: 16px;\"> de nuestro sitio web y en nuestra p\u00e1gina de <\/span><a style=\"font-size: 16px; background-color: #ffffff;\" href=\"https:\/\/www.instagram.com\/relaisgourmetofficiel\/\">Instagram.<\/a><\/p>\n<\/div>\n<\/div>\n<\/div>\n<\/div>\n<\/div>\n<\/div>\n","protected":false},"excerpt":{"rendered":"<p>Frescura audaz: Foie gras y lim\u00f3n confitado.<\/p>\n<p><img decoding=\"async\" class=\"emoji\" role=\"img\" draggable=\"false\" src=\"https:\/\/s.w.org\/images\/core\/emoji\/15.0.3\/svg\/1f1eb-1f1f7.svg\" alt=\"\ud83c\uddeb\ud83c\uddf7\" \/>\u00a0Producci\u00f3n garantizada 100% francesa<br \/>\n\u2714 Garantizado sin conservantes, aditivos ni colorantes.<br \/>\n\ud83c\udf43 Patos alimentados con ma\u00edz amarillo<br \/>\n\ud83d\ude9a Entrega r\u00e1pida en todo el mundo<br \/>\n\ud83d\udd53 Se conserva 3 a\u00f1os<br \/>\n\ud83d\udd10 Pago seguro<\/p>\n","protected":false},"featured_media":57865,"comment_status":"closed","ping_status":"closed","template":"","meta":[],"product_brand":[],"product_cat":[1308,1309,1293],"product_tag":[1846,1264,1847,1252,2308],"giftcard-category":[],"class_list":{"0":"post-41576","1":"product","2":"type-product","3":"status-publish","4":"has-post-thumbnail","6":"product_cat-foie-gras-afrutado","7":"product_cat-foie-gras-originales","8":"product_cat-nuestros-foies-gras","9":"product_tag-2-personas-es-2","10":"product_tag-200g-es","11":"product_tag-4-5-personas-es","12":"product_tag-80g-es","13":"product_tag-foie-gras-original-es-2","14":"product_shipping_class-tva-5-5-es","16":"first","17":"instock","18":"taxable","19":"shipping-taxable","20":"purchasable","21":"product-type-variable"},"yoast_head":"<!-- This site is optimized with the Yoast SEO Premium plugin v27.0 (Yoast SEO v27.3) - https:\/\/yoast.com\/product\/yoast-seo-premium-wordpress\/ -->\n<title>Foie Gras con lim\u00f3n confitado - Fresco y suave<\/title>\n<meta name=\"description\" content=\"Foie Gras al Lim\u00f3n Confitado: toque c\u00edtrico elegante que potencia el sabor del foie gras artesanal.\" \/>\n<meta name=\"robots\" content=\"index, follow, max-snippet:-1, max-image-preview:large, max-video-preview:-1\" \/>\n<link rel=\"canonical\" href=\"https:\/\/relaisgourmet.com\/es\/producto\/foie-gras-con-limon-confitado\/\" \/>\n<meta property=\"og:locale\" content=\"es_ES\" \/>\n<meta property=\"og:type\" content=\"article\" \/>\n<meta property=\"og:title\" content=\"Foie Gras entero con Lim\u00f3n Confitado\" \/>\n<meta property=\"og:description\" content=\"Foie Gras al Lim\u00f3n Confitado: toque c\u00edtrico elegante que potencia el sabor del foie gras artesanal.\" \/>\n<meta property=\"og:url\" content=\"https:\/\/relaisgourmet.com\/es\/producto\/foie-gras-con-limon-confitado\/\" \/>\n<meta property=\"og:site_name\" content=\"Relais Gourmet\" \/>\n<meta property=\"article:publisher\" content=\"https:\/\/facebook.com\/yoast\" \/>\n<meta property=\"article:modified_time\" content=\"2025-04-12T21:09:11+00:00\" \/>\n<meta property=\"og:image\" content=\"https:\/\/relaisgourmet.com\/wp-content\/uploads\/2024\/09\/fg-citron-png-2.png\" \/>\n\t<meta property=\"og:image:width\" content=\"667\" \/>\n\t<meta property=\"og:image:height\" content=\"590\" \/>\n\t<meta property=\"og:image:type\" content=\"image\/png\" \/>\n<meta name=\"twitter:card\" content=\"summary_large_image\" \/>\n<meta name=\"twitter:label1\" content=\"Tiempo de lectura\" \/>\n\t<meta name=\"twitter:data1\" content=\"1 minuto\" \/>\n<script type=\"application\/ld+json\" class=\"yoast-schema-graph\">{\"@context\":\"https:\\\/\\\/schema.org\",\"@graph\":[{\"@type\":\"WebPage\",\"@id\":\"https:\\\/\\\/relaisgourmet.com\\\/es\\\/producto\\\/foie-gras-con-limon-confitado\\\/\",\"url\":\"https:\\\/\\\/relaisgourmet.com\\\/es\\\/producto\\\/foie-gras-con-limon-confitado\\\/\",\"name\":\"Foie Gras con lim\u00f3n confitado - Fresco y suave\",\"isPartOf\":{\"@id\":\"https:\\\/\\\/relaisgourmet.com\\\/es\\\/#website\"},\"primaryImageOfPage\":{\"@id\":\"https:\\\/\\\/relaisgourmet.com\\\/es\\\/producto\\\/foie-gras-con-limon-confitado\\\/#primaryimage\"},\"image\":{\"@id\":\"https:\\\/\\\/relaisgourmet.com\\\/es\\\/producto\\\/foie-gras-con-limon-confitado\\\/#primaryimage\"},\"thumbnailUrl\":\"https:\\\/\\\/relaisgourmet.com\\\/wp-content\\\/uploads\\\/2015\\\/11\\\/Citron-min.png\",\"datePublished\":\"2015-11-04T12:18:06+00:00\",\"dateModified\":\"2025-04-12T21:09:11+00:00\",\"description\":\"Foie Gras al Lim\u00f3n Confitado: toque c\u00edtrico elegante que potencia el sabor del foie gras artesanal.\",\"breadcrumb\":{\"@id\":\"https:\\\/\\\/relaisgourmet.com\\\/es\\\/producto\\\/foie-gras-con-limon-confitado\\\/#breadcrumb\"},\"inLanguage\":\"es\",\"potentialAction\":[{\"@type\":\"ReadAction\",\"target\":[\"https:\\\/\\\/relaisgourmet.com\\\/es\\\/producto\\\/foie-gras-con-limon-confitado\\\/\"]}]},{\"@type\":\"ImageObject\",\"inLanguage\":\"es\",\"@id\":\"https:\\\/\\\/relaisgourmet.com\\\/es\\\/producto\\\/foie-gras-con-limon-confitado\\\/#primaryimage\",\"url\":\"https:\\\/\\\/relaisgourmet.com\\\/wp-content\\\/uploads\\\/2015\\\/11\\\/Citron-min.png\",\"contentUrl\":\"https:\\\/\\\/relaisgourmet.com\\\/wp-content\\\/uploads\\\/2015\\\/11\\\/Citron-min.png\",\"width\":1000,\"height\":1000},{\"@type\":\"BreadcrumbList\",\"@id\":\"https:\\\/\\\/relaisgourmet.com\\\/es\\\/producto\\\/foie-gras-con-limon-confitado\\\/#breadcrumb\",\"itemListElement\":[{\"@type\":\"ListItem\",\"position\":1,\"name\":\"Inicio\",\"item\":\"https:\\\/\\\/relaisgourmet.com\\\/es\\\/\"},{\"@type\":\"ListItem\",\"position\":2,\"name\":\"Aut\u00e9ntico foie gras\",\"item\":\"https:\\\/\\\/relaisgourmet.com\\\/es\\\/autentico-foie-gras\\\/\"},{\"@type\":\"ListItem\",\"position\":3,\"name\":\"Foie Gras entero con Lim\u00f3n Confitado\"}]},{\"@type\":\"WebSite\",\"@id\":\"https:\\\/\\\/relaisgourmet.com\\\/es\\\/#website\",\"url\":\"https:\\\/\\\/relaisgourmet.com\\\/es\\\/\",\"name\":\"Relais Gourmet\",\"description\":\"Maison Gastronomique au Pays-Basque Depuis 2004\",\"publisher\":{\"@id\":\"https:\\\/\\\/relaisgourmet.com\\\/es\\\/#organization\"},\"potentialAction\":[{\"@type\":\"SearchAction\",\"target\":{\"@type\":\"EntryPoint\",\"urlTemplate\":\"https:\\\/\\\/relaisgourmet.com\\\/es\\\/?s={search_term_string}\"},\"query-input\":{\"@type\":\"PropertyValueSpecification\",\"valueRequired\":true,\"valueName\":\"search_term_string\"}}],\"inLanguage\":\"es\"},{\"@type\":\"Organization\",\"@id\":\"https:\\\/\\\/relaisgourmet.com\\\/es\\\/#organization\",\"name\":\"Relais Gourmet\",\"url\":\"https:\\\/\\\/relaisgourmet.com\\\/es\\\/\",\"logo\":{\"@type\":\"ImageObject\",\"inLanguage\":\"es\",\"@id\":\"https:\\\/\\\/relaisgourmet.com\\\/es\\\/#\\\/schema\\\/logo\\\/image\\\/\",\"url\":\"https:\\\/\\\/relaisgourmet.com\\\/wp-content\\\/uploads\\\/2024\\\/11\\\/Diseno-sin-titulo-8.jpg\",\"contentUrl\":\"https:\\\/\\\/relaisgourmet.com\\\/wp-content\\\/uploads\\\/2024\\\/11\\\/Diseno-sin-titulo-8.jpg\",\"width\":500,\"height\":500,\"caption\":\"Relais Gourmet\"},\"image\":{\"@id\":\"https:\\\/\\\/relaisgourmet.com\\\/es\\\/#\\\/schema\\\/logo\\\/image\\\/\"},\"sameAs\":[\"https:\\\/\\\/facebook.com\\\/yoast\",\"https:\\\/\\\/instagram.com\\\/yoast\"]}]}<\/script>\n<!-- \/ Yoast SEO Premium plugin. -->","yoast_head_json":{"title":"Foie Gras con lim\u00f3n confitado - Fresco y suave","description":"Foie Gras al Lim\u00f3n Confitado: toque c\u00edtrico elegante que potencia el sabor del foie gras artesanal.","robots":{"index":"index","follow":"follow","max-snippet":"max-snippet:-1","max-image-preview":"max-image-preview:large","max-video-preview":"max-video-preview:-1"},"canonical":"https:\/\/relaisgourmet.com\/es\/producto\/foie-gras-con-limon-confitado\/","og_locale":"es_ES","og_type":"article","og_title":"Foie Gras entero con Lim\u00f3n Confitado","og_description":"Foie Gras al Lim\u00f3n Confitado: toque c\u00edtrico elegante que potencia el sabor del foie gras artesanal.","og_url":"https:\/\/relaisgourmet.com\/es\/producto\/foie-gras-con-limon-confitado\/","og_site_name":"Relais Gourmet","article_publisher":"https:\/\/facebook.com\/yoast","article_modified_time":"2025-04-12T21:09:11+00:00","og_image":[{"width":667,"height":590,"url":"https:\/\/relaisgourmet.com\/wp-content\/uploads\/2024\/09\/fg-citron-png-2.png","type":"image\/png"}],"twitter_card":"summary_large_image","twitter_misc":{"Tiempo de lectura":"1 minuto"},"schema":{"@context":"https:\/\/schema.org","@graph":[{"@type":"WebPage","@id":"https:\/\/relaisgourmet.com\/es\/producto\/foie-gras-con-limon-confitado\/","url":"https:\/\/relaisgourmet.com\/es\/producto\/foie-gras-con-limon-confitado\/","name":"Foie Gras con lim\u00f3n confitado - Fresco y suave","isPartOf":{"@id":"https:\/\/relaisgourmet.com\/es\/#website"},"primaryImageOfPage":{"@id":"https:\/\/relaisgourmet.com\/es\/producto\/foie-gras-con-limon-confitado\/#primaryimage"},"image":{"@id":"https:\/\/relaisgourmet.com\/es\/producto\/foie-gras-con-limon-confitado\/#primaryimage"},"thumbnailUrl":"https:\/\/relaisgourmet.com\/wp-content\/uploads\/2015\/11\/Citron-min.png","datePublished":"2015-11-04T12:18:06+00:00","dateModified":"2025-04-12T21:09:11+00:00","description":"Foie Gras al Lim\u00f3n Confitado: toque c\u00edtrico elegante que potencia el sabor del foie gras artesanal.","breadcrumb":{"@id":"https:\/\/relaisgourmet.com\/es\/producto\/foie-gras-con-limon-confitado\/#breadcrumb"},"inLanguage":"es","potentialAction":[{"@type":"ReadAction","target":["https:\/\/relaisgourmet.com\/es\/producto\/foie-gras-con-limon-confitado\/"]}]},{"@type":"ImageObject","inLanguage":"es","@id":"https:\/\/relaisgourmet.com\/es\/producto\/foie-gras-con-limon-confitado\/#primaryimage","url":"https:\/\/relaisgourmet.com\/wp-content\/uploads\/2015\/11\/Citron-min.png","contentUrl":"https:\/\/relaisgourmet.com\/wp-content\/uploads\/2015\/11\/Citron-min.png","width":1000,"height":1000},{"@type":"BreadcrumbList","@id":"https:\/\/relaisgourmet.com\/es\/producto\/foie-gras-con-limon-confitado\/#breadcrumb","itemListElement":[{"@type":"ListItem","position":1,"name":"Inicio","item":"https:\/\/relaisgourmet.com\/es\/"},{"@type":"ListItem","position":2,"name":"Aut\u00e9ntico foie gras","item":"https:\/\/relaisgourmet.com\/es\/autentico-foie-gras\/"},{"@type":"ListItem","position":3,"name":"Foie Gras entero con Lim\u00f3n Confitado"}]},{"@type":"WebSite","@id":"https:\/\/relaisgourmet.com\/es\/#website","url":"https:\/\/relaisgourmet.com\/es\/","name":"Relais Gourmet","description":"Maison Gastronomique au Pays-Basque Depuis 2004","publisher":{"@id":"https:\/\/relaisgourmet.com\/es\/#organization"},"potentialAction":[{"@type":"SearchAction","target":{"@type":"EntryPoint","urlTemplate":"https:\/\/relaisgourmet.com\/es\/?s={search_term_string}"},"query-input":{"@type":"PropertyValueSpecification","valueRequired":true,"valueName":"search_term_string"}}],"inLanguage":"es"},{"@type":"Organization","@id":"https:\/\/relaisgourmet.com\/es\/#organization","name":"Relais Gourmet","url":"https:\/\/relaisgourmet.com\/es\/","logo":{"@type":"ImageObject","inLanguage":"es","@id":"https:\/\/relaisgourmet.com\/es\/#\/schema\/logo\/image\/","url":"https:\/\/relaisgourmet.com\/wp-content\/uploads\/2024\/11\/Diseno-sin-titulo-8.jpg","contentUrl":"https:\/\/relaisgourmet.com\/wp-content\/uploads\/2024\/11\/Diseno-sin-titulo-8.jpg","width":500,"height":500,"caption":"Relais Gourmet"},"image":{"@id":"https:\/\/relaisgourmet.com\/es\/#\/schema\/logo\/image\/"},"sameAs":["https:\/\/facebook.com\/yoast","https:\/\/instagram.com\/yoast"]}]}},"_links":{"self":[{"href":"https:\/\/relaisgourmet.com\/es\/wp-json\/wp\/v2\/product\/41576","targetHints":{"allow":["GET"]}}],"collection":[{"href":"https:\/\/relaisgourmet.com\/es\/wp-json\/wp\/v2\/product"}],"about":[{"href":"https:\/\/relaisgourmet.com\/es\/wp-json\/wp\/v2\/types\/product"}],"replies":[{"embeddable":true,"href":"https:\/\/relaisgourmet.com\/es\/wp-json\/wp\/v2\/comments?post=41576"}],"version-history":[{"count":0,"href":"https:\/\/relaisgourmet.com\/es\/wp-json\/wp\/v2\/product\/41576\/revisions"}],"wp:featuredmedia":[{"embeddable":true,"href":"https:\/\/relaisgourmet.com\/es\/wp-json\/wp\/v2\/media\/57865"}],"wp:attachment":[{"href":"https:\/\/relaisgourmet.com\/es\/wp-json\/wp\/v2\/media?parent=41576"}],"wp:term":[{"taxonomy":"product_brand","embeddable":true,"href":"https:\/\/relaisgourmet.com\/es\/wp-json\/wp\/v2\/product_brand?post=41576"},{"taxonomy":"product_cat","embeddable":true,"href":"https:\/\/relaisgourmet.com\/es\/wp-json\/wp\/v2\/product_cat?post=41576"},{"taxonomy":"product_tag","embeddable":true,"href":"https:\/\/relaisgourmet.com\/es\/wp-json\/wp\/v2\/product_tag?post=41576"},{"taxonomy":"giftcard-category","embeddable":true,"href":"https:\/\/relaisgourmet.com\/es\/wp-json\/wp\/v2\/giftcard-category?post=41576"}],"curies":[{"name":"wp","href":"https:\/\/api.w.org\/{rel}","templated":true}]}}