{"id":41511,"date":"2016-12-13T18:09:16","date_gmt":"2016-12-13T17:09:16","guid":{"rendered":"https:\/\/relaisgourmet.com\/produit\/pala-de-foie-gras\/"},"modified":"2025-12-01T01:18:05","modified_gmt":"2025-12-01T00:18:05","slug":"pala-de-foie-gras","status":"publish","type":"product","link":"https:\/\/relaisgourmet.com\/es\/producto\/pala-de-foie-gras\/","title":{"rendered":"Pala de Foie Gras"},"content":{"rendered":"<h3><span style=\"color: #008000;\">Un accesorio indispensable para realzar su Foie Gras: \u00a1nuestra pala para Foie Gras!<\/span><\/h3>\n<p>Esta pala para Foie Gras est\u00e1 hecha de acero inoxidable, lo que la hace duradera y f\u00e1cil de limpiar. La hoja est\u00e1 ligeramente curvada y el mango es delgado y c\u00f3modo de sostener. Esta pala para Foie Gras es ideal para el uso diario.<\/p>\n<p>Para colocar ordenadamente sus hermosas rebanadas finas y regulares de Foie Gras en los platos, use esta herramienta.<\/p>\n<p>Con este utensilio, estar\u00e1s preparado para cualquier ocasi\u00f3n y podr\u00e1s disfrutar de nuestros diversos Foie Gras sin dificultad.<\/p>\n<p>Encuentra todos nuestros productos en la tienda Relais Gourmet.<\/p>\n<p>No dudes en visitar nuestro blog para descubrir nuestras recetas y otras novedades.<\/p>\n","protected":false},"excerpt":{"rendered":"<p>\u00a1Descubra nuestra <span style=\"color: #ff0000;\">pala de foie gras!<\/span><\/p>\n<p>Un accesorio esencial para sublimar su foie gras.<\/p>\n","protected":false},"featured_media":57568,"comment_status":"closed","ping_status":"closed","template":"","meta":[],"product_brand":[],"product_cat":[1329],"product_tag":[1998],"giftcard-category":[],"class_list":{"0":"post-41511","1":"product","2":"type-product","3":"status-publish","4":"has-post-thumbnail","6":"product_cat-utensilios-para-foie-gras","7":"product_tag-tipoclasico-es","8":"product_shipping_class-tva-20-es","10":"first","11":"instock","12":"taxable","13":"shipping-taxable","14":"purchasable","15":"product-type-simple"},"yoast_head":"<!-- This site is optimized with the Yoast SEO Premium plugin v27.0 (Yoast SEO v27.0) - https:\/\/yoast.com\/product\/yoast-seo-premium-wordpress\/ -->\n<title>Pala de Foie Gras - Servicio elegante<\/title>\n<meta name=\"description\" content=\"Pala de Foie Gras: sirve con estilo y precisi\u00f3n tus porciones de foie gras en eventos o aperitivos.\" \/>\n<meta name=\"robots\" content=\"index, follow, max-snippet:-1, max-image-preview:large, max-video-preview:-1\" \/>\n<link rel=\"canonical\" href=\"https:\/\/relaisgourmet.com\/es\/producto\/pala-de-foie-gras\/\" \/>\n<meta property=\"og:locale\" content=\"es_ES\" \/>\n<meta property=\"og:type\" content=\"article\" \/>\n<meta property=\"og:title\" content=\"Pala de Foie Gras\" \/>\n<meta property=\"og:description\" content=\"Pala de Foie Gras: sirve con estilo y precisi\u00f3n tus porciones de foie gras en eventos o aperitivos.\" \/>\n<meta property=\"og:url\" content=\"https:\/\/relaisgourmet.com\/es\/producto\/pala-de-foie-gras\/\" \/>\n<meta property=\"og:site_name\" content=\"Relais Gourmet\" \/>\n<meta property=\"article:publisher\" content=\"https:\/\/facebook.com\/yoast\" \/>\n<meta property=\"article:modified_time\" content=\"2025-12-01T00:18:05+00:00\" \/>\n<meta property=\"og:image\" content=\"https:\/\/relaisgourmet.com\/wp-content\/uploads\/2016\/12\/Pelle.png\" \/>\n\t<meta property=\"og:image:width\" content=\"1000\" \/>\n\t<meta property=\"og:image:height\" content=\"1000\" \/>\n\t<meta property=\"og:image:type\" content=\"image\/png\" \/>\n<meta name=\"twitter:card\" content=\"summary_large_image\" \/>\n<meta name=\"twitter:label1\" content=\"Tiempo de lectura\" \/>\n\t<meta name=\"twitter:data1\" content=\"1 minuto\" \/>\n<script type=\"application\/ld+json\" class=\"yoast-schema-graph\">{\"@context\":\"https:\/\/schema.org\",\"@graph\":[{\"@type\":\"WebPage\",\"@id\":\"https:\/\/relaisgourmet.com\/es\/producto\/pala-de-foie-gras\/\",\"url\":\"https:\/\/relaisgourmet.com\/es\/producto\/pala-de-foie-gras\/\",\"name\":\"Pala de Foie Gras - Servicio elegante\",\"isPartOf\":{\"@id\":\"https:\/\/relaisgourmet.com\/es\/#website\"},\"primaryImageOfPage\":{\"@id\":\"https:\/\/relaisgourmet.com\/es\/producto\/pala-de-foie-gras\/#primaryimage\"},\"image\":{\"@id\":\"https:\/\/relaisgourmet.com\/es\/producto\/pala-de-foie-gras\/#primaryimage\"},\"thumbnailUrl\":\"https:\/\/relaisgourmet.com\/wp-content\/uploads\/2016\/12\/Pelle.png\",\"datePublished\":\"2016-12-13T17:09:16+00:00\",\"dateModified\":\"2025-12-01T00:18:05+00:00\",\"description\":\"Pala de Foie Gras: sirve con estilo y precisi\u00f3n tus porciones de foie gras en eventos o aperitivos.\",\"breadcrumb\":{\"@id\":\"https:\/\/relaisgourmet.com\/es\/producto\/pala-de-foie-gras\/#breadcrumb\"},\"inLanguage\":\"es\",\"potentialAction\":[{\"@type\":\"ReadAction\",\"target\":[\"https:\/\/relaisgourmet.com\/es\/producto\/pala-de-foie-gras\/\"]}]},{\"@type\":\"ImageObject\",\"inLanguage\":\"es\",\"@id\":\"https:\/\/relaisgourmet.com\/es\/producto\/pala-de-foie-gras\/#primaryimage\",\"url\":\"https:\/\/relaisgourmet.com\/wp-content\/uploads\/2016\/12\/Pelle.png\",\"contentUrl\":\"https:\/\/relaisgourmet.com\/wp-content\/uploads\/2016\/12\/Pelle.png\",\"width\":1000,\"height\":1000},{\"@type\":\"BreadcrumbList\",\"@id\":\"https:\/\/relaisgourmet.com\/es\/producto\/pala-de-foie-gras\/#breadcrumb\",\"itemListElement\":[{\"@type\":\"ListItem\",\"position\":1,\"name\":\"Inicio\",\"item\":\"https:\/\/relaisgourmet.com\/es\/\"},{\"@type\":\"ListItem\",\"position\":2,\"name\":\"Aut\u00e9ntico foie gras\",\"item\":\"https:\/\/relaisgourmet.com\/es\/autentico-foie-gras\/\"},{\"@type\":\"ListItem\",\"position\":3,\"name\":\"Pala de Foie Gras\"}]},{\"@type\":\"WebSite\",\"@id\":\"https:\/\/relaisgourmet.com\/es\/#website\",\"url\":\"https:\/\/relaisgourmet.com\/es\/\",\"name\":\"Relais Gourmet\",\"description\":\"Maison Gastronomique au Pays-Basque Depuis 2004\",\"publisher\":{\"@id\":\"https:\/\/relaisgourmet.com\/es\/#organization\"},\"potentialAction\":[{\"@type\":\"SearchAction\",\"target\":{\"@type\":\"EntryPoint\",\"urlTemplate\":\"https:\/\/relaisgourmet.com\/es\/?s={search_term_string}\"},\"query-input\":{\"@type\":\"PropertyValueSpecification\",\"valueRequired\":true,\"valueName\":\"search_term_string\"}}],\"inLanguage\":\"es\"},{\"@type\":\"Organization\",\"@id\":\"https:\/\/relaisgourmet.com\/es\/#organization\",\"name\":\"Relais Gourmet\",\"url\":\"https:\/\/relaisgourmet.com\/es\/\",\"logo\":{\"@type\":\"ImageObject\",\"inLanguage\":\"es\",\"@id\":\"https:\/\/relaisgourmet.com\/es\/#\/schema\/logo\/image\/\",\"url\":\"https:\/\/relaisgourmet.com\/wp-content\/uploads\/2024\/11\/Diseno-sin-titulo-8.jpg\",\"contentUrl\":\"https:\/\/relaisgourmet.com\/wp-content\/uploads\/2024\/11\/Diseno-sin-titulo-8.jpg\",\"width\":500,\"height\":500,\"caption\":\"Relais Gourmet\"},\"image\":{\"@id\":\"https:\/\/relaisgourmet.com\/es\/#\/schema\/logo\/image\/\"},\"sameAs\":[\"https:\/\/facebook.com\/yoast\",\"https:\/\/instagram.com\/yoast\"]}]}<\/script>\n<!-- \/ Yoast SEO Premium plugin. -->","yoast_head_json":{"title":"Pala de Foie Gras - Servicio elegante","description":"Pala de Foie Gras: sirve con estilo y precisi\u00f3n tus porciones de foie gras en eventos o aperitivos.","robots":{"index":"index","follow":"follow","max-snippet":"max-snippet:-1","max-image-preview":"max-image-preview:large","max-video-preview":"max-video-preview:-1"},"canonical":"https:\/\/relaisgourmet.com\/es\/producto\/pala-de-foie-gras\/","og_locale":"es_ES","og_type":"article","og_title":"Pala de Foie Gras","og_description":"Pala de Foie Gras: sirve con estilo y precisi\u00f3n tus porciones de foie gras en eventos o aperitivos.","og_url":"https:\/\/relaisgourmet.com\/es\/producto\/pala-de-foie-gras\/","og_site_name":"Relais Gourmet","article_publisher":"https:\/\/facebook.com\/yoast","article_modified_time":"2025-12-01T00:18:05+00:00","og_image":[{"width":1000,"height":1000,"url":"https:\/\/relaisgourmet.com\/wp-content\/uploads\/2016\/12\/Pelle.png","type":"image\/png"}],"twitter_card":"summary_large_image","twitter_misc":{"Tiempo de lectura":"1 minuto"},"schema":{"@context":"https:\/\/schema.org","@graph":[{"@type":"WebPage","@id":"https:\/\/relaisgourmet.com\/es\/producto\/pala-de-foie-gras\/","url":"https:\/\/relaisgourmet.com\/es\/producto\/pala-de-foie-gras\/","name":"Pala de Foie Gras - Servicio elegante","isPartOf":{"@id":"https:\/\/relaisgourmet.com\/es\/#website"},"primaryImageOfPage":{"@id":"https:\/\/relaisgourmet.com\/es\/producto\/pala-de-foie-gras\/#primaryimage"},"image":{"@id":"https:\/\/relaisgourmet.com\/es\/producto\/pala-de-foie-gras\/#primaryimage"},"thumbnailUrl":"https:\/\/relaisgourmet.com\/wp-content\/uploads\/2016\/12\/Pelle.png","datePublished":"2016-12-13T17:09:16+00:00","dateModified":"2025-12-01T00:18:05+00:00","description":"Pala de Foie Gras: sirve con estilo y precisi\u00f3n tus porciones de foie gras en eventos o aperitivos.","breadcrumb":{"@id":"https:\/\/relaisgourmet.com\/es\/producto\/pala-de-foie-gras\/#breadcrumb"},"inLanguage":"es","potentialAction":[{"@type":"ReadAction","target":["https:\/\/relaisgourmet.com\/es\/producto\/pala-de-foie-gras\/"]}]},{"@type":"ImageObject","inLanguage":"es","@id":"https:\/\/relaisgourmet.com\/es\/producto\/pala-de-foie-gras\/#primaryimage","url":"https:\/\/relaisgourmet.com\/wp-content\/uploads\/2016\/12\/Pelle.png","contentUrl":"https:\/\/relaisgourmet.com\/wp-content\/uploads\/2016\/12\/Pelle.png","width":1000,"height":1000},{"@type":"BreadcrumbList","@id":"https:\/\/relaisgourmet.com\/es\/producto\/pala-de-foie-gras\/#breadcrumb","itemListElement":[{"@type":"ListItem","position":1,"name":"Inicio","item":"https:\/\/relaisgourmet.com\/es\/"},{"@type":"ListItem","position":2,"name":"Aut\u00e9ntico foie gras","item":"https:\/\/relaisgourmet.com\/es\/autentico-foie-gras\/"},{"@type":"ListItem","position":3,"name":"Pala de Foie Gras"}]},{"@type":"WebSite","@id":"https:\/\/relaisgourmet.com\/es\/#website","url":"https:\/\/relaisgourmet.com\/es\/","name":"Relais Gourmet","description":"Maison Gastronomique au Pays-Basque Depuis 2004","publisher":{"@id":"https:\/\/relaisgourmet.com\/es\/#organization"},"potentialAction":[{"@type":"SearchAction","target":{"@type":"EntryPoint","urlTemplate":"https:\/\/relaisgourmet.com\/es\/?s={search_term_string}"},"query-input":{"@type":"PropertyValueSpecification","valueRequired":true,"valueName":"search_term_string"}}],"inLanguage":"es"},{"@type":"Organization","@id":"https:\/\/relaisgourmet.com\/es\/#organization","name":"Relais Gourmet","url":"https:\/\/relaisgourmet.com\/es\/","logo":{"@type":"ImageObject","inLanguage":"es","@id":"https:\/\/relaisgourmet.com\/es\/#\/schema\/logo\/image\/","url":"https:\/\/relaisgourmet.com\/wp-content\/uploads\/2024\/11\/Diseno-sin-titulo-8.jpg","contentUrl":"https:\/\/relaisgourmet.com\/wp-content\/uploads\/2024\/11\/Diseno-sin-titulo-8.jpg","width":500,"height":500,"caption":"Relais Gourmet"},"image":{"@id":"https:\/\/relaisgourmet.com\/es\/#\/schema\/logo\/image\/"},"sameAs":["https:\/\/facebook.com\/yoast","https:\/\/instagram.com\/yoast"]}]}},"_links":{"self":[{"href":"https:\/\/relaisgourmet.com\/es\/wp-json\/wp\/v2\/product\/41511","targetHints":{"allow":["GET"]}}],"collection":[{"href":"https:\/\/relaisgourmet.com\/es\/wp-json\/wp\/v2\/product"}],"about":[{"href":"https:\/\/relaisgourmet.com\/es\/wp-json\/wp\/v2\/types\/product"}],"replies":[{"embeddable":true,"href":"https:\/\/relaisgourmet.com\/es\/wp-json\/wp\/v2\/comments?post=41511"}],"version-history":[{"count":0,"href":"https:\/\/relaisgourmet.com\/es\/wp-json\/wp\/v2\/product\/41511\/revisions"}],"wp:featuredmedia":[{"embeddable":true,"href":"https:\/\/relaisgourmet.com\/es\/wp-json\/wp\/v2\/media\/57568"}],"wp:attachment":[{"href":"https:\/\/relaisgourmet.com\/es\/wp-json\/wp\/v2\/media?parent=41511"}],"wp:term":[{"taxonomy":"product_brand","embeddable":true,"href":"https:\/\/relaisgourmet.com\/es\/wp-json\/wp\/v2\/product_brand?post=41511"},{"taxonomy":"product_cat","embeddable":true,"href":"https:\/\/relaisgourmet.com\/es\/wp-json\/wp\/v2\/product_cat?post=41511"},{"taxonomy":"product_tag","embeddable":true,"href":"https:\/\/relaisgourmet.com\/es\/wp-json\/wp\/v2\/product_tag?post=41511"},{"taxonomy":"giftcard-category","embeddable":true,"href":"https:\/\/relaisgourmet.com\/es\/wp-json\/wp\/v2\/giftcard-category?post=41511"}],"curies":[{"name":"wp","href":"https:\/\/api.w.org\/{rel}","templated":true}]}}