{"id":41492,"date":"2016-12-13T20:24:44","date_gmt":"2016-12-13T19:24:44","guid":{"rendered":"https:\/\/relaisgourmet.com\/produit\/esparcidor-de-foie-gras\/"},"modified":"2025-12-01T01:17:59","modified_gmt":"2025-12-01T00:17:59","slug":"esparcidor-de-foie-gras","status":"publish","type":"product","link":"https:\/\/relaisgourmet.com\/es\/producto\/esparcidor-de-foie-gras\/","title":{"rendered":"Esparcidor de foie gras"},"content":{"rendered":"<h3><span style=\"color: #008000;\">\u00a1Haz tu vida m\u00e1s f\u00e1cil con nuestro untador de Foie Gras!<\/span><\/h3>\n<p>Este untador de Foie Gras est\u00e1 dise\u00f1ado para untar y servir Foie Gras. Est\u00e1 hecho de acero inoxidable y tiene una hoja curva y un mango para un f\u00e1cil agarre.<\/p>\n<p>Con esta herramienta, preparar tostadas de Foie Gras es r\u00e1pido y sencillo.<\/p>\n<p>Con este utensilio, estar\u00e1s preparado para cualquier ocasi\u00f3n y podr\u00e1s disfrutar de nuestros diversos Foie Gras sin dificultades.<\/p>\n<p>Encuentra todos nuestros productos en la tienda Relais Gourmet.<\/p>\n<p>No dudes en visitar nuestro blog para descubrir nuestras recetas y otras novedades.<\/p>\n","protected":false},"excerpt":{"rendered":"<p><strong><span style=\"color: #ff0000;\">Nuestro esparcidor de foie gras<\/span><\/strong>: El utensilio ideal para el foie gras.<\/p>\n","protected":false},"featured_media":57547,"comment_status":"closed","ping_status":"closed","template":"","meta":[],"product_brand":[],"product_cat":[1329],"product_tag":[1998],"giftcard-category":[],"class_list":{"0":"post-41492","1":"product","2":"type-product","3":"status-publish","4":"has-post-thumbnail","6":"product_cat-utensilios-para-foie-gras","7":"product_tag-tipoclasico-es","8":"product_shipping_class-tva-20-es","10":"first","11":"instock","12":"taxable","13":"shipping-taxable","14":"purchasable","15":"product-type-simple"},"yoast_head":"<!-- This site is optimized with the Yoast SEO Premium plugin v27.0 (Yoast SEO v27.3) - https:\/\/yoast.com\/product\/yoast-seo-premium-wordpress\/ -->\n<title>Esparcidor de Foie Gras - Ideal para untar<\/title>\n<meta name=\"description\" content=\"Esparcidor de foie gras: ideal para servir con precisi\u00f3n y mantener la textura suave sobre tus tostadas.\" \/>\n<meta name=\"robots\" content=\"index, follow, max-snippet:-1, max-image-preview:large, max-video-preview:-1\" \/>\n<link rel=\"canonical\" href=\"https:\/\/relaisgourmet.com\/es\/producto\/esparcidor-de-foie-gras\/\" \/>\n<meta property=\"og:locale\" content=\"es_ES\" \/>\n<meta property=\"og:type\" content=\"article\" \/>\n<meta property=\"og:title\" content=\"Esparcidor de foie gras\" \/>\n<meta property=\"og:description\" content=\"Esparcidor de foie gras: ideal para servir con precisi\u00f3n y mantener la textura suave sobre tus tostadas.\" \/>\n<meta property=\"og:url\" content=\"https:\/\/relaisgourmet.com\/es\/producto\/esparcidor-de-foie-gras\/\" \/>\n<meta property=\"og:site_name\" content=\"Relais Gourmet\" \/>\n<meta property=\"article:publisher\" content=\"https:\/\/facebook.com\/yoast\" \/>\n<meta property=\"article:modified_time\" content=\"2025-12-01T00:17:59+00:00\" \/>\n<meta property=\"og:image\" content=\"https:\/\/relaisgourmet.com\/wp-content\/uploads\/2024\/09\/tartineur-inox-manche-en-plastique-coloris-marron-2-e1695811054621-1.jpg\" \/>\n\t<meta property=\"og:image:width\" content=\"800\" \/>\n\t<meta property=\"og:image:height\" content=\"800\" \/>\n\t<meta property=\"og:image:type\" content=\"image\/jpeg\" \/>\n<meta name=\"twitter:card\" content=\"summary_large_image\" \/>\n<meta name=\"twitter:label1\" content=\"Tiempo de lectura\" \/>\n\t<meta name=\"twitter:data1\" content=\"1 minuto\" \/>\n<script type=\"application\/ld+json\" class=\"yoast-schema-graph\">{\"@context\":\"https:\\\/\\\/schema.org\",\"@graph\":[{\"@type\":\"WebPage\",\"@id\":\"https:\\\/\\\/relaisgourmet.com\\\/es\\\/producto\\\/esparcidor-de-foie-gras\\\/\",\"url\":\"https:\\\/\\\/relaisgourmet.com\\\/es\\\/producto\\\/esparcidor-de-foie-gras\\\/\",\"name\":\"Esparcidor de Foie Gras - Ideal para untar\",\"isPartOf\":{\"@id\":\"https:\\\/\\\/relaisgourmet.com\\\/es\\\/#website\"},\"primaryImageOfPage\":{\"@id\":\"https:\\\/\\\/relaisgourmet.com\\\/es\\\/producto\\\/esparcidor-de-foie-gras\\\/#primaryimage\"},\"image\":{\"@id\":\"https:\\\/\\\/relaisgourmet.com\\\/es\\\/producto\\\/esparcidor-de-foie-gras\\\/#primaryimage\"},\"thumbnailUrl\":\"https:\\\/\\\/relaisgourmet.com\\\/wp-content\\\/uploads\\\/2016\\\/12\\\/Tartineur.png\",\"datePublished\":\"2016-12-13T19:24:44+00:00\",\"dateModified\":\"2025-12-01T00:17:59+00:00\",\"description\":\"Esparcidor de foie gras: ideal para servir con precisi\u00f3n y mantener la textura suave sobre tus tostadas.\",\"breadcrumb\":{\"@id\":\"https:\\\/\\\/relaisgourmet.com\\\/es\\\/producto\\\/esparcidor-de-foie-gras\\\/#breadcrumb\"},\"inLanguage\":\"es\",\"potentialAction\":[{\"@type\":\"ReadAction\",\"target\":[\"https:\\\/\\\/relaisgourmet.com\\\/es\\\/producto\\\/esparcidor-de-foie-gras\\\/\"]}]},{\"@type\":\"ImageObject\",\"inLanguage\":\"es\",\"@id\":\"https:\\\/\\\/relaisgourmet.com\\\/es\\\/producto\\\/esparcidor-de-foie-gras\\\/#primaryimage\",\"url\":\"https:\\\/\\\/relaisgourmet.com\\\/wp-content\\\/uploads\\\/2016\\\/12\\\/Tartineur.png\",\"contentUrl\":\"https:\\\/\\\/relaisgourmet.com\\\/wp-content\\\/uploads\\\/2016\\\/12\\\/Tartineur.png\",\"width\":1000,\"height\":1000},{\"@type\":\"BreadcrumbList\",\"@id\":\"https:\\\/\\\/relaisgourmet.com\\\/es\\\/producto\\\/esparcidor-de-foie-gras\\\/#breadcrumb\",\"itemListElement\":[{\"@type\":\"ListItem\",\"position\":1,\"name\":\"Inicio\",\"item\":\"https:\\\/\\\/relaisgourmet.com\\\/es\\\/\"},{\"@type\":\"ListItem\",\"position\":2,\"name\":\"Aut\u00e9ntico foie gras\",\"item\":\"https:\\\/\\\/relaisgourmet.com\\\/es\\\/autentico-foie-gras\\\/\"},{\"@type\":\"ListItem\",\"position\":3,\"name\":\"Esparcidor de foie gras\"}]},{\"@type\":\"WebSite\",\"@id\":\"https:\\\/\\\/relaisgourmet.com\\\/es\\\/#website\",\"url\":\"https:\\\/\\\/relaisgourmet.com\\\/es\\\/\",\"name\":\"Relais Gourmet\",\"description\":\"Maison Gastronomique au Pays-Basque Depuis 2004\",\"publisher\":{\"@id\":\"https:\\\/\\\/relaisgourmet.com\\\/es\\\/#organization\"},\"potentialAction\":[{\"@type\":\"SearchAction\",\"target\":{\"@type\":\"EntryPoint\",\"urlTemplate\":\"https:\\\/\\\/relaisgourmet.com\\\/es\\\/?s={search_term_string}\"},\"query-input\":{\"@type\":\"PropertyValueSpecification\",\"valueRequired\":true,\"valueName\":\"search_term_string\"}}],\"inLanguage\":\"es\"},{\"@type\":\"Organization\",\"@id\":\"https:\\\/\\\/relaisgourmet.com\\\/es\\\/#organization\",\"name\":\"Relais Gourmet\",\"url\":\"https:\\\/\\\/relaisgourmet.com\\\/es\\\/\",\"logo\":{\"@type\":\"ImageObject\",\"inLanguage\":\"es\",\"@id\":\"https:\\\/\\\/relaisgourmet.com\\\/es\\\/#\\\/schema\\\/logo\\\/image\\\/\",\"url\":\"https:\\\/\\\/relaisgourmet.com\\\/wp-content\\\/uploads\\\/2024\\\/11\\\/Diseno-sin-titulo-8.jpg\",\"contentUrl\":\"https:\\\/\\\/relaisgourmet.com\\\/wp-content\\\/uploads\\\/2024\\\/11\\\/Diseno-sin-titulo-8.jpg\",\"width\":500,\"height\":500,\"caption\":\"Relais Gourmet\"},\"image\":{\"@id\":\"https:\\\/\\\/relaisgourmet.com\\\/es\\\/#\\\/schema\\\/logo\\\/image\\\/\"},\"sameAs\":[\"https:\\\/\\\/facebook.com\\\/yoast\",\"https:\\\/\\\/instagram.com\\\/yoast\"]}]}<\/script>\n<!-- \/ Yoast SEO Premium plugin. -->","yoast_head_json":{"title":"Esparcidor de Foie Gras - Ideal para untar","description":"Esparcidor de foie gras: ideal para servir con precisi\u00f3n y mantener la textura suave sobre tus tostadas.","robots":{"index":"index","follow":"follow","max-snippet":"max-snippet:-1","max-image-preview":"max-image-preview:large","max-video-preview":"max-video-preview:-1"},"canonical":"https:\/\/relaisgourmet.com\/es\/producto\/esparcidor-de-foie-gras\/","og_locale":"es_ES","og_type":"article","og_title":"Esparcidor de foie gras","og_description":"Esparcidor de foie gras: ideal para servir con precisi\u00f3n y mantener la textura suave sobre tus tostadas.","og_url":"https:\/\/relaisgourmet.com\/es\/producto\/esparcidor-de-foie-gras\/","og_site_name":"Relais Gourmet","article_publisher":"https:\/\/facebook.com\/yoast","article_modified_time":"2025-12-01T00:17:59+00:00","og_image":[{"width":800,"height":800,"url":"https:\/\/relaisgourmet.com\/wp-content\/uploads\/2024\/09\/tartineur-inox-manche-en-plastique-coloris-marron-2-e1695811054621-1.jpg","type":"image\/jpeg"}],"twitter_card":"summary_large_image","twitter_misc":{"Tiempo de lectura":"1 minuto"},"schema":{"@context":"https:\/\/schema.org","@graph":[{"@type":"WebPage","@id":"https:\/\/relaisgourmet.com\/es\/producto\/esparcidor-de-foie-gras\/","url":"https:\/\/relaisgourmet.com\/es\/producto\/esparcidor-de-foie-gras\/","name":"Esparcidor de Foie Gras - Ideal para untar","isPartOf":{"@id":"https:\/\/relaisgourmet.com\/es\/#website"},"primaryImageOfPage":{"@id":"https:\/\/relaisgourmet.com\/es\/producto\/esparcidor-de-foie-gras\/#primaryimage"},"image":{"@id":"https:\/\/relaisgourmet.com\/es\/producto\/esparcidor-de-foie-gras\/#primaryimage"},"thumbnailUrl":"https:\/\/relaisgourmet.com\/wp-content\/uploads\/2016\/12\/Tartineur.png","datePublished":"2016-12-13T19:24:44+00:00","dateModified":"2025-12-01T00:17:59+00:00","description":"Esparcidor de foie gras: ideal para servir con precisi\u00f3n y mantener la textura suave sobre tus tostadas.","breadcrumb":{"@id":"https:\/\/relaisgourmet.com\/es\/producto\/esparcidor-de-foie-gras\/#breadcrumb"},"inLanguage":"es","potentialAction":[{"@type":"ReadAction","target":["https:\/\/relaisgourmet.com\/es\/producto\/esparcidor-de-foie-gras\/"]}]},{"@type":"ImageObject","inLanguage":"es","@id":"https:\/\/relaisgourmet.com\/es\/producto\/esparcidor-de-foie-gras\/#primaryimage","url":"https:\/\/relaisgourmet.com\/wp-content\/uploads\/2016\/12\/Tartineur.png","contentUrl":"https:\/\/relaisgourmet.com\/wp-content\/uploads\/2016\/12\/Tartineur.png","width":1000,"height":1000},{"@type":"BreadcrumbList","@id":"https:\/\/relaisgourmet.com\/es\/producto\/esparcidor-de-foie-gras\/#breadcrumb","itemListElement":[{"@type":"ListItem","position":1,"name":"Inicio","item":"https:\/\/relaisgourmet.com\/es\/"},{"@type":"ListItem","position":2,"name":"Aut\u00e9ntico foie gras","item":"https:\/\/relaisgourmet.com\/es\/autentico-foie-gras\/"},{"@type":"ListItem","position":3,"name":"Esparcidor de foie gras"}]},{"@type":"WebSite","@id":"https:\/\/relaisgourmet.com\/es\/#website","url":"https:\/\/relaisgourmet.com\/es\/","name":"Relais Gourmet","description":"Maison Gastronomique au Pays-Basque Depuis 2004","publisher":{"@id":"https:\/\/relaisgourmet.com\/es\/#organization"},"potentialAction":[{"@type":"SearchAction","target":{"@type":"EntryPoint","urlTemplate":"https:\/\/relaisgourmet.com\/es\/?s={search_term_string}"},"query-input":{"@type":"PropertyValueSpecification","valueRequired":true,"valueName":"search_term_string"}}],"inLanguage":"es"},{"@type":"Organization","@id":"https:\/\/relaisgourmet.com\/es\/#organization","name":"Relais Gourmet","url":"https:\/\/relaisgourmet.com\/es\/","logo":{"@type":"ImageObject","inLanguage":"es","@id":"https:\/\/relaisgourmet.com\/es\/#\/schema\/logo\/image\/","url":"https:\/\/relaisgourmet.com\/wp-content\/uploads\/2024\/11\/Diseno-sin-titulo-8.jpg","contentUrl":"https:\/\/relaisgourmet.com\/wp-content\/uploads\/2024\/11\/Diseno-sin-titulo-8.jpg","width":500,"height":500,"caption":"Relais Gourmet"},"image":{"@id":"https:\/\/relaisgourmet.com\/es\/#\/schema\/logo\/image\/"},"sameAs":["https:\/\/facebook.com\/yoast","https:\/\/instagram.com\/yoast"]}]}},"_links":{"self":[{"href":"https:\/\/relaisgourmet.com\/es\/wp-json\/wp\/v2\/product\/41492","targetHints":{"allow":["GET"]}}],"collection":[{"href":"https:\/\/relaisgourmet.com\/es\/wp-json\/wp\/v2\/product"}],"about":[{"href":"https:\/\/relaisgourmet.com\/es\/wp-json\/wp\/v2\/types\/product"}],"replies":[{"embeddable":true,"href":"https:\/\/relaisgourmet.com\/es\/wp-json\/wp\/v2\/comments?post=41492"}],"version-history":[{"count":0,"href":"https:\/\/relaisgourmet.com\/es\/wp-json\/wp\/v2\/product\/41492\/revisions"}],"wp:featuredmedia":[{"embeddable":true,"href":"https:\/\/relaisgourmet.com\/es\/wp-json\/wp\/v2\/media\/57547"}],"wp:attachment":[{"href":"https:\/\/relaisgourmet.com\/es\/wp-json\/wp\/v2\/media?parent=41492"}],"wp:term":[{"taxonomy":"product_brand","embeddable":true,"href":"https:\/\/relaisgourmet.com\/es\/wp-json\/wp\/v2\/product_brand?post=41492"},{"taxonomy":"product_cat","embeddable":true,"href":"https:\/\/relaisgourmet.com\/es\/wp-json\/wp\/v2\/product_cat?post=41492"},{"taxonomy":"product_tag","embeddable":true,"href":"https:\/\/relaisgourmet.com\/es\/wp-json\/wp\/v2\/product_tag?post=41492"},{"taxonomy":"giftcard-category","embeddable":true,"href":"https:\/\/relaisgourmet.com\/es\/wp-json\/wp\/v2\/giftcard-category?post=41492"}],"curies":[{"name":"wp","href":"https:\/\/api.w.org\/{rel}","templated":true}]}}