{"id":41488,"date":"2019-10-01T13:21:06","date_gmt":"2019-10-01T11:21:06","guid":{"rendered":"https:\/\/relaisgourmet.com\/produit\/foie-gras-al-oporto\/"},"modified":"2025-04-12T23:09:03","modified_gmt":"2025-04-12T21:09:03","slug":"foie-gras-al-oporto","status":"publish","type":"product","link":"https:\/\/relaisgourmet.com\/es\/producto\/foie-gras-al-oporto\/","title":{"rendered":"Foie Gras entero al Porto"},"content":{"rendered":"<p><span style=\"font-weight: 400;\">Descubre nuestro <strong>Foie Gras al Porto<\/strong>, una fusi\u00f3n de tradici\u00f3n y sofisticaci\u00f3n. Procedente de granjas francesas cuidadosamente seleccionadas, combina la rica textura del pato con la dulzura del Porto, creando una refinada experiencia culinaria. Cada bocado es un equilibrio perfecto de dulzor e intensidad. El Porto, enriquecido con la adici\u00f3n de brandy, aporta un <strong>sabor dulce<\/strong> y un <strong>cuerpo robusto<\/strong> que son el complemento ideal para este plato.<\/span><\/p>\n<p><b>Garantizado sin conservantes, aditivos ni colorantes.<\/b><\/p>\n<p><b>Ingredientes: <\/b><span style=\"font-weight: 400;\">Foie gras de pato entero, Porto rojo (2%), sal, pimienta y az\u00facar.<\/span><\/p>\n<p><b>Tiempo de conservaci\u00f3n:<\/b><span style=\"font-weight: 400;\"> 3 a\u00f1os a temperatura ambiente. <\/span><span style=\"font-weight: 400;\">Una vez abierto, cons\u00famelo antes de 15 d\u00edas y cons\u00e9rvalo refrigerado.<\/span><\/p>\n<p><span style=\"font-weight: 400;\">Encuentra todos nuestros consejos y trucos para preparar este Foie Gras Entero en la secci\u00f3n <a href=\"\/?page_id=33969\">Blog<\/a> y en nuestra p\u00e1gina de <a href=\"https:\/\/www.instagram.com\/relaisgourmetofficiel\/\">Instagram<\/a>.<\/span><\/p>\n","protected":false},"excerpt":{"rendered":"<p>La combinaci\u00f3n del Foie Gras con la dulzura del Porto, un vino portugu\u00e9s de rico sabor, hace de \u00e9sta una especialidad excepcional.<\/p>\n<p>\ud83c\uddeb\ud83c\uddf7 Producci\u00f3n 100% francesa garantizada<br \/>\n\u2714 Garantizado sin conservantes, aditivos ni colorantes.<br \/>\n\ud83c\udf43 Patos alimentados con ma\u00edz amarillo<br \/>\n\ud83d\ude9a Entrega r\u00e1pida en todo el mundo<br \/>\n\ud83d\udd53 Se conserva 3 a\u00f1os<br \/>\n\ud83d\udd10 Pago seguro<\/p>\n","protected":false},"featured_media":57824,"comment_status":"closed","ping_status":"closed","template":"","meta":[],"product_brand":[],"product_cat":[1304,1316,1293],"product_tag":[1846,1264,1847,1268,1244,1252,1878,2180,1998],"giftcard-category":[],"class_list":{"0":"post-41488","1":"product","2":"type-product","3":"status-publish","4":"has-post-thumbnail","6":"product_cat-foie-gras-clasicos","7":"product_cat-foie-gras-perfumados","8":"product_cat-nuestros-foies-gras","9":"product_tag-2-personas-es-2","10":"product_tag-200g-es","11":"product_tag-4-5-personas-es","12":"product_tag-400g-es","13":"product_tag-8-10-personas","14":"product_tag-80g-es","15":"product_tag-foie-gras-es","16":"product_tag-porto-es","17":"product_tag-tipoclasico-es","18":"product_shipping_class-standard-es","20":"first","21":"instock","22":"taxable","23":"shipping-taxable","24":"purchasable","25":"product-type-variable"},"yoast_head":"<!-- This site is optimized with the Yoast SEO Premium plugin v27.0 (Yoast SEO v27.0) - https:\/\/yoast.com\/product\/yoast-seo-premium-wordpress\/ -->\n<title>Foie Gras al Porto - Sabor intenso y dulce<\/title>\n<meta name=\"description\" content=\"Foie Gras entero al Porto: sabor intenso y sofisticado, ideal para acompa\u00f1ar con pan tostado o frutas.\" \/>\n<meta name=\"robots\" content=\"index, follow, max-snippet:-1, max-image-preview:large, max-video-preview:-1\" \/>\n<link rel=\"canonical\" href=\"https:\/\/relaisgourmet.com\/es\/producto\/foie-gras-al-oporto\/\" \/>\n<meta property=\"og:locale\" content=\"es_ES\" \/>\n<meta property=\"og:type\" content=\"article\" \/>\n<meta property=\"og:title\" content=\"Foie Gras entero al Porto\" \/>\n<meta property=\"og:description\" content=\"Foie Gras entero al Porto: sabor intenso y sofisticado, ideal para acompa\u00f1ar con pan tostado o frutas.\" \/>\n<meta property=\"og:url\" content=\"https:\/\/relaisgourmet.com\/es\/producto\/foie-gras-al-oporto\/\" \/>\n<meta property=\"og:site_name\" content=\"Relais Gourmet\" \/>\n<meta property=\"article:publisher\" content=\"https:\/\/facebook.com\/yoast\" \/>\n<meta property=\"article:modified_time\" content=\"2025-04-12T21:09:03+00:00\" \/>\n<meta property=\"og:image\" content=\"https:\/\/relaisgourmet.com\/wp-content\/uploads\/2024\/09\/Capture-decran-2024-04-18-112853-1.png\" \/>\n\t<meta property=\"og:image:width\" content=\"591\" \/>\n\t<meta property=\"og:image:height\" content=\"590\" \/>\n\t<meta property=\"og:image:type\" content=\"image\/png\" \/>\n<meta name=\"twitter:card\" content=\"summary_large_image\" \/>\n<meta name=\"twitter:label1\" content=\"Tiempo de lectura\" \/>\n\t<meta name=\"twitter:data1\" content=\"1 minuto\" \/>\n<script type=\"application\/ld+json\" class=\"yoast-schema-graph\">{\"@context\":\"https:\/\/schema.org\",\"@graph\":[{\"@type\":\"WebPage\",\"@id\":\"https:\/\/relaisgourmet.com\/es\/producto\/foie-gras-al-oporto\/\",\"url\":\"https:\/\/relaisgourmet.com\/es\/producto\/foie-gras-al-oporto\/\",\"name\":\"Foie Gras al Porto - Sabor intenso y dulce\",\"isPartOf\":{\"@id\":\"https:\/\/relaisgourmet.com\/es\/#website\"},\"primaryImageOfPage\":{\"@id\":\"https:\/\/relaisgourmet.com\/es\/producto\/foie-gras-al-oporto\/#primaryimage\"},\"image\":{\"@id\":\"https:\/\/relaisgourmet.com\/es\/producto\/foie-gras-al-oporto\/#primaryimage\"},\"thumbnailUrl\":\"https:\/\/relaisgourmet.com\/wp-content\/uploads\/2019\/10\/Porto-min.png\",\"datePublished\":\"2019-10-01T11:21:06+00:00\",\"dateModified\":\"2025-04-12T21:09:03+00:00\",\"description\":\"Foie Gras entero al Porto: sabor intenso y sofisticado, ideal para acompa\u00f1ar con pan tostado o frutas.\",\"breadcrumb\":{\"@id\":\"https:\/\/relaisgourmet.com\/es\/producto\/foie-gras-al-oporto\/#breadcrumb\"},\"inLanguage\":\"es\",\"potentialAction\":[{\"@type\":\"ReadAction\",\"target\":[\"https:\/\/relaisgourmet.com\/es\/producto\/foie-gras-al-oporto\/\"]}]},{\"@type\":\"ImageObject\",\"inLanguage\":\"es\",\"@id\":\"https:\/\/relaisgourmet.com\/es\/producto\/foie-gras-al-oporto\/#primaryimage\",\"url\":\"https:\/\/relaisgourmet.com\/wp-content\/uploads\/2019\/10\/Porto-min.png\",\"contentUrl\":\"https:\/\/relaisgourmet.com\/wp-content\/uploads\/2019\/10\/Porto-min.png\",\"width\":1000,\"height\":1000},{\"@type\":\"BreadcrumbList\",\"@id\":\"https:\/\/relaisgourmet.com\/es\/producto\/foie-gras-al-oporto\/#breadcrumb\",\"itemListElement\":[{\"@type\":\"ListItem\",\"position\":1,\"name\":\"Inicio\",\"item\":\"https:\/\/relaisgourmet.com\/es\/\"},{\"@type\":\"ListItem\",\"position\":2,\"name\":\"Aut\u00e9ntico foie gras\",\"item\":\"https:\/\/relaisgourmet.com\/es\/autentico-foie-gras\/\"},{\"@type\":\"ListItem\",\"position\":3,\"name\":\"Foie Gras entero al Porto\"}]},{\"@type\":\"WebSite\",\"@id\":\"https:\/\/relaisgourmet.com\/es\/#website\",\"url\":\"https:\/\/relaisgourmet.com\/es\/\",\"name\":\"Relais Gourmet\",\"description\":\"Maison Gastronomique au Pays-Basque Depuis 2004\",\"publisher\":{\"@id\":\"https:\/\/relaisgourmet.com\/es\/#organization\"},\"potentialAction\":[{\"@type\":\"SearchAction\",\"target\":{\"@type\":\"EntryPoint\",\"urlTemplate\":\"https:\/\/relaisgourmet.com\/es\/?s={search_term_string}\"},\"query-input\":{\"@type\":\"PropertyValueSpecification\",\"valueRequired\":true,\"valueName\":\"search_term_string\"}}],\"inLanguage\":\"es\"},{\"@type\":\"Organization\",\"@id\":\"https:\/\/relaisgourmet.com\/es\/#organization\",\"name\":\"Relais Gourmet\",\"url\":\"https:\/\/relaisgourmet.com\/es\/\",\"logo\":{\"@type\":\"ImageObject\",\"inLanguage\":\"es\",\"@id\":\"https:\/\/relaisgourmet.com\/es\/#\/schema\/logo\/image\/\",\"url\":\"https:\/\/relaisgourmet.com\/wp-content\/uploads\/2024\/11\/Diseno-sin-titulo-8.jpg\",\"contentUrl\":\"https:\/\/relaisgourmet.com\/wp-content\/uploads\/2024\/11\/Diseno-sin-titulo-8.jpg\",\"width\":500,\"height\":500,\"caption\":\"Relais Gourmet\"},\"image\":{\"@id\":\"https:\/\/relaisgourmet.com\/es\/#\/schema\/logo\/image\/\"},\"sameAs\":[\"https:\/\/facebook.com\/yoast\",\"https:\/\/instagram.com\/yoast\"]}]}<\/script>\n<!-- \/ Yoast SEO Premium plugin. -->","yoast_head_json":{"title":"Foie Gras al Porto - Sabor intenso y dulce","description":"Foie Gras entero al Porto: sabor intenso y sofisticado, ideal para acompa\u00f1ar con pan tostado o frutas.","robots":{"index":"index","follow":"follow","max-snippet":"max-snippet:-1","max-image-preview":"max-image-preview:large","max-video-preview":"max-video-preview:-1"},"canonical":"https:\/\/relaisgourmet.com\/es\/producto\/foie-gras-al-oporto\/","og_locale":"es_ES","og_type":"article","og_title":"Foie Gras entero al Porto","og_description":"Foie Gras entero al Porto: sabor intenso y sofisticado, ideal para acompa\u00f1ar con pan tostado o frutas.","og_url":"https:\/\/relaisgourmet.com\/es\/producto\/foie-gras-al-oporto\/","og_site_name":"Relais Gourmet","article_publisher":"https:\/\/facebook.com\/yoast","article_modified_time":"2025-04-12T21:09:03+00:00","og_image":[{"width":591,"height":590,"url":"https:\/\/relaisgourmet.com\/wp-content\/uploads\/2024\/09\/Capture-decran-2024-04-18-112853-1.png","type":"image\/png"}],"twitter_card":"summary_large_image","twitter_misc":{"Tiempo de lectura":"1 minuto"},"schema":{"@context":"https:\/\/schema.org","@graph":[{"@type":"WebPage","@id":"https:\/\/relaisgourmet.com\/es\/producto\/foie-gras-al-oporto\/","url":"https:\/\/relaisgourmet.com\/es\/producto\/foie-gras-al-oporto\/","name":"Foie Gras al Porto - Sabor intenso y dulce","isPartOf":{"@id":"https:\/\/relaisgourmet.com\/es\/#website"},"primaryImageOfPage":{"@id":"https:\/\/relaisgourmet.com\/es\/producto\/foie-gras-al-oporto\/#primaryimage"},"image":{"@id":"https:\/\/relaisgourmet.com\/es\/producto\/foie-gras-al-oporto\/#primaryimage"},"thumbnailUrl":"https:\/\/relaisgourmet.com\/wp-content\/uploads\/2019\/10\/Porto-min.png","datePublished":"2019-10-01T11:21:06+00:00","dateModified":"2025-04-12T21:09:03+00:00","description":"Foie Gras entero al Porto: sabor intenso y sofisticado, ideal para acompa\u00f1ar con pan tostado o frutas.","breadcrumb":{"@id":"https:\/\/relaisgourmet.com\/es\/producto\/foie-gras-al-oporto\/#breadcrumb"},"inLanguage":"es","potentialAction":[{"@type":"ReadAction","target":["https:\/\/relaisgourmet.com\/es\/producto\/foie-gras-al-oporto\/"]}]},{"@type":"ImageObject","inLanguage":"es","@id":"https:\/\/relaisgourmet.com\/es\/producto\/foie-gras-al-oporto\/#primaryimage","url":"https:\/\/relaisgourmet.com\/wp-content\/uploads\/2019\/10\/Porto-min.png","contentUrl":"https:\/\/relaisgourmet.com\/wp-content\/uploads\/2019\/10\/Porto-min.png","width":1000,"height":1000},{"@type":"BreadcrumbList","@id":"https:\/\/relaisgourmet.com\/es\/producto\/foie-gras-al-oporto\/#breadcrumb","itemListElement":[{"@type":"ListItem","position":1,"name":"Inicio","item":"https:\/\/relaisgourmet.com\/es\/"},{"@type":"ListItem","position":2,"name":"Aut\u00e9ntico foie gras","item":"https:\/\/relaisgourmet.com\/es\/autentico-foie-gras\/"},{"@type":"ListItem","position":3,"name":"Foie Gras entero al Porto"}]},{"@type":"WebSite","@id":"https:\/\/relaisgourmet.com\/es\/#website","url":"https:\/\/relaisgourmet.com\/es\/","name":"Relais Gourmet","description":"Maison Gastronomique au Pays-Basque Depuis 2004","publisher":{"@id":"https:\/\/relaisgourmet.com\/es\/#organization"},"potentialAction":[{"@type":"SearchAction","target":{"@type":"EntryPoint","urlTemplate":"https:\/\/relaisgourmet.com\/es\/?s={search_term_string}"},"query-input":{"@type":"PropertyValueSpecification","valueRequired":true,"valueName":"search_term_string"}}],"inLanguage":"es"},{"@type":"Organization","@id":"https:\/\/relaisgourmet.com\/es\/#organization","name":"Relais Gourmet","url":"https:\/\/relaisgourmet.com\/es\/","logo":{"@type":"ImageObject","inLanguage":"es","@id":"https:\/\/relaisgourmet.com\/es\/#\/schema\/logo\/image\/","url":"https:\/\/relaisgourmet.com\/wp-content\/uploads\/2024\/11\/Diseno-sin-titulo-8.jpg","contentUrl":"https:\/\/relaisgourmet.com\/wp-content\/uploads\/2024\/11\/Diseno-sin-titulo-8.jpg","width":500,"height":500,"caption":"Relais Gourmet"},"image":{"@id":"https:\/\/relaisgourmet.com\/es\/#\/schema\/logo\/image\/"},"sameAs":["https:\/\/facebook.com\/yoast","https:\/\/instagram.com\/yoast"]}]}},"_links":{"self":[{"href":"https:\/\/relaisgourmet.com\/es\/wp-json\/wp\/v2\/product\/41488","targetHints":{"allow":["GET"]}}],"collection":[{"href":"https:\/\/relaisgourmet.com\/es\/wp-json\/wp\/v2\/product"}],"about":[{"href":"https:\/\/relaisgourmet.com\/es\/wp-json\/wp\/v2\/types\/product"}],"replies":[{"embeddable":true,"href":"https:\/\/relaisgourmet.com\/es\/wp-json\/wp\/v2\/comments?post=41488"}],"version-history":[{"count":1,"href":"https:\/\/relaisgourmet.com\/es\/wp-json\/wp\/v2\/product\/41488\/revisions"}],"predecessor-version":[{"id":54807,"href":"https:\/\/relaisgourmet.com\/es\/wp-json\/wp\/v2\/product\/41488\/revisions\/54807"}],"wp:featuredmedia":[{"embeddable":true,"href":"https:\/\/relaisgourmet.com\/es\/wp-json\/wp\/v2\/media\/57824"}],"wp:attachment":[{"href":"https:\/\/relaisgourmet.com\/es\/wp-json\/wp\/v2\/media?parent=41488"}],"wp:term":[{"taxonomy":"product_brand","embeddable":true,"href":"https:\/\/relaisgourmet.com\/es\/wp-json\/wp\/v2\/product_brand?post=41488"},{"taxonomy":"product_cat","embeddable":true,"href":"https:\/\/relaisgourmet.com\/es\/wp-json\/wp\/v2\/product_cat?post=41488"},{"taxonomy":"product_tag","embeddable":true,"href":"https:\/\/relaisgourmet.com\/es\/wp-json\/wp\/v2\/product_tag?post=41488"},{"taxonomy":"giftcard-category","embeddable":true,"href":"https:\/\/relaisgourmet.com\/es\/wp-json\/wp\/v2\/giftcard-category?post=41488"}],"curies":[{"name":"wp","href":"https:\/\/api.w.org\/{rel}","templated":true}]}}