{"id":41486,"date":"2019-10-01T13:24:12","date_gmt":"2019-10-01T11:24:12","guid":{"rendered":"https:\/\/relaisgourmet.com\/produit\/foie-gras-al-sauternes\/"},"modified":"2025-04-12T23:09:03","modified_gmt":"2025-04-12T21:09:03","slug":"foie-gras-al-sauternes","status":"publish","type":"product","link":"https:\/\/relaisgourmet.com\/es\/producto\/foie-gras-al-sauternes\/","title":{"rendered":"Foie Gras entero al Sauternes"},"content":{"rendered":"<p data-start=\"125\" data-end=\"381\">Sum\u00e9rgete en una experiencia culinaria \u00fanica con nuestro <strong data-start=\"181\" data-end=\"214\">Foie Gras Entero al Sauternes<\/strong>. Esta delicada combinaci\u00f3n de foie gras de pato y el famoso vino blanco franc\u00e9s de la prestigiosa regi\u00f3n de Burdeos revela una sutil armon\u00eda de sabores.<\/p>\n<p data-start=\"383\" data-end=\"638\">El Sauternes, con su dulzor caracter\u00edstico y sus aromas hechizantes, sublima la suavidad y la elegancia de esta preparaci\u00f3n excepcional. D\u00e9jate seducir por este <strong data-start=\"555\" data-end=\"588\">Foie Gras Entero<\/strong>, ideal para momentos gourmet refinados.<\/p>\n<p><b>Garantizado sin conservantes, colorantes ni aditivos.<\/b><\/p>\n<p><b>Ingredientes <\/b><span style=\"font-weight: 400;\">Foie gras de pato, Sauternes (2%), sal, pimienta y az\u00facar.<\/span><\/p>\n<p><b>Caducidad :<\/b><span style=\"font-weight: 400;\"> 3 a\u00f1os a temperatura ambiente. <\/span><span style=\"font-weight: 400;\">Una vez abierto, consumir en un plazo de 15 d\u00edas y mantener refrigerado.<\/span><\/p>\n<p><span style=\"font-weight: 400;\">Puedes encontrar todos nuestros consejos y sugerencias de preparaci\u00f3n en la secci\u00f3n <a href=\"\/?page_id=33969\">Blog<\/a> y en nuestra p\u00e1gina de <a href=\"https:\/\/www.instagram.com\/relaisgourmetofficiel\/\">Instagram<\/a>.<\/span><\/p>\n","protected":false},"excerpt":{"rendered":"<p><span style=\"vertical-align: inherit;\">Prueba nuestro Foie Gras al Sauternes, una delicia culinaria. Disfruta de la perfecta armon\u00eda entre el Foie Gras y el Sauternes, un vino blanco dulce y arom\u00e1tico de Burdeos.<\/span><\/p>\n<p>\ud83c\uddeb\ud83c\uddf7 Producci\u00f3n 100% francesa garantizada<br \/>\n\u2714 Garantizado sin conservantes, aditivos ni colorantes.<br \/>\n\ud83c\udf43 Patos alimentados con ma\u00edz amarillo<br \/>\n\ud83d\ude9a Entrega r\u00e1pida en todo el mundo<br \/>\n\ud83d\udd53 Se conserva 3 a\u00f1os<br \/>\n\ud83d\udd10 Pago seguro<\/p>\n","protected":false},"featured_media":57814,"comment_status":"closed","ping_status":"closed","template":"","meta":[],"product_brand":[],"product_cat":[1304,1316,1293],"product_tag":[1846,1264,1847,1268,1244,1252,1878,2162,2163,2161,2164,2165,2166],"giftcard-category":[],"class_list":{"0":"post-41486","1":"product","2":"type-product","3":"status-publish","4":"has-post-thumbnail","6":"product_cat-foie-gras-clasicos","7":"product_cat-foie-gras-perfumados","8":"product_cat-nuestros-foies-gras","9":"product_tag-2-personas-es-2","10":"product_tag-200g-es","11":"product_tag-4-5-personas-es","12":"product_tag-400g-es","13":"product_tag-8-10-personas","14":"product_tag-80g-es","15":"product_tag-foie-gras-es","16":"product_tag-foie-gras-de-pato-es","17":"product_tag-foie-gras-de-pato-entero-es","18":"product_tag-foie-gras-entero","19":"product_tag-foie-gras-entero-al-sauternes-es","20":"product_tag-foie-gras-entero-al-sauternes-es-2","21":"product_tag-sauternes-es","22":"product_shipping_class-standard-es","24":"first","25":"instock","26":"taxable","27":"shipping-taxable","28":"purchasable","29":"product-type-variable"},"yoast_head":"<!-- This site is optimized with the Yoast SEO Premium plugin v27.0 (Yoast SEO v27.0) - https:\/\/yoast.com\/product\/yoast-seo-premium-wordpress\/ -->\n<title>Foie Gras al Sauternes - Dulzura y suavidad<\/title>\n<meta name=\"description\" content=\"Foie Gras entero al Sauternes: maridaje dulce y arom\u00e1tico para paladares exigentes.\" \/>\n<meta name=\"robots\" content=\"index, follow, max-snippet:-1, max-image-preview:large, max-video-preview:-1\" \/>\n<link rel=\"canonical\" href=\"https:\/\/relaisgourmet.com\/es\/producto\/foie-gras-al-sauternes\/\" \/>\n<meta property=\"og:locale\" content=\"es_ES\" \/>\n<meta property=\"og:type\" content=\"article\" \/>\n<meta property=\"og:title\" content=\"Foie Gras entero al Sauternes\" \/>\n<meta property=\"og:description\" content=\"Foie Gras entero al Sauternes: maridaje dulce y arom\u00e1tico para paladares exigentes.\" \/>\n<meta property=\"og:url\" content=\"https:\/\/relaisgourmet.com\/es\/producto\/foie-gras-al-sauternes\/\" \/>\n<meta property=\"og:site_name\" content=\"Relais Gourmet\" \/>\n<meta property=\"article:publisher\" content=\"https:\/\/facebook.com\/yoast\" \/>\n<meta property=\"article:modified_time\" content=\"2025-04-12T21:09:03+00:00\" \/>\n<meta property=\"og:image\" content=\"https:\/\/relaisgourmet.com\/wp-content\/uploads\/2024\/09\/Capture-decran-2024-04-18-132034-1.png\" \/>\n\t<meta property=\"og:image:width\" content=\"604\" \/>\n\t<meta property=\"og:image:height\" content=\"630\" \/>\n\t<meta property=\"og:image:type\" content=\"image\/png\" \/>\n<meta name=\"twitter:card\" content=\"summary_large_image\" \/>\n<meta name=\"twitter:label1\" content=\"Tiempo de lectura\" \/>\n\t<meta name=\"twitter:data1\" content=\"1 minuto\" \/>\n<script type=\"application\/ld+json\" class=\"yoast-schema-graph\">{\"@context\":\"https:\/\/schema.org\",\"@graph\":[{\"@type\":\"WebPage\",\"@id\":\"https:\/\/relaisgourmet.com\/es\/producto\/foie-gras-al-sauternes\/\",\"url\":\"https:\/\/relaisgourmet.com\/es\/producto\/foie-gras-al-sauternes\/\",\"name\":\"Foie Gras al Sauternes - Dulzura y suavidad\",\"isPartOf\":{\"@id\":\"https:\/\/relaisgourmet.com\/es\/#website\"},\"primaryImageOfPage\":{\"@id\":\"https:\/\/relaisgourmet.com\/es\/producto\/foie-gras-al-sauternes\/#primaryimage\"},\"image\":{\"@id\":\"https:\/\/relaisgourmet.com\/es\/producto\/foie-gras-al-sauternes\/#primaryimage\"},\"thumbnailUrl\":\"https:\/\/relaisgourmet.com\/wp-content\/uploads\/2019\/10\/Sauternes-min.png\",\"datePublished\":\"2019-10-01T11:24:12+00:00\",\"dateModified\":\"2025-04-12T21:09:03+00:00\",\"description\":\"Foie Gras entero al Sauternes: maridaje dulce y arom\u00e1tico para paladares exigentes.\",\"breadcrumb\":{\"@id\":\"https:\/\/relaisgourmet.com\/es\/producto\/foie-gras-al-sauternes\/#breadcrumb\"},\"inLanguage\":\"es\",\"potentialAction\":[{\"@type\":\"ReadAction\",\"target\":[\"https:\/\/relaisgourmet.com\/es\/producto\/foie-gras-al-sauternes\/\"]}]},{\"@type\":\"ImageObject\",\"inLanguage\":\"es\",\"@id\":\"https:\/\/relaisgourmet.com\/es\/producto\/foie-gras-al-sauternes\/#primaryimage\",\"url\":\"https:\/\/relaisgourmet.com\/wp-content\/uploads\/2019\/10\/Sauternes-min.png\",\"contentUrl\":\"https:\/\/relaisgourmet.com\/wp-content\/uploads\/2019\/10\/Sauternes-min.png\",\"width\":1000,\"height\":1000},{\"@type\":\"BreadcrumbList\",\"@id\":\"https:\/\/relaisgourmet.com\/es\/producto\/foie-gras-al-sauternes\/#breadcrumb\",\"itemListElement\":[{\"@type\":\"ListItem\",\"position\":1,\"name\":\"Inicio\",\"item\":\"https:\/\/relaisgourmet.com\/es\/\"},{\"@type\":\"ListItem\",\"position\":2,\"name\":\"Aut\u00e9ntico foie gras\",\"item\":\"https:\/\/relaisgourmet.com\/es\/autentico-foie-gras\/\"},{\"@type\":\"ListItem\",\"position\":3,\"name\":\"Foie Gras entero al Sauternes\"}]},{\"@type\":\"WebSite\",\"@id\":\"https:\/\/relaisgourmet.com\/es\/#website\",\"url\":\"https:\/\/relaisgourmet.com\/es\/\",\"name\":\"Relais Gourmet\",\"description\":\"Maison Gastronomique au Pays-Basque Depuis 2004\",\"publisher\":{\"@id\":\"https:\/\/relaisgourmet.com\/es\/#organization\"},\"potentialAction\":[{\"@type\":\"SearchAction\",\"target\":{\"@type\":\"EntryPoint\",\"urlTemplate\":\"https:\/\/relaisgourmet.com\/es\/?s={search_term_string}\"},\"query-input\":{\"@type\":\"PropertyValueSpecification\",\"valueRequired\":true,\"valueName\":\"search_term_string\"}}],\"inLanguage\":\"es\"},{\"@type\":\"Organization\",\"@id\":\"https:\/\/relaisgourmet.com\/es\/#organization\",\"name\":\"Relais Gourmet\",\"url\":\"https:\/\/relaisgourmet.com\/es\/\",\"logo\":{\"@type\":\"ImageObject\",\"inLanguage\":\"es\",\"@id\":\"https:\/\/relaisgourmet.com\/es\/#\/schema\/logo\/image\/\",\"url\":\"https:\/\/relaisgourmet.com\/wp-content\/uploads\/2024\/11\/Diseno-sin-titulo-8.jpg\",\"contentUrl\":\"https:\/\/relaisgourmet.com\/wp-content\/uploads\/2024\/11\/Diseno-sin-titulo-8.jpg\",\"width\":500,\"height\":500,\"caption\":\"Relais Gourmet\"},\"image\":{\"@id\":\"https:\/\/relaisgourmet.com\/es\/#\/schema\/logo\/image\/\"},\"sameAs\":[\"https:\/\/facebook.com\/yoast\",\"https:\/\/instagram.com\/yoast\"]}]}<\/script>\n<!-- \/ Yoast SEO Premium plugin. -->","yoast_head_json":{"title":"Foie Gras al Sauternes - Dulzura y suavidad","description":"Foie Gras entero al Sauternes: maridaje dulce y arom\u00e1tico para paladares exigentes.","robots":{"index":"index","follow":"follow","max-snippet":"max-snippet:-1","max-image-preview":"max-image-preview:large","max-video-preview":"max-video-preview:-1"},"canonical":"https:\/\/relaisgourmet.com\/es\/producto\/foie-gras-al-sauternes\/","og_locale":"es_ES","og_type":"article","og_title":"Foie Gras entero al Sauternes","og_description":"Foie Gras entero al Sauternes: maridaje dulce y arom\u00e1tico para paladares exigentes.","og_url":"https:\/\/relaisgourmet.com\/es\/producto\/foie-gras-al-sauternes\/","og_site_name":"Relais Gourmet","article_publisher":"https:\/\/facebook.com\/yoast","article_modified_time":"2025-04-12T21:09:03+00:00","og_image":[{"width":604,"height":630,"url":"https:\/\/relaisgourmet.com\/wp-content\/uploads\/2024\/09\/Capture-decran-2024-04-18-132034-1.png","type":"image\/png"}],"twitter_card":"summary_large_image","twitter_misc":{"Tiempo de lectura":"1 minuto"},"schema":{"@context":"https:\/\/schema.org","@graph":[{"@type":"WebPage","@id":"https:\/\/relaisgourmet.com\/es\/producto\/foie-gras-al-sauternes\/","url":"https:\/\/relaisgourmet.com\/es\/producto\/foie-gras-al-sauternes\/","name":"Foie Gras al Sauternes - Dulzura y suavidad","isPartOf":{"@id":"https:\/\/relaisgourmet.com\/es\/#website"},"primaryImageOfPage":{"@id":"https:\/\/relaisgourmet.com\/es\/producto\/foie-gras-al-sauternes\/#primaryimage"},"image":{"@id":"https:\/\/relaisgourmet.com\/es\/producto\/foie-gras-al-sauternes\/#primaryimage"},"thumbnailUrl":"https:\/\/relaisgourmet.com\/wp-content\/uploads\/2019\/10\/Sauternes-min.png","datePublished":"2019-10-01T11:24:12+00:00","dateModified":"2025-04-12T21:09:03+00:00","description":"Foie Gras entero al Sauternes: maridaje dulce y arom\u00e1tico para paladares exigentes.","breadcrumb":{"@id":"https:\/\/relaisgourmet.com\/es\/producto\/foie-gras-al-sauternes\/#breadcrumb"},"inLanguage":"es","potentialAction":[{"@type":"ReadAction","target":["https:\/\/relaisgourmet.com\/es\/producto\/foie-gras-al-sauternes\/"]}]},{"@type":"ImageObject","inLanguage":"es","@id":"https:\/\/relaisgourmet.com\/es\/producto\/foie-gras-al-sauternes\/#primaryimage","url":"https:\/\/relaisgourmet.com\/wp-content\/uploads\/2019\/10\/Sauternes-min.png","contentUrl":"https:\/\/relaisgourmet.com\/wp-content\/uploads\/2019\/10\/Sauternes-min.png","width":1000,"height":1000},{"@type":"BreadcrumbList","@id":"https:\/\/relaisgourmet.com\/es\/producto\/foie-gras-al-sauternes\/#breadcrumb","itemListElement":[{"@type":"ListItem","position":1,"name":"Inicio","item":"https:\/\/relaisgourmet.com\/es\/"},{"@type":"ListItem","position":2,"name":"Aut\u00e9ntico foie gras","item":"https:\/\/relaisgourmet.com\/es\/autentico-foie-gras\/"},{"@type":"ListItem","position":3,"name":"Foie Gras entero al Sauternes"}]},{"@type":"WebSite","@id":"https:\/\/relaisgourmet.com\/es\/#website","url":"https:\/\/relaisgourmet.com\/es\/","name":"Relais Gourmet","description":"Maison Gastronomique au Pays-Basque Depuis 2004","publisher":{"@id":"https:\/\/relaisgourmet.com\/es\/#organization"},"potentialAction":[{"@type":"SearchAction","target":{"@type":"EntryPoint","urlTemplate":"https:\/\/relaisgourmet.com\/es\/?s={search_term_string}"},"query-input":{"@type":"PropertyValueSpecification","valueRequired":true,"valueName":"search_term_string"}}],"inLanguage":"es"},{"@type":"Organization","@id":"https:\/\/relaisgourmet.com\/es\/#organization","name":"Relais Gourmet","url":"https:\/\/relaisgourmet.com\/es\/","logo":{"@type":"ImageObject","inLanguage":"es","@id":"https:\/\/relaisgourmet.com\/es\/#\/schema\/logo\/image\/","url":"https:\/\/relaisgourmet.com\/wp-content\/uploads\/2024\/11\/Diseno-sin-titulo-8.jpg","contentUrl":"https:\/\/relaisgourmet.com\/wp-content\/uploads\/2024\/11\/Diseno-sin-titulo-8.jpg","width":500,"height":500,"caption":"Relais Gourmet"},"image":{"@id":"https:\/\/relaisgourmet.com\/es\/#\/schema\/logo\/image\/"},"sameAs":["https:\/\/facebook.com\/yoast","https:\/\/instagram.com\/yoast"]}]}},"_links":{"self":[{"href":"https:\/\/relaisgourmet.com\/es\/wp-json\/wp\/v2\/product\/41486","targetHints":{"allow":["GET"]}}],"collection":[{"href":"https:\/\/relaisgourmet.com\/es\/wp-json\/wp\/v2\/product"}],"about":[{"href":"https:\/\/relaisgourmet.com\/es\/wp-json\/wp\/v2\/types\/product"}],"replies":[{"embeddable":true,"href":"https:\/\/relaisgourmet.com\/es\/wp-json\/wp\/v2\/comments?post=41486"}],"version-history":[{"count":1,"href":"https:\/\/relaisgourmet.com\/es\/wp-json\/wp\/v2\/product\/41486\/revisions"}],"predecessor-version":[{"id":54803,"href":"https:\/\/relaisgourmet.com\/es\/wp-json\/wp\/v2\/product\/41486\/revisions\/54803"}],"wp:featuredmedia":[{"embeddable":true,"href":"https:\/\/relaisgourmet.com\/es\/wp-json\/wp\/v2\/media\/57814"}],"wp:attachment":[{"href":"https:\/\/relaisgourmet.com\/es\/wp-json\/wp\/v2\/media?parent=41486"}],"wp:term":[{"taxonomy":"product_brand","embeddable":true,"href":"https:\/\/relaisgourmet.com\/es\/wp-json\/wp\/v2\/product_brand?post=41486"},{"taxonomy":"product_cat","embeddable":true,"href":"https:\/\/relaisgourmet.com\/es\/wp-json\/wp\/v2\/product_cat?post=41486"},{"taxonomy":"product_tag","embeddable":true,"href":"https:\/\/relaisgourmet.com\/es\/wp-json\/wp\/v2\/product_tag?post=41486"},{"taxonomy":"giftcard-category","embeddable":true,"href":"https:\/\/relaisgourmet.com\/es\/wp-json\/wp\/v2\/giftcard-category?post=41486"}],"curies":[{"name":"wp","href":"https:\/\/api.w.org\/{rel}","templated":true}]}}