{"id":41484,"date":"2019-10-01T13:31:33","date_gmt":"2019-10-01T11:31:33","guid":{"rendered":"https:\/\/relaisgourmet.com\/produit\/foie-gras-al-champan-fino\/"},"modified":"2025-04-12T23:09:03","modified_gmt":"2025-04-12T21:09:03","slug":"foie-gras-al-champan-fino","status":"publish","type":"product","link":"https:\/\/relaisgourmet.com\/es\/producto\/foie-gras-al-champan-fino\/","title":{"rendered":"Foie Gras entero al Champ\u00e1n Fino"},"content":{"rendered":"<p>Descubra nuestro <strong>Foie Gras Entero al Fine Champagne<\/strong>, donde la suavidad se une a la elegancia del champagne para una experiencia culinaria inolvidable. Cada bocado es una mezcla perfecta de sabor y sofisticaci\u00f3n, ofreciendo una explosi\u00f3n de sabores que deleitar\u00e1 su paladar.<\/p>\n<p><b>Garantizado sin conservantes, sin colorantes y sin aditivos.<\/b><\/p>\n<p><b>Ingredientes:<\/b><span style=\"font-weight: 400;\"> Foie Gras de Pato, Fine Champagne (2%), Sal, Pimienta y Az\u00facar.<\/span><\/p>\n<p><b>Conservaci\u00f3n:<\/b><span style=\"font-weight: 400;\"> 3 a\u00f1os a temperatura ambiente. Una vez abierto, consumir en 15 d\u00edas y conservar en el refrigerador.<\/span><\/p>\n<p><span style=\"font-weight: 400;\">Encuentre todos nuestros consejos y trucos en la secci\u00f3n <a href=\"https:\/\/relaisgourmet.com\/blog\/?lang=es\">Blog<\/a> de nuestro sitio web y en nuestra p\u00e1gina de <a href=\"https:\/\/www.instagram.com\/relaisgourmetofficiel\/\">Instagram.\u00a0<\/a><\/span><\/p>\n","protected":false},"excerpt":{"rendered":"<p>Esta combinaci\u00f3n ofrece una experiencia culinaria \u00fanica desde el primer bocado.<\/p>\n<p><img decoding=\"async\" class=\"emoji\" role=\"img\" draggable=\"false\" src=\"https:\/\/s.w.org\/images\/core\/emoji\/15.0.3\/svg\/1f1eb-1f1f7.svg\" alt=\"\ud83c\uddeb\ud83c\uddf7\" \/>\u00a0Producci\u00f3n garantizada 100% francesa<br \/>\n\u2714 Garantizado sin conservantes, aditivos ni colorantes.<br \/>\n\ud83c\udf43 Patos alimentados con ma\u00edz amarillo<br \/>\n\ud83d\ude9a Entrega r\u00e1pida en todo el mundo<br \/>\n\ud83d\udd53 Se conserva 3 a\u00f1os<br \/>\n\ud83d\udd10 Pago seguro<\/p>\n","protected":false},"featured_media":57804,"comment_status":"closed","ping_status":"closed","template":"","meta":[],"product_brand":[],"product_cat":[1309,1316,1293],"product_tag":[1846,1264,1847,1252,1878],"giftcard-category":[],"class_list":{"0":"post-41484","1":"product","2":"type-product","3":"status-publish","4":"has-post-thumbnail","6":"product_cat-foie-gras-originales","7":"product_cat-foie-gras-perfumados","8":"product_cat-nuestros-foies-gras","9":"product_tag-2-personas-es-2","10":"product_tag-200g-es","11":"product_tag-4-5-personas-es","12":"product_tag-80g-es","13":"product_tag-foie-gras-es","14":"product_shipping_class-standard-es","16":"first","17":"instock","18":"taxable","19":"shipping-taxable","20":"purchasable","21":"product-type-variable"},"yoast_head":"<!-- This site is optimized with the Yoast SEO Premium plugin v27.0 (Yoast SEO v27.0) - https:\/\/yoast.com\/product\/yoast-seo-premium-wordpress\/ -->\n<title>Foie Gras al Champ\u00e1n Fino - Elegancia gourmet<\/title>\n<meta name=\"description\" content=\"Foie Gras entero con champ\u00e1n fino: elegante, delicado y perfecto para celebraciones gourmet inolvidables.\" \/>\n<meta name=\"robots\" content=\"index, follow, max-snippet:-1, max-image-preview:large, max-video-preview:-1\" \/>\n<link rel=\"canonical\" href=\"https:\/\/relaisgourmet.com\/es\/producto\/foie-gras-al-champan-fino\/\" \/>\n<meta property=\"og:locale\" content=\"es_ES\" \/>\n<meta property=\"og:type\" content=\"article\" \/>\n<meta property=\"og:title\" content=\"Foie Gras entero al Champ\u00e1n Fino\" \/>\n<meta property=\"og:description\" content=\"Foie Gras entero con champ\u00e1n fino: elegante, delicado y perfecto para celebraciones gourmet inolvidables.\" \/>\n<meta property=\"og:url\" content=\"https:\/\/relaisgourmet.com\/es\/producto\/foie-gras-al-champan-fino\/\" \/>\n<meta property=\"og:site_name\" content=\"Relais Gourmet\" \/>\n<meta property=\"article:publisher\" content=\"https:\/\/facebook.com\/yoast\" \/>\n<meta property=\"article:modified_time\" content=\"2025-04-12T21:09:03+00:00\" \/>\n<meta property=\"og:image\" content=\"https:\/\/relaisgourmet.com\/wp-content\/uploads\/2024\/09\/Montage-a-la-fine-champagne-1.jpg\" \/>\n\t<meta property=\"og:image:width\" content=\"1000\" \/>\n\t<meta property=\"og:image:height\" content=\"1000\" \/>\n\t<meta property=\"og:image:type\" content=\"image\/jpeg\" \/>\n<meta name=\"twitter:card\" content=\"summary_large_image\" \/>\n<meta name=\"twitter:label1\" content=\"Tiempo de lectura\" \/>\n\t<meta name=\"twitter:data1\" content=\"1 minuto\" \/>\n<script type=\"application\/ld+json\" class=\"yoast-schema-graph\">{\"@context\":\"https:\/\/schema.org\",\"@graph\":[{\"@type\":\"WebPage\",\"@id\":\"https:\/\/relaisgourmet.com\/es\/producto\/foie-gras-al-champan-fino\/\",\"url\":\"https:\/\/relaisgourmet.com\/es\/producto\/foie-gras-al-champan-fino\/\",\"name\":\"Foie Gras al Champ\u00e1n Fino - Elegancia gourmet\",\"isPartOf\":{\"@id\":\"https:\/\/relaisgourmet.com\/es\/#website\"},\"primaryImageOfPage\":{\"@id\":\"https:\/\/relaisgourmet.com\/es\/producto\/foie-gras-al-champan-fino\/#primaryimage\"},\"image\":{\"@id\":\"https:\/\/relaisgourmet.com\/es\/producto\/foie-gras-al-champan-fino\/#primaryimage\"},\"thumbnailUrl\":\"https:\/\/relaisgourmet.com\/wp-content\/uploads\/2019\/10\/Champagne-min.png\",\"datePublished\":\"2019-10-01T11:31:33+00:00\",\"dateModified\":\"2025-04-12T21:09:03+00:00\",\"description\":\"Foie Gras entero con champ\u00e1n fino: elegante, delicado y perfecto para celebraciones gourmet inolvidables.\",\"breadcrumb\":{\"@id\":\"https:\/\/relaisgourmet.com\/es\/producto\/foie-gras-al-champan-fino\/#breadcrumb\"},\"inLanguage\":\"es\",\"potentialAction\":[{\"@type\":\"ReadAction\",\"target\":[\"https:\/\/relaisgourmet.com\/es\/producto\/foie-gras-al-champan-fino\/\"]}]},{\"@type\":\"ImageObject\",\"inLanguage\":\"es\",\"@id\":\"https:\/\/relaisgourmet.com\/es\/producto\/foie-gras-al-champan-fino\/#primaryimage\",\"url\":\"https:\/\/relaisgourmet.com\/wp-content\/uploads\/2019\/10\/Champagne-min.png\",\"contentUrl\":\"https:\/\/relaisgourmet.com\/wp-content\/uploads\/2019\/10\/Champagne-min.png\",\"width\":1000,\"height\":1000},{\"@type\":\"BreadcrumbList\",\"@id\":\"https:\/\/relaisgourmet.com\/es\/producto\/foie-gras-al-champan-fino\/#breadcrumb\",\"itemListElement\":[{\"@type\":\"ListItem\",\"position\":1,\"name\":\"Inicio\",\"item\":\"https:\/\/relaisgourmet.com\/es\/\"},{\"@type\":\"ListItem\",\"position\":2,\"name\":\"Aut\u00e9ntico foie gras\",\"item\":\"https:\/\/relaisgourmet.com\/es\/autentico-foie-gras\/\"},{\"@type\":\"ListItem\",\"position\":3,\"name\":\"Foie Gras entero al Champ\u00e1n Fino\"}]},{\"@type\":\"WebSite\",\"@id\":\"https:\/\/relaisgourmet.com\/es\/#website\",\"url\":\"https:\/\/relaisgourmet.com\/es\/\",\"name\":\"Relais Gourmet\",\"description\":\"Maison Gastronomique au Pays-Basque Depuis 2004\",\"publisher\":{\"@id\":\"https:\/\/relaisgourmet.com\/es\/#organization\"},\"potentialAction\":[{\"@type\":\"SearchAction\",\"target\":{\"@type\":\"EntryPoint\",\"urlTemplate\":\"https:\/\/relaisgourmet.com\/es\/?s={search_term_string}\"},\"query-input\":{\"@type\":\"PropertyValueSpecification\",\"valueRequired\":true,\"valueName\":\"search_term_string\"}}],\"inLanguage\":\"es\"},{\"@type\":\"Organization\",\"@id\":\"https:\/\/relaisgourmet.com\/es\/#organization\",\"name\":\"Relais Gourmet\",\"url\":\"https:\/\/relaisgourmet.com\/es\/\",\"logo\":{\"@type\":\"ImageObject\",\"inLanguage\":\"es\",\"@id\":\"https:\/\/relaisgourmet.com\/es\/#\/schema\/logo\/image\/\",\"url\":\"https:\/\/relaisgourmet.com\/wp-content\/uploads\/2024\/11\/Diseno-sin-titulo-8.jpg\",\"contentUrl\":\"https:\/\/relaisgourmet.com\/wp-content\/uploads\/2024\/11\/Diseno-sin-titulo-8.jpg\",\"width\":500,\"height\":500,\"caption\":\"Relais Gourmet\"},\"image\":{\"@id\":\"https:\/\/relaisgourmet.com\/es\/#\/schema\/logo\/image\/\"},\"sameAs\":[\"https:\/\/facebook.com\/yoast\",\"https:\/\/instagram.com\/yoast\"]}]}<\/script>\n<!-- \/ Yoast SEO Premium plugin. -->","yoast_head_json":{"title":"Foie Gras al Champ\u00e1n Fino - Elegancia gourmet","description":"Foie Gras entero con champ\u00e1n fino: elegante, delicado y perfecto para celebraciones gourmet inolvidables.","robots":{"index":"index","follow":"follow","max-snippet":"max-snippet:-1","max-image-preview":"max-image-preview:large","max-video-preview":"max-video-preview:-1"},"canonical":"https:\/\/relaisgourmet.com\/es\/producto\/foie-gras-al-champan-fino\/","og_locale":"es_ES","og_type":"article","og_title":"Foie Gras entero al Champ\u00e1n Fino","og_description":"Foie Gras entero con champ\u00e1n fino: elegante, delicado y perfecto para celebraciones gourmet inolvidables.","og_url":"https:\/\/relaisgourmet.com\/es\/producto\/foie-gras-al-champan-fino\/","og_site_name":"Relais Gourmet","article_publisher":"https:\/\/facebook.com\/yoast","article_modified_time":"2025-04-12T21:09:03+00:00","og_image":[{"width":1000,"height":1000,"url":"https:\/\/relaisgourmet.com\/wp-content\/uploads\/2024\/09\/Montage-a-la-fine-champagne-1.jpg","type":"image\/jpeg"}],"twitter_card":"summary_large_image","twitter_misc":{"Tiempo de lectura":"1 minuto"},"schema":{"@context":"https:\/\/schema.org","@graph":[{"@type":"WebPage","@id":"https:\/\/relaisgourmet.com\/es\/producto\/foie-gras-al-champan-fino\/","url":"https:\/\/relaisgourmet.com\/es\/producto\/foie-gras-al-champan-fino\/","name":"Foie Gras al Champ\u00e1n Fino - Elegancia gourmet","isPartOf":{"@id":"https:\/\/relaisgourmet.com\/es\/#website"},"primaryImageOfPage":{"@id":"https:\/\/relaisgourmet.com\/es\/producto\/foie-gras-al-champan-fino\/#primaryimage"},"image":{"@id":"https:\/\/relaisgourmet.com\/es\/producto\/foie-gras-al-champan-fino\/#primaryimage"},"thumbnailUrl":"https:\/\/relaisgourmet.com\/wp-content\/uploads\/2019\/10\/Champagne-min.png","datePublished":"2019-10-01T11:31:33+00:00","dateModified":"2025-04-12T21:09:03+00:00","description":"Foie Gras entero con champ\u00e1n fino: elegante, delicado y perfecto para celebraciones gourmet inolvidables.","breadcrumb":{"@id":"https:\/\/relaisgourmet.com\/es\/producto\/foie-gras-al-champan-fino\/#breadcrumb"},"inLanguage":"es","potentialAction":[{"@type":"ReadAction","target":["https:\/\/relaisgourmet.com\/es\/producto\/foie-gras-al-champan-fino\/"]}]},{"@type":"ImageObject","inLanguage":"es","@id":"https:\/\/relaisgourmet.com\/es\/producto\/foie-gras-al-champan-fino\/#primaryimage","url":"https:\/\/relaisgourmet.com\/wp-content\/uploads\/2019\/10\/Champagne-min.png","contentUrl":"https:\/\/relaisgourmet.com\/wp-content\/uploads\/2019\/10\/Champagne-min.png","width":1000,"height":1000},{"@type":"BreadcrumbList","@id":"https:\/\/relaisgourmet.com\/es\/producto\/foie-gras-al-champan-fino\/#breadcrumb","itemListElement":[{"@type":"ListItem","position":1,"name":"Inicio","item":"https:\/\/relaisgourmet.com\/es\/"},{"@type":"ListItem","position":2,"name":"Aut\u00e9ntico foie gras","item":"https:\/\/relaisgourmet.com\/es\/autentico-foie-gras\/"},{"@type":"ListItem","position":3,"name":"Foie Gras entero al Champ\u00e1n Fino"}]},{"@type":"WebSite","@id":"https:\/\/relaisgourmet.com\/es\/#website","url":"https:\/\/relaisgourmet.com\/es\/","name":"Relais Gourmet","description":"Maison Gastronomique au Pays-Basque Depuis 2004","publisher":{"@id":"https:\/\/relaisgourmet.com\/es\/#organization"},"potentialAction":[{"@type":"SearchAction","target":{"@type":"EntryPoint","urlTemplate":"https:\/\/relaisgourmet.com\/es\/?s={search_term_string}"},"query-input":{"@type":"PropertyValueSpecification","valueRequired":true,"valueName":"search_term_string"}}],"inLanguage":"es"},{"@type":"Organization","@id":"https:\/\/relaisgourmet.com\/es\/#organization","name":"Relais Gourmet","url":"https:\/\/relaisgourmet.com\/es\/","logo":{"@type":"ImageObject","inLanguage":"es","@id":"https:\/\/relaisgourmet.com\/es\/#\/schema\/logo\/image\/","url":"https:\/\/relaisgourmet.com\/wp-content\/uploads\/2024\/11\/Diseno-sin-titulo-8.jpg","contentUrl":"https:\/\/relaisgourmet.com\/wp-content\/uploads\/2024\/11\/Diseno-sin-titulo-8.jpg","width":500,"height":500,"caption":"Relais Gourmet"},"image":{"@id":"https:\/\/relaisgourmet.com\/es\/#\/schema\/logo\/image\/"},"sameAs":["https:\/\/facebook.com\/yoast","https:\/\/instagram.com\/yoast"]}]}},"_links":{"self":[{"href":"https:\/\/relaisgourmet.com\/es\/wp-json\/wp\/v2\/product\/41484","targetHints":{"allow":["GET"]}}],"collection":[{"href":"https:\/\/relaisgourmet.com\/es\/wp-json\/wp\/v2\/product"}],"about":[{"href":"https:\/\/relaisgourmet.com\/es\/wp-json\/wp\/v2\/types\/product"}],"replies":[{"embeddable":true,"href":"https:\/\/relaisgourmet.com\/es\/wp-json\/wp\/v2\/comments?post=41484"}],"version-history":[{"count":0,"href":"https:\/\/relaisgourmet.com\/es\/wp-json\/wp\/v2\/product\/41484\/revisions"}],"wp:featuredmedia":[{"embeddable":true,"href":"https:\/\/relaisgourmet.com\/es\/wp-json\/wp\/v2\/media\/57804"}],"wp:attachment":[{"href":"https:\/\/relaisgourmet.com\/es\/wp-json\/wp\/v2\/media?parent=41484"}],"wp:term":[{"taxonomy":"product_brand","embeddable":true,"href":"https:\/\/relaisgourmet.com\/es\/wp-json\/wp\/v2\/product_brand?post=41484"},{"taxonomy":"product_cat","embeddable":true,"href":"https:\/\/relaisgourmet.com\/es\/wp-json\/wp\/v2\/product_cat?post=41484"},{"taxonomy":"product_tag","embeddable":true,"href":"https:\/\/relaisgourmet.com\/es\/wp-json\/wp\/v2\/product_tag?post=41484"},{"taxonomy":"giftcard-category","embeddable":true,"href":"https:\/\/relaisgourmet.com\/es\/wp-json\/wp\/v2\/giftcard-category?post=41484"}],"curies":[{"name":"wp","href":"https:\/\/api.w.org\/{rel}","templated":true}]}}