{"id":41464,"date":"2020-10-19T07:45:01","date_gmt":"2020-10-19T05:45:01","guid":{"rendered":"https:\/\/relaisgourmet.com\/produit\/surtido-gourmet-tradicional-chourienia\/"},"modified":"2025-04-12T23:08:55","modified_gmt":"2025-04-12T21:08:55","slug":"surtido-gourmet-tradicional-chourienia","status":"publish","type":"product","link":"https:\/\/relaisgourmet.com\/es\/producto\/surtido-gourmet-tradicional-chourienia\/","title":{"rendered":"Cofre Regalo Chourienia"},"content":{"rendered":"<p>&nbsp;<\/p>\n<p><span style=\"font-weight: 400;\">Nuestro cofre gourmet Chourienia es la uni\u00f3n de todos nuestros productos cl\u00e1sicos. Es la combinaci\u00f3n de dulce y salado y sabores tradicionales que permiten redescubrir sabores aut\u00e9nticos. D\u00e9jate tentar por productos ricos en sabores que representan con orgullo el territorio franc\u00e9s.<\/span><\/p>\n<p><b>Garantizado sin conservantes, colorantes ni aditivos.<\/b><\/p>\n<p><b>Composici\u00f3n:<\/b><\/p>\n<ul>\n<li style=\"font-weight: 400;\" aria-level=\"1\"><span style=\"font-weight: 400;\">Foie Gras entero Natural (200g)<\/span><\/li>\n<li style=\"font-weight: 400;\" aria-level=\"1\"><span style=\"font-weight: 400;\">Foie Gras entero con Trufas Negras (200g)<\/span><\/li>\n<li style=\"font-weight: 400;\" aria-level=\"1\"><span style=\"font-weight: 400;\">Foie Gras entero al Pimiento de Espelette (180g)<\/span><\/li>\n<li style=\"font-weight: 400;\" aria-level=\"1\"><span style=\"font-weight: 400;\">Foie Gras con Higos (200g)<\/span><\/li>\n<li style=\"font-weight: 400;\" aria-level=\"1\"><span style=\"font-weight: 400;\">Foie Gras al Armagnac (80g)<\/span><\/li>\n<li style=\"font-weight: 400;\" aria-level=\"1\"><span style=\"font-weight: 400;\">Foie Gras al Oporto (200g)<\/span><\/li>\n<li style=\"font-weight: 400;\" aria-level=\"1\"><span style=\"font-weight: 400;\">1x Aperitivo Gourmet al Juran\u00e7on GRATIS (180g)<\/span><\/li>\n<li style=\"font-weight: 400;\" aria-level=\"1\"><span style=\"font-weight: 400;\">1x Aperitivo Gourmet al Armagnac (180g)<\/span><\/li>\n<\/ul>\n<p><b>Conservaci\u00f3n<\/b><span style=\"font-weight: 400;\">: 3 a\u00f1os a temperatura ambiente. Despu\u00e9s de abrir, consumir dentro de 15 d\u00edas y guardar en el refrigerador.<\/span><\/p>\n<p><span style=\"font-weight: 400;\">Encuentra todos nuestros consejos y trucos de preparaci\u00f3n en la secci\u00f3n Blog.<\/span><\/p>\n","protected":false},"excerpt":{"rendered":"<p>Descubre nuestro Cofre Gourmet Chourienia: 6 Foie Gras Enteros (+2 Aperitivo GRATIS)<\/p>\n<p><img decoding=\"async\" class=\"emoji\" role=\"img\" draggable=\"false\" src=\"https:\/\/s.w.org\/images\/core\/emoji\/15.0.3\/svg\/1f1eb-1f1f7.svg\" alt=\"\ud83c\uddeb\ud83c\uddf7\" \/>\u00a0Producci\u00f3n garantizada 100% francesa<br \/>\n\u2714 Garantizado sin conservantes, aditivos ni colorantes.<br \/>\n\ud83c\udf43 Patos alimentados con ma\u00edz amarillo<br \/>\n\ud83d\ude9a Entrega r\u00e1pida en todo el mundo<br \/>\n\ud83d\udd53 Se conserva 3 a\u00f1os<br \/>\n\ud83d\udd10 Pago seguro<br \/>\nPeso: 1.54kg<\/p>\n","protected":false},"featured_media":58074,"comment_status":"closed","ping_status":"closed","template":"","meta":[],"product_brand":[],"product_cat":[1293,1300],"product_tag":[1228,2469,2468,2467,2470,2471,2472,2473,1224,2474,2476,2481,2475,2478,2479,2480,2483,2482,2477,2485,2484,1998],"giftcard-category":[],"class_list":{"0":"post-41464","1":"product","2":"type-product","3":"status-publish","4":"has-post-thumbnail","6":"product_cat-nuestros-foies-gras","7":"product_cat-surtidos","8":"product_tag-14-personas","9":"product_tag-caja-de-foie-gras","10":"product_tag-caja-de-hojalata","11":"product_tag-caja-de-regalo-es","12":"product_tag-caja-gourmet","13":"product_tag-caja-gourmet-es","14":"product_tag-caja-gourmet-es-2","15":"product_tag-caja-terroir","16":"product_tag-mas-400-g","17":"product_tag-paquete-a-enviar","18":"product_tag-paquete-de-foie-gras","19":"product_tag-paquete-de-navidad","20":"product_tag-paquete-festivo","21":"product_tag-paquete-gourmet","22":"product_tag-paquete-gourmet-es","23":"product_tag-paquete-gourmet-es-2","24":"product_tag-paquetes-regalo-es","25":"product_tag-paquetes-regalo","26":"product_tag-parcela-foiegras","27":"product_tag-productos-suroeste","28":"product_tag-productos-vascos","29":"product_tag-tipoclasico-es","30":"product_shipping_class-standard-es","32":"first","33":"instock","34":"taxable","35":"shipping-taxable","36":"purchasable","37":"product-type-simple"},"yoast_head":"<!-- This site is optimized with the Yoast SEO Premium plugin v27.0 (Yoast SEO v27.3) - https:\/\/yoast.com\/product\/yoast-seo-premium-wordpress\/ -->\n<title>Cofre Chourienia - Surtido tradicional vasco<\/title>\n<meta name=\"description\" content=\"Cofre Regalo Chourienia: una selecci\u00f3n gourmet tradicional con foie gras y productos artesanales del Pa\u00eds Vasco.\" \/>\n<meta name=\"robots\" content=\"index, follow, max-snippet:-1, max-image-preview:large, max-video-preview:-1\" \/>\n<link rel=\"canonical\" href=\"https:\/\/relaisgourmet.com\/es\/producto\/surtido-gourmet-tradicional-chourienia\/\" \/>\n<meta property=\"og:locale\" content=\"es_ES\" \/>\n<meta property=\"og:type\" content=\"article\" \/>\n<meta property=\"og:title\" content=\"Cofre Regalo Chourienia\" \/>\n<meta property=\"og:description\" content=\"Cofre Regalo Chourienia: una selecci\u00f3n gourmet tradicional con foie gras y productos artesanales del Pa\u00eds Vasco.\" \/>\n<meta property=\"og:url\" content=\"https:\/\/relaisgourmet.com\/es\/producto\/surtido-gourmet-tradicional-chourienia\/\" \/>\n<meta property=\"og:site_name\" content=\"Relais Gourmet\" \/>\n<meta property=\"article:publisher\" content=\"https:\/\/facebook.com\/yoast\" \/>\n<meta property=\"article:modified_time\" content=\"2025-04-12T21:08:55+00:00\" \/>\n<meta property=\"og:image\" content=\"https:\/\/relaisgourmet.com\/wp-content\/uploads\/2024\/09\/Coffret-Chourienia-Relais-Gourmet-1-1.jpg\" \/>\n\t<meta property=\"og:image:width\" content=\"815\" \/>\n\t<meta property=\"og:image:height\" content=\"857\" \/>\n\t<meta property=\"og:image:type\" content=\"image\/jpeg\" \/>\n<meta name=\"twitter:card\" content=\"summary_large_image\" \/>\n<meta name=\"twitter:label1\" content=\"Tiempo de lectura\" \/>\n\t<meta name=\"twitter:data1\" content=\"1 minuto\" \/>\n<script type=\"application\/ld+json\" class=\"yoast-schema-graph\">{\"@context\":\"https:\\\/\\\/schema.org\",\"@graph\":[{\"@type\":\"WebPage\",\"@id\":\"https:\\\/\\\/relaisgourmet.com\\\/es\\\/producto\\\/surtido-gourmet-tradicional-chourienia\\\/\",\"url\":\"https:\\\/\\\/relaisgourmet.com\\\/es\\\/producto\\\/surtido-gourmet-tradicional-chourienia\\\/\",\"name\":\"Cofre Chourienia - Surtido tradicional vasco\",\"isPartOf\":{\"@id\":\"https:\\\/\\\/relaisgourmet.com\\\/es\\\/#website\"},\"primaryImageOfPage\":{\"@id\":\"https:\\\/\\\/relaisgourmet.com\\\/es\\\/producto\\\/surtido-gourmet-tradicional-chourienia\\\/#primaryimage\"},\"image\":{\"@id\":\"https:\\\/\\\/relaisgourmet.com\\\/es\\\/producto\\\/surtido-gourmet-tradicional-chourienia\\\/#primaryimage\"},\"thumbnailUrl\":\"https:\\\/\\\/relaisgourmet.com\\\/wp-content\\\/uploads\\\/2020\\\/10\\\/Assortiment-Chourienia-min.png\",\"datePublished\":\"2020-10-19T05:45:01+00:00\",\"dateModified\":\"2025-04-12T21:08:55+00:00\",\"description\":\"Cofre Regalo Chourienia: una selecci\u00f3n gourmet tradicional con foie gras y productos artesanales del Pa\u00eds Vasco.\",\"breadcrumb\":{\"@id\":\"https:\\\/\\\/relaisgourmet.com\\\/es\\\/producto\\\/surtido-gourmet-tradicional-chourienia\\\/#breadcrumb\"},\"inLanguage\":\"es\",\"potentialAction\":[{\"@type\":\"ReadAction\",\"target\":[\"https:\\\/\\\/relaisgourmet.com\\\/es\\\/producto\\\/surtido-gourmet-tradicional-chourienia\\\/\"]}]},{\"@type\":\"ImageObject\",\"inLanguage\":\"es\",\"@id\":\"https:\\\/\\\/relaisgourmet.com\\\/es\\\/producto\\\/surtido-gourmet-tradicional-chourienia\\\/#primaryimage\",\"url\":\"https:\\\/\\\/relaisgourmet.com\\\/wp-content\\\/uploads\\\/2020\\\/10\\\/Assortiment-Chourienia-min.png\",\"contentUrl\":\"https:\\\/\\\/relaisgourmet.com\\\/wp-content\\\/uploads\\\/2020\\\/10\\\/Assortiment-Chourienia-min.png\",\"width\":1000,\"height\":1000},{\"@type\":\"BreadcrumbList\",\"@id\":\"https:\\\/\\\/relaisgourmet.com\\\/es\\\/producto\\\/surtido-gourmet-tradicional-chourienia\\\/#breadcrumb\",\"itemListElement\":[{\"@type\":\"ListItem\",\"position\":1,\"name\":\"Inicio\",\"item\":\"https:\\\/\\\/relaisgourmet.com\\\/es\\\/\"},{\"@type\":\"ListItem\",\"position\":2,\"name\":\"Aut\u00e9ntico foie gras\",\"item\":\"https:\\\/\\\/relaisgourmet.com\\\/es\\\/autentico-foie-gras\\\/\"},{\"@type\":\"ListItem\",\"position\":3,\"name\":\"Cofre Regalo Chourienia\"}]},{\"@type\":\"WebSite\",\"@id\":\"https:\\\/\\\/relaisgourmet.com\\\/es\\\/#website\",\"url\":\"https:\\\/\\\/relaisgourmet.com\\\/es\\\/\",\"name\":\"Relais Gourmet\",\"description\":\"Maison Gastronomique au Pays-Basque Depuis 2004\",\"publisher\":{\"@id\":\"https:\\\/\\\/relaisgourmet.com\\\/es\\\/#organization\"},\"potentialAction\":[{\"@type\":\"SearchAction\",\"target\":{\"@type\":\"EntryPoint\",\"urlTemplate\":\"https:\\\/\\\/relaisgourmet.com\\\/es\\\/?s={search_term_string}\"},\"query-input\":{\"@type\":\"PropertyValueSpecification\",\"valueRequired\":true,\"valueName\":\"search_term_string\"}}],\"inLanguage\":\"es\"},{\"@type\":\"Organization\",\"@id\":\"https:\\\/\\\/relaisgourmet.com\\\/es\\\/#organization\",\"name\":\"Relais Gourmet\",\"url\":\"https:\\\/\\\/relaisgourmet.com\\\/es\\\/\",\"logo\":{\"@type\":\"ImageObject\",\"inLanguage\":\"es\",\"@id\":\"https:\\\/\\\/relaisgourmet.com\\\/es\\\/#\\\/schema\\\/logo\\\/image\\\/\",\"url\":\"https:\\\/\\\/relaisgourmet.com\\\/wp-content\\\/uploads\\\/2024\\\/11\\\/Diseno-sin-titulo-8.jpg\",\"contentUrl\":\"https:\\\/\\\/relaisgourmet.com\\\/wp-content\\\/uploads\\\/2024\\\/11\\\/Diseno-sin-titulo-8.jpg\",\"width\":500,\"height\":500,\"caption\":\"Relais Gourmet\"},\"image\":{\"@id\":\"https:\\\/\\\/relaisgourmet.com\\\/es\\\/#\\\/schema\\\/logo\\\/image\\\/\"},\"sameAs\":[\"https:\\\/\\\/facebook.com\\\/yoast\",\"https:\\\/\\\/instagram.com\\\/yoast\"]}]}<\/script>\n<!-- \/ Yoast SEO Premium plugin. -->","yoast_head_json":{"title":"Cofre Chourienia - Surtido tradicional vasco","description":"Cofre Regalo Chourienia: una selecci\u00f3n gourmet tradicional con foie gras y productos artesanales del Pa\u00eds Vasco.","robots":{"index":"index","follow":"follow","max-snippet":"max-snippet:-1","max-image-preview":"max-image-preview:large","max-video-preview":"max-video-preview:-1"},"canonical":"https:\/\/relaisgourmet.com\/es\/producto\/surtido-gourmet-tradicional-chourienia\/","og_locale":"es_ES","og_type":"article","og_title":"Cofre Regalo Chourienia","og_description":"Cofre Regalo Chourienia: una selecci\u00f3n gourmet tradicional con foie gras y productos artesanales del Pa\u00eds Vasco.","og_url":"https:\/\/relaisgourmet.com\/es\/producto\/surtido-gourmet-tradicional-chourienia\/","og_site_name":"Relais Gourmet","article_publisher":"https:\/\/facebook.com\/yoast","article_modified_time":"2025-04-12T21:08:55+00:00","og_image":[{"width":815,"height":857,"url":"https:\/\/relaisgourmet.com\/wp-content\/uploads\/2024\/09\/Coffret-Chourienia-Relais-Gourmet-1-1.jpg","type":"image\/jpeg"}],"twitter_card":"summary_large_image","twitter_misc":{"Tiempo de lectura":"1 minuto"},"schema":{"@context":"https:\/\/schema.org","@graph":[{"@type":"WebPage","@id":"https:\/\/relaisgourmet.com\/es\/producto\/surtido-gourmet-tradicional-chourienia\/","url":"https:\/\/relaisgourmet.com\/es\/producto\/surtido-gourmet-tradicional-chourienia\/","name":"Cofre Chourienia - Surtido tradicional vasco","isPartOf":{"@id":"https:\/\/relaisgourmet.com\/es\/#website"},"primaryImageOfPage":{"@id":"https:\/\/relaisgourmet.com\/es\/producto\/surtido-gourmet-tradicional-chourienia\/#primaryimage"},"image":{"@id":"https:\/\/relaisgourmet.com\/es\/producto\/surtido-gourmet-tradicional-chourienia\/#primaryimage"},"thumbnailUrl":"https:\/\/relaisgourmet.com\/wp-content\/uploads\/2020\/10\/Assortiment-Chourienia-min.png","datePublished":"2020-10-19T05:45:01+00:00","dateModified":"2025-04-12T21:08:55+00:00","description":"Cofre Regalo Chourienia: una selecci\u00f3n gourmet tradicional con foie gras y productos artesanales del Pa\u00eds Vasco.","breadcrumb":{"@id":"https:\/\/relaisgourmet.com\/es\/producto\/surtido-gourmet-tradicional-chourienia\/#breadcrumb"},"inLanguage":"es","potentialAction":[{"@type":"ReadAction","target":["https:\/\/relaisgourmet.com\/es\/producto\/surtido-gourmet-tradicional-chourienia\/"]}]},{"@type":"ImageObject","inLanguage":"es","@id":"https:\/\/relaisgourmet.com\/es\/producto\/surtido-gourmet-tradicional-chourienia\/#primaryimage","url":"https:\/\/relaisgourmet.com\/wp-content\/uploads\/2020\/10\/Assortiment-Chourienia-min.png","contentUrl":"https:\/\/relaisgourmet.com\/wp-content\/uploads\/2020\/10\/Assortiment-Chourienia-min.png","width":1000,"height":1000},{"@type":"BreadcrumbList","@id":"https:\/\/relaisgourmet.com\/es\/producto\/surtido-gourmet-tradicional-chourienia\/#breadcrumb","itemListElement":[{"@type":"ListItem","position":1,"name":"Inicio","item":"https:\/\/relaisgourmet.com\/es\/"},{"@type":"ListItem","position":2,"name":"Aut\u00e9ntico foie gras","item":"https:\/\/relaisgourmet.com\/es\/autentico-foie-gras\/"},{"@type":"ListItem","position":3,"name":"Cofre Regalo Chourienia"}]},{"@type":"WebSite","@id":"https:\/\/relaisgourmet.com\/es\/#website","url":"https:\/\/relaisgourmet.com\/es\/","name":"Relais Gourmet","description":"Maison Gastronomique au Pays-Basque Depuis 2004","publisher":{"@id":"https:\/\/relaisgourmet.com\/es\/#organization"},"potentialAction":[{"@type":"SearchAction","target":{"@type":"EntryPoint","urlTemplate":"https:\/\/relaisgourmet.com\/es\/?s={search_term_string}"},"query-input":{"@type":"PropertyValueSpecification","valueRequired":true,"valueName":"search_term_string"}}],"inLanguage":"es"},{"@type":"Organization","@id":"https:\/\/relaisgourmet.com\/es\/#organization","name":"Relais Gourmet","url":"https:\/\/relaisgourmet.com\/es\/","logo":{"@type":"ImageObject","inLanguage":"es","@id":"https:\/\/relaisgourmet.com\/es\/#\/schema\/logo\/image\/","url":"https:\/\/relaisgourmet.com\/wp-content\/uploads\/2024\/11\/Diseno-sin-titulo-8.jpg","contentUrl":"https:\/\/relaisgourmet.com\/wp-content\/uploads\/2024\/11\/Diseno-sin-titulo-8.jpg","width":500,"height":500,"caption":"Relais Gourmet"},"image":{"@id":"https:\/\/relaisgourmet.com\/es\/#\/schema\/logo\/image\/"},"sameAs":["https:\/\/facebook.com\/yoast","https:\/\/instagram.com\/yoast"]}]}},"_links":{"self":[{"href":"https:\/\/relaisgourmet.com\/es\/wp-json\/wp\/v2\/product\/41464","targetHints":{"allow":["GET"]}}],"collection":[{"href":"https:\/\/relaisgourmet.com\/es\/wp-json\/wp\/v2\/product"}],"about":[{"href":"https:\/\/relaisgourmet.com\/es\/wp-json\/wp\/v2\/types\/product"}],"replies":[{"embeddable":true,"href":"https:\/\/relaisgourmet.com\/es\/wp-json\/wp\/v2\/comments?post=41464"}],"version-history":[{"count":0,"href":"https:\/\/relaisgourmet.com\/es\/wp-json\/wp\/v2\/product\/41464\/revisions"}],"wp:featuredmedia":[{"embeddable":true,"href":"https:\/\/relaisgourmet.com\/es\/wp-json\/wp\/v2\/media\/58074"}],"wp:attachment":[{"href":"https:\/\/relaisgourmet.com\/es\/wp-json\/wp\/v2\/media?parent=41464"}],"wp:term":[{"taxonomy":"product_brand","embeddable":true,"href":"https:\/\/relaisgourmet.com\/es\/wp-json\/wp\/v2\/product_brand?post=41464"},{"taxonomy":"product_cat","embeddable":true,"href":"https:\/\/relaisgourmet.com\/es\/wp-json\/wp\/v2\/product_cat?post=41464"},{"taxonomy":"product_tag","embeddable":true,"href":"https:\/\/relaisgourmet.com\/es\/wp-json\/wp\/v2\/product_tag?post=41464"},{"taxonomy":"giftcard-category","embeddable":true,"href":"https:\/\/relaisgourmet.com\/es\/wp-json\/wp\/v2\/giftcard-category?post=41464"}],"curies":[{"name":"wp","href":"https:\/\/api.w.org\/{rel}","templated":true}]}}