{"id":41411,"date":"2020-11-18T10:16:51","date_gmt":"2020-11-18T09:16:51","guid":{"rendered":"https:\/\/relaisgourmet.com\/produit\/cesta-gourmet-belcenia\/"},"modified":"2025-04-12T23:08:55","modified_gmt":"2025-04-12T21:08:55","slug":"cesta-gourmet-belcenia","status":"publish","type":"product","link":"https:\/\/relaisgourmet.com\/es\/producto\/cesta-gourmet-belcenia\/","title":{"rendered":"Mendiak box set"},"content":{"rendered":"<div class=\"flex max-w-full flex-col flex-grow\">\n<div class=\"min-h-8 text-message flex w-full flex-col items-end gap-2 whitespace-normal break-words [.text-message+&amp;]:mt-5\" dir=\"auto\" data-message-author-role=\"assistant\" data-message-id=\"12cfd48d-b881-4407-a302-4997e4856817\" data-client-thread-id=\"WEB:1577f017-18e9-4456-b53f-be63183148c5\" data-message-model-slug=\"gpt-4o\">\n<div class=\"flex w-full flex-col gap-1 empty:hidden first:pt-[3px]\">\n<div class=\"markdown prose w-full break-words dark:prose-invert light\">\n<p>El <strong>Estuche Mendiak<\/strong> de<strong> Relais Gourmet<\/strong> te ofrece una aut\u00e9ntica escapada gastron\u00f3mica, en la que cada producto celebra la excelencia de la cocina francesa. Sum\u00e9rgete hoy mismo en esta experiencia \u00fanica y sucumbe a una selecci\u00f3n que deleitar\u00e1 tus papilas gustativas.<\/p>\n<\/div>\n<\/div>\n<\/div>\n<\/div>\n<p>Se garantiza que la caja Mendiak <strong>no contiene conservantes, colorantes ni aditivos.<\/strong><\/p>\n<h4><strong>Composici\u00f3n del conjunto Mendiak :<\/strong><\/h4>\n<ul>\n<li style=\"font-weight: 400;\" aria-level=\"2\"><strong>Foie gras natural entero (200 g)<\/strong><\/li>\n<li><strong>Aperitivo Gourmet con Juran\u00e7on (180 g)  <\/strong><\/li>\n<li style=\"font-weight: 400;\" aria-level=\"2\"><strong>Aperitivo de pimiento de Espelette Gourmet (180 g)<\/strong><\/li>\n<li style=\"font-weight: 400;\" aria-level=\"2\"><strong>Quintaesencia de Foie Gras y Magret Ahumado (180 g)  <\/strong><\/li>\n<li><strong>Botella de vino blanco Monbazillac (750 ml)<\/strong><\/li>\n<\/ul>\n<h4><strong>Conservaci\u00f3n :<\/strong><\/h4>\n<p><span style=\"font-weight: 400;\">3 a\u00f1os a temperatura ambiente, para que puedas disfrutarlo cuando m\u00e1s te convenga. Una vez abierto, recuerda consumirlo antes de 15 d\u00edas y mantenerlo refrigerado para disfrutarlo al m\u00e1ximo.<\/span><\/p>\n<h4><b>Prep\u00e1rate para un momento de indulgencia:<\/b><\/h4>\n<p><span style=\"font-weight: 400;\">Puedes encontrar todos nuestros consejos y sugerencias de preparaci\u00f3n en nuestro <a href=\"https:\/\/relaisgourmet.com\/blog-foies-gras-actualite\/\">blog <\/a>y en nuestra p\u00e1gina de <a href=\"https:\/\/www.instagram.com\/relaisgourmetofficiel\/?next=%2F\">Instagram<\/a>.  <\/span><\/p>\n<p><span style=\"font-weight: 400;\">El <\/span><b>Caja regalo Mendiak<\/b><span style=\"font-weight: 400;\"> es una opci\u00f3n ideal para sorprender a tus seres queridos o darte un capricho con productos de calidad.<\/span><\/p>\n<p>&nbsp;<\/p>\n<p>&nbsp;<\/p>\n<p>&nbsp;<\/p>\n","protected":false},"excerpt":{"rendered":"<p>Descubre el Set de Regalo Mendiak de Relais Gourmet, ideal para tus aperitivos y picnics. \u00a1Perfecto como<strong> regalo<\/strong> o <strong>capricho<\/strong>!<\/p>\n<p><img decoding=\"async\" class=\"emoji\" role=\"img\" src=\"https:\/\/s.w.org\/images\/core\/emoji\/15.0.3\/svg\/1f1eb-1f1f7.svg\" alt=\"\ud83c\uddeb\ud83c\uddf7\">  Producci\u00f3n 100% francesa garantizada<br \/>\n\u2714 Garantizado sin conservantes, aditivos ni colorantes.<br \/>\n\ud83c\udf43 Patos alimentados con ma\u00edz amarillo<br \/>\n\ud83d\ude9a Entrega r\u00e1pida en todo el mundo<br \/>\n\ud83d\udd53 Se conserva 3 a\u00f1os<br \/>\n\ud83d\udd10 Pago seguro<\/p>\n<p>Peso neto: 1,49 kg<\/p>\n","protected":false},"featured_media":58838,"comment_status":"closed","ping_status":"closed","template":"","meta":[],"product_brand":[],"product_cat":[1276,1288,1280],"product_tag":[1872,2467,1850,1851,1998],"giftcard-category":[],"class_list":{"0":"post-41411","1":"product","2":"type-product","3":"status-publish","4":"has-post-thumbnail","6":"product_cat-cesta-de-regalo","7":"product_cat-regalos-de-empresa","8":"product_cat-regalos-gourmet","9":"product_tag-achat-foie-gras-es","10":"product_tag-caja-de-regalo-es","11":"product_tag-offre-es","12":"product_tag-pack-es","13":"product_tag-tipoclasico-es","14":"product_shipping_class-standard-es","16":"first","17":"instock","18":"taxable","19":"shipping-taxable","20":"purchasable","21":"product-type-simple"},"yoast_head":"<!-- This site is optimized with the Yoast SEO Premium plugin v27.0 (Yoast SEO v27.0) - https:\/\/yoast.com\/product\/yoast-seo-premium-wordpress\/ -->\n<title>Caja Mendiak - Regalo con esencia natural<\/title>\n<meta name=\"description\" content=\"El set Mendiak combina foie gras y sabores vascos en una caja elegante. Perfecto para sorprender con un regalo gourmet.\" \/>\n<meta name=\"robots\" content=\"index, follow, max-snippet:-1, max-image-preview:large, max-video-preview:-1\" \/>\n<link rel=\"canonical\" href=\"https:\/\/relaisgourmet.com\/es\/producto\/cesta-gourmet-belcenia\/\" \/>\n<meta property=\"og:locale\" content=\"es_ES\" \/>\n<meta property=\"og:type\" content=\"article\" \/>\n<meta property=\"og:title\" content=\"Mendiak box set\" \/>\n<meta property=\"og:description\" content=\"El set Mendiak combina foie gras y sabores vascos en una caja elegante. Perfecto para sorprender con un regalo gourmet.\" \/>\n<meta property=\"og:url\" content=\"https:\/\/relaisgourmet.com\/es\/producto\/cesta-gourmet-belcenia\/\" \/>\n<meta property=\"og:site_name\" content=\"Relais Gourmet\" \/>\n<meta property=\"article:publisher\" content=\"https:\/\/facebook.com\/yoast\" \/>\n<meta property=\"article:modified_time\" content=\"2025-04-12T21:08:55+00:00\" \/>\n<meta property=\"og:image\" content=\"https:\/\/relaisgourmet.com\/wp-content\/uploads\/2024\/09\/mendiak-2-1.jpg\" \/>\n\t<meta property=\"og:image:width\" content=\"2500\" \/>\n\t<meta property=\"og:image:height\" content=\"1667\" \/>\n\t<meta property=\"og:image:type\" content=\"image\/jpeg\" \/>\n<meta name=\"twitter:card\" content=\"summary_large_image\" \/>\n<meta name=\"twitter:label1\" content=\"Tiempo de lectura\" \/>\n\t<meta name=\"twitter:data1\" content=\"1 minuto\" \/>\n<script type=\"application\/ld+json\" class=\"yoast-schema-graph\">{\"@context\":\"https:\/\/schema.org\",\"@graph\":[{\"@type\":\"WebPage\",\"@id\":\"https:\/\/relaisgourmet.com\/es\/producto\/cesta-gourmet-belcenia\/\",\"url\":\"https:\/\/relaisgourmet.com\/es\/producto\/cesta-gourmet-belcenia\/\",\"name\":\"Caja Mendiak - Regalo con esencia natural\",\"isPartOf\":{\"@id\":\"https:\/\/relaisgourmet.com\/es\/#website\"},\"primaryImageOfPage\":{\"@id\":\"https:\/\/relaisgourmet.com\/es\/producto\/cesta-gourmet-belcenia\/#primaryimage\"},\"image\":{\"@id\":\"https:\/\/relaisgourmet.com\/es\/producto\/cesta-gourmet-belcenia\/#primaryimage\"},\"thumbnailUrl\":\"https:\/\/relaisgourmet.com\/wp-content\/uploads\/2020\/11\/Mendiak.jpg\",\"datePublished\":\"2020-11-18T09:16:51+00:00\",\"dateModified\":\"2025-04-12T21:08:55+00:00\",\"description\":\"El set Mendiak combina foie gras y sabores vascos en una caja elegante. Perfecto para sorprender con un regalo gourmet.\",\"breadcrumb\":{\"@id\":\"https:\/\/relaisgourmet.com\/es\/producto\/cesta-gourmet-belcenia\/#breadcrumb\"},\"inLanguage\":\"es\",\"potentialAction\":[{\"@type\":\"ReadAction\",\"target\":[\"https:\/\/relaisgourmet.com\/es\/producto\/cesta-gourmet-belcenia\/\"]}]},{\"@type\":\"ImageObject\",\"inLanguage\":\"es\",\"@id\":\"https:\/\/relaisgourmet.com\/es\/producto\/cesta-gourmet-belcenia\/#primaryimage\",\"url\":\"https:\/\/relaisgourmet.com\/wp-content\/uploads\/2020\/11\/Mendiak.jpg\",\"contentUrl\":\"https:\/\/relaisgourmet.com\/wp-content\/uploads\/2020\/11\/Mendiak.jpg\",\"width\":1503,\"height\":1503,\"caption\":\"photographe d'entreprise, corporate, packshot, CV pau bearn pays basque\"},{\"@type\":\"BreadcrumbList\",\"@id\":\"https:\/\/relaisgourmet.com\/es\/producto\/cesta-gourmet-belcenia\/#breadcrumb\",\"itemListElement\":[{\"@type\":\"ListItem\",\"position\":1,\"name\":\"Inicio\",\"item\":\"https:\/\/relaisgourmet.com\/es\/\"},{\"@type\":\"ListItem\",\"position\":2,\"name\":\"Aut\u00e9ntico foie gras\",\"item\":\"https:\/\/relaisgourmet.com\/es\/autentico-foie-gras\/\"},{\"@type\":\"ListItem\",\"position\":3,\"name\":\"Mendiak box set\"}]},{\"@type\":\"WebSite\",\"@id\":\"https:\/\/relaisgourmet.com\/es\/#website\",\"url\":\"https:\/\/relaisgourmet.com\/es\/\",\"name\":\"Relais Gourmet\",\"description\":\"Maison Gastronomique au Pays-Basque Depuis 2004\",\"publisher\":{\"@id\":\"https:\/\/relaisgourmet.com\/es\/#organization\"},\"potentialAction\":[{\"@type\":\"SearchAction\",\"target\":{\"@type\":\"EntryPoint\",\"urlTemplate\":\"https:\/\/relaisgourmet.com\/es\/?s={search_term_string}\"},\"query-input\":{\"@type\":\"PropertyValueSpecification\",\"valueRequired\":true,\"valueName\":\"search_term_string\"}}],\"inLanguage\":\"es\"},{\"@type\":\"Organization\",\"@id\":\"https:\/\/relaisgourmet.com\/es\/#organization\",\"name\":\"Relais Gourmet\",\"url\":\"https:\/\/relaisgourmet.com\/es\/\",\"logo\":{\"@type\":\"ImageObject\",\"inLanguage\":\"es\",\"@id\":\"https:\/\/relaisgourmet.com\/es\/#\/schema\/logo\/image\/\",\"url\":\"https:\/\/relaisgourmet.com\/wp-content\/uploads\/2024\/11\/Diseno-sin-titulo-8.jpg\",\"contentUrl\":\"https:\/\/relaisgourmet.com\/wp-content\/uploads\/2024\/11\/Diseno-sin-titulo-8.jpg\",\"width\":500,\"height\":500,\"caption\":\"Relais Gourmet\"},\"image\":{\"@id\":\"https:\/\/relaisgourmet.com\/es\/#\/schema\/logo\/image\/\"},\"sameAs\":[\"https:\/\/facebook.com\/yoast\",\"https:\/\/instagram.com\/yoast\"]}]}<\/script>\n<!-- \/ Yoast SEO Premium plugin. -->","yoast_head_json":{"title":"Caja Mendiak - Regalo con esencia natural","description":"El set Mendiak combina foie gras y sabores vascos en una caja elegante. Perfecto para sorprender con un regalo gourmet.","robots":{"index":"index","follow":"follow","max-snippet":"max-snippet:-1","max-image-preview":"max-image-preview:large","max-video-preview":"max-video-preview:-1"},"canonical":"https:\/\/relaisgourmet.com\/es\/producto\/cesta-gourmet-belcenia\/","og_locale":"es_ES","og_type":"article","og_title":"Mendiak box set","og_description":"El set Mendiak combina foie gras y sabores vascos en una caja elegante. Perfecto para sorprender con un regalo gourmet.","og_url":"https:\/\/relaisgourmet.com\/es\/producto\/cesta-gourmet-belcenia\/","og_site_name":"Relais Gourmet","article_publisher":"https:\/\/facebook.com\/yoast","article_modified_time":"2025-04-12T21:08:55+00:00","og_image":[{"width":2500,"height":1667,"url":"https:\/\/relaisgourmet.com\/wp-content\/uploads\/2024\/09\/mendiak-2-1.jpg","type":"image\/jpeg"}],"twitter_card":"summary_large_image","twitter_misc":{"Tiempo de lectura":"1 minuto"},"schema":{"@context":"https:\/\/schema.org","@graph":[{"@type":"WebPage","@id":"https:\/\/relaisgourmet.com\/es\/producto\/cesta-gourmet-belcenia\/","url":"https:\/\/relaisgourmet.com\/es\/producto\/cesta-gourmet-belcenia\/","name":"Caja Mendiak - Regalo con esencia natural","isPartOf":{"@id":"https:\/\/relaisgourmet.com\/es\/#website"},"primaryImageOfPage":{"@id":"https:\/\/relaisgourmet.com\/es\/producto\/cesta-gourmet-belcenia\/#primaryimage"},"image":{"@id":"https:\/\/relaisgourmet.com\/es\/producto\/cesta-gourmet-belcenia\/#primaryimage"},"thumbnailUrl":"https:\/\/relaisgourmet.com\/wp-content\/uploads\/2020\/11\/Mendiak.jpg","datePublished":"2020-11-18T09:16:51+00:00","dateModified":"2025-04-12T21:08:55+00:00","description":"El set Mendiak combina foie gras y sabores vascos en una caja elegante. Perfecto para sorprender con un regalo gourmet.","breadcrumb":{"@id":"https:\/\/relaisgourmet.com\/es\/producto\/cesta-gourmet-belcenia\/#breadcrumb"},"inLanguage":"es","potentialAction":[{"@type":"ReadAction","target":["https:\/\/relaisgourmet.com\/es\/producto\/cesta-gourmet-belcenia\/"]}]},{"@type":"ImageObject","inLanguage":"es","@id":"https:\/\/relaisgourmet.com\/es\/producto\/cesta-gourmet-belcenia\/#primaryimage","url":"https:\/\/relaisgourmet.com\/wp-content\/uploads\/2020\/11\/Mendiak.jpg","contentUrl":"https:\/\/relaisgourmet.com\/wp-content\/uploads\/2020\/11\/Mendiak.jpg","width":1503,"height":1503,"caption":"photographe d'entreprise, corporate, packshot, CV pau bearn pays basque"},{"@type":"BreadcrumbList","@id":"https:\/\/relaisgourmet.com\/es\/producto\/cesta-gourmet-belcenia\/#breadcrumb","itemListElement":[{"@type":"ListItem","position":1,"name":"Inicio","item":"https:\/\/relaisgourmet.com\/es\/"},{"@type":"ListItem","position":2,"name":"Aut\u00e9ntico foie gras","item":"https:\/\/relaisgourmet.com\/es\/autentico-foie-gras\/"},{"@type":"ListItem","position":3,"name":"Mendiak box set"}]},{"@type":"WebSite","@id":"https:\/\/relaisgourmet.com\/es\/#website","url":"https:\/\/relaisgourmet.com\/es\/","name":"Relais Gourmet","description":"Maison Gastronomique au Pays-Basque Depuis 2004","publisher":{"@id":"https:\/\/relaisgourmet.com\/es\/#organization"},"potentialAction":[{"@type":"SearchAction","target":{"@type":"EntryPoint","urlTemplate":"https:\/\/relaisgourmet.com\/es\/?s={search_term_string}"},"query-input":{"@type":"PropertyValueSpecification","valueRequired":true,"valueName":"search_term_string"}}],"inLanguage":"es"},{"@type":"Organization","@id":"https:\/\/relaisgourmet.com\/es\/#organization","name":"Relais Gourmet","url":"https:\/\/relaisgourmet.com\/es\/","logo":{"@type":"ImageObject","inLanguage":"es","@id":"https:\/\/relaisgourmet.com\/es\/#\/schema\/logo\/image\/","url":"https:\/\/relaisgourmet.com\/wp-content\/uploads\/2024\/11\/Diseno-sin-titulo-8.jpg","contentUrl":"https:\/\/relaisgourmet.com\/wp-content\/uploads\/2024\/11\/Diseno-sin-titulo-8.jpg","width":500,"height":500,"caption":"Relais Gourmet"},"image":{"@id":"https:\/\/relaisgourmet.com\/es\/#\/schema\/logo\/image\/"},"sameAs":["https:\/\/facebook.com\/yoast","https:\/\/instagram.com\/yoast"]}]}},"_links":{"self":[{"href":"https:\/\/relaisgourmet.com\/es\/wp-json\/wp\/v2\/product\/41411","targetHints":{"allow":["GET"]}}],"collection":[{"href":"https:\/\/relaisgourmet.com\/es\/wp-json\/wp\/v2\/product"}],"about":[{"href":"https:\/\/relaisgourmet.com\/es\/wp-json\/wp\/v2\/types\/product"}],"replies":[{"embeddable":true,"href":"https:\/\/relaisgourmet.com\/es\/wp-json\/wp\/v2\/comments?post=41411"}],"version-history":[{"count":1,"href":"https:\/\/relaisgourmet.com\/es\/wp-json\/wp\/v2\/product\/41411\/revisions"}],"predecessor-version":[{"id":55167,"href":"https:\/\/relaisgourmet.com\/es\/wp-json\/wp\/v2\/product\/41411\/revisions\/55167"}],"wp:featuredmedia":[{"embeddable":true,"href":"https:\/\/relaisgourmet.com\/es\/wp-json\/wp\/v2\/media\/58838"}],"wp:attachment":[{"href":"https:\/\/relaisgourmet.com\/es\/wp-json\/wp\/v2\/media?parent=41411"}],"wp:term":[{"taxonomy":"product_brand","embeddable":true,"href":"https:\/\/relaisgourmet.com\/es\/wp-json\/wp\/v2\/product_brand?post=41411"},{"taxonomy":"product_cat","embeddable":true,"href":"https:\/\/relaisgourmet.com\/es\/wp-json\/wp\/v2\/product_cat?post=41411"},{"taxonomy":"product_tag","embeddable":true,"href":"https:\/\/relaisgourmet.com\/es\/wp-json\/wp\/v2\/product_tag?post=41411"},{"taxonomy":"giftcard-category","embeddable":true,"href":"https:\/\/relaisgourmet.com\/es\/wp-json\/wp\/v2\/giftcard-category?post=41411"}],"curies":[{"name":"wp","href":"https:\/\/api.w.org\/{rel}","templated":true}]}}