{"id":41407,"date":"2020-11-19T14:21:34","date_gmt":"2020-11-19T13:21:34","guid":{"rendered":"https:\/\/relaisgourmet.com\/produit\/cesta-gourmet-corniche\/"},"modified":"2025-04-12T23:08:55","modified_gmt":"2025-04-12T21:08:55","slug":"cesta-gourmet-corniche","status":"publish","type":"product","link":"https:\/\/relaisgourmet.com\/es\/producto\/cesta-gourmet-corniche\/","title":{"rendered":"Set de regalo gourmet Corniche"},"content":{"rendered":"<h1><strong>Descubre la Caja Gourmet Corniche: un tesoro gastron\u00f3mico para tus momentos festivos<\/strong><\/h1>\n<div class=\"group\/conversation-turn relative flex w-full min-w-0 flex-col agent-turn\">\n<div class=\"flex-col gap-1 md:gap-3\">\n<div class=\"flex max-w-full flex-col flex-grow\">\n<div class=\"min-h-8 text-message flex w-full flex-col items-end gap-2 whitespace-normal break-words [.text-message+&amp;]:mt-5\" dir=\"auto\" data-message-author-role=\"assistant\" data-message-id=\"abc07d9c-ac27-4da4-a0d7-19b9aa78dac3\" data-message-model-slug=\"gpt-4o\">\n<div class=\"flex w-full flex-col gap-1 empty:hidden first:pt-[3px]\">\n<div class=\"markdown prose w-full break-words dark:prose-invert light\">\n<p>La Caja Gourmet Corniche es mucho m\u00e1s que una selecci\u00f3n de productos gourmet. Encarna el compromiso de Relais Gourmet de ofrecer productos aut\u00e9nticos que respeten la tradici\u00f3n culinaria vasca. Perfecto para realzar tus momentos gourmet durante todo el a\u00f1o, es ideal como regalo o para disfrutar t\u00fa mismo. Te invita a descubrir lo mejor de la regi\u00f3n.<\/p>\n<\/div>\n<\/div>\n<\/div>\n<\/div>\n<\/div>\n<\/div>\n<p>Se garantiza que la Caja Gourmet Corniche <strong> no contiene conservantes, colorantes ni aditivos.<\/strong><\/p>\n<h4><strong>Composici\u00f3n del Estuche Gourmet Corniche<\/strong><\/h4>\n<ul>\n<li style=\"font-weight: 400;\" aria-level=\"1\"><span style=\"font-weight: 400;\"><strong>Foie<\/strong> Gras <strong>Natural Entero (200 g)<\/strong>: imprescindible para las fiestas, este Foie Gras revela toda la finura de una preparaci\u00f3n tradicional.<\/span><\/li>\n<li style=\"font-weight: 400;\" aria-level=\"1\"><span style=\"font-weight: 400;\"><strong>Foie gras entero con<\/strong> pimienta de Espelette <strong>(180 g)<\/strong>: una armoniosa combinaci\u00f3n de foie gras y pimienta de Espelette, que a\u00f1ade una nota de car\u00e1cter a tus platos.<\/span><\/li>\n<li aria-level=\"1\"><span style=\"font-weight: 400;\"><strong>Aperitivo Gourmet con Juran\u00e7on (180 g)<\/strong>: una sutil mezcla de aromas afrutados y el dulzor del Juran\u00e7on, un vino blanco dulce emblem\u00e1tico del suroeste de Francia<\/span><\/li>\n<li aria-level=\"1\"><span style=\"font-weight: 400;\"><strong>Ap\u00e9ritif Gourmet au Piment d&#8217;Espelette (180 g)<\/strong>: un toque sutilmente picante que despierta las papilas gustativas y rinde homenaje al pimiento de Espelette, emblema del Pa\u00eds Vasco.  <\/span><\/li>\n<li aria-level=\"1\"><span style=\"font-weight: 400;\"><strong>Quintaesencia de Foie<\/strong> Gras <strong>y Pechuga de Pato Ahumado (180 g)<\/strong>: una mezcla refinada que combina la dulzura del Foie Gras con la textura ahumada de la pechuga de pato.<\/span><\/li>\n<li aria-level=\"1\"><span style=\"font-weight: 400;\"><strong>Botella de vino blanco Monbazillac (750 ml)<\/strong>: este vino dulce y generoso es el acompa\u00f1amiento ideal para realzar los sabores de tu caja gourmet.<\/span><\/li>\n<\/ul>\n<h4><strong>Consejos de conservaci\u00f3n y degustaci\u00f3n del Set de Regalo Gourmet Corniche<\/strong><\/h4>\n<p><span style=\"font-weight: 400;\">La <strong>Caja Gourmet Corniche<\/strong> puede conservarse f\u00e1cilmente durante 3 a\u00f1os a temperatura ambiente.<\/span><\/p>\n<div class=\"flex max-w-full flex-col flex-grow\">\n<div class=\"min-h-8 text-message relative flex w-full flex-col items-end gap-2 whitespace-normal break-words text-start [.text-message+&amp;]:mt-5\" dir=\"auto\" data-message-author-role=\"assistant\" data-message-id=\"539b6179-7f7f-4627-a33a-478db8b298d3\" data-message-model-slug=\"gpt-4o-mini\">\n<div class=\"flex w-full flex-col gap-1 empty:hidden first:pt-[3px]\">\n<div class=\"markdown prose w-full break-words dark:prose-invert light\">\n<p data-start=\"0\" data-end=\"143\" data-is-last-node=\"\" data-is-only-node=\"\">Una vez abiertos, los productos deben consumirse en un plazo de 15 d\u00edas. Mantenlos refrigerados para conservar su frescura y sabor.<\/p>\n<\/div>\n<\/div>\n<\/div>\n<\/div>\n<div class=\"mb-2 flex gap-3 -ml-2\" tabindex=\"0\">\n<div class=\"flex items-center justify-start rounded-xl p-1\">\n<div><\/div>\n<h4 class=\"flex items-center\"><strong>Consejos para disfrutar plenamente de tu Coffret Larroun<\/strong><\/h4>\n<\/div>\n<\/div>\n<p><span style=\"font-weight: 400;\">Encuentra estas ideas en nuestro <a href=\"https:\/\/relaisgourmet.com\/blog-foies-gras-actualite\/\">blog <\/a>y en nuestra p\u00e1gina de <a href=\"https:\/\/www.instagram.com\/relaisgourmetofficiel\/?next=%2F\">Instagram<\/a>. Haz de tus aperitivos un verdadero momento de placer y de compartir con recetas sencillas y elegantes.  <\/span><\/p>\n<div class=\"flex max-w-full flex-col flex-grow\">\n<div class=\"min-h-8 text-message relative flex w-full flex-col items-end gap-2 whitespace-normal break-words text-start [.text-message+&amp;]:mt-5\" dir=\"auto\" data-message-author-role=\"assistant\" data-message-id=\"b1ff64d6-483e-4b1c-a953-c3e404e50a2e\" data-message-model-slug=\"gpt-4o-mini\">\n<div class=\"flex w-full flex-col gap-1 empty:hidden first:pt-[3px]\">\n<div class=\"markdown prose w-full break-words dark:prose-invert light\">\n<p data-start=\"0\" data-end=\"197\" data-is-last-node=\"\" data-is-only-node=\"\">Esta caja es un regalo ideal para cualquier ocasi\u00f3n: una cena con amigos, un picnic en el campo o una celebraci\u00f3n familiar. Ofrece un sabor de autenticidad con <a href=\"https:\/\/relaisgourmet.com\/\">Relais Gourmet<\/a>.<\/p>\n<\/div>\n<\/div>\n<\/div>\n<\/div>\n","protected":false},"excerpt":{"rendered":"<div class=\"flex-shrink-0 flex flex-col relative items-end\">\n<div>\n<div class=\"pt-0\">\n<div class=\"gizmo-bot-avatar flex h-8 w-8 items-center justify-center overflow-hidden rounded-full\">\n<div class=\"relative p-1 rounded-sm flex items-center justify-center bg-token-main-surface-primary text-token-text-primary h-8 w-8\">Descubre el Set de Regalo Gourmet Corniche, una invitaci\u00f3n a degustar algo para cada ocasi\u00f3n. Perfecto para realzar tus aperitivos, acompa\u00f1ar tus comidas improvisadas u ofrecer un momento de placer gourmet a tus seres queridos. Para disfrutar sin moderaci\u00f3n, \u00a1cuando quieras!<\/div>\n<\/div>\n<\/div>\n<\/div>\n<\/div>\n<p>&nbsp;<\/p>\n<p><img decoding=\"async\" class=\"emoji\" role=\"img\" src=\"https:\/\/s.w.org\/images\/core\/emoji\/15.0.3\/svg\/1f1eb-1f1f7.svg\" alt=\"\ud83c\uddeb\ud83c\uddf7\">  Producci\u00f3n 100% francesa garantizada<br \/>\n\u2714 Garantizado sin conservantes, aditivos ni colorantes.<br \/>\n\ud83c\udf43 Patos alimentados con ma\u00edz amarillo<br \/>\n\ud83d\ude9a Entrega r\u00e1pida en todo el mundo<br \/>\n\ud83d\udd53 Se conserva 3 a\u00f1os<br \/>\n\ud83d\udd10 Pago seguro<\/p>\n<p>Peso neto: (1,67 kg)<\/p>\n","protected":false},"featured_media":58828,"comment_status":"closed","ping_status":"closed","template":"","meta":[],"product_brand":[],"product_cat":[1276,1281],"product_tag":[2469,2468,2467,2470,2471,2472,2473,2474,2476,2481,2475,2479,2480,2478,2482,2483,2477,2485,2484],"giftcard-category":[],"class_list":{"0":"post-41407","1":"product","2":"type-product","3":"status-publish","4":"has-post-thumbnail","6":"product_cat-cesta-de-regalo","7":"product_cat-regalos-de-prestigio","8":"product_tag-caja-de-foie-gras","9":"product_tag-caja-de-hojalata","10":"product_tag-caja-de-regalo-es","11":"product_tag-caja-gourmet","12":"product_tag-caja-gourmet-es","13":"product_tag-caja-gourmet-es-2","14":"product_tag-caja-terroir","15":"product_tag-paquete-a-enviar","16":"product_tag-paquete-de-foie-gras","17":"product_tag-paquete-de-navidad","18":"product_tag-paquete-festivo","19":"product_tag-paquete-gourmet-es","20":"product_tag-paquete-gourmet-es-2","21":"product_tag-paquete-gourmet","22":"product_tag-paquetes-regalo","23":"product_tag-paquetes-regalo-es","24":"product_tag-parcela-foiegras","25":"product_tag-productos-suroeste","26":"product_tag-productos-vascos","27":"product_shipping_class-standard-es","29":"first","30":"instock","31":"taxable","32":"shipping-taxable","33":"purchasable","34":"product-type-simple"},"yoast_head":"<!-- This site is optimized with the Yoast SEO Premium plugin v27.0 (Yoast SEO v27.0) - https:\/\/yoast.com\/product\/yoast-seo-premium-wordpress\/ -->\n<title>Estuche Corniche Gourmet - Sabor del mar<\/title>\n<meta name=\"description\" content=\"Set de regalo Corniche Gourmet: una experiencia sensorial completa con productos artesanales y foie gras.\" \/>\n<meta name=\"robots\" content=\"index, follow, max-snippet:-1, max-image-preview:large, max-video-preview:-1\" \/>\n<link rel=\"canonical\" href=\"https:\/\/relaisgourmet.com\/es\/producto\/cesta-gourmet-corniche\/\" \/>\n<meta property=\"og:locale\" content=\"es_ES\" \/>\n<meta property=\"og:type\" content=\"article\" \/>\n<meta property=\"og:title\" content=\"Set de regalo gourmet Corniche\" \/>\n<meta property=\"og:description\" content=\"Set de regalo Corniche Gourmet: una experiencia sensorial completa con productos artesanales y foie gras.\" \/>\n<meta property=\"og:url\" content=\"https:\/\/relaisgourmet.com\/es\/producto\/cesta-gourmet-corniche\/\" \/>\n<meta property=\"og:site_name\" content=\"Relais Gourmet\" \/>\n<meta property=\"article:publisher\" content=\"https:\/\/facebook.com\/yoast\" \/>\n<meta property=\"article:modified_time\" content=\"2025-04-12T21:08:55+00:00\" \/>\n<meta property=\"og:image\" content=\"https:\/\/relaisgourmet.com\/wp-content\/uploads\/2024\/09\/corniche-1.jpg\" \/>\n\t<meta property=\"og:image:width\" content=\"2500\" \/>\n\t<meta property=\"og:image:height\" content=\"1667\" \/>\n\t<meta property=\"og:image:type\" content=\"image\/jpeg\" \/>\n<meta name=\"twitter:card\" content=\"summary_large_image\" \/>\n<meta name=\"twitter:label1\" content=\"Tiempo de lectura\" \/>\n\t<meta name=\"twitter:data1\" content=\"1 minuto\" \/>\n<script type=\"application\/ld+json\" class=\"yoast-schema-graph\">{\"@context\":\"https:\/\/schema.org\",\"@graph\":[{\"@type\":\"WebPage\",\"@id\":\"https:\/\/relaisgourmet.com\/es\/producto\/cesta-gourmet-corniche\/\",\"url\":\"https:\/\/relaisgourmet.com\/es\/producto\/cesta-gourmet-corniche\/\",\"name\":\"Estuche Corniche Gourmet - Sabor del mar\",\"isPartOf\":{\"@id\":\"https:\/\/relaisgourmet.com\/es\/#website\"},\"primaryImageOfPage\":{\"@id\":\"https:\/\/relaisgourmet.com\/es\/producto\/cesta-gourmet-corniche\/#primaryimage\"},\"image\":{\"@id\":\"https:\/\/relaisgourmet.com\/es\/producto\/cesta-gourmet-corniche\/#primaryimage\"},\"thumbnailUrl\":\"https:\/\/relaisgourmet.com\/wp-content\/uploads\/2020\/11\/corniche.jpg\",\"datePublished\":\"2020-11-19T13:21:34+00:00\",\"dateModified\":\"2025-04-12T21:08:55+00:00\",\"description\":\"Set de regalo Corniche Gourmet: una experiencia sensorial completa con productos artesanales y foie gras.\",\"breadcrumb\":{\"@id\":\"https:\/\/relaisgourmet.com\/es\/producto\/cesta-gourmet-corniche\/#breadcrumb\"},\"inLanguage\":\"es\",\"potentialAction\":[{\"@type\":\"ReadAction\",\"target\":[\"https:\/\/relaisgourmet.com\/es\/producto\/cesta-gourmet-corniche\/\"]}]},{\"@type\":\"ImageObject\",\"inLanguage\":\"es\",\"@id\":\"https:\/\/relaisgourmet.com\/es\/producto\/cesta-gourmet-corniche\/#primaryimage\",\"url\":\"https:\/\/relaisgourmet.com\/wp-content\/uploads\/2020\/11\/corniche.jpg\",\"contentUrl\":\"https:\/\/relaisgourmet.com\/wp-content\/uploads\/2020\/11\/corniche.jpg\",\"width\":1503,\"height\":1503,\"caption\":\"photographe d'entreprise, corporate, packshot, CV pau bearn pays basque\"},{\"@type\":\"BreadcrumbList\",\"@id\":\"https:\/\/relaisgourmet.com\/es\/producto\/cesta-gourmet-corniche\/#breadcrumb\",\"itemListElement\":[{\"@type\":\"ListItem\",\"position\":1,\"name\":\"Inicio\",\"item\":\"https:\/\/relaisgourmet.com\/es\/\"},{\"@type\":\"ListItem\",\"position\":2,\"name\":\"Aut\u00e9ntico foie gras\",\"item\":\"https:\/\/relaisgourmet.com\/es\/autentico-foie-gras\/\"},{\"@type\":\"ListItem\",\"position\":3,\"name\":\"Set de regalo gourmet Corniche\"}]},{\"@type\":\"WebSite\",\"@id\":\"https:\/\/relaisgourmet.com\/es\/#website\",\"url\":\"https:\/\/relaisgourmet.com\/es\/\",\"name\":\"Relais Gourmet\",\"description\":\"Maison Gastronomique au Pays-Basque Depuis 2004\",\"publisher\":{\"@id\":\"https:\/\/relaisgourmet.com\/es\/#organization\"},\"potentialAction\":[{\"@type\":\"SearchAction\",\"target\":{\"@type\":\"EntryPoint\",\"urlTemplate\":\"https:\/\/relaisgourmet.com\/es\/?s={search_term_string}\"},\"query-input\":{\"@type\":\"PropertyValueSpecification\",\"valueRequired\":true,\"valueName\":\"search_term_string\"}}],\"inLanguage\":\"es\"},{\"@type\":\"Organization\",\"@id\":\"https:\/\/relaisgourmet.com\/es\/#organization\",\"name\":\"Relais Gourmet\",\"url\":\"https:\/\/relaisgourmet.com\/es\/\",\"logo\":{\"@type\":\"ImageObject\",\"inLanguage\":\"es\",\"@id\":\"https:\/\/relaisgourmet.com\/es\/#\/schema\/logo\/image\/\",\"url\":\"https:\/\/relaisgourmet.com\/wp-content\/uploads\/2024\/11\/Diseno-sin-titulo-8.jpg\",\"contentUrl\":\"https:\/\/relaisgourmet.com\/wp-content\/uploads\/2024\/11\/Diseno-sin-titulo-8.jpg\",\"width\":500,\"height\":500,\"caption\":\"Relais Gourmet\"},\"image\":{\"@id\":\"https:\/\/relaisgourmet.com\/es\/#\/schema\/logo\/image\/\"},\"sameAs\":[\"https:\/\/facebook.com\/yoast\",\"https:\/\/instagram.com\/yoast\"]}]}<\/script>\n<!-- \/ Yoast SEO Premium plugin. -->","yoast_head_json":{"title":"Estuche Corniche Gourmet - Sabor del mar","description":"Set de regalo Corniche Gourmet: una experiencia sensorial completa con productos artesanales y foie gras.","robots":{"index":"index","follow":"follow","max-snippet":"max-snippet:-1","max-image-preview":"max-image-preview:large","max-video-preview":"max-video-preview:-1"},"canonical":"https:\/\/relaisgourmet.com\/es\/producto\/cesta-gourmet-corniche\/","og_locale":"es_ES","og_type":"article","og_title":"Set de regalo gourmet Corniche","og_description":"Set de regalo Corniche Gourmet: una experiencia sensorial completa con productos artesanales y foie gras.","og_url":"https:\/\/relaisgourmet.com\/es\/producto\/cesta-gourmet-corniche\/","og_site_name":"Relais Gourmet","article_publisher":"https:\/\/facebook.com\/yoast","article_modified_time":"2025-04-12T21:08:55+00:00","og_image":[{"width":2500,"height":1667,"url":"https:\/\/relaisgourmet.com\/wp-content\/uploads\/2024\/09\/corniche-1.jpg","type":"image\/jpeg"}],"twitter_card":"summary_large_image","twitter_misc":{"Tiempo de lectura":"1 minuto"},"schema":{"@context":"https:\/\/schema.org","@graph":[{"@type":"WebPage","@id":"https:\/\/relaisgourmet.com\/es\/producto\/cesta-gourmet-corniche\/","url":"https:\/\/relaisgourmet.com\/es\/producto\/cesta-gourmet-corniche\/","name":"Estuche Corniche Gourmet - Sabor del mar","isPartOf":{"@id":"https:\/\/relaisgourmet.com\/es\/#website"},"primaryImageOfPage":{"@id":"https:\/\/relaisgourmet.com\/es\/producto\/cesta-gourmet-corniche\/#primaryimage"},"image":{"@id":"https:\/\/relaisgourmet.com\/es\/producto\/cesta-gourmet-corniche\/#primaryimage"},"thumbnailUrl":"https:\/\/relaisgourmet.com\/wp-content\/uploads\/2020\/11\/corniche.jpg","datePublished":"2020-11-19T13:21:34+00:00","dateModified":"2025-04-12T21:08:55+00:00","description":"Set de regalo Corniche Gourmet: una experiencia sensorial completa con productos artesanales y foie gras.","breadcrumb":{"@id":"https:\/\/relaisgourmet.com\/es\/producto\/cesta-gourmet-corniche\/#breadcrumb"},"inLanguage":"es","potentialAction":[{"@type":"ReadAction","target":["https:\/\/relaisgourmet.com\/es\/producto\/cesta-gourmet-corniche\/"]}]},{"@type":"ImageObject","inLanguage":"es","@id":"https:\/\/relaisgourmet.com\/es\/producto\/cesta-gourmet-corniche\/#primaryimage","url":"https:\/\/relaisgourmet.com\/wp-content\/uploads\/2020\/11\/corniche.jpg","contentUrl":"https:\/\/relaisgourmet.com\/wp-content\/uploads\/2020\/11\/corniche.jpg","width":1503,"height":1503,"caption":"photographe d'entreprise, corporate, packshot, CV pau bearn pays basque"},{"@type":"BreadcrumbList","@id":"https:\/\/relaisgourmet.com\/es\/producto\/cesta-gourmet-corniche\/#breadcrumb","itemListElement":[{"@type":"ListItem","position":1,"name":"Inicio","item":"https:\/\/relaisgourmet.com\/es\/"},{"@type":"ListItem","position":2,"name":"Aut\u00e9ntico foie gras","item":"https:\/\/relaisgourmet.com\/es\/autentico-foie-gras\/"},{"@type":"ListItem","position":3,"name":"Set de regalo gourmet Corniche"}]},{"@type":"WebSite","@id":"https:\/\/relaisgourmet.com\/es\/#website","url":"https:\/\/relaisgourmet.com\/es\/","name":"Relais Gourmet","description":"Maison Gastronomique au Pays-Basque Depuis 2004","publisher":{"@id":"https:\/\/relaisgourmet.com\/es\/#organization"},"potentialAction":[{"@type":"SearchAction","target":{"@type":"EntryPoint","urlTemplate":"https:\/\/relaisgourmet.com\/es\/?s={search_term_string}"},"query-input":{"@type":"PropertyValueSpecification","valueRequired":true,"valueName":"search_term_string"}}],"inLanguage":"es"},{"@type":"Organization","@id":"https:\/\/relaisgourmet.com\/es\/#organization","name":"Relais Gourmet","url":"https:\/\/relaisgourmet.com\/es\/","logo":{"@type":"ImageObject","inLanguage":"es","@id":"https:\/\/relaisgourmet.com\/es\/#\/schema\/logo\/image\/","url":"https:\/\/relaisgourmet.com\/wp-content\/uploads\/2024\/11\/Diseno-sin-titulo-8.jpg","contentUrl":"https:\/\/relaisgourmet.com\/wp-content\/uploads\/2024\/11\/Diseno-sin-titulo-8.jpg","width":500,"height":500,"caption":"Relais Gourmet"},"image":{"@id":"https:\/\/relaisgourmet.com\/es\/#\/schema\/logo\/image\/"},"sameAs":["https:\/\/facebook.com\/yoast","https:\/\/instagram.com\/yoast"]}]}},"_links":{"self":[{"href":"https:\/\/relaisgourmet.com\/es\/wp-json\/wp\/v2\/product\/41407","targetHints":{"allow":["GET"]}}],"collection":[{"href":"https:\/\/relaisgourmet.com\/es\/wp-json\/wp\/v2\/product"}],"about":[{"href":"https:\/\/relaisgourmet.com\/es\/wp-json\/wp\/v2\/types\/product"}],"replies":[{"embeddable":true,"href":"https:\/\/relaisgourmet.com\/es\/wp-json\/wp\/v2\/comments?post=41407"}],"version-history":[{"count":3,"href":"https:\/\/relaisgourmet.com\/es\/wp-json\/wp\/v2\/product\/41407\/revisions"}],"predecessor-version":[{"id":55171,"href":"https:\/\/relaisgourmet.com\/es\/wp-json\/wp\/v2\/product\/41407\/revisions\/55171"}],"wp:featuredmedia":[{"embeddable":true,"href":"https:\/\/relaisgourmet.com\/es\/wp-json\/wp\/v2\/media\/58828"}],"wp:attachment":[{"href":"https:\/\/relaisgourmet.com\/es\/wp-json\/wp\/v2\/media?parent=41407"}],"wp:term":[{"taxonomy":"product_brand","embeddable":true,"href":"https:\/\/relaisgourmet.com\/es\/wp-json\/wp\/v2\/product_brand?post=41407"},{"taxonomy":"product_cat","embeddable":true,"href":"https:\/\/relaisgourmet.com\/es\/wp-json\/wp\/v2\/product_cat?post=41407"},{"taxonomy":"product_tag","embeddable":true,"href":"https:\/\/relaisgourmet.com\/es\/wp-json\/wp\/v2\/product_tag?post=41407"},{"taxonomy":"giftcard-category","embeddable":true,"href":"https:\/\/relaisgourmet.com\/es\/wp-json\/wp\/v2\/giftcard-category?post=41407"}],"curies":[{"name":"wp","href":"https:\/\/api.w.org\/{rel}","templated":true}]}}